{"id":14960,"date":"2024-02-28T13:21:45","date_gmt":"2024-02-28T12:21:45","guid":{"rendered":"https:\/\/turschwellenrampe.de\/?post_type=product&#038;p=14960"},"modified":"2025-03-07T18:27:35","modified_gmt":"2025-03-07T17:27:35","slug":"endkappen-fuer-bodenschwellen-mit-reflektoren-5-cm-hoch-verkehrsschwelle-fahrbahnschwellen","status":"publish","type":"product","link":"https:\/\/turschwellenrampe.de\/de\/bodenschwellen\/bodenschwellen-mit-reflektoren-5-cm\/endkappen-fuer-bodenschwellen-mit-reflektoren-5-cm-hoch-verkehrsschwelle-fahrbahnschwellen\/","title":{"rendered":"Endkappen f\u00fcr Bodenschwellen mit Reflektoren &#8211; 5 cm hoch &#8211; Verkehrsschwelle &#8211; Fahrbahnschwellen"},"content":{"rendered":"<p>Dies sind die Endkappen f\u00fcr das Mittelteil der Verkehrsschwelle mit Reflektoren &#8211; 5 cm hoch.<\/p>\n<p><strong>Die Endkappen werden mit Befestigungsmaterial geliefert.<\/strong><\/p>\n<p><strong>Spezifikationen:<\/strong><\/p>\n<ul>\n<li>L\u00e4nge: 20 cm<\/li>\n<li>Breite: 50 cm<\/li>\n<li>H\u00f6he: 5 cm<\/li>\n<li>Gewicht: 4 kg<\/li>\n<li>Material: Gummi<\/li>\n<li>Tragf\u00e4higkeit: 15 Tonnen<\/li>\n<li>Empfohlene Geschwindigkeit: 10 km\/h<\/li>\n<\/ul>\n","protected":false},"excerpt":{"rendered":"<p>Dies sind die Endkappen f\u00fcr das Mittelteil der Verkehrsschwelle mit Reflektoren &#8211; 5 cm hoch.<\/p>\n<p><strong>Spezifikationen:<\/strong><\/p>\n<ul>\n<li>L\u00e4nge: 20 cm<\/li>\n<li>Breite: 50 cm<\/li>\n<li>H\u00f6he: 5 cm<\/li>\n<li>Gewicht: 4 kg<\/li>\n<li>Material: Gummi<\/li>\n<li>Tragf\u00e4higkeit: 15 Tonnen<\/li>\n<li>Empfohlene Geschwindigkeit: 10 km\/h<\/li>\n<\/ul>\n","protected":false},"featured_media":14922,"comment_status":"closed","ping_status":"closed","template":"","meta":[],"product_brand":[],"product_cat":[967],"product_tag":[],"class_list":{"0":"post-14960","1":"product","2":"type-product","3":"status-publish","4":"has-post-thumbnail","6":"product_cat-bodenschwellen-mit-reflektoren-5-cm","8":"first","9":"instock","10":"taxable","11":"shipping-taxable","12":"purchasable","13":"product-type-simple"},"yoast_head":"<!-- This site is optimized with the Yoast SEO plugin v27.3 - https:\/\/yoast.com\/product\/yoast-seo-wordpress\/ -->\n<title>Endkappen f\u00fcr Bodenschwellen mit Reflektoren - 5 cm hoch - Verkehrsschwelle - Fahrbahnschwellen - Turschwellenrampe.de<\/title>\n<meta name=\"robots\" content=\"index, follow, max-snippet:-1, max-image-preview:large, max-video-preview:-1\" \/>\n<link rel=\"canonical\" href=\"https:\/\/turschwellenrampe.de\/de\/bodenschwellen\/bodenschwellen-mit-reflektoren-5-cm\/endkappen-fuer-bodenschwellen-mit-reflektoren-5-cm-hoch-verkehrsschwelle-fahrbahnschwellen\/\" \/>\n<meta property=\"og:locale\" content=\"de_DE\" \/>\n<meta property=\"og:type\" content=\"article\" \/>\n<meta property=\"og:title\" content=\"Endkappen f\u00fcr Bodenschwellen mit Reflektoren - 5 cm hoch - Verkehrsschwelle - Fahrbahnschwellen - Turschwellenrampe.de\" \/>\n<meta property=\"og:description\" content=\"Dies sind die Endkappen f\u00fcr das Mittelteil der Verkehrsschwelle mit Reflektoren - 5 cm hoch.  Spezifikationen:   L\u00e4nge: 20 cm  Breite: 50 cm  H\u00f6he: 5 cm  Gewicht: 4 kg  Material: Gummi  Tragf\u00e4higkeit: 15 Tonnen  Empfohlene Geschwindigkeit: 10 km\/h\" \/>\n<meta property=\"og:url\" content=\"https:\/\/turschwellenrampe.de\/de\/bodenschwellen\/bodenschwellen-mit-reflektoren-5-cm\/endkappen-fuer-bodenschwellen-mit-reflektoren-5-cm-hoch-verkehrsschwelle-fahrbahnschwellen\/\" \/>\n<meta property=\"og:site_name\" content=\"Turschwellenrampe.de\" \/>\n<meta property=\"article:publisher\" content=\"https:\/\/www.facebook.com\/Drempelhulp\/\" \/>\n<meta property=\"article:modified_time\" content=\"2025-03-07T17:27:35+00:00\" \/>\n<meta property=\"og:image\" content=\"https:\/\/turschwellenrampe.de\/wp-content\/uploads\/2024\/02\/eindkap-scaled-1.jpg\" \/>\n\t<meta property=\"og:image:width\" content=\"2560\" \/>\n\t<meta property=\"og:image:height\" content=\"2560\" \/>\n\t<meta property=\"og:image:type\" content=\"image\/jpeg\" \/>\n<meta name=\"twitter:card\" content=\"summary_large_image\" \/>\n<meta name=\"twitter:label1\" content=\"Gesch\u00e4tzte Lesezeit\" \/>\n\t<meta name=\"twitter:data1\" content=\"1\u00a0Minute\" \/>\n<script type=\"application\/ld+json\" class=\"yoast-schema-graph\">{\"@context\":\"https:\\\/\\\/schema.org\",\"@graph\":[{\"@type\":\"WebPage\",\"@id\":\"https:\\\/\\\/turschwellenrampe.de\\\/de\\\/bodenschwellen\\\/bodenschwellen-mit-reflektoren-5-cm\\\/endkappen-fuer-bodenschwellen-mit-reflektoren-5-cm-hoch-verkehrsschwelle-fahrbahnschwellen\\\/\",\"url\":\"https:\\\/\\\/turschwellenrampe.de\\\/de\\\/bodenschwellen\\\/bodenschwellen-mit-reflektoren-5-cm\\\/endkappen-fuer-bodenschwellen-mit-reflektoren-5-cm-hoch-verkehrsschwelle-fahrbahnschwellen\\\/\",\"name\":\"Endkappen f\u00fcr Bodenschwellen mit Reflektoren - 5 cm hoch - Verkehrsschwelle - Fahrbahnschwellen - Turschwellenrampe.de\",\"isPartOf\":{\"@id\":\"https:\\\/\\\/turschwellenrampe.de\\\/de\\\/#website\"},\"primaryImageOfPage\":{\"@id\":\"https:\\\/\\\/turschwellenrampe.de\\\/de\\\/bodenschwellen\\\/bodenschwellen-mit-reflektoren-5-cm\\\/endkappen-fuer-bodenschwellen-mit-reflektoren-5-cm-hoch-verkehrsschwelle-fahrbahnschwellen\\\/#primaryimage\"},\"image\":{\"@id\":\"https:\\\/\\\/turschwellenrampe.de\\\/de\\\/bodenschwellen\\\/bodenschwellen-mit-reflektoren-5-cm\\\/endkappen-fuer-bodenschwellen-mit-reflektoren-5-cm-hoch-verkehrsschwelle-fahrbahnschwellen\\\/#primaryimage\"},\"thumbnailUrl\":\"https:\\\/\\\/turschwellenrampe.de\\\/wp-content\\\/uploads\\\/2024\\\/02\\\/eindkap-scaled-1.jpg\",\"datePublished\":\"2024-02-28T12:21:45+00:00\",\"dateModified\":\"2025-03-07T17:27:35+00:00\",\"breadcrumb\":{\"@id\":\"https:\\\/\\\/turschwellenrampe.de\\\/de\\\/bodenschwellen\\\/bodenschwellen-mit-reflektoren-5-cm\\\/endkappen-fuer-bodenschwellen-mit-reflektoren-5-cm-hoch-verkehrsschwelle-fahrbahnschwellen\\\/#breadcrumb\"},\"inLanguage\":\"de\",\"potentialAction\":[{\"@type\":\"ReadAction\",\"target\":[\"https:\\\/\\\/turschwellenrampe.de\\\/de\\\/bodenschwellen\\\/bodenschwellen-mit-reflektoren-5-cm\\\/endkappen-fuer-bodenschwellen-mit-reflektoren-5-cm-hoch-verkehrsschwelle-fahrbahnschwellen\\\/\"]}]},{\"@type\":\"ImageObject\",\"inLanguage\":\"de\",\"@id\":\"https:\\\/\\\/turschwellenrampe.de\\\/de\\\/bodenschwellen\\\/bodenschwellen-mit-reflektoren-5-cm\\\/endkappen-fuer-bodenschwellen-mit-reflektoren-5-cm-hoch-verkehrsschwelle-fahrbahnschwellen\\\/#primaryimage\",\"url\":\"https:\\\/\\\/turschwellenrampe.de\\\/wp-content\\\/uploads\\\/2024\\\/02\\\/eindkap-scaled-1.jpg\",\"contentUrl\":\"https:\\\/\\\/turschwellenrampe.de\\\/wp-content\\\/uploads\\\/2024\\\/02\\\/eindkap-scaled-1.jpg\",\"width\":2560,\"height\":2560},{\"@type\":\"BreadcrumbList\",\"@id\":\"https:\\\/\\\/turschwellenrampe.de\\\/de\\\/bodenschwellen\\\/bodenschwellen-mit-reflektoren-5-cm\\\/endkappen-fuer-bodenschwellen-mit-reflektoren-5-cm-hoch-verkehrsschwelle-fahrbahnschwellen\\\/#breadcrumb\",\"itemListElement\":[{\"@type\":\"ListItem\",\"position\":1,\"name\":\"Home\",\"item\":\"https:\\\/\\\/turschwellenrampe.de\\\/de\\\/\"},{\"@type\":\"ListItem\",\"position\":2,\"name\":\"Shop\",\"item\":\"https:\\\/\\\/turschwellenrampe.de\\\/de\\\/geschaft\\\/\"},{\"@type\":\"ListItem\",\"position\":3,\"name\":\"Endkappen f\u00fcr Bodenschwellen mit Reflektoren &#8211; 5 cm hoch &#8211; Verkehrsschwelle &#8211; Fahrbahnschwellen\"}]},{\"@type\":\"WebSite\",\"@id\":\"https:\\\/\\\/turschwellenrampe.de\\\/de\\\/#website\",\"url\":\"https:\\\/\\\/turschwellenrampe.de\\\/de\\\/\",\"name\":\"Turschwellenrampe.de\",\"description\":\"De Specialist in Toegankelijkheid\",\"potentialAction\":[{\"@type\":\"SearchAction\",\"target\":{\"@type\":\"EntryPoint\",\"urlTemplate\":\"https:\\\/\\\/turschwellenrampe.de\\\/de\\\/?s={search_term_string}\"},\"query-input\":{\"@type\":\"PropertyValueSpecification\",\"valueRequired\":true,\"valueName\":\"search_term_string\"}}],\"inLanguage\":\"de\"}]}<\/script>\n<!-- \/ Yoast SEO plugin. -->","yoast_head_json":{"title":"Endkappen f\u00fcr Bodenschwellen mit Reflektoren - 5 cm hoch - Verkehrsschwelle - Fahrbahnschwellen - Turschwellenrampe.de","robots":{"index":"index","follow":"follow","max-snippet":"max-snippet:-1","max-image-preview":"max-image-preview:large","max-video-preview":"max-video-preview:-1"},"canonical":"https:\/\/turschwellenrampe.de\/de\/bodenschwellen\/bodenschwellen-mit-reflektoren-5-cm\/endkappen-fuer-bodenschwellen-mit-reflektoren-5-cm-hoch-verkehrsschwelle-fahrbahnschwellen\/","og_locale":"de_DE","og_type":"article","og_title":"Endkappen f\u00fcr Bodenschwellen mit Reflektoren - 5 cm hoch - Verkehrsschwelle - Fahrbahnschwellen - Turschwellenrampe.de","og_description":"Dies sind die Endkappen f\u00fcr das Mittelteil der Verkehrsschwelle mit Reflektoren - 5 cm hoch.  Spezifikationen:   L\u00e4nge: 20 cm  Breite: 50 cm  H\u00f6he: 5 cm  Gewicht: 4 kg  Material: Gummi  Tragf\u00e4higkeit: 15 Tonnen  Empfohlene Geschwindigkeit: 10 km\/h","og_url":"https:\/\/turschwellenrampe.de\/de\/bodenschwellen\/bodenschwellen-mit-reflektoren-5-cm\/endkappen-fuer-bodenschwellen-mit-reflektoren-5-cm-hoch-verkehrsschwelle-fahrbahnschwellen\/","og_site_name":"Turschwellenrampe.de","article_publisher":"https:\/\/www.facebook.com\/Drempelhulp\/","article_modified_time":"2025-03-07T17:27:35+00:00","og_image":[{"width":2560,"height":2560,"url":"https:\/\/turschwellenrampe.de\/wp-content\/uploads\/2024\/02\/eindkap-scaled-1.jpg","type":"image\/jpeg"}],"twitter_card":"summary_large_image","twitter_misc":{"Gesch\u00e4tzte Lesezeit":"1\u00a0Minute"},"schema":{"@context":"https:\/\/schema.org","@graph":[{"@type":"WebPage","@id":"https:\/\/turschwellenrampe.de\/de\/bodenschwellen\/bodenschwellen-mit-reflektoren-5-cm\/endkappen-fuer-bodenschwellen-mit-reflektoren-5-cm-hoch-verkehrsschwelle-fahrbahnschwellen\/","url":"https:\/\/turschwellenrampe.de\/de\/bodenschwellen\/bodenschwellen-mit-reflektoren-5-cm\/endkappen-fuer-bodenschwellen-mit-reflektoren-5-cm-hoch-verkehrsschwelle-fahrbahnschwellen\/","name":"Endkappen f\u00fcr Bodenschwellen mit Reflektoren - 5 cm hoch - Verkehrsschwelle - Fahrbahnschwellen - Turschwellenrampe.de","isPartOf":{"@id":"https:\/\/turschwellenrampe.de\/de\/#website"},"primaryImageOfPage":{"@id":"https:\/\/turschwellenrampe.de\/de\/bodenschwellen\/bodenschwellen-mit-reflektoren-5-cm\/endkappen-fuer-bodenschwellen-mit-reflektoren-5-cm-hoch-verkehrsschwelle-fahrbahnschwellen\/#primaryimage"},"image":{"@id":"https:\/\/turschwellenrampe.de\/de\/bodenschwellen\/bodenschwellen-mit-reflektoren-5-cm\/endkappen-fuer-bodenschwellen-mit-reflektoren-5-cm-hoch-verkehrsschwelle-fahrbahnschwellen\/#primaryimage"},"thumbnailUrl":"https:\/\/turschwellenrampe.de\/wp-content\/uploads\/2024\/02\/eindkap-scaled-1.jpg","datePublished":"2024-02-28T12:21:45+00:00","dateModified":"2025-03-07T17:27:35+00:00","breadcrumb":{"@id":"https:\/\/turschwellenrampe.de\/de\/bodenschwellen\/bodenschwellen-mit-reflektoren-5-cm\/endkappen-fuer-bodenschwellen-mit-reflektoren-5-cm-hoch-verkehrsschwelle-fahrbahnschwellen\/#breadcrumb"},"inLanguage":"de","potentialAction":[{"@type":"ReadAction","target":["https:\/\/turschwellenrampe.de\/de\/bodenschwellen\/bodenschwellen-mit-reflektoren-5-cm\/endkappen-fuer-bodenschwellen-mit-reflektoren-5-cm-hoch-verkehrsschwelle-fahrbahnschwellen\/"]}]},{"@type":"ImageObject","inLanguage":"de","@id":"https:\/\/turschwellenrampe.de\/de\/bodenschwellen\/bodenschwellen-mit-reflektoren-5-cm\/endkappen-fuer-bodenschwellen-mit-reflektoren-5-cm-hoch-verkehrsschwelle-fahrbahnschwellen\/#primaryimage","url":"https:\/\/turschwellenrampe.de\/wp-content\/uploads\/2024\/02\/eindkap-scaled-1.jpg","contentUrl":"https:\/\/turschwellenrampe.de\/wp-content\/uploads\/2024\/02\/eindkap-scaled-1.jpg","width":2560,"height":2560},{"@type":"BreadcrumbList","@id":"https:\/\/turschwellenrampe.de\/de\/bodenschwellen\/bodenschwellen-mit-reflektoren-5-cm\/endkappen-fuer-bodenschwellen-mit-reflektoren-5-cm-hoch-verkehrsschwelle-fahrbahnschwellen\/#breadcrumb","itemListElement":[{"@type":"ListItem","position":1,"name":"Home","item":"https:\/\/turschwellenrampe.de\/de\/"},{"@type":"ListItem","position":2,"name":"Shop","item":"https:\/\/turschwellenrampe.de\/de\/geschaft\/"},{"@type":"ListItem","position":3,"name":"Endkappen f\u00fcr Bodenschwellen mit Reflektoren &#8211; 5 cm hoch &#8211; Verkehrsschwelle &#8211; Fahrbahnschwellen"}]},{"@type":"WebSite","@id":"https:\/\/turschwellenrampe.de\/de\/#website","url":"https:\/\/turschwellenrampe.de\/de\/","name":"Turschwellenrampe.de","description":"De Specialist in Toegankelijkheid","potentialAction":[{"@type":"SearchAction","target":{"@type":"EntryPoint","urlTemplate":"https:\/\/turschwellenrampe.de\/de\/?s={search_term_string}"},"query-input":{"@type":"PropertyValueSpecification","valueRequired":true,"valueName":"search_term_string"}}],"inLanguage":"de"}]}},"_links":{"self":[{"href":"https:\/\/turschwellenrampe.de\/de\/wp-json\/wp\/v2\/product\/14960","targetHints":{"allow":["GET"]}}],"collection":[{"href":"https:\/\/turschwellenrampe.de\/de\/wp-json\/wp\/v2\/product"}],"about":[{"href":"https:\/\/turschwellenrampe.de\/de\/wp-json\/wp\/v2\/types\/product"}],"replies":[{"embeddable":true,"href":"https:\/\/turschwellenrampe.de\/de\/wp-json\/wp\/v2\/comments?post=14960"}],"wp:featuredmedia":[{"embeddable":true,"href":"https:\/\/turschwellenrampe.de\/de\/wp-json\/wp\/v2\/media\/14922"}],"wp:attachment":[{"href":"https:\/\/turschwellenrampe.de\/de\/wp-json\/wp\/v2\/media?parent=14960"}],"wp:term":[{"taxonomy":"product_brand","embeddable":true,"href":"https:\/\/turschwellenrampe.de\/de\/wp-json\/wp\/v2\/product_brand?post=14960"},{"taxonomy":"product_cat","embeddable":true,"href":"https:\/\/turschwellenrampe.de\/de\/wp-json\/wp\/v2\/product_cat?post=14960"},{"taxonomy":"product_tag","embeddable":true,"href":"https:\/\/turschwellenrampe.de\/de\/wp-json\/wp\/v2\/product_tag?post=14960"}],"curies":[{"name":"wp","href":"https:\/\/api.w.org\/{rel}","templated":true}]}}