{"id":14452,"date":"2020-03-20T08:23:38","date_gmt":"2020-03-20T07:23:38","guid":{"rendered":"https:\/\/turschwellenrampe.de\/unkategorisiert\/faltbare-rampe-extra-breit-180-cm\/"},"modified":"2026-04-15T11:07:20","modified_gmt":"2026-04-15T09:07:20","slug":"oprijplaat-opvouwbaar-extra-breed-180-cm","status":"publish","type":"product","link":"https:\/\/turschwellenrampe.de\/de\/rollstuhlrampen\/rollstuhlrampen-extra-breit\/oprijplaat-opvouwbaar-extra-breed-180-cm\/","title":{"rendered":"Faltbare Rampe &#8211; extra breit 180 cm"},"content":{"rendered":"<p>Diese leichten Extra breite Rollstuhlrampen erm\u00f6glichen den Zugang f\u00fcr Rollst\u00fchle \u00fcber jede Schwelle oder H\u00f6he und sind in verschiedenen L\u00e4ngen bis zu 180 cm erh\u00e4ltlich. Da sich die Rollstuhlrampe einfach und schnell horizontal zusammenklappen l\u00e4sst, ist sie bei Nichtgebrauch leicht zu transportieren oder zu verstauen.<\/p>\n<p><strong>Eigenschaften:<\/strong><\/p>\n<ul>\n<li>Einfach und schnell faltbar<\/li>\n<li>Keine Installation erforderlich, die Rollstuhlrampe wird einfach auf die Schwelle aufgesetzt<\/li>\n<li>Leichtgewicht<\/li>\n<li>Erh\u00f6hte Kanten auf beiden Seiten der Rollstuhlrampe zur Vermeidung von Unf\u00e4llen<\/li>\n<\/ul>\n<p><strong>Spezifikationen:<\/strong><\/p>\n<ul>\n<li>L\u00e4nge: 183 cm<\/li>\n<li>Gewicht: 16,5 kg<\/li>\n<li>Kapazit\u00e4t: 300 kg<\/li>\n<li>Innere Breite: <strong>83,5 cm<\/strong><\/li>\n<li>Maximale Ladeh\u00f6he: 30 cm<\/li>\n<\/ul>\n","protected":false},"excerpt":{"rendered":"<p>Diese leichten Extra breite Rollstuhlrampen erm\u00f6glichen den Zugang f\u00fcr Rollst\u00fchle \u00fcber jede Schwelle oder H\u00f6he und sind in verschiedenen L\u00e4ngen bis zu 180 cm erh\u00e4ltlich. Da sich die Rollstuhlrampe einfach und schnell horizontal zusammenklappen l\u00e4sst, ist sie bei Nichtgebrauch leicht zu transportieren oder zu verstauen.<\/p>\n<p><strong>Eigenschaften:<\/strong><\/p>\n<ul>\n<li>Einfach und schnell faltbar<\/li>\n<li>Keine Installation erforderlich, die Rollstuhlrampe wird einfach auf die Schwelle aufgesetzt<\/li>\n<li>Leichtgewicht<\/li>\n<li>Erh\u00f6hte Kanten auf beiden Seiten der Rollstuhlrampe zur Vermeidung von Unf\u00e4llen<\/li>\n<\/ul>\n<p><strong>Spezifikationen:<\/strong><\/p>\n<ul>\n<li>L\u00e4nge: 183 cm<\/li>\n<li>Gewicht: 16,5 kg<\/li>\n<li>Kapazit\u00e4t: 300 kg<\/li>\n<li>Innere Breite: <strong>83,5 cm<\/strong><\/li>\n<li>Maximale Ladeh\u00f6he: 30 cm<\/li>\n<\/ul>\n","protected":false},"featured_media":14654,"comment_status":"open","ping_status":"closed","template":"","meta":[],"product_brand":[],"product_cat":[532],"product_tag":[575,576],"class_list":{"0":"post-14452","1":"product","2":"type-product","3":"status-publish","4":"has-post-thumbnail","6":"product_cat-rollstuhlrampen-extra-breit","7":"product_tag-hohe-28-bis-30-cm","8":"product_tag-hohe-30-bis-32-cm","10":"first","11":"instock","12":"taxable","13":"shipping-taxable","14":"purchasable","15":"product-type-simple"},"yoast_head":"<!-- This site is optimized with the Yoast SEO plugin v27.5 - https:\/\/yoast.com\/product\/yoast-seo-wordpress\/ -->\n<title>Faltbare Rampe - extra breit 180 cm - Turschwellenrampe.de<\/title>\n<meta name=\"robots\" content=\"index, follow, max-snippet:-1, max-image-preview:large, max-video-preview:-1\" \/>\n<link rel=\"canonical\" href=\"https:\/\/turschwellenrampe.de\/de\/rollstuhlrampen\/rollstuhlrampen-extra-breit\/oprijplaat-opvouwbaar-extra-breed-180-cm\/\" \/>\n<meta property=\"og:locale\" content=\"de_DE\" \/>\n<meta property=\"og:type\" content=\"article\" \/>\n<meta property=\"og:title\" content=\"Faltbare Rampe - extra breit 180 cm - Turschwellenrampe.de\" \/>\n<meta property=\"og:description\" content=\"Diese leichten Extra breite Rollstuhlrampen erm\u00f6glichen den Zugang f\u00fcr Rollst\u00fchle \u00fcber jede Schwelle oder H\u00f6he und sind in verschiedenen L\u00e4ngen bis zu 180 cm erh\u00e4ltlich. Da sich die Rollstuhlrampe einfach und schnell horizontal zusammenklappen l\u00e4sst, ist sie bei Nichtgebrauch leicht zu transportieren oder zu verstauen. Eigenschaften:  Einfach und schnell faltbar  Keine Installation erforderlich, die Rollstuhlrampe wird einfach auf die Schwelle aufgesetzt  Leichtgewicht  Erh\u00f6hte Kanten auf beiden Seiten der Rollstuhlrampe zur Vermeidung von Unf\u00e4llen Spezifikationen:  L\u00e4nge: 183 cm  Gewicht: 16,5 kg  Kapazit\u00e4t: 300 kg  Innere Breite: 83,5 cm  Maximale Ladeh\u00f6he: 30 cm\" \/>\n<meta property=\"og:url\" content=\"https:\/\/turschwellenrampe.de\/de\/rollstuhlrampen\/rollstuhlrampen-extra-breit\/oprijplaat-opvouwbaar-extra-breed-180-cm\/\" \/>\n<meta property=\"og:site_name\" content=\"Turschwellenrampe.de\" \/>\n<meta property=\"article:publisher\" content=\"https:\/\/www.facebook.com\/Drempelhulp\/\" \/>\n<meta property=\"article:modified_time\" content=\"2026-04-15T09:07:20+00:00\" \/>\n<meta property=\"og:image\" content=\"https:\/\/turschwellenrampe.de\/wp-content\/uploads\/2020\/03\/Rollstuhlrampe-Extra-Breit.jpg\" \/>\n\t<meta property=\"og:image:width\" content=\"600\" \/>\n\t<meta property=\"og:image:height\" content=\"600\" \/>\n\t<meta property=\"og:image:type\" content=\"image\/jpeg\" \/>\n<meta name=\"twitter:card\" content=\"summary_large_image\" \/>\n<meta name=\"twitter:label1\" content=\"Gesch\u00e4tzte Lesezeit\" \/>\n\t<meta name=\"twitter:data1\" content=\"1\u00a0Minute\" \/>\n<script type=\"application\/ld+json\" class=\"yoast-schema-graph\">{\"@context\":\"https:\\\/\\\/schema.org\",\"@graph\":[{\"@type\":\"WebPage\",\"@id\":\"https:\\\/\\\/turschwellenrampe.de\\\/de\\\/rollstuhlrampen\\\/rollstuhlrampen-extra-breit\\\/oprijplaat-opvouwbaar-extra-breed-180-cm\\\/\",\"url\":\"https:\\\/\\\/turschwellenrampe.de\\\/de\\\/rollstuhlrampen\\\/rollstuhlrampen-extra-breit\\\/oprijplaat-opvouwbaar-extra-breed-180-cm\\\/\",\"name\":\"Faltbare Rampe - extra breit 180 cm - Turschwellenrampe.de\",\"isPartOf\":{\"@id\":\"https:\\\/\\\/turschwellenrampe.de\\\/de\\\/#website\"},\"primaryImageOfPage\":{\"@id\":\"https:\\\/\\\/turschwellenrampe.de\\\/de\\\/rollstuhlrampen\\\/rollstuhlrampen-extra-breit\\\/oprijplaat-opvouwbaar-extra-breed-180-cm\\\/#primaryimage\"},\"image\":{\"@id\":\"https:\\\/\\\/turschwellenrampe.de\\\/de\\\/rollstuhlrampen\\\/rollstuhlrampen-extra-breit\\\/oprijplaat-opvouwbaar-extra-breed-180-cm\\\/#primaryimage\"},\"thumbnailUrl\":\"https:\\\/\\\/turschwellenrampe.de\\\/wp-content\\\/uploads\\\/2020\\\/03\\\/Rollstuhlrampe-Extra-Breit.jpg\",\"datePublished\":\"2020-03-20T07:23:38+00:00\",\"dateModified\":\"2026-04-15T09:07:20+00:00\",\"breadcrumb\":{\"@id\":\"https:\\\/\\\/turschwellenrampe.de\\\/de\\\/rollstuhlrampen\\\/rollstuhlrampen-extra-breit\\\/oprijplaat-opvouwbaar-extra-breed-180-cm\\\/#breadcrumb\"},\"inLanguage\":\"de\",\"potentialAction\":[{\"@type\":\"ReadAction\",\"target\":[\"https:\\\/\\\/turschwellenrampe.de\\\/de\\\/rollstuhlrampen\\\/rollstuhlrampen-extra-breit\\\/oprijplaat-opvouwbaar-extra-breed-180-cm\\\/\"]}]},{\"@type\":\"ImageObject\",\"inLanguage\":\"de\",\"@id\":\"https:\\\/\\\/turschwellenrampe.de\\\/de\\\/rollstuhlrampen\\\/rollstuhlrampen-extra-breit\\\/oprijplaat-opvouwbaar-extra-breed-180-cm\\\/#primaryimage\",\"url\":\"https:\\\/\\\/turschwellenrampe.de\\\/wp-content\\\/uploads\\\/2020\\\/03\\\/Rollstuhlrampe-Extra-Breit.jpg\",\"contentUrl\":\"https:\\\/\\\/turschwellenrampe.de\\\/wp-content\\\/uploads\\\/2020\\\/03\\\/Rollstuhlrampe-Extra-Breit.jpg\",\"width\":600,\"height\":600},{\"@type\":\"BreadcrumbList\",\"@id\":\"https:\\\/\\\/turschwellenrampe.de\\\/de\\\/rollstuhlrampen\\\/rollstuhlrampen-extra-breit\\\/oprijplaat-opvouwbaar-extra-breed-180-cm\\\/#breadcrumb\",\"itemListElement\":[{\"@type\":\"ListItem\",\"position\":1,\"name\":\"Home\",\"item\":\"https:\\\/\\\/turschwellenrampe.de\\\/de\\\/\"},{\"@type\":\"ListItem\",\"position\":2,\"name\":\"Shop\",\"item\":\"https:\\\/\\\/turschwellenrampe.de\\\/de\\\/geschaft\\\/\"},{\"@type\":\"ListItem\",\"position\":3,\"name\":\"Faltbare Rampe &#8211; extra breit 180 cm\"}]},{\"@type\":\"WebSite\",\"@id\":\"https:\\\/\\\/turschwellenrampe.de\\\/de\\\/#website\",\"url\":\"https:\\\/\\\/turschwellenrampe.de\\\/de\\\/\",\"name\":\"Turschwellenrampe.de\",\"description\":\"De Specialist in Toegankelijkheid\",\"potentialAction\":[{\"@type\":\"SearchAction\",\"target\":{\"@type\":\"EntryPoint\",\"urlTemplate\":\"https:\\\/\\\/turschwellenrampe.de\\\/de\\\/?s={search_term_string}\"},\"query-input\":{\"@type\":\"PropertyValueSpecification\",\"valueRequired\":true,\"valueName\":\"search_term_string\"}}],\"inLanguage\":\"de\"}]}<\/script>\n<!-- \/ Yoast SEO plugin. -->","yoast_head_json":{"title":"Faltbare Rampe - extra breit 180 cm - Turschwellenrampe.de","robots":{"index":"index","follow":"follow","max-snippet":"max-snippet:-1","max-image-preview":"max-image-preview:large","max-video-preview":"max-video-preview:-1"},"canonical":"https:\/\/turschwellenrampe.de\/de\/rollstuhlrampen\/rollstuhlrampen-extra-breit\/oprijplaat-opvouwbaar-extra-breed-180-cm\/","og_locale":"de_DE","og_type":"article","og_title":"Faltbare Rampe - extra breit 180 cm - Turschwellenrampe.de","og_description":"Diese leichten Extra breite Rollstuhlrampen erm\u00f6glichen den Zugang f\u00fcr Rollst\u00fchle \u00fcber jede Schwelle oder H\u00f6he und sind in verschiedenen L\u00e4ngen bis zu 180 cm erh\u00e4ltlich. Da sich die Rollstuhlrampe einfach und schnell horizontal zusammenklappen l\u00e4sst, ist sie bei Nichtgebrauch leicht zu transportieren oder zu verstauen. Eigenschaften:  Einfach und schnell faltbar  Keine Installation erforderlich, die Rollstuhlrampe wird einfach auf die Schwelle aufgesetzt  Leichtgewicht  Erh\u00f6hte Kanten auf beiden Seiten der Rollstuhlrampe zur Vermeidung von Unf\u00e4llen Spezifikationen:  L\u00e4nge: 183 cm  Gewicht: 16,5 kg  Kapazit\u00e4t: 300 kg  Innere Breite: 83,5 cm  Maximale Ladeh\u00f6he: 30 cm","og_url":"https:\/\/turschwellenrampe.de\/de\/rollstuhlrampen\/rollstuhlrampen-extra-breit\/oprijplaat-opvouwbaar-extra-breed-180-cm\/","og_site_name":"Turschwellenrampe.de","article_publisher":"https:\/\/www.facebook.com\/Drempelhulp\/","article_modified_time":"2026-04-15T09:07:20+00:00","og_image":[{"width":600,"height":600,"url":"https:\/\/turschwellenrampe.de\/wp-content\/uploads\/2020\/03\/Rollstuhlrampe-Extra-Breit.jpg","type":"image\/jpeg"}],"twitter_card":"summary_large_image","twitter_misc":{"Gesch\u00e4tzte Lesezeit":"1\u00a0Minute"},"schema":{"@context":"https:\/\/schema.org","@graph":[{"@type":"WebPage","@id":"https:\/\/turschwellenrampe.de\/de\/rollstuhlrampen\/rollstuhlrampen-extra-breit\/oprijplaat-opvouwbaar-extra-breed-180-cm\/","url":"https:\/\/turschwellenrampe.de\/de\/rollstuhlrampen\/rollstuhlrampen-extra-breit\/oprijplaat-opvouwbaar-extra-breed-180-cm\/","name":"Faltbare Rampe - extra breit 180 cm - Turschwellenrampe.de","isPartOf":{"@id":"https:\/\/turschwellenrampe.de\/de\/#website"},"primaryImageOfPage":{"@id":"https:\/\/turschwellenrampe.de\/de\/rollstuhlrampen\/rollstuhlrampen-extra-breit\/oprijplaat-opvouwbaar-extra-breed-180-cm\/#primaryimage"},"image":{"@id":"https:\/\/turschwellenrampe.de\/de\/rollstuhlrampen\/rollstuhlrampen-extra-breit\/oprijplaat-opvouwbaar-extra-breed-180-cm\/#primaryimage"},"thumbnailUrl":"https:\/\/turschwellenrampe.de\/wp-content\/uploads\/2020\/03\/Rollstuhlrampe-Extra-Breit.jpg","datePublished":"2020-03-20T07:23:38+00:00","dateModified":"2026-04-15T09:07:20+00:00","breadcrumb":{"@id":"https:\/\/turschwellenrampe.de\/de\/rollstuhlrampen\/rollstuhlrampen-extra-breit\/oprijplaat-opvouwbaar-extra-breed-180-cm\/#breadcrumb"},"inLanguage":"de","potentialAction":[{"@type":"ReadAction","target":["https:\/\/turschwellenrampe.de\/de\/rollstuhlrampen\/rollstuhlrampen-extra-breit\/oprijplaat-opvouwbaar-extra-breed-180-cm\/"]}]},{"@type":"ImageObject","inLanguage":"de","@id":"https:\/\/turschwellenrampe.de\/de\/rollstuhlrampen\/rollstuhlrampen-extra-breit\/oprijplaat-opvouwbaar-extra-breed-180-cm\/#primaryimage","url":"https:\/\/turschwellenrampe.de\/wp-content\/uploads\/2020\/03\/Rollstuhlrampe-Extra-Breit.jpg","contentUrl":"https:\/\/turschwellenrampe.de\/wp-content\/uploads\/2020\/03\/Rollstuhlrampe-Extra-Breit.jpg","width":600,"height":600},{"@type":"BreadcrumbList","@id":"https:\/\/turschwellenrampe.de\/de\/rollstuhlrampen\/rollstuhlrampen-extra-breit\/oprijplaat-opvouwbaar-extra-breed-180-cm\/#breadcrumb","itemListElement":[{"@type":"ListItem","position":1,"name":"Home","item":"https:\/\/turschwellenrampe.de\/de\/"},{"@type":"ListItem","position":2,"name":"Shop","item":"https:\/\/turschwellenrampe.de\/de\/geschaft\/"},{"@type":"ListItem","position":3,"name":"Faltbare Rampe &#8211; extra breit 180 cm"}]},{"@type":"WebSite","@id":"https:\/\/turschwellenrampe.de\/de\/#website","url":"https:\/\/turschwellenrampe.de\/de\/","name":"Turschwellenrampe.de","description":"De Specialist in Toegankelijkheid","potentialAction":[{"@type":"SearchAction","target":{"@type":"EntryPoint","urlTemplate":"https:\/\/turschwellenrampe.de\/de\/?s={search_term_string}"},"query-input":{"@type":"PropertyValueSpecification","valueRequired":true,"valueName":"search_term_string"}}],"inLanguage":"de"}]}},"_links":{"self":[{"href":"https:\/\/turschwellenrampe.de\/de\/wp-json\/wp\/v2\/product\/14452","targetHints":{"allow":["GET"]}}],"collection":[{"href":"https:\/\/turschwellenrampe.de\/de\/wp-json\/wp\/v2\/product"}],"about":[{"href":"https:\/\/turschwellenrampe.de\/de\/wp-json\/wp\/v2\/types\/product"}],"replies":[{"embeddable":true,"href":"https:\/\/turschwellenrampe.de\/de\/wp-json\/wp\/v2\/comments?post=14452"}],"wp:featuredmedia":[{"embeddable":true,"href":"https:\/\/turschwellenrampe.de\/de\/wp-json\/wp\/v2\/media\/14654"}],"wp:attachment":[{"href":"https:\/\/turschwellenrampe.de\/de\/wp-json\/wp\/v2\/media?parent=14452"}],"wp:term":[{"taxonomy":"product_brand","embeddable":true,"href":"https:\/\/turschwellenrampe.de\/de\/wp-json\/wp\/v2\/product_brand?post=14452"},{"taxonomy":"product_cat","embeddable":true,"href":"https:\/\/turschwellenrampe.de\/de\/wp-json\/wp\/v2\/product_cat?post=14452"},{"taxonomy":"product_tag","embeddable":true,"href":"https:\/\/turschwellenrampe.de\/de\/wp-json\/wp\/v2\/product_tag?post=14452"}],"curies":[{"name":"wp","href":"https:\/\/api.w.org\/{rel}","templated":true}]}}