{"id":14448,"date":"2023-11-23T16:52:25","date_gmt":"2023-11-23T15:52:25","guid":{"rendered":"https:\/\/turschwellenrampe.de\/unkategorisiert\/150-mm-gummi-schwellenrampe-3-seitig\/"},"modified":"2026-04-09T22:15:20","modified_gmt":"2026-04-09T20:15:20","slug":"150-mm-gummi-schwellenrampe-3-seitig","status":"publish","type":"product","link":"https:\/\/turschwellenrampe.de\/de\/turschwellenrampen\/schwellenrampen-gummi-3-seitig\/150-mm-gummi-schwellenrampe-3-seitig\/","title":{"rendered":"150 mm &#8211; Gummi Schwellenrampe 3-seitig"},"content":{"rendered":"<p><strong>Beschreibung des Produkts:<\/strong><\/p>\n<p>Hergestellt aus 100 % recyceltem Gummimaterial. Diese T\u00fcrschwellenrampen sind von sehr hoher Qualit\u00e4t, stark, haltbar und rutschfest. Geeignet f\u00fcr jede Schwelle oder Bordsteinkante. Sehr gut geeignet f\u00fcr den Einsatz im Freien.<\/p>\n<p><strong>Spezifikationen:<\/strong><\/p>\n<ul style=\"list-style-type: disc;\">\n<li>H\u00f6he: 150 mm<\/li>\n<li>Tiefe: 1000 mm<\/li>\n<li>Breite: 900 mm<\/li>\n<li>Gewicht: 52 kg<\/li>\n<li>Gewichtskapazit\u00e4t: 1000 kg<\/li>\n<\/ul>\n<p><strong style=\"color: #339966;\"><span style=\"color: #339966;\"><strong>1 Jahr Garantie<\/strong><\/span> und <span style=\"color: #339966;\"><strong>direkt ab Lager lieferbar.<\/strong><\/span><\/strong><\/p>\n<p><iframe title=\"YouTube video player\" src=\"https:\/\/www.youtube.com\/embed\/M8aJ8AcyBOY\" width=\"560\" height=\"315\" frameborder=\"0\" allowfullscreen=\"allowfullscreen\"><\/iframe><\/p>\n","protected":false},"excerpt":{"rendered":"<p>Diese 3-seitige Schwellenrampe hat beidseitig abgeschr\u00e4gte Seitenfl\u00e4chen und eine Tragf\u00e4higkeit von 1000 kg. Deze is geschikt voor buiten, heeft een hoogte van 15 cm en is 90 cm breed. Die Schwellenrampe wiegt 52 kg.<\/p>\n<p><strong>Spezifikationen:<\/strong><\/p>\n<ul style=\"list-style-type: disc;\">\n<li class=\"m_2022748314769894965MsoListParagraph\">H\u00f6he: 150 mm<u><\/u><u><\/u><\/li>\n<li class=\"m_2022748314769894965MsoListParagraph\">Breite: 900 mm<u><\/u><u><\/u><\/li>\n<li class=\"m_2022748314769894965MsoListParagraph\">Tiefe: 1000 mm<u><\/u><u><\/u><\/li>\n<li class=\"m_2022748314769894965MsoListParagraph\">Gewicht: 52 kg<u><\/u><u><\/u><\/li>\n<li class=\"m_2022748314769894965MsoListParagraph\">Kapazit\u00e4t: 1000 kg<\/li>\n<\/ul>\n","protected":false},"featured_media":14645,"comment_status":"open","ping_status":"closed","template":"","meta":[],"product_brand":[],"product_cat":[519],"product_tag":[559,558],"class_list":{"0":"post-14448","1":"product","2":"type-product","3":"status-publish","4":"has-post-thumbnail","6":"product_cat-schwellenrampen-gummi-3-seitig","7":"product_tag-hohe-10-bis-12-cm","8":"product_tag-hohe-8-bis-10-cm","9":"pa_kenmerk-1-fur-den-auseneinsatz","10":"pa_kleur-variant-wielstoppers-schwarz","12":"first","13":"instock","14":"sale","15":"taxable","16":"shipping-taxable","17":"purchasable","18":"product-type-simple"},"yoast_head":"<!-- This site is optimized with the Yoast SEO plugin v27.3 - https:\/\/yoast.com\/product\/yoast-seo-wordpress\/ -->\n<title>150 mm - Gummi Schwellenrampe 3-seitig - Turschwellenrampe.de<\/title>\n<meta name=\"robots\" content=\"index, follow, max-snippet:-1, max-image-preview:large, max-video-preview:-1\" \/>\n<link rel=\"canonical\" href=\"https:\/\/turschwellenrampe.de\/de\/turschwellenrampen\/schwellenrampen-gummi-3-seitig\/150-mm-gummi-schwellenrampe-3-seitig\/\" \/>\n<meta property=\"og:locale\" content=\"de_DE\" \/>\n<meta property=\"og:type\" content=\"article\" \/>\n<meta property=\"og:title\" content=\"150 mm - Gummi Schwellenrampe 3-seitig - Turschwellenrampe.de\" \/>\n<meta property=\"og:description\" content=\"Diese 3-seitige Schwellenrampe hat beidseitig abgeschr\u00e4gte Seitenfl\u00e4chen und eine Tragf\u00e4higkeit von 1000 kg. Deze is geschikt voor buiten, heeft een hoogte van 15 cm en is 90 cm breed. Die Schwellenrampe wiegt 52 kg.  Spezifikationen:   H\u00f6he: 150 mm  Breite: 900 mm  Tiefe: 1000 mm  Gewicht: 52 kg  Kapazit\u00e4t: 1000 kg\" \/>\n<meta property=\"og:url\" content=\"https:\/\/turschwellenrampe.de\/de\/turschwellenrampen\/schwellenrampen-gummi-3-seitig\/150-mm-gummi-schwellenrampe-3-seitig\/\" \/>\n<meta property=\"og:site_name\" content=\"Turschwellenrampe.de\" \/>\n<meta property=\"article:publisher\" content=\"https:\/\/www.facebook.com\/Drempelhulp\/\" \/>\n<meta property=\"article:modified_time\" content=\"2026-04-09T20:15:20+00:00\" \/>\n<meta property=\"og:image\" content=\"https:\/\/turschwellenrampe.de\/wp-content\/uploads\/2020\/03\/Schwellenrampe-gummi-3-seitig.jpg\" \/>\n\t<meta property=\"og:image:width\" content=\"2560\" \/>\n\t<meta property=\"og:image:height\" content=\"2560\" \/>\n\t<meta property=\"og:image:type\" content=\"image\/jpeg\" \/>\n<meta name=\"twitter:card\" content=\"summary_large_image\" \/>\n<meta name=\"twitter:label1\" content=\"Gesch\u00e4tzte Lesezeit\" \/>\n\t<meta name=\"twitter:data1\" content=\"1\u00a0Minute\" \/>\n<script type=\"application\/ld+json\" class=\"yoast-schema-graph\">{\"@context\":\"https:\\\/\\\/schema.org\",\"@graph\":[{\"@type\":\"WebPage\",\"@id\":\"https:\\\/\\\/turschwellenrampe.de\\\/de\\\/turschwellenrampen\\\/schwellenrampen-gummi-3-seitig\\\/150-mm-gummi-schwellenrampe-3-seitig\\\/\",\"url\":\"https:\\\/\\\/turschwellenrampe.de\\\/de\\\/turschwellenrampen\\\/schwellenrampen-gummi-3-seitig\\\/150-mm-gummi-schwellenrampe-3-seitig\\\/\",\"name\":\"150 mm - Gummi Schwellenrampe 3-seitig - Turschwellenrampe.de\",\"isPartOf\":{\"@id\":\"https:\\\/\\\/turschwellenrampe.de\\\/de\\\/#website\"},\"primaryImageOfPage\":{\"@id\":\"https:\\\/\\\/turschwellenrampe.de\\\/de\\\/turschwellenrampen\\\/schwellenrampen-gummi-3-seitig\\\/150-mm-gummi-schwellenrampe-3-seitig\\\/#primaryimage\"},\"image\":{\"@id\":\"https:\\\/\\\/turschwellenrampe.de\\\/de\\\/turschwellenrampen\\\/schwellenrampen-gummi-3-seitig\\\/150-mm-gummi-schwellenrampe-3-seitig\\\/#primaryimage\"},\"thumbnailUrl\":\"https:\\\/\\\/turschwellenrampe.de\\\/wp-content\\\/uploads\\\/2020\\\/03\\\/Schwellenrampe-gummi-3-seitig.jpg\",\"datePublished\":\"2023-11-23T15:52:25+00:00\",\"dateModified\":\"2026-04-09T20:15:20+00:00\",\"breadcrumb\":{\"@id\":\"https:\\\/\\\/turschwellenrampe.de\\\/de\\\/turschwellenrampen\\\/schwellenrampen-gummi-3-seitig\\\/150-mm-gummi-schwellenrampe-3-seitig\\\/#breadcrumb\"},\"inLanguage\":\"de\",\"potentialAction\":[{\"@type\":\"ReadAction\",\"target\":[\"https:\\\/\\\/turschwellenrampe.de\\\/de\\\/turschwellenrampen\\\/schwellenrampen-gummi-3-seitig\\\/150-mm-gummi-schwellenrampe-3-seitig\\\/\"]}]},{\"@type\":\"ImageObject\",\"inLanguage\":\"de\",\"@id\":\"https:\\\/\\\/turschwellenrampe.de\\\/de\\\/turschwellenrampen\\\/schwellenrampen-gummi-3-seitig\\\/150-mm-gummi-schwellenrampe-3-seitig\\\/#primaryimage\",\"url\":\"https:\\\/\\\/turschwellenrampe.de\\\/wp-content\\\/uploads\\\/2020\\\/03\\\/Schwellenrampe-gummi-3-seitig.jpg\",\"contentUrl\":\"https:\\\/\\\/turschwellenrampe.de\\\/wp-content\\\/uploads\\\/2020\\\/03\\\/Schwellenrampe-gummi-3-seitig.jpg\",\"width\":2560,\"height\":2560},{\"@type\":\"BreadcrumbList\",\"@id\":\"https:\\\/\\\/turschwellenrampe.de\\\/de\\\/turschwellenrampen\\\/schwellenrampen-gummi-3-seitig\\\/150-mm-gummi-schwellenrampe-3-seitig\\\/#breadcrumb\",\"itemListElement\":[{\"@type\":\"ListItem\",\"position\":1,\"name\":\"Home\",\"item\":\"https:\\\/\\\/turschwellenrampe.de\\\/de\\\/\"},{\"@type\":\"ListItem\",\"position\":2,\"name\":\"Shop\",\"item\":\"https:\\\/\\\/turschwellenrampe.de\\\/de\\\/geschaft\\\/\"},{\"@type\":\"ListItem\",\"position\":3,\"name\":\"150 mm &#8211; Gummi Schwellenrampe 3-seitig\"}]},{\"@type\":\"WebSite\",\"@id\":\"https:\\\/\\\/turschwellenrampe.de\\\/de\\\/#website\",\"url\":\"https:\\\/\\\/turschwellenrampe.de\\\/de\\\/\",\"name\":\"Turschwellenrampe.de\",\"description\":\"De Specialist in Toegankelijkheid\",\"potentialAction\":[{\"@type\":\"SearchAction\",\"target\":{\"@type\":\"EntryPoint\",\"urlTemplate\":\"https:\\\/\\\/turschwellenrampe.de\\\/de\\\/?s={search_term_string}\"},\"query-input\":{\"@type\":\"PropertyValueSpecification\",\"valueRequired\":true,\"valueName\":\"search_term_string\"}}],\"inLanguage\":\"de\"}]}<\/script>\n<!-- \/ Yoast SEO plugin. -->","yoast_head_json":{"title":"150 mm - Gummi Schwellenrampe 3-seitig - Turschwellenrampe.de","robots":{"index":"index","follow":"follow","max-snippet":"max-snippet:-1","max-image-preview":"max-image-preview:large","max-video-preview":"max-video-preview:-1"},"canonical":"https:\/\/turschwellenrampe.de\/de\/turschwellenrampen\/schwellenrampen-gummi-3-seitig\/150-mm-gummi-schwellenrampe-3-seitig\/","og_locale":"de_DE","og_type":"article","og_title":"150 mm - Gummi Schwellenrampe 3-seitig - Turschwellenrampe.de","og_description":"Diese 3-seitige Schwellenrampe hat beidseitig abgeschr\u00e4gte Seitenfl\u00e4chen und eine Tragf\u00e4higkeit von 1000 kg. Deze is geschikt voor buiten, heeft een hoogte van 15 cm en is 90 cm breed. Die Schwellenrampe wiegt 52 kg.  Spezifikationen:   H\u00f6he: 150 mm  Breite: 900 mm  Tiefe: 1000 mm  Gewicht: 52 kg  Kapazit\u00e4t: 1000 kg","og_url":"https:\/\/turschwellenrampe.de\/de\/turschwellenrampen\/schwellenrampen-gummi-3-seitig\/150-mm-gummi-schwellenrampe-3-seitig\/","og_site_name":"Turschwellenrampe.de","article_publisher":"https:\/\/www.facebook.com\/Drempelhulp\/","article_modified_time":"2026-04-09T20:15:20+00:00","og_image":[{"width":2560,"height":2560,"url":"https:\/\/turschwellenrampe.de\/wp-content\/uploads\/2020\/03\/Schwellenrampe-gummi-3-seitig.jpg","type":"image\/jpeg"}],"twitter_card":"summary_large_image","twitter_misc":{"Gesch\u00e4tzte Lesezeit":"1\u00a0Minute"},"schema":{"@context":"https:\/\/schema.org","@graph":[{"@type":"WebPage","@id":"https:\/\/turschwellenrampe.de\/de\/turschwellenrampen\/schwellenrampen-gummi-3-seitig\/150-mm-gummi-schwellenrampe-3-seitig\/","url":"https:\/\/turschwellenrampe.de\/de\/turschwellenrampen\/schwellenrampen-gummi-3-seitig\/150-mm-gummi-schwellenrampe-3-seitig\/","name":"150 mm - Gummi Schwellenrampe 3-seitig - Turschwellenrampe.de","isPartOf":{"@id":"https:\/\/turschwellenrampe.de\/de\/#website"},"primaryImageOfPage":{"@id":"https:\/\/turschwellenrampe.de\/de\/turschwellenrampen\/schwellenrampen-gummi-3-seitig\/150-mm-gummi-schwellenrampe-3-seitig\/#primaryimage"},"image":{"@id":"https:\/\/turschwellenrampe.de\/de\/turschwellenrampen\/schwellenrampen-gummi-3-seitig\/150-mm-gummi-schwellenrampe-3-seitig\/#primaryimage"},"thumbnailUrl":"https:\/\/turschwellenrampe.de\/wp-content\/uploads\/2020\/03\/Schwellenrampe-gummi-3-seitig.jpg","datePublished":"2023-11-23T15:52:25+00:00","dateModified":"2026-04-09T20:15:20+00:00","breadcrumb":{"@id":"https:\/\/turschwellenrampe.de\/de\/turschwellenrampen\/schwellenrampen-gummi-3-seitig\/150-mm-gummi-schwellenrampe-3-seitig\/#breadcrumb"},"inLanguage":"de","potentialAction":[{"@type":"ReadAction","target":["https:\/\/turschwellenrampe.de\/de\/turschwellenrampen\/schwellenrampen-gummi-3-seitig\/150-mm-gummi-schwellenrampe-3-seitig\/"]}]},{"@type":"ImageObject","inLanguage":"de","@id":"https:\/\/turschwellenrampe.de\/de\/turschwellenrampen\/schwellenrampen-gummi-3-seitig\/150-mm-gummi-schwellenrampe-3-seitig\/#primaryimage","url":"https:\/\/turschwellenrampe.de\/wp-content\/uploads\/2020\/03\/Schwellenrampe-gummi-3-seitig.jpg","contentUrl":"https:\/\/turschwellenrampe.de\/wp-content\/uploads\/2020\/03\/Schwellenrampe-gummi-3-seitig.jpg","width":2560,"height":2560},{"@type":"BreadcrumbList","@id":"https:\/\/turschwellenrampe.de\/de\/turschwellenrampen\/schwellenrampen-gummi-3-seitig\/150-mm-gummi-schwellenrampe-3-seitig\/#breadcrumb","itemListElement":[{"@type":"ListItem","position":1,"name":"Home","item":"https:\/\/turschwellenrampe.de\/de\/"},{"@type":"ListItem","position":2,"name":"Shop","item":"https:\/\/turschwellenrampe.de\/de\/geschaft\/"},{"@type":"ListItem","position":3,"name":"150 mm &#8211; Gummi Schwellenrampe 3-seitig"}]},{"@type":"WebSite","@id":"https:\/\/turschwellenrampe.de\/de\/#website","url":"https:\/\/turschwellenrampe.de\/de\/","name":"Turschwellenrampe.de","description":"De Specialist in Toegankelijkheid","potentialAction":[{"@type":"SearchAction","target":{"@type":"EntryPoint","urlTemplate":"https:\/\/turschwellenrampe.de\/de\/?s={search_term_string}"},"query-input":{"@type":"PropertyValueSpecification","valueRequired":true,"valueName":"search_term_string"}}],"inLanguage":"de"}]}},"_links":{"self":[{"href":"https:\/\/turschwellenrampe.de\/de\/wp-json\/wp\/v2\/product\/14448","targetHints":{"allow":["GET"]}}],"collection":[{"href":"https:\/\/turschwellenrampe.de\/de\/wp-json\/wp\/v2\/product"}],"about":[{"href":"https:\/\/turschwellenrampe.de\/de\/wp-json\/wp\/v2\/types\/product"}],"replies":[{"embeddable":true,"href":"https:\/\/turschwellenrampe.de\/de\/wp-json\/wp\/v2\/comments?post=14448"}],"wp:featuredmedia":[{"embeddable":true,"href":"https:\/\/turschwellenrampe.de\/de\/wp-json\/wp\/v2\/media\/14645"}],"wp:attachment":[{"href":"https:\/\/turschwellenrampe.de\/de\/wp-json\/wp\/v2\/media?parent=14448"}],"wp:term":[{"taxonomy":"product_brand","embeddable":true,"href":"https:\/\/turschwellenrampe.de\/de\/wp-json\/wp\/v2\/product_brand?post=14448"},{"taxonomy":"product_cat","embeddable":true,"href":"https:\/\/turschwellenrampe.de\/de\/wp-json\/wp\/v2\/product_cat?post=14448"},{"taxonomy":"product_tag","embeddable":true,"href":"https:\/\/turschwellenrampe.de\/de\/wp-json\/wp\/v2\/product_tag?post=14448"}],"curies":[{"name":"wp","href":"https:\/\/api.w.org\/{rel}","templated":true}]}}