{"id":14442,"date":"2023-11-23T16:52:26","date_gmt":"2023-11-23T15:52:26","guid":{"rendered":"https:\/\/turschwellenrampe.de\/unkategorisiert\/06-cm-schwellenrampe-gummi-budget-grau\/"},"modified":"2026-02-28T16:00:31","modified_gmt":"2026-02-28T15:00:31","slug":"06-cm-schwellenrampe-gummi-budget-grau","status":"publish","type":"product","link":"https:\/\/turschwellenrampe.de\/de\/schwellenrampe-gummi-budget-grau\/06-cm-schwellenrampe-gummi-budget-grau\/","title":{"rendered":"0,6 cm &#8211; Schwellenrampe Gummi Budget grau"},"content":{"rendered":"<p>Diese T\u00fcrschwellenrampe aus Gummi haben eine Tragf\u00e4higkeit von bis zu 300 kg. Ideal f\u00fcr die \u00dcberwindung kleinerer Schwellen, z. B. mit einem Rollstuhl, Rollator oder Scooter. Diese Schwellen lassen sich leicht mit einem Stanley-Messer oder einer S\u00e4ge zuschneiden.<\/p>\n<p><strong>Spezifikationen:<\/strong><\/p>\n<ul>\n<li>H\u00f6he: 0,6 cm<\/li>\n<li>Breite: 90 cm<\/li>\n<li>Tiefe: 6 cm<\/li>\n<li>Produktgewicht: 0,3 kg<\/li>\n<li>Gewichtskapazit\u00e4t: 300 kg<\/li>\n<\/ul>\n","protected":false},"excerpt":{"rendered":"<p>Eine 0,6 cm hohe Schwellenrampe aus Gummi mit einer etwas weniger attraktiven Oberfl\u00e4che. Die T\u00fcrschwellenrampe ist f\u00fcr den Innen- und Au\u00dfenbereich geeignet und nahezu geruchsneutral. Erh\u00e4ltlich in den Breiten 90 und 100 cm, aber auch leicht zuschneidbar, z. B. mit einem Stanley-Messer.<\/p>\n<p><strong>Spezifikationen:<\/strong><\/p>\n<ul>\n<li class=\"m_2022748314769894965MsoListParagraph\">H\u00f6he: 0,6 cm<u><\/u><u><\/u><\/li>\n<li class=\"m_2022748314769894965MsoListParagraph\">Tiefe: 6 cm<u><\/u><u><\/u><\/li>\n<li class=\"m_2022748314769894965MsoListParagraph\">Optional: mit Klebestreifen<u><\/u><u><\/u><\/li>\n<li class=\"m_2022748314769894965MsoListParagraph\">Gewichtskapazit\u00e4t: 300 kg<u><\/u><u><\/u><\/li>\n<li class=\"m_2022748314769894965MsoListParagraph\">Produktgewicht: 0,3 kg<\/li>\n<\/ul>\n<p>&nbsp;<\/p>\n<p><strong>L\u00e4nge:<\/strong><\/p>\n<ul>\n<li>3 bis 8 cm H\u00f6he = 50 cm L\u00e4nge<\/li>\n<li>6,8 bis 15 cm H\u00f6he = 80 cm L\u00e4nge<\/li>\n<\/ul>\n","protected":false},"featured_media":13590,"comment_status":"closed","ping_status":"closed","template":"","meta":[],"product_brand":[],"product_cat":[885],"product_tag":[],"class_list":{"0":"post-14442","1":"product","2":"type-product","3":"status-publish","4":"has-post-thumbnail","6":"product_cat-schwellenrampe-gummi-budget-grau","7":"pa_kenmerk-1-fur-den-auseneinsatz","8":"pa_kenmerk-1-fur-den-innenbereich","9":"pa_kleur-variant-wielstoppers-dunkelgrau","11":"first","12":"instock","13":"sale","14":"taxable","15":"shipping-taxable","16":"purchasable","17":"product-type-variable","18":"has-default-attributes"},"yoast_head":"<!-- This site is optimized with the Yoast SEO plugin v27.5 - https:\/\/yoast.com\/product\/yoast-seo-wordpress\/ -->\n<title>0,6 cm - Schwellenrampe Gummi Budget grau - Turschwellenrampe.de<\/title>\n<meta name=\"robots\" content=\"index, follow, max-snippet:-1, max-image-preview:large, max-video-preview:-1\" \/>\n<link rel=\"canonical\" href=\"https:\/\/turschwellenrampe.de\/de\/schwellenrampe-gummi-budget-grau\/06-cm-schwellenrampe-gummi-budget-grau\/\" \/>\n<meta property=\"og:locale\" content=\"de_DE\" \/>\n<meta property=\"og:type\" content=\"article\" \/>\n<meta property=\"og:title\" content=\"0,6 cm - Schwellenrampe Gummi Budget grau - Turschwellenrampe.de\" \/>\n<meta property=\"og:description\" content=\"Eine 0,6 cm hohe Schwellenrampe aus Gummi mit einer etwas weniger attraktiven Oberfl\u00e4che. Die T\u00fcrschwellenrampe ist f\u00fcr den Innen- und Au\u00dfenbereich geeignet und nahezu geruchsneutral. Erh\u00e4ltlich in den Breiten 90 und 100 cm, aber auch leicht zuschneidbar, z. B. mit einem Stanley-Messer.  Spezifikationen:   H\u00f6he: 0,6 cm  Tiefe: 6 cm  Optional: mit Klebestreifen  Gewichtskapazit\u00e4t: 300 kg  Produktgewicht: 0,3 kg  &nbsp;  L\u00e4nge:   3 bis 8 cm H\u00f6he = 50 cm L\u00e4nge  6,8 bis 15 cm H\u00f6he = 80 cm L\u00e4nge\" \/>\n<meta property=\"og:url\" content=\"https:\/\/turschwellenrampe.de\/de\/schwellenrampe-gummi-budget-grau\/06-cm-schwellenrampe-gummi-budget-grau\/\" \/>\n<meta property=\"og:site_name\" content=\"Turschwellenrampe.de\" \/>\n<meta property=\"article:publisher\" content=\"https:\/\/www.facebook.com\/Drempelhulp\/\" \/>\n<meta property=\"article:modified_time\" content=\"2026-02-28T15:00:31+00:00\" \/>\n<meta property=\"og:image\" content=\"https:\/\/turschwellenrampe.de\/wp-content\/uploads\/2023\/11\/4.jpg\" \/>\n\t<meta property=\"og:image:width\" content=\"900\" \/>\n\t<meta property=\"og:image:height\" content=\"900\" \/>\n\t<meta property=\"og:image:type\" content=\"image\/jpeg\" \/>\n<meta name=\"twitter:card\" content=\"summary_large_image\" \/>\n<meta name=\"twitter:label1\" content=\"Gesch\u00e4tzte Lesezeit\" \/>\n\t<meta name=\"twitter:data1\" content=\"1\u00a0Minute\" \/>\n<script type=\"application\/ld+json\" class=\"yoast-schema-graph\">{\"@context\":\"https:\\\/\\\/schema.org\",\"@graph\":[{\"@type\":\"WebPage\",\"@id\":\"https:\\\/\\\/turschwellenrampe.de\\\/de\\\/schwellenrampe-gummi-budget-grau\\\/06-cm-schwellenrampe-gummi-budget-grau\\\/\",\"url\":\"https:\\\/\\\/turschwellenrampe.de\\\/de\\\/schwellenrampe-gummi-budget-grau\\\/06-cm-schwellenrampe-gummi-budget-grau\\\/\",\"name\":\"0,6 cm - Schwellenrampe Gummi Budget grau - Turschwellenrampe.de\",\"isPartOf\":{\"@id\":\"https:\\\/\\\/turschwellenrampe.de\\\/de\\\/#website\"},\"primaryImageOfPage\":{\"@id\":\"https:\\\/\\\/turschwellenrampe.de\\\/de\\\/schwellenrampe-gummi-budget-grau\\\/06-cm-schwellenrampe-gummi-budget-grau\\\/#primaryimage\"},\"image\":{\"@id\":\"https:\\\/\\\/turschwellenrampe.de\\\/de\\\/schwellenrampe-gummi-budget-grau\\\/06-cm-schwellenrampe-gummi-budget-grau\\\/#primaryimage\"},\"thumbnailUrl\":\"https:\\\/\\\/turschwellenrampe.de\\\/wp-content\\\/uploads\\\/2023\\\/11\\\/4.jpg\",\"datePublished\":\"2023-11-23T15:52:26+00:00\",\"dateModified\":\"2026-02-28T15:00:31+00:00\",\"breadcrumb\":{\"@id\":\"https:\\\/\\\/turschwellenrampe.de\\\/de\\\/schwellenrampe-gummi-budget-grau\\\/06-cm-schwellenrampe-gummi-budget-grau\\\/#breadcrumb\"},\"inLanguage\":\"de\",\"potentialAction\":[{\"@type\":\"ReadAction\",\"target\":[\"https:\\\/\\\/turschwellenrampe.de\\\/de\\\/schwellenrampe-gummi-budget-grau\\\/06-cm-schwellenrampe-gummi-budget-grau\\\/\"]}]},{\"@type\":\"ImageObject\",\"inLanguage\":\"de\",\"@id\":\"https:\\\/\\\/turschwellenrampe.de\\\/de\\\/schwellenrampe-gummi-budget-grau\\\/06-cm-schwellenrampe-gummi-budget-grau\\\/#primaryimage\",\"url\":\"https:\\\/\\\/turschwellenrampe.de\\\/wp-content\\\/uploads\\\/2023\\\/11\\\/4.jpg\",\"contentUrl\":\"https:\\\/\\\/turschwellenrampe.de\\\/wp-content\\\/uploads\\\/2023\\\/11\\\/4.jpg\",\"width\":900,\"height\":900},{\"@type\":\"BreadcrumbList\",\"@id\":\"https:\\\/\\\/turschwellenrampe.de\\\/de\\\/schwellenrampe-gummi-budget-grau\\\/06-cm-schwellenrampe-gummi-budget-grau\\\/#breadcrumb\",\"itemListElement\":[{\"@type\":\"ListItem\",\"position\":1,\"name\":\"Home\",\"item\":\"https:\\\/\\\/turschwellenrampe.de\\\/de\\\/\"},{\"@type\":\"ListItem\",\"position\":2,\"name\":\"Shop\",\"item\":\"https:\\\/\\\/turschwellenrampe.de\\\/de\\\/geschaft\\\/\"},{\"@type\":\"ListItem\",\"position\":3,\"name\":\"0,6 cm &#8211; Schwellenrampe Gummi Budget grau\"}]},{\"@type\":\"WebSite\",\"@id\":\"https:\\\/\\\/turschwellenrampe.de\\\/de\\\/#website\",\"url\":\"https:\\\/\\\/turschwellenrampe.de\\\/de\\\/\",\"name\":\"Turschwellenrampe.de\",\"description\":\"De Specialist in Toegankelijkheid\",\"potentialAction\":[{\"@type\":\"SearchAction\",\"target\":{\"@type\":\"EntryPoint\",\"urlTemplate\":\"https:\\\/\\\/turschwellenrampe.de\\\/de\\\/?s={search_term_string}\"},\"query-input\":{\"@type\":\"PropertyValueSpecification\",\"valueRequired\":true,\"valueName\":\"search_term_string\"}}],\"inLanguage\":\"de\"}]}<\/script>\n<!-- \/ Yoast SEO plugin. -->","yoast_head_json":{"title":"0,6 cm - Schwellenrampe Gummi Budget grau - Turschwellenrampe.de","robots":{"index":"index","follow":"follow","max-snippet":"max-snippet:-1","max-image-preview":"max-image-preview:large","max-video-preview":"max-video-preview:-1"},"canonical":"https:\/\/turschwellenrampe.de\/de\/schwellenrampe-gummi-budget-grau\/06-cm-schwellenrampe-gummi-budget-grau\/","og_locale":"de_DE","og_type":"article","og_title":"0,6 cm - Schwellenrampe Gummi Budget grau - Turschwellenrampe.de","og_description":"Eine 0,6 cm hohe Schwellenrampe aus Gummi mit einer etwas weniger attraktiven Oberfl\u00e4che. Die T\u00fcrschwellenrampe ist f\u00fcr den Innen- und Au\u00dfenbereich geeignet und nahezu geruchsneutral. Erh\u00e4ltlich in den Breiten 90 und 100 cm, aber auch leicht zuschneidbar, z. B. mit einem Stanley-Messer.  Spezifikationen:   H\u00f6he: 0,6 cm  Tiefe: 6 cm  Optional: mit Klebestreifen  Gewichtskapazit\u00e4t: 300 kg  Produktgewicht: 0,3 kg  &nbsp;  L\u00e4nge:   3 bis 8 cm H\u00f6he = 50 cm L\u00e4nge  6,8 bis 15 cm H\u00f6he = 80 cm L\u00e4nge","og_url":"https:\/\/turschwellenrampe.de\/de\/schwellenrampe-gummi-budget-grau\/06-cm-schwellenrampe-gummi-budget-grau\/","og_site_name":"Turschwellenrampe.de","article_publisher":"https:\/\/www.facebook.com\/Drempelhulp\/","article_modified_time":"2026-02-28T15:00:31+00:00","og_image":[{"width":900,"height":900,"url":"https:\/\/turschwellenrampe.de\/wp-content\/uploads\/2023\/11\/4.jpg","type":"image\/jpeg"}],"twitter_card":"summary_large_image","twitter_misc":{"Gesch\u00e4tzte Lesezeit":"1\u00a0Minute"},"schema":{"@context":"https:\/\/schema.org","@graph":[{"@type":"WebPage","@id":"https:\/\/turschwellenrampe.de\/de\/schwellenrampe-gummi-budget-grau\/06-cm-schwellenrampe-gummi-budget-grau\/","url":"https:\/\/turschwellenrampe.de\/de\/schwellenrampe-gummi-budget-grau\/06-cm-schwellenrampe-gummi-budget-grau\/","name":"0,6 cm - Schwellenrampe Gummi Budget grau - Turschwellenrampe.de","isPartOf":{"@id":"https:\/\/turschwellenrampe.de\/de\/#website"},"primaryImageOfPage":{"@id":"https:\/\/turschwellenrampe.de\/de\/schwellenrampe-gummi-budget-grau\/06-cm-schwellenrampe-gummi-budget-grau\/#primaryimage"},"image":{"@id":"https:\/\/turschwellenrampe.de\/de\/schwellenrampe-gummi-budget-grau\/06-cm-schwellenrampe-gummi-budget-grau\/#primaryimage"},"thumbnailUrl":"https:\/\/turschwellenrampe.de\/wp-content\/uploads\/2023\/11\/4.jpg","datePublished":"2023-11-23T15:52:26+00:00","dateModified":"2026-02-28T15:00:31+00:00","breadcrumb":{"@id":"https:\/\/turschwellenrampe.de\/de\/schwellenrampe-gummi-budget-grau\/06-cm-schwellenrampe-gummi-budget-grau\/#breadcrumb"},"inLanguage":"de","potentialAction":[{"@type":"ReadAction","target":["https:\/\/turschwellenrampe.de\/de\/schwellenrampe-gummi-budget-grau\/06-cm-schwellenrampe-gummi-budget-grau\/"]}]},{"@type":"ImageObject","inLanguage":"de","@id":"https:\/\/turschwellenrampe.de\/de\/schwellenrampe-gummi-budget-grau\/06-cm-schwellenrampe-gummi-budget-grau\/#primaryimage","url":"https:\/\/turschwellenrampe.de\/wp-content\/uploads\/2023\/11\/4.jpg","contentUrl":"https:\/\/turschwellenrampe.de\/wp-content\/uploads\/2023\/11\/4.jpg","width":900,"height":900},{"@type":"BreadcrumbList","@id":"https:\/\/turschwellenrampe.de\/de\/schwellenrampe-gummi-budget-grau\/06-cm-schwellenrampe-gummi-budget-grau\/#breadcrumb","itemListElement":[{"@type":"ListItem","position":1,"name":"Home","item":"https:\/\/turschwellenrampe.de\/de\/"},{"@type":"ListItem","position":2,"name":"Shop","item":"https:\/\/turschwellenrampe.de\/de\/geschaft\/"},{"@type":"ListItem","position":3,"name":"0,6 cm &#8211; Schwellenrampe Gummi Budget grau"}]},{"@type":"WebSite","@id":"https:\/\/turschwellenrampe.de\/de\/#website","url":"https:\/\/turschwellenrampe.de\/de\/","name":"Turschwellenrampe.de","description":"De Specialist in Toegankelijkheid","potentialAction":[{"@type":"SearchAction","target":{"@type":"EntryPoint","urlTemplate":"https:\/\/turschwellenrampe.de\/de\/?s={search_term_string}"},"query-input":{"@type":"PropertyValueSpecification","valueRequired":true,"valueName":"search_term_string"}}],"inLanguage":"de"}]}},"_links":{"self":[{"href":"https:\/\/turschwellenrampe.de\/de\/wp-json\/wp\/v2\/product\/14442","targetHints":{"allow":["GET"]}}],"collection":[{"href":"https:\/\/turschwellenrampe.de\/de\/wp-json\/wp\/v2\/product"}],"about":[{"href":"https:\/\/turschwellenrampe.de\/de\/wp-json\/wp\/v2\/types\/product"}],"replies":[{"embeddable":true,"href":"https:\/\/turschwellenrampe.de\/de\/wp-json\/wp\/v2\/comments?post=14442"}],"wp:featuredmedia":[{"embeddable":true,"href":"https:\/\/turschwellenrampe.de\/de\/wp-json\/wp\/v2\/media\/13590"}],"wp:attachment":[{"href":"https:\/\/turschwellenrampe.de\/de\/wp-json\/wp\/v2\/media?parent=14442"}],"wp:term":[{"taxonomy":"product_brand","embeddable":true,"href":"https:\/\/turschwellenrampe.de\/de\/wp-json\/wp\/v2\/product_brand?post=14442"},{"taxonomy":"product_cat","embeddable":true,"href":"https:\/\/turschwellenrampe.de\/de\/wp-json\/wp\/v2\/product_cat?post=14442"},{"taxonomy":"product_tag","embeddable":true,"href":"https:\/\/turschwellenrampe.de\/de\/wp-json\/wp\/v2\/product_tag?post=14442"}],"curies":[{"name":"wp","href":"https:\/\/api.w.org\/{rel}","templated":true}]}}