{"id":14416,"date":"2023-11-23T16:53:51","date_gmt":"2023-11-23T15:53:51","guid":{"rendered":"https:\/\/turschwellenrampe.de\/unkategorisiert\/bodenbelag-fuer-zelte\/"},"modified":"2024-01-18T16:57:28","modified_gmt":"2024-01-18T15:57:28","slug":"zeltbodenbelag","status":"publish","type":"product","link":"https:\/\/turschwellenrampe.de\/de\/bodenbelag-fuer-zelte\/zeltbodenbelag\/","title":{"rendered":"Bodenbelag f\u00fcr Zelte"},"content":{"rendered":"<p class=\"p1\">Dieser praktische Zeltbodenbelag ist ideal f\u00fcr den Einsatz beim Camping. Sie k\u00f6nnen diesen speziellen Bodenbelag schnell und einfach auf- und abbauen. Dieser Boden sorgt daf\u00fcr, dass Ihr Hab und Gut bei Regen trocken bleibt. Da Sie den Boden verlegt haben, bleiben Sie auch bei Regen trocken.<\/p>\n<p class=\"p1\">Ein gutes Wohnwagenvorzelt schafft einen zus\u00e4tzlichen, gem\u00fctlichen Raum, wenn Sie sich im Freien aufhalten. Es kann jedoch schwierig sein, eine gute Unterlage in Ihrem Vorzelt zu erhalten. Das Gleiche gilt f\u00fcr die Unterlage hinter der Theke eines Marktstandes. Das sch\u00f6ne Sommerwetter kann unberechenbar sein, und ein unebener Untergrund kann auf Dauer auch unangenehm zu begehen sein.<\/p>\n<p class=\"p1\"><strong>Wenn Sie sich f\u00fcr diese umweltfreundliche L\u00f6sung entscheiden, erhalten Sie:<\/strong><\/p>\n<p class=\"p1\">&#8211; Eine L\u00f6sung, die sich ohne Spezialwerkzeuge leicht montieren und demontieren l\u00e4sst<\/p>\n<p class=\"p1\">&#8211; Die Kunststofffliesen sind sehr leicht und einfach zu transportieren und nehmen nicht viel Platz weg, wenn sie nicht? gebraucht<\/p>\n<p class=\"p1\">&#8211; Leicht zu reinigen und resistent gegen alle g\u00e4ngigen Reinigungsmittel<\/p>\n<p class=\"p1\">&#8211; Durch die Fugen im Boden kippt er nicht um, wenn man ihn betritt<\/p>\n<p class=\"p1\">&#8211; Setzt keine Ger\u00fcche oder unerw\u00fcnschte Chemikalien frei<\/p>\n<p class=\"p1\">&#8211; Hergestellt aus recycelbarem Kunststoff.<\/p>\n<p class=\"p1\">Bei der Verlegung des Bodens ist es ratsam, den Unterboden zun\u00e4chst so eben wie m\u00f6glich zu gestalten. Um zu verhindern, dass Gras und kleine Tiere durch die kleinen L\u00f6cher in den Fliesen gelangen, k\u00f6nnen Sie eine Plane unter den Boden legen.<\/p>\n<p class=\"p1\">Beginnen Sie mit der Verlegung der Fliesen entlang des Wohnwagens oder im Zelt, in voller Breite, von links nach rechts. Verlegen Sie dann die Fliesen in der Tiefe, so dass Sie eine rechteckige Fl\u00e4che mit der Breite und Tiefe des Bodens erhalten. Nun k\u00f6nnen Sie die Fliesen auf der gesamten gew\u00fcnschten Fl\u00e4che verlegen, wobei die Fliesen an den Seiten eventuell zugeschnitten werden m\u00fcssen, damit sie genau in Ihr Zelt passen. Sie k\u00f6nnen dies mit einer gew\u00f6hnlichen Stichs\u00e4ge leicht tun. Zum Schluss setzen Sie die Winkelkeile an den Eingang des Vordachs.<\/p>\n<p class=\"p1\"><strong><span class=\"Apple-converted-space\">VORSICHT<\/span><\/strong><\/p>\n<p class=\"p1\">Wenn die Fliesen f\u00fcr die <span class=\"Apple-converted-space\">Winkelkeile<\/span> am Eingang zugeschnitten werden m\u00fcssen, muss dies an den Fliesen auf der Innenseite des Wagens\/der R\u00fcckseite des Fu\u00dfbodens geschehen, da es sonst keine M\u00f6glichkeit gibt, die Winkelkeile am Eingang zu befestigen.<\/p>\n<p>&nbsp;<\/p>\n","protected":false},"excerpt":{"rendered":"<p class=\"p1\">Dieser praktische Zeltbodenbelag ist ideal f\u00fcr den Einsatz beim Camping. Sie k\u00f6nnen diesen speziellen Bodenbelag schnell und einfach auf- und abbauen. Dieser Boden sorgt daf\u00fcr, dass Ihr Hab und Gut bei Regen trocken bleibt. Da Sie den Boden verlegt haben, bleiben Sie auch bei Regen trocken.<\/p>\n<p class=\"p1\">Ein gutes Wohnwagenvorzelt schafft einen zus\u00e4tzlichen, gem\u00fctlichen Raum, wenn Sie sich im Freien aufhalten. Es kann jedoch schwierig sein, eine gute Unterlage in Ihrem Vorzelt zu erhalten. Das Gleiche gilt f\u00fcr die Unterlage hinter der Theke eines Marktstandes. Das sch\u00f6ne Sommerwetter kann unberechenbar sein, und ein unebener Untergrund kann auf Dauer auch unangenehm zu begehen sein.<\/p>\n","protected":false},"featured_media":13630,"comment_status":"closed","ping_status":"closed","template":"","meta":[],"product_brand":[],"product_cat":[924],"product_tag":[],"class_list":{"0":"post-14416","1":"product","2":"type-product","3":"status-publish","4":"has-post-thumbnail","6":"product_cat-bodenbelag-fuer-zelte","8":"first","9":"instock","10":"taxable","11":"shipping-taxable","12":"product-type-simple"},"yoast_head":"<!-- This site is optimized with the Yoast SEO plugin v27.5 - https:\/\/yoast.com\/product\/yoast-seo-wordpress\/ -->\n<title>Bodenbelag f\u00fcr Zelte - Turschwellenrampe.de<\/title>\n<meta name=\"robots\" content=\"index, follow, max-snippet:-1, max-image-preview:large, max-video-preview:-1\" \/>\n<link rel=\"canonical\" href=\"https:\/\/turschwellenrampe.de\/de\/bodenbelag-fuer-zelte\/zeltbodenbelag\/\" \/>\n<meta property=\"og:locale\" content=\"de_DE\" \/>\n<meta property=\"og:type\" content=\"article\" \/>\n<meta property=\"og:title\" content=\"Bodenbelag f\u00fcr Zelte - Turschwellenrampe.de\" \/>\n<meta property=\"og:description\" content=\"Dieser praktische Zeltbodenbelag ist ideal f\u00fcr den Einsatz beim Camping. Sie k\u00f6nnen diesen speziellen Bodenbelag schnell und einfach auf- und abbauen. Dieser Boden sorgt daf\u00fcr, dass Ihr Hab und Gut bei Regen trocken bleibt. Da Sie den Boden verlegt haben, bleiben Sie auch bei Regen trocken. Ein gutes Wohnwagenvorzelt schafft einen zus\u00e4tzlichen, gem\u00fctlichen Raum, wenn Sie sich im Freien aufhalten. Es kann jedoch schwierig sein, eine gute Unterlage in Ihrem Vorzelt zu erhalten. Das Gleiche gilt f\u00fcr die Unterlage hinter der Theke eines Marktstandes. Das sch\u00f6ne Sommerwetter kann unberechenbar sein, und ein unebener Untergrund kann auf Dauer auch unangenehm zu begehen sein.\" \/>\n<meta property=\"og:url\" content=\"https:\/\/turschwellenrampe.de\/de\/bodenbelag-fuer-zelte\/zeltbodenbelag\/\" \/>\n<meta property=\"og:site_name\" content=\"Turschwellenrampe.de\" \/>\n<meta property=\"article:publisher\" content=\"https:\/\/www.facebook.com\/Drempelhulp\/\" \/>\n<meta property=\"article:modified_time\" content=\"2024-01-18T15:57:28+00:00\" \/>\n<meta property=\"og:image\" content=\"https:\/\/turschwellenrampe.de\/wp-content\/uploads\/2023\/11\/Trin-3.jpeg\" \/>\n\t<meta property=\"og:image:width\" content=\"800\" \/>\n\t<meta property=\"og:image:height\" content=\"600\" \/>\n\t<meta property=\"og:image:type\" content=\"image\/jpeg\" \/>\n<meta name=\"twitter:card\" content=\"summary_large_image\" \/>\n<meta name=\"twitter:label1\" content=\"Gesch\u00e4tzte Lesezeit\" \/>\n\t<meta name=\"twitter:data1\" content=\"2\u00a0Minuten\" \/>\n<script type=\"application\/ld+json\" class=\"yoast-schema-graph\">{\"@context\":\"https:\\\/\\\/schema.org\",\"@graph\":[{\"@type\":\"WebPage\",\"@id\":\"https:\\\/\\\/turschwellenrampe.de\\\/de\\\/bodenbelag-fuer-zelte\\\/zeltbodenbelag\\\/\",\"url\":\"https:\\\/\\\/turschwellenrampe.de\\\/de\\\/bodenbelag-fuer-zelte\\\/zeltbodenbelag\\\/\",\"name\":\"Bodenbelag f\u00fcr Zelte - Turschwellenrampe.de\",\"isPartOf\":{\"@id\":\"https:\\\/\\\/turschwellenrampe.de\\\/de\\\/#website\"},\"primaryImageOfPage\":{\"@id\":\"https:\\\/\\\/turschwellenrampe.de\\\/de\\\/bodenbelag-fuer-zelte\\\/zeltbodenbelag\\\/#primaryimage\"},\"image\":{\"@id\":\"https:\\\/\\\/turschwellenrampe.de\\\/de\\\/bodenbelag-fuer-zelte\\\/zeltbodenbelag\\\/#primaryimage\"},\"thumbnailUrl\":\"https:\\\/\\\/turschwellenrampe.de\\\/wp-content\\\/uploads\\\/2023\\\/11\\\/Trin-3.jpeg\",\"datePublished\":\"2023-11-23T15:53:51+00:00\",\"dateModified\":\"2024-01-18T15:57:28+00:00\",\"breadcrumb\":{\"@id\":\"https:\\\/\\\/turschwellenrampe.de\\\/de\\\/bodenbelag-fuer-zelte\\\/zeltbodenbelag\\\/#breadcrumb\"},\"inLanguage\":\"de\",\"potentialAction\":[{\"@type\":\"ReadAction\",\"target\":[\"https:\\\/\\\/turschwellenrampe.de\\\/de\\\/bodenbelag-fuer-zelte\\\/zeltbodenbelag\\\/\"]}]},{\"@type\":\"ImageObject\",\"inLanguage\":\"de\",\"@id\":\"https:\\\/\\\/turschwellenrampe.de\\\/de\\\/bodenbelag-fuer-zelte\\\/zeltbodenbelag\\\/#primaryimage\",\"url\":\"https:\\\/\\\/turschwellenrampe.de\\\/wp-content\\\/uploads\\\/2023\\\/11\\\/Trin-3.jpeg\",\"contentUrl\":\"https:\\\/\\\/turschwellenrampe.de\\\/wp-content\\\/uploads\\\/2023\\\/11\\\/Trin-3.jpeg\",\"width\":800,\"height\":600},{\"@type\":\"BreadcrumbList\",\"@id\":\"https:\\\/\\\/turschwellenrampe.de\\\/de\\\/bodenbelag-fuer-zelte\\\/zeltbodenbelag\\\/#breadcrumb\",\"itemListElement\":[{\"@type\":\"ListItem\",\"position\":1,\"name\":\"Home\",\"item\":\"https:\\\/\\\/turschwellenrampe.de\\\/de\\\/\"},{\"@type\":\"ListItem\",\"position\":2,\"name\":\"Shop\",\"item\":\"https:\\\/\\\/turschwellenrampe.de\\\/de\\\/geschaft\\\/\"},{\"@type\":\"ListItem\",\"position\":3,\"name\":\"Bodenbelag f\u00fcr Zelte\"}]},{\"@type\":\"WebSite\",\"@id\":\"https:\\\/\\\/turschwellenrampe.de\\\/de\\\/#website\",\"url\":\"https:\\\/\\\/turschwellenrampe.de\\\/de\\\/\",\"name\":\"Turschwellenrampe.de\",\"description\":\"De Specialist in Toegankelijkheid\",\"potentialAction\":[{\"@type\":\"SearchAction\",\"target\":{\"@type\":\"EntryPoint\",\"urlTemplate\":\"https:\\\/\\\/turschwellenrampe.de\\\/de\\\/?s={search_term_string}\"},\"query-input\":{\"@type\":\"PropertyValueSpecification\",\"valueRequired\":true,\"valueName\":\"search_term_string\"}}],\"inLanguage\":\"de\"}]}<\/script>\n<!-- \/ Yoast SEO plugin. -->","yoast_head_json":{"title":"Bodenbelag f\u00fcr Zelte - Turschwellenrampe.de","robots":{"index":"index","follow":"follow","max-snippet":"max-snippet:-1","max-image-preview":"max-image-preview:large","max-video-preview":"max-video-preview:-1"},"canonical":"https:\/\/turschwellenrampe.de\/de\/bodenbelag-fuer-zelte\/zeltbodenbelag\/","og_locale":"de_DE","og_type":"article","og_title":"Bodenbelag f\u00fcr Zelte - Turschwellenrampe.de","og_description":"Dieser praktische Zeltbodenbelag ist ideal f\u00fcr den Einsatz beim Camping. Sie k\u00f6nnen diesen speziellen Bodenbelag schnell und einfach auf- und abbauen. Dieser Boden sorgt daf\u00fcr, dass Ihr Hab und Gut bei Regen trocken bleibt. Da Sie den Boden verlegt haben, bleiben Sie auch bei Regen trocken. Ein gutes Wohnwagenvorzelt schafft einen zus\u00e4tzlichen, gem\u00fctlichen Raum, wenn Sie sich im Freien aufhalten. Es kann jedoch schwierig sein, eine gute Unterlage in Ihrem Vorzelt zu erhalten. Das Gleiche gilt f\u00fcr die Unterlage hinter der Theke eines Marktstandes. Das sch\u00f6ne Sommerwetter kann unberechenbar sein, und ein unebener Untergrund kann auf Dauer auch unangenehm zu begehen sein.","og_url":"https:\/\/turschwellenrampe.de\/de\/bodenbelag-fuer-zelte\/zeltbodenbelag\/","og_site_name":"Turschwellenrampe.de","article_publisher":"https:\/\/www.facebook.com\/Drempelhulp\/","article_modified_time":"2024-01-18T15:57:28+00:00","og_image":[{"width":800,"height":600,"url":"https:\/\/turschwellenrampe.de\/wp-content\/uploads\/2023\/11\/Trin-3.jpeg","type":"image\/jpeg"}],"twitter_card":"summary_large_image","twitter_misc":{"Gesch\u00e4tzte Lesezeit":"2\u00a0Minuten"},"schema":{"@context":"https:\/\/schema.org","@graph":[{"@type":"WebPage","@id":"https:\/\/turschwellenrampe.de\/de\/bodenbelag-fuer-zelte\/zeltbodenbelag\/","url":"https:\/\/turschwellenrampe.de\/de\/bodenbelag-fuer-zelte\/zeltbodenbelag\/","name":"Bodenbelag f\u00fcr Zelte - Turschwellenrampe.de","isPartOf":{"@id":"https:\/\/turschwellenrampe.de\/de\/#website"},"primaryImageOfPage":{"@id":"https:\/\/turschwellenrampe.de\/de\/bodenbelag-fuer-zelte\/zeltbodenbelag\/#primaryimage"},"image":{"@id":"https:\/\/turschwellenrampe.de\/de\/bodenbelag-fuer-zelte\/zeltbodenbelag\/#primaryimage"},"thumbnailUrl":"https:\/\/turschwellenrampe.de\/wp-content\/uploads\/2023\/11\/Trin-3.jpeg","datePublished":"2023-11-23T15:53:51+00:00","dateModified":"2024-01-18T15:57:28+00:00","breadcrumb":{"@id":"https:\/\/turschwellenrampe.de\/de\/bodenbelag-fuer-zelte\/zeltbodenbelag\/#breadcrumb"},"inLanguage":"de","potentialAction":[{"@type":"ReadAction","target":["https:\/\/turschwellenrampe.de\/de\/bodenbelag-fuer-zelte\/zeltbodenbelag\/"]}]},{"@type":"ImageObject","inLanguage":"de","@id":"https:\/\/turschwellenrampe.de\/de\/bodenbelag-fuer-zelte\/zeltbodenbelag\/#primaryimage","url":"https:\/\/turschwellenrampe.de\/wp-content\/uploads\/2023\/11\/Trin-3.jpeg","contentUrl":"https:\/\/turschwellenrampe.de\/wp-content\/uploads\/2023\/11\/Trin-3.jpeg","width":800,"height":600},{"@type":"BreadcrumbList","@id":"https:\/\/turschwellenrampe.de\/de\/bodenbelag-fuer-zelte\/zeltbodenbelag\/#breadcrumb","itemListElement":[{"@type":"ListItem","position":1,"name":"Home","item":"https:\/\/turschwellenrampe.de\/de\/"},{"@type":"ListItem","position":2,"name":"Shop","item":"https:\/\/turschwellenrampe.de\/de\/geschaft\/"},{"@type":"ListItem","position":3,"name":"Bodenbelag f\u00fcr Zelte"}]},{"@type":"WebSite","@id":"https:\/\/turschwellenrampe.de\/de\/#website","url":"https:\/\/turschwellenrampe.de\/de\/","name":"Turschwellenrampe.de","description":"De Specialist in Toegankelijkheid","potentialAction":[{"@type":"SearchAction","target":{"@type":"EntryPoint","urlTemplate":"https:\/\/turschwellenrampe.de\/de\/?s={search_term_string}"},"query-input":{"@type":"PropertyValueSpecification","valueRequired":true,"valueName":"search_term_string"}}],"inLanguage":"de"}]}},"_links":{"self":[{"href":"https:\/\/turschwellenrampe.de\/de\/wp-json\/wp\/v2\/product\/14416","targetHints":{"allow":["GET"]}}],"collection":[{"href":"https:\/\/turschwellenrampe.de\/de\/wp-json\/wp\/v2\/product"}],"about":[{"href":"https:\/\/turschwellenrampe.de\/de\/wp-json\/wp\/v2\/types\/product"}],"replies":[{"embeddable":true,"href":"https:\/\/turschwellenrampe.de\/de\/wp-json\/wp\/v2\/comments?post=14416"}],"wp:featuredmedia":[{"embeddable":true,"href":"https:\/\/turschwellenrampe.de\/de\/wp-json\/wp\/v2\/media\/13630"}],"wp:attachment":[{"href":"https:\/\/turschwellenrampe.de\/de\/wp-json\/wp\/v2\/media?parent=14416"}],"wp:term":[{"taxonomy":"product_brand","embeddable":true,"href":"https:\/\/turschwellenrampe.de\/de\/wp-json\/wp\/v2\/product_brand?post=14416"},{"taxonomy":"product_cat","embeddable":true,"href":"https:\/\/turschwellenrampe.de\/de\/wp-json\/wp\/v2\/product_cat?post=14416"},{"taxonomy":"product_tag","embeddable":true,"href":"https:\/\/turschwellenrampe.de\/de\/wp-json\/wp\/v2\/product_tag?post=14416"}],"curies":[{"name":"wp","href":"https:\/\/api.w.org\/{rel}","templated":true}]}}