{"id":14395,"date":"2023-11-23T16:54:44","date_gmt":"2023-11-23T15:54:44","guid":{"rendered":"https:\/\/turschwellenrampe.de\/unkategorisiert\/gummy-ramp-72-mm\/"},"modified":"2026-04-17T10:09:21","modified_gmt":"2026-04-17T08:09:21","slug":"gummy-ramp-72-mm","status":"publish","type":"product","link":"https:\/\/turschwellenrampe.de\/de\/turschwellenrampen\/turschwellenrampen-gummi\/gummy-ramp-72-mm\/","title":{"rendered":"Gummy ramp 72 mm"},"content":{"rendered":"<p><strong>Gummy-Rampen<\/strong> sind die ideale L\u00f6sung f\u00fcr die Anpassung kleinerer <strong>Schwellen<\/strong>. Die <strong>Schwelleneinrichtung<\/strong> ist optional mit einem Klebestreifen auf der Unterseite ausgestattet, so dass sie schnell verlegt und mit einem Stanley-Messer einfach zugeschnitten werden kann. Ideal f\u00fcr <strong>Rollst\u00fchle<\/strong> und <strong>Rollatoren<\/strong>.<\/p>\n<p><strong>Vorteile:<\/strong><\/p>\n<ul>\n<li>Mit gerippter, rutschfester Oberfl\u00e4che<\/li>\n<li>Farbe dunkelgrau<\/li>\n<li>Hergestellt aus Gummi Typ TPE<\/li>\n<li><strong>H\u00f6he: 7,2 cm<\/strong><\/li>\n<li>Tiefe: 35 cm<\/li>\n<li>Optional: mit einem Klebestreifen auf der Unterseite versehen<\/li>\n<\/ul>\n","protected":false},"excerpt":{"rendered":"<p>Eine 7,2 cm hohe Schwellenrampe aus Gummi, die f\u00fcr den Innen- und Au\u00dfenbereich geeignet ist. Die T\u00fcrschwellenrampe ist v\u00f6llig geruchsneutral und in Breiten von 70 bis 100 cm erh\u00e4ltlich, l\u00e4sst sich aber auch problemlos z. B. mit einem Stanley-Messer zuschneiden.<\/p>\n<p><strong>Spezifikationen<\/strong><\/p>\n<ul>\n<li class=\"m_1772965531054609676MsoListParagraph\">H\u00f6he: 7,2 cm<u><\/u><u><\/u><\/li>\n<li class=\"m_1772965531054609676MsoListParagraph\">Tiefe: 35 cm<u><\/u><u><\/u><\/li>\n<li class=\"m_1772965531054609676MsoListParagraph\">Optional: mit Klebestreifen<u><\/u><u><\/u><\/li>\n<li class=\"m_1772965531054609676MsoListParagraph\">Gewichtskapazit\u00e4t: 300 kg<u><\/u><u><\/u><\/li>\n<li class=\"m_1772965531054609676MsoListParagraph\">V\u00f6llig geruchsneutral<\/li>\n<\/ul>\n","protected":false},"featured_media":13633,"comment_status":"open","ping_status":"closed","template":"","meta":[],"product_brand":[],"product_cat":[517],"product_tag":[557],"class_list":{"0":"post-14395","1":"product","2":"type-product","3":"status-publish","4":"has-post-thumbnail","6":"product_cat-turschwellenrampen-gummi","7":"product_tag-hohe-6-bis-8-cm","8":"pa_kenmerk-1-fur-den-auseneinsatz","9":"pa_kenmerk-1-fur-den-innenbereich","10":"pa_kleur-variant-wielstoppers-dunkelgrau","12":"first","13":"instock","14":"taxable","15":"shipping-taxable","16":"purchasable","17":"product-type-variable","18":"has-default-attributes"},"yoast_head":"<!-- This site is optimized with the Yoast SEO plugin v27.3 - https:\/\/yoast.com\/product\/yoast-seo-wordpress\/ -->\n<title>Gummy ramp 72 mm - Turschwellenrampe.de<\/title>\n<meta name=\"robots\" content=\"index, follow, max-snippet:-1, max-image-preview:large, max-video-preview:-1\" \/>\n<link rel=\"canonical\" href=\"https:\/\/turschwellenrampe.de\/de\/turschwellenrampen\/turschwellenrampen-gummi\/gummy-ramp-72-mm\/\" \/>\n<meta property=\"og:locale\" content=\"de_DE\" \/>\n<meta property=\"og:type\" content=\"article\" \/>\n<meta property=\"og:title\" content=\"Gummy ramp 72 mm - Turschwellenrampe.de\" \/>\n<meta property=\"og:description\" content=\"Eine 7,2 cm hohe Schwellenrampe aus Gummi, die f\u00fcr den Innen- und Au\u00dfenbereich geeignet ist. Die T\u00fcrschwellenrampe ist v\u00f6llig geruchsneutral und in Breiten von 70 bis 100 cm erh\u00e4ltlich, l\u00e4sst sich aber auch problemlos z. B. mit einem Stanley-Messer zuschneiden. Spezifikationen  H\u00f6he: 7,2 cm  Tiefe: 35 cm  Optional: mit Klebestreifen  Gewichtskapazit\u00e4t: 300 kg  V\u00f6llig geruchsneutral\" \/>\n<meta property=\"og:url\" content=\"https:\/\/turschwellenrampe.de\/de\/turschwellenrampen\/turschwellenrampen-gummi\/gummy-ramp-72-mm\/\" \/>\n<meta property=\"og:site_name\" content=\"Turschwellenrampe.de\" \/>\n<meta property=\"article:publisher\" content=\"https:\/\/www.facebook.com\/Drempelhulp\/\" \/>\n<meta property=\"article:modified_time\" content=\"2026-04-17T08:09:21+00:00\" \/>\n<meta property=\"og:image\" content=\"https:\/\/turschwellenrampe.de\/wp-content\/uploads\/2023\/11\/Gummy-ramp-hoofd-square.png\" \/>\n\t<meta property=\"og:image:width\" content=\"450\" \/>\n\t<meta property=\"og:image:height\" content=\"450\" \/>\n\t<meta property=\"og:image:type\" content=\"image\/png\" \/>\n<meta name=\"twitter:card\" content=\"summary_large_image\" \/>\n<script type=\"application\/ld+json\" class=\"yoast-schema-graph\">{\"@context\":\"https:\\\/\\\/schema.org\",\"@graph\":[{\"@type\":\"WebPage\",\"@id\":\"https:\\\/\\\/turschwellenrampe.de\\\/de\\\/turschwellenrampen\\\/turschwellenrampen-gummi\\\/gummy-ramp-72-mm\\\/\",\"url\":\"https:\\\/\\\/turschwellenrampe.de\\\/de\\\/turschwellenrampen\\\/turschwellenrampen-gummi\\\/gummy-ramp-72-mm\\\/\",\"name\":\"Gummy ramp 72 mm - Turschwellenrampe.de\",\"isPartOf\":{\"@id\":\"https:\\\/\\\/turschwellenrampe.de\\\/de\\\/#website\"},\"primaryImageOfPage\":{\"@id\":\"https:\\\/\\\/turschwellenrampe.de\\\/de\\\/turschwellenrampen\\\/turschwellenrampen-gummi\\\/gummy-ramp-72-mm\\\/#primaryimage\"},\"image\":{\"@id\":\"https:\\\/\\\/turschwellenrampe.de\\\/de\\\/turschwellenrampen\\\/turschwellenrampen-gummi\\\/gummy-ramp-72-mm\\\/#primaryimage\"},\"thumbnailUrl\":\"https:\\\/\\\/turschwellenrampe.de\\\/wp-content\\\/uploads\\\/2023\\\/11\\\/Gummy-ramp-hoofd-square.png\",\"datePublished\":\"2023-11-23T15:54:44+00:00\",\"dateModified\":\"2026-04-17T08:09:21+00:00\",\"breadcrumb\":{\"@id\":\"https:\\\/\\\/turschwellenrampe.de\\\/de\\\/turschwellenrampen\\\/turschwellenrampen-gummi\\\/gummy-ramp-72-mm\\\/#breadcrumb\"},\"inLanguage\":\"de\",\"potentialAction\":[{\"@type\":\"ReadAction\",\"target\":[\"https:\\\/\\\/turschwellenrampe.de\\\/de\\\/turschwellenrampen\\\/turschwellenrampen-gummi\\\/gummy-ramp-72-mm\\\/\"]}]},{\"@type\":\"ImageObject\",\"inLanguage\":\"de\",\"@id\":\"https:\\\/\\\/turschwellenrampe.de\\\/de\\\/turschwellenrampen\\\/turschwellenrampen-gummi\\\/gummy-ramp-72-mm\\\/#primaryimage\",\"url\":\"https:\\\/\\\/turschwellenrampe.de\\\/wp-content\\\/uploads\\\/2023\\\/11\\\/Gummy-ramp-hoofd-square.png\",\"contentUrl\":\"https:\\\/\\\/turschwellenrampe.de\\\/wp-content\\\/uploads\\\/2023\\\/11\\\/Gummy-ramp-hoofd-square.png\",\"width\":450,\"height\":450},{\"@type\":\"BreadcrumbList\",\"@id\":\"https:\\\/\\\/turschwellenrampe.de\\\/de\\\/turschwellenrampen\\\/turschwellenrampen-gummi\\\/gummy-ramp-72-mm\\\/#breadcrumb\",\"itemListElement\":[{\"@type\":\"ListItem\",\"position\":1,\"name\":\"Home\",\"item\":\"https:\\\/\\\/turschwellenrampe.de\\\/de\\\/\"},{\"@type\":\"ListItem\",\"position\":2,\"name\":\"Shop\",\"item\":\"https:\\\/\\\/turschwellenrampe.de\\\/de\\\/geschaft\\\/\"},{\"@type\":\"ListItem\",\"position\":3,\"name\":\"Gummy ramp 72 mm\"}]},{\"@type\":\"WebSite\",\"@id\":\"https:\\\/\\\/turschwellenrampe.de\\\/de\\\/#website\",\"url\":\"https:\\\/\\\/turschwellenrampe.de\\\/de\\\/\",\"name\":\"Turschwellenrampe.de\",\"description\":\"De Specialist in Toegankelijkheid\",\"potentialAction\":[{\"@type\":\"SearchAction\",\"target\":{\"@type\":\"EntryPoint\",\"urlTemplate\":\"https:\\\/\\\/turschwellenrampe.de\\\/de\\\/?s={search_term_string}\"},\"query-input\":{\"@type\":\"PropertyValueSpecification\",\"valueRequired\":true,\"valueName\":\"search_term_string\"}}],\"inLanguage\":\"de\"}]}<\/script>\n<!-- \/ Yoast SEO plugin. -->","yoast_head_json":{"title":"Gummy ramp 72 mm - Turschwellenrampe.de","robots":{"index":"index","follow":"follow","max-snippet":"max-snippet:-1","max-image-preview":"max-image-preview:large","max-video-preview":"max-video-preview:-1"},"canonical":"https:\/\/turschwellenrampe.de\/de\/turschwellenrampen\/turschwellenrampen-gummi\/gummy-ramp-72-mm\/","og_locale":"de_DE","og_type":"article","og_title":"Gummy ramp 72 mm - Turschwellenrampe.de","og_description":"Eine 7,2 cm hohe Schwellenrampe aus Gummi, die f\u00fcr den Innen- und Au\u00dfenbereich geeignet ist. Die T\u00fcrschwellenrampe ist v\u00f6llig geruchsneutral und in Breiten von 70 bis 100 cm erh\u00e4ltlich, l\u00e4sst sich aber auch problemlos z. B. mit einem Stanley-Messer zuschneiden. Spezifikationen  H\u00f6he: 7,2 cm  Tiefe: 35 cm  Optional: mit Klebestreifen  Gewichtskapazit\u00e4t: 300 kg  V\u00f6llig geruchsneutral","og_url":"https:\/\/turschwellenrampe.de\/de\/turschwellenrampen\/turschwellenrampen-gummi\/gummy-ramp-72-mm\/","og_site_name":"Turschwellenrampe.de","article_publisher":"https:\/\/www.facebook.com\/Drempelhulp\/","article_modified_time":"2026-04-17T08:09:21+00:00","og_image":[{"width":450,"height":450,"url":"https:\/\/turschwellenrampe.de\/wp-content\/uploads\/2023\/11\/Gummy-ramp-hoofd-square.png","type":"image\/png"}],"twitter_card":"summary_large_image","schema":{"@context":"https:\/\/schema.org","@graph":[{"@type":"WebPage","@id":"https:\/\/turschwellenrampe.de\/de\/turschwellenrampen\/turschwellenrampen-gummi\/gummy-ramp-72-mm\/","url":"https:\/\/turschwellenrampe.de\/de\/turschwellenrampen\/turschwellenrampen-gummi\/gummy-ramp-72-mm\/","name":"Gummy ramp 72 mm - Turschwellenrampe.de","isPartOf":{"@id":"https:\/\/turschwellenrampe.de\/de\/#website"},"primaryImageOfPage":{"@id":"https:\/\/turschwellenrampe.de\/de\/turschwellenrampen\/turschwellenrampen-gummi\/gummy-ramp-72-mm\/#primaryimage"},"image":{"@id":"https:\/\/turschwellenrampe.de\/de\/turschwellenrampen\/turschwellenrampen-gummi\/gummy-ramp-72-mm\/#primaryimage"},"thumbnailUrl":"https:\/\/turschwellenrampe.de\/wp-content\/uploads\/2023\/11\/Gummy-ramp-hoofd-square.png","datePublished":"2023-11-23T15:54:44+00:00","dateModified":"2026-04-17T08:09:21+00:00","breadcrumb":{"@id":"https:\/\/turschwellenrampe.de\/de\/turschwellenrampen\/turschwellenrampen-gummi\/gummy-ramp-72-mm\/#breadcrumb"},"inLanguage":"de","potentialAction":[{"@type":"ReadAction","target":["https:\/\/turschwellenrampe.de\/de\/turschwellenrampen\/turschwellenrampen-gummi\/gummy-ramp-72-mm\/"]}]},{"@type":"ImageObject","inLanguage":"de","@id":"https:\/\/turschwellenrampe.de\/de\/turschwellenrampen\/turschwellenrampen-gummi\/gummy-ramp-72-mm\/#primaryimage","url":"https:\/\/turschwellenrampe.de\/wp-content\/uploads\/2023\/11\/Gummy-ramp-hoofd-square.png","contentUrl":"https:\/\/turschwellenrampe.de\/wp-content\/uploads\/2023\/11\/Gummy-ramp-hoofd-square.png","width":450,"height":450},{"@type":"BreadcrumbList","@id":"https:\/\/turschwellenrampe.de\/de\/turschwellenrampen\/turschwellenrampen-gummi\/gummy-ramp-72-mm\/#breadcrumb","itemListElement":[{"@type":"ListItem","position":1,"name":"Home","item":"https:\/\/turschwellenrampe.de\/de\/"},{"@type":"ListItem","position":2,"name":"Shop","item":"https:\/\/turschwellenrampe.de\/de\/geschaft\/"},{"@type":"ListItem","position":3,"name":"Gummy ramp 72 mm"}]},{"@type":"WebSite","@id":"https:\/\/turschwellenrampe.de\/de\/#website","url":"https:\/\/turschwellenrampe.de\/de\/","name":"Turschwellenrampe.de","description":"De Specialist in Toegankelijkheid","potentialAction":[{"@type":"SearchAction","target":{"@type":"EntryPoint","urlTemplate":"https:\/\/turschwellenrampe.de\/de\/?s={search_term_string}"},"query-input":{"@type":"PropertyValueSpecification","valueRequired":true,"valueName":"search_term_string"}}],"inLanguage":"de"}]}},"_links":{"self":[{"href":"https:\/\/turschwellenrampe.de\/de\/wp-json\/wp\/v2\/product\/14395","targetHints":{"allow":["GET"]}}],"collection":[{"href":"https:\/\/turschwellenrampe.de\/de\/wp-json\/wp\/v2\/product"}],"about":[{"href":"https:\/\/turschwellenrampe.de\/de\/wp-json\/wp\/v2\/types\/product"}],"replies":[{"embeddable":true,"href":"https:\/\/turschwellenrampe.de\/de\/wp-json\/wp\/v2\/comments?post=14395"}],"wp:featuredmedia":[{"embeddable":true,"href":"https:\/\/turschwellenrampe.de\/de\/wp-json\/wp\/v2\/media\/13633"}],"wp:attachment":[{"href":"https:\/\/turschwellenrampe.de\/de\/wp-json\/wp\/v2\/media?parent=14395"}],"wp:term":[{"taxonomy":"product_brand","embeddable":true,"href":"https:\/\/turschwellenrampe.de\/de\/wp-json\/wp\/v2\/product_brand?post=14395"},{"taxonomy":"product_cat","embeddable":true,"href":"https:\/\/turschwellenrampe.de\/de\/wp-json\/wp\/v2\/product_cat?post=14395"},{"taxonomy":"product_tag","embeddable":true,"href":"https:\/\/turschwellenrampe.de\/de\/wp-json\/wp\/v2\/product_tag?post=14395"}],"curies":[{"name":"wp","href":"https:\/\/api.w.org\/{rel}","templated":true}]}}