{"id":14391,"date":"2023-11-23T16:59:34","date_gmt":"2023-11-23T15:59:34","guid":{"rendered":"https:\/\/turschwellenrampe.de\/unkategorisiert\/schwellenrampe-7-bis-15-cm-hoch-und-79-cm-breit-bis-zu-250-kg-aluminium\/"},"modified":"2026-04-16T16:38:59","modified_gmt":"2026-04-16T14:38:59","slug":"schwellenrampe-7-bis-15-cm-hoch-und-79-cm-breit-bis-zu-250-kg-aluminium","status":"publish","type":"product","link":"https:\/\/turschwellenrampe.de\/de\/turschwellenrampen\/schwellenrampen-aluminium\/schwellenrampe-7-bis-15-cm-hoch-und-79-cm-breit-bis-zu-250-kg-aluminium\/","title":{"rendered":"Schwellenrampe 7 bis 15 cm hoch und 79 cm breit &#8211; bis zu 250 kg &#8211; Aluminium"},"content":{"rendered":"<p>Diese <strong>Aluminium<\/strong>-Schwellenrampe ist ideal f\u00fcr Ihren <strong>Rollator, Scooter oder Rollstuhl<\/strong>. Dank der <strong>rutschfesten Beschichtung<\/strong> auf der Unterseite der Schwelle bleibt die Platte w\u00e4hrend der Benutzung fest an ihrem Platz. Die T\u00fcrschwellenrampe kann Gewichte von bis zu <strong>250 kg<\/strong> tragen und verbiegt sich daher nicht. Da diese Aluminium-Schwellenrampe so leicht ist und einen praktischen Tragegriff hat, l\u00e4sst sie sich leicht anheben und tragen. Pr\u00fcfen Sie vor dem Kauf der T\u00fcrschwellenrampe, ob sich Ihre T\u00fcr noch problemlos \u00f6ffnen und schlie\u00dfen l\u00e4sst. Die Schwellenrampe eignet sich unter anderem f\u00fcr den Einsatz an der Haust\u00fcr, Hintert\u00fcr, Schiebet\u00fcr oder Schuppen.<\/p>\n<p><strong>Spezifikationen:<\/strong><\/p>\n<ul>\n<li>Breite: <strong>79 cm<\/strong><\/li>\n<li>Tiefe: 63 cm<\/li>\n<li>H\u00f6he: 5 cm<\/li>\n<li>Gewicht: 4,1 kg<\/li>\n<li>Verpackungsgewicht: 4,7 kg<\/li>\n<li>Tragf\u00e4higkeit: <strong>250 kg<\/strong><\/li>\n<li>Mit Anti-Rutsch-Schicht<\/li>\n<li>Heavy duty<\/li>\n<li>2 Jahre Garantie<\/li>\n<\/ul>\n","protected":false},"excerpt":{"rendered":"<p>Diese Aluminium-Schwellenrampe hat eine Breite von 79 cm und eine maximale \u00dcberbr\u00fcckungsh\u00f6he von 15 cm. Die T\u00fcrschwellenrampe eignet sich unter anderem perfekt zur \u00dcberbr\u00fcckung der meisten Schwellen an T\u00fcr\u00f6ffnungen. Diese T\u00fcrschwellenrampe wird h\u00e4ufig f\u00fcr Scooter, Rollatoren oder Rollst\u00fchle verwendet.<\/p>\n<ul>\n<li>Breite: <strong>79 cm<\/strong><\/li>\n<li>Tiefe: 63 cm<\/li>\n<li>H\u00f6he: 5 cm<\/li>\n<li>Gewicht: 4,1 kg<\/li>\n<li>Tragf\u00e4higkeit: <strong>250 kg<\/strong><\/li>\n<li>Heavy duty<\/li>\n<li>2 Jahre Garantie<\/li>\n<\/ul>\n","protected":false},"featured_media":13753,"comment_status":"closed","ping_status":"closed","template":"","meta":[],"product_brand":[],"product_cat":[528,509],"product_tag":[559,560,561,557,558],"class_list":{"0":"post-14391","1":"product","2":"type-product","3":"status-publish","4":"has-post-thumbnail","6":"product_cat-rollstuhlrampen","7":"product_cat-schwellenrampen-aluminium","8":"product_tag-hohe-10-bis-12-cm","9":"product_tag-hohe-12-bis-14-cm","10":"product_tag-hohe-14-bis-16-cm","11":"product_tag-hohe-6-bis-8-cm","12":"product_tag-hohe-8-bis-10-cm","13":"pa_kenmerk-1-fur-den-auseneinsatz","14":"pa_kenmerk-1-fur-den-innenbereich","15":"pa_kleur-variant-wielstoppers-lichtgrau","17":"first","18":"instock","19":"taxable","20":"shipping-taxable","21":"purchasable","22":"product-type-simple"},"yoast_head":"<!-- This site is optimized with the Yoast SEO plugin v27.3 - https:\/\/yoast.com\/product\/yoast-seo-wordpress\/ -->\n<title>Schwellenrampe 7 bis 15 cm hoch und 79 cm breit - bis zu 250 kg - Aluminium - Turschwellenrampe.de<\/title>\n<meta name=\"robots\" content=\"index, follow, max-snippet:-1, max-image-preview:large, max-video-preview:-1\" \/>\n<link rel=\"canonical\" href=\"https:\/\/turschwellenrampe.de\/de\/turschwellenrampen\/schwellenrampen-aluminium\/schwellenrampe-7-bis-15-cm-hoch-und-79-cm-breit-bis-zu-250-kg-aluminium\/\" \/>\n<meta property=\"og:locale\" content=\"de_DE\" \/>\n<meta property=\"og:type\" content=\"article\" \/>\n<meta property=\"og:title\" content=\"Schwellenrampe 7 bis 15 cm hoch und 79 cm breit - bis zu 250 kg - Aluminium - Turschwellenrampe.de\" \/>\n<meta property=\"og:description\" content=\"Diese Aluminium-Schwellenrampe hat eine Breite von 79 cm und eine maximale \u00dcberbr\u00fcckungsh\u00f6he von 15 cm. Die T\u00fcrschwellenrampe eignet sich unter anderem perfekt zur \u00dcberbr\u00fcckung der meisten Schwellen an T\u00fcr\u00f6ffnungen. Diese T\u00fcrschwellenrampe wird h\u00e4ufig f\u00fcr Scooter, Rollatoren oder Rollst\u00fchle verwendet.  Breite: 79 cm  Tiefe: 63 cm  H\u00f6he: 5 cm  Gewicht: 4,1 kg  Tragf\u00e4higkeit: 250 kg  Heavy duty  2 Jahre Garantie\" \/>\n<meta property=\"og:url\" content=\"https:\/\/turschwellenrampe.de\/de\/turschwellenrampen\/schwellenrampen-aluminium\/schwellenrampe-7-bis-15-cm-hoch-und-79-cm-breit-bis-zu-250-kg-aluminium\/\" \/>\n<meta property=\"og:site_name\" content=\"Turschwellenrampe.de\" \/>\n<meta property=\"article:publisher\" content=\"https:\/\/www.facebook.com\/Drempelhulp\/\" \/>\n<meta property=\"article:modified_time\" content=\"2026-04-16T14:38:59+00:00\" \/>\n<meta property=\"og:image\" content=\"https:\/\/turschwellenrampe.de\/wp-content\/uploads\/2023\/11\/foto2-1-scaled-1.jpg\" \/>\n\t<meta property=\"og:image:width\" content=\"2560\" \/>\n\t<meta property=\"og:image:height\" content=\"2560\" \/>\n\t<meta property=\"og:image:type\" content=\"image\/jpeg\" \/>\n<meta name=\"twitter:card\" content=\"summary_large_image\" \/>\n<meta name=\"twitter:label1\" content=\"Gesch\u00e4tzte Lesezeit\" \/>\n\t<meta name=\"twitter:data1\" content=\"1\u00a0Minute\" \/>\n<script type=\"application\/ld+json\" class=\"yoast-schema-graph\">{\"@context\":\"https:\\\/\\\/schema.org\",\"@graph\":[{\"@type\":\"WebPage\",\"@id\":\"https:\\\/\\\/turschwellenrampe.de\\\/de\\\/turschwellenrampen\\\/schwellenrampen-aluminium\\\/schwellenrampe-7-bis-15-cm-hoch-und-79-cm-breit-bis-zu-250-kg-aluminium\\\/\",\"url\":\"https:\\\/\\\/turschwellenrampe.de\\\/de\\\/turschwellenrampen\\\/schwellenrampen-aluminium\\\/schwellenrampe-7-bis-15-cm-hoch-und-79-cm-breit-bis-zu-250-kg-aluminium\\\/\",\"name\":\"Schwellenrampe 7 bis 15 cm hoch und 79 cm breit - bis zu 250 kg - Aluminium - Turschwellenrampe.de\",\"isPartOf\":{\"@id\":\"https:\\\/\\\/turschwellenrampe.de\\\/de\\\/#website\"},\"primaryImageOfPage\":{\"@id\":\"https:\\\/\\\/turschwellenrampe.de\\\/de\\\/turschwellenrampen\\\/schwellenrampen-aluminium\\\/schwellenrampe-7-bis-15-cm-hoch-und-79-cm-breit-bis-zu-250-kg-aluminium\\\/#primaryimage\"},\"image\":{\"@id\":\"https:\\\/\\\/turschwellenrampe.de\\\/de\\\/turschwellenrampen\\\/schwellenrampen-aluminium\\\/schwellenrampe-7-bis-15-cm-hoch-und-79-cm-breit-bis-zu-250-kg-aluminium\\\/#primaryimage\"},\"thumbnailUrl\":\"https:\\\/\\\/turschwellenrampe.de\\\/wp-content\\\/uploads\\\/2023\\\/11\\\/foto2-1-scaled-1.jpg\",\"datePublished\":\"2023-11-23T15:59:34+00:00\",\"dateModified\":\"2026-04-16T14:38:59+00:00\",\"breadcrumb\":{\"@id\":\"https:\\\/\\\/turschwellenrampe.de\\\/de\\\/turschwellenrampen\\\/schwellenrampen-aluminium\\\/schwellenrampe-7-bis-15-cm-hoch-und-79-cm-breit-bis-zu-250-kg-aluminium\\\/#breadcrumb\"},\"inLanguage\":\"de\",\"potentialAction\":[{\"@type\":\"ReadAction\",\"target\":[\"https:\\\/\\\/turschwellenrampe.de\\\/de\\\/turschwellenrampen\\\/schwellenrampen-aluminium\\\/schwellenrampe-7-bis-15-cm-hoch-und-79-cm-breit-bis-zu-250-kg-aluminium\\\/\"]}]},{\"@type\":\"ImageObject\",\"inLanguage\":\"de\",\"@id\":\"https:\\\/\\\/turschwellenrampe.de\\\/de\\\/turschwellenrampen\\\/schwellenrampen-aluminium\\\/schwellenrampe-7-bis-15-cm-hoch-und-79-cm-breit-bis-zu-250-kg-aluminium\\\/#primaryimage\",\"url\":\"https:\\\/\\\/turschwellenrampe.de\\\/wp-content\\\/uploads\\\/2023\\\/11\\\/foto2-1-scaled-1.jpg\",\"contentUrl\":\"https:\\\/\\\/turschwellenrampe.de\\\/wp-content\\\/uploads\\\/2023\\\/11\\\/foto2-1-scaled-1.jpg\",\"width\":2560,\"height\":2560},{\"@type\":\"BreadcrumbList\",\"@id\":\"https:\\\/\\\/turschwellenrampe.de\\\/de\\\/turschwellenrampen\\\/schwellenrampen-aluminium\\\/schwellenrampe-7-bis-15-cm-hoch-und-79-cm-breit-bis-zu-250-kg-aluminium\\\/#breadcrumb\",\"itemListElement\":[{\"@type\":\"ListItem\",\"position\":1,\"name\":\"Home\",\"item\":\"https:\\\/\\\/turschwellenrampe.de\\\/de\\\/\"},{\"@type\":\"ListItem\",\"position\":2,\"name\":\"Shop\",\"item\":\"https:\\\/\\\/turschwellenrampe.de\\\/de\\\/geschaft\\\/\"},{\"@type\":\"ListItem\",\"position\":3,\"name\":\"Schwellenrampe 7 bis 15 cm hoch und 79 cm breit &#8211; bis zu 250 kg &#8211; Aluminium\"}]},{\"@type\":\"WebSite\",\"@id\":\"https:\\\/\\\/turschwellenrampe.de\\\/de\\\/#website\",\"url\":\"https:\\\/\\\/turschwellenrampe.de\\\/de\\\/\",\"name\":\"Turschwellenrampe.de\",\"description\":\"De Specialist in Toegankelijkheid\",\"potentialAction\":[{\"@type\":\"SearchAction\",\"target\":{\"@type\":\"EntryPoint\",\"urlTemplate\":\"https:\\\/\\\/turschwellenrampe.de\\\/de\\\/?s={search_term_string}\"},\"query-input\":{\"@type\":\"PropertyValueSpecification\",\"valueRequired\":true,\"valueName\":\"search_term_string\"}}],\"inLanguage\":\"de\"}]}<\/script>\n<!-- \/ Yoast SEO plugin. -->","yoast_head_json":{"title":"Schwellenrampe 7 bis 15 cm hoch und 79 cm breit - bis zu 250 kg - Aluminium - Turschwellenrampe.de","robots":{"index":"index","follow":"follow","max-snippet":"max-snippet:-1","max-image-preview":"max-image-preview:large","max-video-preview":"max-video-preview:-1"},"canonical":"https:\/\/turschwellenrampe.de\/de\/turschwellenrampen\/schwellenrampen-aluminium\/schwellenrampe-7-bis-15-cm-hoch-und-79-cm-breit-bis-zu-250-kg-aluminium\/","og_locale":"de_DE","og_type":"article","og_title":"Schwellenrampe 7 bis 15 cm hoch und 79 cm breit - bis zu 250 kg - Aluminium - Turschwellenrampe.de","og_description":"Diese Aluminium-Schwellenrampe hat eine Breite von 79 cm und eine maximale \u00dcberbr\u00fcckungsh\u00f6he von 15 cm. Die T\u00fcrschwellenrampe eignet sich unter anderem perfekt zur \u00dcberbr\u00fcckung der meisten Schwellen an T\u00fcr\u00f6ffnungen. Diese T\u00fcrschwellenrampe wird h\u00e4ufig f\u00fcr Scooter, Rollatoren oder Rollst\u00fchle verwendet.  Breite: 79 cm  Tiefe: 63 cm  H\u00f6he: 5 cm  Gewicht: 4,1 kg  Tragf\u00e4higkeit: 250 kg  Heavy duty  2 Jahre Garantie","og_url":"https:\/\/turschwellenrampe.de\/de\/turschwellenrampen\/schwellenrampen-aluminium\/schwellenrampe-7-bis-15-cm-hoch-und-79-cm-breit-bis-zu-250-kg-aluminium\/","og_site_name":"Turschwellenrampe.de","article_publisher":"https:\/\/www.facebook.com\/Drempelhulp\/","article_modified_time":"2026-04-16T14:38:59+00:00","og_image":[{"width":2560,"height":2560,"url":"https:\/\/turschwellenrampe.de\/wp-content\/uploads\/2023\/11\/foto2-1-scaled-1.jpg","type":"image\/jpeg"}],"twitter_card":"summary_large_image","twitter_misc":{"Gesch\u00e4tzte Lesezeit":"1\u00a0Minute"},"schema":{"@context":"https:\/\/schema.org","@graph":[{"@type":"WebPage","@id":"https:\/\/turschwellenrampe.de\/de\/turschwellenrampen\/schwellenrampen-aluminium\/schwellenrampe-7-bis-15-cm-hoch-und-79-cm-breit-bis-zu-250-kg-aluminium\/","url":"https:\/\/turschwellenrampe.de\/de\/turschwellenrampen\/schwellenrampen-aluminium\/schwellenrampe-7-bis-15-cm-hoch-und-79-cm-breit-bis-zu-250-kg-aluminium\/","name":"Schwellenrampe 7 bis 15 cm hoch und 79 cm breit - bis zu 250 kg - Aluminium - Turschwellenrampe.de","isPartOf":{"@id":"https:\/\/turschwellenrampe.de\/de\/#website"},"primaryImageOfPage":{"@id":"https:\/\/turschwellenrampe.de\/de\/turschwellenrampen\/schwellenrampen-aluminium\/schwellenrampe-7-bis-15-cm-hoch-und-79-cm-breit-bis-zu-250-kg-aluminium\/#primaryimage"},"image":{"@id":"https:\/\/turschwellenrampe.de\/de\/turschwellenrampen\/schwellenrampen-aluminium\/schwellenrampe-7-bis-15-cm-hoch-und-79-cm-breit-bis-zu-250-kg-aluminium\/#primaryimage"},"thumbnailUrl":"https:\/\/turschwellenrampe.de\/wp-content\/uploads\/2023\/11\/foto2-1-scaled-1.jpg","datePublished":"2023-11-23T15:59:34+00:00","dateModified":"2026-04-16T14:38:59+00:00","breadcrumb":{"@id":"https:\/\/turschwellenrampe.de\/de\/turschwellenrampen\/schwellenrampen-aluminium\/schwellenrampe-7-bis-15-cm-hoch-und-79-cm-breit-bis-zu-250-kg-aluminium\/#breadcrumb"},"inLanguage":"de","potentialAction":[{"@type":"ReadAction","target":["https:\/\/turschwellenrampe.de\/de\/turschwellenrampen\/schwellenrampen-aluminium\/schwellenrampe-7-bis-15-cm-hoch-und-79-cm-breit-bis-zu-250-kg-aluminium\/"]}]},{"@type":"ImageObject","inLanguage":"de","@id":"https:\/\/turschwellenrampe.de\/de\/turschwellenrampen\/schwellenrampen-aluminium\/schwellenrampe-7-bis-15-cm-hoch-und-79-cm-breit-bis-zu-250-kg-aluminium\/#primaryimage","url":"https:\/\/turschwellenrampe.de\/wp-content\/uploads\/2023\/11\/foto2-1-scaled-1.jpg","contentUrl":"https:\/\/turschwellenrampe.de\/wp-content\/uploads\/2023\/11\/foto2-1-scaled-1.jpg","width":2560,"height":2560},{"@type":"BreadcrumbList","@id":"https:\/\/turschwellenrampe.de\/de\/turschwellenrampen\/schwellenrampen-aluminium\/schwellenrampe-7-bis-15-cm-hoch-und-79-cm-breit-bis-zu-250-kg-aluminium\/#breadcrumb","itemListElement":[{"@type":"ListItem","position":1,"name":"Home","item":"https:\/\/turschwellenrampe.de\/de\/"},{"@type":"ListItem","position":2,"name":"Shop","item":"https:\/\/turschwellenrampe.de\/de\/geschaft\/"},{"@type":"ListItem","position":3,"name":"Schwellenrampe 7 bis 15 cm hoch und 79 cm breit &#8211; bis zu 250 kg &#8211; Aluminium"}]},{"@type":"WebSite","@id":"https:\/\/turschwellenrampe.de\/de\/#website","url":"https:\/\/turschwellenrampe.de\/de\/","name":"Turschwellenrampe.de","description":"De Specialist in Toegankelijkheid","potentialAction":[{"@type":"SearchAction","target":{"@type":"EntryPoint","urlTemplate":"https:\/\/turschwellenrampe.de\/de\/?s={search_term_string}"},"query-input":{"@type":"PropertyValueSpecification","valueRequired":true,"valueName":"search_term_string"}}],"inLanguage":"de"}]}},"_links":{"self":[{"href":"https:\/\/turschwellenrampe.de\/de\/wp-json\/wp\/v2\/product\/14391","targetHints":{"allow":["GET"]}}],"collection":[{"href":"https:\/\/turschwellenrampe.de\/de\/wp-json\/wp\/v2\/product"}],"about":[{"href":"https:\/\/turschwellenrampe.de\/de\/wp-json\/wp\/v2\/types\/product"}],"replies":[{"embeddable":true,"href":"https:\/\/turschwellenrampe.de\/de\/wp-json\/wp\/v2\/comments?post=14391"}],"wp:featuredmedia":[{"embeddable":true,"href":"https:\/\/turschwellenrampe.de\/de\/wp-json\/wp\/v2\/media\/13753"}],"wp:attachment":[{"href":"https:\/\/turschwellenrampe.de\/de\/wp-json\/wp\/v2\/media?parent=14391"}],"wp:term":[{"taxonomy":"product_brand","embeddable":true,"href":"https:\/\/turschwellenrampe.de\/de\/wp-json\/wp\/v2\/product_brand?post=14391"},{"taxonomy":"product_cat","embeddable":true,"href":"https:\/\/turschwellenrampe.de\/de\/wp-json\/wp\/v2\/product_cat?post=14391"},{"taxonomy":"product_tag","embeddable":true,"href":"https:\/\/turschwellenrampe.de\/de\/wp-json\/wp\/v2\/product_tag?post=14391"}],"curies":[{"name":"wp","href":"https:\/\/api.w.org\/{rel}","templated":true}]}}