{"id":14383,"date":"2023-11-23T17:00:05","date_gmt":"2023-11-23T16:00:05","guid":{"rendered":"https:\/\/turschwellenrampe.de\/unkategorisiert\/miniramp-bis-zu-15-cm-schwellenhoehe-mit-fusssatz\/"},"modified":"2024-01-18T16:16:08","modified_gmt":"2024-01-18T15:16:08","slug":"miniramp-bis-zu-15-cm-schwellenhohe-mit-fussatz","status":"publish","type":"product","link":"https:\/\/turschwellenrampe.de\/de\/schwellenrampen-stahl\/miniramp-bis-zu-15-cm-schwellenhohe-mit-fussatz\/","title":{"rendered":"Miniramp bis zu 15 cm Schwellenh\u00f6he mit Fu\u00dfsatz"},"content":{"rendered":"<p>Wenn Menschen in ihrer Mobilit\u00e4t eingeschr\u00e4nkt sind oder k\u00f6rperliche Behinderungen haben, k\u00f6nnen Schwellen und H\u00f6henunterschiede in und um Wohnungen und Geb\u00e4ude buchst\u00e4blich und im \u00fcbertragenen Sinne zum Stolperstein werden. Jeder H\u00f6henunterschied birgt ein reales Sturzrisiko mit allen Konsequenzen. Die Minirampe ist eine perfekte L\u00f6sung zur \u00dcberbr\u00fcckung von <strong>15 cm<\/strong>.<\/p>\n<p>Mit dem Miniramp ist Ihre Schwelle kein Problem mehr. Die Minirampe ist f\u00fcr kleine R\u00e4ume und geringe H\u00f6henunterschiede von bis zu 15 cm geeignet. Die Produkte sind aus dauerhaftem, feuerverzinktem Stahl gefertigt und daher vollst\u00e4ndig wiederverwendbar.<\/p>\n<p>Die Sicherheit ist sehr wichtig, deshalb ist die Lauffl\u00e4che aus Streckmetall gefertigt. Dieses Material hat eine offene Struktur, durch die Regenwasser und sogar Schnee schnell und einfach abflie\u00dfen k\u00f6nnen.<\/p>\n<p><strong>Spezifikationen:<\/strong><\/p>\n<ul>\n<li>Material: Stahl feuerverzinkt<\/li>\n<li>Maximale Belastung: 300 kg<\/li>\n<li>L\u00e4nge: 130 cm<\/li>\n<li>Breite: 96 cm<\/li>\n<\/ul>\n<p><strong>Inhalt der Verpackung:<\/strong><\/p>\n<ul>\n<li>1x Minirampe<\/li>\n<li>1x Topfset<\/li>\n<\/ul>\n","protected":false},"excerpt":{"rendered":"<p>Wenn Menschen in ihrer Mobilit\u00e4t eingeschr\u00e4nkt sind oder k\u00f6rperliche Behinderungen haben, k\u00f6nnen Schwellen und H\u00f6henunterschiede in und um Wohnungen und Geb\u00e4ude buchst\u00e4blich und im \u00fcbertragenen Sinne zum Stolperstein werden. Jeder H\u00f6henunterschied birgt ein reales Sturzrisiko mit allen Konsequenzen. Die Minirampe ist eine perfekte L\u00f6sung zur \u00dcberbr\u00fcckung von <strong>15 cm<\/strong>.<\/p>\n<p>Mit dem Miniramp ist Ihre Schwelle kein Problem mehr. Die Minirampe ist f\u00fcr kleine R\u00e4ume und geringe H\u00f6henunterschiede von bis zu 15 cm geeignet. Die Produkte sind aus dauerhaftem, feuerverzinktem Stahl gefertigt und daher vollst\u00e4ndig wiederverwendbar.<\/p>\n<p>Die Sicherheit ist sehr wichtig, deshalb ist die Lauffl\u00e4che aus Streckmetall gefertigt. Dieses Material hat eine offene Struktur, durch die Regenwasser und sogar Schnee schnell und einfach abflie\u00dfen k\u00f6nnen.<\/p>\n<p><strong>Spezifikationen:<\/strong><\/p>\n<ul>\n<li>Material: Stahl feuerverzinkt<\/li>\n<li>Maximale Belastung: 300 kg<\/li>\n<li>L\u00e4nge: 130 cm<\/li>\n<li>Breite: 96 cm<\/li>\n<\/ul>\n<p><strong>Inhalt der Verpackung:<\/strong><\/p>\n<ul>\n<li>1x Minirampe<\/li>\n<li>1x Topfset<\/li>\n<\/ul>\n","protected":false},"featured_media":13795,"comment_status":"closed","ping_status":"closed","template":"","meta":[],"product_brand":[],"product_cat":[897],"product_tag":[],"class_list":{"0":"post-14383","1":"product","2":"type-product","3":"status-publish","4":"has-post-thumbnail","6":"product_cat-schwellenrampen-stahl","7":"pa_kenmerk-1-fur-den-auseneinsatz","8":"pa_kleur-variant-wielstoppers-lichtgrau","10":"first","11":"instock","12":"taxable","13":"shipping-taxable","14":"purchasable","15":"product-type-variable","16":"has-default-attributes"},"yoast_head":"<!-- This site is optimized with the Yoast SEO plugin v27.5 - https:\/\/yoast.com\/product\/yoast-seo-wordpress\/ -->\n<title>Miniramp bis zu 15 cm Schwellenh\u00f6he mit Fu\u00dfsatz - Turschwellenrampe.de<\/title>\n<meta name=\"robots\" content=\"index, follow, max-snippet:-1, max-image-preview:large, max-video-preview:-1\" \/>\n<link rel=\"canonical\" href=\"https:\/\/turschwellenrampe.de\/de\/schwellenrampen-stahl\/miniramp-bis-zu-15-cm-schwellenhohe-mit-fussatz\/\" \/>\n<meta property=\"og:locale\" content=\"de_DE\" \/>\n<meta property=\"og:type\" content=\"article\" \/>\n<meta property=\"og:title\" content=\"Miniramp bis zu 15 cm Schwellenh\u00f6he mit Fu\u00dfsatz - Turschwellenrampe.de\" \/>\n<meta property=\"og:description\" content=\"Wenn Menschen in ihrer Mobilit\u00e4t eingeschr\u00e4nkt sind oder k\u00f6rperliche Behinderungen haben, k\u00f6nnen Schwellen und H\u00f6henunterschiede in und um Wohnungen und Geb\u00e4ude buchst\u00e4blich und im \u00fcbertragenen Sinne zum Stolperstein werden. Jeder H\u00f6henunterschied birgt ein reales Sturzrisiko mit allen Konsequenzen. Die Minirampe ist eine perfekte L\u00f6sung zur \u00dcberbr\u00fcckung von 15 cm. Mit dem Miniramp ist Ihre Schwelle kein Problem mehr. Die Minirampe ist f\u00fcr kleine R\u00e4ume und geringe H\u00f6henunterschiede von bis zu 15 cm geeignet. Die Produkte sind aus dauerhaftem, feuerverzinktem Stahl gefertigt und daher vollst\u00e4ndig wiederverwendbar. Die Sicherheit ist sehr wichtig, deshalb ist die Lauffl\u00e4che aus Streckmetall gefertigt. Dieses Material hat eine offene Struktur, durch die Regenwasser und sogar Schnee schnell und einfach abflie\u00dfen k\u00f6nnen. Spezifikationen:  Material: Stahl feuerverzinkt  Maximale Belastung: 300 kg  L\u00e4nge: 130 cm  Breite: 96 cm Inhalt der Verpackung:  1x Minirampe  1x Topfset\" \/>\n<meta property=\"og:url\" content=\"https:\/\/turschwellenrampe.de\/de\/schwellenrampen-stahl\/miniramp-bis-zu-15-cm-schwellenhohe-mit-fussatz\/\" \/>\n<meta property=\"og:site_name\" content=\"Turschwellenrampe.de\" \/>\n<meta property=\"article:publisher\" content=\"https:\/\/www.facebook.com\/Drempelhulp\/\" \/>\n<meta property=\"article:modified_time\" content=\"2024-01-18T15:16:08+00:00\" \/>\n<meta property=\"og:image\" content=\"https:\/\/turschwellenrampe.de\/wp-content\/uploads\/2023\/11\/232773293.jpg\" \/>\n\t<meta property=\"og:image:width\" content=\"450\" \/>\n\t<meta property=\"og:image:height\" content=\"288\" \/>\n\t<meta property=\"og:image:type\" content=\"image\/jpeg\" \/>\n<meta name=\"twitter:card\" content=\"summary_large_image\" \/>\n<meta name=\"twitter:label1\" content=\"Gesch\u00e4tzte Lesezeit\" \/>\n\t<meta name=\"twitter:data1\" content=\"1\u00a0Minute\" \/>\n<script type=\"application\/ld+json\" class=\"yoast-schema-graph\">{\"@context\":\"https:\\\/\\\/schema.org\",\"@graph\":[{\"@type\":\"WebPage\",\"@id\":\"https:\\\/\\\/turschwellenrampe.de\\\/de\\\/schwellenrampen-stahl\\\/miniramp-bis-zu-15-cm-schwellenhohe-mit-fussatz\\\/\",\"url\":\"https:\\\/\\\/turschwellenrampe.de\\\/de\\\/schwellenrampen-stahl\\\/miniramp-bis-zu-15-cm-schwellenhohe-mit-fussatz\\\/\",\"name\":\"Miniramp bis zu 15 cm Schwellenh\u00f6he mit Fu\u00dfsatz - Turschwellenrampe.de\",\"isPartOf\":{\"@id\":\"https:\\\/\\\/turschwellenrampe.de\\\/de\\\/#website\"},\"primaryImageOfPage\":{\"@id\":\"https:\\\/\\\/turschwellenrampe.de\\\/de\\\/schwellenrampen-stahl\\\/miniramp-bis-zu-15-cm-schwellenhohe-mit-fussatz\\\/#primaryimage\"},\"image\":{\"@id\":\"https:\\\/\\\/turschwellenrampe.de\\\/de\\\/schwellenrampen-stahl\\\/miniramp-bis-zu-15-cm-schwellenhohe-mit-fussatz\\\/#primaryimage\"},\"thumbnailUrl\":\"https:\\\/\\\/turschwellenrampe.de\\\/wp-content\\\/uploads\\\/2023\\\/11\\\/232773293.jpg\",\"datePublished\":\"2023-11-23T16:00:05+00:00\",\"dateModified\":\"2024-01-18T15:16:08+00:00\",\"breadcrumb\":{\"@id\":\"https:\\\/\\\/turschwellenrampe.de\\\/de\\\/schwellenrampen-stahl\\\/miniramp-bis-zu-15-cm-schwellenhohe-mit-fussatz\\\/#breadcrumb\"},\"inLanguage\":\"de\",\"potentialAction\":[{\"@type\":\"ReadAction\",\"target\":[\"https:\\\/\\\/turschwellenrampe.de\\\/de\\\/schwellenrampen-stahl\\\/miniramp-bis-zu-15-cm-schwellenhohe-mit-fussatz\\\/\"]}]},{\"@type\":\"ImageObject\",\"inLanguage\":\"de\",\"@id\":\"https:\\\/\\\/turschwellenrampe.de\\\/de\\\/schwellenrampen-stahl\\\/miniramp-bis-zu-15-cm-schwellenhohe-mit-fussatz\\\/#primaryimage\",\"url\":\"https:\\\/\\\/turschwellenrampe.de\\\/wp-content\\\/uploads\\\/2023\\\/11\\\/232773293.jpg\",\"contentUrl\":\"https:\\\/\\\/turschwellenrampe.de\\\/wp-content\\\/uploads\\\/2023\\\/11\\\/232773293.jpg\",\"width\":450,\"height\":288},{\"@type\":\"BreadcrumbList\",\"@id\":\"https:\\\/\\\/turschwellenrampe.de\\\/de\\\/schwellenrampen-stahl\\\/miniramp-bis-zu-15-cm-schwellenhohe-mit-fussatz\\\/#breadcrumb\",\"itemListElement\":[{\"@type\":\"ListItem\",\"position\":1,\"name\":\"Home\",\"item\":\"https:\\\/\\\/turschwellenrampe.de\\\/de\\\/\"},{\"@type\":\"ListItem\",\"position\":2,\"name\":\"Shop\",\"item\":\"https:\\\/\\\/turschwellenrampe.de\\\/de\\\/geschaft\\\/\"},{\"@type\":\"ListItem\",\"position\":3,\"name\":\"Miniramp bis zu 15 cm Schwellenh\u00f6he mit Fu\u00dfsatz\"}]},{\"@type\":\"WebSite\",\"@id\":\"https:\\\/\\\/turschwellenrampe.de\\\/de\\\/#website\",\"url\":\"https:\\\/\\\/turschwellenrampe.de\\\/de\\\/\",\"name\":\"Turschwellenrampe.de\",\"description\":\"De Specialist in Toegankelijkheid\",\"potentialAction\":[{\"@type\":\"SearchAction\",\"target\":{\"@type\":\"EntryPoint\",\"urlTemplate\":\"https:\\\/\\\/turschwellenrampe.de\\\/de\\\/?s={search_term_string}\"},\"query-input\":{\"@type\":\"PropertyValueSpecification\",\"valueRequired\":true,\"valueName\":\"search_term_string\"}}],\"inLanguage\":\"de\"}]}<\/script>\n<!-- \/ Yoast SEO plugin. -->","yoast_head_json":{"title":"Miniramp bis zu 15 cm Schwellenh\u00f6he mit Fu\u00dfsatz - Turschwellenrampe.de","robots":{"index":"index","follow":"follow","max-snippet":"max-snippet:-1","max-image-preview":"max-image-preview:large","max-video-preview":"max-video-preview:-1"},"canonical":"https:\/\/turschwellenrampe.de\/de\/schwellenrampen-stahl\/miniramp-bis-zu-15-cm-schwellenhohe-mit-fussatz\/","og_locale":"de_DE","og_type":"article","og_title":"Miniramp bis zu 15 cm Schwellenh\u00f6he mit Fu\u00dfsatz - Turschwellenrampe.de","og_description":"Wenn Menschen in ihrer Mobilit\u00e4t eingeschr\u00e4nkt sind oder k\u00f6rperliche Behinderungen haben, k\u00f6nnen Schwellen und H\u00f6henunterschiede in und um Wohnungen und Geb\u00e4ude buchst\u00e4blich und im \u00fcbertragenen Sinne zum Stolperstein werden. Jeder H\u00f6henunterschied birgt ein reales Sturzrisiko mit allen Konsequenzen. Die Minirampe ist eine perfekte L\u00f6sung zur \u00dcberbr\u00fcckung von 15 cm. Mit dem Miniramp ist Ihre Schwelle kein Problem mehr. Die Minirampe ist f\u00fcr kleine R\u00e4ume und geringe H\u00f6henunterschiede von bis zu 15 cm geeignet. Die Produkte sind aus dauerhaftem, feuerverzinktem Stahl gefertigt und daher vollst\u00e4ndig wiederverwendbar. Die Sicherheit ist sehr wichtig, deshalb ist die Lauffl\u00e4che aus Streckmetall gefertigt. Dieses Material hat eine offene Struktur, durch die Regenwasser und sogar Schnee schnell und einfach abflie\u00dfen k\u00f6nnen. Spezifikationen:  Material: Stahl feuerverzinkt  Maximale Belastung: 300 kg  L\u00e4nge: 130 cm  Breite: 96 cm Inhalt der Verpackung:  1x Minirampe  1x Topfset","og_url":"https:\/\/turschwellenrampe.de\/de\/schwellenrampen-stahl\/miniramp-bis-zu-15-cm-schwellenhohe-mit-fussatz\/","og_site_name":"Turschwellenrampe.de","article_publisher":"https:\/\/www.facebook.com\/Drempelhulp\/","article_modified_time":"2024-01-18T15:16:08+00:00","og_image":[{"width":450,"height":288,"url":"https:\/\/turschwellenrampe.de\/wp-content\/uploads\/2023\/11\/232773293.jpg","type":"image\/jpeg"}],"twitter_card":"summary_large_image","twitter_misc":{"Gesch\u00e4tzte Lesezeit":"1\u00a0Minute"},"schema":{"@context":"https:\/\/schema.org","@graph":[{"@type":"WebPage","@id":"https:\/\/turschwellenrampe.de\/de\/schwellenrampen-stahl\/miniramp-bis-zu-15-cm-schwellenhohe-mit-fussatz\/","url":"https:\/\/turschwellenrampe.de\/de\/schwellenrampen-stahl\/miniramp-bis-zu-15-cm-schwellenhohe-mit-fussatz\/","name":"Miniramp bis zu 15 cm Schwellenh\u00f6he mit Fu\u00dfsatz - Turschwellenrampe.de","isPartOf":{"@id":"https:\/\/turschwellenrampe.de\/de\/#website"},"primaryImageOfPage":{"@id":"https:\/\/turschwellenrampe.de\/de\/schwellenrampen-stahl\/miniramp-bis-zu-15-cm-schwellenhohe-mit-fussatz\/#primaryimage"},"image":{"@id":"https:\/\/turschwellenrampe.de\/de\/schwellenrampen-stahl\/miniramp-bis-zu-15-cm-schwellenhohe-mit-fussatz\/#primaryimage"},"thumbnailUrl":"https:\/\/turschwellenrampe.de\/wp-content\/uploads\/2023\/11\/232773293.jpg","datePublished":"2023-11-23T16:00:05+00:00","dateModified":"2024-01-18T15:16:08+00:00","breadcrumb":{"@id":"https:\/\/turschwellenrampe.de\/de\/schwellenrampen-stahl\/miniramp-bis-zu-15-cm-schwellenhohe-mit-fussatz\/#breadcrumb"},"inLanguage":"de","potentialAction":[{"@type":"ReadAction","target":["https:\/\/turschwellenrampe.de\/de\/schwellenrampen-stahl\/miniramp-bis-zu-15-cm-schwellenhohe-mit-fussatz\/"]}]},{"@type":"ImageObject","inLanguage":"de","@id":"https:\/\/turschwellenrampe.de\/de\/schwellenrampen-stahl\/miniramp-bis-zu-15-cm-schwellenhohe-mit-fussatz\/#primaryimage","url":"https:\/\/turschwellenrampe.de\/wp-content\/uploads\/2023\/11\/232773293.jpg","contentUrl":"https:\/\/turschwellenrampe.de\/wp-content\/uploads\/2023\/11\/232773293.jpg","width":450,"height":288},{"@type":"BreadcrumbList","@id":"https:\/\/turschwellenrampe.de\/de\/schwellenrampen-stahl\/miniramp-bis-zu-15-cm-schwellenhohe-mit-fussatz\/#breadcrumb","itemListElement":[{"@type":"ListItem","position":1,"name":"Home","item":"https:\/\/turschwellenrampe.de\/de\/"},{"@type":"ListItem","position":2,"name":"Shop","item":"https:\/\/turschwellenrampe.de\/de\/geschaft\/"},{"@type":"ListItem","position":3,"name":"Miniramp bis zu 15 cm Schwellenh\u00f6he mit Fu\u00dfsatz"}]},{"@type":"WebSite","@id":"https:\/\/turschwellenrampe.de\/de\/#website","url":"https:\/\/turschwellenrampe.de\/de\/","name":"Turschwellenrampe.de","description":"De Specialist in Toegankelijkheid","potentialAction":[{"@type":"SearchAction","target":{"@type":"EntryPoint","urlTemplate":"https:\/\/turschwellenrampe.de\/de\/?s={search_term_string}"},"query-input":{"@type":"PropertyValueSpecification","valueRequired":true,"valueName":"search_term_string"}}],"inLanguage":"de"}]}},"_links":{"self":[{"href":"https:\/\/turschwellenrampe.de\/de\/wp-json\/wp\/v2\/product\/14383","targetHints":{"allow":["GET"]}}],"collection":[{"href":"https:\/\/turschwellenrampe.de\/de\/wp-json\/wp\/v2\/product"}],"about":[{"href":"https:\/\/turschwellenrampe.de\/de\/wp-json\/wp\/v2\/types\/product"}],"replies":[{"embeddable":true,"href":"https:\/\/turschwellenrampe.de\/de\/wp-json\/wp\/v2\/comments?post=14383"}],"wp:featuredmedia":[{"embeddable":true,"href":"https:\/\/turschwellenrampe.de\/de\/wp-json\/wp\/v2\/media\/13795"}],"wp:attachment":[{"href":"https:\/\/turschwellenrampe.de\/de\/wp-json\/wp\/v2\/media?parent=14383"}],"wp:term":[{"taxonomy":"product_brand","embeddable":true,"href":"https:\/\/turschwellenrampe.de\/de\/wp-json\/wp\/v2\/product_brand?post=14383"},{"taxonomy":"product_cat","embeddable":true,"href":"https:\/\/turschwellenrampe.de\/de\/wp-json\/wp\/v2\/product_cat?post=14383"},{"taxonomy":"product_tag","embeddable":true,"href":"https:\/\/turschwellenrampe.de\/de\/wp-json\/wp\/v2\/product_tag?post=14383"}],"curies":[{"name":"wp","href":"https:\/\/api.w.org\/{rel}","templated":true}]}}