{"id":14369,"date":"2023-11-23T17:01:10","date_gmt":"2023-11-23T16:01:10","guid":{"rendered":"https:\/\/turschwellenrampe.de\/unkategorisiert\/rollstuhlrampe-mit-stuetzfuessen-3-bis-245-cm\/"},"modified":"2026-04-10T11:57:18","modified_gmt":"2026-04-10T09:57:18","slug":"rollstuhlrampe-mit-stutzfusen-3-bis-245-cm","status":"publish","type":"product","link":"https:\/\/turschwellenrampe.de\/de\/turschwellenrampen\/schwellenrampen-aluminium\/rollstuhlrampe-mit-stutzfusen-3-bis-245-cm\/","title":{"rendered":"Rollstuhlrampe mit St\u00fctzf\u00fc\u00dfen &#8211; 3 bis 24,5 cm"},"content":{"rendered":"<p>Diese Rollstuhlrampe ist ideal f\u00fcr Ihre Schiebet\u00fcr oder f\u00fcr Ihren Balkon. Dank der praktischen Griffe an der Rollstuhlrampe k\u00f6nnen Sie sie leicht im Auto transportieren, aber auch bei Bedarf leicht verschieben.<\/p>\n<p><strong>Spezifikationen:<\/strong><\/p>\n<ul>\n<li>Breite: 76 cm<\/li>\n<li>Tragf\u00e4higkeit 300 kg<\/li>\n<\/ul>\n<p>&nbsp;<\/p>\n","protected":false},"excerpt":{"rendered":"<p>Diese Rollstuhlrampe ist ideal f\u00fcr Ihre Schiebet\u00fcr oder f\u00fcr Ihren Balkon. Dank der praktischen Griffe an der Rollstuhlrampe k\u00f6nnen Sie sie leicht im Auto transportieren, aber auch bei Bedarf leicht verschieben.<\/p>\n<p><strong>Spezifikationen:<\/strong><\/p>\n<ul>\n<li>Breite: 76 cm<\/li>\n<li>Tragf\u00e4higkeit 300 kg<\/li>\n<\/ul>\n","protected":false},"featured_media":13835,"comment_status":"closed","ping_status":"closed","template":"","meta":[],"product_brand":[],"product_cat":[509],"product_tag":[],"class_list":{"0":"post-14369","1":"product","2":"type-product","3":"status-publish","4":"has-post-thumbnail","6":"product_cat-schwellenrampen-aluminium","8":"first","9":"instock","10":"taxable","11":"shipping-taxable","12":"purchasable","13":"product-type-variable"},"yoast_head":"<!-- This site is optimized with the Yoast SEO plugin v27.3 - https:\/\/yoast.com\/product\/yoast-seo-wordpress\/ -->\n<title>Rollstuhlrampe mit St\u00fctzf\u00fc\u00dfen - 3 bis 24,5 cm - Turschwellenrampe.de<\/title>\n<meta name=\"robots\" content=\"index, follow, max-snippet:-1, max-image-preview:large, max-video-preview:-1\" \/>\n<link rel=\"canonical\" href=\"https:\/\/turschwellenrampe.de\/de\/turschwellenrampen\/schwellenrampen-aluminium\/rollstuhlrampe-mit-stutzfusen-3-bis-245-cm\/\" \/>\n<meta property=\"og:locale\" content=\"de_DE\" \/>\n<meta property=\"og:type\" content=\"article\" \/>\n<meta property=\"og:title\" content=\"Rollstuhlrampe mit St\u00fctzf\u00fc\u00dfen - 3 bis 24,5 cm - Turschwellenrampe.de\" \/>\n<meta property=\"og:description\" content=\"Diese Rollstuhlrampe ist ideal f\u00fcr Ihre Schiebet\u00fcr oder f\u00fcr Ihren Balkon. Dank der praktischen Griffe an der Rollstuhlrampe k\u00f6nnen Sie sie leicht im Auto transportieren, aber auch bei Bedarf leicht verschieben. Spezifikationen:  Breite: 76 cm  Tragf\u00e4higkeit 300 kg\" \/>\n<meta property=\"og:url\" content=\"https:\/\/turschwellenrampe.de\/de\/turschwellenrampen\/schwellenrampen-aluminium\/rollstuhlrampe-mit-stutzfusen-3-bis-245-cm\/\" \/>\n<meta property=\"og:site_name\" content=\"Turschwellenrampe.de\" \/>\n<meta property=\"article:publisher\" content=\"https:\/\/www.facebook.com\/Drempelhulp\/\" \/>\n<meta property=\"article:modified_time\" content=\"2026-04-10T09:57:18+00:00\" \/>\n<meta property=\"og:image\" content=\"https:\/\/turschwellenrampe.de\/wp-content\/uploads\/2023\/11\/Treppenrampe_rollsuhlrampe_sbk-n_011.jpg\" \/>\n\t<meta property=\"og:image:width\" content=\"736\" \/>\n\t<meta property=\"og:image:height\" content=\"493\" \/>\n\t<meta property=\"og:image:type\" content=\"image\/jpeg\" \/>\n<meta name=\"twitter:card\" content=\"summary_large_image\" \/>\n<script type=\"application\/ld+json\" class=\"yoast-schema-graph\">{\"@context\":\"https:\\\/\\\/schema.org\",\"@graph\":[{\"@type\":\"WebPage\",\"@id\":\"https:\\\/\\\/turschwellenrampe.de\\\/de\\\/turschwellenrampen\\\/schwellenrampen-aluminium\\\/rollstuhlrampe-mit-stutzfusen-3-bis-245-cm\\\/\",\"url\":\"https:\\\/\\\/turschwellenrampe.de\\\/de\\\/turschwellenrampen\\\/schwellenrampen-aluminium\\\/rollstuhlrampe-mit-stutzfusen-3-bis-245-cm\\\/\",\"name\":\"Rollstuhlrampe mit St\u00fctzf\u00fc\u00dfen - 3 bis 24,5 cm - Turschwellenrampe.de\",\"isPartOf\":{\"@id\":\"https:\\\/\\\/turschwellenrampe.de\\\/de\\\/#website\"},\"primaryImageOfPage\":{\"@id\":\"https:\\\/\\\/turschwellenrampe.de\\\/de\\\/turschwellenrampen\\\/schwellenrampen-aluminium\\\/rollstuhlrampe-mit-stutzfusen-3-bis-245-cm\\\/#primaryimage\"},\"image\":{\"@id\":\"https:\\\/\\\/turschwellenrampe.de\\\/de\\\/turschwellenrampen\\\/schwellenrampen-aluminium\\\/rollstuhlrampe-mit-stutzfusen-3-bis-245-cm\\\/#primaryimage\"},\"thumbnailUrl\":\"https:\\\/\\\/turschwellenrampe.de\\\/wp-content\\\/uploads\\\/2023\\\/11\\\/Treppenrampe_rollsuhlrampe_sbk-n_011.jpg\",\"datePublished\":\"2023-11-23T16:01:10+00:00\",\"dateModified\":\"2026-04-10T09:57:18+00:00\",\"breadcrumb\":{\"@id\":\"https:\\\/\\\/turschwellenrampe.de\\\/de\\\/turschwellenrampen\\\/schwellenrampen-aluminium\\\/rollstuhlrampe-mit-stutzfusen-3-bis-245-cm\\\/#breadcrumb\"},\"inLanguage\":\"de\",\"potentialAction\":[{\"@type\":\"ReadAction\",\"target\":[\"https:\\\/\\\/turschwellenrampe.de\\\/de\\\/turschwellenrampen\\\/schwellenrampen-aluminium\\\/rollstuhlrampe-mit-stutzfusen-3-bis-245-cm\\\/\"]}]},{\"@type\":\"ImageObject\",\"inLanguage\":\"de\",\"@id\":\"https:\\\/\\\/turschwellenrampe.de\\\/de\\\/turschwellenrampen\\\/schwellenrampen-aluminium\\\/rollstuhlrampe-mit-stutzfusen-3-bis-245-cm\\\/#primaryimage\",\"url\":\"https:\\\/\\\/turschwellenrampe.de\\\/wp-content\\\/uploads\\\/2023\\\/11\\\/Treppenrampe_rollsuhlrampe_sbk-n_011.jpg\",\"contentUrl\":\"https:\\\/\\\/turschwellenrampe.de\\\/wp-content\\\/uploads\\\/2023\\\/11\\\/Treppenrampe_rollsuhlrampe_sbk-n_011.jpg\",\"width\":736,\"height\":493},{\"@type\":\"BreadcrumbList\",\"@id\":\"https:\\\/\\\/turschwellenrampe.de\\\/de\\\/turschwellenrampen\\\/schwellenrampen-aluminium\\\/rollstuhlrampe-mit-stutzfusen-3-bis-245-cm\\\/#breadcrumb\",\"itemListElement\":[{\"@type\":\"ListItem\",\"position\":1,\"name\":\"Home\",\"item\":\"https:\\\/\\\/turschwellenrampe.de\\\/de\\\/\"},{\"@type\":\"ListItem\",\"position\":2,\"name\":\"Shop\",\"item\":\"https:\\\/\\\/turschwellenrampe.de\\\/de\\\/geschaft\\\/\"},{\"@type\":\"ListItem\",\"position\":3,\"name\":\"Rollstuhlrampe mit St\u00fctzf\u00fc\u00dfen &#8211; 3 bis 24,5 cm\"}]},{\"@type\":\"WebSite\",\"@id\":\"https:\\\/\\\/turschwellenrampe.de\\\/de\\\/#website\",\"url\":\"https:\\\/\\\/turschwellenrampe.de\\\/de\\\/\",\"name\":\"Turschwellenrampe.de\",\"description\":\"De Specialist in Toegankelijkheid\",\"potentialAction\":[{\"@type\":\"SearchAction\",\"target\":{\"@type\":\"EntryPoint\",\"urlTemplate\":\"https:\\\/\\\/turschwellenrampe.de\\\/de\\\/?s={search_term_string}\"},\"query-input\":{\"@type\":\"PropertyValueSpecification\",\"valueRequired\":true,\"valueName\":\"search_term_string\"}}],\"inLanguage\":\"de\"}]}<\/script>\n<!-- \/ Yoast SEO plugin. -->","yoast_head_json":{"title":"Rollstuhlrampe mit St\u00fctzf\u00fc\u00dfen - 3 bis 24,5 cm - Turschwellenrampe.de","robots":{"index":"index","follow":"follow","max-snippet":"max-snippet:-1","max-image-preview":"max-image-preview:large","max-video-preview":"max-video-preview:-1"},"canonical":"https:\/\/turschwellenrampe.de\/de\/turschwellenrampen\/schwellenrampen-aluminium\/rollstuhlrampe-mit-stutzfusen-3-bis-245-cm\/","og_locale":"de_DE","og_type":"article","og_title":"Rollstuhlrampe mit St\u00fctzf\u00fc\u00dfen - 3 bis 24,5 cm - Turschwellenrampe.de","og_description":"Diese Rollstuhlrampe ist ideal f\u00fcr Ihre Schiebet\u00fcr oder f\u00fcr Ihren Balkon. Dank der praktischen Griffe an der Rollstuhlrampe k\u00f6nnen Sie sie leicht im Auto transportieren, aber auch bei Bedarf leicht verschieben. Spezifikationen:  Breite: 76 cm  Tragf\u00e4higkeit 300 kg","og_url":"https:\/\/turschwellenrampe.de\/de\/turschwellenrampen\/schwellenrampen-aluminium\/rollstuhlrampe-mit-stutzfusen-3-bis-245-cm\/","og_site_name":"Turschwellenrampe.de","article_publisher":"https:\/\/www.facebook.com\/Drempelhulp\/","article_modified_time":"2026-04-10T09:57:18+00:00","og_image":[{"width":736,"height":493,"url":"https:\/\/turschwellenrampe.de\/wp-content\/uploads\/2023\/11\/Treppenrampe_rollsuhlrampe_sbk-n_011.jpg","type":"image\/jpeg"}],"twitter_card":"summary_large_image","schema":{"@context":"https:\/\/schema.org","@graph":[{"@type":"WebPage","@id":"https:\/\/turschwellenrampe.de\/de\/turschwellenrampen\/schwellenrampen-aluminium\/rollstuhlrampe-mit-stutzfusen-3-bis-245-cm\/","url":"https:\/\/turschwellenrampe.de\/de\/turschwellenrampen\/schwellenrampen-aluminium\/rollstuhlrampe-mit-stutzfusen-3-bis-245-cm\/","name":"Rollstuhlrampe mit St\u00fctzf\u00fc\u00dfen - 3 bis 24,5 cm - Turschwellenrampe.de","isPartOf":{"@id":"https:\/\/turschwellenrampe.de\/de\/#website"},"primaryImageOfPage":{"@id":"https:\/\/turschwellenrampe.de\/de\/turschwellenrampen\/schwellenrampen-aluminium\/rollstuhlrampe-mit-stutzfusen-3-bis-245-cm\/#primaryimage"},"image":{"@id":"https:\/\/turschwellenrampe.de\/de\/turschwellenrampen\/schwellenrampen-aluminium\/rollstuhlrampe-mit-stutzfusen-3-bis-245-cm\/#primaryimage"},"thumbnailUrl":"https:\/\/turschwellenrampe.de\/wp-content\/uploads\/2023\/11\/Treppenrampe_rollsuhlrampe_sbk-n_011.jpg","datePublished":"2023-11-23T16:01:10+00:00","dateModified":"2026-04-10T09:57:18+00:00","breadcrumb":{"@id":"https:\/\/turschwellenrampe.de\/de\/turschwellenrampen\/schwellenrampen-aluminium\/rollstuhlrampe-mit-stutzfusen-3-bis-245-cm\/#breadcrumb"},"inLanguage":"de","potentialAction":[{"@type":"ReadAction","target":["https:\/\/turschwellenrampe.de\/de\/turschwellenrampen\/schwellenrampen-aluminium\/rollstuhlrampe-mit-stutzfusen-3-bis-245-cm\/"]}]},{"@type":"ImageObject","inLanguage":"de","@id":"https:\/\/turschwellenrampe.de\/de\/turschwellenrampen\/schwellenrampen-aluminium\/rollstuhlrampe-mit-stutzfusen-3-bis-245-cm\/#primaryimage","url":"https:\/\/turschwellenrampe.de\/wp-content\/uploads\/2023\/11\/Treppenrampe_rollsuhlrampe_sbk-n_011.jpg","contentUrl":"https:\/\/turschwellenrampe.de\/wp-content\/uploads\/2023\/11\/Treppenrampe_rollsuhlrampe_sbk-n_011.jpg","width":736,"height":493},{"@type":"BreadcrumbList","@id":"https:\/\/turschwellenrampe.de\/de\/turschwellenrampen\/schwellenrampen-aluminium\/rollstuhlrampe-mit-stutzfusen-3-bis-245-cm\/#breadcrumb","itemListElement":[{"@type":"ListItem","position":1,"name":"Home","item":"https:\/\/turschwellenrampe.de\/de\/"},{"@type":"ListItem","position":2,"name":"Shop","item":"https:\/\/turschwellenrampe.de\/de\/geschaft\/"},{"@type":"ListItem","position":3,"name":"Rollstuhlrampe mit St\u00fctzf\u00fc\u00dfen &#8211; 3 bis 24,5 cm"}]},{"@type":"WebSite","@id":"https:\/\/turschwellenrampe.de\/de\/#website","url":"https:\/\/turschwellenrampe.de\/de\/","name":"Turschwellenrampe.de","description":"De Specialist in Toegankelijkheid","potentialAction":[{"@type":"SearchAction","target":{"@type":"EntryPoint","urlTemplate":"https:\/\/turschwellenrampe.de\/de\/?s={search_term_string}"},"query-input":{"@type":"PropertyValueSpecification","valueRequired":true,"valueName":"search_term_string"}}],"inLanguage":"de"}]}},"_links":{"self":[{"href":"https:\/\/turschwellenrampe.de\/de\/wp-json\/wp\/v2\/product\/14369","targetHints":{"allow":["GET"]}}],"collection":[{"href":"https:\/\/turschwellenrampe.de\/de\/wp-json\/wp\/v2\/product"}],"about":[{"href":"https:\/\/turschwellenrampe.de\/de\/wp-json\/wp\/v2\/types\/product"}],"replies":[{"embeddable":true,"href":"https:\/\/turschwellenrampe.de\/de\/wp-json\/wp\/v2\/comments?post=14369"}],"wp:featuredmedia":[{"embeddable":true,"href":"https:\/\/turschwellenrampe.de\/de\/wp-json\/wp\/v2\/media\/13835"}],"wp:attachment":[{"href":"https:\/\/turschwellenrampe.de\/de\/wp-json\/wp\/v2\/media?parent=14369"}],"wp:term":[{"taxonomy":"product_brand","embeddable":true,"href":"https:\/\/turschwellenrampe.de\/de\/wp-json\/wp\/v2\/product_brand?post=14369"},{"taxonomy":"product_cat","embeddable":true,"href":"https:\/\/turschwellenrampe.de\/de\/wp-json\/wp\/v2\/product_cat?post=14369"},{"taxonomy":"product_tag","embeddable":true,"href":"https:\/\/turschwellenrampe.de\/de\/wp-json\/wp\/v2\/product_tag?post=14369"}],"curies":[{"name":"wp","href":"https:\/\/api.w.org\/{rel}","templated":true}]}}