{"id":14367,"date":"2023-11-23T17:01:32","date_gmt":"2023-11-23T16:01:32","guid":{"rendered":"https:\/\/turschwellenrampe.de\/unkategorisiert\/faltbare-rampe-65-13-cm-hoch-fuer-schiebetueren-und-balkone\/"},"modified":"2024-12-14T12:14:29","modified_gmt":"2024-12-14T11:14:29","slug":"faltbare-rampe-65-13-cm-hoch-fur-schiebeturen-und-balkone","status":"publish","type":"product","link":"https:\/\/turschwellenrampe.de\/de\/turschwellenrampen\/schwellenrampen-aluminium\/faltbare-rampe-65-13-cm-hoch-fur-schiebeturen-und-balkone\/","title":{"rendered":"Faltbare Rampe 6,5-13 cm hoch f\u00fcr Schiebet\u00fcren und Balkone"},"content":{"rendered":"<p>Die ideale L\u00f6sung als Schwellenrampe f\u00fcr Schiebet\u00fcren. Diese Rampe besteht aus zwei Teilen, von denen einer fest auf dem Boden steht und der andere hochgeklappt werden kann. Durch das Hochklappen der Rampe k\u00f6nnen Sie die Schiebet\u00fcr m\u00fchelos schlie\u00dfen, und wenn Sie nach drau\u00dfen gehen m\u00f6chten, klappen Sie sie wieder aus und sie schlie\u00dft nahtlos an Ihre Schwelle an.<\/p>\n<p><strong>Spezifikationen:<\/strong><\/p>\n<ul>\n<li>L\u00e4nge der Rampe (A): 80 cm<\/li>\n<li>L\u00e4nge des faltbaren Teils (B): 40 cm<\/li>\n<li>Gesamtl\u00e4nge: 120 cm<\/li>\n<li>Breite: 76 cm<\/li>\n<li>Maximale H\u00f6he der inneren Schwelle: 5 bis 9 cm<\/li>\n<li>Maximale H\u00f6he der \u00e4u\u00dferen Schwelle: 6,5 bis 13 cm<\/li>\n<li>Tragf\u00e4higkeit: 300 kg<\/li>\n<\/ul>\n","protected":false},"excerpt":{"rendered":"<p>Die ideale L\u00f6sung als Schwellenrampe f\u00fcr Schiebet\u00fcren. Diese Rampe besteht aus zwei Teilen, von denen einer fest auf dem Boden steht und der andere hochgeklappt werden kann. Durch das Hochklappen der Rampe k\u00f6nnen Sie die Schiebet\u00fcr m\u00fchelos schlie\u00dfen, und wenn Sie nach drau\u00dfen gehen m\u00f6chten, klappen Sie sie wieder aus und sie schlie\u00dft nahtlos an Ihre Schwelle an.<\/p>\n<p><strong>Spezifikationen:<\/strong><\/p>\n<ul>\n<li>L\u00e4nge der Rampe (A): 80 cm<\/li>\n<li>L\u00e4nge des faltbaren Teils (B): 40 cm<\/li>\n<li>Gesamtl\u00e4nge: 120 cm<\/li>\n<li>Breite: 76 cm<\/li>\n<li>Maximale H\u00f6he der inneren Schwelle: 5 bis 9 cm<\/li>\n<li>Maximale H\u00f6he der \u00e4u\u00dferen Schwelle: 6,5 bis 13 cm<\/li>\n<li>Tragf\u00e4higkeit: 300 kg<\/li>\n<\/ul>\n","protected":false},"featured_media":13841,"comment_status":"closed","ping_status":"closed","template":"","meta":[],"product_brand":[],"product_cat":[509,510],"product_tag":[],"class_list":{"0":"post-14367","1":"product","2":"type-product","3":"status-publish","4":"has-post-thumbnail","6":"product_cat-schwellenrampen-aluminium","7":"product_cat-schwellenrampe-terrassentur","8":"pa_kenmerk-1-fur-den-auseneinsatz","9":"pa_kenmerk-1-fur-den-innenbereich","10":"pa_kleur-variant-wielstoppers-schwarz","12":"first","13":"instock","14":"taxable","15":"shipping-taxable","16":"purchasable","17":"product-type-simple"},"yoast_head":"<!-- This site is optimized with the Yoast SEO plugin v27.3 - https:\/\/yoast.com\/product\/yoast-seo-wordpress\/ -->\n<title>Faltbare Rampe 6,5-13 cm hoch f\u00fcr Schiebet\u00fcren und Balkone - Turschwellenrampe.de<\/title>\n<meta name=\"robots\" content=\"index, follow, max-snippet:-1, max-image-preview:large, max-video-preview:-1\" \/>\n<link rel=\"canonical\" href=\"https:\/\/turschwellenrampe.de\/de\/turschwellenrampen\/schwellenrampen-aluminium\/faltbare-rampe-65-13-cm-hoch-fur-schiebeturen-und-balkone\/\" \/>\n<meta property=\"og:locale\" content=\"de_DE\" \/>\n<meta property=\"og:type\" content=\"article\" \/>\n<meta property=\"og:title\" content=\"Faltbare Rampe 6,5-13 cm hoch f\u00fcr Schiebet\u00fcren und Balkone - Turschwellenrampe.de\" \/>\n<meta property=\"og:description\" content=\"Die ideale L\u00f6sung als Schwellenrampe f\u00fcr Schiebet\u00fcren. Diese Rampe besteht aus zwei Teilen, von denen einer fest auf dem Boden steht und der andere hochgeklappt werden kann. Durch das Hochklappen der Rampe k\u00f6nnen Sie die Schiebet\u00fcr m\u00fchelos schlie\u00dfen, und wenn Sie nach drau\u00dfen gehen m\u00f6chten, klappen Sie sie wieder aus und sie schlie\u00dft nahtlos an Ihre Schwelle an. Spezifikationen:  L\u00e4nge der Rampe (A): 80 cm  L\u00e4nge des faltbaren Teils (B): 40 cm  Gesamtl\u00e4nge: 120 cm  Breite: 76 cm  Maximale H\u00f6he der inneren Schwelle: 5 bis 9 cm  Maximale H\u00f6he der \u00e4u\u00dferen Schwelle: 6,5 bis 13 cm  Tragf\u00e4higkeit: 300 kg\" \/>\n<meta property=\"og:url\" content=\"https:\/\/turschwellenrampe.de\/de\/turschwellenrampen\/schwellenrampen-aluminium\/faltbare-rampe-65-13-cm-hoch-fur-schiebeturen-und-balkone\/\" \/>\n<meta property=\"og:site_name\" content=\"Turschwellenrampe.de\" \/>\n<meta property=\"article:publisher\" content=\"https:\/\/www.facebook.com\/Drempelhulp\/\" \/>\n<meta property=\"article:modified_time\" content=\"2024-12-14T11:14:29+00:00\" \/>\n<meta property=\"og:image\" content=\"https:\/\/turschwellenrampe.de\/wp-content\/uploads\/2023\/11\/Balkonrampe_terassenrampe_barrierefrei_DIN_18040_BTR.jpg\" \/>\n\t<meta property=\"og:image:width\" content=\"768\" \/>\n\t<meta property=\"og:image:height\" content=\"510\" \/>\n\t<meta property=\"og:image:type\" content=\"image\/jpeg\" \/>\n<meta name=\"twitter:card\" content=\"summary_large_image\" \/>\n<meta name=\"twitter:label1\" content=\"Gesch\u00e4tzte Lesezeit\" \/>\n\t<meta name=\"twitter:data1\" content=\"1\u00a0Minute\" \/>\n<script type=\"application\/ld+json\" class=\"yoast-schema-graph\">{\"@context\":\"https:\\\/\\\/schema.org\",\"@graph\":[{\"@type\":\"WebPage\",\"@id\":\"https:\\\/\\\/turschwellenrampe.de\\\/de\\\/turschwellenrampen\\\/schwellenrampen-aluminium\\\/faltbare-rampe-65-13-cm-hoch-fur-schiebeturen-und-balkone\\\/\",\"url\":\"https:\\\/\\\/turschwellenrampe.de\\\/de\\\/turschwellenrampen\\\/schwellenrampen-aluminium\\\/faltbare-rampe-65-13-cm-hoch-fur-schiebeturen-und-balkone\\\/\",\"name\":\"Faltbare Rampe 6,5-13 cm hoch f\u00fcr Schiebet\u00fcren und Balkone - Turschwellenrampe.de\",\"isPartOf\":{\"@id\":\"https:\\\/\\\/turschwellenrampe.de\\\/de\\\/#website\"},\"primaryImageOfPage\":{\"@id\":\"https:\\\/\\\/turschwellenrampe.de\\\/de\\\/turschwellenrampen\\\/schwellenrampen-aluminium\\\/faltbare-rampe-65-13-cm-hoch-fur-schiebeturen-und-balkone\\\/#primaryimage\"},\"image\":{\"@id\":\"https:\\\/\\\/turschwellenrampe.de\\\/de\\\/turschwellenrampen\\\/schwellenrampen-aluminium\\\/faltbare-rampe-65-13-cm-hoch-fur-schiebeturen-und-balkone\\\/#primaryimage\"},\"thumbnailUrl\":\"https:\\\/\\\/turschwellenrampe.de\\\/wp-content\\\/uploads\\\/2023\\\/11\\\/Balkonrampe_terassenrampe_barrierefrei_DIN_18040_BTR.jpg\",\"datePublished\":\"2023-11-23T16:01:32+00:00\",\"dateModified\":\"2024-12-14T11:14:29+00:00\",\"breadcrumb\":{\"@id\":\"https:\\\/\\\/turschwellenrampe.de\\\/de\\\/turschwellenrampen\\\/schwellenrampen-aluminium\\\/faltbare-rampe-65-13-cm-hoch-fur-schiebeturen-und-balkone\\\/#breadcrumb\"},\"inLanguage\":\"de\",\"potentialAction\":[{\"@type\":\"ReadAction\",\"target\":[\"https:\\\/\\\/turschwellenrampe.de\\\/de\\\/turschwellenrampen\\\/schwellenrampen-aluminium\\\/faltbare-rampe-65-13-cm-hoch-fur-schiebeturen-und-balkone\\\/\"]}]},{\"@type\":\"ImageObject\",\"inLanguage\":\"de\",\"@id\":\"https:\\\/\\\/turschwellenrampe.de\\\/de\\\/turschwellenrampen\\\/schwellenrampen-aluminium\\\/faltbare-rampe-65-13-cm-hoch-fur-schiebeturen-und-balkone\\\/#primaryimage\",\"url\":\"https:\\\/\\\/turschwellenrampe.de\\\/wp-content\\\/uploads\\\/2023\\\/11\\\/Balkonrampe_terassenrampe_barrierefrei_DIN_18040_BTR.jpg\",\"contentUrl\":\"https:\\\/\\\/turschwellenrampe.de\\\/wp-content\\\/uploads\\\/2023\\\/11\\\/Balkonrampe_terassenrampe_barrierefrei_DIN_18040_BTR.jpg\",\"width\":768,\"height\":510},{\"@type\":\"BreadcrumbList\",\"@id\":\"https:\\\/\\\/turschwellenrampe.de\\\/de\\\/turschwellenrampen\\\/schwellenrampen-aluminium\\\/faltbare-rampe-65-13-cm-hoch-fur-schiebeturen-und-balkone\\\/#breadcrumb\",\"itemListElement\":[{\"@type\":\"ListItem\",\"position\":1,\"name\":\"Home\",\"item\":\"https:\\\/\\\/turschwellenrampe.de\\\/de\\\/\"},{\"@type\":\"ListItem\",\"position\":2,\"name\":\"Shop\",\"item\":\"https:\\\/\\\/turschwellenrampe.de\\\/de\\\/geschaft\\\/\"},{\"@type\":\"ListItem\",\"position\":3,\"name\":\"Faltbare Rampe 6,5-13 cm hoch f\u00fcr Schiebet\u00fcren und Balkone\"}]},{\"@type\":\"WebSite\",\"@id\":\"https:\\\/\\\/turschwellenrampe.de\\\/de\\\/#website\",\"url\":\"https:\\\/\\\/turschwellenrampe.de\\\/de\\\/\",\"name\":\"Turschwellenrampe.de\",\"description\":\"De Specialist in Toegankelijkheid\",\"potentialAction\":[{\"@type\":\"SearchAction\",\"target\":{\"@type\":\"EntryPoint\",\"urlTemplate\":\"https:\\\/\\\/turschwellenrampe.de\\\/de\\\/?s={search_term_string}\"},\"query-input\":{\"@type\":\"PropertyValueSpecification\",\"valueRequired\":true,\"valueName\":\"search_term_string\"}}],\"inLanguage\":\"de\"}]}<\/script>\n<!-- \/ Yoast SEO plugin. -->","yoast_head_json":{"title":"Faltbare Rampe 6,5-13 cm hoch f\u00fcr Schiebet\u00fcren und Balkone - Turschwellenrampe.de","robots":{"index":"index","follow":"follow","max-snippet":"max-snippet:-1","max-image-preview":"max-image-preview:large","max-video-preview":"max-video-preview:-1"},"canonical":"https:\/\/turschwellenrampe.de\/de\/turschwellenrampen\/schwellenrampen-aluminium\/faltbare-rampe-65-13-cm-hoch-fur-schiebeturen-und-balkone\/","og_locale":"de_DE","og_type":"article","og_title":"Faltbare Rampe 6,5-13 cm hoch f\u00fcr Schiebet\u00fcren und Balkone - Turschwellenrampe.de","og_description":"Die ideale L\u00f6sung als Schwellenrampe f\u00fcr Schiebet\u00fcren. Diese Rampe besteht aus zwei Teilen, von denen einer fest auf dem Boden steht und der andere hochgeklappt werden kann. Durch das Hochklappen der Rampe k\u00f6nnen Sie die Schiebet\u00fcr m\u00fchelos schlie\u00dfen, und wenn Sie nach drau\u00dfen gehen m\u00f6chten, klappen Sie sie wieder aus und sie schlie\u00dft nahtlos an Ihre Schwelle an. Spezifikationen:  L\u00e4nge der Rampe (A): 80 cm  L\u00e4nge des faltbaren Teils (B): 40 cm  Gesamtl\u00e4nge: 120 cm  Breite: 76 cm  Maximale H\u00f6he der inneren Schwelle: 5 bis 9 cm  Maximale H\u00f6he der \u00e4u\u00dferen Schwelle: 6,5 bis 13 cm  Tragf\u00e4higkeit: 300 kg","og_url":"https:\/\/turschwellenrampe.de\/de\/turschwellenrampen\/schwellenrampen-aluminium\/faltbare-rampe-65-13-cm-hoch-fur-schiebeturen-und-balkone\/","og_site_name":"Turschwellenrampe.de","article_publisher":"https:\/\/www.facebook.com\/Drempelhulp\/","article_modified_time":"2024-12-14T11:14:29+00:00","og_image":[{"width":768,"height":510,"url":"https:\/\/turschwellenrampe.de\/wp-content\/uploads\/2023\/11\/Balkonrampe_terassenrampe_barrierefrei_DIN_18040_BTR.jpg","type":"image\/jpeg"}],"twitter_card":"summary_large_image","twitter_misc":{"Gesch\u00e4tzte Lesezeit":"1\u00a0Minute"},"schema":{"@context":"https:\/\/schema.org","@graph":[{"@type":"WebPage","@id":"https:\/\/turschwellenrampe.de\/de\/turschwellenrampen\/schwellenrampen-aluminium\/faltbare-rampe-65-13-cm-hoch-fur-schiebeturen-und-balkone\/","url":"https:\/\/turschwellenrampe.de\/de\/turschwellenrampen\/schwellenrampen-aluminium\/faltbare-rampe-65-13-cm-hoch-fur-schiebeturen-und-balkone\/","name":"Faltbare Rampe 6,5-13 cm hoch f\u00fcr Schiebet\u00fcren und Balkone - Turschwellenrampe.de","isPartOf":{"@id":"https:\/\/turschwellenrampe.de\/de\/#website"},"primaryImageOfPage":{"@id":"https:\/\/turschwellenrampe.de\/de\/turschwellenrampen\/schwellenrampen-aluminium\/faltbare-rampe-65-13-cm-hoch-fur-schiebeturen-und-balkone\/#primaryimage"},"image":{"@id":"https:\/\/turschwellenrampe.de\/de\/turschwellenrampen\/schwellenrampen-aluminium\/faltbare-rampe-65-13-cm-hoch-fur-schiebeturen-und-balkone\/#primaryimage"},"thumbnailUrl":"https:\/\/turschwellenrampe.de\/wp-content\/uploads\/2023\/11\/Balkonrampe_terassenrampe_barrierefrei_DIN_18040_BTR.jpg","datePublished":"2023-11-23T16:01:32+00:00","dateModified":"2024-12-14T11:14:29+00:00","breadcrumb":{"@id":"https:\/\/turschwellenrampe.de\/de\/turschwellenrampen\/schwellenrampen-aluminium\/faltbare-rampe-65-13-cm-hoch-fur-schiebeturen-und-balkone\/#breadcrumb"},"inLanguage":"de","potentialAction":[{"@type":"ReadAction","target":["https:\/\/turschwellenrampe.de\/de\/turschwellenrampen\/schwellenrampen-aluminium\/faltbare-rampe-65-13-cm-hoch-fur-schiebeturen-und-balkone\/"]}]},{"@type":"ImageObject","inLanguage":"de","@id":"https:\/\/turschwellenrampe.de\/de\/turschwellenrampen\/schwellenrampen-aluminium\/faltbare-rampe-65-13-cm-hoch-fur-schiebeturen-und-balkone\/#primaryimage","url":"https:\/\/turschwellenrampe.de\/wp-content\/uploads\/2023\/11\/Balkonrampe_terassenrampe_barrierefrei_DIN_18040_BTR.jpg","contentUrl":"https:\/\/turschwellenrampe.de\/wp-content\/uploads\/2023\/11\/Balkonrampe_terassenrampe_barrierefrei_DIN_18040_BTR.jpg","width":768,"height":510},{"@type":"BreadcrumbList","@id":"https:\/\/turschwellenrampe.de\/de\/turschwellenrampen\/schwellenrampen-aluminium\/faltbare-rampe-65-13-cm-hoch-fur-schiebeturen-und-balkone\/#breadcrumb","itemListElement":[{"@type":"ListItem","position":1,"name":"Home","item":"https:\/\/turschwellenrampe.de\/de\/"},{"@type":"ListItem","position":2,"name":"Shop","item":"https:\/\/turschwellenrampe.de\/de\/geschaft\/"},{"@type":"ListItem","position":3,"name":"Faltbare Rampe 6,5-13 cm hoch f\u00fcr Schiebet\u00fcren und Balkone"}]},{"@type":"WebSite","@id":"https:\/\/turschwellenrampe.de\/de\/#website","url":"https:\/\/turschwellenrampe.de\/de\/","name":"Turschwellenrampe.de","description":"De Specialist in Toegankelijkheid","potentialAction":[{"@type":"SearchAction","target":{"@type":"EntryPoint","urlTemplate":"https:\/\/turschwellenrampe.de\/de\/?s={search_term_string}"},"query-input":{"@type":"PropertyValueSpecification","valueRequired":true,"valueName":"search_term_string"}}],"inLanguage":"de"}]}},"_links":{"self":[{"href":"https:\/\/turschwellenrampe.de\/de\/wp-json\/wp\/v2\/product\/14367","targetHints":{"allow":["GET"]}}],"collection":[{"href":"https:\/\/turschwellenrampe.de\/de\/wp-json\/wp\/v2\/product"}],"about":[{"href":"https:\/\/turschwellenrampe.de\/de\/wp-json\/wp\/v2\/types\/product"}],"replies":[{"embeddable":true,"href":"https:\/\/turschwellenrampe.de\/de\/wp-json\/wp\/v2\/comments?post=14367"}],"wp:featuredmedia":[{"embeddable":true,"href":"https:\/\/turschwellenrampe.de\/de\/wp-json\/wp\/v2\/media\/13841"}],"wp:attachment":[{"href":"https:\/\/turschwellenrampe.de\/de\/wp-json\/wp\/v2\/media?parent=14367"}],"wp:term":[{"taxonomy":"product_brand","embeddable":true,"href":"https:\/\/turschwellenrampe.de\/de\/wp-json\/wp\/v2\/product_brand?post=14367"},{"taxonomy":"product_cat","embeddable":true,"href":"https:\/\/turschwellenrampe.de\/de\/wp-json\/wp\/v2\/product_cat?post=14367"},{"taxonomy":"product_tag","embeddable":true,"href":"https:\/\/turschwellenrampe.de\/de\/wp-json\/wp\/v2\/product_tag?post=14367"}],"curies":[{"name":"wp","href":"https:\/\/api.w.org\/{rel}","templated":true}]}}