{"id":14362,"date":"2023-11-23T17:03:13","date_gmt":"2023-11-23T16:03:13","guid":{"rendered":"https:\/\/turschwellenrampe.de\/unkategorisiert\/kabelabdeckung-5-bahnen\/"},"modified":"2025-09-05T08:20:14","modified_gmt":"2025-09-05T06:20:14","slug":"kabelschutz-5-bahnen","status":"publish","type":"product","link":"https:\/\/turschwellenrampe.de\/de\/industriell\/kabelabdeckung\/kabelschutz-5-bahnen\/","title":{"rendered":"Kabelabdeckung &#8211; 5 Bahnen"},"content":{"rendered":"<p>Diese <strong>Kabelabdeckung<\/strong> verhindert die Abnutzung von <strong>Kabeln<\/strong> oder <strong>Schn\u00fcren<\/strong> und ist unter anderem f\u00fcr Fu\u00dfg\u00e4nger, Kinderwagen, Einkaufswagen und Autos geeignet. Dank der Befestigungspunkte an den Enden der Kabelabdeckung k\u00f6nnen Sie die gew\u00fcnschte L\u00e4nge leicht anbringen. Hervorragend f\u00fcr den <strong>Au\u00dfenbereich<\/strong> geeignet.<\/p>\n<p><strong>Wo k\u00f6nnen Kabelabdeckungen eingesetzt werden?<\/strong><\/p>\n<p>Ideal f\u00fcr den Einsatz im Freien und in Innenr\u00e4umen, z. B. in Parkh\u00e4usern, Lagerhallen, Konzerten, Hotels, Veranstaltungsorten, Einkaufszentren, Sportveranstaltungen, Schulen, Gemeinden, Baustellen usw. Diese Protektoren k\u00f6nnen an verschiedenen Stellen eingesetzt werden. Meistens findet man sie in einer Werkstatt oder einem Lagerhaus, wo eine Reihe von Kabeln und Dr\u00e4hten auf dem Boden liegen. Sie sind auch in einem B\u00fcro zu finden, wo Kabel f\u00fcr B\u00fcroger\u00e4te und andere Dinge verwendet werden. Unsere Kabelabdeckungen aus Gummi f\u00fcr den leichten Gebrauch sind eine kosteng\u00fcnstige L\u00f6sung f\u00fcr das Problem der Gesundheits- und Sicherheitsrisiken in B\u00fcros und anderen Arbeitsumgebungen. Sie sch\u00fctzen nicht nur die Kabel, sondern k\u00f6nnen auch dazu beitragen, dass sie getrennt bleiben und sich nicht verheddern. Das ist ideal f\u00fcr Leute, die ihre Kabel sicher aufbewahren m\u00fcssen und sie m\u00f6glicherweise in naher Zukunft verlegen wollen. Niemand m\u00f6chte sich mit einem Kabelsalat herumschlagen m\u00fcssen, wenn es nicht n\u00f6tig ist. Das einzigartige modulare Design erm\u00f6glicht es Ihnen, mehrere Kabelschutzvorrichtungen miteinander zu verbinden, um gr\u00f6\u00dfere Kabell\u00e4ngen zu \u00fcberbr\u00fccken und das Kabelmanagement in gr\u00f6\u00dferen R\u00e4umen zu verbessern. die Kan\u00e4le sind \u00fcber eine aufklappbare PVC-Abdeckung zug\u00e4nglich.<\/p>\n<p><strong>Spezifikationen:<\/strong><\/p>\n<ul>\n<li>L\u00e4nge: 90 cm<\/li>\n<li>Breite: 50 cm<\/li>\n<li>H\u00f6he: 5 cm<\/li>\n<li>Gewicht: 11,5 kg<\/li>\n<li>Material: Gummi und PVC<\/li>\n<li>Kan\u00e4le: 5<\/li>\n<li>Kanalbreite: 3,5 cm<\/li>\n<li>Kanalh\u00f6he: 3,5 cm<\/li>\n<li>Tragf\u00e4higkeit: 15 Tonnen<\/li>\n<\/ul>\n","protected":false},"excerpt":{"rendered":"<p><strong>Spezifikationen:<\/strong><\/p>\n<ul>\n<li>L\u00e4nge: 90 cm<\/li>\n<li>Breite: 50 cm<\/li>\n<li>H\u00f6he: 5 cm<\/li>\n<li>Gewicht: 11,5 kg<\/li>\n<li>Material: Gummi und PVC<\/li>\n<li>Kan\u00e4le: 5<\/li>\n<li>Kanalbreite: 3,5 cm<\/li>\n<li>Kanalh\u00f6he: 3,5 cm<\/li>\n<li>Tragf\u00e4higkeit: 15 Tonnen<\/li>\n<\/ul>\n","protected":false},"featured_media":13881,"comment_status":"closed","ping_status":"closed","template":"","meta":[],"product_brand":[],"product_cat":[503],"product_tag":[],"class_list":{"0":"post-14362","1":"product","2":"type-product","3":"status-publish","4":"has-post-thumbnail","6":"product_cat-kabelabdeckung","8":"first","9":"instock","10":"sale","11":"taxable","12":"shipping-taxable","13":"purchasable","14":"product-type-simple"},"yoast_head":"<!-- This site is optimized with the Yoast SEO plugin v27.5 - https:\/\/yoast.com\/product\/yoast-seo-wordpress\/ -->\n<title>Kabelabdeckung - 5 Bahnen - Turschwellenrampe.de<\/title>\n<meta name=\"robots\" content=\"index, follow, max-snippet:-1, max-image-preview:large, max-video-preview:-1\" \/>\n<link rel=\"canonical\" href=\"https:\/\/turschwellenrampe.de\/de\/industriell\/kabelabdeckung\/kabelschutz-5-bahnen\/\" \/>\n<meta property=\"og:locale\" content=\"de_DE\" \/>\n<meta property=\"og:type\" content=\"article\" \/>\n<meta property=\"og:title\" content=\"Kabelabdeckung - 5 Bahnen - Turschwellenrampe.de\" \/>\n<meta property=\"og:description\" content=\"Spezifikationen:  L\u00e4nge: 90 cm  Breite: 50 cm  H\u00f6he: 5 cm  Gewicht: 11,5 kg  Material: Gummi und PVC  Kan\u00e4le: 5  Kanalbreite: 3,5 cm  Kanalh\u00f6he: 3,5 cm  Tragf\u00e4higkeit: 15 Tonnen\" \/>\n<meta property=\"og:url\" content=\"https:\/\/turschwellenrampe.de\/de\/industriell\/kabelabdeckung\/kabelschutz-5-bahnen\/\" \/>\n<meta property=\"og:site_name\" content=\"Turschwellenrampe.de\" \/>\n<meta property=\"article:publisher\" content=\"https:\/\/www.facebook.com\/Drempelhulp\/\" \/>\n<meta property=\"article:modified_time\" content=\"2025-09-05T06:20:14+00:00\" \/>\n<meta property=\"og:image\" content=\"https:\/\/turschwellenrampe.de\/wp-content\/uploads\/2023\/11\/DSC_0151-scaled-1.jpg\" \/>\n\t<meta property=\"og:image:width\" content=\"2560\" \/>\n\t<meta property=\"og:image:height\" content=\"1702\" \/>\n\t<meta property=\"og:image:type\" content=\"image\/jpeg\" \/>\n<meta name=\"twitter:card\" content=\"summary_large_image\" \/>\n<meta name=\"twitter:label1\" content=\"Gesch\u00e4tzte Lesezeit\" \/>\n\t<meta name=\"twitter:data1\" content=\"1\u00a0Minute\" \/>\n<script type=\"application\/ld+json\" class=\"yoast-schema-graph\">{\"@context\":\"https:\\\/\\\/schema.org\",\"@graph\":[{\"@type\":\"WebPage\",\"@id\":\"https:\\\/\\\/turschwellenrampe.de\\\/de\\\/industriell\\\/kabelabdeckung\\\/kabelschutz-5-bahnen\\\/\",\"url\":\"https:\\\/\\\/turschwellenrampe.de\\\/de\\\/industriell\\\/kabelabdeckung\\\/kabelschutz-5-bahnen\\\/\",\"name\":\"Kabelabdeckung - 5 Bahnen - Turschwellenrampe.de\",\"isPartOf\":{\"@id\":\"https:\\\/\\\/turschwellenrampe.de\\\/de\\\/#website\"},\"primaryImageOfPage\":{\"@id\":\"https:\\\/\\\/turschwellenrampe.de\\\/de\\\/industriell\\\/kabelabdeckung\\\/kabelschutz-5-bahnen\\\/#primaryimage\"},\"image\":{\"@id\":\"https:\\\/\\\/turschwellenrampe.de\\\/de\\\/industriell\\\/kabelabdeckung\\\/kabelschutz-5-bahnen\\\/#primaryimage\"},\"thumbnailUrl\":\"https:\\\/\\\/turschwellenrampe.de\\\/wp-content\\\/uploads\\\/2023\\\/11\\\/DSC_0151-scaled-1.jpg\",\"datePublished\":\"2023-11-23T16:03:13+00:00\",\"dateModified\":\"2025-09-05T06:20:14+00:00\",\"breadcrumb\":{\"@id\":\"https:\\\/\\\/turschwellenrampe.de\\\/de\\\/industriell\\\/kabelabdeckung\\\/kabelschutz-5-bahnen\\\/#breadcrumb\"},\"inLanguage\":\"de\",\"potentialAction\":[{\"@type\":\"ReadAction\",\"target\":[\"https:\\\/\\\/turschwellenrampe.de\\\/de\\\/industriell\\\/kabelabdeckung\\\/kabelschutz-5-bahnen\\\/\"]}]},{\"@type\":\"ImageObject\",\"inLanguage\":\"de\",\"@id\":\"https:\\\/\\\/turschwellenrampe.de\\\/de\\\/industriell\\\/kabelabdeckung\\\/kabelschutz-5-bahnen\\\/#primaryimage\",\"url\":\"https:\\\/\\\/turschwellenrampe.de\\\/wp-content\\\/uploads\\\/2023\\\/11\\\/DSC_0151-scaled-1.jpg\",\"contentUrl\":\"https:\\\/\\\/turschwellenrampe.de\\\/wp-content\\\/uploads\\\/2023\\\/11\\\/DSC_0151-scaled-1.jpg\",\"width\":2560,\"height\":1702},{\"@type\":\"BreadcrumbList\",\"@id\":\"https:\\\/\\\/turschwellenrampe.de\\\/de\\\/industriell\\\/kabelabdeckung\\\/kabelschutz-5-bahnen\\\/#breadcrumb\",\"itemListElement\":[{\"@type\":\"ListItem\",\"position\":1,\"name\":\"Home\",\"item\":\"https:\\\/\\\/turschwellenrampe.de\\\/de\\\/\"},{\"@type\":\"ListItem\",\"position\":2,\"name\":\"Shop\",\"item\":\"https:\\\/\\\/turschwellenrampe.de\\\/de\\\/geschaft\\\/\"},{\"@type\":\"ListItem\",\"position\":3,\"name\":\"Kabelabdeckung &#8211; 5 Bahnen\"}]},{\"@type\":\"WebSite\",\"@id\":\"https:\\\/\\\/turschwellenrampe.de\\\/de\\\/#website\",\"url\":\"https:\\\/\\\/turschwellenrampe.de\\\/de\\\/\",\"name\":\"Turschwellenrampe.de\",\"description\":\"De Specialist in Toegankelijkheid\",\"potentialAction\":[{\"@type\":\"SearchAction\",\"target\":{\"@type\":\"EntryPoint\",\"urlTemplate\":\"https:\\\/\\\/turschwellenrampe.de\\\/de\\\/?s={search_term_string}\"},\"query-input\":{\"@type\":\"PropertyValueSpecification\",\"valueRequired\":true,\"valueName\":\"search_term_string\"}}],\"inLanguage\":\"de\"}]}<\/script>\n<!-- \/ Yoast SEO plugin. -->","yoast_head_json":{"title":"Kabelabdeckung - 5 Bahnen - Turschwellenrampe.de","robots":{"index":"index","follow":"follow","max-snippet":"max-snippet:-1","max-image-preview":"max-image-preview:large","max-video-preview":"max-video-preview:-1"},"canonical":"https:\/\/turschwellenrampe.de\/de\/industriell\/kabelabdeckung\/kabelschutz-5-bahnen\/","og_locale":"de_DE","og_type":"article","og_title":"Kabelabdeckung - 5 Bahnen - Turschwellenrampe.de","og_description":"Spezifikationen:  L\u00e4nge: 90 cm  Breite: 50 cm  H\u00f6he: 5 cm  Gewicht: 11,5 kg  Material: Gummi und PVC  Kan\u00e4le: 5  Kanalbreite: 3,5 cm  Kanalh\u00f6he: 3,5 cm  Tragf\u00e4higkeit: 15 Tonnen","og_url":"https:\/\/turschwellenrampe.de\/de\/industriell\/kabelabdeckung\/kabelschutz-5-bahnen\/","og_site_name":"Turschwellenrampe.de","article_publisher":"https:\/\/www.facebook.com\/Drempelhulp\/","article_modified_time":"2025-09-05T06:20:14+00:00","og_image":[{"width":2560,"height":1702,"url":"https:\/\/turschwellenrampe.de\/wp-content\/uploads\/2023\/11\/DSC_0151-scaled-1.jpg","type":"image\/jpeg"}],"twitter_card":"summary_large_image","twitter_misc":{"Gesch\u00e4tzte Lesezeit":"1\u00a0Minute"},"schema":{"@context":"https:\/\/schema.org","@graph":[{"@type":"WebPage","@id":"https:\/\/turschwellenrampe.de\/de\/industriell\/kabelabdeckung\/kabelschutz-5-bahnen\/","url":"https:\/\/turschwellenrampe.de\/de\/industriell\/kabelabdeckung\/kabelschutz-5-bahnen\/","name":"Kabelabdeckung - 5 Bahnen - Turschwellenrampe.de","isPartOf":{"@id":"https:\/\/turschwellenrampe.de\/de\/#website"},"primaryImageOfPage":{"@id":"https:\/\/turschwellenrampe.de\/de\/industriell\/kabelabdeckung\/kabelschutz-5-bahnen\/#primaryimage"},"image":{"@id":"https:\/\/turschwellenrampe.de\/de\/industriell\/kabelabdeckung\/kabelschutz-5-bahnen\/#primaryimage"},"thumbnailUrl":"https:\/\/turschwellenrampe.de\/wp-content\/uploads\/2023\/11\/DSC_0151-scaled-1.jpg","datePublished":"2023-11-23T16:03:13+00:00","dateModified":"2025-09-05T06:20:14+00:00","breadcrumb":{"@id":"https:\/\/turschwellenrampe.de\/de\/industriell\/kabelabdeckung\/kabelschutz-5-bahnen\/#breadcrumb"},"inLanguage":"de","potentialAction":[{"@type":"ReadAction","target":["https:\/\/turschwellenrampe.de\/de\/industriell\/kabelabdeckung\/kabelschutz-5-bahnen\/"]}]},{"@type":"ImageObject","inLanguage":"de","@id":"https:\/\/turschwellenrampe.de\/de\/industriell\/kabelabdeckung\/kabelschutz-5-bahnen\/#primaryimage","url":"https:\/\/turschwellenrampe.de\/wp-content\/uploads\/2023\/11\/DSC_0151-scaled-1.jpg","contentUrl":"https:\/\/turschwellenrampe.de\/wp-content\/uploads\/2023\/11\/DSC_0151-scaled-1.jpg","width":2560,"height":1702},{"@type":"BreadcrumbList","@id":"https:\/\/turschwellenrampe.de\/de\/industriell\/kabelabdeckung\/kabelschutz-5-bahnen\/#breadcrumb","itemListElement":[{"@type":"ListItem","position":1,"name":"Home","item":"https:\/\/turschwellenrampe.de\/de\/"},{"@type":"ListItem","position":2,"name":"Shop","item":"https:\/\/turschwellenrampe.de\/de\/geschaft\/"},{"@type":"ListItem","position":3,"name":"Kabelabdeckung &#8211; 5 Bahnen"}]},{"@type":"WebSite","@id":"https:\/\/turschwellenrampe.de\/de\/#website","url":"https:\/\/turschwellenrampe.de\/de\/","name":"Turschwellenrampe.de","description":"De Specialist in Toegankelijkheid","potentialAction":[{"@type":"SearchAction","target":{"@type":"EntryPoint","urlTemplate":"https:\/\/turschwellenrampe.de\/de\/?s={search_term_string}"},"query-input":{"@type":"PropertyValueSpecification","valueRequired":true,"valueName":"search_term_string"}}],"inLanguage":"de"}]}},"_links":{"self":[{"href":"https:\/\/turschwellenrampe.de\/de\/wp-json\/wp\/v2\/product\/14362","targetHints":{"allow":["GET"]}}],"collection":[{"href":"https:\/\/turschwellenrampe.de\/de\/wp-json\/wp\/v2\/product"}],"about":[{"href":"https:\/\/turschwellenrampe.de\/de\/wp-json\/wp\/v2\/types\/product"}],"replies":[{"embeddable":true,"href":"https:\/\/turschwellenrampe.de\/de\/wp-json\/wp\/v2\/comments?post=14362"}],"wp:featuredmedia":[{"embeddable":true,"href":"https:\/\/turschwellenrampe.de\/de\/wp-json\/wp\/v2\/media\/13881"}],"wp:attachment":[{"href":"https:\/\/turschwellenrampe.de\/de\/wp-json\/wp\/v2\/media?parent=14362"}],"wp:term":[{"taxonomy":"product_brand","embeddable":true,"href":"https:\/\/turschwellenrampe.de\/de\/wp-json\/wp\/v2\/product_brand?post=14362"},{"taxonomy":"product_cat","embeddable":true,"href":"https:\/\/turschwellenrampe.de\/de\/wp-json\/wp\/v2\/product_cat?post=14362"},{"taxonomy":"product_tag","embeddable":true,"href":"https:\/\/turschwellenrampe.de\/de\/wp-json\/wp\/v2\/product_tag?post=14362"}],"curies":[{"name":"wp","href":"https:\/\/api.w.org\/{rel}","templated":true}]}}