{"id":13069,"date":"2020-03-19T14:57:42","date_gmt":"2020-03-19T13:57:42","guid":{"rendered":"https:\/\/turschwellenrampe.de\/shop\/unkategorisiert\/six-pack-grau\/"},"modified":"2026-02-06T09:41:11","modified_gmt":"2026-02-06T08:41:11","slug":"six-pack-grau","status":"publish","type":"product","link":"https:\/\/turschwellenrampe.de\/de\/masgeschneidert\/selber-bauen\/six-pack-grau\/","title":{"rendered":"Six-Pack grau"},"content":{"rendered":"<p><strong>Artikelnr: 15000<\/strong><\/p>\n<p>Element von 5,4 cm. breit und 50 cm. lang. Dieses Sechserpack wird als Deckschicht f\u00fcr die Montage gr\u00f6\u00dferer L\u00f6sungen verwendet. \u00a0 Dieses Six-pack wird als oberste Schicht verwendet, um gr\u00f6\u00dfere L\u00f6sungen zu montieren.<\/p>\n<ul>\n<li>Element 5,4 cm breit und 50 cm lang.<\/li>\n<li>C-locks an zwei Seiten zum Verbinden anderer Elemente.<\/li>\n<li>Abmessungen: &#8211; 5,4 cm hoch &#8211; 25 cm breit &#8211; 50 cm lang<\/li>\n<li>2 Seiten C-locks angebracht<\/li>\n<\/ul>\n","protected":false},"excerpt":{"rendered":"<p><strong>Artikelnr: 15000<\/strong><\/p>\n<p>Element von 5,4 cm. breit und 50 cm. lang. Dieses Sechserpack wird als Deckschicht f\u00fcr die Montage gr\u00f6\u00dferer L\u00f6sungen verwendet. \u00a0 Dieses Six-pack wird als oberste Schicht verwendet, um gr\u00f6\u00dfere L\u00f6sungen zu montieren.<\/p>\n<ul>\n<li>Element 5,4 cm breit und 50 cm lang.<\/li>\n<li>C-locks an zwei Seiten zum Verbinden anderer Elemente.<\/li>\n<li>Abmessungen: &#8211; 5,4 cm hoch &#8211; 25 cm breit &#8211; 50 cm lang<\/li>\n<li>2 Seiten C-locks angebracht<\/li>\n<\/ul>\n","protected":false},"featured_media":10683,"comment_status":"open","ping_status":"closed","template":"","meta":[],"product_brand":[],"product_cat":[524],"product_tag":[],"class_list":{"0":"post-13069","1":"product","2":"type-product","3":"status-publish","4":"has-post-thumbnail","6":"product_cat-selber-bauen","8":"first","9":"instock","10":"taxable","11":"shipping-taxable","12":"purchasable","13":"product-type-simple"},"yoast_head":"<!-- This site is optimized with the Yoast SEO plugin v27.5 - https:\/\/yoast.com\/product\/yoast-seo-wordpress\/ -->\n<title>Six-Pack grau - Turschwellenrampe.de<\/title>\n<meta name=\"robots\" content=\"index, follow, max-snippet:-1, max-image-preview:large, max-video-preview:-1\" \/>\n<link rel=\"canonical\" href=\"https:\/\/turschwellenrampe.de\/de\/masgeschneidert\/selber-bauen\/six-pack-grau\/\" \/>\n<meta property=\"og:locale\" content=\"de_DE\" \/>\n<meta property=\"og:type\" content=\"article\" \/>\n<meta property=\"og:title\" content=\"Six-Pack grau - Turschwellenrampe.de\" \/>\n<meta property=\"og:description\" content=\"Artikelnr: 15000  Element von 5,4 cm. breit und 50 cm. lang. Dieses Sechserpack wird als Deckschicht f\u00fcr die Montage gr\u00f6\u00dferer L\u00f6sungen verwendet. \u00a0 Dieses Six-pack wird als oberste Schicht verwendet, um gr\u00f6\u00dfere L\u00f6sungen zu montieren.   Element 5,4 cm breit und 50 cm lang.  C-locks an zwei Seiten zum Verbinden anderer Elemente.  Abmessungen: - 5,4 cm hoch - 25 cm breit - 50 cm lang  2 Seiten C-locks angebracht\" \/>\n<meta property=\"og:url\" content=\"https:\/\/turschwellenrampe.de\/de\/masgeschneidert\/selber-bauen\/six-pack-grau\/\" \/>\n<meta property=\"og:site_name\" content=\"Turschwellenrampe.de\" \/>\n<meta property=\"article:publisher\" content=\"https:\/\/www.facebook.com\/Drempelhulp\/\" \/>\n<meta property=\"article:modified_time\" content=\"2026-02-06T08:41:11+00:00\" \/>\n<meta property=\"og:image\" content=\"https:\/\/turschwellenrampe.de\/wp-content\/uploads\/2020\/03\/15000-1.jpg\" \/>\n\t<meta property=\"og:image:width\" content=\"419\" \/>\n\t<meta property=\"og:image:height\" content=\"300\" \/>\n\t<meta property=\"og:image:type\" content=\"image\/jpeg\" \/>\n<meta name=\"twitter:card\" content=\"summary_large_image\" \/>\n<meta name=\"twitter:label1\" content=\"Gesch\u00e4tzte Lesezeit\" \/>\n\t<meta name=\"twitter:data1\" content=\"1\u00a0Minute\" \/>\n<script type=\"application\/ld+json\" class=\"yoast-schema-graph\">{\"@context\":\"https:\\\/\\\/schema.org\",\"@graph\":[{\"@type\":\"WebPage\",\"@id\":\"https:\\\/\\\/turschwellenrampe.de\\\/de\\\/masgeschneidert\\\/selber-bauen\\\/six-pack-grau\\\/\",\"url\":\"https:\\\/\\\/turschwellenrampe.de\\\/de\\\/masgeschneidert\\\/selber-bauen\\\/six-pack-grau\\\/\",\"name\":\"Six-Pack grau - Turschwellenrampe.de\",\"isPartOf\":{\"@id\":\"https:\\\/\\\/turschwellenrampe.de\\\/de\\\/#website\"},\"primaryImageOfPage\":{\"@id\":\"https:\\\/\\\/turschwellenrampe.de\\\/de\\\/masgeschneidert\\\/selber-bauen\\\/six-pack-grau\\\/#primaryimage\"},\"image\":{\"@id\":\"https:\\\/\\\/turschwellenrampe.de\\\/de\\\/masgeschneidert\\\/selber-bauen\\\/six-pack-grau\\\/#primaryimage\"},\"thumbnailUrl\":\"https:\\\/\\\/turschwellenrampe.de\\\/wp-content\\\/uploads\\\/2020\\\/03\\\/15000-1.jpg\",\"datePublished\":\"2020-03-19T13:57:42+00:00\",\"dateModified\":\"2026-02-06T08:41:11+00:00\",\"breadcrumb\":{\"@id\":\"https:\\\/\\\/turschwellenrampe.de\\\/de\\\/masgeschneidert\\\/selber-bauen\\\/six-pack-grau\\\/#breadcrumb\"},\"inLanguage\":\"de\",\"potentialAction\":[{\"@type\":\"ReadAction\",\"target\":[\"https:\\\/\\\/turschwellenrampe.de\\\/de\\\/masgeschneidert\\\/selber-bauen\\\/six-pack-grau\\\/\"]}]},{\"@type\":\"ImageObject\",\"inLanguage\":\"de\",\"@id\":\"https:\\\/\\\/turschwellenrampe.de\\\/de\\\/masgeschneidert\\\/selber-bauen\\\/six-pack-grau\\\/#primaryimage\",\"url\":\"https:\\\/\\\/turschwellenrampe.de\\\/wp-content\\\/uploads\\\/2020\\\/03\\\/15000-1.jpg\",\"contentUrl\":\"https:\\\/\\\/turschwellenrampe.de\\\/wp-content\\\/uploads\\\/2020\\\/03\\\/15000-1.jpg\",\"width\":419,\"height\":300},{\"@type\":\"BreadcrumbList\",\"@id\":\"https:\\\/\\\/turschwellenrampe.de\\\/de\\\/masgeschneidert\\\/selber-bauen\\\/six-pack-grau\\\/#breadcrumb\",\"itemListElement\":[{\"@type\":\"ListItem\",\"position\":1,\"name\":\"Home\",\"item\":\"https:\\\/\\\/turschwellenrampe.de\\\/de\\\/\"},{\"@type\":\"ListItem\",\"position\":2,\"name\":\"Shop\",\"item\":\"https:\\\/\\\/turschwellenrampe.de\\\/de\\\/geschaft\\\/\"},{\"@type\":\"ListItem\",\"position\":3,\"name\":\"Six-Pack grau\"}]},{\"@type\":\"WebSite\",\"@id\":\"https:\\\/\\\/turschwellenrampe.de\\\/de\\\/#website\",\"url\":\"https:\\\/\\\/turschwellenrampe.de\\\/de\\\/\",\"name\":\"Turschwellenrampe.de\",\"description\":\"De Specialist in Toegankelijkheid\",\"potentialAction\":[{\"@type\":\"SearchAction\",\"target\":{\"@type\":\"EntryPoint\",\"urlTemplate\":\"https:\\\/\\\/turschwellenrampe.de\\\/de\\\/?s={search_term_string}\"},\"query-input\":{\"@type\":\"PropertyValueSpecification\",\"valueRequired\":true,\"valueName\":\"search_term_string\"}}],\"inLanguage\":\"de\"}]}<\/script>\n<!-- \/ Yoast SEO plugin. -->","yoast_head_json":{"title":"Six-Pack grau - Turschwellenrampe.de","robots":{"index":"index","follow":"follow","max-snippet":"max-snippet:-1","max-image-preview":"max-image-preview:large","max-video-preview":"max-video-preview:-1"},"canonical":"https:\/\/turschwellenrampe.de\/de\/masgeschneidert\/selber-bauen\/six-pack-grau\/","og_locale":"de_DE","og_type":"article","og_title":"Six-Pack grau - Turschwellenrampe.de","og_description":"Artikelnr: 15000  Element von 5,4 cm. breit und 50 cm. lang. Dieses Sechserpack wird als Deckschicht f\u00fcr die Montage gr\u00f6\u00dferer L\u00f6sungen verwendet. \u00a0 Dieses Six-pack wird als oberste Schicht verwendet, um gr\u00f6\u00dfere L\u00f6sungen zu montieren.   Element 5,4 cm breit und 50 cm lang.  C-locks an zwei Seiten zum Verbinden anderer Elemente.  Abmessungen: - 5,4 cm hoch - 25 cm breit - 50 cm lang  2 Seiten C-locks angebracht","og_url":"https:\/\/turschwellenrampe.de\/de\/masgeschneidert\/selber-bauen\/six-pack-grau\/","og_site_name":"Turschwellenrampe.de","article_publisher":"https:\/\/www.facebook.com\/Drempelhulp\/","article_modified_time":"2026-02-06T08:41:11+00:00","og_image":[{"width":419,"height":300,"url":"https:\/\/turschwellenrampe.de\/wp-content\/uploads\/2020\/03\/15000-1.jpg","type":"image\/jpeg"}],"twitter_card":"summary_large_image","twitter_misc":{"Gesch\u00e4tzte Lesezeit":"1\u00a0Minute"},"schema":{"@context":"https:\/\/schema.org","@graph":[{"@type":"WebPage","@id":"https:\/\/turschwellenrampe.de\/de\/masgeschneidert\/selber-bauen\/six-pack-grau\/","url":"https:\/\/turschwellenrampe.de\/de\/masgeschneidert\/selber-bauen\/six-pack-grau\/","name":"Six-Pack grau - Turschwellenrampe.de","isPartOf":{"@id":"https:\/\/turschwellenrampe.de\/de\/#website"},"primaryImageOfPage":{"@id":"https:\/\/turschwellenrampe.de\/de\/masgeschneidert\/selber-bauen\/six-pack-grau\/#primaryimage"},"image":{"@id":"https:\/\/turschwellenrampe.de\/de\/masgeschneidert\/selber-bauen\/six-pack-grau\/#primaryimage"},"thumbnailUrl":"https:\/\/turschwellenrampe.de\/wp-content\/uploads\/2020\/03\/15000-1.jpg","datePublished":"2020-03-19T13:57:42+00:00","dateModified":"2026-02-06T08:41:11+00:00","breadcrumb":{"@id":"https:\/\/turschwellenrampe.de\/de\/masgeschneidert\/selber-bauen\/six-pack-grau\/#breadcrumb"},"inLanguage":"de","potentialAction":[{"@type":"ReadAction","target":["https:\/\/turschwellenrampe.de\/de\/masgeschneidert\/selber-bauen\/six-pack-grau\/"]}]},{"@type":"ImageObject","inLanguage":"de","@id":"https:\/\/turschwellenrampe.de\/de\/masgeschneidert\/selber-bauen\/six-pack-grau\/#primaryimage","url":"https:\/\/turschwellenrampe.de\/wp-content\/uploads\/2020\/03\/15000-1.jpg","contentUrl":"https:\/\/turschwellenrampe.de\/wp-content\/uploads\/2020\/03\/15000-1.jpg","width":419,"height":300},{"@type":"BreadcrumbList","@id":"https:\/\/turschwellenrampe.de\/de\/masgeschneidert\/selber-bauen\/six-pack-grau\/#breadcrumb","itemListElement":[{"@type":"ListItem","position":1,"name":"Home","item":"https:\/\/turschwellenrampe.de\/de\/"},{"@type":"ListItem","position":2,"name":"Shop","item":"https:\/\/turschwellenrampe.de\/de\/geschaft\/"},{"@type":"ListItem","position":3,"name":"Six-Pack grau"}]},{"@type":"WebSite","@id":"https:\/\/turschwellenrampe.de\/de\/#website","url":"https:\/\/turschwellenrampe.de\/de\/","name":"Turschwellenrampe.de","description":"De Specialist in Toegankelijkheid","potentialAction":[{"@type":"SearchAction","target":{"@type":"EntryPoint","urlTemplate":"https:\/\/turschwellenrampe.de\/de\/?s={search_term_string}"},"query-input":{"@type":"PropertyValueSpecification","valueRequired":true,"valueName":"search_term_string"}}],"inLanguage":"de"}]}},"_links":{"self":[{"href":"https:\/\/turschwellenrampe.de\/de\/wp-json\/wp\/v2\/product\/13069","targetHints":{"allow":["GET"]}}],"collection":[{"href":"https:\/\/turschwellenrampe.de\/de\/wp-json\/wp\/v2\/product"}],"about":[{"href":"https:\/\/turschwellenrampe.de\/de\/wp-json\/wp\/v2\/types\/product"}],"replies":[{"embeddable":true,"href":"https:\/\/turschwellenrampe.de\/de\/wp-json\/wp\/v2\/comments?post=13069"}],"wp:featuredmedia":[{"embeddable":true,"href":"https:\/\/turschwellenrampe.de\/de\/wp-json\/wp\/v2\/media\/10683"}],"wp:attachment":[{"href":"https:\/\/turschwellenrampe.de\/de\/wp-json\/wp\/v2\/media?parent=13069"}],"wp:term":[{"taxonomy":"product_brand","embeddable":true,"href":"https:\/\/turschwellenrampe.de\/de\/wp-json\/wp\/v2\/product_brand?post=13069"},{"taxonomy":"product_cat","embeddable":true,"href":"https:\/\/turschwellenrampe.de\/de\/wp-json\/wp\/v2\/product_cat?post=13069"},{"taxonomy":"product_tag","embeddable":true,"href":"https:\/\/turschwellenrampe.de\/de\/wp-json\/wp\/v2\/product_tag?post=13069"}],"curies":[{"name":"wp","href":"https:\/\/api.w.org\/{rel}","templated":true}]}}