{"id":13055,"date":"2020-03-19T15:01:37","date_gmt":"2020-03-19T14:01:37","guid":{"rendered":"https:\/\/turschwellenrampe.de\/shop\/unkategorisiert\/schwellenprofil-3-x-150-x-1000-mm-aluminium\/"},"modified":"2026-05-07T20:41:27","modified_gmt":"2026-05-07T18:41:27","slug":"schwellenprofil-3-x-150-x-1000-mm-aluminium","status":"publish","type":"product","link":"https:\/\/turschwellenrampe.de\/de\/turschwellenrampen\/schwellenersatz-aus-aluminium\/schwellenprofil-3-x-150-x-1000-mm-aluminium\/","title":{"rendered":"Schwellenprofil &#8211; 3 x 150 x 1000 mm, aluminium"},"content":{"rendered":"<h2>Beschreibung Schwellenprofil:<\/h2>\n<p>Diese <strong>Schwellenprofil<\/strong>erm\u00f6glicht es Menschen mit einer Behinderung oder<br \/>\nMenschen, die Schwierigkeiten beim Gehen haben, k\u00f6nnen sich in <strong>Innenr\u00e4umen<\/strong>problemlos bewegen.<br \/>\nDer Schwellenprofil ist einfach durch Schrauben oder Kleben zu montieren und l\u00e4sst sich leicht zuschneiden.<\/p>\n<p><strong>Spezifikationen:<\/strong><\/p>\n<ul>\n<li>L\u00e4nge: 1000 mm<\/li>\n<li>Breite: 150 mm<\/li>\n<li>H\u00f6he: 3 mm<\/li>\n<\/ul>\n","protected":false},"excerpt":{"rendered":"<h2>Beschreibung Schwellenprofil:<\/h2>\n<p>Diese <strong>Schwellenprofil<\/strong>erm\u00f6glicht es Menschen mit einer Behinderung oder<br \/>\nMenschen, die Schwierigkeiten beim Gehen haben, k\u00f6nnen sich in <strong>Innenr\u00e4umen<\/strong>problemlos bewegen.<br \/>\nDer Schwellenprofil ist einfach durch Schrauben oder Kleben zu montieren und l\u00e4sst sich leicht zuschneiden.<\/p>\n<p><strong>Spezifikationen:<\/strong><\/p>\n<ul>\n<li>L\u00e4nge: 1000 mm<\/li>\n<li>Breite: 150 mm<\/li>\n<li>H\u00f6he: 3 mm<\/li>\n<\/ul>\n","protected":false},"featured_media":10710,"comment_status":"open","ping_status":"closed","template":"","meta":[],"product_brand":[],"product_cat":[521],"product_tag":[],"class_list":{"0":"post-13055","1":"product","2":"type-product","3":"status-publish","4":"has-post-thumbnail","6":"product_cat-schwellenersatz-aus-aluminium","7":"pa_kenmerk-1-fur-den-auseneinsatz","8":"pa_kenmerk-1-fur-den-innenbereich","9":"pa_kleur-variant-wielstoppers-lichtgrau","11":"first","12":"instock","13":"taxable","14":"shipping-taxable","15":"purchasable","16":"product-type-simple"},"yoast_head":"<!-- This site is optimized with the Yoast SEO plugin v27.5 - https:\/\/yoast.com\/product\/yoast-seo-wordpress\/ -->\n<title>Schwellenprofil - 3 x 150 x 1000 mm, aluminium - Turschwellenrampe.de<\/title>\n<meta name=\"robots\" content=\"index, follow, max-snippet:-1, max-image-preview:large, max-video-preview:-1\" \/>\n<link rel=\"canonical\" href=\"https:\/\/turschwellenrampe.de\/de\/turschwellenrampen\/schwellenersatz-aus-aluminium\/schwellenprofil-3-x-150-x-1000-mm-aluminium\/\" \/>\n<meta property=\"og:locale\" content=\"de_DE\" \/>\n<meta property=\"og:type\" content=\"article\" \/>\n<meta property=\"og:title\" content=\"Schwellenprofil - 3 x 150 x 1000 mm, aluminium - Turschwellenrampe.de\" \/>\n<meta property=\"og:description\" content=\"Beschreibung Schwellenprofil: Diese Schwellenprofilerm\u00f6glicht es Menschen mit einer Behinderung oder Menschen, die Schwierigkeiten beim Gehen haben, k\u00f6nnen sich in Innenr\u00e4umenproblemlos bewegen. Der Schwellenprofil ist einfach durch Schrauben oder Kleben zu montieren und l\u00e4sst sich leicht zuschneiden. Spezifikationen:  L\u00e4nge: 1000 mm  Breite: 150 mm  H\u00f6he: 3 mm\" \/>\n<meta property=\"og:url\" content=\"https:\/\/turschwellenrampe.de\/de\/turschwellenrampen\/schwellenersatz-aus-aluminium\/schwellenprofil-3-x-150-x-1000-mm-aluminium\/\" \/>\n<meta property=\"og:site_name\" content=\"Turschwellenrampe.de\" \/>\n<meta property=\"article:publisher\" content=\"https:\/\/www.facebook.com\/Drempelhulp\/\" \/>\n<meta property=\"article:modified_time\" content=\"2026-05-07T18:41:27+00:00\" \/>\n<meta property=\"og:image\" content=\"https:\/\/turschwellenrampe.de\/wp-content\/uploads\/2020\/03\/aluminium-150-300x300x0-42d695cd9fddb3dac73d40c910db8710.png\" \/>\n\t<meta property=\"og:image:width\" content=\"300\" \/>\n\t<meta property=\"og:image:height\" content=\"300\" \/>\n\t<meta property=\"og:image:type\" content=\"image\/png\" \/>\n<meta name=\"twitter:card\" content=\"summary_large_image\" \/>\n<script type=\"application\/ld+json\" class=\"yoast-schema-graph\">{\"@context\":\"https:\\\/\\\/schema.org\",\"@graph\":[{\"@type\":\"WebPage\",\"@id\":\"https:\\\/\\\/turschwellenrampe.de\\\/de\\\/turschwellenrampen\\\/schwellenersatz-aus-aluminium\\\/schwellenprofil-3-x-150-x-1000-mm-aluminium\\\/\",\"url\":\"https:\\\/\\\/turschwellenrampe.de\\\/de\\\/turschwellenrampen\\\/schwellenersatz-aus-aluminium\\\/schwellenprofil-3-x-150-x-1000-mm-aluminium\\\/\",\"name\":\"Schwellenprofil - 3 x 150 x 1000 mm, aluminium - Turschwellenrampe.de\",\"isPartOf\":{\"@id\":\"https:\\\/\\\/turschwellenrampe.de\\\/de\\\/#website\"},\"primaryImageOfPage\":{\"@id\":\"https:\\\/\\\/turschwellenrampe.de\\\/de\\\/turschwellenrampen\\\/schwellenersatz-aus-aluminium\\\/schwellenprofil-3-x-150-x-1000-mm-aluminium\\\/#primaryimage\"},\"image\":{\"@id\":\"https:\\\/\\\/turschwellenrampe.de\\\/de\\\/turschwellenrampen\\\/schwellenersatz-aus-aluminium\\\/schwellenprofil-3-x-150-x-1000-mm-aluminium\\\/#primaryimage\"},\"thumbnailUrl\":\"https:\\\/\\\/turschwellenrampe.de\\\/wp-content\\\/uploads\\\/2020\\\/03\\\/aluminium-150-300x300x0-42d695cd9fddb3dac73d40c910db8710.png\",\"datePublished\":\"2020-03-19T14:01:37+00:00\",\"dateModified\":\"2026-05-07T18:41:27+00:00\",\"breadcrumb\":{\"@id\":\"https:\\\/\\\/turschwellenrampe.de\\\/de\\\/turschwellenrampen\\\/schwellenersatz-aus-aluminium\\\/schwellenprofil-3-x-150-x-1000-mm-aluminium\\\/#breadcrumb\"},\"inLanguage\":\"de\",\"potentialAction\":[{\"@type\":\"ReadAction\",\"target\":[\"https:\\\/\\\/turschwellenrampe.de\\\/de\\\/turschwellenrampen\\\/schwellenersatz-aus-aluminium\\\/schwellenprofil-3-x-150-x-1000-mm-aluminium\\\/\"]}]},{\"@type\":\"ImageObject\",\"inLanguage\":\"de\",\"@id\":\"https:\\\/\\\/turschwellenrampe.de\\\/de\\\/turschwellenrampen\\\/schwellenersatz-aus-aluminium\\\/schwellenprofil-3-x-150-x-1000-mm-aluminium\\\/#primaryimage\",\"url\":\"https:\\\/\\\/turschwellenrampe.de\\\/wp-content\\\/uploads\\\/2020\\\/03\\\/aluminium-150-300x300x0-42d695cd9fddb3dac73d40c910db8710.png\",\"contentUrl\":\"https:\\\/\\\/turschwellenrampe.de\\\/wp-content\\\/uploads\\\/2020\\\/03\\\/aluminium-150-300x300x0-42d695cd9fddb3dac73d40c910db8710.png\",\"width\":300,\"height\":300},{\"@type\":\"BreadcrumbList\",\"@id\":\"https:\\\/\\\/turschwellenrampe.de\\\/de\\\/turschwellenrampen\\\/schwellenersatz-aus-aluminium\\\/schwellenprofil-3-x-150-x-1000-mm-aluminium\\\/#breadcrumb\",\"itemListElement\":[{\"@type\":\"ListItem\",\"position\":1,\"name\":\"Home\",\"item\":\"https:\\\/\\\/turschwellenrampe.de\\\/de\\\/\"},{\"@type\":\"ListItem\",\"position\":2,\"name\":\"Shop\",\"item\":\"https:\\\/\\\/turschwellenrampe.de\\\/de\\\/geschaft\\\/\"},{\"@type\":\"ListItem\",\"position\":3,\"name\":\"Schwellenprofil &#8211; 3 x 150 x 1000 mm, aluminium\"}]},{\"@type\":\"WebSite\",\"@id\":\"https:\\\/\\\/turschwellenrampe.de\\\/de\\\/#website\",\"url\":\"https:\\\/\\\/turschwellenrampe.de\\\/de\\\/\",\"name\":\"Turschwellenrampe.de\",\"description\":\"De Specialist in Toegankelijkheid\",\"potentialAction\":[{\"@type\":\"SearchAction\",\"target\":{\"@type\":\"EntryPoint\",\"urlTemplate\":\"https:\\\/\\\/turschwellenrampe.de\\\/de\\\/?s={search_term_string}\"},\"query-input\":{\"@type\":\"PropertyValueSpecification\",\"valueRequired\":true,\"valueName\":\"search_term_string\"}}],\"inLanguage\":\"de\"}]}<\/script>\n<!-- \/ Yoast SEO plugin. -->","yoast_head_json":{"title":"Schwellenprofil - 3 x 150 x 1000 mm, aluminium - Turschwellenrampe.de","robots":{"index":"index","follow":"follow","max-snippet":"max-snippet:-1","max-image-preview":"max-image-preview:large","max-video-preview":"max-video-preview:-1"},"canonical":"https:\/\/turschwellenrampe.de\/de\/turschwellenrampen\/schwellenersatz-aus-aluminium\/schwellenprofil-3-x-150-x-1000-mm-aluminium\/","og_locale":"de_DE","og_type":"article","og_title":"Schwellenprofil - 3 x 150 x 1000 mm, aluminium - Turschwellenrampe.de","og_description":"Beschreibung Schwellenprofil: Diese Schwellenprofilerm\u00f6glicht es Menschen mit einer Behinderung oder Menschen, die Schwierigkeiten beim Gehen haben, k\u00f6nnen sich in Innenr\u00e4umenproblemlos bewegen. Der Schwellenprofil ist einfach durch Schrauben oder Kleben zu montieren und l\u00e4sst sich leicht zuschneiden. Spezifikationen:  L\u00e4nge: 1000 mm  Breite: 150 mm  H\u00f6he: 3 mm","og_url":"https:\/\/turschwellenrampe.de\/de\/turschwellenrampen\/schwellenersatz-aus-aluminium\/schwellenprofil-3-x-150-x-1000-mm-aluminium\/","og_site_name":"Turschwellenrampe.de","article_publisher":"https:\/\/www.facebook.com\/Drempelhulp\/","article_modified_time":"2026-05-07T18:41:27+00:00","og_image":[{"width":300,"height":300,"url":"https:\/\/turschwellenrampe.de\/wp-content\/uploads\/2020\/03\/aluminium-150-300x300x0-42d695cd9fddb3dac73d40c910db8710.png","type":"image\/png"}],"twitter_card":"summary_large_image","schema":{"@context":"https:\/\/schema.org","@graph":[{"@type":"WebPage","@id":"https:\/\/turschwellenrampe.de\/de\/turschwellenrampen\/schwellenersatz-aus-aluminium\/schwellenprofil-3-x-150-x-1000-mm-aluminium\/","url":"https:\/\/turschwellenrampe.de\/de\/turschwellenrampen\/schwellenersatz-aus-aluminium\/schwellenprofil-3-x-150-x-1000-mm-aluminium\/","name":"Schwellenprofil - 3 x 150 x 1000 mm, aluminium - Turschwellenrampe.de","isPartOf":{"@id":"https:\/\/turschwellenrampe.de\/de\/#website"},"primaryImageOfPage":{"@id":"https:\/\/turschwellenrampe.de\/de\/turschwellenrampen\/schwellenersatz-aus-aluminium\/schwellenprofil-3-x-150-x-1000-mm-aluminium\/#primaryimage"},"image":{"@id":"https:\/\/turschwellenrampe.de\/de\/turschwellenrampen\/schwellenersatz-aus-aluminium\/schwellenprofil-3-x-150-x-1000-mm-aluminium\/#primaryimage"},"thumbnailUrl":"https:\/\/turschwellenrampe.de\/wp-content\/uploads\/2020\/03\/aluminium-150-300x300x0-42d695cd9fddb3dac73d40c910db8710.png","datePublished":"2020-03-19T14:01:37+00:00","dateModified":"2026-05-07T18:41:27+00:00","breadcrumb":{"@id":"https:\/\/turschwellenrampe.de\/de\/turschwellenrampen\/schwellenersatz-aus-aluminium\/schwellenprofil-3-x-150-x-1000-mm-aluminium\/#breadcrumb"},"inLanguage":"de","potentialAction":[{"@type":"ReadAction","target":["https:\/\/turschwellenrampe.de\/de\/turschwellenrampen\/schwellenersatz-aus-aluminium\/schwellenprofil-3-x-150-x-1000-mm-aluminium\/"]}]},{"@type":"ImageObject","inLanguage":"de","@id":"https:\/\/turschwellenrampe.de\/de\/turschwellenrampen\/schwellenersatz-aus-aluminium\/schwellenprofil-3-x-150-x-1000-mm-aluminium\/#primaryimage","url":"https:\/\/turschwellenrampe.de\/wp-content\/uploads\/2020\/03\/aluminium-150-300x300x0-42d695cd9fddb3dac73d40c910db8710.png","contentUrl":"https:\/\/turschwellenrampe.de\/wp-content\/uploads\/2020\/03\/aluminium-150-300x300x0-42d695cd9fddb3dac73d40c910db8710.png","width":300,"height":300},{"@type":"BreadcrumbList","@id":"https:\/\/turschwellenrampe.de\/de\/turschwellenrampen\/schwellenersatz-aus-aluminium\/schwellenprofil-3-x-150-x-1000-mm-aluminium\/#breadcrumb","itemListElement":[{"@type":"ListItem","position":1,"name":"Home","item":"https:\/\/turschwellenrampe.de\/de\/"},{"@type":"ListItem","position":2,"name":"Shop","item":"https:\/\/turschwellenrampe.de\/de\/geschaft\/"},{"@type":"ListItem","position":3,"name":"Schwellenprofil &#8211; 3 x 150 x 1000 mm, aluminium"}]},{"@type":"WebSite","@id":"https:\/\/turschwellenrampe.de\/de\/#website","url":"https:\/\/turschwellenrampe.de\/de\/","name":"Turschwellenrampe.de","description":"De Specialist in Toegankelijkheid","potentialAction":[{"@type":"SearchAction","target":{"@type":"EntryPoint","urlTemplate":"https:\/\/turschwellenrampe.de\/de\/?s={search_term_string}"},"query-input":{"@type":"PropertyValueSpecification","valueRequired":true,"valueName":"search_term_string"}}],"inLanguage":"de"}]}},"_links":{"self":[{"href":"https:\/\/turschwellenrampe.de\/de\/wp-json\/wp\/v2\/product\/13055","targetHints":{"allow":["GET"]}}],"collection":[{"href":"https:\/\/turschwellenrampe.de\/de\/wp-json\/wp\/v2\/product"}],"about":[{"href":"https:\/\/turschwellenrampe.de\/de\/wp-json\/wp\/v2\/types\/product"}],"replies":[{"embeddable":true,"href":"https:\/\/turschwellenrampe.de\/de\/wp-json\/wp\/v2\/comments?post=13055"}],"wp:featuredmedia":[{"embeddable":true,"href":"https:\/\/turschwellenrampe.de\/de\/wp-json\/wp\/v2\/media\/10710"}],"wp:attachment":[{"href":"https:\/\/turschwellenrampe.de\/de\/wp-json\/wp\/v2\/media?parent=13055"}],"wp:term":[{"taxonomy":"product_brand","embeddable":true,"href":"https:\/\/turschwellenrampe.de\/de\/wp-json\/wp\/v2\/product_brand?post=13055"},{"taxonomy":"product_cat","embeddable":true,"href":"https:\/\/turschwellenrampe.de\/de\/wp-json\/wp\/v2\/product_cat?post=13055"},{"taxonomy":"product_tag","embeddable":true,"href":"https:\/\/turschwellenrampe.de\/de\/wp-json\/wp\/v2\/product_tag?post=13055"}],"curies":[{"name":"wp","href":"https:\/\/api.w.org\/{rel}","templated":true}]}}