{"id":12972,"date":"2020-03-19T15:05:45","date_gmt":"2020-03-19T14:05:45","guid":{"rendered":"https:\/\/turschwellenrampe.de\/shop\/unkategorisiert\/tuerschwellenrampe-modular-sorte-5-92-bis-108-cm-h\/"},"modified":"2026-02-03T12:15:24","modified_gmt":"2026-02-03T11:15:24","slug":"tuerschwellenrampe-modular-sorte-5-92-bis-108-cm-h","status":"publish","type":"product","link":"https:\/\/turschwellenrampe.de\/de\/turschwellenrampen\/turschwellenrampen-modular\/tuerschwellenrampe-modular-sorte-5-92-bis-108-cm-h\/","title":{"rendered":"T\u00fcrschwellenrampe Modular Sorte 5 | 9,2 bis 10,8 cm (H)"},"content":{"rendered":"<h2>T\u00fcrschwellenrampe Beschreibung:<\/h2>\n<p>Die Click &amp; Go <strong>Schwellenrampe<\/strong>ist die ideale L\u00f6sung zur \u00dcberbr\u00fcckung von niedrigen bis mittleren Hindernissen. Dieser Schwellenrampe ist komplett einsatzbereit, einschlie\u00dflich Befestigungsmaterial. Ein patentiertes System erm\u00f6glicht es Ihnen, die H\u00f6he in 8 Schritten von 2 mm einzustellen. Ideal f\u00fcr <strong>Rollst\u00fchle, Rollatoren und Scooter.<\/strong> Die T\u00fcrschwellenrampe ist f\u00fcr eine Seite, in den meisten F\u00e4llen ben\u00f6tigen Sie zwei Sets.<\/p>\n<p><strong><span style=\"font-size: 12pt;\">Vorteile f\u00fcr den Benutzer: <\/span> <\/strong><\/p>\n<ul>\n<li>Ger\u00e4uscharm<\/li>\n<li>Optimale Wasserableitung<\/li>\n<li>Robust bis zu 8000 kg\/m2<\/li>\n<li>Feuerfest bis +300 Grad<\/li>\n<li>Einfach zu installieren<\/li>\n<li>Polyethylen, 100% giftig und PVC-frei<\/li>\n<li>Farbe: Hellgrau<\/li>\n<li>5 Jahre Garantie!<\/li>\n<li>Einschlie\u00dflich Befestigungsmaterial, <a href=\"\/wp-content\/uploads\/2020\/07\/kit100zonderrampajds.pdf\" target=\"_blank\" rel=\"noopener noreferrer\">siehe Handbuch<\/a><\/li>\n<\/ul>\n<p><span style=\"font-size: 12pt;\"><strong>Gr\u00f6\u00dfen:<\/strong><\/span><\/p>\n<ul>\n<li>Breite: 75 cm<\/li>\n<li>Tiefe: 62,5 cm<\/li>\n<\/ul>\n<p><span style=\"font-size: 12pt;\"><strong>H\u00f6henverstellbar bis:<\/strong><\/span><\/p>\n<p>9,2 cm \/ 9,4 cm \/ 9,6 cm \/ 9,8 cm \/ 10 cm \/ 10,2 cm \/ 10,2 cm \/ 10,4 cm \/ 10,6 cm \/ 10,8<\/p>\n<p><a href=\"\/wp-content\/uploads\/2020\/07\/Ramp-Adjuster-GBZD.pdf\" target=\"_blank\" rel=\"noopener noreferrer\" data-href=\"#FILE-LINK:2976#\">Lesen Sie mehr dar\u00fcber, wie Sie die H\u00f6he dieser Schwellenrampen dank des im Lieferumfang enthaltenen Rampeneinstellers selbst einstellen k\u00f6nnen. &gt;<\/a><\/p>\n<p>Oder schauen Sie sich das Video \u00fcber die h\u00f6henverstellbare Schwellenrampe <strong>am Ende dieser Seite<\/strong> an, um eine detaillierte Installationsanleitung zu erhalten!<\/p>\n","protected":false},"excerpt":{"rendered":"<p>Die Click &amp; Go <strong>Schwellenrampe<\/strong>ist die ideale L\u00f6sung zur \u00dcberbr\u00fcckung von niedrigen bis mittleren Hindernissen. Ideal f\u00fcr <strong>Rollst\u00fchle<\/strong>, <strong>Rollatoren<\/strong>, <strong>Scooter<\/strong>. Bei der Wahl der Schwellenst\u00fctze f\u00fcr den Au\u00dfenbereich ist die St\u00fctze mit einem Anti-Rutsch-System auf der Oberfl\u00e4che ausgestattet.<\/p>\n<ul>\n<li>Einschlie\u00dflich Befestigungsmaterial, <a href=\"\/wp-content\/uploads\/2020\/07\/kit100zonderrampajds.pdf\" target=\"_blank\" rel=\"noopener noreferrer\">siehe Handbuch<\/a><\/li>\n<li>Breite: 75 cm<\/li>\n<li>Tiefe: 62,5 cm<\/li>\n<li>H\u00f6he: 9,2 bis 10,8 cm<\/li>\n<li>Neigung: 14,7% bis 17,3%<\/li>\n<li>Robust bis zu 8000 kg\/m2<\/li>\n<li>Polyethylen, 100% giftig und PVC-frei<\/li>\n<li>5 Jahre Garantie!<\/li>\n<\/ul>\n","protected":false},"featured_media":13507,"comment_status":"open","ping_status":"closed","template":"","meta":[],"product_brand":[],"product_cat":[513],"product_tag":[559,558],"class_list":{"0":"post-12972","1":"product","2":"type-product","3":"status-publish","4":"has-post-thumbnail","6":"product_cat-turschwellenrampen-modular","7":"product_tag-hohe-10-bis-12-cm","8":"product_tag-hohe-8-bis-10-cm","9":"pa_kenmerk-1-fur-den-auseneinsatz","10":"pa_kenmerk-1-fur-den-innenbereich","11":"pa_kenmerk-2-100-cm-de","12":"pa_kenmerk-2-1125-cm-de","13":"pa_kenmerk-2-125-cm-de","14":"pa_kenmerk-2-75-cm-de","15":"pa_kenmerk-2-875-cm-de","16":"pa_kleur-variant-wielstoppers-lichtgrau","18":"first","19":"instock","20":"taxable","21":"shipping-taxable","22":"purchasable","23":"product-type-variable","24":"has-default-attributes"},"yoast_head":"<!-- This site is optimized with the Yoast SEO plugin v27.3 - https:\/\/yoast.com\/product\/yoast-seo-wordpress\/ -->\n<title>T\u00fcrschwellenrampe Modular Sorte 5 | 9,2 bis 10,8 cm (H) - Turschwellenrampe.de<\/title>\n<meta name=\"robots\" content=\"index, follow, max-snippet:-1, max-image-preview:large, max-video-preview:-1\" \/>\n<link rel=\"canonical\" href=\"https:\/\/turschwellenrampe.de\/de\/turschwellenrampen\/turschwellenrampen-modular\/tuerschwellenrampe-modular-sorte-5-92-bis-108-cm-h\/\" \/>\n<meta property=\"og:locale\" content=\"de_DE\" \/>\n<meta property=\"og:type\" content=\"article\" \/>\n<meta property=\"og:title\" content=\"T\u00fcrschwellenrampe Modular Sorte 5 | 9,2 bis 10,8 cm (H) - Turschwellenrampe.de\" \/>\n<meta property=\"og:description\" content=\"Die Click &amp; Go Schwellenrampeist die ideale L\u00f6sung zur \u00dcberbr\u00fcckung von niedrigen bis mittleren Hindernissen. Ideal f\u00fcr Rollst\u00fchle, Rollatoren, Scooter. Bei der Wahl der Schwellenst\u00fctze f\u00fcr den Au\u00dfenbereich ist die St\u00fctze mit einem Anti-Rutsch-System auf der Oberfl\u00e4che ausgestattet.  Einschlie\u00dflich Befestigungsmaterial, siehe Handbuch  Breite: 75 cm  Tiefe: 62,5 cm  H\u00f6he: 9,2 bis 10,8 cm  Neigung: 14,7% bis 17,3%  Robust bis zu 8000 kg\/m2  Polyethylen, 100% giftig und PVC-frei  5 Jahre Garantie!\" \/>\n<meta property=\"og:url\" content=\"https:\/\/turschwellenrampe.de\/de\/turschwellenrampen\/turschwellenrampen-modular\/tuerschwellenrampe-modular-sorte-5-92-bis-108-cm-h\/\" \/>\n<meta property=\"og:site_name\" content=\"Turschwellenrampe.de\" \/>\n<meta property=\"article:publisher\" content=\"https:\/\/www.facebook.com\/Drempelhulp\/\" \/>\n<meta property=\"article:modified_time\" content=\"2026-02-03T11:15:24+00:00\" \/>\n<meta property=\"og:image\" content=\"https:\/\/turschwellenrampe.de\/wp-content\/uploads\/2020\/03\/Set5.jpg\" \/>\n\t<meta property=\"og:image:width\" content=\"1250\" \/>\n\t<meta property=\"og:image:height\" content=\"1252\" \/>\n\t<meta property=\"og:image:type\" content=\"image\/jpeg\" \/>\n<meta name=\"twitter:card\" content=\"summary_large_image\" \/>\n<meta name=\"twitter:label1\" content=\"Gesch\u00e4tzte Lesezeit\" \/>\n\t<meta name=\"twitter:data1\" content=\"1\u00a0Minute\" \/>\n<script type=\"application\/ld+json\" class=\"yoast-schema-graph\">{\"@context\":\"https:\\\/\\\/schema.org\",\"@graph\":[{\"@type\":\"WebPage\",\"@id\":\"https:\\\/\\\/turschwellenrampe.de\\\/de\\\/turschwellenrampen\\\/turschwellenrampen-modular\\\/tuerschwellenrampe-modular-sorte-5-92-bis-108-cm-h\\\/\",\"url\":\"https:\\\/\\\/turschwellenrampe.de\\\/de\\\/turschwellenrampen\\\/turschwellenrampen-modular\\\/tuerschwellenrampe-modular-sorte-5-92-bis-108-cm-h\\\/\",\"name\":\"T\u00fcrschwellenrampe Modular Sorte 5 | 9,2 bis 10,8 cm (H) - Turschwellenrampe.de\",\"isPartOf\":{\"@id\":\"https:\\\/\\\/turschwellenrampe.de\\\/de\\\/#website\"},\"primaryImageOfPage\":{\"@id\":\"https:\\\/\\\/turschwellenrampe.de\\\/de\\\/turschwellenrampen\\\/turschwellenrampen-modular\\\/tuerschwellenrampe-modular-sorte-5-92-bis-108-cm-h\\\/#primaryimage\"},\"image\":{\"@id\":\"https:\\\/\\\/turschwellenrampe.de\\\/de\\\/turschwellenrampen\\\/turschwellenrampen-modular\\\/tuerschwellenrampe-modular-sorte-5-92-bis-108-cm-h\\\/#primaryimage\"},\"thumbnailUrl\":\"https:\\\/\\\/turschwellenrampe.de\\\/wp-content\\\/uploads\\\/2020\\\/03\\\/Set5.jpg\",\"datePublished\":\"2020-03-19T14:05:45+00:00\",\"dateModified\":\"2026-02-03T11:15:24+00:00\",\"breadcrumb\":{\"@id\":\"https:\\\/\\\/turschwellenrampe.de\\\/de\\\/turschwellenrampen\\\/turschwellenrampen-modular\\\/tuerschwellenrampe-modular-sorte-5-92-bis-108-cm-h\\\/#breadcrumb\"},\"inLanguage\":\"de\",\"potentialAction\":[{\"@type\":\"ReadAction\",\"target\":[\"https:\\\/\\\/turschwellenrampe.de\\\/de\\\/turschwellenrampen\\\/turschwellenrampen-modular\\\/tuerschwellenrampe-modular-sorte-5-92-bis-108-cm-h\\\/\"]}]},{\"@type\":\"ImageObject\",\"inLanguage\":\"de\",\"@id\":\"https:\\\/\\\/turschwellenrampe.de\\\/de\\\/turschwellenrampen\\\/turschwellenrampen-modular\\\/tuerschwellenrampe-modular-sorte-5-92-bis-108-cm-h\\\/#primaryimage\",\"url\":\"https:\\\/\\\/turschwellenrampe.de\\\/wp-content\\\/uploads\\\/2020\\\/03\\\/Set5.jpg\",\"contentUrl\":\"https:\\\/\\\/turschwellenrampe.de\\\/wp-content\\\/uploads\\\/2020\\\/03\\\/Set5.jpg\",\"width\":1250,\"height\":1252},{\"@type\":\"BreadcrumbList\",\"@id\":\"https:\\\/\\\/turschwellenrampe.de\\\/de\\\/turschwellenrampen\\\/turschwellenrampen-modular\\\/tuerschwellenrampe-modular-sorte-5-92-bis-108-cm-h\\\/#breadcrumb\",\"itemListElement\":[{\"@type\":\"ListItem\",\"position\":1,\"name\":\"Home\",\"item\":\"https:\\\/\\\/turschwellenrampe.de\\\/de\\\/\"},{\"@type\":\"ListItem\",\"position\":2,\"name\":\"Shop\",\"item\":\"https:\\\/\\\/turschwellenrampe.de\\\/de\\\/geschaft\\\/\"},{\"@type\":\"ListItem\",\"position\":3,\"name\":\"T\u00fcrschwellenrampe Modular Sorte 5 | 9,2 bis 10,8 cm (H)\"}]},{\"@type\":\"WebSite\",\"@id\":\"https:\\\/\\\/turschwellenrampe.de\\\/de\\\/#website\",\"url\":\"https:\\\/\\\/turschwellenrampe.de\\\/de\\\/\",\"name\":\"Turschwellenrampe.de\",\"description\":\"De Specialist in Toegankelijkheid\",\"potentialAction\":[{\"@type\":\"SearchAction\",\"target\":{\"@type\":\"EntryPoint\",\"urlTemplate\":\"https:\\\/\\\/turschwellenrampe.de\\\/de\\\/?s={search_term_string}\"},\"query-input\":{\"@type\":\"PropertyValueSpecification\",\"valueRequired\":true,\"valueName\":\"search_term_string\"}}],\"inLanguage\":\"de\"}]}<\/script>\n<!-- \/ Yoast SEO plugin. -->","yoast_head_json":{"title":"T\u00fcrschwellenrampe Modular Sorte 5 | 9,2 bis 10,8 cm (H) - Turschwellenrampe.de","robots":{"index":"index","follow":"follow","max-snippet":"max-snippet:-1","max-image-preview":"max-image-preview:large","max-video-preview":"max-video-preview:-1"},"canonical":"https:\/\/turschwellenrampe.de\/de\/turschwellenrampen\/turschwellenrampen-modular\/tuerschwellenrampe-modular-sorte-5-92-bis-108-cm-h\/","og_locale":"de_DE","og_type":"article","og_title":"T\u00fcrschwellenrampe Modular Sorte 5 | 9,2 bis 10,8 cm (H) - Turschwellenrampe.de","og_description":"Die Click &amp; Go Schwellenrampeist die ideale L\u00f6sung zur \u00dcberbr\u00fcckung von niedrigen bis mittleren Hindernissen. Ideal f\u00fcr Rollst\u00fchle, Rollatoren, Scooter. Bei der Wahl der Schwellenst\u00fctze f\u00fcr den Au\u00dfenbereich ist die St\u00fctze mit einem Anti-Rutsch-System auf der Oberfl\u00e4che ausgestattet.  Einschlie\u00dflich Befestigungsmaterial, siehe Handbuch  Breite: 75 cm  Tiefe: 62,5 cm  H\u00f6he: 9,2 bis 10,8 cm  Neigung: 14,7% bis 17,3%  Robust bis zu 8000 kg\/m2  Polyethylen, 100% giftig und PVC-frei  5 Jahre Garantie!","og_url":"https:\/\/turschwellenrampe.de\/de\/turschwellenrampen\/turschwellenrampen-modular\/tuerschwellenrampe-modular-sorte-5-92-bis-108-cm-h\/","og_site_name":"Turschwellenrampe.de","article_publisher":"https:\/\/www.facebook.com\/Drempelhulp\/","article_modified_time":"2026-02-03T11:15:24+00:00","og_image":[{"width":1250,"height":1252,"url":"https:\/\/turschwellenrampe.de\/wp-content\/uploads\/2020\/03\/Set5.jpg","type":"image\/jpeg"}],"twitter_card":"summary_large_image","twitter_misc":{"Gesch\u00e4tzte Lesezeit":"1\u00a0Minute"},"schema":{"@context":"https:\/\/schema.org","@graph":[{"@type":"WebPage","@id":"https:\/\/turschwellenrampe.de\/de\/turschwellenrampen\/turschwellenrampen-modular\/tuerschwellenrampe-modular-sorte-5-92-bis-108-cm-h\/","url":"https:\/\/turschwellenrampe.de\/de\/turschwellenrampen\/turschwellenrampen-modular\/tuerschwellenrampe-modular-sorte-5-92-bis-108-cm-h\/","name":"T\u00fcrschwellenrampe Modular Sorte 5 | 9,2 bis 10,8 cm (H) - Turschwellenrampe.de","isPartOf":{"@id":"https:\/\/turschwellenrampe.de\/de\/#website"},"primaryImageOfPage":{"@id":"https:\/\/turschwellenrampe.de\/de\/turschwellenrampen\/turschwellenrampen-modular\/tuerschwellenrampe-modular-sorte-5-92-bis-108-cm-h\/#primaryimage"},"image":{"@id":"https:\/\/turschwellenrampe.de\/de\/turschwellenrampen\/turschwellenrampen-modular\/tuerschwellenrampe-modular-sorte-5-92-bis-108-cm-h\/#primaryimage"},"thumbnailUrl":"https:\/\/turschwellenrampe.de\/wp-content\/uploads\/2020\/03\/Set5.jpg","datePublished":"2020-03-19T14:05:45+00:00","dateModified":"2026-02-03T11:15:24+00:00","breadcrumb":{"@id":"https:\/\/turschwellenrampe.de\/de\/turschwellenrampen\/turschwellenrampen-modular\/tuerschwellenrampe-modular-sorte-5-92-bis-108-cm-h\/#breadcrumb"},"inLanguage":"de","potentialAction":[{"@type":"ReadAction","target":["https:\/\/turschwellenrampe.de\/de\/turschwellenrampen\/turschwellenrampen-modular\/tuerschwellenrampe-modular-sorte-5-92-bis-108-cm-h\/"]}]},{"@type":"ImageObject","inLanguage":"de","@id":"https:\/\/turschwellenrampe.de\/de\/turschwellenrampen\/turschwellenrampen-modular\/tuerschwellenrampe-modular-sorte-5-92-bis-108-cm-h\/#primaryimage","url":"https:\/\/turschwellenrampe.de\/wp-content\/uploads\/2020\/03\/Set5.jpg","contentUrl":"https:\/\/turschwellenrampe.de\/wp-content\/uploads\/2020\/03\/Set5.jpg","width":1250,"height":1252},{"@type":"BreadcrumbList","@id":"https:\/\/turschwellenrampe.de\/de\/turschwellenrampen\/turschwellenrampen-modular\/tuerschwellenrampe-modular-sorte-5-92-bis-108-cm-h\/#breadcrumb","itemListElement":[{"@type":"ListItem","position":1,"name":"Home","item":"https:\/\/turschwellenrampe.de\/de\/"},{"@type":"ListItem","position":2,"name":"Shop","item":"https:\/\/turschwellenrampe.de\/de\/geschaft\/"},{"@type":"ListItem","position":3,"name":"T\u00fcrschwellenrampe Modular Sorte 5 | 9,2 bis 10,8 cm (H)"}]},{"@type":"WebSite","@id":"https:\/\/turschwellenrampe.de\/de\/#website","url":"https:\/\/turschwellenrampe.de\/de\/","name":"Turschwellenrampe.de","description":"De Specialist in Toegankelijkheid","potentialAction":[{"@type":"SearchAction","target":{"@type":"EntryPoint","urlTemplate":"https:\/\/turschwellenrampe.de\/de\/?s={search_term_string}"},"query-input":{"@type":"PropertyValueSpecification","valueRequired":true,"valueName":"search_term_string"}}],"inLanguage":"de"}]}},"_links":{"self":[{"href":"https:\/\/turschwellenrampe.de\/de\/wp-json\/wp\/v2\/product\/12972","targetHints":{"allow":["GET"]}}],"collection":[{"href":"https:\/\/turschwellenrampe.de\/de\/wp-json\/wp\/v2\/product"}],"about":[{"href":"https:\/\/turschwellenrampe.de\/de\/wp-json\/wp\/v2\/types\/product"}],"replies":[{"embeddable":true,"href":"https:\/\/turschwellenrampe.de\/de\/wp-json\/wp\/v2\/comments?post=12972"}],"wp:featuredmedia":[{"embeddable":true,"href":"https:\/\/turschwellenrampe.de\/de\/wp-json\/wp\/v2\/media\/13507"}],"wp:attachment":[{"href":"https:\/\/turschwellenrampe.de\/de\/wp-json\/wp\/v2\/media?parent=12972"}],"wp:term":[{"taxonomy":"product_brand","embeddable":true,"href":"https:\/\/turschwellenrampe.de\/de\/wp-json\/wp\/v2\/product_brand?post=12972"},{"taxonomy":"product_cat","embeddable":true,"href":"https:\/\/turschwellenrampe.de\/de\/wp-json\/wp\/v2\/product_cat?post=12972"},{"taxonomy":"product_tag","embeddable":true,"href":"https:\/\/turschwellenrampe.de\/de\/wp-json\/wp\/v2\/product_tag?post=12972"}],"curies":[{"name":"wp","href":"https:\/\/api.w.org\/{rel}","templated":true}]}}