{"id":12949,"date":"2020-03-19T15:07:03","date_gmt":"2020-03-19T14:07:03","guid":{"rendered":"https:\/\/turschwellenrampe.de\/shop\/unkategorisiert\/stepless-lite-rollstuhlrampe-85-cm-laenge\/"},"modified":"2026-01-23T13:05:14","modified_gmt":"2026-01-23T12:05:14","slug":"stepless-lite-rollstuhlrampe-85-cm-lange","status":"publish","type":"product","link":"https:\/\/turschwellenrampe.de\/de\/rollstuhlrampen\/rollstuhlrampe-leichtgewicht\/stepless-lite-rollstuhlrampe-85-cm-lange\/","title":{"rendered":"Stepless lite Rollstuhlrampe &#8211; 85 cm L\u00e4nge"},"content":{"rendered":"<h2><span style=\"font-size: 18pt;\">Beschreibung Leichte Rollstuhlrampe:<\/span><\/h2>\n<p>Der Vorteil von <strong>Stepless Lite<\/strong> gegen\u00fcber <strong>Aluminiumrampen<\/strong>ist der Gewichtsunterschied.<br \/>\nDer Stepless Lite Rollstuhlrampe ist aus leichter <strong>Kohlefaser<\/strong>gefertigt und daher einfacher zu handhaben.<br \/>\nDer Stepless Lite Rollstuhlrampe ist au\u00dferdem mit einer rutschfesten Oberfl\u00e4che ausgestattet.<\/p>\n<div id=\"page\">\n<div id=\"main\">\n<div id=\"content\">\n<div class=\"inner_left\">\n<p>Eine Tragetasche, die an der R\u00fcckseite des <strong>Rollstuhls<\/strong>befestigt werden kann, ist als Zubeh\u00f6r erh\u00e4ltlich.<br \/>\nin denen die 70- und 85-cm-Versionen mitgef\u00fchrt werden k\u00f6nnen.<\/p>\n<ul>\n<li>L\u00e4nge: 850 mm<\/li>\n<li>Innenma\u00dfe: 780 mm<\/li>\n<li>Zusammengeklappt: 390 mm<\/li>\n<li>Dicke gefaltet : 38 mm<\/li>\n<li>Max. zu \u00fcberbr\u00fcckende H\u00f6he: 170 mm (1:5)<\/li>\n<li>Gewicht: 4 kg<\/li>\n<li>Max. Belastung: 300 Kg.<\/li>\n<\/ul>\n<p><strong>Maximale Auffahrh\u00f6he:<\/strong><\/p>\n<ul>\n<li style=\"list-style-type: none;\">\n<ul>\n<li>Unabh\u00e4ngige Benutzer von manuellen Rollst\u00fchlen: 12,2 cm (1:7)<\/li>\n<li>Geschoben von einer Pflegeperson und elektrischen Rollst\u00fchlen: 17 cm (1:5)<\/li>\n<\/ul>\n<\/li>\n<\/ul>\n<p><a href=\"https:\/\/turschwellenrampe.de\/drempelhulp-uitleg-pagina\/\" target=\"_blank\" rel=\"noopener noreferrer\" data-href=\"#PAGE-LINK:68#\">&gt; Ben\u00f6tigen Sie Hilfe bei der Auswahl der richtigen Rampenl\u00e4nge?<\/a><\/p>\n<\/div>\n<\/div>\n<\/div>\n<\/div>\n","protected":false},"excerpt":{"rendered":"<p>Der Vorteil von <strong>Stepless Lite<\/strong> gegen\u00fcber <strong>Aluminiumrampen<\/strong>ist der Gewichtsunterschied.<br \/>\nDer Stepless Lite Rollstuhlrampe ist aus leichter <strong>Kohlefaser<\/strong>gefertigt und daher einfacher zu handhaben.<br \/>\nDer Stepless Lite Rollstuhlrampe ist au\u00dferdem mit einer rutschfesten Oberfl\u00e4che ausgestattet.<\/p>\n<div id=\"page\">\n<div id=\"main\">\n<div id=\"content\">\n<div class=\"inner_left\">\n<ul>\n<li>L\u00e4nge: 850 mm<\/li>\n<li>Innenma\u00dfe: 780 mm<\/li>\n<li>Zusammengeklappt: 390 mm<\/li>\n<li>Dicke gefaltet : 38 mm<\/li>\n<li>Maximaler H\u00f6henbereich: 170 mm (1:5)<\/li>\n<li>Gewicht : 4 kg<\/li>\n<li>Max. Belastung: 300 kg<\/li>\n<\/ul>\n<p><strong>Maximale Auffahrh\u00f6he:<\/strong><\/p>\n<ul>\n<li>Unabh\u00e4ngige Benutzer von manuellen Rollst\u00fchlen: 12,2 cm (1:7)<\/li>\n<li>Geschoben von einer Pflegeperson und elektrischen Rollst\u00fchlen: 17 cm (1:5)<\/li>\n<\/ul>\n<\/div>\n<\/div>\n<\/div>\n<\/div>\n","protected":false},"featured_media":10752,"comment_status":"open","ping_status":"closed","template":"","meta":[],"product_brand":[],"product_cat":[533],"product_tag":[],"class_list":{"0":"post-12949","1":"product","2":"type-product","3":"status-publish","4":"has-post-thumbnail","6":"product_cat-rollstuhlrampe-leichtgewicht","8":"first","9":"instock","10":"taxable","11":"shipping-taxable","12":"purchasable","13":"product-type-simple"},"yoast_head":"<!-- This site is optimized with the Yoast SEO plugin v27.3 - https:\/\/yoast.com\/product\/yoast-seo-wordpress\/ -->\n<title>Stepless lite Rollstuhlrampe - 85 cm L\u00e4nge - Turschwellenrampe.de<\/title>\n<meta name=\"robots\" content=\"index, follow, max-snippet:-1, max-image-preview:large, max-video-preview:-1\" \/>\n<link rel=\"canonical\" href=\"https:\/\/turschwellenrampe.de\/de\/rollstuhlrampen\/rollstuhlrampe-leichtgewicht\/stepless-lite-rollstuhlrampe-85-cm-lange\/\" \/>\n<meta property=\"og:locale\" content=\"de_DE\" \/>\n<meta property=\"og:type\" content=\"article\" \/>\n<meta property=\"og:title\" content=\"Stepless lite Rollstuhlrampe - 85 cm L\u00e4nge - Turschwellenrampe.de\" \/>\n<meta property=\"og:description\" content=\"Der Vorteil von Stepless Lite gegen\u00fcber Aluminiumrampenist der Gewichtsunterschied. Der Stepless Lite Rollstuhlrampe ist aus leichter Kohlefasergefertigt und daher einfacher zu handhaben. Der Stepless Lite Rollstuhlrampe ist au\u00dferdem mit einer rutschfesten Oberfl\u00e4che ausgestattet.    L\u00e4nge: 850 mm  Innenma\u00dfe: 780 mm  Zusammengeklappt: 390 mm  Dicke gefaltet : 38 mm  Maximaler H\u00f6henbereich: 170 mm (1:5)  Gewicht : 4 kg  Max. Belastung: 300 kg Maximale Auffahrh\u00f6he:  Unabh\u00e4ngige Benutzer von manuellen Rollst\u00fchlen: 12,2 cm (1:7)  Geschoben von einer Pflegeperson und elektrischen Rollst\u00fchlen: 17 cm (1:5)\" \/>\n<meta property=\"og:url\" content=\"https:\/\/turschwellenrampe.de\/de\/rollstuhlrampen\/rollstuhlrampe-leichtgewicht\/stepless-lite-rollstuhlrampe-85-cm-lange\/\" \/>\n<meta property=\"og:site_name\" content=\"Turschwellenrampe.de\" \/>\n<meta property=\"article:publisher\" content=\"https:\/\/www.facebook.com\/Drempelhulp\/\" \/>\n<meta property=\"article:modified_time\" content=\"2026-01-23T12:05:14+00:00\" \/>\n<meta property=\"og:image\" content=\"https:\/\/turschwellenrampe.de\/wp-content\/uploads\/2020\/03\/stepless2-1.jpg\" \/>\n\t<meta property=\"og:image:width\" content=\"475\" \/>\n\t<meta property=\"og:image:height\" content=\"314\" \/>\n\t<meta property=\"og:image:type\" content=\"image\/jpeg\" \/>\n<meta name=\"twitter:card\" content=\"summary_large_image\" \/>\n<meta name=\"twitter:label1\" content=\"Gesch\u00e4tzte Lesezeit\" \/>\n\t<meta name=\"twitter:data1\" content=\"1\u00a0Minute\" \/>\n<script type=\"application\/ld+json\" class=\"yoast-schema-graph\">{\"@context\":\"https:\\\/\\\/schema.org\",\"@graph\":[{\"@type\":\"WebPage\",\"@id\":\"https:\\\/\\\/turschwellenrampe.de\\\/de\\\/rollstuhlrampen\\\/rollstuhlrampe-leichtgewicht\\\/stepless-lite-rollstuhlrampe-85-cm-lange\\\/\",\"url\":\"https:\\\/\\\/turschwellenrampe.de\\\/de\\\/rollstuhlrampen\\\/rollstuhlrampe-leichtgewicht\\\/stepless-lite-rollstuhlrampe-85-cm-lange\\\/\",\"name\":\"Stepless lite Rollstuhlrampe - 85 cm L\u00e4nge - Turschwellenrampe.de\",\"isPartOf\":{\"@id\":\"https:\\\/\\\/turschwellenrampe.de\\\/de\\\/#website\"},\"primaryImageOfPage\":{\"@id\":\"https:\\\/\\\/turschwellenrampe.de\\\/de\\\/rollstuhlrampen\\\/rollstuhlrampe-leichtgewicht\\\/stepless-lite-rollstuhlrampe-85-cm-lange\\\/#primaryimage\"},\"image\":{\"@id\":\"https:\\\/\\\/turschwellenrampe.de\\\/de\\\/rollstuhlrampen\\\/rollstuhlrampe-leichtgewicht\\\/stepless-lite-rollstuhlrampe-85-cm-lange\\\/#primaryimage\"},\"thumbnailUrl\":\"https:\\\/\\\/turschwellenrampe.de\\\/wp-content\\\/uploads\\\/2020\\\/03\\\/stepless2-1.jpg\",\"datePublished\":\"2020-03-19T14:07:03+00:00\",\"dateModified\":\"2026-01-23T12:05:14+00:00\",\"breadcrumb\":{\"@id\":\"https:\\\/\\\/turschwellenrampe.de\\\/de\\\/rollstuhlrampen\\\/rollstuhlrampe-leichtgewicht\\\/stepless-lite-rollstuhlrampe-85-cm-lange\\\/#breadcrumb\"},\"inLanguage\":\"de\",\"potentialAction\":[{\"@type\":\"ReadAction\",\"target\":[\"https:\\\/\\\/turschwellenrampe.de\\\/de\\\/rollstuhlrampen\\\/rollstuhlrampe-leichtgewicht\\\/stepless-lite-rollstuhlrampe-85-cm-lange\\\/\"]}]},{\"@type\":\"ImageObject\",\"inLanguage\":\"de\",\"@id\":\"https:\\\/\\\/turschwellenrampe.de\\\/de\\\/rollstuhlrampen\\\/rollstuhlrampe-leichtgewicht\\\/stepless-lite-rollstuhlrampe-85-cm-lange\\\/#primaryimage\",\"url\":\"https:\\\/\\\/turschwellenrampe.de\\\/wp-content\\\/uploads\\\/2020\\\/03\\\/stepless2-1.jpg\",\"contentUrl\":\"https:\\\/\\\/turschwellenrampe.de\\\/wp-content\\\/uploads\\\/2020\\\/03\\\/stepless2-1.jpg\",\"width\":475,\"height\":314},{\"@type\":\"BreadcrumbList\",\"@id\":\"https:\\\/\\\/turschwellenrampe.de\\\/de\\\/rollstuhlrampen\\\/rollstuhlrampe-leichtgewicht\\\/stepless-lite-rollstuhlrampe-85-cm-lange\\\/#breadcrumb\",\"itemListElement\":[{\"@type\":\"ListItem\",\"position\":1,\"name\":\"Home\",\"item\":\"https:\\\/\\\/turschwellenrampe.de\\\/de\\\/\"},{\"@type\":\"ListItem\",\"position\":2,\"name\":\"Shop\",\"item\":\"https:\\\/\\\/turschwellenrampe.de\\\/de\\\/geschaft\\\/\"},{\"@type\":\"ListItem\",\"position\":3,\"name\":\"Stepless lite Rollstuhlrampe &#8211; 85 cm L\u00e4nge\"}]},{\"@type\":\"WebSite\",\"@id\":\"https:\\\/\\\/turschwellenrampe.de\\\/de\\\/#website\",\"url\":\"https:\\\/\\\/turschwellenrampe.de\\\/de\\\/\",\"name\":\"Turschwellenrampe.de\",\"description\":\"De Specialist in Toegankelijkheid\",\"potentialAction\":[{\"@type\":\"SearchAction\",\"target\":{\"@type\":\"EntryPoint\",\"urlTemplate\":\"https:\\\/\\\/turschwellenrampe.de\\\/de\\\/?s={search_term_string}\"},\"query-input\":{\"@type\":\"PropertyValueSpecification\",\"valueRequired\":true,\"valueName\":\"search_term_string\"}}],\"inLanguage\":\"de\"}]}<\/script>\n<!-- \/ Yoast SEO plugin. -->","yoast_head_json":{"title":"Stepless lite Rollstuhlrampe - 85 cm L\u00e4nge - Turschwellenrampe.de","robots":{"index":"index","follow":"follow","max-snippet":"max-snippet:-1","max-image-preview":"max-image-preview:large","max-video-preview":"max-video-preview:-1"},"canonical":"https:\/\/turschwellenrampe.de\/de\/rollstuhlrampen\/rollstuhlrampe-leichtgewicht\/stepless-lite-rollstuhlrampe-85-cm-lange\/","og_locale":"de_DE","og_type":"article","og_title":"Stepless lite Rollstuhlrampe - 85 cm L\u00e4nge - Turschwellenrampe.de","og_description":"Der Vorteil von Stepless Lite gegen\u00fcber Aluminiumrampenist der Gewichtsunterschied. Der Stepless Lite Rollstuhlrampe ist aus leichter Kohlefasergefertigt und daher einfacher zu handhaben. Der Stepless Lite Rollstuhlrampe ist au\u00dferdem mit einer rutschfesten Oberfl\u00e4che ausgestattet.    L\u00e4nge: 850 mm  Innenma\u00dfe: 780 mm  Zusammengeklappt: 390 mm  Dicke gefaltet : 38 mm  Maximaler H\u00f6henbereich: 170 mm (1:5)  Gewicht : 4 kg  Max. Belastung: 300 kg Maximale Auffahrh\u00f6he:  Unabh\u00e4ngige Benutzer von manuellen Rollst\u00fchlen: 12,2 cm (1:7)  Geschoben von einer Pflegeperson und elektrischen Rollst\u00fchlen: 17 cm (1:5)","og_url":"https:\/\/turschwellenrampe.de\/de\/rollstuhlrampen\/rollstuhlrampe-leichtgewicht\/stepless-lite-rollstuhlrampe-85-cm-lange\/","og_site_name":"Turschwellenrampe.de","article_publisher":"https:\/\/www.facebook.com\/Drempelhulp\/","article_modified_time":"2026-01-23T12:05:14+00:00","og_image":[{"width":475,"height":314,"url":"https:\/\/turschwellenrampe.de\/wp-content\/uploads\/2020\/03\/stepless2-1.jpg","type":"image\/jpeg"}],"twitter_card":"summary_large_image","twitter_misc":{"Gesch\u00e4tzte Lesezeit":"1\u00a0Minute"},"schema":{"@context":"https:\/\/schema.org","@graph":[{"@type":"WebPage","@id":"https:\/\/turschwellenrampe.de\/de\/rollstuhlrampen\/rollstuhlrampe-leichtgewicht\/stepless-lite-rollstuhlrampe-85-cm-lange\/","url":"https:\/\/turschwellenrampe.de\/de\/rollstuhlrampen\/rollstuhlrampe-leichtgewicht\/stepless-lite-rollstuhlrampe-85-cm-lange\/","name":"Stepless lite Rollstuhlrampe - 85 cm L\u00e4nge - Turschwellenrampe.de","isPartOf":{"@id":"https:\/\/turschwellenrampe.de\/de\/#website"},"primaryImageOfPage":{"@id":"https:\/\/turschwellenrampe.de\/de\/rollstuhlrampen\/rollstuhlrampe-leichtgewicht\/stepless-lite-rollstuhlrampe-85-cm-lange\/#primaryimage"},"image":{"@id":"https:\/\/turschwellenrampe.de\/de\/rollstuhlrampen\/rollstuhlrampe-leichtgewicht\/stepless-lite-rollstuhlrampe-85-cm-lange\/#primaryimage"},"thumbnailUrl":"https:\/\/turschwellenrampe.de\/wp-content\/uploads\/2020\/03\/stepless2-1.jpg","datePublished":"2020-03-19T14:07:03+00:00","dateModified":"2026-01-23T12:05:14+00:00","breadcrumb":{"@id":"https:\/\/turschwellenrampe.de\/de\/rollstuhlrampen\/rollstuhlrampe-leichtgewicht\/stepless-lite-rollstuhlrampe-85-cm-lange\/#breadcrumb"},"inLanguage":"de","potentialAction":[{"@type":"ReadAction","target":["https:\/\/turschwellenrampe.de\/de\/rollstuhlrampen\/rollstuhlrampe-leichtgewicht\/stepless-lite-rollstuhlrampe-85-cm-lange\/"]}]},{"@type":"ImageObject","inLanguage":"de","@id":"https:\/\/turschwellenrampe.de\/de\/rollstuhlrampen\/rollstuhlrampe-leichtgewicht\/stepless-lite-rollstuhlrampe-85-cm-lange\/#primaryimage","url":"https:\/\/turschwellenrampe.de\/wp-content\/uploads\/2020\/03\/stepless2-1.jpg","contentUrl":"https:\/\/turschwellenrampe.de\/wp-content\/uploads\/2020\/03\/stepless2-1.jpg","width":475,"height":314},{"@type":"BreadcrumbList","@id":"https:\/\/turschwellenrampe.de\/de\/rollstuhlrampen\/rollstuhlrampe-leichtgewicht\/stepless-lite-rollstuhlrampe-85-cm-lange\/#breadcrumb","itemListElement":[{"@type":"ListItem","position":1,"name":"Home","item":"https:\/\/turschwellenrampe.de\/de\/"},{"@type":"ListItem","position":2,"name":"Shop","item":"https:\/\/turschwellenrampe.de\/de\/geschaft\/"},{"@type":"ListItem","position":3,"name":"Stepless lite Rollstuhlrampe &#8211; 85 cm L\u00e4nge"}]},{"@type":"WebSite","@id":"https:\/\/turschwellenrampe.de\/de\/#website","url":"https:\/\/turschwellenrampe.de\/de\/","name":"Turschwellenrampe.de","description":"De Specialist in Toegankelijkheid","potentialAction":[{"@type":"SearchAction","target":{"@type":"EntryPoint","urlTemplate":"https:\/\/turschwellenrampe.de\/de\/?s={search_term_string}"},"query-input":{"@type":"PropertyValueSpecification","valueRequired":true,"valueName":"search_term_string"}}],"inLanguage":"de"}]}},"_links":{"self":[{"href":"https:\/\/turschwellenrampe.de\/de\/wp-json\/wp\/v2\/product\/12949","targetHints":{"allow":["GET"]}}],"collection":[{"href":"https:\/\/turschwellenrampe.de\/de\/wp-json\/wp\/v2\/product"}],"about":[{"href":"https:\/\/turschwellenrampe.de\/de\/wp-json\/wp\/v2\/types\/product"}],"replies":[{"embeddable":true,"href":"https:\/\/turschwellenrampe.de\/de\/wp-json\/wp\/v2\/comments?post=12949"}],"wp:featuredmedia":[{"embeddable":true,"href":"https:\/\/turschwellenrampe.de\/de\/wp-json\/wp\/v2\/media\/10752"}],"wp:attachment":[{"href":"https:\/\/turschwellenrampe.de\/de\/wp-json\/wp\/v2\/media?parent=12949"}],"wp:term":[{"taxonomy":"product_brand","embeddable":true,"href":"https:\/\/turschwellenrampe.de\/de\/wp-json\/wp\/v2\/product_brand?post=12949"},{"taxonomy":"product_cat","embeddable":true,"href":"https:\/\/turschwellenrampe.de\/de\/wp-json\/wp\/v2\/product_cat?post=12949"},{"taxonomy":"product_tag","embeddable":true,"href":"https:\/\/turschwellenrampe.de\/de\/wp-json\/wp\/v2\/product_tag?post=12949"}],"curies":[{"name":"wp","href":"https:\/\/api.w.org\/{rel}","templated":true}]}}