{"id":12944,"date":"2020-03-19T15:07:36","date_gmt":"2020-03-19T14:07:36","guid":{"rendered":"https:\/\/turschwellenrampe.de\/shop\/unkategorisiert\/schwellenprofil-aluminium-3-x-125-x-1000-mm-eiche\/"},"modified":"2026-02-13T16:20:25","modified_gmt":"2026-02-13T15:20:25","slug":"schwellenprofil-aluminium-3-x-125-x-1000-mm-eiche","status":"publish","type":"product","link":"https:\/\/turschwellenrampe.de\/de\/turschwellenrampen\/schwellenersatz-aus-aluminium\/schwellenprofil-aluminium-3-x-125-x-1000-mm-eiche\/","title":{"rendered":"Schwellenprofil Aluminium &#8211; 3 x 125 x 1000 mm, Eiche"},"content":{"rendered":"<h2>Beschreibung Schwellenprofil:<\/h2>\n<p>Diese <strong>Schwellenprofil aus Aluminium<\/strong> in der Farbe Eiche erm\u00f6glicht es Menschen mit einer Behinderung oder Gehbehinderung, sich in Innenr\u00e4umen problemlos zu bewegen.<\/p>\n<p>Der Schwellenprofil l\u00e4sst sich durch Verschrauben oder Verkleben leicht montieren und einfach zuschneiden.<\/p>\n<p><strong>Spezifikationen:<\/strong><\/p>\n<ul>\n<li>L\u00e4nge: 1000 mm<\/li>\n<li>Breite: 125 mm<\/li>\n<li>H\u00f6he: 3 mm<\/li>\n<\/ul>\n","protected":false},"excerpt":{"rendered":"<p>Diese <strong>Schwellenprofil aus Aluminium<\/strong> in der Farbe Eiche erm\u00f6glicht es Menschen mit einer Behinderung oder Gehbehinderung, sich in Innenr\u00e4umen problemlos zu bewegen.<\/p>\n<p>Der Schwellenprofil l\u00e4sst sich durch Verschrauben oder Verkleben leicht montieren und einfach zuschneiden.<\/p>\n<p><strong>Spezifikationen:<\/strong><\/p>\n<ul>\n<li>L\u00e4nge: 1000 mm<\/li>\n<li>Breite: 125 mm<\/li>\n<li>H\u00f6he: 3 mm<\/li>\n<\/ul>\n","protected":false},"featured_media":13250,"comment_status":"open","ping_status":"closed","template":"","meta":[],"product_brand":[],"product_cat":[521],"product_tag":[],"class_list":{"0":"post-12944","1":"product","2":"type-product","3":"status-publish","4":"has-post-thumbnail","6":"product_cat-schwellenersatz-aus-aluminium","7":"pa_kenmerk-1-fur-den-auseneinsatz","8":"pa_kenmerk-1-fur-den-innenbereich","9":"pa_kleur-variant-wielstoppers-lichtgrau","11":"first","12":"instock","13":"taxable","14":"shipping-taxable","15":"purchasable","16":"product-type-simple"},"yoast_head":"<!-- This site is optimized with the Yoast SEO plugin v27.3 - https:\/\/yoast.com\/product\/yoast-seo-wordpress\/ -->\n<title>Schwellenprofil Aluminium - 3 x 125 x 1000 mm, Eiche - Turschwellenrampe.de<\/title>\n<meta name=\"robots\" content=\"index, follow, max-snippet:-1, max-image-preview:large, max-video-preview:-1\" \/>\n<link rel=\"canonical\" href=\"https:\/\/turschwellenrampe.de\/de\/turschwellenrampen\/schwellenersatz-aus-aluminium\/schwellenprofil-aluminium-3-x-125-x-1000-mm-eiche\/\" \/>\n<meta property=\"og:locale\" content=\"de_DE\" \/>\n<meta property=\"og:type\" content=\"article\" \/>\n<meta property=\"og:title\" content=\"Schwellenprofil Aluminium - 3 x 125 x 1000 mm, Eiche - Turschwellenrampe.de\" \/>\n<meta property=\"og:description\" content=\"Diese Schwellenprofil aus Aluminium in der Farbe Eiche erm\u00f6glicht es Menschen mit einer Behinderung oder Gehbehinderung, sich in Innenr\u00e4umen problemlos zu bewegen.  Der Schwellenprofil l\u00e4sst sich durch Verschrauben oder Verkleben leicht montieren und einfach zuschneiden.  Spezifikationen:   L\u00e4nge: 1000 mm  Breite: 125 mm  H\u00f6he: 3 mm\" \/>\n<meta property=\"og:url\" content=\"https:\/\/turschwellenrampe.de\/de\/turschwellenrampen\/schwellenersatz-aus-aluminium\/schwellenprofil-aluminium-3-x-125-x-1000-mm-eiche\/\" \/>\n<meta property=\"og:site_name\" content=\"Turschwellenrampe.de\" \/>\n<meta property=\"article:publisher\" content=\"https:\/\/www.facebook.com\/Drempelhulp\/\" \/>\n<meta property=\"article:modified_time\" content=\"2026-02-13T15:20:25+00:00\" \/>\n<meta property=\"og:image\" content=\"https:\/\/turschwellenrampe.de\/wp-content\/uploads\/2020\/03\/3-x-125-x-1000_-scaled.jpg\" \/>\n\t<meta property=\"og:image:width\" content=\"2560\" \/>\n\t<meta property=\"og:image:height\" content=\"1913\" \/>\n\t<meta property=\"og:image:type\" content=\"image\/jpeg\" \/>\n<meta name=\"twitter:card\" content=\"summary_large_image\" \/>\n<meta name=\"twitter:label1\" content=\"Gesch\u00e4tzte Lesezeit\" \/>\n\t<meta name=\"twitter:data1\" content=\"1\u00a0Minute\" \/>\n<script type=\"application\/ld+json\" class=\"yoast-schema-graph\">{\"@context\":\"https:\\\/\\\/schema.org\",\"@graph\":[{\"@type\":\"WebPage\",\"@id\":\"https:\\\/\\\/turschwellenrampe.de\\\/de\\\/turschwellenrampen\\\/schwellenersatz-aus-aluminium\\\/schwellenprofil-aluminium-3-x-125-x-1000-mm-eiche\\\/\",\"url\":\"https:\\\/\\\/turschwellenrampe.de\\\/de\\\/turschwellenrampen\\\/schwellenersatz-aus-aluminium\\\/schwellenprofil-aluminium-3-x-125-x-1000-mm-eiche\\\/\",\"name\":\"Schwellenprofil Aluminium - 3 x 125 x 1000 mm, Eiche - Turschwellenrampe.de\",\"isPartOf\":{\"@id\":\"https:\\\/\\\/turschwellenrampe.de\\\/de\\\/#website\"},\"primaryImageOfPage\":{\"@id\":\"https:\\\/\\\/turschwellenrampe.de\\\/de\\\/turschwellenrampen\\\/schwellenersatz-aus-aluminium\\\/schwellenprofil-aluminium-3-x-125-x-1000-mm-eiche\\\/#primaryimage\"},\"image\":{\"@id\":\"https:\\\/\\\/turschwellenrampe.de\\\/de\\\/turschwellenrampen\\\/schwellenersatz-aus-aluminium\\\/schwellenprofil-aluminium-3-x-125-x-1000-mm-eiche\\\/#primaryimage\"},\"thumbnailUrl\":\"https:\\\/\\\/turschwellenrampe.de\\\/wp-content\\\/uploads\\\/2020\\\/03\\\/3-x-125-x-1000_-scaled.jpg\",\"datePublished\":\"2020-03-19T14:07:36+00:00\",\"dateModified\":\"2026-02-13T15:20:25+00:00\",\"breadcrumb\":{\"@id\":\"https:\\\/\\\/turschwellenrampe.de\\\/de\\\/turschwellenrampen\\\/schwellenersatz-aus-aluminium\\\/schwellenprofil-aluminium-3-x-125-x-1000-mm-eiche\\\/#breadcrumb\"},\"inLanguage\":\"de\",\"potentialAction\":[{\"@type\":\"ReadAction\",\"target\":[\"https:\\\/\\\/turschwellenrampe.de\\\/de\\\/turschwellenrampen\\\/schwellenersatz-aus-aluminium\\\/schwellenprofil-aluminium-3-x-125-x-1000-mm-eiche\\\/\"]}]},{\"@type\":\"ImageObject\",\"inLanguage\":\"de\",\"@id\":\"https:\\\/\\\/turschwellenrampe.de\\\/de\\\/turschwellenrampen\\\/schwellenersatz-aus-aluminium\\\/schwellenprofil-aluminium-3-x-125-x-1000-mm-eiche\\\/#primaryimage\",\"url\":\"https:\\\/\\\/turschwellenrampe.de\\\/wp-content\\\/uploads\\\/2020\\\/03\\\/3-x-125-x-1000_-scaled.jpg\",\"contentUrl\":\"https:\\\/\\\/turschwellenrampe.de\\\/wp-content\\\/uploads\\\/2020\\\/03\\\/3-x-125-x-1000_-scaled.jpg\",\"width\":2560,\"height\":1913},{\"@type\":\"BreadcrumbList\",\"@id\":\"https:\\\/\\\/turschwellenrampe.de\\\/de\\\/turschwellenrampen\\\/schwellenersatz-aus-aluminium\\\/schwellenprofil-aluminium-3-x-125-x-1000-mm-eiche\\\/#breadcrumb\",\"itemListElement\":[{\"@type\":\"ListItem\",\"position\":1,\"name\":\"Home\",\"item\":\"https:\\\/\\\/turschwellenrampe.de\\\/de\\\/\"},{\"@type\":\"ListItem\",\"position\":2,\"name\":\"Shop\",\"item\":\"https:\\\/\\\/turschwellenrampe.de\\\/de\\\/geschaft\\\/\"},{\"@type\":\"ListItem\",\"position\":3,\"name\":\"Schwellenprofil Aluminium &#8211; 3 x 125 x 1000 mm, Eiche\"}]},{\"@type\":\"WebSite\",\"@id\":\"https:\\\/\\\/turschwellenrampe.de\\\/de\\\/#website\",\"url\":\"https:\\\/\\\/turschwellenrampe.de\\\/de\\\/\",\"name\":\"Turschwellenrampe.de\",\"description\":\"De Specialist in Toegankelijkheid\",\"potentialAction\":[{\"@type\":\"SearchAction\",\"target\":{\"@type\":\"EntryPoint\",\"urlTemplate\":\"https:\\\/\\\/turschwellenrampe.de\\\/de\\\/?s={search_term_string}\"},\"query-input\":{\"@type\":\"PropertyValueSpecification\",\"valueRequired\":true,\"valueName\":\"search_term_string\"}}],\"inLanguage\":\"de\"}]}<\/script>\n<!-- \/ Yoast SEO plugin. -->","yoast_head_json":{"title":"Schwellenprofil Aluminium - 3 x 125 x 1000 mm, Eiche - Turschwellenrampe.de","robots":{"index":"index","follow":"follow","max-snippet":"max-snippet:-1","max-image-preview":"max-image-preview:large","max-video-preview":"max-video-preview:-1"},"canonical":"https:\/\/turschwellenrampe.de\/de\/turschwellenrampen\/schwellenersatz-aus-aluminium\/schwellenprofil-aluminium-3-x-125-x-1000-mm-eiche\/","og_locale":"de_DE","og_type":"article","og_title":"Schwellenprofil Aluminium - 3 x 125 x 1000 mm, Eiche - Turschwellenrampe.de","og_description":"Diese Schwellenprofil aus Aluminium in der Farbe Eiche erm\u00f6glicht es Menschen mit einer Behinderung oder Gehbehinderung, sich in Innenr\u00e4umen problemlos zu bewegen.  Der Schwellenprofil l\u00e4sst sich durch Verschrauben oder Verkleben leicht montieren und einfach zuschneiden.  Spezifikationen:   L\u00e4nge: 1000 mm  Breite: 125 mm  H\u00f6he: 3 mm","og_url":"https:\/\/turschwellenrampe.de\/de\/turschwellenrampen\/schwellenersatz-aus-aluminium\/schwellenprofil-aluminium-3-x-125-x-1000-mm-eiche\/","og_site_name":"Turschwellenrampe.de","article_publisher":"https:\/\/www.facebook.com\/Drempelhulp\/","article_modified_time":"2026-02-13T15:20:25+00:00","og_image":[{"width":2560,"height":1913,"url":"https:\/\/turschwellenrampe.de\/wp-content\/uploads\/2020\/03\/3-x-125-x-1000_-scaled.jpg","type":"image\/jpeg"}],"twitter_card":"summary_large_image","twitter_misc":{"Gesch\u00e4tzte Lesezeit":"1\u00a0Minute"},"schema":{"@context":"https:\/\/schema.org","@graph":[{"@type":"WebPage","@id":"https:\/\/turschwellenrampe.de\/de\/turschwellenrampen\/schwellenersatz-aus-aluminium\/schwellenprofil-aluminium-3-x-125-x-1000-mm-eiche\/","url":"https:\/\/turschwellenrampe.de\/de\/turschwellenrampen\/schwellenersatz-aus-aluminium\/schwellenprofil-aluminium-3-x-125-x-1000-mm-eiche\/","name":"Schwellenprofil Aluminium - 3 x 125 x 1000 mm, Eiche - Turschwellenrampe.de","isPartOf":{"@id":"https:\/\/turschwellenrampe.de\/de\/#website"},"primaryImageOfPage":{"@id":"https:\/\/turschwellenrampe.de\/de\/turschwellenrampen\/schwellenersatz-aus-aluminium\/schwellenprofil-aluminium-3-x-125-x-1000-mm-eiche\/#primaryimage"},"image":{"@id":"https:\/\/turschwellenrampe.de\/de\/turschwellenrampen\/schwellenersatz-aus-aluminium\/schwellenprofil-aluminium-3-x-125-x-1000-mm-eiche\/#primaryimage"},"thumbnailUrl":"https:\/\/turschwellenrampe.de\/wp-content\/uploads\/2020\/03\/3-x-125-x-1000_-scaled.jpg","datePublished":"2020-03-19T14:07:36+00:00","dateModified":"2026-02-13T15:20:25+00:00","breadcrumb":{"@id":"https:\/\/turschwellenrampe.de\/de\/turschwellenrampen\/schwellenersatz-aus-aluminium\/schwellenprofil-aluminium-3-x-125-x-1000-mm-eiche\/#breadcrumb"},"inLanguage":"de","potentialAction":[{"@type":"ReadAction","target":["https:\/\/turschwellenrampe.de\/de\/turschwellenrampen\/schwellenersatz-aus-aluminium\/schwellenprofil-aluminium-3-x-125-x-1000-mm-eiche\/"]}]},{"@type":"ImageObject","inLanguage":"de","@id":"https:\/\/turschwellenrampe.de\/de\/turschwellenrampen\/schwellenersatz-aus-aluminium\/schwellenprofil-aluminium-3-x-125-x-1000-mm-eiche\/#primaryimage","url":"https:\/\/turschwellenrampe.de\/wp-content\/uploads\/2020\/03\/3-x-125-x-1000_-scaled.jpg","contentUrl":"https:\/\/turschwellenrampe.de\/wp-content\/uploads\/2020\/03\/3-x-125-x-1000_-scaled.jpg","width":2560,"height":1913},{"@type":"BreadcrumbList","@id":"https:\/\/turschwellenrampe.de\/de\/turschwellenrampen\/schwellenersatz-aus-aluminium\/schwellenprofil-aluminium-3-x-125-x-1000-mm-eiche\/#breadcrumb","itemListElement":[{"@type":"ListItem","position":1,"name":"Home","item":"https:\/\/turschwellenrampe.de\/de\/"},{"@type":"ListItem","position":2,"name":"Shop","item":"https:\/\/turschwellenrampe.de\/de\/geschaft\/"},{"@type":"ListItem","position":3,"name":"Schwellenprofil Aluminium &#8211; 3 x 125 x 1000 mm, Eiche"}]},{"@type":"WebSite","@id":"https:\/\/turschwellenrampe.de\/de\/#website","url":"https:\/\/turschwellenrampe.de\/de\/","name":"Turschwellenrampe.de","description":"De Specialist in Toegankelijkheid","potentialAction":[{"@type":"SearchAction","target":{"@type":"EntryPoint","urlTemplate":"https:\/\/turschwellenrampe.de\/de\/?s={search_term_string}"},"query-input":{"@type":"PropertyValueSpecification","valueRequired":true,"valueName":"search_term_string"}}],"inLanguage":"de"}]}},"_links":{"self":[{"href":"https:\/\/turschwellenrampe.de\/de\/wp-json\/wp\/v2\/product\/12944","targetHints":{"allow":["GET"]}}],"collection":[{"href":"https:\/\/turschwellenrampe.de\/de\/wp-json\/wp\/v2\/product"}],"about":[{"href":"https:\/\/turschwellenrampe.de\/de\/wp-json\/wp\/v2\/types\/product"}],"replies":[{"embeddable":true,"href":"https:\/\/turschwellenrampe.de\/de\/wp-json\/wp\/v2\/comments?post=12944"}],"wp:featuredmedia":[{"embeddable":true,"href":"https:\/\/turschwellenrampe.de\/de\/wp-json\/wp\/v2\/media\/13250"}],"wp:attachment":[{"href":"https:\/\/turschwellenrampe.de\/de\/wp-json\/wp\/v2\/media?parent=12944"}],"wp:term":[{"taxonomy":"product_brand","embeddable":true,"href":"https:\/\/turschwellenrampe.de\/de\/wp-json\/wp\/v2\/product_brand?post=12944"},{"taxonomy":"product_cat","embeddable":true,"href":"https:\/\/turschwellenrampe.de\/de\/wp-json\/wp\/v2\/product_cat?post=12944"},{"taxonomy":"product_tag","embeddable":true,"href":"https:\/\/turschwellenrampe.de\/de\/wp-json\/wp\/v2\/product_tag?post=12944"}],"curies":[{"name":"wp","href":"https:\/\/api.w.org\/{rel}","templated":true}]}}