{"id":12900,"date":"2020-03-19T15:16:58","date_gmt":"2020-03-19T14:16:58","guid":{"rendered":"https:\/\/turschwellenrampe.de\/shop\/unkategorisiert\/schwellenrampe-aus-gummi-15x120x900-mm-3-seitig\/"},"modified":"2026-03-25T16:15:22","modified_gmt":"2026-03-25T15:15:22","slug":"schwellenrampe-aus-gummi-15x120x900-mm-3-seitig","status":"publish","type":"product","link":"https:\/\/turschwellenrampe.de\/de\/turschwellenrampen\/schwellenrampen-gummi-3-seitig\/schwellenrampe-aus-gummi-15x120x900-mm-3-seitig\/","title":{"rendered":"Schwellenrampe aus Gummi 15x120x900 mm, 3-seitig"},"content":{"rendered":"<h2>Beschreibung Schwellenrampe aus Gummi 3-seitig:<\/h2>\n<p>Die <strong>T\u00fcrschwellenrampe<\/strong>aus Gummi mit schr\u00e4gen Seitenfl\u00e4chen ist die ideale L\u00f6sung f\u00fcr Menschen, die Schwierigkeiten haben, eine <strong>Schwelle<\/strong>zu \u00fcberwinden. Dank der schr\u00e4gen Seitenfl\u00e4chen ist es m\u00f6glich, die Schwelle von allen Seiten zu erreichen. Jetzt m\u00fcssen Sie sich nicht mehr direkt vor die Schwelle man\u00f6vrieren, sondern k\u00f6nnen auch von der Seite her herankommen. Kurzum, mit dieser Schwellenrampe ist die \u00dcberwindung von <strong>Schwellen<\/strong>noch einfacher geworden. Ideal f\u00fcr <strong>Rollst\u00fchle<\/strong>, <strong>Rollatoren und Scooter.<\/strong><\/p>\n<p>Diese <strong>T\u00fcrschwellenrampe<\/strong>wird in den meisten F\u00e4llen im Freien verwendet.<\/p>\n<p><strong>Spezifikationen:<\/strong><\/p>\n<ul>\n<li><strong>H\u00f6he<\/strong>: 15 mm<\/li>\n<li><strong>Tiefe<\/strong>: 120 mm<\/li>\n<li><strong>Breite<\/strong>: 900 mm<\/li>\n<li><strong>Gewicht:<\/strong> 1.4 kg<\/li>\n<li><strong>Farbe<\/strong>: Schwarz<\/li>\n<li><strong>Ohne Klebstoff<\/strong><\/li>\n<li><strong>Material<\/strong>: 100% Gummi<\/li>\n<li><strong>Max. Belastung:<\/strong> 1000 kg<\/li>\n<li><strong>Geeignet f\u00fcr:<\/strong> Au\u00dfenbereich<\/li>\n<\/ul>\n","protected":false},"excerpt":{"rendered":"<p>Die T\u00fcrschwellenrampe aus Gummi mit schr\u00e4gen Seitenfl\u00e4chen ist die ideale L\u00f6sung f\u00fcr Menschen, die Schwierigkeiten haben, eine Schwellezu \u00fcberwinden. Dank der schr\u00e4gen Seitenfl\u00e4chen ist es m\u00f6glich, die Schwelle von allen Seiten zu erreichen. Jetzt m\u00fcssen Sie sich nicht mehr direkt vor die Schwelle man\u00f6vrieren, sondern k\u00f6nnen auch von der Seite her herankommen.<\/p>\n<p>Kurzum, mit dieser Schwellenrampe ist die \u00dcberwindung von Schwellennoch einfacher geworden. Ideal f\u00fcr Rollst\u00fchle, Rollatoren und Scooter.<br \/>\nDiese T\u00fcrschwellenrampe wird in den meisten F\u00e4llen im Freien verwendet.<\/p>\n<p><strong>Spezifikationen: <\/strong><\/p>\n<ul>\n<li>H\u00f6he: 15 mm<\/li>\n<li>Tiefe: 120 mm<\/li>\n<li>Breite: 900 mm<\/li>\n<li>Gewicht: 1,4 kg<\/li>\n<li>Farbe: Schwarz<\/li>\n<li>Ohne Klebstoff<\/li>\n<li>Material: 100% Gummi<\/li>\n<li>Max. Belastung: 1000 kg<\/li>\n<li>Geeignet f\u00fcr: Au\u00dfenbereich<\/li>\n<\/ul>\n","protected":false},"featured_media":10788,"comment_status":"open","ping_status":"closed","template":"","meta":[],"product_brand":[],"product_cat":[519],"product_tag":[554],"class_list":{"0":"post-12900","1":"product","2":"type-product","3":"status-publish","4":"has-post-thumbnail","6":"product_cat-schwellenrampen-gummi-3-seitig","7":"product_tag-hohe-0-bis-2-cm","8":"pa_kenmerk-1-fur-den-auseneinsatz","9":"pa_kleur-variant-wielstoppers-dunkelgrau","11":"first","12":"instock","13":"taxable","14":"shipping-taxable","15":"purchasable","16":"product-type-simple"},"yoast_head":"<!-- This site is optimized with the Yoast SEO plugin v27.3 - https:\/\/yoast.com\/product\/yoast-seo-wordpress\/ -->\n<title>Schwellenrampe aus Gummi 15x120x900 mm, 3-seitig - Turschwellenrampe.de<\/title>\n<meta name=\"robots\" content=\"index, follow, max-snippet:-1, max-image-preview:large, max-video-preview:-1\" \/>\n<link rel=\"canonical\" href=\"https:\/\/turschwellenrampe.de\/de\/turschwellenrampen\/schwellenrampen-gummi-3-seitig\/schwellenrampe-aus-gummi-15x120x900-mm-3-seitig\/\" \/>\n<meta property=\"og:locale\" content=\"de_DE\" \/>\n<meta property=\"og:type\" content=\"article\" \/>\n<meta property=\"og:title\" content=\"Schwellenrampe aus Gummi 15x120x900 mm, 3-seitig - Turschwellenrampe.de\" \/>\n<meta property=\"og:description\" content=\"Die T\u00fcrschwellenrampe aus Gummi mit schr\u00e4gen Seitenfl\u00e4chen ist die ideale L\u00f6sung f\u00fcr Menschen, die Schwierigkeiten haben, eine Schwellezu \u00fcberwinden. Dank der schr\u00e4gen Seitenfl\u00e4chen ist es m\u00f6glich, die Schwelle von allen Seiten zu erreichen. Jetzt m\u00fcssen Sie sich nicht mehr direkt vor die Schwelle man\u00f6vrieren, sondern k\u00f6nnen auch von der Seite her herankommen.  Kurzum, mit dieser Schwellenrampe ist die \u00dcberwindung von Schwellennoch einfacher geworden. Ideal f\u00fcr Rollst\u00fchle, Rollatoren und Scooter. Diese T\u00fcrschwellenrampe wird in den meisten F\u00e4llen im Freien verwendet.  Spezifikationen:    H\u00f6he: 15 mm  Tiefe: 120 mm  Breite: 900 mm  Gewicht: 1,4 kg  Farbe: Schwarz  Ohne Klebstoff  Material: 100% Gummi  Max. Belastung: 1000 kg  Geeignet f\u00fcr: Au\u00dfenbereich\" \/>\n<meta property=\"og:url\" content=\"https:\/\/turschwellenrampe.de\/de\/turschwellenrampen\/schwellenrampen-gummi-3-seitig\/schwellenrampe-aus-gummi-15x120x900-mm-3-seitig\/\" \/>\n<meta property=\"og:site_name\" content=\"Turschwellenrampe.de\" \/>\n<meta property=\"article:publisher\" content=\"https:\/\/www.facebook.com\/Drempelhulp\/\" \/>\n<meta property=\"article:modified_time\" content=\"2026-03-25T15:15:22+00:00\" \/>\n<meta property=\"og:image\" content=\"https:\/\/turschwellenrampe.de\/wp-content\/uploads\/2020\/03\/rubber-meerdere-1.jpg\" \/>\n\t<meta property=\"og:image:width\" content=\"300\" \/>\n\t<meta property=\"og:image:height\" content=\"300\" \/>\n\t<meta property=\"og:image:type\" content=\"image\/jpeg\" \/>\n<meta name=\"twitter:card\" content=\"summary_large_image\" \/>\n<meta name=\"twitter:label1\" content=\"Gesch\u00e4tzte Lesezeit\" \/>\n\t<meta name=\"twitter:data1\" content=\"1\u00a0Minute\" \/>\n<script type=\"application\/ld+json\" class=\"yoast-schema-graph\">{\"@context\":\"https:\\\/\\\/schema.org\",\"@graph\":[{\"@type\":\"WebPage\",\"@id\":\"https:\\\/\\\/turschwellenrampe.de\\\/de\\\/turschwellenrampen\\\/schwellenrampen-gummi-3-seitig\\\/schwellenrampe-aus-gummi-15x120x900-mm-3-seitig\\\/\",\"url\":\"https:\\\/\\\/turschwellenrampe.de\\\/de\\\/turschwellenrampen\\\/schwellenrampen-gummi-3-seitig\\\/schwellenrampe-aus-gummi-15x120x900-mm-3-seitig\\\/\",\"name\":\"Schwellenrampe aus Gummi 15x120x900 mm, 3-seitig - Turschwellenrampe.de\",\"isPartOf\":{\"@id\":\"https:\\\/\\\/turschwellenrampe.de\\\/de\\\/#website\"},\"primaryImageOfPage\":{\"@id\":\"https:\\\/\\\/turschwellenrampe.de\\\/de\\\/turschwellenrampen\\\/schwellenrampen-gummi-3-seitig\\\/schwellenrampe-aus-gummi-15x120x900-mm-3-seitig\\\/#primaryimage\"},\"image\":{\"@id\":\"https:\\\/\\\/turschwellenrampe.de\\\/de\\\/turschwellenrampen\\\/schwellenrampen-gummi-3-seitig\\\/schwellenrampe-aus-gummi-15x120x900-mm-3-seitig\\\/#primaryimage\"},\"thumbnailUrl\":\"https:\\\/\\\/turschwellenrampe.de\\\/wp-content\\\/uploads\\\/2020\\\/03\\\/rubber-meerdere-1.jpg\",\"datePublished\":\"2020-03-19T14:16:58+00:00\",\"dateModified\":\"2026-03-25T15:15:22+00:00\",\"breadcrumb\":{\"@id\":\"https:\\\/\\\/turschwellenrampe.de\\\/de\\\/turschwellenrampen\\\/schwellenrampen-gummi-3-seitig\\\/schwellenrampe-aus-gummi-15x120x900-mm-3-seitig\\\/#breadcrumb\"},\"inLanguage\":\"de\",\"potentialAction\":[{\"@type\":\"ReadAction\",\"target\":[\"https:\\\/\\\/turschwellenrampe.de\\\/de\\\/turschwellenrampen\\\/schwellenrampen-gummi-3-seitig\\\/schwellenrampe-aus-gummi-15x120x900-mm-3-seitig\\\/\"]}]},{\"@type\":\"ImageObject\",\"inLanguage\":\"de\",\"@id\":\"https:\\\/\\\/turschwellenrampe.de\\\/de\\\/turschwellenrampen\\\/schwellenrampen-gummi-3-seitig\\\/schwellenrampe-aus-gummi-15x120x900-mm-3-seitig\\\/#primaryimage\",\"url\":\"https:\\\/\\\/turschwellenrampe.de\\\/wp-content\\\/uploads\\\/2020\\\/03\\\/rubber-meerdere-1.jpg\",\"contentUrl\":\"https:\\\/\\\/turschwellenrampe.de\\\/wp-content\\\/uploads\\\/2020\\\/03\\\/rubber-meerdere-1.jpg\",\"width\":300,\"height\":300},{\"@type\":\"BreadcrumbList\",\"@id\":\"https:\\\/\\\/turschwellenrampe.de\\\/de\\\/turschwellenrampen\\\/schwellenrampen-gummi-3-seitig\\\/schwellenrampe-aus-gummi-15x120x900-mm-3-seitig\\\/#breadcrumb\",\"itemListElement\":[{\"@type\":\"ListItem\",\"position\":1,\"name\":\"Home\",\"item\":\"https:\\\/\\\/turschwellenrampe.de\\\/de\\\/\"},{\"@type\":\"ListItem\",\"position\":2,\"name\":\"Shop\",\"item\":\"https:\\\/\\\/turschwellenrampe.de\\\/de\\\/geschaft\\\/\"},{\"@type\":\"ListItem\",\"position\":3,\"name\":\"Schwellenrampe aus Gummi 15x120x900 mm, 3-seitig\"}]},{\"@type\":\"WebSite\",\"@id\":\"https:\\\/\\\/turschwellenrampe.de\\\/de\\\/#website\",\"url\":\"https:\\\/\\\/turschwellenrampe.de\\\/de\\\/\",\"name\":\"Turschwellenrampe.de\",\"description\":\"De Specialist in Toegankelijkheid\",\"potentialAction\":[{\"@type\":\"SearchAction\",\"target\":{\"@type\":\"EntryPoint\",\"urlTemplate\":\"https:\\\/\\\/turschwellenrampe.de\\\/de\\\/?s={search_term_string}\"},\"query-input\":{\"@type\":\"PropertyValueSpecification\",\"valueRequired\":true,\"valueName\":\"search_term_string\"}}],\"inLanguage\":\"de\"}]}<\/script>\n<!-- \/ Yoast SEO plugin. -->","yoast_head_json":{"title":"Schwellenrampe aus Gummi 15x120x900 mm, 3-seitig - Turschwellenrampe.de","robots":{"index":"index","follow":"follow","max-snippet":"max-snippet:-1","max-image-preview":"max-image-preview:large","max-video-preview":"max-video-preview:-1"},"canonical":"https:\/\/turschwellenrampe.de\/de\/turschwellenrampen\/schwellenrampen-gummi-3-seitig\/schwellenrampe-aus-gummi-15x120x900-mm-3-seitig\/","og_locale":"de_DE","og_type":"article","og_title":"Schwellenrampe aus Gummi 15x120x900 mm, 3-seitig - Turschwellenrampe.de","og_description":"Die T\u00fcrschwellenrampe aus Gummi mit schr\u00e4gen Seitenfl\u00e4chen ist die ideale L\u00f6sung f\u00fcr Menschen, die Schwierigkeiten haben, eine Schwellezu \u00fcberwinden. Dank der schr\u00e4gen Seitenfl\u00e4chen ist es m\u00f6glich, die Schwelle von allen Seiten zu erreichen. Jetzt m\u00fcssen Sie sich nicht mehr direkt vor die Schwelle man\u00f6vrieren, sondern k\u00f6nnen auch von der Seite her herankommen.  Kurzum, mit dieser Schwellenrampe ist die \u00dcberwindung von Schwellennoch einfacher geworden. Ideal f\u00fcr Rollst\u00fchle, Rollatoren und Scooter. Diese T\u00fcrschwellenrampe wird in den meisten F\u00e4llen im Freien verwendet.  Spezifikationen:    H\u00f6he: 15 mm  Tiefe: 120 mm  Breite: 900 mm  Gewicht: 1,4 kg  Farbe: Schwarz  Ohne Klebstoff  Material: 100% Gummi  Max. Belastung: 1000 kg  Geeignet f\u00fcr: Au\u00dfenbereich","og_url":"https:\/\/turschwellenrampe.de\/de\/turschwellenrampen\/schwellenrampen-gummi-3-seitig\/schwellenrampe-aus-gummi-15x120x900-mm-3-seitig\/","og_site_name":"Turschwellenrampe.de","article_publisher":"https:\/\/www.facebook.com\/Drempelhulp\/","article_modified_time":"2026-03-25T15:15:22+00:00","og_image":[{"width":300,"height":300,"url":"https:\/\/turschwellenrampe.de\/wp-content\/uploads\/2020\/03\/rubber-meerdere-1.jpg","type":"image\/jpeg"}],"twitter_card":"summary_large_image","twitter_misc":{"Gesch\u00e4tzte Lesezeit":"1\u00a0Minute"},"schema":{"@context":"https:\/\/schema.org","@graph":[{"@type":"WebPage","@id":"https:\/\/turschwellenrampe.de\/de\/turschwellenrampen\/schwellenrampen-gummi-3-seitig\/schwellenrampe-aus-gummi-15x120x900-mm-3-seitig\/","url":"https:\/\/turschwellenrampe.de\/de\/turschwellenrampen\/schwellenrampen-gummi-3-seitig\/schwellenrampe-aus-gummi-15x120x900-mm-3-seitig\/","name":"Schwellenrampe aus Gummi 15x120x900 mm, 3-seitig - Turschwellenrampe.de","isPartOf":{"@id":"https:\/\/turschwellenrampe.de\/de\/#website"},"primaryImageOfPage":{"@id":"https:\/\/turschwellenrampe.de\/de\/turschwellenrampen\/schwellenrampen-gummi-3-seitig\/schwellenrampe-aus-gummi-15x120x900-mm-3-seitig\/#primaryimage"},"image":{"@id":"https:\/\/turschwellenrampe.de\/de\/turschwellenrampen\/schwellenrampen-gummi-3-seitig\/schwellenrampe-aus-gummi-15x120x900-mm-3-seitig\/#primaryimage"},"thumbnailUrl":"https:\/\/turschwellenrampe.de\/wp-content\/uploads\/2020\/03\/rubber-meerdere-1.jpg","datePublished":"2020-03-19T14:16:58+00:00","dateModified":"2026-03-25T15:15:22+00:00","breadcrumb":{"@id":"https:\/\/turschwellenrampe.de\/de\/turschwellenrampen\/schwellenrampen-gummi-3-seitig\/schwellenrampe-aus-gummi-15x120x900-mm-3-seitig\/#breadcrumb"},"inLanguage":"de","potentialAction":[{"@type":"ReadAction","target":["https:\/\/turschwellenrampe.de\/de\/turschwellenrampen\/schwellenrampen-gummi-3-seitig\/schwellenrampe-aus-gummi-15x120x900-mm-3-seitig\/"]}]},{"@type":"ImageObject","inLanguage":"de","@id":"https:\/\/turschwellenrampe.de\/de\/turschwellenrampen\/schwellenrampen-gummi-3-seitig\/schwellenrampe-aus-gummi-15x120x900-mm-3-seitig\/#primaryimage","url":"https:\/\/turschwellenrampe.de\/wp-content\/uploads\/2020\/03\/rubber-meerdere-1.jpg","contentUrl":"https:\/\/turschwellenrampe.de\/wp-content\/uploads\/2020\/03\/rubber-meerdere-1.jpg","width":300,"height":300},{"@type":"BreadcrumbList","@id":"https:\/\/turschwellenrampe.de\/de\/turschwellenrampen\/schwellenrampen-gummi-3-seitig\/schwellenrampe-aus-gummi-15x120x900-mm-3-seitig\/#breadcrumb","itemListElement":[{"@type":"ListItem","position":1,"name":"Home","item":"https:\/\/turschwellenrampe.de\/de\/"},{"@type":"ListItem","position":2,"name":"Shop","item":"https:\/\/turschwellenrampe.de\/de\/geschaft\/"},{"@type":"ListItem","position":3,"name":"Schwellenrampe aus Gummi 15x120x900 mm, 3-seitig"}]},{"@type":"WebSite","@id":"https:\/\/turschwellenrampe.de\/de\/#website","url":"https:\/\/turschwellenrampe.de\/de\/","name":"Turschwellenrampe.de","description":"De Specialist in Toegankelijkheid","potentialAction":[{"@type":"SearchAction","target":{"@type":"EntryPoint","urlTemplate":"https:\/\/turschwellenrampe.de\/de\/?s={search_term_string}"},"query-input":{"@type":"PropertyValueSpecification","valueRequired":true,"valueName":"search_term_string"}}],"inLanguage":"de"}]}},"_links":{"self":[{"href":"https:\/\/turschwellenrampe.de\/de\/wp-json\/wp\/v2\/product\/12900","targetHints":{"allow":["GET"]}}],"collection":[{"href":"https:\/\/turschwellenrampe.de\/de\/wp-json\/wp\/v2\/product"}],"about":[{"href":"https:\/\/turschwellenrampe.de\/de\/wp-json\/wp\/v2\/types\/product"}],"replies":[{"embeddable":true,"href":"https:\/\/turschwellenrampe.de\/de\/wp-json\/wp\/v2\/comments?post=12900"}],"wp:featuredmedia":[{"embeddable":true,"href":"https:\/\/turschwellenrampe.de\/de\/wp-json\/wp\/v2\/media\/10788"}],"wp:attachment":[{"href":"https:\/\/turschwellenrampe.de\/de\/wp-json\/wp\/v2\/media?parent=12900"}],"wp:term":[{"taxonomy":"product_brand","embeddable":true,"href":"https:\/\/turschwellenrampe.de\/de\/wp-json\/wp\/v2\/product_brand?post=12900"},{"taxonomy":"product_cat","embeddable":true,"href":"https:\/\/turschwellenrampe.de\/de\/wp-json\/wp\/v2\/product_cat?post=12900"},{"taxonomy":"product_tag","embeddable":true,"href":"https:\/\/turschwellenrampe.de\/de\/wp-json\/wp\/v2\/product_tag?post=12900"}],"curies":[{"name":"wp","href":"https:\/\/api.w.org\/{rel}","templated":true}]}}