{"id":12888,"date":"2020-03-19T15:19:29","date_gmt":"2020-03-19T14:19:29","guid":{"rendered":"https:\/\/turschwellenrampe.de\/shop\/unkategorisiert\/schwellenrampe-draussen-74cm-h-x-75cm-b-3-seitig\/"},"modified":"2024-01-18T17:45:36","modified_gmt":"2024-01-18T16:45:36","slug":"schwellenrampe-drausen-74cm-h-x-75cm-b-3-seitig","status":"publish","type":"product","link":"https:\/\/turschwellenrampe.de\/de\/turschwellenrampen\/schwellenrampen-modular-3-seitig\/schwellenrampe-drausen-74cm-h-x-75cm-b-3-seitig\/","title":{"rendered":"Schwellenrampe Drau\u00dfen 7,4cm (H) x 75cm (B), 3-seitig"},"content":{"rendered":"<h2>Beschreibung Schwellenrampe 3-seitig.<\/h2>\n<p>Dieses <strong>T\u00fcrschwellenrampe <\/strong>Set mit schr\u00e4gen Seiten ist die ideale L\u00f6sung zur \u00dcberbr\u00fcckung von niedrigen bis mittleren Hindernissen im und ums Haus. Das Schwellenrampe f\u00fcr den Au\u00dfenbereich ist mit rutschhemmenden Elementen f\u00fcr maximale Rutschfestigkeit ausgestattet.<br \/>\nDank der schr\u00e4gen Seitenfl\u00e4chen ist es m\u00f6glich, die <strong>Schwelle <\/strong>von allen Seiten zu erreichen. Dieser T\u00fcrschwellenrampen ist komplett vormontiert, einschlie\u00dflich Befestigungsmaterial. Ideal f\u00fcr <strong>Rollst\u00fchle<\/strong>, <strong>Rollatoren und Scooter.<\/strong><\/p>\n<p>&nbsp;<\/p>\n<p><strong><span style=\"font-size: 12pt;\">Vorteile f\u00fcr den Benutzer: <\/span> <\/strong><\/p>\n<ul>\n<li>Ger\u00e4uscharm<\/li>\n<li>Optimale Wasserableitung<\/li>\n<li>Robust bis zu 8000 kg\/m2<\/li>\n<li>Feuerfest bis +300 Grad<\/li>\n<li>Einfach zu installieren<\/li>\n<li>Polyethylen, 100% giftig und PVC-frei<\/li>\n<li>Farbe: Hellgrau<\/li>\n<li>5 Jahre Garantie!<\/li>\n<li>Einschlie\u00dflich Befestigungsmaterial, <a href=\"\/wp-content\/uploads\/2020\/07\/kit100zonderrampajds.pdf\" target=\"_blank\" rel=\"noopener noreferrer\">siehe Handbuch<\/a><\/li>\n<\/ul>\n<p>&nbsp;<\/p>\n<p><strong>Gr\u00f6\u00dfen:<\/strong><\/p>\n<ul>\n<li>Gesamtbreite\/-l\u00e4nge: 177 cm<\/li>\n<li>Tiefe: 51 cm<\/li>\n<\/ul>\n<p><strong>H\u00f6henverstellbar bis:<\/strong><\/p>\n<ul>\n<li>7,4 bis 7,6 cm<\/li>\n<\/ul>\n<p>&nbsp;<\/p>\n","protected":false},"excerpt":{"rendered":"<p>Dieses <strong>T\u00fcrschwellenrampe <\/strong>Set mit schr\u00e4gen Seiten ist die ideale L\u00f6sung zur \u00dcberbr\u00fcckung von niedrigen bis mittleren Hindernissen im und ums Haus.<\/p>\n<p>Dank der schr\u00e4gen Seitenfl\u00e4chen ist es m\u00f6glich, die <strong>Schwelle <\/strong>von allen Seiten zu erreichen. Dieser T\u00fcrschwellenrampen ist komplett vormontiert, einschlie\u00dflich Befestigungsmaterial. Ideal f\u00fcr <strong>Rollst\u00fchle<\/strong>, <strong>Rollatoren und Scooter.<\/strong><\/p>\n<p>Diese <strong>Schwellenrampe <\/strong>ist mit einer zus\u00e4tzlichen Anti-Rutsch-Oberfl\u00e4che ausgestattet, so dass sie auch bei schlechtem Wetter im Freien verwendet werden kann.<\/p>\n<p><strong>Spezifikationen:<\/strong><\/p>\n<ul>\n<li>Gesamtbreite: 177 cm<\/li>\n<li>Tiefe: 51 cm<\/li>\n<li>H\u00f6he: 7,4 cm<\/li>\n<li>Lieferung voll funktionsf\u00e4hig<\/li>\n<li>5 Jahre Garantie!<\/li>\n<\/ul>\n","protected":false},"featured_media":11869,"comment_status":"open","ping_status":"closed","template":"","meta":[],"product_brand":[],"product_cat":[515],"product_tag":[557],"class_list":{"0":"post-12888","1":"product","2":"type-product","3":"status-publish","4":"has-post-thumbnail","6":"product_cat-schwellenrampen-modular-3-seitig","7":"product_tag-hohe-6-bis-8-cm","8":"pa_kenmerk-1-fur-den-auseneinsatz","9":"pa_kenmerk-1-fur-den-innenbereich","10":"pa_kleur-variant-wielstoppers-lichtgrau","12":"first","13":"instock","14":"taxable","15":"shipping-taxable","16":"purchasable","17":"product-type-simple"},"yoast_head":"<!-- This site is optimized with the Yoast SEO plugin v27.5 - https:\/\/yoast.com\/product\/yoast-seo-wordpress\/ -->\n<title>Schwellenrampe Drau\u00dfen 7,4cm (H) x 75cm (B), 3-seitig - Turschwellenrampe.de<\/title>\n<meta name=\"robots\" content=\"index, follow, max-snippet:-1, max-image-preview:large, max-video-preview:-1\" \/>\n<link rel=\"canonical\" href=\"https:\/\/turschwellenrampe.de\/de\/turschwellenrampen\/schwellenrampen-modular-3-seitig\/schwellenrampe-drausen-74cm-h-x-75cm-b-3-seitig\/\" \/>\n<meta property=\"og:locale\" content=\"de_DE\" \/>\n<meta property=\"og:type\" content=\"article\" \/>\n<meta property=\"og:title\" content=\"Schwellenrampe Drau\u00dfen 7,4cm (H) x 75cm (B), 3-seitig - Turschwellenrampe.de\" \/>\n<meta property=\"og:description\" content=\"Dieses T\u00fcrschwellenrampe Set mit schr\u00e4gen Seiten ist die ideale L\u00f6sung zur \u00dcberbr\u00fcckung von niedrigen bis mittleren Hindernissen im und ums Haus.  Dank der schr\u00e4gen Seitenfl\u00e4chen ist es m\u00f6glich, die Schwelle von allen Seiten zu erreichen. Dieser T\u00fcrschwellenrampen ist komplett vormontiert, einschlie\u00dflich Befestigungsmaterial. Ideal f\u00fcr Rollst\u00fchle, Rollatoren und Scooter.  Diese Schwellenrampe ist mit einer zus\u00e4tzlichen Anti-Rutsch-Oberfl\u00e4che ausgestattet, so dass sie auch bei schlechtem Wetter im Freien verwendet werden kann.  Spezifikationen:   Gesamtbreite: 177 cm  Tiefe: 51 cm  H\u00f6he: 7,4 cm  Lieferung voll funktionsf\u00e4hig  5 Jahre Garantie!\" \/>\n<meta property=\"og:url\" content=\"https:\/\/turschwellenrampe.de\/de\/turschwellenrampen\/schwellenrampen-modular-3-seitig\/schwellenrampe-drausen-74cm-h-x-75cm-b-3-seitig\/\" \/>\n<meta property=\"og:site_name\" content=\"Turschwellenrampe.de\" \/>\n<meta property=\"article:publisher\" content=\"https:\/\/www.facebook.com\/Drempelhulp\/\" \/>\n<meta property=\"article:modified_time\" content=\"2024-01-18T16:45:36+00:00\" \/>\n<meta property=\"og:image\" content=\"https:\/\/turschwellenrampe.de\/wp-content\/uploads\/2020\/03\/3-zijdig-hoofd.png\" \/>\n\t<meta property=\"og:image:width\" content=\"450\" \/>\n\t<meta property=\"og:image:height\" content=\"450\" \/>\n\t<meta property=\"og:image:type\" content=\"image\/png\" \/>\n<meta name=\"twitter:card\" content=\"summary_large_image\" \/>\n<meta name=\"twitter:label1\" content=\"Gesch\u00e4tzte Lesezeit\" \/>\n\t<meta name=\"twitter:data1\" content=\"1\u00a0Minute\" \/>\n<script type=\"application\/ld+json\" class=\"yoast-schema-graph\">{\"@context\":\"https:\\\/\\\/schema.org\",\"@graph\":[{\"@type\":\"WebPage\",\"@id\":\"https:\\\/\\\/turschwellenrampe.de\\\/de\\\/turschwellenrampen\\\/schwellenrampen-modular-3-seitig\\\/schwellenrampe-drausen-74cm-h-x-75cm-b-3-seitig\\\/\",\"url\":\"https:\\\/\\\/turschwellenrampe.de\\\/de\\\/turschwellenrampen\\\/schwellenrampen-modular-3-seitig\\\/schwellenrampe-drausen-74cm-h-x-75cm-b-3-seitig\\\/\",\"name\":\"Schwellenrampe Drau\u00dfen 7,4cm (H) x 75cm (B), 3-seitig - Turschwellenrampe.de\",\"isPartOf\":{\"@id\":\"https:\\\/\\\/turschwellenrampe.de\\\/de\\\/#website\"},\"primaryImageOfPage\":{\"@id\":\"https:\\\/\\\/turschwellenrampe.de\\\/de\\\/turschwellenrampen\\\/schwellenrampen-modular-3-seitig\\\/schwellenrampe-drausen-74cm-h-x-75cm-b-3-seitig\\\/#primaryimage\"},\"image\":{\"@id\":\"https:\\\/\\\/turschwellenrampe.de\\\/de\\\/turschwellenrampen\\\/schwellenrampen-modular-3-seitig\\\/schwellenrampe-drausen-74cm-h-x-75cm-b-3-seitig\\\/#primaryimage\"},\"thumbnailUrl\":\"https:\\\/\\\/turschwellenrampe.de\\\/wp-content\\\/uploads\\\/2020\\\/03\\\/3-zijdig-hoofd.png\",\"datePublished\":\"2020-03-19T14:19:29+00:00\",\"dateModified\":\"2024-01-18T16:45:36+00:00\",\"breadcrumb\":{\"@id\":\"https:\\\/\\\/turschwellenrampe.de\\\/de\\\/turschwellenrampen\\\/schwellenrampen-modular-3-seitig\\\/schwellenrampe-drausen-74cm-h-x-75cm-b-3-seitig\\\/#breadcrumb\"},\"inLanguage\":\"de\",\"potentialAction\":[{\"@type\":\"ReadAction\",\"target\":[\"https:\\\/\\\/turschwellenrampe.de\\\/de\\\/turschwellenrampen\\\/schwellenrampen-modular-3-seitig\\\/schwellenrampe-drausen-74cm-h-x-75cm-b-3-seitig\\\/\"]}]},{\"@type\":\"ImageObject\",\"inLanguage\":\"de\",\"@id\":\"https:\\\/\\\/turschwellenrampe.de\\\/de\\\/turschwellenrampen\\\/schwellenrampen-modular-3-seitig\\\/schwellenrampe-drausen-74cm-h-x-75cm-b-3-seitig\\\/#primaryimage\",\"url\":\"https:\\\/\\\/turschwellenrampe.de\\\/wp-content\\\/uploads\\\/2020\\\/03\\\/3-zijdig-hoofd.png\",\"contentUrl\":\"https:\\\/\\\/turschwellenrampe.de\\\/wp-content\\\/uploads\\\/2020\\\/03\\\/3-zijdig-hoofd.png\",\"width\":450,\"height\":450},{\"@type\":\"BreadcrumbList\",\"@id\":\"https:\\\/\\\/turschwellenrampe.de\\\/de\\\/turschwellenrampen\\\/schwellenrampen-modular-3-seitig\\\/schwellenrampe-drausen-74cm-h-x-75cm-b-3-seitig\\\/#breadcrumb\",\"itemListElement\":[{\"@type\":\"ListItem\",\"position\":1,\"name\":\"Home\",\"item\":\"https:\\\/\\\/turschwellenrampe.de\\\/de\\\/\"},{\"@type\":\"ListItem\",\"position\":2,\"name\":\"Shop\",\"item\":\"https:\\\/\\\/turschwellenrampe.de\\\/de\\\/geschaft\\\/\"},{\"@type\":\"ListItem\",\"position\":3,\"name\":\"Schwellenrampe Drau\u00dfen 7,4cm (H) x 75cm (B), 3-seitig\"}]},{\"@type\":\"WebSite\",\"@id\":\"https:\\\/\\\/turschwellenrampe.de\\\/de\\\/#website\",\"url\":\"https:\\\/\\\/turschwellenrampe.de\\\/de\\\/\",\"name\":\"Turschwellenrampe.de\",\"description\":\"De Specialist in Toegankelijkheid\",\"potentialAction\":[{\"@type\":\"SearchAction\",\"target\":{\"@type\":\"EntryPoint\",\"urlTemplate\":\"https:\\\/\\\/turschwellenrampe.de\\\/de\\\/?s={search_term_string}\"},\"query-input\":{\"@type\":\"PropertyValueSpecification\",\"valueRequired\":true,\"valueName\":\"search_term_string\"}}],\"inLanguage\":\"de\"}]}<\/script>\n<!-- \/ Yoast SEO plugin. -->","yoast_head_json":{"title":"Schwellenrampe Drau\u00dfen 7,4cm (H) x 75cm (B), 3-seitig - Turschwellenrampe.de","robots":{"index":"index","follow":"follow","max-snippet":"max-snippet:-1","max-image-preview":"max-image-preview:large","max-video-preview":"max-video-preview:-1"},"canonical":"https:\/\/turschwellenrampe.de\/de\/turschwellenrampen\/schwellenrampen-modular-3-seitig\/schwellenrampe-drausen-74cm-h-x-75cm-b-3-seitig\/","og_locale":"de_DE","og_type":"article","og_title":"Schwellenrampe Drau\u00dfen 7,4cm (H) x 75cm (B), 3-seitig - Turschwellenrampe.de","og_description":"Dieses T\u00fcrschwellenrampe Set mit schr\u00e4gen Seiten ist die ideale L\u00f6sung zur \u00dcberbr\u00fcckung von niedrigen bis mittleren Hindernissen im und ums Haus.  Dank der schr\u00e4gen Seitenfl\u00e4chen ist es m\u00f6glich, die Schwelle von allen Seiten zu erreichen. Dieser T\u00fcrschwellenrampen ist komplett vormontiert, einschlie\u00dflich Befestigungsmaterial. Ideal f\u00fcr Rollst\u00fchle, Rollatoren und Scooter.  Diese Schwellenrampe ist mit einer zus\u00e4tzlichen Anti-Rutsch-Oberfl\u00e4che ausgestattet, so dass sie auch bei schlechtem Wetter im Freien verwendet werden kann.  Spezifikationen:   Gesamtbreite: 177 cm  Tiefe: 51 cm  H\u00f6he: 7,4 cm  Lieferung voll funktionsf\u00e4hig  5 Jahre Garantie!","og_url":"https:\/\/turschwellenrampe.de\/de\/turschwellenrampen\/schwellenrampen-modular-3-seitig\/schwellenrampe-drausen-74cm-h-x-75cm-b-3-seitig\/","og_site_name":"Turschwellenrampe.de","article_publisher":"https:\/\/www.facebook.com\/Drempelhulp\/","article_modified_time":"2024-01-18T16:45:36+00:00","og_image":[{"width":450,"height":450,"url":"https:\/\/turschwellenrampe.de\/wp-content\/uploads\/2020\/03\/3-zijdig-hoofd.png","type":"image\/png"}],"twitter_card":"summary_large_image","twitter_misc":{"Gesch\u00e4tzte Lesezeit":"1\u00a0Minute"},"schema":{"@context":"https:\/\/schema.org","@graph":[{"@type":"WebPage","@id":"https:\/\/turschwellenrampe.de\/de\/turschwellenrampen\/schwellenrampen-modular-3-seitig\/schwellenrampe-drausen-74cm-h-x-75cm-b-3-seitig\/","url":"https:\/\/turschwellenrampe.de\/de\/turschwellenrampen\/schwellenrampen-modular-3-seitig\/schwellenrampe-drausen-74cm-h-x-75cm-b-3-seitig\/","name":"Schwellenrampe Drau\u00dfen 7,4cm (H) x 75cm (B), 3-seitig - Turschwellenrampe.de","isPartOf":{"@id":"https:\/\/turschwellenrampe.de\/de\/#website"},"primaryImageOfPage":{"@id":"https:\/\/turschwellenrampe.de\/de\/turschwellenrampen\/schwellenrampen-modular-3-seitig\/schwellenrampe-drausen-74cm-h-x-75cm-b-3-seitig\/#primaryimage"},"image":{"@id":"https:\/\/turschwellenrampe.de\/de\/turschwellenrampen\/schwellenrampen-modular-3-seitig\/schwellenrampe-drausen-74cm-h-x-75cm-b-3-seitig\/#primaryimage"},"thumbnailUrl":"https:\/\/turschwellenrampe.de\/wp-content\/uploads\/2020\/03\/3-zijdig-hoofd.png","datePublished":"2020-03-19T14:19:29+00:00","dateModified":"2024-01-18T16:45:36+00:00","breadcrumb":{"@id":"https:\/\/turschwellenrampe.de\/de\/turschwellenrampen\/schwellenrampen-modular-3-seitig\/schwellenrampe-drausen-74cm-h-x-75cm-b-3-seitig\/#breadcrumb"},"inLanguage":"de","potentialAction":[{"@type":"ReadAction","target":["https:\/\/turschwellenrampe.de\/de\/turschwellenrampen\/schwellenrampen-modular-3-seitig\/schwellenrampe-drausen-74cm-h-x-75cm-b-3-seitig\/"]}]},{"@type":"ImageObject","inLanguage":"de","@id":"https:\/\/turschwellenrampe.de\/de\/turschwellenrampen\/schwellenrampen-modular-3-seitig\/schwellenrampe-drausen-74cm-h-x-75cm-b-3-seitig\/#primaryimage","url":"https:\/\/turschwellenrampe.de\/wp-content\/uploads\/2020\/03\/3-zijdig-hoofd.png","contentUrl":"https:\/\/turschwellenrampe.de\/wp-content\/uploads\/2020\/03\/3-zijdig-hoofd.png","width":450,"height":450},{"@type":"BreadcrumbList","@id":"https:\/\/turschwellenrampe.de\/de\/turschwellenrampen\/schwellenrampen-modular-3-seitig\/schwellenrampe-drausen-74cm-h-x-75cm-b-3-seitig\/#breadcrumb","itemListElement":[{"@type":"ListItem","position":1,"name":"Home","item":"https:\/\/turschwellenrampe.de\/de\/"},{"@type":"ListItem","position":2,"name":"Shop","item":"https:\/\/turschwellenrampe.de\/de\/geschaft\/"},{"@type":"ListItem","position":3,"name":"Schwellenrampe Drau\u00dfen 7,4cm (H) x 75cm (B), 3-seitig"}]},{"@type":"WebSite","@id":"https:\/\/turschwellenrampe.de\/de\/#website","url":"https:\/\/turschwellenrampe.de\/de\/","name":"Turschwellenrampe.de","description":"De Specialist in Toegankelijkheid","potentialAction":[{"@type":"SearchAction","target":{"@type":"EntryPoint","urlTemplate":"https:\/\/turschwellenrampe.de\/de\/?s={search_term_string}"},"query-input":{"@type":"PropertyValueSpecification","valueRequired":true,"valueName":"search_term_string"}}],"inLanguage":"de"}]}},"_links":{"self":[{"href":"https:\/\/turschwellenrampe.de\/de\/wp-json\/wp\/v2\/product\/12888","targetHints":{"allow":["GET"]}}],"collection":[{"href":"https:\/\/turschwellenrampe.de\/de\/wp-json\/wp\/v2\/product"}],"about":[{"href":"https:\/\/turschwellenrampe.de\/de\/wp-json\/wp\/v2\/types\/product"}],"replies":[{"embeddable":true,"href":"https:\/\/turschwellenrampe.de\/de\/wp-json\/wp\/v2\/comments?post=12888"}],"wp:featuredmedia":[{"embeddable":true,"href":"https:\/\/turschwellenrampe.de\/de\/wp-json\/wp\/v2\/media\/11869"}],"wp:attachment":[{"href":"https:\/\/turschwellenrampe.de\/de\/wp-json\/wp\/v2\/media?parent=12888"}],"wp:term":[{"taxonomy":"product_brand","embeddable":true,"href":"https:\/\/turschwellenrampe.de\/de\/wp-json\/wp\/v2\/product_brand?post=12888"},{"taxonomy":"product_cat","embeddable":true,"href":"https:\/\/turschwellenrampe.de\/de\/wp-json\/wp\/v2\/product_cat?post=12888"},{"taxonomy":"product_tag","embeddable":true,"href":"https:\/\/turschwellenrampe.de\/de\/wp-json\/wp\/v2\/product_tag?post=12888"}],"curies":[{"name":"wp","href":"https:\/\/api.w.org\/{rel}","templated":true}]}}