{"id":12887,"date":"2020-03-19T15:19:38","date_gmt":"2020-03-19T14:19:38","guid":{"rendered":"https:\/\/turschwellenrampe.de\/shop\/unkategorisiert\/stepless-lite-rollstuhlrampe-165-cm\/"},"modified":"2026-03-09T15:36:38","modified_gmt":"2026-03-09T14:36:38","slug":"stepless-lite-rollstuhlrampe-165-cm","status":"publish","type":"product","link":"https:\/\/turschwellenrampe.de\/de\/rollstuhlrampen\/rollstuhlrampe-leichtgewicht\/stepless-lite-rollstuhlrampe-165-cm\/","title":{"rendered":"Stepless Lite Rollstuhlrampe &#8211; 165 cm"},"content":{"rendered":"<h2><span style=\"font-size: 18pt;\">Beschreibung Leichte Rollstuhlrampe:<\/span><\/h2>\n<p>Stepless Lite <strong>Rollstuhlrampe<\/strong>&#8211; 165 cm lang. Sehr leicht, nur 7,5 kg. Das verwendete Material (<strong>Kohlefaser<\/strong>) macht diese Rollstuhlrampe zur leichtesten auf dem Markt. Maximale Belastung 300 kg.<\/p>\n<p><strong>Vorteile:<\/strong><\/p>\n<ul>\n<li>Sehr leichtes Gewicht<\/li>\n<li>Einfach zu transportieren<\/li>\n<li>Erh\u00e4ltlich in verschiedenen Gr\u00f6\u00dfen<\/li>\n<li>Einfach zu benutzen<\/li>\n<li>Sehr starkes Material<\/li>\n<li>Hohes Sicherheitsniveau<\/li>\n<\/ul>\n<p><strong>Gr\u00f6\u00dfen:<\/strong><\/p>\n<ul>\n<li>L\u00e4nge: 165 cm<\/li>\n<li>Breite: 78 cm<\/li>\n<\/ul>\n<p><strong>Material:<\/strong><\/p>\n<ul>\n<li>Kohlefaser<\/li>\n<li>Maximale Tragf\u00e4higkeit: 300 kg<\/li>\n<li>Gewicht: 7.5 kg<\/li>\n<\/ul>\n<p><strong>Maximale Auffahrh\u00f6he:<\/strong><\/p>\n<ul>\n<li>Unabh\u00e4ngige Benutzer von manuellen Rollst\u00fchlen: 23,7 cm (1:7)<\/li>\n<li>Geschoben von einer Pflegekraft und einem elektrischen Rollstuhl: 33 cm (1:5)<\/li>\n<\/ul>\n<p><a href=\"https:\/\/turschwellenrampe.de\/drempelhulp-uitleg-pagina\/\" target=\"_blank\" rel=\"noopener noreferrer\" data-href=\"#PAGE-LINK:68#\">&gt; Ben\u00f6tigen Sie Hilfe bei der Auswahl der richtigen Rampenl\u00e4nge?<\/a><\/p>\n","protected":false},"excerpt":{"rendered":"<p>Der Vorteil von <strong>Stepless Lite<\/strong> gegen\u00fcber <strong>Aluminiumrampen<\/strong>ist der Gewichtsunterschied.<br \/>\nDer Stepless Lite Rollstuhlrampe ist aus leichter <strong>Kohlefaser<\/strong>gefertigt und daher einfacher zu handhaben.<br \/>\nDer Stepless Lite Rollstuhlrampe ist au\u00dferdem mit einer rutschfesten Oberfl\u00e4che ausgestattet.<\/p>\n<div id=\"page\">\n<div id=\"main\">\n<div id=\"content\">\n<div class=\"inner_left\">\n<ul>\n<li>L\u00e4nge: 1650 mm<\/li>\n<li>Innenma\u00dfe : 730 mm<\/li>\n<li>Zusammengeklappt: 365 mm<\/li>\n<li>Dicke gefaltet : 38 mm<\/li>\n<li>Maximaler H\u00f6henbereich: 330 mm (1:5)<\/li>\n<li>Gewicht : 7,5 kg<\/li>\n<li>Max. Belastung: 300 kg<\/li>\n<\/ul>\n<\/div>\n<\/div>\n<\/div>\n<\/div>\n","protected":false},"featured_media":10820,"comment_status":"open","ping_status":"closed","template":"","meta":[],"product_brand":[],"product_cat":[533],"product_tag":[573,577],"class_list":{"0":"post-12887","1":"product","2":"type-product","3":"status-publish","4":"has-post-thumbnail","6":"product_cat-rollstuhlrampe-leichtgewicht","7":"product_tag-hohe-22-bis-24-cm","8":"product_tag-hohe-32-bis-34-cm","10":"first","11":"instock","12":"taxable","13":"shipping-taxable","14":"purchasable","15":"product-type-simple"},"yoast_head":"<!-- This site is optimized with the Yoast SEO plugin v27.3 - https:\/\/yoast.com\/product\/yoast-seo-wordpress\/ -->\n<title>Stepless Lite Rollstuhlrampe - 165 cm - Turschwellenrampe.de<\/title>\n<meta name=\"robots\" content=\"index, follow, max-snippet:-1, max-image-preview:large, max-video-preview:-1\" \/>\n<link rel=\"canonical\" href=\"https:\/\/turschwellenrampe.de\/de\/rollstuhlrampen\/rollstuhlrampe-leichtgewicht\/stepless-lite-rollstuhlrampe-165-cm\/\" \/>\n<meta property=\"og:locale\" content=\"de_DE\" \/>\n<meta property=\"og:type\" content=\"article\" \/>\n<meta property=\"og:title\" content=\"Stepless Lite Rollstuhlrampe - 165 cm - Turschwellenrampe.de\" \/>\n<meta property=\"og:description\" content=\"Der Vorteil von Stepless Lite gegen\u00fcber Aluminiumrampenist der Gewichtsunterschied. Der Stepless Lite Rollstuhlrampe ist aus leichter Kohlefasergefertigt und daher einfacher zu handhaben. Der Stepless Lite Rollstuhlrampe ist au\u00dferdem mit einer rutschfesten Oberfl\u00e4che ausgestattet.    L\u00e4nge: 1650 mm  Innenma\u00dfe : 730 mm  Zusammengeklappt: 365 mm  Dicke gefaltet : 38 mm  Maximaler H\u00f6henbereich: 330 mm (1:5)  Gewicht : 7,5 kg  Max. Belastung: 300 kg\" \/>\n<meta property=\"og:url\" content=\"https:\/\/turschwellenrampe.de\/de\/rollstuhlrampen\/rollstuhlrampe-leichtgewicht\/stepless-lite-rollstuhlrampe-165-cm\/\" \/>\n<meta property=\"og:site_name\" content=\"Turschwellenrampe.de\" \/>\n<meta property=\"article:publisher\" content=\"https:\/\/www.facebook.com\/Drempelhulp\/\" \/>\n<meta property=\"article:modified_time\" content=\"2026-03-09T14:36:38+00:00\" \/>\n<meta property=\"og:image\" content=\"https:\/\/turschwellenrampe.de\/wp-content\/uploads\/2020\/03\/stepless-guldmann04.jpg\" \/>\n\t<meta property=\"og:image:width\" content=\"975\" \/>\n\t<meta property=\"og:image:height\" content=\"649\" \/>\n\t<meta property=\"og:image:type\" content=\"image\/jpeg\" \/>\n<meta name=\"twitter:card\" content=\"summary_large_image\" \/>\n<script type=\"application\/ld+json\" class=\"yoast-schema-graph\">{\"@context\":\"https:\\\/\\\/schema.org\",\"@graph\":[{\"@type\":\"WebPage\",\"@id\":\"https:\\\/\\\/turschwellenrampe.de\\\/de\\\/rollstuhlrampen\\\/rollstuhlrampe-leichtgewicht\\\/stepless-lite-rollstuhlrampe-165-cm\\\/\",\"url\":\"https:\\\/\\\/turschwellenrampe.de\\\/de\\\/rollstuhlrampen\\\/rollstuhlrampe-leichtgewicht\\\/stepless-lite-rollstuhlrampe-165-cm\\\/\",\"name\":\"Stepless Lite Rollstuhlrampe - 165 cm - Turschwellenrampe.de\",\"isPartOf\":{\"@id\":\"https:\\\/\\\/turschwellenrampe.de\\\/de\\\/#website\"},\"primaryImageOfPage\":{\"@id\":\"https:\\\/\\\/turschwellenrampe.de\\\/de\\\/rollstuhlrampen\\\/rollstuhlrampe-leichtgewicht\\\/stepless-lite-rollstuhlrampe-165-cm\\\/#primaryimage\"},\"image\":{\"@id\":\"https:\\\/\\\/turschwellenrampe.de\\\/de\\\/rollstuhlrampen\\\/rollstuhlrampe-leichtgewicht\\\/stepless-lite-rollstuhlrampe-165-cm\\\/#primaryimage\"},\"thumbnailUrl\":\"https:\\\/\\\/turschwellenrampe.de\\\/wp-content\\\/uploads\\\/2020\\\/03\\\/stepless-guldmann04.jpg\",\"datePublished\":\"2020-03-19T14:19:38+00:00\",\"dateModified\":\"2026-03-09T14:36:38+00:00\",\"breadcrumb\":{\"@id\":\"https:\\\/\\\/turschwellenrampe.de\\\/de\\\/rollstuhlrampen\\\/rollstuhlrampe-leichtgewicht\\\/stepless-lite-rollstuhlrampe-165-cm\\\/#breadcrumb\"},\"inLanguage\":\"de\",\"potentialAction\":[{\"@type\":\"ReadAction\",\"target\":[\"https:\\\/\\\/turschwellenrampe.de\\\/de\\\/rollstuhlrampen\\\/rollstuhlrampe-leichtgewicht\\\/stepless-lite-rollstuhlrampe-165-cm\\\/\"]}]},{\"@type\":\"ImageObject\",\"inLanguage\":\"de\",\"@id\":\"https:\\\/\\\/turschwellenrampe.de\\\/de\\\/rollstuhlrampen\\\/rollstuhlrampe-leichtgewicht\\\/stepless-lite-rollstuhlrampe-165-cm\\\/#primaryimage\",\"url\":\"https:\\\/\\\/turschwellenrampe.de\\\/wp-content\\\/uploads\\\/2020\\\/03\\\/stepless-guldmann04.jpg\",\"contentUrl\":\"https:\\\/\\\/turschwellenrampe.de\\\/wp-content\\\/uploads\\\/2020\\\/03\\\/stepless-guldmann04.jpg\",\"width\":975,\"height\":649},{\"@type\":\"BreadcrumbList\",\"@id\":\"https:\\\/\\\/turschwellenrampe.de\\\/de\\\/rollstuhlrampen\\\/rollstuhlrampe-leichtgewicht\\\/stepless-lite-rollstuhlrampe-165-cm\\\/#breadcrumb\",\"itemListElement\":[{\"@type\":\"ListItem\",\"position\":1,\"name\":\"Home\",\"item\":\"https:\\\/\\\/turschwellenrampe.de\\\/de\\\/\"},{\"@type\":\"ListItem\",\"position\":2,\"name\":\"Shop\",\"item\":\"https:\\\/\\\/turschwellenrampe.de\\\/de\\\/geschaft\\\/\"},{\"@type\":\"ListItem\",\"position\":3,\"name\":\"Stepless Lite Rollstuhlrampe &#8211; 165 cm\"}]},{\"@type\":\"WebSite\",\"@id\":\"https:\\\/\\\/turschwellenrampe.de\\\/de\\\/#website\",\"url\":\"https:\\\/\\\/turschwellenrampe.de\\\/de\\\/\",\"name\":\"Turschwellenrampe.de\",\"description\":\"De Specialist in Toegankelijkheid\",\"potentialAction\":[{\"@type\":\"SearchAction\",\"target\":{\"@type\":\"EntryPoint\",\"urlTemplate\":\"https:\\\/\\\/turschwellenrampe.de\\\/de\\\/?s={search_term_string}\"},\"query-input\":{\"@type\":\"PropertyValueSpecification\",\"valueRequired\":true,\"valueName\":\"search_term_string\"}}],\"inLanguage\":\"de\"}]}<\/script>\n<!-- \/ Yoast SEO plugin. -->","yoast_head_json":{"title":"Stepless Lite Rollstuhlrampe - 165 cm - Turschwellenrampe.de","robots":{"index":"index","follow":"follow","max-snippet":"max-snippet:-1","max-image-preview":"max-image-preview:large","max-video-preview":"max-video-preview:-1"},"canonical":"https:\/\/turschwellenrampe.de\/de\/rollstuhlrampen\/rollstuhlrampe-leichtgewicht\/stepless-lite-rollstuhlrampe-165-cm\/","og_locale":"de_DE","og_type":"article","og_title":"Stepless Lite Rollstuhlrampe - 165 cm - Turschwellenrampe.de","og_description":"Der Vorteil von Stepless Lite gegen\u00fcber Aluminiumrampenist der Gewichtsunterschied. Der Stepless Lite Rollstuhlrampe ist aus leichter Kohlefasergefertigt und daher einfacher zu handhaben. Der Stepless Lite Rollstuhlrampe ist au\u00dferdem mit einer rutschfesten Oberfl\u00e4che ausgestattet.    L\u00e4nge: 1650 mm  Innenma\u00dfe : 730 mm  Zusammengeklappt: 365 mm  Dicke gefaltet : 38 mm  Maximaler H\u00f6henbereich: 330 mm (1:5)  Gewicht : 7,5 kg  Max. Belastung: 300 kg","og_url":"https:\/\/turschwellenrampe.de\/de\/rollstuhlrampen\/rollstuhlrampe-leichtgewicht\/stepless-lite-rollstuhlrampe-165-cm\/","og_site_name":"Turschwellenrampe.de","article_publisher":"https:\/\/www.facebook.com\/Drempelhulp\/","article_modified_time":"2026-03-09T14:36:38+00:00","og_image":[{"width":975,"height":649,"url":"https:\/\/turschwellenrampe.de\/wp-content\/uploads\/2020\/03\/stepless-guldmann04.jpg","type":"image\/jpeg"}],"twitter_card":"summary_large_image","schema":{"@context":"https:\/\/schema.org","@graph":[{"@type":"WebPage","@id":"https:\/\/turschwellenrampe.de\/de\/rollstuhlrampen\/rollstuhlrampe-leichtgewicht\/stepless-lite-rollstuhlrampe-165-cm\/","url":"https:\/\/turschwellenrampe.de\/de\/rollstuhlrampen\/rollstuhlrampe-leichtgewicht\/stepless-lite-rollstuhlrampe-165-cm\/","name":"Stepless Lite Rollstuhlrampe - 165 cm - Turschwellenrampe.de","isPartOf":{"@id":"https:\/\/turschwellenrampe.de\/de\/#website"},"primaryImageOfPage":{"@id":"https:\/\/turschwellenrampe.de\/de\/rollstuhlrampen\/rollstuhlrampe-leichtgewicht\/stepless-lite-rollstuhlrampe-165-cm\/#primaryimage"},"image":{"@id":"https:\/\/turschwellenrampe.de\/de\/rollstuhlrampen\/rollstuhlrampe-leichtgewicht\/stepless-lite-rollstuhlrampe-165-cm\/#primaryimage"},"thumbnailUrl":"https:\/\/turschwellenrampe.de\/wp-content\/uploads\/2020\/03\/stepless-guldmann04.jpg","datePublished":"2020-03-19T14:19:38+00:00","dateModified":"2026-03-09T14:36:38+00:00","breadcrumb":{"@id":"https:\/\/turschwellenrampe.de\/de\/rollstuhlrampen\/rollstuhlrampe-leichtgewicht\/stepless-lite-rollstuhlrampe-165-cm\/#breadcrumb"},"inLanguage":"de","potentialAction":[{"@type":"ReadAction","target":["https:\/\/turschwellenrampe.de\/de\/rollstuhlrampen\/rollstuhlrampe-leichtgewicht\/stepless-lite-rollstuhlrampe-165-cm\/"]}]},{"@type":"ImageObject","inLanguage":"de","@id":"https:\/\/turschwellenrampe.de\/de\/rollstuhlrampen\/rollstuhlrampe-leichtgewicht\/stepless-lite-rollstuhlrampe-165-cm\/#primaryimage","url":"https:\/\/turschwellenrampe.de\/wp-content\/uploads\/2020\/03\/stepless-guldmann04.jpg","contentUrl":"https:\/\/turschwellenrampe.de\/wp-content\/uploads\/2020\/03\/stepless-guldmann04.jpg","width":975,"height":649},{"@type":"BreadcrumbList","@id":"https:\/\/turschwellenrampe.de\/de\/rollstuhlrampen\/rollstuhlrampe-leichtgewicht\/stepless-lite-rollstuhlrampe-165-cm\/#breadcrumb","itemListElement":[{"@type":"ListItem","position":1,"name":"Home","item":"https:\/\/turschwellenrampe.de\/de\/"},{"@type":"ListItem","position":2,"name":"Shop","item":"https:\/\/turschwellenrampe.de\/de\/geschaft\/"},{"@type":"ListItem","position":3,"name":"Stepless Lite Rollstuhlrampe &#8211; 165 cm"}]},{"@type":"WebSite","@id":"https:\/\/turschwellenrampe.de\/de\/#website","url":"https:\/\/turschwellenrampe.de\/de\/","name":"Turschwellenrampe.de","description":"De Specialist in Toegankelijkheid","potentialAction":[{"@type":"SearchAction","target":{"@type":"EntryPoint","urlTemplate":"https:\/\/turschwellenrampe.de\/de\/?s={search_term_string}"},"query-input":{"@type":"PropertyValueSpecification","valueRequired":true,"valueName":"search_term_string"}}],"inLanguage":"de"}]}},"_links":{"self":[{"href":"https:\/\/turschwellenrampe.de\/de\/wp-json\/wp\/v2\/product\/12887","targetHints":{"allow":["GET"]}}],"collection":[{"href":"https:\/\/turschwellenrampe.de\/de\/wp-json\/wp\/v2\/product"}],"about":[{"href":"https:\/\/turschwellenrampe.de\/de\/wp-json\/wp\/v2\/types\/product"}],"replies":[{"embeddable":true,"href":"https:\/\/turschwellenrampe.de\/de\/wp-json\/wp\/v2\/comments?post=12887"}],"wp:featuredmedia":[{"embeddable":true,"href":"https:\/\/turschwellenrampe.de\/de\/wp-json\/wp\/v2\/media\/10820"}],"wp:attachment":[{"href":"https:\/\/turschwellenrampe.de\/de\/wp-json\/wp\/v2\/media?parent=12887"}],"wp:term":[{"taxonomy":"product_brand","embeddable":true,"href":"https:\/\/turschwellenrampe.de\/de\/wp-json\/wp\/v2\/product_brand?post=12887"},{"taxonomy":"product_cat","embeddable":true,"href":"https:\/\/turschwellenrampe.de\/de\/wp-json\/wp\/v2\/product_cat?post=12887"},{"taxonomy":"product_tag","embeddable":true,"href":"https:\/\/turschwellenrampe.de\/de\/wp-json\/wp\/v2\/product_tag?post=12887"}],"curies":[{"name":"wp","href":"https:\/\/api.w.org\/{rel}","templated":true}]}}