{"id":12878,"date":"2020-03-19T15:20:14","date_gmt":"2020-03-19T14:20:14","guid":{"rendered":"https:\/\/turschwellenrampe.de\/shop\/unkategorisiert\/schwellenrampe-sorte-l-1-2-tot-36cm-h-erweitert\/"},"modified":"2026-04-06T10:58:43","modified_gmt":"2026-04-06T08:58:43","slug":"schwellenrampe-sorte-l-1-2-tot-36cm-h-erweitert","status":"publish","type":"product","link":"https:\/\/turschwellenrampe.de\/de\/turschwellenrampen\/erweiterte-chwellenrampen\/schwellenrampe-sorte-l-1-2-tot-36cm-h-erweitert\/","title":{"rendered":"Schwellenrampe Sorte L 1 | 2 tot 3,6cm (H) | Erweitert"},"content":{"rendered":"<h2>Erweiterter T\u00fcrschwellenrampe Beschreibung:<\/h2>\n<p><span style=\"font-size: 10pt; font-family: arial, helvetica, sans-serif; color: black;\">Schwellenrampe bausatz mit einer l\u00e4ngeren Rampe (d.h. weniger steil) f\u00fcr den Innenbereich. <\/span><\/p>\n<p>Die Click &amp; Go Schwellenst\u00fctze ist die ideale L\u00f6sung zur \u00dcberbr\u00fcckung von niedrigen bis mittleren Hindernissen. Dieser Schwellenrampe ist komplett einsatzbereit, einschlie\u00dflich Befestigungsmaterial. Ein patentiertes System erm\u00f6glicht es Ihnen, die H\u00f6he in 8 Schritten von 2 mm einzustellen. Ideal f\u00fcr <strong>Rollst\u00fchle<\/strong>, <strong>Rollatoren<\/strong>und <strong>Scooter<\/strong>. Die T\u00fcrschwellenrampe ist f\u00fcr eine Seite, in den meisten F\u00e4llen ben\u00f6tigen Sie zwei Sets.<\/p>\n<p><strong><span style=\"font-size: 12pt;\">Vorteile f\u00fcr den Benutzer: <\/span> <\/strong><\/p>\n<ul>\n<li>Ger\u00e4uscharm<\/li>\n<li>Optimale Wasserableitung<\/li>\n<li>Robust bis zu 8000 kg\/m2<\/li>\n<li>Feuerfest bis +300 Grad<\/li>\n<li>Einfach zu installieren<\/li>\n<li>Polyethylen, 100% giftig und PVC-frei<\/li>\n<li>Farbe: Hellgrau<\/li>\n<li>5 Jahre Garantie!<\/li>\n<li>Einschlie\u00dflich Befestigungsmaterial, <a href=\"\/wp-content\/uploads\/2020\/07\/kit100zonderrampajds.pdf\" target=\"_blank\" rel=\"noopener noreferrer\">siehe Handbuch<\/a><\/li>\n<\/ul>\n<p><span style=\"font-family: arial, helvetica, sans-serif; font-size: 10pt;\"><strong>Gr\u00f6\u00dfen:<\/strong><\/span><\/p>\n<div class=\"content\">\n<ul>\n<li><span style=\"font-family: arial, helvetica, sans-serif; font-size: 10pt;\">Breite: 75 cm<\/span><\/li>\n<li><span style=\"font-family: arial, helvetica, sans-serif; font-size: 10pt;\">Tiefe: 25 cm<\/span><\/li>\n<\/ul>\n<p><span style=\"font-family: arial, helvetica, sans-serif; font-size: 10pt;\"> <strong>H\u00f6henverstellbar bis:<\/strong><\/span><\/p>\n<p>2.0 cm \/ 2,2 cm \/ 2,4 cm \/ 2,6 cm \/ 2,8 cm \/ 3 cm \/ 3,2 cm \/ 3,4 cm \/ 3,6 cm<\/p>\n<p><a href=\"\/wp-content\/uploads\/2020\/07\/Ramp-Adjuster-GBZD.pdf\" target=\"_blank\" rel=\"noopener noreferrer\" data-href=\"#FILE-LINK:2976#\">Lesen Sie mehr dar\u00fcber, wie Sie die H\u00f6he dieser Schwellenrampen dank des im Lieferumfang enthaltenen Rampeneinstellers selbst einstellen k\u00f6nnen. &gt;<\/a><\/p>\n<p>Oder schauen Sie sich das Video \u00fcber die h\u00f6henverstellbare Schwellenrampe <strong>am Ende dieser Seite<\/strong> an, um eine detaillierte Installationsanleitung zu erhalten!<\/p>\n<\/div>\n","protected":false},"excerpt":{"rendered":"<p>Schwellenrampe bausatz mit einer l\u00e4ngeren Rampe (d.h. weniger steil) f\u00fcr den Innenbereich.<\/p>\n<p>Dieser Schwellenrampe ist komplett einsatzbereit, einschlie\u00dflich Befestigungsmaterial. Durch ein patentiertes System k\u00f6nnen Sie die H\u00f6he in 8 Schritten von 2 mm einstellen. Ideal f\u00fcr <strong>Rollst\u00fchle<\/strong>, <strong>Rollatoren<\/strong>und <strong>Scooter<\/strong>. Bei der Wahl des T\u00fcrschwellenrampe f\u00fcr den Au\u00dfenbereich ist der Schwellenrampe mit einem Anti-Rutsch-System auf der Oberfl\u00e4che ausgestattet.<\/p>\n<p><strong>Spezifikationen:<\/strong><\/p>\n<ul>\n<li>Einschlie\u00dflich Befestigungsmaterial, <a href=\"\/wp-content\/uploads\/2020\/07\/kit100zonderrampajds.pdf\" target=\"_blank\" rel=\"noopener noreferrer\">siehe Handbuch<\/a><\/li>\n<li>Breite: 75 cm<\/li>\n<li>Tiefe: 25 cm<\/li>\n<li>H\u00f6he: 2 bis 3,6 cm<\/li>\n<li>Neigungswinkel: 8% bis 14,4%<\/li>\n<li>Robust bis zu 8000 kg\/m2<\/li>\n<li>Polyethylen, 100% giftig und PVC-frei<\/li>\n<li>Lieferung voll funktionsf\u00e4hig<\/li>\n<li>5 Jahre Garantie!<\/li>\n<\/ul>\n","protected":false},"featured_media":13501,"comment_status":"open","ping_status":"closed","template":"","meta":[],"product_brand":[],"product_cat":[512,513],"product_tag":[554,555],"class_list":{"0":"post-12878","1":"product","2":"type-product","3":"status-publish","4":"has-post-thumbnail","6":"product_cat-erweiterte-chwellenrampen","7":"product_cat-turschwellenrampen-modular","8":"product_tag-hohe-0-bis-2-cm","9":"product_tag-hohe-2-bis-4-cm","10":"pa_kenmerk-1-fur-den-auseneinsatz","11":"pa_kenmerk-1-fur-den-innenbereich","12":"pa_kenmerk-2-100-cm-de","13":"pa_kenmerk-2-125-cm-de","14":"pa_kenmerk-2-75-cm-de","16":"first","17":"instock","18":"taxable","19":"shipping-taxable","20":"purchasable","21":"product-type-variable","22":"has-default-attributes"},"yoast_head":"<!-- This site is optimized with the Yoast SEO plugin v27.3 - https:\/\/yoast.com\/product\/yoast-seo-wordpress\/ -->\n<title>Schwellenrampe Sorte L 1 | 2 tot 3,6cm (H) | Erweitert - Turschwellenrampe.de<\/title>\n<meta name=\"robots\" content=\"index, follow, max-snippet:-1, max-image-preview:large, max-video-preview:-1\" \/>\n<link rel=\"canonical\" href=\"https:\/\/turschwellenrampe.de\/de\/turschwellenrampen\/erweiterte-chwellenrampen\/schwellenrampe-sorte-l-1-2-tot-36cm-h-erweitert\/\" \/>\n<meta property=\"og:locale\" content=\"de_DE\" \/>\n<meta property=\"og:type\" content=\"article\" \/>\n<meta property=\"og:title\" content=\"Schwellenrampe Sorte L 1 | 2 tot 3,6cm (H) | Erweitert - Turschwellenrampe.de\" \/>\n<meta property=\"og:description\" content=\"Schwellenrampe bausatz mit einer l\u00e4ngeren Rampe (d.h. weniger steil) f\u00fcr den Innenbereich. Dieser Schwellenrampe ist komplett einsatzbereit, einschlie\u00dflich Befestigungsmaterial. Durch ein patentiertes System k\u00f6nnen Sie die H\u00f6he in 8 Schritten von 2 mm einstellen. Ideal f\u00fcr Rollst\u00fchle, Rollatorenund Scooter. Bei der Wahl des T\u00fcrschwellenrampe f\u00fcr den Au\u00dfenbereich ist der Schwellenrampe mit einem Anti-Rutsch-System auf der Oberfl\u00e4che ausgestattet. Spezifikationen:  Einschlie\u00dflich Befestigungsmaterial, siehe Handbuch  Breite: 75 cm  Tiefe: 25 cm  H\u00f6he: 2 bis 3,6 cm  Neigungswinkel: 8% bis 14,4%  Robust bis zu 8000 kg\/m2  Polyethylen, 100% giftig und PVC-frei  Lieferung voll funktionsf\u00e4hig  5 Jahre Garantie!\" \/>\n<meta property=\"og:url\" content=\"https:\/\/turschwellenrampe.de\/de\/turschwellenrampen\/erweiterte-chwellenrampen\/schwellenrampe-sorte-l-1-2-tot-36cm-h-erweitert\/\" \/>\n<meta property=\"og:site_name\" content=\"Turschwellenrampe.de\" \/>\n<meta property=\"article:publisher\" content=\"https:\/\/www.facebook.com\/Drempelhulp\/\" \/>\n<meta property=\"article:modified_time\" content=\"2026-04-06T08:58:43+00:00\" \/>\n<meta property=\"og:image\" content=\"https:\/\/turschwellenrampe.de\/wp-content\/uploads\/2020\/03\/Set2-1.jpg\" \/>\n\t<meta property=\"og:image:width\" content=\"1250\" \/>\n\t<meta property=\"og:image:height\" content=\"1258\" \/>\n\t<meta property=\"og:image:type\" content=\"image\/jpeg\" \/>\n<meta name=\"twitter:card\" content=\"summary_large_image\" \/>\n<meta name=\"twitter:label1\" content=\"Gesch\u00e4tzte Lesezeit\" \/>\n\t<meta name=\"twitter:data1\" content=\"1\u00a0Minute\" \/>\n<script type=\"application\/ld+json\" class=\"yoast-schema-graph\">{\"@context\":\"https:\\\/\\\/schema.org\",\"@graph\":[{\"@type\":\"WebPage\",\"@id\":\"https:\\\/\\\/turschwellenrampe.de\\\/de\\\/turschwellenrampen\\\/erweiterte-chwellenrampen\\\/schwellenrampe-sorte-l-1-2-tot-36cm-h-erweitert\\\/\",\"url\":\"https:\\\/\\\/turschwellenrampe.de\\\/de\\\/turschwellenrampen\\\/erweiterte-chwellenrampen\\\/schwellenrampe-sorte-l-1-2-tot-36cm-h-erweitert\\\/\",\"name\":\"Schwellenrampe Sorte L 1 | 2 tot 3,6cm (H) | Erweitert - Turschwellenrampe.de\",\"isPartOf\":{\"@id\":\"https:\\\/\\\/turschwellenrampe.de\\\/de\\\/#website\"},\"primaryImageOfPage\":{\"@id\":\"https:\\\/\\\/turschwellenrampe.de\\\/de\\\/turschwellenrampen\\\/erweiterte-chwellenrampen\\\/schwellenrampe-sorte-l-1-2-tot-36cm-h-erweitert\\\/#primaryimage\"},\"image\":{\"@id\":\"https:\\\/\\\/turschwellenrampe.de\\\/de\\\/turschwellenrampen\\\/erweiterte-chwellenrampen\\\/schwellenrampe-sorte-l-1-2-tot-36cm-h-erweitert\\\/#primaryimage\"},\"thumbnailUrl\":\"https:\\\/\\\/turschwellenrampe.de\\\/wp-content\\\/uploads\\\/2020\\\/03\\\/Set2-1.jpg\",\"datePublished\":\"2020-03-19T14:20:14+00:00\",\"dateModified\":\"2026-04-06T08:58:43+00:00\",\"breadcrumb\":{\"@id\":\"https:\\\/\\\/turschwellenrampe.de\\\/de\\\/turschwellenrampen\\\/erweiterte-chwellenrampen\\\/schwellenrampe-sorte-l-1-2-tot-36cm-h-erweitert\\\/#breadcrumb\"},\"inLanguage\":\"de\",\"potentialAction\":[{\"@type\":\"ReadAction\",\"target\":[\"https:\\\/\\\/turschwellenrampe.de\\\/de\\\/turschwellenrampen\\\/erweiterte-chwellenrampen\\\/schwellenrampe-sorte-l-1-2-tot-36cm-h-erweitert\\\/\"]}]},{\"@type\":\"ImageObject\",\"inLanguage\":\"de\",\"@id\":\"https:\\\/\\\/turschwellenrampe.de\\\/de\\\/turschwellenrampen\\\/erweiterte-chwellenrampen\\\/schwellenrampe-sorte-l-1-2-tot-36cm-h-erweitert\\\/#primaryimage\",\"url\":\"https:\\\/\\\/turschwellenrampe.de\\\/wp-content\\\/uploads\\\/2020\\\/03\\\/Set2-1.jpg\",\"contentUrl\":\"https:\\\/\\\/turschwellenrampe.de\\\/wp-content\\\/uploads\\\/2020\\\/03\\\/Set2-1.jpg\",\"width\":1250,\"height\":1258},{\"@type\":\"BreadcrumbList\",\"@id\":\"https:\\\/\\\/turschwellenrampe.de\\\/de\\\/turschwellenrampen\\\/erweiterte-chwellenrampen\\\/schwellenrampe-sorte-l-1-2-tot-36cm-h-erweitert\\\/#breadcrumb\",\"itemListElement\":[{\"@type\":\"ListItem\",\"position\":1,\"name\":\"Home\",\"item\":\"https:\\\/\\\/turschwellenrampe.de\\\/de\\\/\"},{\"@type\":\"ListItem\",\"position\":2,\"name\":\"Shop\",\"item\":\"https:\\\/\\\/turschwellenrampe.de\\\/de\\\/geschaft\\\/\"},{\"@type\":\"ListItem\",\"position\":3,\"name\":\"Schwellenrampe Sorte L 1 | 2 tot 3,6cm (H) | Erweitert\"}]},{\"@type\":\"WebSite\",\"@id\":\"https:\\\/\\\/turschwellenrampe.de\\\/de\\\/#website\",\"url\":\"https:\\\/\\\/turschwellenrampe.de\\\/de\\\/\",\"name\":\"Turschwellenrampe.de\",\"description\":\"De Specialist in Toegankelijkheid\",\"potentialAction\":[{\"@type\":\"SearchAction\",\"target\":{\"@type\":\"EntryPoint\",\"urlTemplate\":\"https:\\\/\\\/turschwellenrampe.de\\\/de\\\/?s={search_term_string}\"},\"query-input\":{\"@type\":\"PropertyValueSpecification\",\"valueRequired\":true,\"valueName\":\"search_term_string\"}}],\"inLanguage\":\"de\"}]}<\/script>\n<!-- \/ Yoast SEO plugin. -->","yoast_head_json":{"title":"Schwellenrampe Sorte L 1 | 2 tot 3,6cm (H) | Erweitert - Turschwellenrampe.de","robots":{"index":"index","follow":"follow","max-snippet":"max-snippet:-1","max-image-preview":"max-image-preview:large","max-video-preview":"max-video-preview:-1"},"canonical":"https:\/\/turschwellenrampe.de\/de\/turschwellenrampen\/erweiterte-chwellenrampen\/schwellenrampe-sorte-l-1-2-tot-36cm-h-erweitert\/","og_locale":"de_DE","og_type":"article","og_title":"Schwellenrampe Sorte L 1 | 2 tot 3,6cm (H) | Erweitert - Turschwellenrampe.de","og_description":"Schwellenrampe bausatz mit einer l\u00e4ngeren Rampe (d.h. weniger steil) f\u00fcr den Innenbereich. Dieser Schwellenrampe ist komplett einsatzbereit, einschlie\u00dflich Befestigungsmaterial. Durch ein patentiertes System k\u00f6nnen Sie die H\u00f6he in 8 Schritten von 2 mm einstellen. Ideal f\u00fcr Rollst\u00fchle, Rollatorenund Scooter. Bei der Wahl des T\u00fcrschwellenrampe f\u00fcr den Au\u00dfenbereich ist der Schwellenrampe mit einem Anti-Rutsch-System auf der Oberfl\u00e4che ausgestattet. Spezifikationen:  Einschlie\u00dflich Befestigungsmaterial, siehe Handbuch  Breite: 75 cm  Tiefe: 25 cm  H\u00f6he: 2 bis 3,6 cm  Neigungswinkel: 8% bis 14,4%  Robust bis zu 8000 kg\/m2  Polyethylen, 100% giftig und PVC-frei  Lieferung voll funktionsf\u00e4hig  5 Jahre Garantie!","og_url":"https:\/\/turschwellenrampe.de\/de\/turschwellenrampen\/erweiterte-chwellenrampen\/schwellenrampe-sorte-l-1-2-tot-36cm-h-erweitert\/","og_site_name":"Turschwellenrampe.de","article_publisher":"https:\/\/www.facebook.com\/Drempelhulp\/","article_modified_time":"2026-04-06T08:58:43+00:00","og_image":[{"width":1250,"height":1258,"url":"https:\/\/turschwellenrampe.de\/wp-content\/uploads\/2020\/03\/Set2-1.jpg","type":"image\/jpeg"}],"twitter_card":"summary_large_image","twitter_misc":{"Gesch\u00e4tzte Lesezeit":"1\u00a0Minute"},"schema":{"@context":"https:\/\/schema.org","@graph":[{"@type":"WebPage","@id":"https:\/\/turschwellenrampe.de\/de\/turschwellenrampen\/erweiterte-chwellenrampen\/schwellenrampe-sorte-l-1-2-tot-36cm-h-erweitert\/","url":"https:\/\/turschwellenrampe.de\/de\/turschwellenrampen\/erweiterte-chwellenrampen\/schwellenrampe-sorte-l-1-2-tot-36cm-h-erweitert\/","name":"Schwellenrampe Sorte L 1 | 2 tot 3,6cm (H) | Erweitert - Turschwellenrampe.de","isPartOf":{"@id":"https:\/\/turschwellenrampe.de\/de\/#website"},"primaryImageOfPage":{"@id":"https:\/\/turschwellenrampe.de\/de\/turschwellenrampen\/erweiterte-chwellenrampen\/schwellenrampe-sorte-l-1-2-tot-36cm-h-erweitert\/#primaryimage"},"image":{"@id":"https:\/\/turschwellenrampe.de\/de\/turschwellenrampen\/erweiterte-chwellenrampen\/schwellenrampe-sorte-l-1-2-tot-36cm-h-erweitert\/#primaryimage"},"thumbnailUrl":"https:\/\/turschwellenrampe.de\/wp-content\/uploads\/2020\/03\/Set2-1.jpg","datePublished":"2020-03-19T14:20:14+00:00","dateModified":"2026-04-06T08:58:43+00:00","breadcrumb":{"@id":"https:\/\/turschwellenrampe.de\/de\/turschwellenrampen\/erweiterte-chwellenrampen\/schwellenrampe-sorte-l-1-2-tot-36cm-h-erweitert\/#breadcrumb"},"inLanguage":"de","potentialAction":[{"@type":"ReadAction","target":["https:\/\/turschwellenrampe.de\/de\/turschwellenrampen\/erweiterte-chwellenrampen\/schwellenrampe-sorte-l-1-2-tot-36cm-h-erweitert\/"]}]},{"@type":"ImageObject","inLanguage":"de","@id":"https:\/\/turschwellenrampe.de\/de\/turschwellenrampen\/erweiterte-chwellenrampen\/schwellenrampe-sorte-l-1-2-tot-36cm-h-erweitert\/#primaryimage","url":"https:\/\/turschwellenrampe.de\/wp-content\/uploads\/2020\/03\/Set2-1.jpg","contentUrl":"https:\/\/turschwellenrampe.de\/wp-content\/uploads\/2020\/03\/Set2-1.jpg","width":1250,"height":1258},{"@type":"BreadcrumbList","@id":"https:\/\/turschwellenrampe.de\/de\/turschwellenrampen\/erweiterte-chwellenrampen\/schwellenrampe-sorte-l-1-2-tot-36cm-h-erweitert\/#breadcrumb","itemListElement":[{"@type":"ListItem","position":1,"name":"Home","item":"https:\/\/turschwellenrampe.de\/de\/"},{"@type":"ListItem","position":2,"name":"Shop","item":"https:\/\/turschwellenrampe.de\/de\/geschaft\/"},{"@type":"ListItem","position":3,"name":"Schwellenrampe Sorte L 1 | 2 tot 3,6cm (H) | Erweitert"}]},{"@type":"WebSite","@id":"https:\/\/turschwellenrampe.de\/de\/#website","url":"https:\/\/turschwellenrampe.de\/de\/","name":"Turschwellenrampe.de","description":"De Specialist in Toegankelijkheid","potentialAction":[{"@type":"SearchAction","target":{"@type":"EntryPoint","urlTemplate":"https:\/\/turschwellenrampe.de\/de\/?s={search_term_string}"},"query-input":{"@type":"PropertyValueSpecification","valueRequired":true,"valueName":"search_term_string"}}],"inLanguage":"de"}]}},"_links":{"self":[{"href":"https:\/\/turschwellenrampe.de\/de\/wp-json\/wp\/v2\/product\/12878","targetHints":{"allow":["GET"]}}],"collection":[{"href":"https:\/\/turschwellenrampe.de\/de\/wp-json\/wp\/v2\/product"}],"about":[{"href":"https:\/\/turschwellenrampe.de\/de\/wp-json\/wp\/v2\/types\/product"}],"replies":[{"embeddable":true,"href":"https:\/\/turschwellenrampe.de\/de\/wp-json\/wp\/v2\/comments?post=12878"}],"wp:featuredmedia":[{"embeddable":true,"href":"https:\/\/turschwellenrampe.de\/de\/wp-json\/wp\/v2\/media\/13501"}],"wp:attachment":[{"href":"https:\/\/turschwellenrampe.de\/de\/wp-json\/wp\/v2\/media?parent=12878"}],"wp:term":[{"taxonomy":"product_brand","embeddable":true,"href":"https:\/\/turschwellenrampe.de\/de\/wp-json\/wp\/v2\/product_brand?post=12878"},{"taxonomy":"product_cat","embeddable":true,"href":"https:\/\/turschwellenrampe.de\/de\/wp-json\/wp\/v2\/product_cat?post=12878"},{"taxonomy":"product_tag","embeddable":true,"href":"https:\/\/turschwellenrampe.de\/de\/wp-json\/wp\/v2\/product_tag?post=12878"}],"curies":[{"name":"wp","href":"https:\/\/api.w.org\/{rel}","templated":true}]}}