{"id":12859,"date":"2020-03-19T15:25:20","date_gmt":"2020-03-19T14:25:20","guid":{"rendered":"https:\/\/turschwellenrampe.de\/shop\/unkategorisiert\/teleskopische-schienenrampe-183cm\/"},"modified":"2026-04-10T12:42:37","modified_gmt":"2026-04-10T10:42:37","slug":"faltbare-rollstuhlrampe-183cm","status":"publish","type":"product","link":"https:\/\/turschwellenrampe.de\/de\/rollstuhlrampen\/faltbare-rollstuhlrampen\/faltbare-rollstuhlrampe-183cm\/","title":{"rendered":"Faltbare Rollstuhlrampe &#8211; 183cm"},"content":{"rendered":"<h2><span style=\"font-size: 18pt;\">Beschreibung Faltbare Rollstuhlrampe:<\/span><\/h2>\n<p>Diese praktische Faltbare <strong>Rollstuhlrampe<\/strong>ist f\u00fcr viele Zwecke geeignet! Dank der extra breiten Bauweise k\u00f6nnen Sie mit Ihrem <strong>Mobilit\u00e4tsroller<\/strong>oder <strong>Rollstuhl<\/strong>problemlos \u00fcber jede Bordsteinkante oder Schwelle fahren. Die l\u00e4ngere Bauweise der <strong>Rampe<\/strong>erm\u00f6glicht es Ihnen, h\u00f6here Hindernisse zu \u00fcberwinden. Erh\u00f6hte Kanten auf beiden Seiten, um zu verhindern, dass Sie versehentlich neben die Rollstuhlrampe fallen.<\/p>\n<p><span style=\"font-size: 10.0pt; font-family: 'Arial','sans-serif'; color: black;\">Ein einzigartiges Merkmal der Rampe ist, dass sie an der<\/span><span style=\"font-size: 10.0pt; font-family: 'Arial','sans-serif'; color: black;\"> Oberfl\u00e4che v\u00f6llig scharnierfrei ist. Das bedeutet, dass Scharniere nicht im Weg sein k\u00f6nnen, wenn Sie mit Ihrem Rollstuhl, Rollator oder Scooter die Rampe hinauffahren, und dass Sie auch nicht versehentlich \u00fcber etwas stolpern k\u00f6nnen, wenn Sie die Rollstuhlrampe hinaufgehen.<\/span><\/p>\n<p><strong><span style=\"font-size: 12pt;\">Spezifikationen:<\/span><\/strong><\/p>\n<ul>\n<li><span style=\"font-size: 12pt;\">Zusammenklappbares Design f\u00fcr einfache Lagerung und Transport<\/span><\/li>\n<li><span style=\"font-size: 12pt;\">Maximale Gewichtskapazit\u00e4t: 275 kg<\/span><\/li>\n<li><span style=\"font-size: 12pt;\">L\u00e4nge 1830 mm<\/span><\/li>\n<li><span style=\"font-size: 12pt;\">Breite im ausgeklappten Zustand: 715 mm<\/span><\/li>\n<li><span style=\"font-size: 12pt;\">Maximale H\u00f6he: 300 mm<\/span><\/li>\n<li><span style=\"font-size: 12pt;\">Gewicht: 15,8 kg<\/span><\/li>\n<\/ul>\n<p><span style=\"display: inline !important; float: none; background-color: #ffffff; color: #333333; cursor: text; font-family: Georgia,'Times New Roman','Bitstream Charter',Times,serif; font-size: 16px; font-style: normal; font-variant: normal; font-weight: 400; letter-spacing: normal; orphans: 2; text-align: left; text-decoration: none; text-indent: 0px; text-transform: none; -webkit-text-stroke-width: 0px; white-space: normal; word-spacing: 0px;\"> <\/span><iframe src=\"https:\/\/www.youtube.com\/embed\/3y1CBDDpHdQ\" width=\"560\" height=\"315\" frameborder=\"0\" allowfullscreen=\"allowfullscreen\"><\/iframe><\/p>\n<p><strong>Maximale Auffahrh\u00f6he:<\/strong><\/p>\n<ul>\n<li>Unabh\u00e4ngige Benutzer von manuellen Rollst\u00fchlen: 26,1 cm (1:7)<\/li>\n<li>Geschoben von einer Pflegekraft und einem elektrischen Rollstuhl: 36,6 cm (1:5)<\/li>\n<\/ul>\n<p><a href=\"https:\/\/turschwellenrampe.de\/drempelhulp-uitleg-pagina\/\" target=\"_blank\" rel=\"noopener noreferrer\" data-href=\"#PAGE-LINK:68#\">&gt; Ben\u00f6tigen Sie Hilfe bei der Auswahl der richtigen Rampenl\u00e4nge?<\/a><\/p>\n","protected":false},"excerpt":{"rendered":"<p>Eines der einzigartigen Merkmale dieser Rollstuhlrampe ist, dass sie an der Oberfl\u00e4che v\u00f6llig scharnierfrei ist, was bedeutet, dass Scharniere nicht im Weg sein k\u00f6nnen, wenn Sie mit Ihrem Rollstuhl, Rollator oder Mobilit\u00e4tsroller die Rampe hinauffahren, noch k\u00f6nnen Sie versehentlich \u00fcber etwas stolpern, wenn Sie die Rampe hinaufgehen.<\/p>\n<p><strong>Spezifikationen:<\/strong><\/p>\n<ul>\n<li>Maximale Kapazit\u00e4t: 275 kg<\/li>\n<li>L\u00e4nge: 183 cm<\/li>\n<li>Breite: 71,5 cm<\/li>\n<li>Breite zusammengeklappt: 36 cm<\/li>\n<li>Max. Einstiegsh\u00f6he: 30 cm<\/li>\n<li>Gewicht: 15,8 kg<\/li>\n<\/ul>\n","protected":false},"featured_media":14692,"comment_status":"open","ping_status":"closed","template":"","meta":[],"product_brand":[],"product_cat":[534],"product_tag":[575,576],"class_list":{"0":"post-12859","1":"product","2":"type-product","3":"status-publish","4":"has-post-thumbnail","6":"product_cat-faltbare-rollstuhlrampen","7":"product_tag-hohe-28-bis-30-cm","8":"product_tag-hohe-30-bis-32-cm","10":"first","11":"instock","12":"taxable","13":"shipping-taxable","14":"purchasable","15":"product-type-simple"},"yoast_head":"<!-- This site is optimized with the Yoast SEO plugin v27.3 - https:\/\/yoast.com\/product\/yoast-seo-wordpress\/ -->\n<title>Faltbare Rollstuhlrampe - 183cm - Turschwellenrampe.de<\/title>\n<meta name=\"robots\" content=\"index, follow, max-snippet:-1, max-image-preview:large, max-video-preview:-1\" \/>\n<link rel=\"canonical\" href=\"https:\/\/turschwellenrampe.de\/de\/rollstuhlrampen\/faltbare-rollstuhlrampen\/faltbare-rollstuhlrampe-183cm\/\" \/>\n<meta property=\"og:locale\" content=\"de_DE\" \/>\n<meta property=\"og:type\" content=\"article\" \/>\n<meta property=\"og:title\" content=\"Faltbare Rollstuhlrampe - 183cm - Turschwellenrampe.de\" \/>\n<meta property=\"og:description\" content=\"Eines der einzigartigen Merkmale dieser Rollstuhlrampe ist, dass sie an der Oberfl\u00e4che v\u00f6llig scharnierfrei ist, was bedeutet, dass Scharniere nicht im Weg sein k\u00f6nnen, wenn Sie mit Ihrem Rollstuhl, Rollator oder Mobilit\u00e4tsroller die Rampe hinauffahren, noch k\u00f6nnen Sie versehentlich \u00fcber etwas stolpern, wenn Sie die Rampe hinaufgehen. Spezifikationen:  Maximale Kapazit\u00e4t: 275 kg  L\u00e4nge: 183 cm  Breite: 71,5 cm  Breite zusammengeklappt: 36 cm  Max. Einstiegsh\u00f6he: 30 cm  Gewicht: 15,8 kg\" \/>\n<meta property=\"og:url\" content=\"https:\/\/turschwellenrampe.de\/de\/rollstuhlrampen\/faltbare-rollstuhlrampen\/faltbare-rollstuhlrampe-183cm\/\" \/>\n<meta property=\"og:site_name\" content=\"Turschwellenrampe.de\" \/>\n<meta property=\"article:publisher\" content=\"https:\/\/www.facebook.com\/Drempelhulp\/\" \/>\n<meta property=\"article:modified_time\" content=\"2026-04-10T10:42:37+00:00\" \/>\n<meta property=\"og:image\" content=\"https:\/\/turschwellenrampe.de\/wp-content\/uploads\/2020\/03\/Rollstuhlrampe-head.jpeg\" \/>\n\t<meta property=\"og:image:width\" content=\"600\" \/>\n\t<meta property=\"og:image:height\" content=\"600\" \/>\n\t<meta property=\"og:image:type\" content=\"image\/jpeg\" \/>\n<meta name=\"twitter:card\" content=\"summary_large_image\" \/>\n<meta name=\"twitter:label1\" content=\"Gesch\u00e4tzte Lesezeit\" \/>\n\t<meta name=\"twitter:data1\" content=\"1\u00a0Minute\" \/>\n<script type=\"application\/ld+json\" class=\"yoast-schema-graph\">{\"@context\":\"https:\\\/\\\/schema.org\",\"@graph\":[{\"@type\":\"WebPage\",\"@id\":\"https:\\\/\\\/turschwellenrampe.de\\\/de\\\/rollstuhlrampen\\\/faltbare-rollstuhlrampen\\\/faltbare-rollstuhlrampe-183cm\\\/\",\"url\":\"https:\\\/\\\/turschwellenrampe.de\\\/de\\\/rollstuhlrampen\\\/faltbare-rollstuhlrampen\\\/faltbare-rollstuhlrampe-183cm\\\/\",\"name\":\"Faltbare Rollstuhlrampe - 183cm - Turschwellenrampe.de\",\"isPartOf\":{\"@id\":\"https:\\\/\\\/turschwellenrampe.de\\\/de\\\/#website\"},\"primaryImageOfPage\":{\"@id\":\"https:\\\/\\\/turschwellenrampe.de\\\/de\\\/rollstuhlrampen\\\/faltbare-rollstuhlrampen\\\/faltbare-rollstuhlrampe-183cm\\\/#primaryimage\"},\"image\":{\"@id\":\"https:\\\/\\\/turschwellenrampe.de\\\/de\\\/rollstuhlrampen\\\/faltbare-rollstuhlrampen\\\/faltbare-rollstuhlrampe-183cm\\\/#primaryimage\"},\"thumbnailUrl\":\"https:\\\/\\\/turschwellenrampe.de\\\/wp-content\\\/uploads\\\/2020\\\/03\\\/Rollstuhlrampe-head.jpeg\",\"datePublished\":\"2020-03-19T14:25:20+00:00\",\"dateModified\":\"2026-04-10T10:42:37+00:00\",\"breadcrumb\":{\"@id\":\"https:\\\/\\\/turschwellenrampe.de\\\/de\\\/rollstuhlrampen\\\/faltbare-rollstuhlrampen\\\/faltbare-rollstuhlrampe-183cm\\\/#breadcrumb\"},\"inLanguage\":\"de\",\"potentialAction\":[{\"@type\":\"ReadAction\",\"target\":[\"https:\\\/\\\/turschwellenrampe.de\\\/de\\\/rollstuhlrampen\\\/faltbare-rollstuhlrampen\\\/faltbare-rollstuhlrampe-183cm\\\/\"]}]},{\"@type\":\"ImageObject\",\"inLanguage\":\"de\",\"@id\":\"https:\\\/\\\/turschwellenrampe.de\\\/de\\\/rollstuhlrampen\\\/faltbare-rollstuhlrampen\\\/faltbare-rollstuhlrampe-183cm\\\/#primaryimage\",\"url\":\"https:\\\/\\\/turschwellenrampe.de\\\/wp-content\\\/uploads\\\/2020\\\/03\\\/Rollstuhlrampe-head.jpeg\",\"contentUrl\":\"https:\\\/\\\/turschwellenrampe.de\\\/wp-content\\\/uploads\\\/2020\\\/03\\\/Rollstuhlrampe-head.jpeg\",\"width\":600,\"height\":600},{\"@type\":\"BreadcrumbList\",\"@id\":\"https:\\\/\\\/turschwellenrampe.de\\\/de\\\/rollstuhlrampen\\\/faltbare-rollstuhlrampen\\\/faltbare-rollstuhlrampe-183cm\\\/#breadcrumb\",\"itemListElement\":[{\"@type\":\"ListItem\",\"position\":1,\"name\":\"Home\",\"item\":\"https:\\\/\\\/turschwellenrampe.de\\\/de\\\/\"},{\"@type\":\"ListItem\",\"position\":2,\"name\":\"Shop\",\"item\":\"https:\\\/\\\/turschwellenrampe.de\\\/de\\\/geschaft\\\/\"},{\"@type\":\"ListItem\",\"position\":3,\"name\":\"Faltbare Rollstuhlrampe &#8211; 183cm\"}]},{\"@type\":\"WebSite\",\"@id\":\"https:\\\/\\\/turschwellenrampe.de\\\/de\\\/#website\",\"url\":\"https:\\\/\\\/turschwellenrampe.de\\\/de\\\/\",\"name\":\"Turschwellenrampe.de\",\"description\":\"De Specialist in Toegankelijkheid\",\"potentialAction\":[{\"@type\":\"SearchAction\",\"target\":{\"@type\":\"EntryPoint\",\"urlTemplate\":\"https:\\\/\\\/turschwellenrampe.de\\\/de\\\/?s={search_term_string}\"},\"query-input\":{\"@type\":\"PropertyValueSpecification\",\"valueRequired\":true,\"valueName\":\"search_term_string\"}}],\"inLanguage\":\"de\"}]}<\/script>\n<!-- \/ Yoast SEO plugin. -->","yoast_head_json":{"title":"Faltbare Rollstuhlrampe - 183cm - Turschwellenrampe.de","robots":{"index":"index","follow":"follow","max-snippet":"max-snippet:-1","max-image-preview":"max-image-preview:large","max-video-preview":"max-video-preview:-1"},"canonical":"https:\/\/turschwellenrampe.de\/de\/rollstuhlrampen\/faltbare-rollstuhlrampen\/faltbare-rollstuhlrampe-183cm\/","og_locale":"de_DE","og_type":"article","og_title":"Faltbare Rollstuhlrampe - 183cm - Turschwellenrampe.de","og_description":"Eines der einzigartigen Merkmale dieser Rollstuhlrampe ist, dass sie an der Oberfl\u00e4che v\u00f6llig scharnierfrei ist, was bedeutet, dass Scharniere nicht im Weg sein k\u00f6nnen, wenn Sie mit Ihrem Rollstuhl, Rollator oder Mobilit\u00e4tsroller die Rampe hinauffahren, noch k\u00f6nnen Sie versehentlich \u00fcber etwas stolpern, wenn Sie die Rampe hinaufgehen. Spezifikationen:  Maximale Kapazit\u00e4t: 275 kg  L\u00e4nge: 183 cm  Breite: 71,5 cm  Breite zusammengeklappt: 36 cm  Max. Einstiegsh\u00f6he: 30 cm  Gewicht: 15,8 kg","og_url":"https:\/\/turschwellenrampe.de\/de\/rollstuhlrampen\/faltbare-rollstuhlrampen\/faltbare-rollstuhlrampe-183cm\/","og_site_name":"Turschwellenrampe.de","article_publisher":"https:\/\/www.facebook.com\/Drempelhulp\/","article_modified_time":"2026-04-10T10:42:37+00:00","og_image":[{"width":600,"height":600,"url":"https:\/\/turschwellenrampe.de\/wp-content\/uploads\/2020\/03\/Rollstuhlrampe-head.jpeg","type":"image\/jpeg"}],"twitter_card":"summary_large_image","twitter_misc":{"Gesch\u00e4tzte Lesezeit":"1\u00a0Minute"},"schema":{"@context":"https:\/\/schema.org","@graph":[{"@type":"WebPage","@id":"https:\/\/turschwellenrampe.de\/de\/rollstuhlrampen\/faltbare-rollstuhlrampen\/faltbare-rollstuhlrampe-183cm\/","url":"https:\/\/turschwellenrampe.de\/de\/rollstuhlrampen\/faltbare-rollstuhlrampen\/faltbare-rollstuhlrampe-183cm\/","name":"Faltbare Rollstuhlrampe - 183cm - Turschwellenrampe.de","isPartOf":{"@id":"https:\/\/turschwellenrampe.de\/de\/#website"},"primaryImageOfPage":{"@id":"https:\/\/turschwellenrampe.de\/de\/rollstuhlrampen\/faltbare-rollstuhlrampen\/faltbare-rollstuhlrampe-183cm\/#primaryimage"},"image":{"@id":"https:\/\/turschwellenrampe.de\/de\/rollstuhlrampen\/faltbare-rollstuhlrampen\/faltbare-rollstuhlrampe-183cm\/#primaryimage"},"thumbnailUrl":"https:\/\/turschwellenrampe.de\/wp-content\/uploads\/2020\/03\/Rollstuhlrampe-head.jpeg","datePublished":"2020-03-19T14:25:20+00:00","dateModified":"2026-04-10T10:42:37+00:00","breadcrumb":{"@id":"https:\/\/turschwellenrampe.de\/de\/rollstuhlrampen\/faltbare-rollstuhlrampen\/faltbare-rollstuhlrampe-183cm\/#breadcrumb"},"inLanguage":"de","potentialAction":[{"@type":"ReadAction","target":["https:\/\/turschwellenrampe.de\/de\/rollstuhlrampen\/faltbare-rollstuhlrampen\/faltbare-rollstuhlrampe-183cm\/"]}]},{"@type":"ImageObject","inLanguage":"de","@id":"https:\/\/turschwellenrampe.de\/de\/rollstuhlrampen\/faltbare-rollstuhlrampen\/faltbare-rollstuhlrampe-183cm\/#primaryimage","url":"https:\/\/turschwellenrampe.de\/wp-content\/uploads\/2020\/03\/Rollstuhlrampe-head.jpeg","contentUrl":"https:\/\/turschwellenrampe.de\/wp-content\/uploads\/2020\/03\/Rollstuhlrampe-head.jpeg","width":600,"height":600},{"@type":"BreadcrumbList","@id":"https:\/\/turschwellenrampe.de\/de\/rollstuhlrampen\/faltbare-rollstuhlrampen\/faltbare-rollstuhlrampe-183cm\/#breadcrumb","itemListElement":[{"@type":"ListItem","position":1,"name":"Home","item":"https:\/\/turschwellenrampe.de\/de\/"},{"@type":"ListItem","position":2,"name":"Shop","item":"https:\/\/turschwellenrampe.de\/de\/geschaft\/"},{"@type":"ListItem","position":3,"name":"Faltbare Rollstuhlrampe &#8211; 183cm"}]},{"@type":"WebSite","@id":"https:\/\/turschwellenrampe.de\/de\/#website","url":"https:\/\/turschwellenrampe.de\/de\/","name":"Turschwellenrampe.de","description":"De Specialist in Toegankelijkheid","potentialAction":[{"@type":"SearchAction","target":{"@type":"EntryPoint","urlTemplate":"https:\/\/turschwellenrampe.de\/de\/?s={search_term_string}"},"query-input":{"@type":"PropertyValueSpecification","valueRequired":true,"valueName":"search_term_string"}}],"inLanguage":"de"}]}},"_links":{"self":[{"href":"https:\/\/turschwellenrampe.de\/de\/wp-json\/wp\/v2\/product\/12859","targetHints":{"allow":["GET"]}}],"collection":[{"href":"https:\/\/turschwellenrampe.de\/de\/wp-json\/wp\/v2\/product"}],"about":[{"href":"https:\/\/turschwellenrampe.de\/de\/wp-json\/wp\/v2\/types\/product"}],"replies":[{"embeddable":true,"href":"https:\/\/turschwellenrampe.de\/de\/wp-json\/wp\/v2\/comments?post=12859"}],"wp:featuredmedia":[{"embeddable":true,"href":"https:\/\/turschwellenrampe.de\/de\/wp-json\/wp\/v2\/media\/14692"}],"wp:attachment":[{"href":"https:\/\/turschwellenrampe.de\/de\/wp-json\/wp\/v2\/media?parent=12859"}],"wp:term":[{"taxonomy":"product_brand","embeddable":true,"href":"https:\/\/turschwellenrampe.de\/de\/wp-json\/wp\/v2\/product_brand?post=12859"},{"taxonomy":"product_cat","embeddable":true,"href":"https:\/\/turschwellenrampe.de\/de\/wp-json\/wp\/v2\/product_cat?post=12859"},{"taxonomy":"product_tag","embeddable":true,"href":"https:\/\/turschwellenrampe.de\/de\/wp-json\/wp\/v2\/product_tag?post=12859"}],"curies":[{"name":"wp","href":"https:\/\/api.w.org\/{rel}","templated":true}]}}