{"id":12833,"date":"2020-03-19T15:43:39","date_gmt":"2020-03-19T14:43:39","guid":{"rendered":"https:\/\/turschwellenrampe.de\/shop\/unkategorisiert\/teleskopische-schienenrampe-300cm\/"},"modified":"2026-04-24T13:45:13","modified_gmt":"2026-04-24T11:45:13","slug":"teleskopische-schienenrampe-300cm","status":"publish","type":"product","link":"https:\/\/turschwellenrampe.de\/de\/rollstuhlrampen\/teleskop-schienenrampen\/teleskopische-schienenrampe-300cm\/","title":{"rendered":"Teleskopische Schienenrampe &#8211; 300cm"},"content":{"rendered":"<h2><span style=\"font-size: 18pt;\">Beschreibung Teleskopische Schienenrampe: <\/span><\/h2>\n<p>Dieses Set aus 2 <strong>Schienenrampen<\/strong> ist von hervorragender Qualit\u00e4t und hat eine L\u00e4nge von 300 cm. Diese <strong>Schienenrampe<\/strong>wiegt nur 10 kg pro St\u00fcck und ist somit ideal f\u00fcr Reisen! Die Schienenrampe hat eine maximale Tragf\u00e4higkeit von nicht weniger als 275 kg und ist somit f\u00fcr mehrere Zwecke geeignet. Dank der Anti-Rutsch-Schicht haben Sie zus\u00e4tzlichen Halt zwischen Ihrem Fahrzeug und der Teleskop Schienenrampe. Auf beiden Seiten der Rampe gibt es au\u00dferdem 5 cm hohe R\u00e4nder, um zu verhindern, dass Sie versehentlich auf der Seite der Schienenrampe landen.<\/p>\n<p><span style=\"font-size: 12pt;\"><strong>Spezifikationen:<\/strong><\/span><\/p>\n<ul>\n<li>Einziehbar f\u00fcr Lagerung und Transport<\/li>\n<li>Maximale Gewichtskapazit\u00e4t: 275 kg<\/li>\n<li>Maximale L\u00e4nge: 304 cm<\/li>\n<li>Minimale L\u00e4nge: 126 cm<\/li>\n<li>Breite: 19 cm<\/li>\n<li>Maximale Ladeh\u00f6he: 50 cm<\/li>\n<li>Gewicht der Rampe: 10 kg pro Rampe<\/li>\n<li>Oberfl\u00e4che: Anti-Rutsch<\/li>\n<li>Material: Aluminium<\/li>\n<li>Geeignet f\u00fcr Rollst\u00fchle und verschiedene Arten von Scootern (beachten Sie den erh\u00f6hten Rand von 5 cm)<\/li>\n<\/ul>\n<p><iframe src=\"https:\/\/www.youtube.com\/embed\/MUV1JoS6_WI\" width=\"500\" height=\"450\" frameborder=\"0\" allowfullscreen=\"allowfullscreen\"><\/iframe><\/p>\n","protected":false},"excerpt":{"rendered":"<p>Die Schienenrampe hat eine maximale Tragf\u00e4higkeit von nicht weniger als 275 kg und ist somit f\u00fcr mehrere Zwecke geeignet. Dank der Anti-Rutsch-Schicht haben Sie zus\u00e4tzlichen Halt zwischen Ihrem Fahrzeug und der Teleskop Schienenrampe.<\/p>\n<p>Auf beiden Seiten der Rampe gibt es au\u00dferdem 5 cm hohe R\u00e4nder, um zu verhindern, dass Sie versehentlich auf der Seite der Schienenrampe landen.<\/p>\n<p><strong>Spezifikationen:<\/strong><\/p>\n<ul>\n<li>Maximale Kapazit\u00e4t: 275 kg<\/li>\n<li>Max. L\u00e4nge: 304 cm<\/li>\n<li>Min. L\u00e4nge: 126 cm<\/li>\n<li>Breite: 19 cm pro Rampe<\/li>\n<li>Max. Einstiegsh\u00f6he: 50 cm<\/li>\n<li>Gewicht: 10 kg pro Rampe<\/li>\n<\/ul>\n","protected":false},"featured_media":14156,"comment_status":"open","ping_status":"closed","template":"","meta":[],"product_brand":[],"product_cat":[530],"product_tag":[581,582],"class_list":{"0":"post-12833","1":"product","2":"type-product","3":"status-publish","4":"has-post-thumbnail","6":"product_cat-teleskop-schienenrampen","7":"product_tag-hohe-48-bis-50-cm","8":"product_tag-hohe-50-bis-52-cm","10":"first","11":"instock","12":"sale","13":"taxable","14":"shipping-taxable","15":"purchasable","16":"product-type-simple"},"yoast_head":"<!-- This site is optimized with the Yoast SEO plugin v27.5 - https:\/\/yoast.com\/product\/yoast-seo-wordpress\/ -->\n<title>Teleskopische Schienenrampe - 300cm - Turschwellenrampe.de<\/title>\n<meta name=\"robots\" content=\"index, follow, max-snippet:-1, max-image-preview:large, max-video-preview:-1\" \/>\n<link rel=\"canonical\" href=\"https:\/\/turschwellenrampe.de\/de\/rollstuhlrampen\/teleskop-schienenrampen\/teleskopische-schienenrampe-300cm\/\" \/>\n<meta property=\"og:locale\" content=\"de_DE\" \/>\n<meta property=\"og:type\" content=\"article\" \/>\n<meta property=\"og:title\" content=\"Teleskopische Schienenrampe - 300cm - Turschwellenrampe.de\" \/>\n<meta property=\"og:description\" content=\"Die Schienenrampe hat eine maximale Tragf\u00e4higkeit von nicht weniger als 275 kg und ist somit f\u00fcr mehrere Zwecke geeignet. Dank der Anti-Rutsch-Schicht haben Sie zus\u00e4tzlichen Halt zwischen Ihrem Fahrzeug und der Teleskop Schienenrampe. Auf beiden Seiten der Rampe gibt es au\u00dferdem 5 cm hohe R\u00e4nder, um zu verhindern, dass Sie versehentlich auf der Seite der Schienenrampe landen. Spezifikationen:  Maximale Kapazit\u00e4t: 275 kg  Max. L\u00e4nge: 304 cm  Min. L\u00e4nge: 126 cm  Breite: 19 cm pro Rampe  Max. Einstiegsh\u00f6he: 50 cm  Gewicht: 10 kg pro Rampe\" \/>\n<meta property=\"og:url\" content=\"https:\/\/turschwellenrampe.de\/de\/rollstuhlrampen\/teleskop-schienenrampen\/teleskopische-schienenrampe-300cm\/\" \/>\n<meta property=\"og:site_name\" content=\"Turschwellenrampe.de\" \/>\n<meta property=\"article:publisher\" content=\"https:\/\/www.facebook.com\/Drempelhulp\/\" \/>\n<meta property=\"article:modified_time\" content=\"2026-04-24T11:45:13+00:00\" \/>\n<meta property=\"og:image\" content=\"https:\/\/turschwellenrampe.de\/wp-content\/uploads\/2023\/11\/Dulin-MR10703-scaled-1.jpg\" \/>\n\t<meta property=\"og:image:width\" content=\"2560\" \/>\n\t<meta property=\"og:image:height\" content=\"1707\" \/>\n\t<meta property=\"og:image:type\" content=\"image\/jpeg\" \/>\n<meta name=\"twitter:card\" content=\"summary_large_image\" \/>\n<meta name=\"twitter:label1\" content=\"Gesch\u00e4tzte Lesezeit\" \/>\n\t<meta name=\"twitter:data1\" content=\"1\u00a0Minute\" \/>\n<script type=\"application\/ld+json\" class=\"yoast-schema-graph\">{\"@context\":\"https:\\\/\\\/schema.org\",\"@graph\":[{\"@type\":\"WebPage\",\"@id\":\"https:\\\/\\\/turschwellenrampe.de\\\/de\\\/rollstuhlrampen\\\/teleskop-schienenrampen\\\/teleskopische-schienenrampe-300cm\\\/\",\"url\":\"https:\\\/\\\/turschwellenrampe.de\\\/de\\\/rollstuhlrampen\\\/teleskop-schienenrampen\\\/teleskopische-schienenrampe-300cm\\\/\",\"name\":\"Teleskopische Schienenrampe - 300cm - Turschwellenrampe.de\",\"isPartOf\":{\"@id\":\"https:\\\/\\\/turschwellenrampe.de\\\/de\\\/#website\"},\"primaryImageOfPage\":{\"@id\":\"https:\\\/\\\/turschwellenrampe.de\\\/de\\\/rollstuhlrampen\\\/teleskop-schienenrampen\\\/teleskopische-schienenrampe-300cm\\\/#primaryimage\"},\"image\":{\"@id\":\"https:\\\/\\\/turschwellenrampe.de\\\/de\\\/rollstuhlrampen\\\/teleskop-schienenrampen\\\/teleskopische-schienenrampe-300cm\\\/#primaryimage\"},\"thumbnailUrl\":\"https:\\\/\\\/turschwellenrampe.de\\\/wp-content\\\/uploads\\\/2023\\\/11\\\/Dulin-MR10703-scaled-1.jpg\",\"datePublished\":\"2020-03-19T14:43:39+00:00\",\"dateModified\":\"2026-04-24T11:45:13+00:00\",\"breadcrumb\":{\"@id\":\"https:\\\/\\\/turschwellenrampe.de\\\/de\\\/rollstuhlrampen\\\/teleskop-schienenrampen\\\/teleskopische-schienenrampe-300cm\\\/#breadcrumb\"},\"inLanguage\":\"de\",\"potentialAction\":[{\"@type\":\"ReadAction\",\"target\":[\"https:\\\/\\\/turschwellenrampe.de\\\/de\\\/rollstuhlrampen\\\/teleskop-schienenrampen\\\/teleskopische-schienenrampe-300cm\\\/\"]}]},{\"@type\":\"ImageObject\",\"inLanguage\":\"de\",\"@id\":\"https:\\\/\\\/turschwellenrampe.de\\\/de\\\/rollstuhlrampen\\\/teleskop-schienenrampen\\\/teleskopische-schienenrampe-300cm\\\/#primaryimage\",\"url\":\"https:\\\/\\\/turschwellenrampe.de\\\/wp-content\\\/uploads\\\/2023\\\/11\\\/Dulin-MR10703-scaled-1.jpg\",\"contentUrl\":\"https:\\\/\\\/turschwellenrampe.de\\\/wp-content\\\/uploads\\\/2023\\\/11\\\/Dulin-MR10703-scaled-1.jpg\",\"width\":2560,\"height\":1707},{\"@type\":\"BreadcrumbList\",\"@id\":\"https:\\\/\\\/turschwellenrampe.de\\\/de\\\/rollstuhlrampen\\\/teleskop-schienenrampen\\\/teleskopische-schienenrampe-300cm\\\/#breadcrumb\",\"itemListElement\":[{\"@type\":\"ListItem\",\"position\":1,\"name\":\"Home\",\"item\":\"https:\\\/\\\/turschwellenrampe.de\\\/de\\\/\"},{\"@type\":\"ListItem\",\"position\":2,\"name\":\"Shop\",\"item\":\"https:\\\/\\\/turschwellenrampe.de\\\/de\\\/geschaft\\\/\"},{\"@type\":\"ListItem\",\"position\":3,\"name\":\"Teleskopische Schienenrampe &#8211; 300cm\"}]},{\"@type\":\"WebSite\",\"@id\":\"https:\\\/\\\/turschwellenrampe.de\\\/de\\\/#website\",\"url\":\"https:\\\/\\\/turschwellenrampe.de\\\/de\\\/\",\"name\":\"Turschwellenrampe.de\",\"description\":\"De Specialist in Toegankelijkheid\",\"potentialAction\":[{\"@type\":\"SearchAction\",\"target\":{\"@type\":\"EntryPoint\",\"urlTemplate\":\"https:\\\/\\\/turschwellenrampe.de\\\/de\\\/?s={search_term_string}\"},\"query-input\":{\"@type\":\"PropertyValueSpecification\",\"valueRequired\":true,\"valueName\":\"search_term_string\"}}],\"inLanguage\":\"de\"}]}<\/script>\n<!-- \/ Yoast SEO plugin. -->","yoast_head_json":{"title":"Teleskopische Schienenrampe - 300cm - Turschwellenrampe.de","robots":{"index":"index","follow":"follow","max-snippet":"max-snippet:-1","max-image-preview":"max-image-preview:large","max-video-preview":"max-video-preview:-1"},"canonical":"https:\/\/turschwellenrampe.de\/de\/rollstuhlrampen\/teleskop-schienenrampen\/teleskopische-schienenrampe-300cm\/","og_locale":"de_DE","og_type":"article","og_title":"Teleskopische Schienenrampe - 300cm - Turschwellenrampe.de","og_description":"Die Schienenrampe hat eine maximale Tragf\u00e4higkeit von nicht weniger als 275 kg und ist somit f\u00fcr mehrere Zwecke geeignet. Dank der Anti-Rutsch-Schicht haben Sie zus\u00e4tzlichen Halt zwischen Ihrem Fahrzeug und der Teleskop Schienenrampe. Auf beiden Seiten der Rampe gibt es au\u00dferdem 5 cm hohe R\u00e4nder, um zu verhindern, dass Sie versehentlich auf der Seite der Schienenrampe landen. Spezifikationen:  Maximale Kapazit\u00e4t: 275 kg  Max. L\u00e4nge: 304 cm  Min. L\u00e4nge: 126 cm  Breite: 19 cm pro Rampe  Max. Einstiegsh\u00f6he: 50 cm  Gewicht: 10 kg pro Rampe","og_url":"https:\/\/turschwellenrampe.de\/de\/rollstuhlrampen\/teleskop-schienenrampen\/teleskopische-schienenrampe-300cm\/","og_site_name":"Turschwellenrampe.de","article_publisher":"https:\/\/www.facebook.com\/Drempelhulp\/","article_modified_time":"2026-04-24T11:45:13+00:00","og_image":[{"width":2560,"height":1707,"url":"https:\/\/turschwellenrampe.de\/wp-content\/uploads\/2023\/11\/Dulin-MR10703-scaled-1.jpg","type":"image\/jpeg"}],"twitter_card":"summary_large_image","twitter_misc":{"Gesch\u00e4tzte Lesezeit":"1\u00a0Minute"},"schema":{"@context":"https:\/\/schema.org","@graph":[{"@type":"WebPage","@id":"https:\/\/turschwellenrampe.de\/de\/rollstuhlrampen\/teleskop-schienenrampen\/teleskopische-schienenrampe-300cm\/","url":"https:\/\/turschwellenrampe.de\/de\/rollstuhlrampen\/teleskop-schienenrampen\/teleskopische-schienenrampe-300cm\/","name":"Teleskopische Schienenrampe - 300cm - Turschwellenrampe.de","isPartOf":{"@id":"https:\/\/turschwellenrampe.de\/de\/#website"},"primaryImageOfPage":{"@id":"https:\/\/turschwellenrampe.de\/de\/rollstuhlrampen\/teleskop-schienenrampen\/teleskopische-schienenrampe-300cm\/#primaryimage"},"image":{"@id":"https:\/\/turschwellenrampe.de\/de\/rollstuhlrampen\/teleskop-schienenrampen\/teleskopische-schienenrampe-300cm\/#primaryimage"},"thumbnailUrl":"https:\/\/turschwellenrampe.de\/wp-content\/uploads\/2023\/11\/Dulin-MR10703-scaled-1.jpg","datePublished":"2020-03-19T14:43:39+00:00","dateModified":"2026-04-24T11:45:13+00:00","breadcrumb":{"@id":"https:\/\/turschwellenrampe.de\/de\/rollstuhlrampen\/teleskop-schienenrampen\/teleskopische-schienenrampe-300cm\/#breadcrumb"},"inLanguage":"de","potentialAction":[{"@type":"ReadAction","target":["https:\/\/turschwellenrampe.de\/de\/rollstuhlrampen\/teleskop-schienenrampen\/teleskopische-schienenrampe-300cm\/"]}]},{"@type":"ImageObject","inLanguage":"de","@id":"https:\/\/turschwellenrampe.de\/de\/rollstuhlrampen\/teleskop-schienenrampen\/teleskopische-schienenrampe-300cm\/#primaryimage","url":"https:\/\/turschwellenrampe.de\/wp-content\/uploads\/2023\/11\/Dulin-MR10703-scaled-1.jpg","contentUrl":"https:\/\/turschwellenrampe.de\/wp-content\/uploads\/2023\/11\/Dulin-MR10703-scaled-1.jpg","width":2560,"height":1707},{"@type":"BreadcrumbList","@id":"https:\/\/turschwellenrampe.de\/de\/rollstuhlrampen\/teleskop-schienenrampen\/teleskopische-schienenrampe-300cm\/#breadcrumb","itemListElement":[{"@type":"ListItem","position":1,"name":"Home","item":"https:\/\/turschwellenrampe.de\/de\/"},{"@type":"ListItem","position":2,"name":"Shop","item":"https:\/\/turschwellenrampe.de\/de\/geschaft\/"},{"@type":"ListItem","position":3,"name":"Teleskopische Schienenrampe &#8211; 300cm"}]},{"@type":"WebSite","@id":"https:\/\/turschwellenrampe.de\/de\/#website","url":"https:\/\/turschwellenrampe.de\/de\/","name":"Turschwellenrampe.de","description":"De Specialist in Toegankelijkheid","potentialAction":[{"@type":"SearchAction","target":{"@type":"EntryPoint","urlTemplate":"https:\/\/turschwellenrampe.de\/de\/?s={search_term_string}"},"query-input":{"@type":"PropertyValueSpecification","valueRequired":true,"valueName":"search_term_string"}}],"inLanguage":"de"}]}},"_links":{"self":[{"href":"https:\/\/turschwellenrampe.de\/de\/wp-json\/wp\/v2\/product\/12833","targetHints":{"allow":["GET"]}}],"collection":[{"href":"https:\/\/turschwellenrampe.de\/de\/wp-json\/wp\/v2\/product"}],"about":[{"href":"https:\/\/turschwellenrampe.de\/de\/wp-json\/wp\/v2\/types\/product"}],"replies":[{"embeddable":true,"href":"https:\/\/turschwellenrampe.de\/de\/wp-json\/wp\/v2\/comments?post=12833"}],"wp:featuredmedia":[{"embeddable":true,"href":"https:\/\/turschwellenrampe.de\/de\/wp-json\/wp\/v2\/media\/14156"}],"wp:attachment":[{"href":"https:\/\/turschwellenrampe.de\/de\/wp-json\/wp\/v2\/media?parent=12833"}],"wp:term":[{"taxonomy":"product_brand","embeddable":true,"href":"https:\/\/turschwellenrampe.de\/de\/wp-json\/wp\/v2\/product_brand?post=12833"},{"taxonomy":"product_cat","embeddable":true,"href":"https:\/\/turschwellenrampe.de\/de\/wp-json\/wp\/v2\/product_cat?post=12833"},{"taxonomy":"product_tag","embeddable":true,"href":"https:\/\/turschwellenrampe.de\/de\/wp-json\/wp\/v2\/product_tag?post=12833"}],"curies":[{"name":"wp","href":"https:\/\/api.w.org\/{rel}","templated":true}]}}