{"id":12807,"date":"2020-03-19T16:25:22","date_gmt":"2020-03-19T15:25:22","guid":{"rendered":"https:\/\/turschwellenrampe.de\/shop\/unkategorisiert\/breite-rollstuhlrampe-150cm\/"},"modified":"2024-01-18T17:38:06","modified_gmt":"2024-01-18T16:38:06","slug":"breite-rollstuhlrampe-150cm","status":"publish","type":"product","link":"https:\/\/turschwellenrampe.de\/de\/rollstuhlrampen\/rollstuhlrampen-extra-breit\/breite-rollstuhlrampe-150cm\/","title":{"rendered":"Breite Rollstuhlrampe &#8211; 150cm"},"content":{"rendered":"<p>Breite Rollstuhlrampe &#8211; 150cm<\/p>\n<p>Die <strong>Rollstuhlrampe<\/strong>ist am besten geeignet, wenn sie dauerhaft befestigt ist. Die Rollstuhlrampe ist mit einer rutschfesten Schicht versehen, so dass die Rampe mehr Komfort und Sicherheit f\u00fcr den Benutzer und das Pflegepersonal bietet. Die Rollstuhlrampe ist f\u00fcr <strong>Rollst\u00fchle<\/strong>, <strong>Scooter<\/strong>und <strong>elektrische Rollst\u00fchle<\/strong> geeignet.<\/p>\n<p><strong>Spezifikationen:<\/strong><\/p>\n<ul>\n<li>L\u00e4nge: 150 cm<\/li>\n<li>Gesamtbreite: 88 cm<\/li>\n<li>Maximale Gewichtskapazit\u00e4t: 325 kg<\/li>\n<li>Gewicht der Rampe: 14,4 kg<\/li>\n<\/ul>\n<p><strong>Maximale Auffahrh\u00f6he:<\/strong><\/p>\n<ul style=\"list-style-type: circle;\">\n<li>Unabh\u00e4ngige Benutzer von manuellen Rollst\u00fchlen: 21,4 cm (1:7)<\/li>\n<li>Von einer Pflegeperson geschoben, Mobilit\u00e4tsroller und elektrische Rollst\u00fchle: 37,5 cm (1:5)<\/li>\n<\/ul>\n<p><a href=\"https:\/\/turschwellenrampe.de\/drempelhulp-uitleg-pagina\/\" target=\"_blank\" rel=\"noopener noreferrer\" data-href=\"#PAGE-LINK:68#\">&gt; Ben\u00f6tigen Sie Hilfe bei der Auswahl der richtigen Rampenl\u00e4nge?<\/a><\/p>\n","protected":false},"excerpt":{"rendered":"<p>Breite Rollstuhlrampe &#8211; 150cm<\/p>\n<p>Die <strong>Rollstuhlrampe<\/strong>ist am besten geeignet, wenn sie dauerhaft befestigt ist. Die Rollstuhlrampe ist mit einer rutschfesten Schicht versehen, so dass die Rampe mehr Komfort und Sicherheit f\u00fcr den Benutzer und das Pflegepersonal bietet. Die Rollstuhlrampe ist f\u00fcr <strong>Rollst\u00fchle<\/strong>, <strong>Scooter<\/strong>und <strong>elektrische Rollst\u00fchle<\/strong> geeignet.<\/p>\n<p><strong>Spezifikationen:<\/strong><\/p>\n<ul>\n<li>L\u00e4nge: 150 cm<\/li>\n<li>Gesamtbreite: 88 cm<\/li>\n<li>Maximale Gewichtskapazit\u00e4t: 325 kg<\/li>\n<li>Gewicht der Rampe: 14,4 kg<\/li>\n<\/ul>\n<p><strong>Maximale Auffahrh\u00f6he:<\/strong><\/p>\n<ul style=\"list-style-type: circle;\">\n<li>Unabh\u00e4ngige Benutzer von manuellen Rollst\u00fchlen: 21,4 cm (1:7)<\/li>\n<li>Von einer Pflegeperson geschoben, Mobilit\u00e4tsroller und elektrische Rollst\u00fchle: 37,5 cm (1:5)<\/li>\n<\/ul>\n<p><a href=\"\/maximale-oprijhoogte\/\" target=\"_blank\" rel=\"noopener noreferrer\" data-href=\"#PAGE-LINK:68#\">&gt; Ben\u00f6tigen Sie Hilfe bei der Auswahl der richtigen Rampenl\u00e4nge?<\/a><\/p>\n","protected":false},"featured_media":11139,"comment_status":"open","ping_status":"closed","template":"","meta":[],"product_brand":[],"product_cat":[532],"product_tag":[],"class_list":{"0":"post-12807","1":"product","2":"type-product","3":"status-publish","4":"has-post-thumbnail","6":"product_cat-rollstuhlrampen-extra-breit","8":"first","9":"instock","10":"taxable","11":"shipping-taxable","12":"purchasable","13":"product-type-simple"},"yoast_head":"<!-- This site is optimized with the Yoast SEO plugin v27.3 - https:\/\/yoast.com\/product\/yoast-seo-wordpress\/ -->\n<title>Breite Rollstuhlrampe - 150cm - Turschwellenrampe.de<\/title>\n<meta name=\"robots\" content=\"index, follow, max-snippet:-1, max-image-preview:large, max-video-preview:-1\" \/>\n<link rel=\"canonical\" href=\"https:\/\/turschwellenrampe.de\/de\/rollstuhlrampen\/rollstuhlrampen-extra-breit\/breite-rollstuhlrampe-150cm\/\" \/>\n<meta property=\"og:locale\" content=\"de_DE\" \/>\n<meta property=\"og:type\" content=\"article\" \/>\n<meta property=\"og:title\" content=\"Breite Rollstuhlrampe - 150cm - Turschwellenrampe.de\" \/>\n<meta property=\"og:description\" content=\"Breite Rollstuhlrampe - 150cm Die Rollstuhlrampeist am besten geeignet, wenn sie dauerhaft befestigt ist. Die Rollstuhlrampe ist mit einer rutschfesten Schicht versehen, so dass die Rampe mehr Komfort und Sicherheit f\u00fcr den Benutzer und das Pflegepersonal bietet. Die Rollstuhlrampe ist f\u00fcr Rollst\u00fchle, Scooterund elektrische Rollst\u00fchle geeignet. Spezifikationen:  L\u00e4nge: 150 cm  Gesamtbreite: 88 cm  Maximale Gewichtskapazit\u00e4t: 325 kg  Gewicht der Rampe: 14,4 kg Maximale Auffahrh\u00f6he:  Unabh\u00e4ngige Benutzer von manuellen Rollst\u00fchlen: 21,4 cm (1:7)  Von einer Pflegeperson geschoben, Mobilit\u00e4tsroller und elektrische Rollst\u00fchle: 37,5 cm (1:5) &gt; Ben\u00f6tigen Sie Hilfe bei der Auswahl der richtigen Rampenl\u00e4nge?\" \/>\n<meta property=\"og:url\" content=\"https:\/\/turschwellenrampe.de\/de\/rollstuhlrampen\/rollstuhlrampen-extra-breit\/breite-rollstuhlrampe-150cm\/\" \/>\n<meta property=\"og:site_name\" content=\"Turschwellenrampe.de\" \/>\n<meta property=\"article:publisher\" content=\"https:\/\/www.facebook.com\/Drempelhulp\/\" \/>\n<meta property=\"article:modified_time\" content=\"2024-01-18T16:38:06+00:00\" \/>\n<meta property=\"og:image\" content=\"https:\/\/turschwellenrampe.de\/wp-content\/uploads\/2020\/03\/stepless-brede-oprijplaat.jpg\" \/>\n\t<meta property=\"og:image:width\" content=\"481\" \/>\n\t<meta property=\"og:image:height\" content=\"400\" \/>\n\t<meta property=\"og:image:type\" content=\"image\/jpeg\" \/>\n<meta name=\"twitter:card\" content=\"summary_large_image\" \/>\n<script type=\"application\/ld+json\" class=\"yoast-schema-graph\">{\"@context\":\"https:\\\/\\\/schema.org\",\"@graph\":[{\"@type\":\"WebPage\",\"@id\":\"https:\\\/\\\/turschwellenrampe.de\\\/de\\\/rollstuhlrampen\\\/rollstuhlrampen-extra-breit\\\/breite-rollstuhlrampe-150cm\\\/\",\"url\":\"https:\\\/\\\/turschwellenrampe.de\\\/de\\\/rollstuhlrampen\\\/rollstuhlrampen-extra-breit\\\/breite-rollstuhlrampe-150cm\\\/\",\"name\":\"Breite Rollstuhlrampe - 150cm - Turschwellenrampe.de\",\"isPartOf\":{\"@id\":\"https:\\\/\\\/turschwellenrampe.de\\\/de\\\/#website\"},\"primaryImageOfPage\":{\"@id\":\"https:\\\/\\\/turschwellenrampe.de\\\/de\\\/rollstuhlrampen\\\/rollstuhlrampen-extra-breit\\\/breite-rollstuhlrampe-150cm\\\/#primaryimage\"},\"image\":{\"@id\":\"https:\\\/\\\/turschwellenrampe.de\\\/de\\\/rollstuhlrampen\\\/rollstuhlrampen-extra-breit\\\/breite-rollstuhlrampe-150cm\\\/#primaryimage\"},\"thumbnailUrl\":\"https:\\\/\\\/turschwellenrampe.de\\\/wp-content\\\/uploads\\\/2020\\\/03\\\/stepless-brede-oprijplaat.jpg\",\"datePublished\":\"2020-03-19T15:25:22+00:00\",\"dateModified\":\"2024-01-18T16:38:06+00:00\",\"breadcrumb\":{\"@id\":\"https:\\\/\\\/turschwellenrampe.de\\\/de\\\/rollstuhlrampen\\\/rollstuhlrampen-extra-breit\\\/breite-rollstuhlrampe-150cm\\\/#breadcrumb\"},\"inLanguage\":\"de\",\"potentialAction\":[{\"@type\":\"ReadAction\",\"target\":[\"https:\\\/\\\/turschwellenrampe.de\\\/de\\\/rollstuhlrampen\\\/rollstuhlrampen-extra-breit\\\/breite-rollstuhlrampe-150cm\\\/\"]}]},{\"@type\":\"ImageObject\",\"inLanguage\":\"de\",\"@id\":\"https:\\\/\\\/turschwellenrampe.de\\\/de\\\/rollstuhlrampen\\\/rollstuhlrampen-extra-breit\\\/breite-rollstuhlrampe-150cm\\\/#primaryimage\",\"url\":\"https:\\\/\\\/turschwellenrampe.de\\\/wp-content\\\/uploads\\\/2020\\\/03\\\/stepless-brede-oprijplaat.jpg\",\"contentUrl\":\"https:\\\/\\\/turschwellenrampe.de\\\/wp-content\\\/uploads\\\/2020\\\/03\\\/stepless-brede-oprijplaat.jpg\",\"width\":481,\"height\":400},{\"@type\":\"BreadcrumbList\",\"@id\":\"https:\\\/\\\/turschwellenrampe.de\\\/de\\\/rollstuhlrampen\\\/rollstuhlrampen-extra-breit\\\/breite-rollstuhlrampe-150cm\\\/#breadcrumb\",\"itemListElement\":[{\"@type\":\"ListItem\",\"position\":1,\"name\":\"Home\",\"item\":\"https:\\\/\\\/turschwellenrampe.de\\\/de\\\/\"},{\"@type\":\"ListItem\",\"position\":2,\"name\":\"Shop\",\"item\":\"https:\\\/\\\/turschwellenrampe.de\\\/de\\\/geschaft\\\/\"},{\"@type\":\"ListItem\",\"position\":3,\"name\":\"Breite Rollstuhlrampe &#8211; 150cm\"}]},{\"@type\":\"WebSite\",\"@id\":\"https:\\\/\\\/turschwellenrampe.de\\\/de\\\/#website\",\"url\":\"https:\\\/\\\/turschwellenrampe.de\\\/de\\\/\",\"name\":\"Turschwellenrampe.de\",\"description\":\"De Specialist in Toegankelijkheid\",\"potentialAction\":[{\"@type\":\"SearchAction\",\"target\":{\"@type\":\"EntryPoint\",\"urlTemplate\":\"https:\\\/\\\/turschwellenrampe.de\\\/de\\\/?s={search_term_string}\"},\"query-input\":{\"@type\":\"PropertyValueSpecification\",\"valueRequired\":true,\"valueName\":\"search_term_string\"}}],\"inLanguage\":\"de\"}]}<\/script>\n<!-- \/ Yoast SEO plugin. -->","yoast_head_json":{"title":"Breite Rollstuhlrampe - 150cm - Turschwellenrampe.de","robots":{"index":"index","follow":"follow","max-snippet":"max-snippet:-1","max-image-preview":"max-image-preview:large","max-video-preview":"max-video-preview:-1"},"canonical":"https:\/\/turschwellenrampe.de\/de\/rollstuhlrampen\/rollstuhlrampen-extra-breit\/breite-rollstuhlrampe-150cm\/","og_locale":"de_DE","og_type":"article","og_title":"Breite Rollstuhlrampe - 150cm - Turschwellenrampe.de","og_description":"Breite Rollstuhlrampe - 150cm Die Rollstuhlrampeist am besten geeignet, wenn sie dauerhaft befestigt ist. Die Rollstuhlrampe ist mit einer rutschfesten Schicht versehen, so dass die Rampe mehr Komfort und Sicherheit f\u00fcr den Benutzer und das Pflegepersonal bietet. Die Rollstuhlrampe ist f\u00fcr Rollst\u00fchle, Scooterund elektrische Rollst\u00fchle geeignet. Spezifikationen:  L\u00e4nge: 150 cm  Gesamtbreite: 88 cm  Maximale Gewichtskapazit\u00e4t: 325 kg  Gewicht der Rampe: 14,4 kg Maximale Auffahrh\u00f6he:  Unabh\u00e4ngige Benutzer von manuellen Rollst\u00fchlen: 21,4 cm (1:7)  Von einer Pflegeperson geschoben, Mobilit\u00e4tsroller und elektrische Rollst\u00fchle: 37,5 cm (1:5) &gt; Ben\u00f6tigen Sie Hilfe bei der Auswahl der richtigen Rampenl\u00e4nge?","og_url":"https:\/\/turschwellenrampe.de\/de\/rollstuhlrampen\/rollstuhlrampen-extra-breit\/breite-rollstuhlrampe-150cm\/","og_site_name":"Turschwellenrampe.de","article_publisher":"https:\/\/www.facebook.com\/Drempelhulp\/","article_modified_time":"2024-01-18T16:38:06+00:00","og_image":[{"width":481,"height":400,"url":"https:\/\/turschwellenrampe.de\/wp-content\/uploads\/2020\/03\/stepless-brede-oprijplaat.jpg","type":"image\/jpeg"}],"twitter_card":"summary_large_image","schema":{"@context":"https:\/\/schema.org","@graph":[{"@type":"WebPage","@id":"https:\/\/turschwellenrampe.de\/de\/rollstuhlrampen\/rollstuhlrampen-extra-breit\/breite-rollstuhlrampe-150cm\/","url":"https:\/\/turschwellenrampe.de\/de\/rollstuhlrampen\/rollstuhlrampen-extra-breit\/breite-rollstuhlrampe-150cm\/","name":"Breite Rollstuhlrampe - 150cm - Turschwellenrampe.de","isPartOf":{"@id":"https:\/\/turschwellenrampe.de\/de\/#website"},"primaryImageOfPage":{"@id":"https:\/\/turschwellenrampe.de\/de\/rollstuhlrampen\/rollstuhlrampen-extra-breit\/breite-rollstuhlrampe-150cm\/#primaryimage"},"image":{"@id":"https:\/\/turschwellenrampe.de\/de\/rollstuhlrampen\/rollstuhlrampen-extra-breit\/breite-rollstuhlrampe-150cm\/#primaryimage"},"thumbnailUrl":"https:\/\/turschwellenrampe.de\/wp-content\/uploads\/2020\/03\/stepless-brede-oprijplaat.jpg","datePublished":"2020-03-19T15:25:22+00:00","dateModified":"2024-01-18T16:38:06+00:00","breadcrumb":{"@id":"https:\/\/turschwellenrampe.de\/de\/rollstuhlrampen\/rollstuhlrampen-extra-breit\/breite-rollstuhlrampe-150cm\/#breadcrumb"},"inLanguage":"de","potentialAction":[{"@type":"ReadAction","target":["https:\/\/turschwellenrampe.de\/de\/rollstuhlrampen\/rollstuhlrampen-extra-breit\/breite-rollstuhlrampe-150cm\/"]}]},{"@type":"ImageObject","inLanguage":"de","@id":"https:\/\/turschwellenrampe.de\/de\/rollstuhlrampen\/rollstuhlrampen-extra-breit\/breite-rollstuhlrampe-150cm\/#primaryimage","url":"https:\/\/turschwellenrampe.de\/wp-content\/uploads\/2020\/03\/stepless-brede-oprijplaat.jpg","contentUrl":"https:\/\/turschwellenrampe.de\/wp-content\/uploads\/2020\/03\/stepless-brede-oprijplaat.jpg","width":481,"height":400},{"@type":"BreadcrumbList","@id":"https:\/\/turschwellenrampe.de\/de\/rollstuhlrampen\/rollstuhlrampen-extra-breit\/breite-rollstuhlrampe-150cm\/#breadcrumb","itemListElement":[{"@type":"ListItem","position":1,"name":"Home","item":"https:\/\/turschwellenrampe.de\/de\/"},{"@type":"ListItem","position":2,"name":"Shop","item":"https:\/\/turschwellenrampe.de\/de\/geschaft\/"},{"@type":"ListItem","position":3,"name":"Breite Rollstuhlrampe &#8211; 150cm"}]},{"@type":"WebSite","@id":"https:\/\/turschwellenrampe.de\/de\/#website","url":"https:\/\/turschwellenrampe.de\/de\/","name":"Turschwellenrampe.de","description":"De Specialist in Toegankelijkheid","potentialAction":[{"@type":"SearchAction","target":{"@type":"EntryPoint","urlTemplate":"https:\/\/turschwellenrampe.de\/de\/?s={search_term_string}"},"query-input":{"@type":"PropertyValueSpecification","valueRequired":true,"valueName":"search_term_string"}}],"inLanguage":"de"}]}},"_links":{"self":[{"href":"https:\/\/turschwellenrampe.de\/de\/wp-json\/wp\/v2\/product\/12807","targetHints":{"allow":["GET"]}}],"collection":[{"href":"https:\/\/turschwellenrampe.de\/de\/wp-json\/wp\/v2\/product"}],"about":[{"href":"https:\/\/turschwellenrampe.de\/de\/wp-json\/wp\/v2\/types\/product"}],"replies":[{"embeddable":true,"href":"https:\/\/turschwellenrampe.de\/de\/wp-json\/wp\/v2\/comments?post=12807"}],"wp:featuredmedia":[{"embeddable":true,"href":"https:\/\/turschwellenrampe.de\/de\/wp-json\/wp\/v2\/media\/11139"}],"wp:attachment":[{"href":"https:\/\/turschwellenrampe.de\/de\/wp-json\/wp\/v2\/media?parent=12807"}],"wp:term":[{"taxonomy":"product_brand","embeddable":true,"href":"https:\/\/turschwellenrampe.de\/de\/wp-json\/wp\/v2\/product_brand?post=12807"},{"taxonomy":"product_cat","embeddable":true,"href":"https:\/\/turschwellenrampe.de\/de\/wp-json\/wp\/v2\/product_cat?post=12807"},{"taxonomy":"product_tag","embeddable":true,"href":"https:\/\/turschwellenrampe.de\/de\/wp-json\/wp\/v2\/product_tag?post=12807"}],"curies":[{"name":"wp","href":"https:\/\/api.w.org\/{rel}","templated":true}]}}