{"id":12803,"date":"2020-03-19T16:28:54","date_gmt":"2020-03-19T15:28:54","guid":{"rendered":"https:\/\/turschwellenrampe.de\/shop\/unkategorisiert\/breite-faltbare-rollstuhlrampe-250cm\/"},"modified":"2024-07-19T13:11:46","modified_gmt":"2024-07-19T11:11:46","slug":"breite-faltbare-rollstuhlrampe-250cm","status":"publish","type":"product","link":"https:\/\/turschwellenrampe.de\/de\/rollstuhlrampen\/rollstuhlrampen-extra-breit\/breite-faltbare-rollstuhlrampe-250cm\/","title":{"rendered":"Breite faltbare Rollstuhlrampe &#8211; 250cm"},"content":{"rendered":"<p>Breite faltbare Rollstuhlrampe &#8211; 250cm<\/p>\n<p>Die <strong>Rollstuhlrampe<\/strong>ist am besten geeignet, wenn sie dauerhaft befestigt ist. Die <strong>Rollstuhlrampe<\/strong>ist mit einer Anti-Rutsch-Schicht versehen, um Komfort und Sicherheit f\u00fcr den Benutzer und die Pflegeperson zu gew\u00e4hrleisten. Die <strong>Rollstuhlrampe<\/strong>ist gut f\u00fcr <strong>Scooter<\/strong>und <strong>elektrische Rollst\u00fchle<\/strong> geeignet.<\/p>\n<p><strong>Spezifikationen:<\/strong><\/p>\n<ul style=\"list-style-type: circle;\">\n<li> L\u00e4nge: 250cm<\/li>\n<li> Gesamtbreite: 88 cm<\/li>\n<li> Maximale Gewichtskapazit\u00e4t: 200 kg<\/li>\n<li> Gewicht der Rampe: 26.9kg<\/li>\n<\/ul>\n<p><strong>Maximale Auffahrh\u00f6he:<\/strong><\/p>\n<ul style=\"list-style-type: circle;\">\n<li>Unabh\u00e4ngige Benutzer von manuellen Rollst\u00fchlen: 35,7 cm (1:7)<\/li>\n<li>Geschoben von einer Pflegeperson, Mobilit\u00e4tsrollern und elektrischen Rollst\u00fchlen: 50 cm (1:5)<\/li>\n<\/ul>\n<p><a href=\"https:\/\/turschwellenrampe.de\/drempelhulp-uitleg-pagina\/\" target=\"_blank\" rel=\"noopener noreferrer\" data-href=\"#PAGE-LINK:68#\">&gt; Ben\u00f6tigen Sie Hilfe bei der Auswahl der richtigen Rampenl\u00e4nge?<\/a><\/p>\n","protected":false},"excerpt":{"rendered":"<p>Breite faltbare Rollstuhlrampe &#8211; 250cm<\/p>\n<p>Die <strong>Rollstuhlrampe<\/strong>ist am besten geeignet, wenn sie dauerhaft befestigt ist. Die <strong>Rollstuhlrampe<\/strong>ist mit einer Anti-Rutsch-Schicht versehen, um Komfort und Sicherheit f\u00fcr den Benutzer und die Pflegeperson zu gew\u00e4hrleisten. Die <strong>Rollstuhlrampe<\/strong>ist gut f\u00fcr <strong>Scooter<\/strong>und <strong>elektrische Rollst\u00fchle<\/strong> geeignet.<\/p>\n<p><strong>Spezifikationen:<\/strong><\/p>\n<ul style=\"list-style-type: circle;\">\n<li> L\u00e4nge: 250cm<\/li>\n<li> Gesamtbreite: 88 cm<\/li>\n<li> Maximale Gewichtskapazit\u00e4t: 200 kg<\/li>\n<li> Gewicht der Rampe: 26.9kg<\/li>\n<\/ul>\n<p><strong>Maximale Auffahrh\u00f6he:<\/strong><\/p>\n<ul style=\"list-style-type: circle;\">\n<li>Unabh\u00e4ngige Benutzer von manuellen Rollst\u00fchlen: 35,7 cm (1:7)<\/li>\n<li>Geschoben von einer Pflegeperson, Mobilit\u00e4tsrollern und elektrischen Rollst\u00fchlen: 50 cm (1:5)<\/li>\n<\/ul>\n<p><a href=\"\/maximale-oprijhoogte\/\" target=\"_blank\" rel=\"noopener noreferrer\" data-href=\"#PAGE-LINK:68#\">&gt; Ben\u00f6tigen Sie Hilfe bei der Auswahl der richtigen Rampenl\u00e4nge?<\/a><\/p>\n","protected":false},"featured_media":11135,"comment_status":"open","ping_status":"closed","template":"","meta":[],"product_brand":[],"product_cat":[532],"product_tag":[],"class_list":{"0":"post-12803","1":"product","2":"type-product","3":"status-publish","4":"has-post-thumbnail","6":"product_cat-rollstuhlrampen-extra-breit","8":"first","9":"instock","10":"taxable","11":"shipping-taxable","12":"purchasable","13":"product-type-simple"},"yoast_head":"<!-- This site is optimized with the Yoast SEO plugin v27.3 - https:\/\/yoast.com\/product\/yoast-seo-wordpress\/ -->\n<title>Breite faltbare Rollstuhlrampe - 250cm - Turschwellenrampe.de<\/title>\n<meta name=\"robots\" content=\"index, follow, max-snippet:-1, max-image-preview:large, max-video-preview:-1\" \/>\n<link rel=\"canonical\" href=\"https:\/\/turschwellenrampe.de\/de\/rollstuhlrampen\/rollstuhlrampen-extra-breit\/breite-faltbare-rollstuhlrampe-250cm\/\" \/>\n<meta property=\"og:locale\" content=\"de_DE\" \/>\n<meta property=\"og:type\" content=\"article\" \/>\n<meta property=\"og:title\" content=\"Breite faltbare Rollstuhlrampe - 250cm - Turschwellenrampe.de\" \/>\n<meta property=\"og:description\" content=\"Breite faltbare Rollstuhlrampe - 250cm Die Rollstuhlrampeist am besten geeignet, wenn sie dauerhaft befestigt ist. Die Rollstuhlrampeist mit einer Anti-Rutsch-Schicht versehen, um Komfort und Sicherheit f\u00fcr den Benutzer und die Pflegeperson zu gew\u00e4hrleisten. Die Rollstuhlrampeist gut f\u00fcr Scooterund elektrische Rollst\u00fchle geeignet. Spezifikationen:   L\u00e4nge: 250cm  Gesamtbreite: 88 cm  Maximale Gewichtskapazit\u00e4t: 200 kg  Gewicht der Rampe: 26.9kg Maximale Auffahrh\u00f6he:  Unabh\u00e4ngige Benutzer von manuellen Rollst\u00fchlen: 35,7 cm (1:7)  Geschoben von einer Pflegeperson, Mobilit\u00e4tsrollern und elektrischen Rollst\u00fchlen: 50 cm (1:5) &gt; Ben\u00f6tigen Sie Hilfe bei der Auswahl der richtigen Rampenl\u00e4nge?\" \/>\n<meta property=\"og:url\" content=\"https:\/\/turschwellenrampe.de\/de\/rollstuhlrampen\/rollstuhlrampen-extra-breit\/breite-faltbare-rollstuhlrampe-250cm\/\" \/>\n<meta property=\"og:site_name\" content=\"Turschwellenrampe.de\" \/>\n<meta property=\"article:publisher\" content=\"https:\/\/www.facebook.com\/Drempelhulp\/\" \/>\n<meta property=\"article:modified_time\" content=\"2024-07-19T11:11:46+00:00\" \/>\n<meta property=\"og:image\" content=\"https:\/\/turschwellenrampe.de\/wp-content\/uploads\/2020\/03\/categorie-breed-opvouwbaar.png\" \/>\n\t<meta property=\"og:image:width\" content=\"695\" \/>\n\t<meta property=\"og:image:height\" content=\"480\" \/>\n\t<meta property=\"og:image:type\" content=\"image\/png\" \/>\n<meta name=\"twitter:card\" content=\"summary_large_image\" \/>\n<script type=\"application\/ld+json\" class=\"yoast-schema-graph\">{\"@context\":\"https:\\\/\\\/schema.org\",\"@graph\":[{\"@type\":\"WebPage\",\"@id\":\"https:\\\/\\\/turschwellenrampe.de\\\/de\\\/rollstuhlrampen\\\/rollstuhlrampen-extra-breit\\\/breite-faltbare-rollstuhlrampe-250cm\\\/\",\"url\":\"https:\\\/\\\/turschwellenrampe.de\\\/de\\\/rollstuhlrampen\\\/rollstuhlrampen-extra-breit\\\/breite-faltbare-rollstuhlrampe-250cm\\\/\",\"name\":\"Breite faltbare Rollstuhlrampe - 250cm - Turschwellenrampe.de\",\"isPartOf\":{\"@id\":\"https:\\\/\\\/turschwellenrampe.de\\\/de\\\/#website\"},\"primaryImageOfPage\":{\"@id\":\"https:\\\/\\\/turschwellenrampe.de\\\/de\\\/rollstuhlrampen\\\/rollstuhlrampen-extra-breit\\\/breite-faltbare-rollstuhlrampe-250cm\\\/#primaryimage\"},\"image\":{\"@id\":\"https:\\\/\\\/turschwellenrampe.de\\\/de\\\/rollstuhlrampen\\\/rollstuhlrampen-extra-breit\\\/breite-faltbare-rollstuhlrampe-250cm\\\/#primaryimage\"},\"thumbnailUrl\":\"https:\\\/\\\/turschwellenrampe.de\\\/wp-content\\\/uploads\\\/2020\\\/03\\\/categorie-breed-opvouwbaar.png\",\"datePublished\":\"2020-03-19T15:28:54+00:00\",\"dateModified\":\"2024-07-19T11:11:46+00:00\",\"breadcrumb\":{\"@id\":\"https:\\\/\\\/turschwellenrampe.de\\\/de\\\/rollstuhlrampen\\\/rollstuhlrampen-extra-breit\\\/breite-faltbare-rollstuhlrampe-250cm\\\/#breadcrumb\"},\"inLanguage\":\"de\",\"potentialAction\":[{\"@type\":\"ReadAction\",\"target\":[\"https:\\\/\\\/turschwellenrampe.de\\\/de\\\/rollstuhlrampen\\\/rollstuhlrampen-extra-breit\\\/breite-faltbare-rollstuhlrampe-250cm\\\/\"]}]},{\"@type\":\"ImageObject\",\"inLanguage\":\"de\",\"@id\":\"https:\\\/\\\/turschwellenrampe.de\\\/de\\\/rollstuhlrampen\\\/rollstuhlrampen-extra-breit\\\/breite-faltbare-rollstuhlrampe-250cm\\\/#primaryimage\",\"url\":\"https:\\\/\\\/turschwellenrampe.de\\\/wp-content\\\/uploads\\\/2020\\\/03\\\/categorie-breed-opvouwbaar.png\",\"contentUrl\":\"https:\\\/\\\/turschwellenrampe.de\\\/wp-content\\\/uploads\\\/2020\\\/03\\\/categorie-breed-opvouwbaar.png\",\"width\":695,\"height\":480},{\"@type\":\"BreadcrumbList\",\"@id\":\"https:\\\/\\\/turschwellenrampe.de\\\/de\\\/rollstuhlrampen\\\/rollstuhlrampen-extra-breit\\\/breite-faltbare-rollstuhlrampe-250cm\\\/#breadcrumb\",\"itemListElement\":[{\"@type\":\"ListItem\",\"position\":1,\"name\":\"Home\",\"item\":\"https:\\\/\\\/turschwellenrampe.de\\\/de\\\/\"},{\"@type\":\"ListItem\",\"position\":2,\"name\":\"Shop\",\"item\":\"https:\\\/\\\/turschwellenrampe.de\\\/de\\\/geschaft\\\/\"},{\"@type\":\"ListItem\",\"position\":3,\"name\":\"Breite faltbare Rollstuhlrampe &#8211; 250cm\"}]},{\"@type\":\"WebSite\",\"@id\":\"https:\\\/\\\/turschwellenrampe.de\\\/de\\\/#website\",\"url\":\"https:\\\/\\\/turschwellenrampe.de\\\/de\\\/\",\"name\":\"Turschwellenrampe.de\",\"description\":\"De Specialist in Toegankelijkheid\",\"potentialAction\":[{\"@type\":\"SearchAction\",\"target\":{\"@type\":\"EntryPoint\",\"urlTemplate\":\"https:\\\/\\\/turschwellenrampe.de\\\/de\\\/?s={search_term_string}\"},\"query-input\":{\"@type\":\"PropertyValueSpecification\",\"valueRequired\":true,\"valueName\":\"search_term_string\"}}],\"inLanguage\":\"de\"}]}<\/script>\n<!-- \/ Yoast SEO plugin. -->","yoast_head_json":{"title":"Breite faltbare Rollstuhlrampe - 250cm - Turschwellenrampe.de","robots":{"index":"index","follow":"follow","max-snippet":"max-snippet:-1","max-image-preview":"max-image-preview:large","max-video-preview":"max-video-preview:-1"},"canonical":"https:\/\/turschwellenrampe.de\/de\/rollstuhlrampen\/rollstuhlrampen-extra-breit\/breite-faltbare-rollstuhlrampe-250cm\/","og_locale":"de_DE","og_type":"article","og_title":"Breite faltbare Rollstuhlrampe - 250cm - Turschwellenrampe.de","og_description":"Breite faltbare Rollstuhlrampe - 250cm Die Rollstuhlrampeist am besten geeignet, wenn sie dauerhaft befestigt ist. Die Rollstuhlrampeist mit einer Anti-Rutsch-Schicht versehen, um Komfort und Sicherheit f\u00fcr den Benutzer und die Pflegeperson zu gew\u00e4hrleisten. Die Rollstuhlrampeist gut f\u00fcr Scooterund elektrische Rollst\u00fchle geeignet. Spezifikationen:   L\u00e4nge: 250cm  Gesamtbreite: 88 cm  Maximale Gewichtskapazit\u00e4t: 200 kg  Gewicht der Rampe: 26.9kg Maximale Auffahrh\u00f6he:  Unabh\u00e4ngige Benutzer von manuellen Rollst\u00fchlen: 35,7 cm (1:7)  Geschoben von einer Pflegeperson, Mobilit\u00e4tsrollern und elektrischen Rollst\u00fchlen: 50 cm (1:5) &gt; Ben\u00f6tigen Sie Hilfe bei der Auswahl der richtigen Rampenl\u00e4nge?","og_url":"https:\/\/turschwellenrampe.de\/de\/rollstuhlrampen\/rollstuhlrampen-extra-breit\/breite-faltbare-rollstuhlrampe-250cm\/","og_site_name":"Turschwellenrampe.de","article_publisher":"https:\/\/www.facebook.com\/Drempelhulp\/","article_modified_time":"2024-07-19T11:11:46+00:00","og_image":[{"width":695,"height":480,"url":"https:\/\/turschwellenrampe.de\/wp-content\/uploads\/2020\/03\/categorie-breed-opvouwbaar.png","type":"image\/png"}],"twitter_card":"summary_large_image","schema":{"@context":"https:\/\/schema.org","@graph":[{"@type":"WebPage","@id":"https:\/\/turschwellenrampe.de\/de\/rollstuhlrampen\/rollstuhlrampen-extra-breit\/breite-faltbare-rollstuhlrampe-250cm\/","url":"https:\/\/turschwellenrampe.de\/de\/rollstuhlrampen\/rollstuhlrampen-extra-breit\/breite-faltbare-rollstuhlrampe-250cm\/","name":"Breite faltbare Rollstuhlrampe - 250cm - Turschwellenrampe.de","isPartOf":{"@id":"https:\/\/turschwellenrampe.de\/de\/#website"},"primaryImageOfPage":{"@id":"https:\/\/turschwellenrampe.de\/de\/rollstuhlrampen\/rollstuhlrampen-extra-breit\/breite-faltbare-rollstuhlrampe-250cm\/#primaryimage"},"image":{"@id":"https:\/\/turschwellenrampe.de\/de\/rollstuhlrampen\/rollstuhlrampen-extra-breit\/breite-faltbare-rollstuhlrampe-250cm\/#primaryimage"},"thumbnailUrl":"https:\/\/turschwellenrampe.de\/wp-content\/uploads\/2020\/03\/categorie-breed-opvouwbaar.png","datePublished":"2020-03-19T15:28:54+00:00","dateModified":"2024-07-19T11:11:46+00:00","breadcrumb":{"@id":"https:\/\/turschwellenrampe.de\/de\/rollstuhlrampen\/rollstuhlrampen-extra-breit\/breite-faltbare-rollstuhlrampe-250cm\/#breadcrumb"},"inLanguage":"de","potentialAction":[{"@type":"ReadAction","target":["https:\/\/turschwellenrampe.de\/de\/rollstuhlrampen\/rollstuhlrampen-extra-breit\/breite-faltbare-rollstuhlrampe-250cm\/"]}]},{"@type":"ImageObject","inLanguage":"de","@id":"https:\/\/turschwellenrampe.de\/de\/rollstuhlrampen\/rollstuhlrampen-extra-breit\/breite-faltbare-rollstuhlrampe-250cm\/#primaryimage","url":"https:\/\/turschwellenrampe.de\/wp-content\/uploads\/2020\/03\/categorie-breed-opvouwbaar.png","contentUrl":"https:\/\/turschwellenrampe.de\/wp-content\/uploads\/2020\/03\/categorie-breed-opvouwbaar.png","width":695,"height":480},{"@type":"BreadcrumbList","@id":"https:\/\/turschwellenrampe.de\/de\/rollstuhlrampen\/rollstuhlrampen-extra-breit\/breite-faltbare-rollstuhlrampe-250cm\/#breadcrumb","itemListElement":[{"@type":"ListItem","position":1,"name":"Home","item":"https:\/\/turschwellenrampe.de\/de\/"},{"@type":"ListItem","position":2,"name":"Shop","item":"https:\/\/turschwellenrampe.de\/de\/geschaft\/"},{"@type":"ListItem","position":3,"name":"Breite faltbare Rollstuhlrampe &#8211; 250cm"}]},{"@type":"WebSite","@id":"https:\/\/turschwellenrampe.de\/de\/#website","url":"https:\/\/turschwellenrampe.de\/de\/","name":"Turschwellenrampe.de","description":"De Specialist in Toegankelijkheid","potentialAction":[{"@type":"SearchAction","target":{"@type":"EntryPoint","urlTemplate":"https:\/\/turschwellenrampe.de\/de\/?s={search_term_string}"},"query-input":{"@type":"PropertyValueSpecification","valueRequired":true,"valueName":"search_term_string"}}],"inLanguage":"de"}]}},"_links":{"self":[{"href":"https:\/\/turschwellenrampe.de\/de\/wp-json\/wp\/v2\/product\/12803","targetHints":{"allow":["GET"]}}],"collection":[{"href":"https:\/\/turschwellenrampe.de\/de\/wp-json\/wp\/v2\/product"}],"about":[{"href":"https:\/\/turschwellenrampe.de\/de\/wp-json\/wp\/v2\/types\/product"}],"replies":[{"embeddable":true,"href":"https:\/\/turschwellenrampe.de\/de\/wp-json\/wp\/v2\/comments?post=12803"}],"wp:featuredmedia":[{"embeddable":true,"href":"https:\/\/turschwellenrampe.de\/de\/wp-json\/wp\/v2\/media\/11135"}],"wp:attachment":[{"href":"https:\/\/turschwellenrampe.de\/de\/wp-json\/wp\/v2\/media?parent=12803"}],"wp:term":[{"taxonomy":"product_brand","embeddable":true,"href":"https:\/\/turschwellenrampe.de\/de\/wp-json\/wp\/v2\/product_brand?post=12803"},{"taxonomy":"product_cat","embeddable":true,"href":"https:\/\/turschwellenrampe.de\/de\/wp-json\/wp\/v2\/product_cat?post=12803"},{"taxonomy":"product_tag","embeddable":true,"href":"https:\/\/turschwellenrampe.de\/de\/wp-json\/wp\/v2\/product_tag?post=12803"}],"curies":[{"name":"wp","href":"https:\/\/api.w.org\/{rel}","templated":true}]}}