{"id":12801,"date":"2020-03-19T16:31:41","date_gmt":"2020-03-19T15:31:41","guid":{"rendered":"https:\/\/turschwellenrampe.de\/shop\/unkategorisiert\/tragbare-schwellenrampe-3-bis-7-cm\/"},"modified":"2026-04-24T12:36:33","modified_gmt":"2026-04-24T10:36:33","slug":"tragbare-schwellenrampe-3-bis-7cm","status":"publish","type":"product","link":"https:\/\/turschwellenrampe.de\/de\/turschwellenrampen\/schwellenrampen-aluminium\/tragbare-schwellenrampe-3-bis-7cm\/","title":{"rendered":"Tragbare Schwellenrampe &#8211; 3 bis 7 cm"},"content":{"rendered":"<p>Zusammenklappbares Aluminium Rollstuhlrampe, die Schwellenrampe wiegt insgesamt nur 3,3 kg und ist mit Griffen ausgestattet. Sehr praktische \u00dcbergangsl\u00f6sung f\u00fcr viele verschiedene Situationen, einschlie\u00dflich Schiebet\u00fcren.<\/p>\n<p><strong>Spezifikationen:<\/strong><\/p>\n<ul>\n<li>L\u00e4nge: 76cm<\/li>\n<li>Breite: 40cm<\/li>\n<li>Breite wenn gefaltet: 20cm<\/li>\n<li>H\u00f6he bis zu: 7cm<\/li>\n<li>Gewicht: 3,3kg<\/li>\n<li>Gewichtskapazit\u00e4t: 300kg<\/li>\n<\/ul>\n","protected":false},"excerpt":{"rendered":"<p>Zusammenklappbares Aluminium Rollstuhlrampe, die Schwellenrampe wiegt insgesamt nur 3,3 kg und ist mit Griffen ausgestattet. Sehr praktische \u00dcbergangsl\u00f6sung f\u00fcr viele verschiedene Situationen, einschlie\u00dflich Schiebet\u00fcren.<\/p>\n<p><strong>Spezifikationen:<\/strong><\/p>\n<ul>\n<li>L\u00e4nge: 76cm<\/li>\n<li>Breite: 40cm<\/li>\n<li>Breite wenn gefaltet: 20cm<\/li>\n<li>H\u00f6he bis zu: 7cm<\/li>\n<li>Gewicht: 3,3kg<\/li>\n<li>Gewichtskapazit\u00e4t: 300kg<\/li>\n<\/ul>\n","protected":false},"featured_media":11159,"comment_status":"open","ping_status":"closed","template":"","meta":[],"product_brand":[],"product_cat":[509,510],"product_tag":[555,556,557],"class_list":{"0":"post-12801","1":"product","2":"type-product","3":"status-publish","4":"has-post-thumbnail","6":"product_cat-schwellenrampen-aluminium","7":"product_cat-schwellenrampe-terrassentur","8":"product_tag-hohe-2-bis-4-cm","9":"product_tag-hohe-4-bis-6-cm","10":"product_tag-hohe-6-bis-8-cm","11":"pa_kenmerk-1-fur-den-auseneinsatz","12":"pa_kenmerk-1-fur-den-innenbereich","13":"pa_kleur-variant-wielstoppers-lichtgrau","15":"first","16":"instock","17":"taxable","18":"shipping-taxable","19":"purchasable","20":"product-type-simple"},"yoast_head":"<!-- This site is optimized with the Yoast SEO plugin v27.3 - https:\/\/yoast.com\/product\/yoast-seo-wordpress\/ -->\n<title>Tragbare Schwellenrampe - 3 bis 7 cm - Turschwellenrampe.de<\/title>\n<meta name=\"robots\" content=\"index, follow, max-snippet:-1, max-image-preview:large, max-video-preview:-1\" \/>\n<link rel=\"canonical\" href=\"https:\/\/turschwellenrampe.de\/de\/turschwellenrampen\/schwellenrampen-aluminium\/tragbare-schwellenrampe-3-bis-7cm\/\" \/>\n<meta property=\"og:locale\" content=\"de_DE\" \/>\n<meta property=\"og:type\" content=\"article\" \/>\n<meta property=\"og:title\" content=\"Tragbare Schwellenrampe - 3 bis 7 cm - Turschwellenrampe.de\" \/>\n<meta property=\"og:description\" content=\"Zusammenklappbares Aluminium Rollstuhlrampe, die Schwellenrampe wiegt insgesamt nur 3,3 kg und ist mit Griffen ausgestattet. Sehr praktische \u00dcbergangsl\u00f6sung f\u00fcr viele verschiedene Situationen, einschlie\u00dflich Schiebet\u00fcren. Spezifikationen:  L\u00e4nge: 76cm  Breite: 40cm  Breite wenn gefaltet: 20cm  H\u00f6he bis zu: 7cm  Gewicht: 3,3kg  Gewichtskapazit\u00e4t: 300kg\" \/>\n<meta property=\"og:url\" content=\"https:\/\/turschwellenrampe.de\/de\/turschwellenrampen\/schwellenrampen-aluminium\/tragbare-schwellenrampe-3-bis-7cm\/\" \/>\n<meta property=\"og:site_name\" content=\"Turschwellenrampe.de\" \/>\n<meta property=\"article:publisher\" content=\"https:\/\/www.facebook.com\/Drempelhulp\/\" \/>\n<meta property=\"article:modified_time\" content=\"2026-04-24T10:36:33+00:00\" \/>\n<meta property=\"og:image\" content=\"https:\/\/turschwellenrampe.de\/wp-content\/uploads\/2020\/03\/drempel3-300x300x0-90005b388538b3f0245c67d1ba18ea65.png\" \/>\n\t<meta property=\"og:image:width\" content=\"300\" \/>\n\t<meta property=\"og:image:height\" content=\"300\" \/>\n\t<meta property=\"og:image:type\" content=\"image\/png\" \/>\n<meta name=\"twitter:card\" content=\"summary_large_image\" \/>\n<script type=\"application\/ld+json\" class=\"yoast-schema-graph\">{\"@context\":\"https:\\\/\\\/schema.org\",\"@graph\":[{\"@type\":\"WebPage\",\"@id\":\"https:\\\/\\\/turschwellenrampe.de\\\/de\\\/turschwellenrampen\\\/schwellenrampen-aluminium\\\/tragbare-schwellenrampe-3-bis-7cm\\\/\",\"url\":\"https:\\\/\\\/turschwellenrampe.de\\\/de\\\/turschwellenrampen\\\/schwellenrampen-aluminium\\\/tragbare-schwellenrampe-3-bis-7cm\\\/\",\"name\":\"Tragbare Schwellenrampe - 3 bis 7 cm - Turschwellenrampe.de\",\"isPartOf\":{\"@id\":\"https:\\\/\\\/turschwellenrampe.de\\\/de\\\/#website\"},\"primaryImageOfPage\":{\"@id\":\"https:\\\/\\\/turschwellenrampe.de\\\/de\\\/turschwellenrampen\\\/schwellenrampen-aluminium\\\/tragbare-schwellenrampe-3-bis-7cm\\\/#primaryimage\"},\"image\":{\"@id\":\"https:\\\/\\\/turschwellenrampe.de\\\/de\\\/turschwellenrampen\\\/schwellenrampen-aluminium\\\/tragbare-schwellenrampe-3-bis-7cm\\\/#primaryimage\"},\"thumbnailUrl\":\"https:\\\/\\\/turschwellenrampe.de\\\/wp-content\\\/uploads\\\/2020\\\/03\\\/drempel3-300x300x0-90005b388538b3f0245c67d1ba18ea65.png\",\"datePublished\":\"2020-03-19T15:31:41+00:00\",\"dateModified\":\"2026-04-24T10:36:33+00:00\",\"breadcrumb\":{\"@id\":\"https:\\\/\\\/turschwellenrampe.de\\\/de\\\/turschwellenrampen\\\/schwellenrampen-aluminium\\\/tragbare-schwellenrampe-3-bis-7cm\\\/#breadcrumb\"},\"inLanguage\":\"de\",\"potentialAction\":[{\"@type\":\"ReadAction\",\"target\":[\"https:\\\/\\\/turschwellenrampe.de\\\/de\\\/turschwellenrampen\\\/schwellenrampen-aluminium\\\/tragbare-schwellenrampe-3-bis-7cm\\\/\"]}]},{\"@type\":\"ImageObject\",\"inLanguage\":\"de\",\"@id\":\"https:\\\/\\\/turschwellenrampe.de\\\/de\\\/turschwellenrampen\\\/schwellenrampen-aluminium\\\/tragbare-schwellenrampe-3-bis-7cm\\\/#primaryimage\",\"url\":\"https:\\\/\\\/turschwellenrampe.de\\\/wp-content\\\/uploads\\\/2020\\\/03\\\/drempel3-300x300x0-90005b388538b3f0245c67d1ba18ea65.png\",\"contentUrl\":\"https:\\\/\\\/turschwellenrampe.de\\\/wp-content\\\/uploads\\\/2020\\\/03\\\/drempel3-300x300x0-90005b388538b3f0245c67d1ba18ea65.png\",\"width\":300,\"height\":300},{\"@type\":\"BreadcrumbList\",\"@id\":\"https:\\\/\\\/turschwellenrampe.de\\\/de\\\/turschwellenrampen\\\/schwellenrampen-aluminium\\\/tragbare-schwellenrampe-3-bis-7cm\\\/#breadcrumb\",\"itemListElement\":[{\"@type\":\"ListItem\",\"position\":1,\"name\":\"Home\",\"item\":\"https:\\\/\\\/turschwellenrampe.de\\\/de\\\/\"},{\"@type\":\"ListItem\",\"position\":2,\"name\":\"Shop\",\"item\":\"https:\\\/\\\/turschwellenrampe.de\\\/de\\\/geschaft\\\/\"},{\"@type\":\"ListItem\",\"position\":3,\"name\":\"Tragbare Schwellenrampe &#8211; 3 bis 7 cm\"}]},{\"@type\":\"WebSite\",\"@id\":\"https:\\\/\\\/turschwellenrampe.de\\\/de\\\/#website\",\"url\":\"https:\\\/\\\/turschwellenrampe.de\\\/de\\\/\",\"name\":\"Turschwellenrampe.de\",\"description\":\"De Specialist in Toegankelijkheid\",\"potentialAction\":[{\"@type\":\"SearchAction\",\"target\":{\"@type\":\"EntryPoint\",\"urlTemplate\":\"https:\\\/\\\/turschwellenrampe.de\\\/de\\\/?s={search_term_string}\"},\"query-input\":{\"@type\":\"PropertyValueSpecification\",\"valueRequired\":true,\"valueName\":\"search_term_string\"}}],\"inLanguage\":\"de\"}]}<\/script>\n<!-- \/ Yoast SEO plugin. -->","yoast_head_json":{"title":"Tragbare Schwellenrampe - 3 bis 7 cm - Turschwellenrampe.de","robots":{"index":"index","follow":"follow","max-snippet":"max-snippet:-1","max-image-preview":"max-image-preview:large","max-video-preview":"max-video-preview:-1"},"canonical":"https:\/\/turschwellenrampe.de\/de\/turschwellenrampen\/schwellenrampen-aluminium\/tragbare-schwellenrampe-3-bis-7cm\/","og_locale":"de_DE","og_type":"article","og_title":"Tragbare Schwellenrampe - 3 bis 7 cm - Turschwellenrampe.de","og_description":"Zusammenklappbares Aluminium Rollstuhlrampe, die Schwellenrampe wiegt insgesamt nur 3,3 kg und ist mit Griffen ausgestattet. Sehr praktische \u00dcbergangsl\u00f6sung f\u00fcr viele verschiedene Situationen, einschlie\u00dflich Schiebet\u00fcren. Spezifikationen:  L\u00e4nge: 76cm  Breite: 40cm  Breite wenn gefaltet: 20cm  H\u00f6he bis zu: 7cm  Gewicht: 3,3kg  Gewichtskapazit\u00e4t: 300kg","og_url":"https:\/\/turschwellenrampe.de\/de\/turschwellenrampen\/schwellenrampen-aluminium\/tragbare-schwellenrampe-3-bis-7cm\/","og_site_name":"Turschwellenrampe.de","article_publisher":"https:\/\/www.facebook.com\/Drempelhulp\/","article_modified_time":"2026-04-24T10:36:33+00:00","og_image":[{"width":300,"height":300,"url":"https:\/\/turschwellenrampe.de\/wp-content\/uploads\/2020\/03\/drempel3-300x300x0-90005b388538b3f0245c67d1ba18ea65.png","type":"image\/png"}],"twitter_card":"summary_large_image","schema":{"@context":"https:\/\/schema.org","@graph":[{"@type":"WebPage","@id":"https:\/\/turschwellenrampe.de\/de\/turschwellenrampen\/schwellenrampen-aluminium\/tragbare-schwellenrampe-3-bis-7cm\/","url":"https:\/\/turschwellenrampe.de\/de\/turschwellenrampen\/schwellenrampen-aluminium\/tragbare-schwellenrampe-3-bis-7cm\/","name":"Tragbare Schwellenrampe - 3 bis 7 cm - Turschwellenrampe.de","isPartOf":{"@id":"https:\/\/turschwellenrampe.de\/de\/#website"},"primaryImageOfPage":{"@id":"https:\/\/turschwellenrampe.de\/de\/turschwellenrampen\/schwellenrampen-aluminium\/tragbare-schwellenrampe-3-bis-7cm\/#primaryimage"},"image":{"@id":"https:\/\/turschwellenrampe.de\/de\/turschwellenrampen\/schwellenrampen-aluminium\/tragbare-schwellenrampe-3-bis-7cm\/#primaryimage"},"thumbnailUrl":"https:\/\/turschwellenrampe.de\/wp-content\/uploads\/2020\/03\/drempel3-300x300x0-90005b388538b3f0245c67d1ba18ea65.png","datePublished":"2020-03-19T15:31:41+00:00","dateModified":"2026-04-24T10:36:33+00:00","breadcrumb":{"@id":"https:\/\/turschwellenrampe.de\/de\/turschwellenrampen\/schwellenrampen-aluminium\/tragbare-schwellenrampe-3-bis-7cm\/#breadcrumb"},"inLanguage":"de","potentialAction":[{"@type":"ReadAction","target":["https:\/\/turschwellenrampe.de\/de\/turschwellenrampen\/schwellenrampen-aluminium\/tragbare-schwellenrampe-3-bis-7cm\/"]}]},{"@type":"ImageObject","inLanguage":"de","@id":"https:\/\/turschwellenrampe.de\/de\/turschwellenrampen\/schwellenrampen-aluminium\/tragbare-schwellenrampe-3-bis-7cm\/#primaryimage","url":"https:\/\/turschwellenrampe.de\/wp-content\/uploads\/2020\/03\/drempel3-300x300x0-90005b388538b3f0245c67d1ba18ea65.png","contentUrl":"https:\/\/turschwellenrampe.de\/wp-content\/uploads\/2020\/03\/drempel3-300x300x0-90005b388538b3f0245c67d1ba18ea65.png","width":300,"height":300},{"@type":"BreadcrumbList","@id":"https:\/\/turschwellenrampe.de\/de\/turschwellenrampen\/schwellenrampen-aluminium\/tragbare-schwellenrampe-3-bis-7cm\/#breadcrumb","itemListElement":[{"@type":"ListItem","position":1,"name":"Home","item":"https:\/\/turschwellenrampe.de\/de\/"},{"@type":"ListItem","position":2,"name":"Shop","item":"https:\/\/turschwellenrampe.de\/de\/geschaft\/"},{"@type":"ListItem","position":3,"name":"Tragbare Schwellenrampe &#8211; 3 bis 7 cm"}]},{"@type":"WebSite","@id":"https:\/\/turschwellenrampe.de\/de\/#website","url":"https:\/\/turschwellenrampe.de\/de\/","name":"Turschwellenrampe.de","description":"De Specialist in Toegankelijkheid","potentialAction":[{"@type":"SearchAction","target":{"@type":"EntryPoint","urlTemplate":"https:\/\/turschwellenrampe.de\/de\/?s={search_term_string}"},"query-input":{"@type":"PropertyValueSpecification","valueRequired":true,"valueName":"search_term_string"}}],"inLanguage":"de"}]}},"_links":{"self":[{"href":"https:\/\/turschwellenrampe.de\/de\/wp-json\/wp\/v2\/product\/12801","targetHints":{"allow":["GET"]}}],"collection":[{"href":"https:\/\/turschwellenrampe.de\/de\/wp-json\/wp\/v2\/product"}],"about":[{"href":"https:\/\/turschwellenrampe.de\/de\/wp-json\/wp\/v2\/types\/product"}],"replies":[{"embeddable":true,"href":"https:\/\/turschwellenrampe.de\/de\/wp-json\/wp\/v2\/comments?post=12801"}],"wp:featuredmedia":[{"embeddable":true,"href":"https:\/\/turschwellenrampe.de\/de\/wp-json\/wp\/v2\/media\/11159"}],"wp:attachment":[{"href":"https:\/\/turschwellenrampe.de\/de\/wp-json\/wp\/v2\/media?parent=12801"}],"wp:term":[{"taxonomy":"product_brand","embeddable":true,"href":"https:\/\/turschwellenrampe.de\/de\/wp-json\/wp\/v2\/product_brand?post=12801"},{"taxonomy":"product_cat","embeddable":true,"href":"https:\/\/turschwellenrampe.de\/de\/wp-json\/wp\/v2\/product_cat?post=12801"},{"taxonomy":"product_tag","embeddable":true,"href":"https:\/\/turschwellenrampe.de\/de\/wp-json\/wp\/v2\/product_tag?post=12801"}],"curies":[{"name":"wp","href":"https:\/\/api.w.org\/{rel}","templated":true}]}}