{"id":12754,"date":"2020-03-19T16:41:24","date_gmt":"2020-03-19T15:41:24","guid":{"rendered":"https:\/\/turschwellenrampe.de\/shop\/unkategorisiert\/aluminium-rampe-gerade\/"},"modified":"2024-01-18T17:26:39","modified_gmt":"2024-01-18T16:26:39","slug":"aluminium-rampe-rechts","status":"publish","type":"product","link":"https:\/\/turschwellenrampe.de\/de\/masgeschneidert\/modulare-rollstuhlrampe\/aluminium-rampe-rechts\/","title":{"rendered":"Aluminium-Rampe &#8211; gerade"},"content":{"rendered":"<h2>Rampe gerade:<\/h2>\n<p>Modulare Rampen bieten eine L\u00f6sung f\u00fcr die \u00dcberbr\u00fcckung gr\u00f6\u00dferer H\u00f6henunterschiede. Mit den Elementen l\u00e4sst sich f\u00fcr fast jede Situation eine passende Rampe in Kombination mit einem sicheren Handlauf erstellen. Wir beraten Sie gerne.<\/p>\n<p>Das Aluminiumplattensystem ist leicht und dennoch sehr langlebig. Das System bietet immer eine L\u00f6sung; der Preis variiert je nach Ihrer Situation.<\/p>\n<p><span style=\"color: #339966;\"><strong>Preis auf Anfrage.<\/strong><\/span><\/p>\n<p>Bitte nehmen Sie Kontakt mit uns auf, indem Sie eine <a href=\"TEL:\/\/010-2420913\">E-Mail<\/a> senden an: <a href=\"mailto:info@drempelhulp.nl\">info@turschwellenrampe.de<\/a>.<\/p>\n<p><strong>Sehen Sie sich das Video an:<\/strong><\/p>\n<p><iframe src=\"https:\/\/www.youtube.com\/embed\/c9Z0p2nPiac\" width=\"907\" height=\"510\" frameborder=\"0\" allowfullscreen=\"allowfullscreen\"><\/iframe><\/p>\n<p><a href=\"https:\/\/www.youtube.com\/watch?v=c9Z0p2nPiac\">Klicken Sie hier, um das obige Video direkt auf YouTube anzusehen &gt;<\/a><\/p>\n<p><a href=\"https:\/\/turschwellenrampe.de\/op-maat\/modulaire-hellingbaan\/\">Sehen Sie hier mehr von unserem breiten Angebot an Rampen &gt;<\/a><\/p>\n","protected":false},"excerpt":{"rendered":"<h2>Rampe gerade:<\/h2>\n<p>Modulare Rampen bieten eine L\u00f6sung f\u00fcr die \u00dcberbr\u00fcckung gr\u00f6\u00dferer H\u00f6henunterschiede. Mit den Elementen l\u00e4sst sich f\u00fcr fast jede Situation eine passende Rampe in Kombination mit einem sicheren Handlauf erstellen. Wir beraten Sie gerne.<\/p>\n<p>Das Aluminiumplattensystem ist leicht und dennoch sehr langlebig. Das System bietet immer eine L\u00f6sung; der Preis variiert je nach Ihrer Situation.<\/p>\n<p><span style=\"color: #339966;\"><strong>Preis auf Anfrage.<\/strong><\/span><\/p>\n<p>Bitte nehmen Sie Kontakt mit uns auf, indem Sie eine <a href=\"TEL:\/\/010-2420913\">E-Mail<\/a> senden an: <a href=\"mailto:info@drempelhulp.nl\">info@turschwellenrampe.de<\/a>.<\/p>\n<p><a href=\"https:\/\/turschwellenrampe.de\/oprijplaten-zorg\/modulaire-hellingbaan\/\">Sehen Sie hier mehr von unserem breiten Angebot an Rampen &gt;<\/a><\/p>\n<p><strong>Sehen Sie sich das Video an:<\/strong><\/p>\n<p><iframe src=\"https:\/\/www.youtube.com\/embed\/c9Z0p2nPiac\" width=\"907\" height=\"510\" frameborder=\"0\" allowfullscreen=\"allowfullscreen\"><\/iframe><\/p>\n","protected":false},"featured_media":11316,"comment_status":"open","ping_status":"closed","template":"","meta":[],"product_brand":[],"product_cat":[527],"product_tag":[],"class_list":{"0":"post-12754","1":"product","2":"type-product","3":"status-publish","4":"has-post-thumbnail","6":"product_cat-modulare-rollstuhlrampe","8":"first","9":"instock","10":"taxable","11":"shipping-taxable","12":"product-type-simple"},"yoast_head":"<!-- This site is optimized with the Yoast SEO plugin v27.5 - https:\/\/yoast.com\/product\/yoast-seo-wordpress\/ -->\n<title>Rampe Aluminium Immer eine passende L\u00f6sung<\/title>\n<meta name=\"description\" content=\"Eine modulare Aluminiumrampe ist eine sehr geeignete L\u00f6sung, um h\u00f6here Schwellen, Treppen und vieles mehr f\u00fcr Rollst\u00fchle zug\u00e4nglich zu machen!\" \/>\n<meta name=\"robots\" content=\"index, follow, max-snippet:-1, max-image-preview:large, max-video-preview:-1\" \/>\n<link rel=\"canonical\" href=\"https:\/\/turschwellenrampe.de\/de\/masgeschneidert\/modulare-rollstuhlrampe\/aluminium-rampe-rechts\/\" \/>\n<meta property=\"og:locale\" content=\"de_DE\" \/>\n<meta property=\"og:type\" content=\"article\" \/>\n<meta property=\"og:title\" content=\"Rampe Aluminium Immer eine passende L\u00f6sung\" \/>\n<meta property=\"og:description\" content=\"Eine modulare Aluminiumrampe ist eine sehr geeignete L\u00f6sung, um h\u00f6here Schwellen, Treppen und vieles mehr f\u00fcr Rollst\u00fchle zug\u00e4nglich zu machen!\" \/>\n<meta property=\"og:url\" content=\"https:\/\/turschwellenrampe.de\/de\/masgeschneidert\/modulare-rollstuhlrampe\/aluminium-rampe-rechts\/\" \/>\n<meta property=\"og:site_name\" content=\"Turschwellenrampe.de\" \/>\n<meta property=\"article:publisher\" content=\"https:\/\/www.facebook.com\/Drempelhulp\/\" \/>\n<meta property=\"article:modified_time\" content=\"2024-01-18T16:26:39+00:00\" \/>\n<meta property=\"og:image\" content=\"https:\/\/turschwellenrampe.de\/wp-content\/uploads\/2020\/03\/734-ddfd2093ace55b6c347ab7a8e3f39830-1.jpg\" \/>\n\t<meta property=\"og:image:width\" content=\"800\" \/>\n\t<meta property=\"og:image:height\" content=\"533\" \/>\n\t<meta property=\"og:image:type\" content=\"image\/jpeg\" \/>\n<meta name=\"twitter:card\" content=\"summary_large_image\" \/>\n<meta name=\"twitter:label1\" content=\"Gesch\u00e4tzte Lesezeit\" \/>\n\t<meta name=\"twitter:data1\" content=\"1\u00a0Minute\" \/>\n<script type=\"application\/ld+json\" class=\"yoast-schema-graph\">{\"@context\":\"https:\\\/\\\/schema.org\",\"@graph\":[{\"@type\":\"WebPage\",\"@id\":\"https:\\\/\\\/turschwellenrampe.de\\\/de\\\/masgeschneidert\\\/modulare-rollstuhlrampe\\\/aluminium-rampe-rechts\\\/\",\"url\":\"https:\\\/\\\/turschwellenrampe.de\\\/de\\\/masgeschneidert\\\/modulare-rollstuhlrampe\\\/aluminium-rampe-rechts\\\/\",\"name\":\"Rampe Aluminium Immer eine passende L\u00f6sung\",\"isPartOf\":{\"@id\":\"https:\\\/\\\/turschwellenrampe.de\\\/de\\\/#website\"},\"primaryImageOfPage\":{\"@id\":\"https:\\\/\\\/turschwellenrampe.de\\\/de\\\/masgeschneidert\\\/modulare-rollstuhlrampe\\\/aluminium-rampe-rechts\\\/#primaryimage\"},\"image\":{\"@id\":\"https:\\\/\\\/turschwellenrampe.de\\\/de\\\/masgeschneidert\\\/modulare-rollstuhlrampe\\\/aluminium-rampe-rechts\\\/#primaryimage\"},\"thumbnailUrl\":\"https:\\\/\\\/turschwellenrampe.de\\\/wp-content\\\/uploads\\\/2020\\\/03\\\/734-ddfd2093ace55b6c347ab7a8e3f39830-1.jpg\",\"datePublished\":\"2020-03-19T15:41:24+00:00\",\"dateModified\":\"2024-01-18T16:26:39+00:00\",\"description\":\"Eine modulare Aluminiumrampe ist eine sehr geeignete L\u00f6sung, um h\u00f6here Schwellen, Treppen und vieles mehr f\u00fcr Rollst\u00fchle zug\u00e4nglich zu machen!\",\"breadcrumb\":{\"@id\":\"https:\\\/\\\/turschwellenrampe.de\\\/de\\\/masgeschneidert\\\/modulare-rollstuhlrampe\\\/aluminium-rampe-rechts\\\/#breadcrumb\"},\"inLanguage\":\"de\",\"potentialAction\":[{\"@type\":\"ReadAction\",\"target\":[\"https:\\\/\\\/turschwellenrampe.de\\\/de\\\/masgeschneidert\\\/modulare-rollstuhlrampe\\\/aluminium-rampe-rechts\\\/\"]}]},{\"@type\":\"ImageObject\",\"inLanguage\":\"de\",\"@id\":\"https:\\\/\\\/turschwellenrampe.de\\\/de\\\/masgeschneidert\\\/modulare-rollstuhlrampe\\\/aluminium-rampe-rechts\\\/#primaryimage\",\"url\":\"https:\\\/\\\/turschwellenrampe.de\\\/wp-content\\\/uploads\\\/2020\\\/03\\\/734-ddfd2093ace55b6c347ab7a8e3f39830-1.jpg\",\"contentUrl\":\"https:\\\/\\\/turschwellenrampe.de\\\/wp-content\\\/uploads\\\/2020\\\/03\\\/734-ddfd2093ace55b6c347ab7a8e3f39830-1.jpg\",\"width\":800,\"height\":533},{\"@type\":\"BreadcrumbList\",\"@id\":\"https:\\\/\\\/turschwellenrampe.de\\\/de\\\/masgeschneidert\\\/modulare-rollstuhlrampe\\\/aluminium-rampe-rechts\\\/#breadcrumb\",\"itemListElement\":[{\"@type\":\"ListItem\",\"position\":1,\"name\":\"Home\",\"item\":\"https:\\\/\\\/turschwellenrampe.de\\\/de\\\/\"},{\"@type\":\"ListItem\",\"position\":2,\"name\":\"Shop\",\"item\":\"https:\\\/\\\/turschwellenrampe.de\\\/de\\\/geschaft\\\/\"},{\"@type\":\"ListItem\",\"position\":3,\"name\":\"Aluminium-Rampe &#8211; gerade\"}]},{\"@type\":\"WebSite\",\"@id\":\"https:\\\/\\\/turschwellenrampe.de\\\/de\\\/#website\",\"url\":\"https:\\\/\\\/turschwellenrampe.de\\\/de\\\/\",\"name\":\"Turschwellenrampe.de\",\"description\":\"De Specialist in Toegankelijkheid\",\"potentialAction\":[{\"@type\":\"SearchAction\",\"target\":{\"@type\":\"EntryPoint\",\"urlTemplate\":\"https:\\\/\\\/turschwellenrampe.de\\\/de\\\/?s={search_term_string}\"},\"query-input\":{\"@type\":\"PropertyValueSpecification\",\"valueRequired\":true,\"valueName\":\"search_term_string\"}}],\"inLanguage\":\"de\"}]}<\/script>\n<!-- \/ Yoast SEO plugin. -->","yoast_head_json":{"title":"Rampe Aluminium Immer eine passende L\u00f6sung","description":"Eine modulare Aluminiumrampe ist eine sehr geeignete L\u00f6sung, um h\u00f6here Schwellen, Treppen und vieles mehr f\u00fcr Rollst\u00fchle zug\u00e4nglich zu machen!","robots":{"index":"index","follow":"follow","max-snippet":"max-snippet:-1","max-image-preview":"max-image-preview:large","max-video-preview":"max-video-preview:-1"},"canonical":"https:\/\/turschwellenrampe.de\/de\/masgeschneidert\/modulare-rollstuhlrampe\/aluminium-rampe-rechts\/","og_locale":"de_DE","og_type":"article","og_title":"Rampe Aluminium Immer eine passende L\u00f6sung","og_description":"Eine modulare Aluminiumrampe ist eine sehr geeignete L\u00f6sung, um h\u00f6here Schwellen, Treppen und vieles mehr f\u00fcr Rollst\u00fchle zug\u00e4nglich zu machen!","og_url":"https:\/\/turschwellenrampe.de\/de\/masgeschneidert\/modulare-rollstuhlrampe\/aluminium-rampe-rechts\/","og_site_name":"Turschwellenrampe.de","article_publisher":"https:\/\/www.facebook.com\/Drempelhulp\/","article_modified_time":"2024-01-18T16:26:39+00:00","og_image":[{"width":800,"height":533,"url":"https:\/\/turschwellenrampe.de\/wp-content\/uploads\/2020\/03\/734-ddfd2093ace55b6c347ab7a8e3f39830-1.jpg","type":"image\/jpeg"}],"twitter_card":"summary_large_image","twitter_misc":{"Gesch\u00e4tzte Lesezeit":"1\u00a0Minute"},"schema":{"@context":"https:\/\/schema.org","@graph":[{"@type":"WebPage","@id":"https:\/\/turschwellenrampe.de\/de\/masgeschneidert\/modulare-rollstuhlrampe\/aluminium-rampe-rechts\/","url":"https:\/\/turschwellenrampe.de\/de\/masgeschneidert\/modulare-rollstuhlrampe\/aluminium-rampe-rechts\/","name":"Rampe Aluminium Immer eine passende L\u00f6sung","isPartOf":{"@id":"https:\/\/turschwellenrampe.de\/de\/#website"},"primaryImageOfPage":{"@id":"https:\/\/turschwellenrampe.de\/de\/masgeschneidert\/modulare-rollstuhlrampe\/aluminium-rampe-rechts\/#primaryimage"},"image":{"@id":"https:\/\/turschwellenrampe.de\/de\/masgeschneidert\/modulare-rollstuhlrampe\/aluminium-rampe-rechts\/#primaryimage"},"thumbnailUrl":"https:\/\/turschwellenrampe.de\/wp-content\/uploads\/2020\/03\/734-ddfd2093ace55b6c347ab7a8e3f39830-1.jpg","datePublished":"2020-03-19T15:41:24+00:00","dateModified":"2024-01-18T16:26:39+00:00","description":"Eine modulare Aluminiumrampe ist eine sehr geeignete L\u00f6sung, um h\u00f6here Schwellen, Treppen und vieles mehr f\u00fcr Rollst\u00fchle zug\u00e4nglich zu machen!","breadcrumb":{"@id":"https:\/\/turschwellenrampe.de\/de\/masgeschneidert\/modulare-rollstuhlrampe\/aluminium-rampe-rechts\/#breadcrumb"},"inLanguage":"de","potentialAction":[{"@type":"ReadAction","target":["https:\/\/turschwellenrampe.de\/de\/masgeschneidert\/modulare-rollstuhlrampe\/aluminium-rampe-rechts\/"]}]},{"@type":"ImageObject","inLanguage":"de","@id":"https:\/\/turschwellenrampe.de\/de\/masgeschneidert\/modulare-rollstuhlrampe\/aluminium-rampe-rechts\/#primaryimage","url":"https:\/\/turschwellenrampe.de\/wp-content\/uploads\/2020\/03\/734-ddfd2093ace55b6c347ab7a8e3f39830-1.jpg","contentUrl":"https:\/\/turschwellenrampe.de\/wp-content\/uploads\/2020\/03\/734-ddfd2093ace55b6c347ab7a8e3f39830-1.jpg","width":800,"height":533},{"@type":"BreadcrumbList","@id":"https:\/\/turschwellenrampe.de\/de\/masgeschneidert\/modulare-rollstuhlrampe\/aluminium-rampe-rechts\/#breadcrumb","itemListElement":[{"@type":"ListItem","position":1,"name":"Home","item":"https:\/\/turschwellenrampe.de\/de\/"},{"@type":"ListItem","position":2,"name":"Shop","item":"https:\/\/turschwellenrampe.de\/de\/geschaft\/"},{"@type":"ListItem","position":3,"name":"Aluminium-Rampe &#8211; gerade"}]},{"@type":"WebSite","@id":"https:\/\/turschwellenrampe.de\/de\/#website","url":"https:\/\/turschwellenrampe.de\/de\/","name":"Turschwellenrampe.de","description":"De Specialist in Toegankelijkheid","potentialAction":[{"@type":"SearchAction","target":{"@type":"EntryPoint","urlTemplate":"https:\/\/turschwellenrampe.de\/de\/?s={search_term_string}"},"query-input":{"@type":"PropertyValueSpecification","valueRequired":true,"valueName":"search_term_string"}}],"inLanguage":"de"}]}},"_links":{"self":[{"href":"https:\/\/turschwellenrampe.de\/de\/wp-json\/wp\/v2\/product\/12754","targetHints":{"allow":["GET"]}}],"collection":[{"href":"https:\/\/turschwellenrampe.de\/de\/wp-json\/wp\/v2\/product"}],"about":[{"href":"https:\/\/turschwellenrampe.de\/de\/wp-json\/wp\/v2\/types\/product"}],"replies":[{"embeddable":true,"href":"https:\/\/turschwellenrampe.de\/de\/wp-json\/wp\/v2\/comments?post=12754"}],"wp:featuredmedia":[{"embeddable":true,"href":"https:\/\/turschwellenrampe.de\/de\/wp-json\/wp\/v2\/media\/11316"}],"wp:attachment":[{"href":"https:\/\/turschwellenrampe.de\/de\/wp-json\/wp\/v2\/media?parent=12754"}],"wp:term":[{"taxonomy":"product_brand","embeddable":true,"href":"https:\/\/turschwellenrampe.de\/de\/wp-json\/wp\/v2\/product_brand?post=12754"},{"taxonomy":"product_cat","embeddable":true,"href":"https:\/\/turschwellenrampe.de\/de\/wp-json\/wp\/v2\/product_cat?post=12754"},{"taxonomy":"product_tag","embeddable":true,"href":"https:\/\/turschwellenrampe.de\/de\/wp-json\/wp\/v2\/product_tag?post=12754"}],"curies":[{"name":"wp","href":"https:\/\/api.w.org\/{rel}","templated":true}]}}