{"id":12753,"date":"2020-03-19T16:41:32","date_gmt":"2020-03-19T15:41:32","guid":{"rendered":"https:\/\/turschwellenrampe.de\/shop\/unkategorisiert\/aluminium-rampe-1-bogen\/"},"modified":"2024-01-18T17:16:21","modified_gmt":"2024-01-18T16:16:21","slug":"aluminium-rampe-1-biegung","status":"publish","type":"product","link":"https:\/\/turschwellenrampe.de\/de\/masgeschneidert\/modulare-rollstuhlrampe\/aluminium-rampe-1-biegung\/","title":{"rendered":"Aluminium-Rampe &#8211; 1 Bogen"},"content":{"rendered":"<h2>Rampe 1 Kurve:<\/h2>\n<p>Modulare Rampen bieten eine L\u00f6sung f\u00fcr die \u00dcberbr\u00fcckung gr\u00f6\u00dferer H\u00f6henunterschiede. Mit den Elementen l\u00e4sst sich f\u00fcr fast jede Situation eine passende Rampe in Kombination mit einem sicheren Handlauf erstellen. Wir beraten Sie gerne.<\/p>\n<p>Das Aluminiumplattensystem ist leicht und dennoch sehr langlebig. Das System bietet immer eine L\u00f6sung, der Preis variiert je nach Ihrer Situation.<\/p>\n<p><span style=\"color: #339966;\"><strong>Preis auf Anfrage.<\/strong><\/span><\/p>\n<p>Bitte nehmen Sie Kontakt mit uns auf, indem Sie eine <a href=\"TEL:\/\/010-2420913\">E-Mail<\/a> senden an: <a href=\"mailto:info@drempelhulp.nl\">info@turschwellenrampe.de<\/a>.<\/p>\n<p><strong>Sehen Sie sich das Video an:<\/strong><\/p>\n<p><iframe src=\"https:\/\/www.youtube.com\/embed\/c9Z0p2nPiac\" width=\"907\" height=\"510\" frameborder=\"0\" allowfullscreen=\"allowfullscreen\"><\/iframe><\/p>\n","protected":false},"excerpt":{"rendered":"<h2>Rampe 1 Kurve:<\/h2>\n<p>Modulare Rampen bieten eine L\u00f6sung f\u00fcr die \u00dcberbr\u00fcckung gr\u00f6\u00dferer H\u00f6henunterschiede. Mit den Elementen l\u00e4sst sich f\u00fcr fast jede Situation eine passende Rampe in Kombination mit einem sicheren Handlauf erstellen. Wir beraten Sie gerne.<\/p>\n<p>Das Aluminiumplattensystem ist leicht und dennoch sehr langlebig. Das System bietet immer eine L\u00f6sung, der Preis variiert je nach Ihrer Situation.<\/p>\n<p><span style=\"color: #339966;\"><strong>Preis auf Anfrage.<\/strong><\/span><\/p>\n<p>Bitte nehmen Sie Kontakt mit uns auf, indem Sie eine <a href=\"TEL:\/\/010-2420913\">E-Mail<\/a> senden an: <a href=\"mailto:info@drempelhulp.nl\">info@turschwellenrampe.de<\/a>.<\/p>\n<p><strong>Sehen Sie sich das Video an:<\/strong><\/p>\n<p><iframe src=\"https:\/\/www.youtube.com\/embed\/c9Z0p2nPiac\" width=\"907\" height=\"510\" frameborder=\"0\" allowfullscreen=\"allowfullscreen\"><\/iframe><\/p>\n","protected":false},"featured_media":11318,"comment_status":"open","ping_status":"closed","template":"","meta":[],"product_brand":[],"product_cat":[527],"product_tag":[],"class_list":{"0":"post-12753","1":"product","2":"type-product","3":"status-publish","4":"has-post-thumbnail","6":"product_cat-modulare-rollstuhlrampe","8":"first","9":"instock","10":"taxable","11":"shipping-taxable","12":"product-type-simple"},"yoast_head":"<!-- This site is optimized with the Yoast SEO plugin v27.3 - https:\/\/yoast.com\/product\/yoast-seo-wordpress\/ -->\n<title>Aluminium-Rampe - 1 Bogen - Turschwellenrampe.de<\/title>\n<meta name=\"robots\" content=\"index, follow, max-snippet:-1, max-image-preview:large, max-video-preview:-1\" \/>\n<link rel=\"canonical\" href=\"https:\/\/turschwellenrampe.de\/de\/masgeschneidert\/modulare-rollstuhlrampe\/aluminium-rampe-1-biegung\/\" \/>\n<meta property=\"og:locale\" content=\"de_DE\" \/>\n<meta property=\"og:type\" content=\"article\" \/>\n<meta property=\"og:title\" content=\"Aluminium-Rampe - 1 Bogen - Turschwellenrampe.de\" \/>\n<meta property=\"og:description\" content=\"Rampe 1 Kurve: Modulare Rampen bieten eine L\u00f6sung f\u00fcr die \u00dcberbr\u00fcckung gr\u00f6\u00dferer H\u00f6henunterschiede. Mit den Elementen l\u00e4sst sich f\u00fcr fast jede Situation eine passende Rampe in Kombination mit einem sicheren Handlauf erstellen. Wir beraten Sie gerne. Das Aluminiumplattensystem ist leicht und dennoch sehr langlebig. Das System bietet immer eine L\u00f6sung, der Preis variiert je nach Ihrer Situation. Preis auf Anfrage. Bitte nehmen Sie Kontakt mit uns auf, indem Sie eine E-Mail senden an: info@turschwellenrampe.de. Sehen Sie sich das Video an:\" \/>\n<meta property=\"og:url\" content=\"https:\/\/turschwellenrampe.de\/de\/masgeschneidert\/modulare-rollstuhlrampe\/aluminium-rampe-1-biegung\/\" \/>\n<meta property=\"og:site_name\" content=\"Turschwellenrampe.de\" \/>\n<meta property=\"article:publisher\" content=\"https:\/\/www.facebook.com\/Drempelhulp\/\" \/>\n<meta property=\"article:modified_time\" content=\"2024-01-18T16:16:21+00:00\" \/>\n<meta property=\"og:image\" content=\"https:\/\/turschwellenrampe.de\/wp-content\/uploads\/2020\/03\/733-33153a5abfe5ce206c80b13c2c81196d.jpg\" \/>\n\t<meta property=\"og:image:width\" content=\"800\" \/>\n\t<meta property=\"og:image:height\" content=\"533\" \/>\n\t<meta property=\"og:image:type\" content=\"image\/jpeg\" \/>\n<meta name=\"twitter:card\" content=\"summary_large_image\" \/>\n<script type=\"application\/ld+json\" class=\"yoast-schema-graph\">{\"@context\":\"https:\\\/\\\/schema.org\",\"@graph\":[{\"@type\":\"WebPage\",\"@id\":\"https:\\\/\\\/turschwellenrampe.de\\\/de\\\/masgeschneidert\\\/modulare-rollstuhlrampe\\\/aluminium-rampe-1-biegung\\\/\",\"url\":\"https:\\\/\\\/turschwellenrampe.de\\\/de\\\/masgeschneidert\\\/modulare-rollstuhlrampe\\\/aluminium-rampe-1-biegung\\\/\",\"name\":\"Aluminium-Rampe - 1 Bogen - Turschwellenrampe.de\",\"isPartOf\":{\"@id\":\"https:\\\/\\\/turschwellenrampe.de\\\/de\\\/#website\"},\"primaryImageOfPage\":{\"@id\":\"https:\\\/\\\/turschwellenrampe.de\\\/de\\\/masgeschneidert\\\/modulare-rollstuhlrampe\\\/aluminium-rampe-1-biegung\\\/#primaryimage\"},\"image\":{\"@id\":\"https:\\\/\\\/turschwellenrampe.de\\\/de\\\/masgeschneidert\\\/modulare-rollstuhlrampe\\\/aluminium-rampe-1-biegung\\\/#primaryimage\"},\"thumbnailUrl\":\"https:\\\/\\\/turschwellenrampe.de\\\/wp-content\\\/uploads\\\/2020\\\/03\\\/733-33153a5abfe5ce206c80b13c2c81196d.jpg\",\"datePublished\":\"2020-03-19T15:41:32+00:00\",\"dateModified\":\"2024-01-18T16:16:21+00:00\",\"breadcrumb\":{\"@id\":\"https:\\\/\\\/turschwellenrampe.de\\\/de\\\/masgeschneidert\\\/modulare-rollstuhlrampe\\\/aluminium-rampe-1-biegung\\\/#breadcrumb\"},\"inLanguage\":\"de\",\"potentialAction\":[{\"@type\":\"ReadAction\",\"target\":[\"https:\\\/\\\/turschwellenrampe.de\\\/de\\\/masgeschneidert\\\/modulare-rollstuhlrampe\\\/aluminium-rampe-1-biegung\\\/\"]}]},{\"@type\":\"ImageObject\",\"inLanguage\":\"de\",\"@id\":\"https:\\\/\\\/turschwellenrampe.de\\\/de\\\/masgeschneidert\\\/modulare-rollstuhlrampe\\\/aluminium-rampe-1-biegung\\\/#primaryimage\",\"url\":\"https:\\\/\\\/turschwellenrampe.de\\\/wp-content\\\/uploads\\\/2020\\\/03\\\/733-33153a5abfe5ce206c80b13c2c81196d.jpg\",\"contentUrl\":\"https:\\\/\\\/turschwellenrampe.de\\\/wp-content\\\/uploads\\\/2020\\\/03\\\/733-33153a5abfe5ce206c80b13c2c81196d.jpg\",\"width\":800,\"height\":533},{\"@type\":\"BreadcrumbList\",\"@id\":\"https:\\\/\\\/turschwellenrampe.de\\\/de\\\/masgeschneidert\\\/modulare-rollstuhlrampe\\\/aluminium-rampe-1-biegung\\\/#breadcrumb\",\"itemListElement\":[{\"@type\":\"ListItem\",\"position\":1,\"name\":\"Home\",\"item\":\"https:\\\/\\\/turschwellenrampe.de\\\/de\\\/\"},{\"@type\":\"ListItem\",\"position\":2,\"name\":\"Shop\",\"item\":\"https:\\\/\\\/turschwellenrampe.de\\\/de\\\/geschaft\\\/\"},{\"@type\":\"ListItem\",\"position\":3,\"name\":\"Aluminium-Rampe &#8211; 1 Bogen\"}]},{\"@type\":\"WebSite\",\"@id\":\"https:\\\/\\\/turschwellenrampe.de\\\/de\\\/#website\",\"url\":\"https:\\\/\\\/turschwellenrampe.de\\\/de\\\/\",\"name\":\"Turschwellenrampe.de\",\"description\":\"De Specialist in Toegankelijkheid\",\"potentialAction\":[{\"@type\":\"SearchAction\",\"target\":{\"@type\":\"EntryPoint\",\"urlTemplate\":\"https:\\\/\\\/turschwellenrampe.de\\\/de\\\/?s={search_term_string}\"},\"query-input\":{\"@type\":\"PropertyValueSpecification\",\"valueRequired\":true,\"valueName\":\"search_term_string\"}}],\"inLanguage\":\"de\"}]}<\/script>\n<!-- \/ Yoast SEO plugin. -->","yoast_head_json":{"title":"Aluminium-Rampe - 1 Bogen - Turschwellenrampe.de","robots":{"index":"index","follow":"follow","max-snippet":"max-snippet:-1","max-image-preview":"max-image-preview:large","max-video-preview":"max-video-preview:-1"},"canonical":"https:\/\/turschwellenrampe.de\/de\/masgeschneidert\/modulare-rollstuhlrampe\/aluminium-rampe-1-biegung\/","og_locale":"de_DE","og_type":"article","og_title":"Aluminium-Rampe - 1 Bogen - Turschwellenrampe.de","og_description":"Rampe 1 Kurve: Modulare Rampen bieten eine L\u00f6sung f\u00fcr die \u00dcberbr\u00fcckung gr\u00f6\u00dferer H\u00f6henunterschiede. Mit den Elementen l\u00e4sst sich f\u00fcr fast jede Situation eine passende Rampe in Kombination mit einem sicheren Handlauf erstellen. Wir beraten Sie gerne. Das Aluminiumplattensystem ist leicht und dennoch sehr langlebig. Das System bietet immer eine L\u00f6sung, der Preis variiert je nach Ihrer Situation. Preis auf Anfrage. Bitte nehmen Sie Kontakt mit uns auf, indem Sie eine E-Mail senden an: info@turschwellenrampe.de. Sehen Sie sich das Video an:","og_url":"https:\/\/turschwellenrampe.de\/de\/masgeschneidert\/modulare-rollstuhlrampe\/aluminium-rampe-1-biegung\/","og_site_name":"Turschwellenrampe.de","article_publisher":"https:\/\/www.facebook.com\/Drempelhulp\/","article_modified_time":"2024-01-18T16:16:21+00:00","og_image":[{"width":800,"height":533,"url":"https:\/\/turschwellenrampe.de\/wp-content\/uploads\/2020\/03\/733-33153a5abfe5ce206c80b13c2c81196d.jpg","type":"image\/jpeg"}],"twitter_card":"summary_large_image","schema":{"@context":"https:\/\/schema.org","@graph":[{"@type":"WebPage","@id":"https:\/\/turschwellenrampe.de\/de\/masgeschneidert\/modulare-rollstuhlrampe\/aluminium-rampe-1-biegung\/","url":"https:\/\/turschwellenrampe.de\/de\/masgeschneidert\/modulare-rollstuhlrampe\/aluminium-rampe-1-biegung\/","name":"Aluminium-Rampe - 1 Bogen - Turschwellenrampe.de","isPartOf":{"@id":"https:\/\/turschwellenrampe.de\/de\/#website"},"primaryImageOfPage":{"@id":"https:\/\/turschwellenrampe.de\/de\/masgeschneidert\/modulare-rollstuhlrampe\/aluminium-rampe-1-biegung\/#primaryimage"},"image":{"@id":"https:\/\/turschwellenrampe.de\/de\/masgeschneidert\/modulare-rollstuhlrampe\/aluminium-rampe-1-biegung\/#primaryimage"},"thumbnailUrl":"https:\/\/turschwellenrampe.de\/wp-content\/uploads\/2020\/03\/733-33153a5abfe5ce206c80b13c2c81196d.jpg","datePublished":"2020-03-19T15:41:32+00:00","dateModified":"2024-01-18T16:16:21+00:00","breadcrumb":{"@id":"https:\/\/turschwellenrampe.de\/de\/masgeschneidert\/modulare-rollstuhlrampe\/aluminium-rampe-1-biegung\/#breadcrumb"},"inLanguage":"de","potentialAction":[{"@type":"ReadAction","target":["https:\/\/turschwellenrampe.de\/de\/masgeschneidert\/modulare-rollstuhlrampe\/aluminium-rampe-1-biegung\/"]}]},{"@type":"ImageObject","inLanguage":"de","@id":"https:\/\/turschwellenrampe.de\/de\/masgeschneidert\/modulare-rollstuhlrampe\/aluminium-rampe-1-biegung\/#primaryimage","url":"https:\/\/turschwellenrampe.de\/wp-content\/uploads\/2020\/03\/733-33153a5abfe5ce206c80b13c2c81196d.jpg","contentUrl":"https:\/\/turschwellenrampe.de\/wp-content\/uploads\/2020\/03\/733-33153a5abfe5ce206c80b13c2c81196d.jpg","width":800,"height":533},{"@type":"BreadcrumbList","@id":"https:\/\/turschwellenrampe.de\/de\/masgeschneidert\/modulare-rollstuhlrampe\/aluminium-rampe-1-biegung\/#breadcrumb","itemListElement":[{"@type":"ListItem","position":1,"name":"Home","item":"https:\/\/turschwellenrampe.de\/de\/"},{"@type":"ListItem","position":2,"name":"Shop","item":"https:\/\/turschwellenrampe.de\/de\/geschaft\/"},{"@type":"ListItem","position":3,"name":"Aluminium-Rampe &#8211; 1 Bogen"}]},{"@type":"WebSite","@id":"https:\/\/turschwellenrampe.de\/de\/#website","url":"https:\/\/turschwellenrampe.de\/de\/","name":"Turschwellenrampe.de","description":"De Specialist in Toegankelijkheid","potentialAction":[{"@type":"SearchAction","target":{"@type":"EntryPoint","urlTemplate":"https:\/\/turschwellenrampe.de\/de\/?s={search_term_string}"},"query-input":{"@type":"PropertyValueSpecification","valueRequired":true,"valueName":"search_term_string"}}],"inLanguage":"de"}]}},"_links":{"self":[{"href":"https:\/\/turschwellenrampe.de\/de\/wp-json\/wp\/v2\/product\/12753","targetHints":{"allow":["GET"]}}],"collection":[{"href":"https:\/\/turschwellenrampe.de\/de\/wp-json\/wp\/v2\/product"}],"about":[{"href":"https:\/\/turschwellenrampe.de\/de\/wp-json\/wp\/v2\/types\/product"}],"replies":[{"embeddable":true,"href":"https:\/\/turschwellenrampe.de\/de\/wp-json\/wp\/v2\/comments?post=12753"}],"wp:featuredmedia":[{"embeddable":true,"href":"https:\/\/turschwellenrampe.de\/de\/wp-json\/wp\/v2\/media\/11318"}],"wp:attachment":[{"href":"https:\/\/turschwellenrampe.de\/de\/wp-json\/wp\/v2\/media?parent=12753"}],"wp:term":[{"taxonomy":"product_brand","embeddable":true,"href":"https:\/\/turschwellenrampe.de\/de\/wp-json\/wp\/v2\/product_brand?post=12753"},{"taxonomy":"product_cat","embeddable":true,"href":"https:\/\/turschwellenrampe.de\/de\/wp-json\/wp\/v2\/product_cat?post=12753"},{"taxonomy":"product_tag","embeddable":true,"href":"https:\/\/turschwellenrampe.de\/de\/wp-json\/wp\/v2\/product_tag?post=12753"}],"curies":[{"name":"wp","href":"https:\/\/api.w.org\/{rel}","templated":true}]}}