{"id":12749,"date":"2020-03-19T16:41:51","date_gmt":"2020-03-19T15:41:51","guid":{"rendered":"https:\/\/turschwellenrampe.de\/shop\/unkategorisiert\/rampeneinsteller-ramp-adjuster\/"},"modified":"2026-04-15T10:15:24","modified_gmt":"2026-04-15T08:15:24","slug":"rampeneinsteller-ramp-adjuster","status":"publish","type":"product","link":"https:\/\/turschwellenrampe.de\/de\/masgeschneidert\/selber-bauen\/rampeneinsteller-ramp-adjuster\/","title":{"rendered":"Rampeneinsteller (Ramp Adjuster)"},"content":{"rendered":"<p>Der Ramp Adjuster ist das patentierte System, \u00fcber das in den Kategorien der &#8222;modularen Schwellenrampen&#8220; viel gesprochen wird. Das System bietet die M\u00f6glichkeit, Ihre T\u00fcrschwellenrampen zu Hause auf die gew\u00fcnschte H\u00f6he einzustellen.<\/p>\n<p>Die Schwellenrampe kann mit diesem System in 8 Schritten von 2 mm verstellt werden und wird unter die T\u00fcrschwellenrampe gelegt.<\/p>\n<p><a href=\"\/wp-content\/uploads\/2020\/07\/kit100zonderrampajds.pdf\" target=\"_blank\" rel=\"noopener noreferrer\" data-href=\"#FILE-LINK:2976#\"><strong>Klicken Sie hier<\/strong><\/a> f\u00fcr das Handbuch.<\/p>\n","protected":false},"excerpt":{"rendered":"<p>Der Ramp Adjuster ist das patentierte System, \u00fcber das in den Kategorien der &#8222;modularen Schwellenrampen&#8220; viel gesprochen wird. Das System bietet die M\u00f6glichkeit, Ihre T\u00fcrschwellenrampen zu Hause auf die gew\u00fcnschte H\u00f6he einzustellen.<\/p>\n<p>Die Schwellenrampe kann mit diesem System in 8 Schritten von 2 mm verstellt werden und wird unter die T\u00fcrschwellenrampe gelegt.<\/p>\n<p><a href=\"\/files\/ramp-adjuster-gbzd.pdf\" target=\"_blank\" rel=\"noopener noreferrer\" data-href=\"#FILE-LINK:2976#\"><strong>Klicken Sie hier<\/strong><\/a>f\u00fcr das Handbuch.<\/p>\n","protected":false},"featured_media":11322,"comment_status":"open","ping_status":"closed","template":"","meta":[],"product_brand":[],"product_cat":[524],"product_tag":[],"class_list":{"0":"post-12749","1":"product","2":"type-product","3":"status-publish","4":"has-post-thumbnail","6":"product_cat-selber-bauen","8":"first","9":"instock","10":"taxable","11":"shipping-taxable","12":"purchasable","13":"product-type-simple"},"yoast_head":"<!-- This site is optimized with the Yoast SEO plugin v27.3 - https:\/\/yoast.com\/product\/yoast-seo-wordpress\/ -->\n<title>Rampeneinsteller (Ramp Adjuster) - Turschwellenrampe.de<\/title>\n<meta name=\"robots\" content=\"index, follow, max-snippet:-1, max-image-preview:large, max-video-preview:-1\" \/>\n<link rel=\"canonical\" href=\"https:\/\/turschwellenrampe.de\/de\/masgeschneidert\/selber-bauen\/rampeneinsteller-ramp-adjuster\/\" \/>\n<meta property=\"og:locale\" content=\"de_DE\" \/>\n<meta property=\"og:type\" content=\"article\" \/>\n<meta property=\"og:title\" content=\"Rampeneinsteller (Ramp Adjuster) - Turschwellenrampe.de\" \/>\n<meta property=\"og:description\" content=\"Der Ramp Adjuster ist das patentierte System, \u00fcber das in den Kategorien der &quot;modularen Schwellenrampen&quot; viel gesprochen wird. Das System bietet die M\u00f6glichkeit, Ihre T\u00fcrschwellenrampen zu Hause auf die gew\u00fcnschte H\u00f6he einzustellen.  Die Schwellenrampe kann mit diesem System in 8 Schritten von 2 mm verstellt werden und wird unter die T\u00fcrschwellenrampe gelegt.  Klicken Sie hierf\u00fcr das Handbuch.\" \/>\n<meta property=\"og:url\" content=\"https:\/\/turschwellenrampe.de\/de\/masgeschneidert\/selber-bauen\/rampeneinsteller-ramp-adjuster\/\" \/>\n<meta property=\"og:site_name\" content=\"Turschwellenrampe.de\" \/>\n<meta property=\"article:publisher\" content=\"https:\/\/www.facebook.com\/Drempelhulp\/\" \/>\n<meta property=\"article:modified_time\" content=\"2026-04-15T08:15:24+00:00\" \/>\n<meta property=\"og:image\" content=\"https:\/\/turschwellenrampe.de\/wp-content\/uploads\/2020\/03\/rampadjuster-sets-2-tot-8.jpg\" \/>\n\t<meta property=\"og:image:width\" content=\"712\" \/>\n\t<meta property=\"og:image:height\" content=\"480\" \/>\n\t<meta property=\"og:image:type\" content=\"image\/jpeg\" \/>\n<meta name=\"twitter:card\" content=\"summary_large_image\" \/>\n<meta name=\"twitter:label1\" content=\"Gesch\u00e4tzte Lesezeit\" \/>\n\t<meta name=\"twitter:data1\" content=\"1\u00a0Minute\" \/>\n<script type=\"application\/ld+json\" class=\"yoast-schema-graph\">{\"@context\":\"https:\\\/\\\/schema.org\",\"@graph\":[{\"@type\":\"WebPage\",\"@id\":\"https:\\\/\\\/turschwellenrampe.de\\\/de\\\/masgeschneidert\\\/selber-bauen\\\/rampeneinsteller-ramp-adjuster\\\/\",\"url\":\"https:\\\/\\\/turschwellenrampe.de\\\/de\\\/masgeschneidert\\\/selber-bauen\\\/rampeneinsteller-ramp-adjuster\\\/\",\"name\":\"Rampeneinsteller (Ramp Adjuster) - Turschwellenrampe.de\",\"isPartOf\":{\"@id\":\"https:\\\/\\\/turschwellenrampe.de\\\/de\\\/#website\"},\"primaryImageOfPage\":{\"@id\":\"https:\\\/\\\/turschwellenrampe.de\\\/de\\\/masgeschneidert\\\/selber-bauen\\\/rampeneinsteller-ramp-adjuster\\\/#primaryimage\"},\"image\":{\"@id\":\"https:\\\/\\\/turschwellenrampe.de\\\/de\\\/masgeschneidert\\\/selber-bauen\\\/rampeneinsteller-ramp-adjuster\\\/#primaryimage\"},\"thumbnailUrl\":\"https:\\\/\\\/turschwellenrampe.de\\\/wp-content\\\/uploads\\\/2020\\\/03\\\/rampadjuster-sets-2-tot-8.jpg\",\"datePublished\":\"2020-03-19T15:41:51+00:00\",\"dateModified\":\"2026-04-15T08:15:24+00:00\",\"breadcrumb\":{\"@id\":\"https:\\\/\\\/turschwellenrampe.de\\\/de\\\/masgeschneidert\\\/selber-bauen\\\/rampeneinsteller-ramp-adjuster\\\/#breadcrumb\"},\"inLanguage\":\"de\",\"potentialAction\":[{\"@type\":\"ReadAction\",\"target\":[\"https:\\\/\\\/turschwellenrampe.de\\\/de\\\/masgeschneidert\\\/selber-bauen\\\/rampeneinsteller-ramp-adjuster\\\/\"]}]},{\"@type\":\"ImageObject\",\"inLanguage\":\"de\",\"@id\":\"https:\\\/\\\/turschwellenrampe.de\\\/de\\\/masgeschneidert\\\/selber-bauen\\\/rampeneinsteller-ramp-adjuster\\\/#primaryimage\",\"url\":\"https:\\\/\\\/turschwellenrampe.de\\\/wp-content\\\/uploads\\\/2020\\\/03\\\/rampadjuster-sets-2-tot-8.jpg\",\"contentUrl\":\"https:\\\/\\\/turschwellenrampe.de\\\/wp-content\\\/uploads\\\/2020\\\/03\\\/rampadjuster-sets-2-tot-8.jpg\",\"width\":712,\"height\":480},{\"@type\":\"BreadcrumbList\",\"@id\":\"https:\\\/\\\/turschwellenrampe.de\\\/de\\\/masgeschneidert\\\/selber-bauen\\\/rampeneinsteller-ramp-adjuster\\\/#breadcrumb\",\"itemListElement\":[{\"@type\":\"ListItem\",\"position\":1,\"name\":\"Home\",\"item\":\"https:\\\/\\\/turschwellenrampe.de\\\/de\\\/\"},{\"@type\":\"ListItem\",\"position\":2,\"name\":\"Shop\",\"item\":\"https:\\\/\\\/turschwellenrampe.de\\\/de\\\/geschaft\\\/\"},{\"@type\":\"ListItem\",\"position\":3,\"name\":\"Rampeneinsteller (Ramp Adjuster)\"}]},{\"@type\":\"WebSite\",\"@id\":\"https:\\\/\\\/turschwellenrampe.de\\\/de\\\/#website\",\"url\":\"https:\\\/\\\/turschwellenrampe.de\\\/de\\\/\",\"name\":\"Turschwellenrampe.de\",\"description\":\"De Specialist in Toegankelijkheid\",\"potentialAction\":[{\"@type\":\"SearchAction\",\"target\":{\"@type\":\"EntryPoint\",\"urlTemplate\":\"https:\\\/\\\/turschwellenrampe.de\\\/de\\\/?s={search_term_string}\"},\"query-input\":{\"@type\":\"PropertyValueSpecification\",\"valueRequired\":true,\"valueName\":\"search_term_string\"}}],\"inLanguage\":\"de\"}]}<\/script>\n<!-- \/ Yoast SEO plugin. -->","yoast_head_json":{"title":"Rampeneinsteller (Ramp Adjuster) - Turschwellenrampe.de","robots":{"index":"index","follow":"follow","max-snippet":"max-snippet:-1","max-image-preview":"max-image-preview:large","max-video-preview":"max-video-preview:-1"},"canonical":"https:\/\/turschwellenrampe.de\/de\/masgeschneidert\/selber-bauen\/rampeneinsteller-ramp-adjuster\/","og_locale":"de_DE","og_type":"article","og_title":"Rampeneinsteller (Ramp Adjuster) - Turschwellenrampe.de","og_description":"Der Ramp Adjuster ist das patentierte System, \u00fcber das in den Kategorien der \"modularen Schwellenrampen\" viel gesprochen wird. Das System bietet die M\u00f6glichkeit, Ihre T\u00fcrschwellenrampen zu Hause auf die gew\u00fcnschte H\u00f6he einzustellen.  Die Schwellenrampe kann mit diesem System in 8 Schritten von 2 mm verstellt werden und wird unter die T\u00fcrschwellenrampe gelegt.  Klicken Sie hierf\u00fcr das Handbuch.","og_url":"https:\/\/turschwellenrampe.de\/de\/masgeschneidert\/selber-bauen\/rampeneinsteller-ramp-adjuster\/","og_site_name":"Turschwellenrampe.de","article_publisher":"https:\/\/www.facebook.com\/Drempelhulp\/","article_modified_time":"2026-04-15T08:15:24+00:00","og_image":[{"width":712,"height":480,"url":"https:\/\/turschwellenrampe.de\/wp-content\/uploads\/2020\/03\/rampadjuster-sets-2-tot-8.jpg","type":"image\/jpeg"}],"twitter_card":"summary_large_image","twitter_misc":{"Gesch\u00e4tzte Lesezeit":"1\u00a0Minute"},"schema":{"@context":"https:\/\/schema.org","@graph":[{"@type":"WebPage","@id":"https:\/\/turschwellenrampe.de\/de\/masgeschneidert\/selber-bauen\/rampeneinsteller-ramp-adjuster\/","url":"https:\/\/turschwellenrampe.de\/de\/masgeschneidert\/selber-bauen\/rampeneinsteller-ramp-adjuster\/","name":"Rampeneinsteller (Ramp Adjuster) - Turschwellenrampe.de","isPartOf":{"@id":"https:\/\/turschwellenrampe.de\/de\/#website"},"primaryImageOfPage":{"@id":"https:\/\/turschwellenrampe.de\/de\/masgeschneidert\/selber-bauen\/rampeneinsteller-ramp-adjuster\/#primaryimage"},"image":{"@id":"https:\/\/turschwellenrampe.de\/de\/masgeschneidert\/selber-bauen\/rampeneinsteller-ramp-adjuster\/#primaryimage"},"thumbnailUrl":"https:\/\/turschwellenrampe.de\/wp-content\/uploads\/2020\/03\/rampadjuster-sets-2-tot-8.jpg","datePublished":"2020-03-19T15:41:51+00:00","dateModified":"2026-04-15T08:15:24+00:00","breadcrumb":{"@id":"https:\/\/turschwellenrampe.de\/de\/masgeschneidert\/selber-bauen\/rampeneinsteller-ramp-adjuster\/#breadcrumb"},"inLanguage":"de","potentialAction":[{"@type":"ReadAction","target":["https:\/\/turschwellenrampe.de\/de\/masgeschneidert\/selber-bauen\/rampeneinsteller-ramp-adjuster\/"]}]},{"@type":"ImageObject","inLanguage":"de","@id":"https:\/\/turschwellenrampe.de\/de\/masgeschneidert\/selber-bauen\/rampeneinsteller-ramp-adjuster\/#primaryimage","url":"https:\/\/turschwellenrampe.de\/wp-content\/uploads\/2020\/03\/rampadjuster-sets-2-tot-8.jpg","contentUrl":"https:\/\/turschwellenrampe.de\/wp-content\/uploads\/2020\/03\/rampadjuster-sets-2-tot-8.jpg","width":712,"height":480},{"@type":"BreadcrumbList","@id":"https:\/\/turschwellenrampe.de\/de\/masgeschneidert\/selber-bauen\/rampeneinsteller-ramp-adjuster\/#breadcrumb","itemListElement":[{"@type":"ListItem","position":1,"name":"Home","item":"https:\/\/turschwellenrampe.de\/de\/"},{"@type":"ListItem","position":2,"name":"Shop","item":"https:\/\/turschwellenrampe.de\/de\/geschaft\/"},{"@type":"ListItem","position":3,"name":"Rampeneinsteller (Ramp Adjuster)"}]},{"@type":"WebSite","@id":"https:\/\/turschwellenrampe.de\/de\/#website","url":"https:\/\/turschwellenrampe.de\/de\/","name":"Turschwellenrampe.de","description":"De Specialist in Toegankelijkheid","potentialAction":[{"@type":"SearchAction","target":{"@type":"EntryPoint","urlTemplate":"https:\/\/turschwellenrampe.de\/de\/?s={search_term_string}"},"query-input":{"@type":"PropertyValueSpecification","valueRequired":true,"valueName":"search_term_string"}}],"inLanguage":"de"}]}},"_links":{"self":[{"href":"https:\/\/turschwellenrampe.de\/de\/wp-json\/wp\/v2\/product\/12749","targetHints":{"allow":["GET"]}}],"collection":[{"href":"https:\/\/turschwellenrampe.de\/de\/wp-json\/wp\/v2\/product"}],"about":[{"href":"https:\/\/turschwellenrampe.de\/de\/wp-json\/wp\/v2\/types\/product"}],"replies":[{"embeddable":true,"href":"https:\/\/turschwellenrampe.de\/de\/wp-json\/wp\/v2\/comments?post=12749"}],"wp:featuredmedia":[{"embeddable":true,"href":"https:\/\/turschwellenrampe.de\/de\/wp-json\/wp\/v2\/media\/11322"}],"wp:attachment":[{"href":"https:\/\/turschwellenrampe.de\/de\/wp-json\/wp\/v2\/media?parent=12749"}],"wp:term":[{"taxonomy":"product_brand","embeddable":true,"href":"https:\/\/turschwellenrampe.de\/de\/wp-json\/wp\/v2\/product_brand?post=12749"},{"taxonomy":"product_cat","embeddable":true,"href":"https:\/\/turschwellenrampe.de\/de\/wp-json\/wp\/v2\/product_cat?post=12749"},{"taxonomy":"product_tag","embeddable":true,"href":"https:\/\/turschwellenrampe.de\/de\/wp-json\/wp\/v2\/product_tag?post=12749"}],"curies":[{"name":"wp","href":"https:\/\/api.w.org\/{rel}","templated":true}]}}