{"id":12748,"date":"2020-03-19T16:41:55","date_gmt":"2020-03-19T15:41:55","guid":{"rendered":"https:\/\/turschwellenrampe.de\/shop\/unkategorisiert\/rampe-typ-2\/"},"modified":"2026-05-02T12:06:46","modified_gmt":"2026-05-02T10:06:46","slug":"rampe-typ-2","status":"publish","type":"product","link":"https:\/\/turschwellenrampe.de\/de\/masgeschneidert\/selber-bauen\/rampe-typ-2\/","title":{"rendered":"Rampe Typ 2"},"content":{"rendered":"<p>Verl\u00e4ngerte Rampe, diese Rampe ist extra lang, um den Neigungswinkel zu verringern. H\u00e4ufig f\u00fcr manuelle Rollst\u00fchle verwendet.e rolstoelen.<\/p>\n<p><strong>Spezifikationen:<\/strong><\/p>\n<p>&#8211; H\u00f6he: 0 &#8211; 2 cm. (schr\u00e4ge Ebene)<br \/>\n&#8211; Breite: 25 cm<br \/>\n&#8211; L\u00e4nge: 25 cm<\/p>\n","protected":false},"excerpt":{"rendered":"<p>Verl\u00e4ngerte Rampe, diese Rampe ist extra lang, um den Neigungswinkel zu verringern. H\u00e4ufig f\u00fcr manuelle Rollst\u00fchle verwendet.<\/p>\n<p><strong>Spezifikationen:<\/strong><\/p>\n<p>&#8211; H\u00f6he: 0 &#8211; 2 cm. (schr\u00e4ge Ebene)<br \/>\n&#8211; Breite: 25 cm<br \/>\n&#8211; L\u00e4nge: 25 cm<\/p>\n","protected":false},"featured_media":11323,"comment_status":"open","ping_status":"closed","template":"","meta":[],"product_brand":[],"product_cat":[524],"product_tag":[],"class_list":{"0":"post-12748","1":"product","2":"type-product","3":"status-publish","4":"has-post-thumbnail","6":"product_cat-selber-bauen","8":"first","9":"instock","10":"taxable","11":"shipping-taxable","12":"purchasable","13":"product-type-simple"},"yoast_head":"<!-- This site is optimized with the Yoast SEO plugin v27.5 - https:\/\/yoast.com\/product\/yoast-seo-wordpress\/ -->\n<title>Rampe Typ 2 - Turschwellenrampe.de<\/title>\n<meta name=\"robots\" content=\"index, follow, max-snippet:-1, max-image-preview:large, max-video-preview:-1\" \/>\n<link rel=\"canonical\" href=\"https:\/\/turschwellenrampe.de\/de\/masgeschneidert\/selber-bauen\/rampe-typ-2\/\" \/>\n<meta property=\"og:locale\" content=\"de_DE\" \/>\n<meta property=\"og:type\" content=\"article\" \/>\n<meta property=\"og:title\" content=\"Rampe Typ 2 - Turschwellenrampe.de\" \/>\n<meta property=\"og:description\" content=\"Verl\u00e4ngerte Rampe, diese Rampe ist extra lang, um den Neigungswinkel zu verringern. H\u00e4ufig f\u00fcr manuelle Rollst\u00fchle verwendet.  Spezifikationen:  - H\u00f6he: 0 - 2 cm. (schr\u00e4ge Ebene) - Breite: 25 cm - L\u00e4nge: 25 cm\" \/>\n<meta property=\"og:url\" content=\"https:\/\/turschwellenrampe.de\/de\/masgeschneidert\/selber-bauen\/rampe-typ-2\/\" \/>\n<meta property=\"og:site_name\" content=\"Turschwellenrampe.de\" \/>\n<meta property=\"article:publisher\" content=\"https:\/\/www.facebook.com\/Drempelhulp\/\" \/>\n<meta property=\"article:modified_time\" content=\"2026-05-02T10:06:46+00:00\" \/>\n<meta property=\"og:image\" content=\"https:\/\/turschwellenrampe.de\/wp-content\/uploads\/2020\/03\/262da4c169d611d49ce4a5951d884355.jpg\" \/>\n\t<meta property=\"og:image:width\" content=\"450\" \/>\n\t<meta property=\"og:image:height\" content=\"350\" \/>\n\t<meta property=\"og:image:type\" content=\"image\/jpeg\" \/>\n<meta name=\"twitter:card\" content=\"summary_large_image\" \/>\n<meta name=\"twitter:label1\" content=\"Gesch\u00e4tzte Lesezeit\" \/>\n\t<meta name=\"twitter:data1\" content=\"1\u00a0Minute\" \/>\n<script type=\"application\/ld+json\" class=\"yoast-schema-graph\">{\"@context\":\"https:\\\/\\\/schema.org\",\"@graph\":[{\"@type\":\"WebPage\",\"@id\":\"https:\\\/\\\/turschwellenrampe.de\\\/de\\\/masgeschneidert\\\/selber-bauen\\\/rampe-typ-2\\\/\",\"url\":\"https:\\\/\\\/turschwellenrampe.de\\\/de\\\/masgeschneidert\\\/selber-bauen\\\/rampe-typ-2\\\/\",\"name\":\"Rampe Typ 2 - Turschwellenrampe.de\",\"isPartOf\":{\"@id\":\"https:\\\/\\\/turschwellenrampe.de\\\/de\\\/#website\"},\"primaryImageOfPage\":{\"@id\":\"https:\\\/\\\/turschwellenrampe.de\\\/de\\\/masgeschneidert\\\/selber-bauen\\\/rampe-typ-2\\\/#primaryimage\"},\"image\":{\"@id\":\"https:\\\/\\\/turschwellenrampe.de\\\/de\\\/masgeschneidert\\\/selber-bauen\\\/rampe-typ-2\\\/#primaryimage\"},\"thumbnailUrl\":\"https:\\\/\\\/turschwellenrampe.de\\\/wp-content\\\/uploads\\\/2020\\\/03\\\/262da4c169d611d49ce4a5951d884355.jpg\",\"datePublished\":\"2020-03-19T15:41:55+00:00\",\"dateModified\":\"2026-05-02T10:06:46+00:00\",\"breadcrumb\":{\"@id\":\"https:\\\/\\\/turschwellenrampe.de\\\/de\\\/masgeschneidert\\\/selber-bauen\\\/rampe-typ-2\\\/#breadcrumb\"},\"inLanguage\":\"de\",\"potentialAction\":[{\"@type\":\"ReadAction\",\"target\":[\"https:\\\/\\\/turschwellenrampe.de\\\/de\\\/masgeschneidert\\\/selber-bauen\\\/rampe-typ-2\\\/\"]}]},{\"@type\":\"ImageObject\",\"inLanguage\":\"de\",\"@id\":\"https:\\\/\\\/turschwellenrampe.de\\\/de\\\/masgeschneidert\\\/selber-bauen\\\/rampe-typ-2\\\/#primaryimage\",\"url\":\"https:\\\/\\\/turschwellenrampe.de\\\/wp-content\\\/uploads\\\/2020\\\/03\\\/262da4c169d611d49ce4a5951d884355.jpg\",\"contentUrl\":\"https:\\\/\\\/turschwellenrampe.de\\\/wp-content\\\/uploads\\\/2020\\\/03\\\/262da4c169d611d49ce4a5951d884355.jpg\",\"width\":450,\"height\":350},{\"@type\":\"BreadcrumbList\",\"@id\":\"https:\\\/\\\/turschwellenrampe.de\\\/de\\\/masgeschneidert\\\/selber-bauen\\\/rampe-typ-2\\\/#breadcrumb\",\"itemListElement\":[{\"@type\":\"ListItem\",\"position\":1,\"name\":\"Home\",\"item\":\"https:\\\/\\\/turschwellenrampe.de\\\/de\\\/\"},{\"@type\":\"ListItem\",\"position\":2,\"name\":\"Shop\",\"item\":\"https:\\\/\\\/turschwellenrampe.de\\\/de\\\/geschaft\\\/\"},{\"@type\":\"ListItem\",\"position\":3,\"name\":\"Rampe Typ 2\"}]},{\"@type\":\"WebSite\",\"@id\":\"https:\\\/\\\/turschwellenrampe.de\\\/de\\\/#website\",\"url\":\"https:\\\/\\\/turschwellenrampe.de\\\/de\\\/\",\"name\":\"Turschwellenrampe.de\",\"description\":\"De Specialist in Toegankelijkheid\",\"potentialAction\":[{\"@type\":\"SearchAction\",\"target\":{\"@type\":\"EntryPoint\",\"urlTemplate\":\"https:\\\/\\\/turschwellenrampe.de\\\/de\\\/?s={search_term_string}\"},\"query-input\":{\"@type\":\"PropertyValueSpecification\",\"valueRequired\":true,\"valueName\":\"search_term_string\"}}],\"inLanguage\":\"de\"}]}<\/script>\n<!-- \/ Yoast SEO plugin. -->","yoast_head_json":{"title":"Rampe Typ 2 - Turschwellenrampe.de","robots":{"index":"index","follow":"follow","max-snippet":"max-snippet:-1","max-image-preview":"max-image-preview:large","max-video-preview":"max-video-preview:-1"},"canonical":"https:\/\/turschwellenrampe.de\/de\/masgeschneidert\/selber-bauen\/rampe-typ-2\/","og_locale":"de_DE","og_type":"article","og_title":"Rampe Typ 2 - Turschwellenrampe.de","og_description":"Verl\u00e4ngerte Rampe, diese Rampe ist extra lang, um den Neigungswinkel zu verringern. H\u00e4ufig f\u00fcr manuelle Rollst\u00fchle verwendet.  Spezifikationen:  - H\u00f6he: 0 - 2 cm. (schr\u00e4ge Ebene) - Breite: 25 cm - L\u00e4nge: 25 cm","og_url":"https:\/\/turschwellenrampe.de\/de\/masgeschneidert\/selber-bauen\/rampe-typ-2\/","og_site_name":"Turschwellenrampe.de","article_publisher":"https:\/\/www.facebook.com\/Drempelhulp\/","article_modified_time":"2026-05-02T10:06:46+00:00","og_image":[{"width":450,"height":350,"url":"https:\/\/turschwellenrampe.de\/wp-content\/uploads\/2020\/03\/262da4c169d611d49ce4a5951d884355.jpg","type":"image\/jpeg"}],"twitter_card":"summary_large_image","twitter_misc":{"Gesch\u00e4tzte Lesezeit":"1\u00a0Minute"},"schema":{"@context":"https:\/\/schema.org","@graph":[{"@type":"WebPage","@id":"https:\/\/turschwellenrampe.de\/de\/masgeschneidert\/selber-bauen\/rampe-typ-2\/","url":"https:\/\/turschwellenrampe.de\/de\/masgeschneidert\/selber-bauen\/rampe-typ-2\/","name":"Rampe Typ 2 - Turschwellenrampe.de","isPartOf":{"@id":"https:\/\/turschwellenrampe.de\/de\/#website"},"primaryImageOfPage":{"@id":"https:\/\/turschwellenrampe.de\/de\/masgeschneidert\/selber-bauen\/rampe-typ-2\/#primaryimage"},"image":{"@id":"https:\/\/turschwellenrampe.de\/de\/masgeschneidert\/selber-bauen\/rampe-typ-2\/#primaryimage"},"thumbnailUrl":"https:\/\/turschwellenrampe.de\/wp-content\/uploads\/2020\/03\/262da4c169d611d49ce4a5951d884355.jpg","datePublished":"2020-03-19T15:41:55+00:00","dateModified":"2026-05-02T10:06:46+00:00","breadcrumb":{"@id":"https:\/\/turschwellenrampe.de\/de\/masgeschneidert\/selber-bauen\/rampe-typ-2\/#breadcrumb"},"inLanguage":"de","potentialAction":[{"@type":"ReadAction","target":["https:\/\/turschwellenrampe.de\/de\/masgeschneidert\/selber-bauen\/rampe-typ-2\/"]}]},{"@type":"ImageObject","inLanguage":"de","@id":"https:\/\/turschwellenrampe.de\/de\/masgeschneidert\/selber-bauen\/rampe-typ-2\/#primaryimage","url":"https:\/\/turschwellenrampe.de\/wp-content\/uploads\/2020\/03\/262da4c169d611d49ce4a5951d884355.jpg","contentUrl":"https:\/\/turschwellenrampe.de\/wp-content\/uploads\/2020\/03\/262da4c169d611d49ce4a5951d884355.jpg","width":450,"height":350},{"@type":"BreadcrumbList","@id":"https:\/\/turschwellenrampe.de\/de\/masgeschneidert\/selber-bauen\/rampe-typ-2\/#breadcrumb","itemListElement":[{"@type":"ListItem","position":1,"name":"Home","item":"https:\/\/turschwellenrampe.de\/de\/"},{"@type":"ListItem","position":2,"name":"Shop","item":"https:\/\/turschwellenrampe.de\/de\/geschaft\/"},{"@type":"ListItem","position":3,"name":"Rampe Typ 2"}]},{"@type":"WebSite","@id":"https:\/\/turschwellenrampe.de\/de\/#website","url":"https:\/\/turschwellenrampe.de\/de\/","name":"Turschwellenrampe.de","description":"De Specialist in Toegankelijkheid","potentialAction":[{"@type":"SearchAction","target":{"@type":"EntryPoint","urlTemplate":"https:\/\/turschwellenrampe.de\/de\/?s={search_term_string}"},"query-input":{"@type":"PropertyValueSpecification","valueRequired":true,"valueName":"search_term_string"}}],"inLanguage":"de"}]}},"_links":{"self":[{"href":"https:\/\/turschwellenrampe.de\/de\/wp-json\/wp\/v2\/product\/12748","targetHints":{"allow":["GET"]}}],"collection":[{"href":"https:\/\/turschwellenrampe.de\/de\/wp-json\/wp\/v2\/product"}],"about":[{"href":"https:\/\/turschwellenrampe.de\/de\/wp-json\/wp\/v2\/types\/product"}],"replies":[{"embeddable":true,"href":"https:\/\/turschwellenrampe.de\/de\/wp-json\/wp\/v2\/comments?post=12748"}],"wp:featuredmedia":[{"embeddable":true,"href":"https:\/\/turschwellenrampe.de\/de\/wp-json\/wp\/v2\/media\/11323"}],"wp:attachment":[{"href":"https:\/\/turschwellenrampe.de\/de\/wp-json\/wp\/v2\/media?parent=12748"}],"wp:term":[{"taxonomy":"product_brand","embeddable":true,"href":"https:\/\/turschwellenrampe.de\/de\/wp-json\/wp\/v2\/product_brand?post=12748"},{"taxonomy":"product_cat","embeddable":true,"href":"https:\/\/turschwellenrampe.de\/de\/wp-json\/wp\/v2\/product_cat?post=12748"},{"taxonomy":"product_tag","embeddable":true,"href":"https:\/\/turschwellenrampe.de\/de\/wp-json\/wp\/v2\/product_tag?post=12748"}],"curies":[{"name":"wp","href":"https:\/\/api.w.org\/{rel}","templated":true}]}}