{"id":12728,"date":"2020-03-20T08:07:43","date_gmt":"2020-03-20T07:07:43","guid":{"rendered":"https:\/\/turschwellenrampe.de\/shop\/unkategorisiert\/gummi-rampe-52-mm\/"},"modified":"2026-04-20T16:22:24","modified_gmt":"2026-04-20T14:22:24","slug":"gummi-rampe-52-mm","status":"publish","type":"product","link":"https:\/\/turschwellenrampe.de\/de\/turschwellenrampen\/turschwellenrampen-gummi\/gummi-rampe-52-mm\/","title":{"rendered":"Gummi rampe 52 mm"},"content":{"rendered":"<p><strong>Gummi Rampe<\/strong> sind die ideale L\u00f6sung f\u00fcr die Anpassung kleinerer <strong>Schwellen<\/strong>. Die <strong>T\u00fcrschwellenrampen<\/strong> ist optional mit einem Klebestreifen auf der Unterseite ausgestattet und l\u00e4sst sich daher schnell verlegen und mit einem Stanley-Messer leicht zuschneiden. Ideal f\u00fcr <strong>Rollst\u00fchle<\/strong> und <strong>Rollatoren<\/strong>.<\/p>\n<p>Vorteile:<\/p>\n<ul>\n<li>Mit gerippter, rutschfester Oberfl\u00e4che<\/li>\n<li>Farbe dunkelgrau<\/li>\n<li>Hergestellt aus Gummi Typ TPE<\/li>\n<li><strong>H\u00f6he: 5,2 cm<\/strong><\/li>\n<li>Tiefe: 30 cm<\/li>\n<li>Optional: Lieferung mit einem Klebestreifen auf der Unterseite<\/li>\n<\/ul>\n","protected":false},"excerpt":{"rendered":"<p><strong>Gummi Rampe<\/strong> sind die ideale L\u00f6sung f\u00fcr die Anpassung kleinerer <strong>Schwellen<\/strong>. Die <strong>T\u00fcrschwellenrampen<\/strong> ist optional mit einem Klebestreifen auf der Unterseite ausgestattet und l\u00e4sst sich daher schnell verlegen und mit einem Stanley-Messer leicht zuschneiden. Ideal f\u00fcr <strong>Rollst\u00fchle<\/strong> und <strong>Rollatoren<\/strong>.<\/p>\n<p>Vorteile:<\/p>\n<ul>\n<li>Mit gerippter, rutschfester Oberfl\u00e4che<\/li>\n<li>Farbe dunkelgrau<\/li>\n<li>Hergestellt aus Gummi Typ TPE<\/li>\n<li><strong>H\u00f6he: 5,2 cm<\/strong><\/li>\n<li>Tiefe: 30 cm<\/li>\n<li>Optional: Lieferung mit einem Klebestreifen auf der Unterseite<\/li>\n<\/ul>\n","protected":false},"featured_media":11851,"comment_status":"open","ping_status":"closed","template":"","meta":[],"product_brand":[],"product_cat":[517],"product_tag":[556],"class_list":{"0":"post-12728","1":"product","2":"type-product","3":"status-publish","4":"has-post-thumbnail","6":"product_cat-turschwellenrampen-gummi","7":"product_tag-hohe-4-bis-6-cm","8":"pa_gummy-ramp-kenmerken-1000-mm-breit-mit-klebstoff","9":"pa_gummy-ramp-kenmerken-1000-mm-breit-ohne-klebstoff","10":"pa_gummy-ramp-kenmerken-900-mm-breit-mit-klebstoff","11":"pa_gummy-ramp-kenmerken-900-mm-breit-ohne-klebstoff","12":"pa_kenmerk-1-fur-den-auseneinsatz","13":"pa_kenmerk-1-fur-den-innenbereich","14":"pa_kleur-variant-wielstoppers-lichtgrau","16":"first","17":"instock","18":"taxable","19":"shipping-taxable","20":"purchasable","21":"product-type-variable","22":"has-default-attributes"},"yoast_head":"<!-- This site is optimized with the Yoast SEO plugin v27.5 - https:\/\/yoast.com\/product\/yoast-seo-wordpress\/ -->\n<title>Gummi rampe 52 mm - Turschwellenrampe.de<\/title>\n<meta name=\"robots\" content=\"index, follow, max-snippet:-1, max-image-preview:large, max-video-preview:-1\" \/>\n<link rel=\"canonical\" href=\"https:\/\/turschwellenrampe.de\/de\/turschwellenrampen\/turschwellenrampen-gummi\/gummi-rampe-52-mm\/\" \/>\n<meta property=\"og:locale\" content=\"de_DE\" \/>\n<meta property=\"og:type\" content=\"article\" \/>\n<meta property=\"og:title\" content=\"Gummi rampe 52 mm - Turschwellenrampe.de\" \/>\n<meta property=\"og:description\" content=\"Gummi Rampe sind die ideale L\u00f6sung f\u00fcr die Anpassung kleinerer Schwellen. Die T\u00fcrschwellenrampen ist optional mit einem Klebestreifen auf der Unterseite ausgestattet und l\u00e4sst sich daher schnell verlegen und mit einem Stanley-Messer leicht zuschneiden. Ideal f\u00fcr Rollst\u00fchle und Rollatoren.  Vorteile:   Mit gerippter, rutschfester Oberfl\u00e4che  Farbe dunkelgrau  Hergestellt aus Gummi Typ TPE  H\u00f6he: 5,2 cm  Tiefe: 30 cm  Optional: Lieferung mit einem Klebestreifen auf der Unterseite\" \/>\n<meta property=\"og:url\" content=\"https:\/\/turschwellenrampe.de\/de\/turschwellenrampen\/turschwellenrampen-gummi\/gummi-rampe-52-mm\/\" \/>\n<meta property=\"og:site_name\" content=\"Turschwellenrampe.de\" \/>\n<meta property=\"article:publisher\" content=\"https:\/\/www.facebook.com\/Drempelhulp\/\" \/>\n<meta property=\"article:modified_time\" content=\"2026-04-20T14:22:24+00:00\" \/>\n<meta property=\"og:image\" content=\"https:\/\/turschwellenrampe.de\/wp-content\/uploads\/2020\/03\/Gummy-ramp-hoofd-square.png\" \/>\n\t<meta property=\"og:image:width\" content=\"450\" \/>\n\t<meta property=\"og:image:height\" content=\"450\" \/>\n\t<meta property=\"og:image:type\" content=\"image\/png\" \/>\n<meta name=\"twitter:card\" content=\"summary_large_image\" \/>\n<meta name=\"twitter:label1\" content=\"Gesch\u00e4tzte Lesezeit\" \/>\n\t<meta name=\"twitter:data1\" content=\"1\u00a0Minute\" \/>\n<script type=\"application\/ld+json\" class=\"yoast-schema-graph\">{\"@context\":\"https:\\\/\\\/schema.org\",\"@graph\":[{\"@type\":\"WebPage\",\"@id\":\"https:\\\/\\\/turschwellenrampe.de\\\/de\\\/turschwellenrampen\\\/turschwellenrampen-gummi\\\/gummi-rampe-52-mm\\\/\",\"url\":\"https:\\\/\\\/turschwellenrampe.de\\\/de\\\/turschwellenrampen\\\/turschwellenrampen-gummi\\\/gummi-rampe-52-mm\\\/\",\"name\":\"Gummi rampe 52 mm - Turschwellenrampe.de\",\"isPartOf\":{\"@id\":\"https:\\\/\\\/turschwellenrampe.de\\\/de\\\/#website\"},\"primaryImageOfPage\":{\"@id\":\"https:\\\/\\\/turschwellenrampe.de\\\/de\\\/turschwellenrampen\\\/turschwellenrampen-gummi\\\/gummi-rampe-52-mm\\\/#primaryimage\"},\"image\":{\"@id\":\"https:\\\/\\\/turschwellenrampe.de\\\/de\\\/turschwellenrampen\\\/turschwellenrampen-gummi\\\/gummi-rampe-52-mm\\\/#primaryimage\"},\"thumbnailUrl\":\"https:\\\/\\\/turschwellenrampe.de\\\/wp-content\\\/uploads\\\/2020\\\/03\\\/Gummy-ramp-hoofd-square.png\",\"datePublished\":\"2020-03-20T07:07:43+00:00\",\"dateModified\":\"2026-04-20T14:22:24+00:00\",\"breadcrumb\":{\"@id\":\"https:\\\/\\\/turschwellenrampe.de\\\/de\\\/turschwellenrampen\\\/turschwellenrampen-gummi\\\/gummi-rampe-52-mm\\\/#breadcrumb\"},\"inLanguage\":\"de\",\"potentialAction\":[{\"@type\":\"ReadAction\",\"target\":[\"https:\\\/\\\/turschwellenrampe.de\\\/de\\\/turschwellenrampen\\\/turschwellenrampen-gummi\\\/gummi-rampe-52-mm\\\/\"]}]},{\"@type\":\"ImageObject\",\"inLanguage\":\"de\",\"@id\":\"https:\\\/\\\/turschwellenrampe.de\\\/de\\\/turschwellenrampen\\\/turschwellenrampen-gummi\\\/gummi-rampe-52-mm\\\/#primaryimage\",\"url\":\"https:\\\/\\\/turschwellenrampe.de\\\/wp-content\\\/uploads\\\/2020\\\/03\\\/Gummy-ramp-hoofd-square.png\",\"contentUrl\":\"https:\\\/\\\/turschwellenrampe.de\\\/wp-content\\\/uploads\\\/2020\\\/03\\\/Gummy-ramp-hoofd-square.png\",\"width\":450,\"height\":450},{\"@type\":\"BreadcrumbList\",\"@id\":\"https:\\\/\\\/turschwellenrampe.de\\\/de\\\/turschwellenrampen\\\/turschwellenrampen-gummi\\\/gummi-rampe-52-mm\\\/#breadcrumb\",\"itemListElement\":[{\"@type\":\"ListItem\",\"position\":1,\"name\":\"Home\",\"item\":\"https:\\\/\\\/turschwellenrampe.de\\\/de\\\/\"},{\"@type\":\"ListItem\",\"position\":2,\"name\":\"Shop\",\"item\":\"https:\\\/\\\/turschwellenrampe.de\\\/de\\\/geschaft\\\/\"},{\"@type\":\"ListItem\",\"position\":3,\"name\":\"Gummi rampe 52 mm\"}]},{\"@type\":\"WebSite\",\"@id\":\"https:\\\/\\\/turschwellenrampe.de\\\/de\\\/#website\",\"url\":\"https:\\\/\\\/turschwellenrampe.de\\\/de\\\/\",\"name\":\"Turschwellenrampe.de\",\"description\":\"De Specialist in Toegankelijkheid\",\"potentialAction\":[{\"@type\":\"SearchAction\",\"target\":{\"@type\":\"EntryPoint\",\"urlTemplate\":\"https:\\\/\\\/turschwellenrampe.de\\\/de\\\/?s={search_term_string}\"},\"query-input\":{\"@type\":\"PropertyValueSpecification\",\"valueRequired\":true,\"valueName\":\"search_term_string\"}}],\"inLanguage\":\"de\"}]}<\/script>\n<!-- \/ Yoast SEO plugin. -->","yoast_head_json":{"title":"Gummi rampe 52 mm - Turschwellenrampe.de","robots":{"index":"index","follow":"follow","max-snippet":"max-snippet:-1","max-image-preview":"max-image-preview:large","max-video-preview":"max-video-preview:-1"},"canonical":"https:\/\/turschwellenrampe.de\/de\/turschwellenrampen\/turschwellenrampen-gummi\/gummi-rampe-52-mm\/","og_locale":"de_DE","og_type":"article","og_title":"Gummi rampe 52 mm - Turschwellenrampe.de","og_description":"Gummi Rampe sind die ideale L\u00f6sung f\u00fcr die Anpassung kleinerer Schwellen. Die T\u00fcrschwellenrampen ist optional mit einem Klebestreifen auf der Unterseite ausgestattet und l\u00e4sst sich daher schnell verlegen und mit einem Stanley-Messer leicht zuschneiden. Ideal f\u00fcr Rollst\u00fchle und Rollatoren.  Vorteile:   Mit gerippter, rutschfester Oberfl\u00e4che  Farbe dunkelgrau  Hergestellt aus Gummi Typ TPE  H\u00f6he: 5,2 cm  Tiefe: 30 cm  Optional: Lieferung mit einem Klebestreifen auf der Unterseite","og_url":"https:\/\/turschwellenrampe.de\/de\/turschwellenrampen\/turschwellenrampen-gummi\/gummi-rampe-52-mm\/","og_site_name":"Turschwellenrampe.de","article_publisher":"https:\/\/www.facebook.com\/Drempelhulp\/","article_modified_time":"2026-04-20T14:22:24+00:00","og_image":[{"width":450,"height":450,"url":"https:\/\/turschwellenrampe.de\/wp-content\/uploads\/2020\/03\/Gummy-ramp-hoofd-square.png","type":"image\/png"}],"twitter_card":"summary_large_image","twitter_misc":{"Gesch\u00e4tzte Lesezeit":"1\u00a0Minute"},"schema":{"@context":"https:\/\/schema.org","@graph":[{"@type":"WebPage","@id":"https:\/\/turschwellenrampe.de\/de\/turschwellenrampen\/turschwellenrampen-gummi\/gummi-rampe-52-mm\/","url":"https:\/\/turschwellenrampe.de\/de\/turschwellenrampen\/turschwellenrampen-gummi\/gummi-rampe-52-mm\/","name":"Gummi rampe 52 mm - Turschwellenrampe.de","isPartOf":{"@id":"https:\/\/turschwellenrampe.de\/de\/#website"},"primaryImageOfPage":{"@id":"https:\/\/turschwellenrampe.de\/de\/turschwellenrampen\/turschwellenrampen-gummi\/gummi-rampe-52-mm\/#primaryimage"},"image":{"@id":"https:\/\/turschwellenrampe.de\/de\/turschwellenrampen\/turschwellenrampen-gummi\/gummi-rampe-52-mm\/#primaryimage"},"thumbnailUrl":"https:\/\/turschwellenrampe.de\/wp-content\/uploads\/2020\/03\/Gummy-ramp-hoofd-square.png","datePublished":"2020-03-20T07:07:43+00:00","dateModified":"2026-04-20T14:22:24+00:00","breadcrumb":{"@id":"https:\/\/turschwellenrampe.de\/de\/turschwellenrampen\/turschwellenrampen-gummi\/gummi-rampe-52-mm\/#breadcrumb"},"inLanguage":"de","potentialAction":[{"@type":"ReadAction","target":["https:\/\/turschwellenrampe.de\/de\/turschwellenrampen\/turschwellenrampen-gummi\/gummi-rampe-52-mm\/"]}]},{"@type":"ImageObject","inLanguage":"de","@id":"https:\/\/turschwellenrampe.de\/de\/turschwellenrampen\/turschwellenrampen-gummi\/gummi-rampe-52-mm\/#primaryimage","url":"https:\/\/turschwellenrampe.de\/wp-content\/uploads\/2020\/03\/Gummy-ramp-hoofd-square.png","contentUrl":"https:\/\/turschwellenrampe.de\/wp-content\/uploads\/2020\/03\/Gummy-ramp-hoofd-square.png","width":450,"height":450},{"@type":"BreadcrumbList","@id":"https:\/\/turschwellenrampe.de\/de\/turschwellenrampen\/turschwellenrampen-gummi\/gummi-rampe-52-mm\/#breadcrumb","itemListElement":[{"@type":"ListItem","position":1,"name":"Home","item":"https:\/\/turschwellenrampe.de\/de\/"},{"@type":"ListItem","position":2,"name":"Shop","item":"https:\/\/turschwellenrampe.de\/de\/geschaft\/"},{"@type":"ListItem","position":3,"name":"Gummi rampe 52 mm"}]},{"@type":"WebSite","@id":"https:\/\/turschwellenrampe.de\/de\/#website","url":"https:\/\/turschwellenrampe.de\/de\/","name":"Turschwellenrampe.de","description":"De Specialist in Toegankelijkheid","potentialAction":[{"@type":"SearchAction","target":{"@type":"EntryPoint","urlTemplate":"https:\/\/turschwellenrampe.de\/de\/?s={search_term_string}"},"query-input":{"@type":"PropertyValueSpecification","valueRequired":true,"valueName":"search_term_string"}}],"inLanguage":"de"}]}},"_links":{"self":[{"href":"https:\/\/turschwellenrampe.de\/de\/wp-json\/wp\/v2\/product\/12728","targetHints":{"allow":["GET"]}}],"collection":[{"href":"https:\/\/turschwellenrampe.de\/de\/wp-json\/wp\/v2\/product"}],"about":[{"href":"https:\/\/turschwellenrampe.de\/de\/wp-json\/wp\/v2\/types\/product"}],"replies":[{"embeddable":true,"href":"https:\/\/turschwellenrampe.de\/de\/wp-json\/wp\/v2\/comments?post=12728"}],"wp:featuredmedia":[{"embeddable":true,"href":"https:\/\/turschwellenrampe.de\/de\/wp-json\/wp\/v2\/media\/11851"}],"wp:attachment":[{"href":"https:\/\/turschwellenrampe.de\/de\/wp-json\/wp\/v2\/media?parent=12728"}],"wp:term":[{"taxonomy":"product_brand","embeddable":true,"href":"https:\/\/turschwellenrampe.de\/de\/wp-json\/wp\/v2\/product_brand?post=12728"},{"taxonomy":"product_cat","embeddable":true,"href":"https:\/\/turschwellenrampe.de\/de\/wp-json\/wp\/v2\/product_cat?post=12728"},{"taxonomy":"product_tag","embeddable":true,"href":"https:\/\/turschwellenrampe.de\/de\/wp-json\/wp\/v2\/product_tag?post=12728"}],"curies":[{"name":"wp","href":"https:\/\/api.w.org\/{rel}","templated":true}]}}