{"id":12715,"date":"2020-03-20T08:18:37","date_gmt":"2020-03-20T07:18:37","guid":{"rendered":"https:\/\/turschwellenrampe.de\/shop\/unkategorisiert\/quickrampe-20mm\/"},"modified":"2026-04-15T22:17:19","modified_gmt":"2026-04-15T20:17:19","slug":"quickrampe-20mm","status":"publish","type":"product","link":"https:\/\/turschwellenrampe.de\/de\/turschwellenrampen\/quickramps-polyethylen\/quickrampe-20mm\/","title":{"rendered":"Quickrampe 20mm"},"content":{"rendered":"<p><strong>Quickramps<\/strong>sind die ideale L\u00f6sung f\u00fcr die Anpassung kleinerer <strong>Schwellenwerte<\/strong>.<\/p>\n<p><strong>Vorteile:<\/strong><\/p>\n<ul>\n<li>Mit gerippter, rutschfester Oberfl\u00e4che<\/li>\n<li>Farbe grau<\/li>\n<li>Hergestellt aus Polyethylen<\/li>\n<li><strong>H\u00f6he: 2 cm<\/strong><\/li>\n<li>Breite: 100 cm<\/li>\n<li>L\u00e4nge: 15 cm<\/li>\n<\/ul>\n","protected":false},"excerpt":{"rendered":"<p><strong>Quickramps<\/strong>sind die ideale L\u00f6sung f\u00fcr die Anpassung kleinerer <strong>Schwellenwerte<\/strong>.<\/p>\n<p><strong>Vorteile:<\/strong><\/p>\n<ul>\n<li>Mit gerippter, rutschfester Oberfl\u00e4che<\/li>\n<li>Farbe grau<\/li>\n<li>Hergestellt aus Polyethylen<\/li>\n<li><strong>H\u00f6he: 2 cm<\/strong><\/li>\n<li>Breite: 100 cm<\/li>\n<li>L\u00e4nge: 15 cm<\/li>\n<\/ul>\n","protected":false},"featured_media":12127,"comment_status":"open","ping_status":"closed","template":"","meta":[],"product_brand":[],"product_cat":[522],"product_tag":[554,555],"class_list":{"0":"post-12715","1":"product","2":"type-product","3":"status-publish","4":"has-post-thumbnail","6":"product_cat-quickramps-polyethylen","7":"product_tag-hohe-0-bis-2-cm","8":"product_tag-hohe-2-bis-4-cm","9":"pa_kenmerk-1-fur-den-auseneinsatz","10":"pa_kenmerk-1-fur-den-innenbereich","11":"pa_kleur-variant-wielstoppers-lichtgrau","13":"first","14":"instock","15":"taxable","16":"shipping-taxable","17":"purchasable","18":"product-type-variable","19":"has-default-attributes"},"yoast_head":"<!-- This site is optimized with the Yoast SEO plugin v27.3 - https:\/\/yoast.com\/product\/yoast-seo-wordpress\/ -->\n<title>Quickrampe 20mm - Turschwellenrampe.de<\/title>\n<meta name=\"robots\" content=\"index, follow, max-snippet:-1, max-image-preview:large, max-video-preview:-1\" \/>\n<link rel=\"canonical\" href=\"https:\/\/turschwellenrampe.de\/de\/turschwellenrampen\/quickramps-polyethylen\/quickrampe-20mm\/\" \/>\n<meta property=\"og:locale\" content=\"de_DE\" \/>\n<meta property=\"og:type\" content=\"article\" \/>\n<meta property=\"og:title\" content=\"Quickrampe 20mm - Turschwellenrampe.de\" \/>\n<meta property=\"og:description\" content=\"Quickrampssind die ideale L\u00f6sung f\u00fcr die Anpassung kleinerer Schwellenwerte.  Vorteile:   Mit gerippter, rutschfester Oberfl\u00e4che  Farbe grau  Hergestellt aus Polyethylen  H\u00f6he: 2 cm  Breite: 100 cm  L\u00e4nge: 15 cm\" \/>\n<meta property=\"og:url\" content=\"https:\/\/turschwellenrampe.de\/de\/turschwellenrampen\/quickramps-polyethylen\/quickrampe-20mm\/\" \/>\n<meta property=\"og:site_name\" content=\"Turschwellenrampe.de\" \/>\n<meta property=\"article:publisher\" content=\"https:\/\/www.facebook.com\/Drempelhulp\/\" \/>\n<meta property=\"article:modified_time\" content=\"2026-04-15T20:17:19+00:00\" \/>\n<meta property=\"og:image\" content=\"https:\/\/turschwellenrampe.de\/wp-content\/uploads\/2020\/03\/20mm.jpg\" \/>\n\t<meta property=\"og:image:width\" content=\"1080\" \/>\n\t<meta property=\"og:image:height\" content=\"1080\" \/>\n\t<meta property=\"og:image:type\" content=\"image\/jpeg\" \/>\n<meta name=\"twitter:card\" content=\"summary_large_image\" \/>\n<meta name=\"twitter:label1\" content=\"Gesch\u00e4tzte Lesezeit\" \/>\n\t<meta name=\"twitter:data1\" content=\"1\u00a0Minute\" \/>\n<script type=\"application\/ld+json\" class=\"yoast-schema-graph\">{\"@context\":\"https:\\\/\\\/schema.org\",\"@graph\":[{\"@type\":\"WebPage\",\"@id\":\"https:\\\/\\\/turschwellenrampe.de\\\/de\\\/turschwellenrampen\\\/quickramps-polyethylen\\\/quickrampe-20mm\\\/\",\"url\":\"https:\\\/\\\/turschwellenrampe.de\\\/de\\\/turschwellenrampen\\\/quickramps-polyethylen\\\/quickrampe-20mm\\\/\",\"name\":\"Quickrampe 20mm - Turschwellenrampe.de\",\"isPartOf\":{\"@id\":\"https:\\\/\\\/turschwellenrampe.de\\\/de\\\/#website\"},\"primaryImageOfPage\":{\"@id\":\"https:\\\/\\\/turschwellenrampe.de\\\/de\\\/turschwellenrampen\\\/quickramps-polyethylen\\\/quickrampe-20mm\\\/#primaryimage\"},\"image\":{\"@id\":\"https:\\\/\\\/turschwellenrampe.de\\\/de\\\/turschwellenrampen\\\/quickramps-polyethylen\\\/quickrampe-20mm\\\/#primaryimage\"},\"thumbnailUrl\":\"https:\\\/\\\/turschwellenrampe.de\\\/wp-content\\\/uploads\\\/2020\\\/03\\\/20mm.jpg\",\"datePublished\":\"2020-03-20T07:18:37+00:00\",\"dateModified\":\"2026-04-15T20:17:19+00:00\",\"breadcrumb\":{\"@id\":\"https:\\\/\\\/turschwellenrampe.de\\\/de\\\/turschwellenrampen\\\/quickramps-polyethylen\\\/quickrampe-20mm\\\/#breadcrumb\"},\"inLanguage\":\"de\",\"potentialAction\":[{\"@type\":\"ReadAction\",\"target\":[\"https:\\\/\\\/turschwellenrampe.de\\\/de\\\/turschwellenrampen\\\/quickramps-polyethylen\\\/quickrampe-20mm\\\/\"]}]},{\"@type\":\"ImageObject\",\"inLanguage\":\"de\",\"@id\":\"https:\\\/\\\/turschwellenrampe.de\\\/de\\\/turschwellenrampen\\\/quickramps-polyethylen\\\/quickrampe-20mm\\\/#primaryimage\",\"url\":\"https:\\\/\\\/turschwellenrampe.de\\\/wp-content\\\/uploads\\\/2020\\\/03\\\/20mm.jpg\",\"contentUrl\":\"https:\\\/\\\/turschwellenrampe.de\\\/wp-content\\\/uploads\\\/2020\\\/03\\\/20mm.jpg\",\"width\":1080,\"height\":1080},{\"@type\":\"BreadcrumbList\",\"@id\":\"https:\\\/\\\/turschwellenrampe.de\\\/de\\\/turschwellenrampen\\\/quickramps-polyethylen\\\/quickrampe-20mm\\\/#breadcrumb\",\"itemListElement\":[{\"@type\":\"ListItem\",\"position\":1,\"name\":\"Home\",\"item\":\"https:\\\/\\\/turschwellenrampe.de\\\/de\\\/\"},{\"@type\":\"ListItem\",\"position\":2,\"name\":\"Shop\",\"item\":\"https:\\\/\\\/turschwellenrampe.de\\\/de\\\/geschaft\\\/\"},{\"@type\":\"ListItem\",\"position\":3,\"name\":\"Quickrampe 20mm\"}]},{\"@type\":\"WebSite\",\"@id\":\"https:\\\/\\\/turschwellenrampe.de\\\/de\\\/#website\",\"url\":\"https:\\\/\\\/turschwellenrampe.de\\\/de\\\/\",\"name\":\"Turschwellenrampe.de\",\"description\":\"De Specialist in Toegankelijkheid\",\"potentialAction\":[{\"@type\":\"SearchAction\",\"target\":{\"@type\":\"EntryPoint\",\"urlTemplate\":\"https:\\\/\\\/turschwellenrampe.de\\\/de\\\/?s={search_term_string}\"},\"query-input\":{\"@type\":\"PropertyValueSpecification\",\"valueRequired\":true,\"valueName\":\"search_term_string\"}}],\"inLanguage\":\"de\"}]}<\/script>\n<!-- \/ Yoast SEO plugin. -->","yoast_head_json":{"title":"Quickrampe 20mm - Turschwellenrampe.de","robots":{"index":"index","follow":"follow","max-snippet":"max-snippet:-1","max-image-preview":"max-image-preview:large","max-video-preview":"max-video-preview:-1"},"canonical":"https:\/\/turschwellenrampe.de\/de\/turschwellenrampen\/quickramps-polyethylen\/quickrampe-20mm\/","og_locale":"de_DE","og_type":"article","og_title":"Quickrampe 20mm - Turschwellenrampe.de","og_description":"Quickrampssind die ideale L\u00f6sung f\u00fcr die Anpassung kleinerer Schwellenwerte.  Vorteile:   Mit gerippter, rutschfester Oberfl\u00e4che  Farbe grau  Hergestellt aus Polyethylen  H\u00f6he: 2 cm  Breite: 100 cm  L\u00e4nge: 15 cm","og_url":"https:\/\/turschwellenrampe.de\/de\/turschwellenrampen\/quickramps-polyethylen\/quickrampe-20mm\/","og_site_name":"Turschwellenrampe.de","article_publisher":"https:\/\/www.facebook.com\/Drempelhulp\/","article_modified_time":"2026-04-15T20:17:19+00:00","og_image":[{"width":1080,"height":1080,"url":"https:\/\/turschwellenrampe.de\/wp-content\/uploads\/2020\/03\/20mm.jpg","type":"image\/jpeg"}],"twitter_card":"summary_large_image","twitter_misc":{"Gesch\u00e4tzte Lesezeit":"1\u00a0Minute"},"schema":{"@context":"https:\/\/schema.org","@graph":[{"@type":"WebPage","@id":"https:\/\/turschwellenrampe.de\/de\/turschwellenrampen\/quickramps-polyethylen\/quickrampe-20mm\/","url":"https:\/\/turschwellenrampe.de\/de\/turschwellenrampen\/quickramps-polyethylen\/quickrampe-20mm\/","name":"Quickrampe 20mm - Turschwellenrampe.de","isPartOf":{"@id":"https:\/\/turschwellenrampe.de\/de\/#website"},"primaryImageOfPage":{"@id":"https:\/\/turschwellenrampe.de\/de\/turschwellenrampen\/quickramps-polyethylen\/quickrampe-20mm\/#primaryimage"},"image":{"@id":"https:\/\/turschwellenrampe.de\/de\/turschwellenrampen\/quickramps-polyethylen\/quickrampe-20mm\/#primaryimage"},"thumbnailUrl":"https:\/\/turschwellenrampe.de\/wp-content\/uploads\/2020\/03\/20mm.jpg","datePublished":"2020-03-20T07:18:37+00:00","dateModified":"2026-04-15T20:17:19+00:00","breadcrumb":{"@id":"https:\/\/turschwellenrampe.de\/de\/turschwellenrampen\/quickramps-polyethylen\/quickrampe-20mm\/#breadcrumb"},"inLanguage":"de","potentialAction":[{"@type":"ReadAction","target":["https:\/\/turschwellenrampe.de\/de\/turschwellenrampen\/quickramps-polyethylen\/quickrampe-20mm\/"]}]},{"@type":"ImageObject","inLanguage":"de","@id":"https:\/\/turschwellenrampe.de\/de\/turschwellenrampen\/quickramps-polyethylen\/quickrampe-20mm\/#primaryimage","url":"https:\/\/turschwellenrampe.de\/wp-content\/uploads\/2020\/03\/20mm.jpg","contentUrl":"https:\/\/turschwellenrampe.de\/wp-content\/uploads\/2020\/03\/20mm.jpg","width":1080,"height":1080},{"@type":"BreadcrumbList","@id":"https:\/\/turschwellenrampe.de\/de\/turschwellenrampen\/quickramps-polyethylen\/quickrampe-20mm\/#breadcrumb","itemListElement":[{"@type":"ListItem","position":1,"name":"Home","item":"https:\/\/turschwellenrampe.de\/de\/"},{"@type":"ListItem","position":2,"name":"Shop","item":"https:\/\/turschwellenrampe.de\/de\/geschaft\/"},{"@type":"ListItem","position":3,"name":"Quickrampe 20mm"}]},{"@type":"WebSite","@id":"https:\/\/turschwellenrampe.de\/de\/#website","url":"https:\/\/turschwellenrampe.de\/de\/","name":"Turschwellenrampe.de","description":"De Specialist in Toegankelijkheid","potentialAction":[{"@type":"SearchAction","target":{"@type":"EntryPoint","urlTemplate":"https:\/\/turschwellenrampe.de\/de\/?s={search_term_string}"},"query-input":{"@type":"PropertyValueSpecification","valueRequired":true,"valueName":"search_term_string"}}],"inLanguage":"de"}]}},"_links":{"self":[{"href":"https:\/\/turschwellenrampe.de\/de\/wp-json\/wp\/v2\/product\/12715","targetHints":{"allow":["GET"]}}],"collection":[{"href":"https:\/\/turschwellenrampe.de\/de\/wp-json\/wp\/v2\/product"}],"about":[{"href":"https:\/\/turschwellenrampe.de\/de\/wp-json\/wp\/v2\/types\/product"}],"replies":[{"embeddable":true,"href":"https:\/\/turschwellenrampe.de\/de\/wp-json\/wp\/v2\/comments?post=12715"}],"wp:featuredmedia":[{"embeddable":true,"href":"https:\/\/turschwellenrampe.de\/de\/wp-json\/wp\/v2\/media\/12127"}],"wp:attachment":[{"href":"https:\/\/turschwellenrampe.de\/de\/wp-json\/wp\/v2\/media?parent=12715"}],"wp:term":[{"taxonomy":"product_brand","embeddable":true,"href":"https:\/\/turschwellenrampe.de\/de\/wp-json\/wp\/v2\/product_brand?post=12715"},{"taxonomy":"product_cat","embeddable":true,"href":"https:\/\/turschwellenrampe.de\/de\/wp-json\/wp\/v2\/product_cat?post=12715"},{"taxonomy":"product_tag","embeddable":true,"href":"https:\/\/turschwellenrampe.de\/de\/wp-json\/wp\/v2\/product_tag?post=12715"}],"curies":[{"name":"wp","href":"https:\/\/api.w.org\/{rel}","templated":true}]}}