{"id":12713,"date":"2020-03-20T08:27:51","date_gmt":"2020-03-20T07:27:51","guid":{"rendered":"https:\/\/turschwellenrampe.de\/shop\/unkategorisiert\/rampe-aus-glasfaser-65-cm\/"},"modified":"2024-01-18T17:19:21","modified_gmt":"2024-01-18T16:19:21","slug":"leichte-rampe-65-cm","status":"publish","type":"product","link":"https:\/\/turschwellenrampe.de\/de\/rollstuhlrampen\/rollstuhlrampe-leichtgewicht\/leichte-rampe-65-cm\/","title":{"rendered":"Rampe aus Glasfaser &#8211; 65 cm"},"content":{"rendered":"<p>Diese leichten Rampen werden haupts\u00e4chlich aus Glasfaser und Aluminium hergestellt und wiegen dank des verwendeten Materials nur zwischen 3 und 15 kg. Die Rollstuhlrampen sind au\u00dferdem mit einem praktischen Griff ausgestattet, der sie sehr mobil macht. Die Rollstuhlrampen sind in L\u00e4ngen von 65 bis maximal 285 cm erh\u00e4ltlich und haben im ausgeklappten Zustand eine Breite von 70 cm.<\/p>\n<p>Praktische rampen zum Mitnehmen. F\u00fcr den Innen- und Au\u00dfenbereich und nur f\u00fcr manuelle Rollst\u00fchle geeignet.<\/p>\n<p>Diese Rollstuhlrampen haben eine Lieferzeit von 5 Arbeitstagen.<\/p>\n<p><strong>Spezifikationen:<\/strong><\/p>\n<ul>\n<li>Randh\u00f6he: 2,5 cm<\/li>\n<li>L\u00e4nge: 65 cm<\/li>\n<li>Breite: 70 cm<\/li>\n<li>Breite zusammengeklappt: 35 cm<\/li>\n<li>Gewicht: 3 kg<\/li>\n<li>Maximale Gewichtskapazit\u00e4t: 300 kg<\/li>\n<\/ul>\n","protected":false},"excerpt":{"rendered":"<p>Diese leichten Rampen werden haupts\u00e4chlich aus Glasfaser und Aluminium hergestellt und wiegen dank des verwendeten Materials nur zwischen 3 und 15 kg. Die Rollstuhlrampen sind au\u00dferdem mit einem praktischen Griff ausgestattet, der sie sehr mobil macht. Die Rollstuhlrampen sind in L\u00e4ngen von 65 bis maximal 285 cm erh\u00e4ltlich und haben im ausgeklappten Zustand eine Breite von 70 cm.<\/p>\n<p>Praktische rampen zum Mitnehmen. F\u00fcr den Innen- und Au\u00dfenbereich und nur f\u00fcr manuelle Rollst\u00fchle geeignet.<\/p>\n<p>Diese Rollstuhlrampen haben eine Lieferzeit von 5 Arbeitstagen.<\/p>\n<p><strong>Spezifikationen:<\/strong><\/p>\n<ul>\n<li>Randh\u00f6he: 2,5 cm<\/li>\n<li>L\u00e4nge: 65 cm<\/li>\n<li>Breite: 70 cm<\/li>\n<li>Breite zusammengeklappt: 35 cm<\/li>\n<li>Gewicht: 3 kg<\/li>\n<li>Maximale Gewichtskapazit\u00e4t: 300 kg<\/li>\n<\/ul>\n","protected":false},"featured_media":11696,"comment_status":"open","ping_status":"closed","template":"","meta":[],"product_brand":[],"product_cat":[533],"product_tag":[],"class_list":{"0":"post-12713","1":"product","2":"type-product","3":"status-publish","4":"has-post-thumbnail","6":"product_cat-rollstuhlrampe-leichtgewicht","8":"first","9":"instock","10":"taxable","11":"shipping-taxable","12":"purchasable","13":"product-type-simple"},"yoast_head":"<!-- This site is optimized with the Yoast SEO plugin v27.3 - https:\/\/yoast.com\/product\/yoast-seo-wordpress\/ -->\n<title>Rampe aus Glasfaser - 65 cm - Turschwellenrampe.de<\/title>\n<meta name=\"robots\" content=\"index, follow, max-snippet:-1, max-image-preview:large, max-video-preview:-1\" \/>\n<link rel=\"canonical\" href=\"https:\/\/turschwellenrampe.de\/de\/rollstuhlrampen\/rollstuhlrampe-leichtgewicht\/leichte-rampe-65-cm\/\" \/>\n<meta property=\"og:locale\" content=\"de_DE\" \/>\n<meta property=\"og:type\" content=\"article\" \/>\n<meta property=\"og:title\" content=\"Rampe aus Glasfaser - 65 cm - Turschwellenrampe.de\" \/>\n<meta property=\"og:description\" content=\"Diese leichten Rampen werden haupts\u00e4chlich aus Glasfaser und Aluminium hergestellt und wiegen dank des verwendeten Materials nur zwischen 3 und 15 kg. Die Rollstuhlrampen sind au\u00dferdem mit einem praktischen Griff ausgestattet, der sie sehr mobil macht. Die Rollstuhlrampen sind in L\u00e4ngen von 65 bis maximal 285 cm erh\u00e4ltlich und haben im ausgeklappten Zustand eine Breite von 70 cm. Praktische rampen zum Mitnehmen. F\u00fcr den Innen- und Au\u00dfenbereich und nur f\u00fcr manuelle Rollst\u00fchle geeignet. Diese Rollstuhlrampen haben eine Lieferzeit von 5 Arbeitstagen. Spezifikationen:  Randh\u00f6he: 2,5 cm  L\u00e4nge: 65 cm  Breite: 70 cm  Breite zusammengeklappt: 35 cm  Gewicht: 3 kg  Maximale Gewichtskapazit\u00e4t: 300 kg\" \/>\n<meta property=\"og:url\" content=\"https:\/\/turschwellenrampe.de\/de\/rollstuhlrampen\/rollstuhlrampe-leichtgewicht\/leichte-rampe-65-cm\/\" \/>\n<meta property=\"og:site_name\" content=\"Turschwellenrampe.de\" \/>\n<meta property=\"article:publisher\" content=\"https:\/\/www.facebook.com\/Drempelhulp\/\" \/>\n<meta property=\"article:modified_time\" content=\"2024-01-18T16:19:21+00:00\" \/>\n<meta property=\"og:image\" content=\"https:\/\/turschwellenrampe.de\/wp-content\/uploads\/2020\/03\/lichtgewicht-oprijplaat-van-glasvezel-2.jpg\" \/>\n\t<meta property=\"og:image:width\" content=\"400\" \/>\n\t<meta property=\"og:image:height\" content=\"400\" \/>\n\t<meta property=\"og:image:type\" content=\"image\/jpeg\" \/>\n<meta name=\"twitter:card\" content=\"summary_large_image\" \/>\n<meta name=\"twitter:label1\" content=\"Gesch\u00e4tzte Lesezeit\" \/>\n\t<meta name=\"twitter:data1\" content=\"1\u00a0Minute\" \/>\n<script type=\"application\/ld+json\" class=\"yoast-schema-graph\">{\"@context\":\"https:\\\/\\\/schema.org\",\"@graph\":[{\"@type\":\"WebPage\",\"@id\":\"https:\\\/\\\/turschwellenrampe.de\\\/de\\\/rollstuhlrampen\\\/rollstuhlrampe-leichtgewicht\\\/leichte-rampe-65-cm\\\/\",\"url\":\"https:\\\/\\\/turschwellenrampe.de\\\/de\\\/rollstuhlrampen\\\/rollstuhlrampe-leichtgewicht\\\/leichte-rampe-65-cm\\\/\",\"name\":\"Rampe aus Glasfaser - 65 cm - Turschwellenrampe.de\",\"isPartOf\":{\"@id\":\"https:\\\/\\\/turschwellenrampe.de\\\/de\\\/#website\"},\"primaryImageOfPage\":{\"@id\":\"https:\\\/\\\/turschwellenrampe.de\\\/de\\\/rollstuhlrampen\\\/rollstuhlrampe-leichtgewicht\\\/leichte-rampe-65-cm\\\/#primaryimage\"},\"image\":{\"@id\":\"https:\\\/\\\/turschwellenrampe.de\\\/de\\\/rollstuhlrampen\\\/rollstuhlrampe-leichtgewicht\\\/leichte-rampe-65-cm\\\/#primaryimage\"},\"thumbnailUrl\":\"https:\\\/\\\/turschwellenrampe.de\\\/wp-content\\\/uploads\\\/2020\\\/03\\\/lichtgewicht-oprijplaat-van-glasvezel-2.jpg\",\"datePublished\":\"2020-03-20T07:27:51+00:00\",\"dateModified\":\"2024-01-18T16:19:21+00:00\",\"breadcrumb\":{\"@id\":\"https:\\\/\\\/turschwellenrampe.de\\\/de\\\/rollstuhlrampen\\\/rollstuhlrampe-leichtgewicht\\\/leichte-rampe-65-cm\\\/#breadcrumb\"},\"inLanguage\":\"de\",\"potentialAction\":[{\"@type\":\"ReadAction\",\"target\":[\"https:\\\/\\\/turschwellenrampe.de\\\/de\\\/rollstuhlrampen\\\/rollstuhlrampe-leichtgewicht\\\/leichte-rampe-65-cm\\\/\"]}]},{\"@type\":\"ImageObject\",\"inLanguage\":\"de\",\"@id\":\"https:\\\/\\\/turschwellenrampe.de\\\/de\\\/rollstuhlrampen\\\/rollstuhlrampe-leichtgewicht\\\/leichte-rampe-65-cm\\\/#primaryimage\",\"url\":\"https:\\\/\\\/turschwellenrampe.de\\\/wp-content\\\/uploads\\\/2020\\\/03\\\/lichtgewicht-oprijplaat-van-glasvezel-2.jpg\",\"contentUrl\":\"https:\\\/\\\/turschwellenrampe.de\\\/wp-content\\\/uploads\\\/2020\\\/03\\\/lichtgewicht-oprijplaat-van-glasvezel-2.jpg\",\"width\":400,\"height\":400},{\"@type\":\"BreadcrumbList\",\"@id\":\"https:\\\/\\\/turschwellenrampe.de\\\/de\\\/rollstuhlrampen\\\/rollstuhlrampe-leichtgewicht\\\/leichte-rampe-65-cm\\\/#breadcrumb\",\"itemListElement\":[{\"@type\":\"ListItem\",\"position\":1,\"name\":\"Home\",\"item\":\"https:\\\/\\\/turschwellenrampe.de\\\/de\\\/\"},{\"@type\":\"ListItem\",\"position\":2,\"name\":\"Shop\",\"item\":\"https:\\\/\\\/turschwellenrampe.de\\\/de\\\/geschaft\\\/\"},{\"@type\":\"ListItem\",\"position\":3,\"name\":\"Rampe aus Glasfaser &#8211; 65 cm\"}]},{\"@type\":\"WebSite\",\"@id\":\"https:\\\/\\\/turschwellenrampe.de\\\/de\\\/#website\",\"url\":\"https:\\\/\\\/turschwellenrampe.de\\\/de\\\/\",\"name\":\"Turschwellenrampe.de\",\"description\":\"De Specialist in Toegankelijkheid\",\"potentialAction\":[{\"@type\":\"SearchAction\",\"target\":{\"@type\":\"EntryPoint\",\"urlTemplate\":\"https:\\\/\\\/turschwellenrampe.de\\\/de\\\/?s={search_term_string}\"},\"query-input\":{\"@type\":\"PropertyValueSpecification\",\"valueRequired\":true,\"valueName\":\"search_term_string\"}}],\"inLanguage\":\"de\"}]}<\/script>\n<!-- \/ Yoast SEO plugin. -->","yoast_head_json":{"title":"Rampe aus Glasfaser - 65 cm - Turschwellenrampe.de","robots":{"index":"index","follow":"follow","max-snippet":"max-snippet:-1","max-image-preview":"max-image-preview:large","max-video-preview":"max-video-preview:-1"},"canonical":"https:\/\/turschwellenrampe.de\/de\/rollstuhlrampen\/rollstuhlrampe-leichtgewicht\/leichte-rampe-65-cm\/","og_locale":"de_DE","og_type":"article","og_title":"Rampe aus Glasfaser - 65 cm - Turschwellenrampe.de","og_description":"Diese leichten Rampen werden haupts\u00e4chlich aus Glasfaser und Aluminium hergestellt und wiegen dank des verwendeten Materials nur zwischen 3 und 15 kg. Die Rollstuhlrampen sind au\u00dferdem mit einem praktischen Griff ausgestattet, der sie sehr mobil macht. Die Rollstuhlrampen sind in L\u00e4ngen von 65 bis maximal 285 cm erh\u00e4ltlich und haben im ausgeklappten Zustand eine Breite von 70 cm. Praktische rampen zum Mitnehmen. F\u00fcr den Innen- und Au\u00dfenbereich und nur f\u00fcr manuelle Rollst\u00fchle geeignet. Diese Rollstuhlrampen haben eine Lieferzeit von 5 Arbeitstagen. Spezifikationen:  Randh\u00f6he: 2,5 cm  L\u00e4nge: 65 cm  Breite: 70 cm  Breite zusammengeklappt: 35 cm  Gewicht: 3 kg  Maximale Gewichtskapazit\u00e4t: 300 kg","og_url":"https:\/\/turschwellenrampe.de\/de\/rollstuhlrampen\/rollstuhlrampe-leichtgewicht\/leichte-rampe-65-cm\/","og_site_name":"Turschwellenrampe.de","article_publisher":"https:\/\/www.facebook.com\/Drempelhulp\/","article_modified_time":"2024-01-18T16:19:21+00:00","og_image":[{"width":400,"height":400,"url":"https:\/\/turschwellenrampe.de\/wp-content\/uploads\/2020\/03\/lichtgewicht-oprijplaat-van-glasvezel-2.jpg","type":"image\/jpeg"}],"twitter_card":"summary_large_image","twitter_misc":{"Gesch\u00e4tzte Lesezeit":"1\u00a0Minute"},"schema":{"@context":"https:\/\/schema.org","@graph":[{"@type":"WebPage","@id":"https:\/\/turschwellenrampe.de\/de\/rollstuhlrampen\/rollstuhlrampe-leichtgewicht\/leichte-rampe-65-cm\/","url":"https:\/\/turschwellenrampe.de\/de\/rollstuhlrampen\/rollstuhlrampe-leichtgewicht\/leichte-rampe-65-cm\/","name":"Rampe aus Glasfaser - 65 cm - Turschwellenrampe.de","isPartOf":{"@id":"https:\/\/turschwellenrampe.de\/de\/#website"},"primaryImageOfPage":{"@id":"https:\/\/turschwellenrampe.de\/de\/rollstuhlrampen\/rollstuhlrampe-leichtgewicht\/leichte-rampe-65-cm\/#primaryimage"},"image":{"@id":"https:\/\/turschwellenrampe.de\/de\/rollstuhlrampen\/rollstuhlrampe-leichtgewicht\/leichte-rampe-65-cm\/#primaryimage"},"thumbnailUrl":"https:\/\/turschwellenrampe.de\/wp-content\/uploads\/2020\/03\/lichtgewicht-oprijplaat-van-glasvezel-2.jpg","datePublished":"2020-03-20T07:27:51+00:00","dateModified":"2024-01-18T16:19:21+00:00","breadcrumb":{"@id":"https:\/\/turschwellenrampe.de\/de\/rollstuhlrampen\/rollstuhlrampe-leichtgewicht\/leichte-rampe-65-cm\/#breadcrumb"},"inLanguage":"de","potentialAction":[{"@type":"ReadAction","target":["https:\/\/turschwellenrampe.de\/de\/rollstuhlrampen\/rollstuhlrampe-leichtgewicht\/leichte-rampe-65-cm\/"]}]},{"@type":"ImageObject","inLanguage":"de","@id":"https:\/\/turschwellenrampe.de\/de\/rollstuhlrampen\/rollstuhlrampe-leichtgewicht\/leichte-rampe-65-cm\/#primaryimage","url":"https:\/\/turschwellenrampe.de\/wp-content\/uploads\/2020\/03\/lichtgewicht-oprijplaat-van-glasvezel-2.jpg","contentUrl":"https:\/\/turschwellenrampe.de\/wp-content\/uploads\/2020\/03\/lichtgewicht-oprijplaat-van-glasvezel-2.jpg","width":400,"height":400},{"@type":"BreadcrumbList","@id":"https:\/\/turschwellenrampe.de\/de\/rollstuhlrampen\/rollstuhlrampe-leichtgewicht\/leichte-rampe-65-cm\/#breadcrumb","itemListElement":[{"@type":"ListItem","position":1,"name":"Home","item":"https:\/\/turschwellenrampe.de\/de\/"},{"@type":"ListItem","position":2,"name":"Shop","item":"https:\/\/turschwellenrampe.de\/de\/geschaft\/"},{"@type":"ListItem","position":3,"name":"Rampe aus Glasfaser &#8211; 65 cm"}]},{"@type":"WebSite","@id":"https:\/\/turschwellenrampe.de\/de\/#website","url":"https:\/\/turschwellenrampe.de\/de\/","name":"Turschwellenrampe.de","description":"De Specialist in Toegankelijkheid","potentialAction":[{"@type":"SearchAction","target":{"@type":"EntryPoint","urlTemplate":"https:\/\/turschwellenrampe.de\/de\/?s={search_term_string}"},"query-input":{"@type":"PropertyValueSpecification","valueRequired":true,"valueName":"search_term_string"}}],"inLanguage":"de"}]}},"_links":{"self":[{"href":"https:\/\/turschwellenrampe.de\/de\/wp-json\/wp\/v2\/product\/12713","targetHints":{"allow":["GET"]}}],"collection":[{"href":"https:\/\/turschwellenrampe.de\/de\/wp-json\/wp\/v2\/product"}],"about":[{"href":"https:\/\/turschwellenrampe.de\/de\/wp-json\/wp\/v2\/types\/product"}],"replies":[{"embeddable":true,"href":"https:\/\/turschwellenrampe.de\/de\/wp-json\/wp\/v2\/comments?post=12713"}],"wp:featuredmedia":[{"embeddable":true,"href":"https:\/\/turschwellenrampe.de\/de\/wp-json\/wp\/v2\/media\/11696"}],"wp:attachment":[{"href":"https:\/\/turschwellenrampe.de\/de\/wp-json\/wp\/v2\/media?parent=12713"}],"wp:term":[{"taxonomy":"product_brand","embeddable":true,"href":"https:\/\/turschwellenrampe.de\/de\/wp-json\/wp\/v2\/product_brand?post=12713"},{"taxonomy":"product_cat","embeddable":true,"href":"https:\/\/turschwellenrampe.de\/de\/wp-json\/wp\/v2\/product_cat?post=12713"},{"taxonomy":"product_tag","embeddable":true,"href":"https:\/\/turschwellenrampe.de\/de\/wp-json\/wp\/v2\/product_tag?post=12713"}],"curies":[{"name":"wp","href":"https:\/\/api.w.org\/{rel}","templated":true}]}}