{"id":12705,"date":"2020-03-20T08:29:57","date_gmt":"2020-03-20T07:29:57","guid":{"rendered":"https:\/\/turschwellenrampe.de\/shop\/unkategorisiert\/zwischenstueck-fuer-leichtbau-rampen\/"},"modified":"2024-01-18T17:27:12","modified_gmt":"2024-01-18T16:27:12","slug":"zwischenstuck-fur-leichtbau-rampen","status":"publish","type":"product","link":"https:\/\/turschwellenrampe.de\/de\/rollstuhlrampen\/rollstuhlrampe-leichtgewicht\/zwischenstuck-fur-leichtbau-rampen\/","title":{"rendered":"Zwischenst\u00fcck f\u00fcr Leichtbau-Rampen"},"content":{"rendered":"<p>Mit diesem transportablen Zwischenst\u00fcck f\u00fcr die Leichtbau-Rampen lassen sich zwei Rampen sicher und fest verbinden. Auf diese Weise entsteht eine l\u00e4ngere Platte und das Gef\u00e4lle der Auffahrt wird verringert.<\/p>\n<p><strong>Spezifikationen:<\/strong><\/p>\n<ul>\n<li>H\u00f6he: 21 &#8211; 25 cm<\/li>\n<li>Breite: 78 cm<\/li>\n<li>L\u00e4nge: 42,5 cm<\/li>\n<li>Gewicht: 12 kg<\/li>\n<li>Maximale Belastung: 300 kg<\/li>\n<li>Material: Rostfreier Stahl und Aluminium<\/li>\n<\/ul>\n","protected":false},"excerpt":{"rendered":"<p>Mit diesem transportablen Zwischenst\u00fcck f\u00fcr die Leichtbau-Rampen lassen sich zwei Rampen sicher und fest verbinden. Auf diese Weise entsteht eine l\u00e4ngere Platte und das Gef\u00e4lle der Auffahrt wird verringert.<\/p>\n<p><strong>Spezifikationen:<\/strong><\/p>\n<ul>\n<li>H\u00f6he: 21 &#8211; 25 cm<\/li>\n<li>Breite: 78 cm<\/li>\n<li>L\u00e4nge: 42,5 cm<\/li>\n<li>Gewicht: 12 kg<\/li>\n<li>Maximale Belastung: 300 kg<\/li>\n<li>Material: Rostfreier Stahl und Aluminium<\/li>\n<\/ul>\n","protected":false},"featured_media":11722,"comment_status":"open","ping_status":"closed","template":"","meta":[],"product_brand":[],"product_cat":[533],"product_tag":[],"class_list":{"0":"post-12705","1":"product","2":"type-product","3":"status-publish","4":"has-post-thumbnail","6":"product_cat-rollstuhlrampe-leichtgewicht","8":"first","9":"instock","10":"taxable","11":"shipping-taxable","12":"purchasable","13":"product-type-simple"},"yoast_head":"<!-- This site is optimized with the Yoast SEO plugin v27.5 - https:\/\/yoast.com\/product\/yoast-seo-wordpress\/ -->\n<title>Zwischenst\u00fcck f\u00fcr Leichtbau-Rampen - Turschwellenrampe.de<\/title>\n<meta name=\"robots\" content=\"index, follow, max-snippet:-1, max-image-preview:large, max-video-preview:-1\" \/>\n<link rel=\"canonical\" href=\"https:\/\/turschwellenrampe.de\/de\/rollstuhlrampen\/rollstuhlrampe-leichtgewicht\/zwischenstuck-fur-leichtbau-rampen\/\" \/>\n<meta property=\"og:locale\" content=\"de_DE\" \/>\n<meta property=\"og:type\" content=\"article\" \/>\n<meta property=\"og:title\" content=\"Zwischenst\u00fcck f\u00fcr Leichtbau-Rampen - Turschwellenrampe.de\" \/>\n<meta property=\"og:description\" content=\"Mit diesem transportablen Zwischenst\u00fcck f\u00fcr die Leichtbau-Rampen lassen sich zwei Rampen sicher und fest verbinden. Auf diese Weise entsteht eine l\u00e4ngere Platte und das Gef\u00e4lle der Auffahrt wird verringert. Spezifikationen:  H\u00f6he: 21 - 25 cm  Breite: 78 cm  L\u00e4nge: 42,5 cm  Gewicht: 12 kg  Maximale Belastung: 300 kg  Material: Rostfreier Stahl und Aluminium\" \/>\n<meta property=\"og:url\" content=\"https:\/\/turschwellenrampe.de\/de\/rollstuhlrampen\/rollstuhlrampe-leichtgewicht\/zwischenstuck-fur-leichtbau-rampen\/\" \/>\n<meta property=\"og:site_name\" content=\"Turschwellenrampe.de\" \/>\n<meta property=\"article:publisher\" content=\"https:\/\/www.facebook.com\/Drempelhulp\/\" \/>\n<meta property=\"article:modified_time\" content=\"2024-01-18T16:27:12+00:00\" \/>\n<meta property=\"og:image\" content=\"https:\/\/turschwellenrampe.de\/wp-content\/uploads\/2020\/03\/tussenstuk-voor-oprijplaten-lichtgewicht.jpg\" \/>\n\t<meta property=\"og:image:width\" content=\"1262\" \/>\n\t<meta property=\"og:image:height\" content=\"836\" \/>\n\t<meta property=\"og:image:type\" content=\"image\/jpeg\" \/>\n<meta name=\"twitter:card\" content=\"summary_large_image\" \/>\n<script type=\"application\/ld+json\" class=\"yoast-schema-graph\">{\"@context\":\"https:\\\/\\\/schema.org\",\"@graph\":[{\"@type\":\"WebPage\",\"@id\":\"https:\\\/\\\/turschwellenrampe.de\\\/de\\\/rollstuhlrampen\\\/rollstuhlrampe-leichtgewicht\\\/zwischenstuck-fur-leichtbau-rampen\\\/\",\"url\":\"https:\\\/\\\/turschwellenrampe.de\\\/de\\\/rollstuhlrampen\\\/rollstuhlrampe-leichtgewicht\\\/zwischenstuck-fur-leichtbau-rampen\\\/\",\"name\":\"Zwischenst\u00fcck f\u00fcr Leichtbau-Rampen - Turschwellenrampe.de\",\"isPartOf\":{\"@id\":\"https:\\\/\\\/turschwellenrampe.de\\\/de\\\/#website\"},\"primaryImageOfPage\":{\"@id\":\"https:\\\/\\\/turschwellenrampe.de\\\/de\\\/rollstuhlrampen\\\/rollstuhlrampe-leichtgewicht\\\/zwischenstuck-fur-leichtbau-rampen\\\/#primaryimage\"},\"image\":{\"@id\":\"https:\\\/\\\/turschwellenrampe.de\\\/de\\\/rollstuhlrampen\\\/rollstuhlrampe-leichtgewicht\\\/zwischenstuck-fur-leichtbau-rampen\\\/#primaryimage\"},\"thumbnailUrl\":\"https:\\\/\\\/turschwellenrampe.de\\\/wp-content\\\/uploads\\\/2020\\\/03\\\/tussenstuk-voor-oprijplaten-lichtgewicht.jpg\",\"datePublished\":\"2020-03-20T07:29:57+00:00\",\"dateModified\":\"2024-01-18T16:27:12+00:00\",\"breadcrumb\":{\"@id\":\"https:\\\/\\\/turschwellenrampe.de\\\/de\\\/rollstuhlrampen\\\/rollstuhlrampe-leichtgewicht\\\/zwischenstuck-fur-leichtbau-rampen\\\/#breadcrumb\"},\"inLanguage\":\"de\",\"potentialAction\":[{\"@type\":\"ReadAction\",\"target\":[\"https:\\\/\\\/turschwellenrampe.de\\\/de\\\/rollstuhlrampen\\\/rollstuhlrampe-leichtgewicht\\\/zwischenstuck-fur-leichtbau-rampen\\\/\"]}]},{\"@type\":\"ImageObject\",\"inLanguage\":\"de\",\"@id\":\"https:\\\/\\\/turschwellenrampe.de\\\/de\\\/rollstuhlrampen\\\/rollstuhlrampe-leichtgewicht\\\/zwischenstuck-fur-leichtbau-rampen\\\/#primaryimage\",\"url\":\"https:\\\/\\\/turschwellenrampe.de\\\/wp-content\\\/uploads\\\/2020\\\/03\\\/tussenstuk-voor-oprijplaten-lichtgewicht.jpg\",\"contentUrl\":\"https:\\\/\\\/turschwellenrampe.de\\\/wp-content\\\/uploads\\\/2020\\\/03\\\/tussenstuk-voor-oprijplaten-lichtgewicht.jpg\",\"width\":1262,\"height\":836},{\"@type\":\"BreadcrumbList\",\"@id\":\"https:\\\/\\\/turschwellenrampe.de\\\/de\\\/rollstuhlrampen\\\/rollstuhlrampe-leichtgewicht\\\/zwischenstuck-fur-leichtbau-rampen\\\/#breadcrumb\",\"itemListElement\":[{\"@type\":\"ListItem\",\"position\":1,\"name\":\"Home\",\"item\":\"https:\\\/\\\/turschwellenrampe.de\\\/de\\\/\"},{\"@type\":\"ListItem\",\"position\":2,\"name\":\"Shop\",\"item\":\"https:\\\/\\\/turschwellenrampe.de\\\/de\\\/geschaft\\\/\"},{\"@type\":\"ListItem\",\"position\":3,\"name\":\"Zwischenst\u00fcck f\u00fcr Leichtbau-Rampen\"}]},{\"@type\":\"WebSite\",\"@id\":\"https:\\\/\\\/turschwellenrampe.de\\\/de\\\/#website\",\"url\":\"https:\\\/\\\/turschwellenrampe.de\\\/de\\\/\",\"name\":\"Turschwellenrampe.de\",\"description\":\"De Specialist in Toegankelijkheid\",\"potentialAction\":[{\"@type\":\"SearchAction\",\"target\":{\"@type\":\"EntryPoint\",\"urlTemplate\":\"https:\\\/\\\/turschwellenrampe.de\\\/de\\\/?s={search_term_string}\"},\"query-input\":{\"@type\":\"PropertyValueSpecification\",\"valueRequired\":true,\"valueName\":\"search_term_string\"}}],\"inLanguage\":\"de\"}]}<\/script>\n<!-- \/ Yoast SEO plugin. -->","yoast_head_json":{"title":"Zwischenst\u00fcck f\u00fcr Leichtbau-Rampen - Turschwellenrampe.de","robots":{"index":"index","follow":"follow","max-snippet":"max-snippet:-1","max-image-preview":"max-image-preview:large","max-video-preview":"max-video-preview:-1"},"canonical":"https:\/\/turschwellenrampe.de\/de\/rollstuhlrampen\/rollstuhlrampe-leichtgewicht\/zwischenstuck-fur-leichtbau-rampen\/","og_locale":"de_DE","og_type":"article","og_title":"Zwischenst\u00fcck f\u00fcr Leichtbau-Rampen - Turschwellenrampe.de","og_description":"Mit diesem transportablen Zwischenst\u00fcck f\u00fcr die Leichtbau-Rampen lassen sich zwei Rampen sicher und fest verbinden. Auf diese Weise entsteht eine l\u00e4ngere Platte und das Gef\u00e4lle der Auffahrt wird verringert. Spezifikationen:  H\u00f6he: 21 - 25 cm  Breite: 78 cm  L\u00e4nge: 42,5 cm  Gewicht: 12 kg  Maximale Belastung: 300 kg  Material: Rostfreier Stahl und Aluminium","og_url":"https:\/\/turschwellenrampe.de\/de\/rollstuhlrampen\/rollstuhlrampe-leichtgewicht\/zwischenstuck-fur-leichtbau-rampen\/","og_site_name":"Turschwellenrampe.de","article_publisher":"https:\/\/www.facebook.com\/Drempelhulp\/","article_modified_time":"2024-01-18T16:27:12+00:00","og_image":[{"width":1262,"height":836,"url":"https:\/\/turschwellenrampe.de\/wp-content\/uploads\/2020\/03\/tussenstuk-voor-oprijplaten-lichtgewicht.jpg","type":"image\/jpeg"}],"twitter_card":"summary_large_image","schema":{"@context":"https:\/\/schema.org","@graph":[{"@type":"WebPage","@id":"https:\/\/turschwellenrampe.de\/de\/rollstuhlrampen\/rollstuhlrampe-leichtgewicht\/zwischenstuck-fur-leichtbau-rampen\/","url":"https:\/\/turschwellenrampe.de\/de\/rollstuhlrampen\/rollstuhlrampe-leichtgewicht\/zwischenstuck-fur-leichtbau-rampen\/","name":"Zwischenst\u00fcck f\u00fcr Leichtbau-Rampen - Turschwellenrampe.de","isPartOf":{"@id":"https:\/\/turschwellenrampe.de\/de\/#website"},"primaryImageOfPage":{"@id":"https:\/\/turschwellenrampe.de\/de\/rollstuhlrampen\/rollstuhlrampe-leichtgewicht\/zwischenstuck-fur-leichtbau-rampen\/#primaryimage"},"image":{"@id":"https:\/\/turschwellenrampe.de\/de\/rollstuhlrampen\/rollstuhlrampe-leichtgewicht\/zwischenstuck-fur-leichtbau-rampen\/#primaryimage"},"thumbnailUrl":"https:\/\/turschwellenrampe.de\/wp-content\/uploads\/2020\/03\/tussenstuk-voor-oprijplaten-lichtgewicht.jpg","datePublished":"2020-03-20T07:29:57+00:00","dateModified":"2024-01-18T16:27:12+00:00","breadcrumb":{"@id":"https:\/\/turschwellenrampe.de\/de\/rollstuhlrampen\/rollstuhlrampe-leichtgewicht\/zwischenstuck-fur-leichtbau-rampen\/#breadcrumb"},"inLanguage":"de","potentialAction":[{"@type":"ReadAction","target":["https:\/\/turschwellenrampe.de\/de\/rollstuhlrampen\/rollstuhlrampe-leichtgewicht\/zwischenstuck-fur-leichtbau-rampen\/"]}]},{"@type":"ImageObject","inLanguage":"de","@id":"https:\/\/turschwellenrampe.de\/de\/rollstuhlrampen\/rollstuhlrampe-leichtgewicht\/zwischenstuck-fur-leichtbau-rampen\/#primaryimage","url":"https:\/\/turschwellenrampe.de\/wp-content\/uploads\/2020\/03\/tussenstuk-voor-oprijplaten-lichtgewicht.jpg","contentUrl":"https:\/\/turschwellenrampe.de\/wp-content\/uploads\/2020\/03\/tussenstuk-voor-oprijplaten-lichtgewicht.jpg","width":1262,"height":836},{"@type":"BreadcrumbList","@id":"https:\/\/turschwellenrampe.de\/de\/rollstuhlrampen\/rollstuhlrampe-leichtgewicht\/zwischenstuck-fur-leichtbau-rampen\/#breadcrumb","itemListElement":[{"@type":"ListItem","position":1,"name":"Home","item":"https:\/\/turschwellenrampe.de\/de\/"},{"@type":"ListItem","position":2,"name":"Shop","item":"https:\/\/turschwellenrampe.de\/de\/geschaft\/"},{"@type":"ListItem","position":3,"name":"Zwischenst\u00fcck f\u00fcr Leichtbau-Rampen"}]},{"@type":"WebSite","@id":"https:\/\/turschwellenrampe.de\/de\/#website","url":"https:\/\/turschwellenrampe.de\/de\/","name":"Turschwellenrampe.de","description":"De Specialist in Toegankelijkheid","potentialAction":[{"@type":"SearchAction","target":{"@type":"EntryPoint","urlTemplate":"https:\/\/turschwellenrampe.de\/de\/?s={search_term_string}"},"query-input":{"@type":"PropertyValueSpecification","valueRequired":true,"valueName":"search_term_string"}}],"inLanguage":"de"}]}},"_links":{"self":[{"href":"https:\/\/turschwellenrampe.de\/de\/wp-json\/wp\/v2\/product\/12705","targetHints":{"allow":["GET"]}}],"collection":[{"href":"https:\/\/turschwellenrampe.de\/de\/wp-json\/wp\/v2\/product"}],"about":[{"href":"https:\/\/turschwellenrampe.de\/de\/wp-json\/wp\/v2\/types\/product"}],"replies":[{"embeddable":true,"href":"https:\/\/turschwellenrampe.de\/de\/wp-json\/wp\/v2\/comments?post=12705"}],"wp:featuredmedia":[{"embeddable":true,"href":"https:\/\/turschwellenrampe.de\/de\/wp-json\/wp\/v2\/media\/11722"}],"wp:attachment":[{"href":"https:\/\/turschwellenrampe.de\/de\/wp-json\/wp\/v2\/media?parent=12705"}],"wp:term":[{"taxonomy":"product_brand","embeddable":true,"href":"https:\/\/turschwellenrampe.de\/de\/wp-json\/wp\/v2\/product_brand?post=12705"},{"taxonomy":"product_cat","embeddable":true,"href":"https:\/\/turschwellenrampe.de\/de\/wp-json\/wp\/v2\/product_cat?post=12705"},{"taxonomy":"product_tag","embeddable":true,"href":"https:\/\/turschwellenrampe.de\/de\/wp-json\/wp\/v2\/product_tag?post=12705"}],"curies":[{"name":"wp","href":"https:\/\/api.w.org\/{rel}","templated":true}]}}