{"id":12690,"date":"2020-03-20T08:45:47","date_gmt":"2020-03-20T07:45:47","guid":{"rendered":"https:\/\/turschwellenrampe.de\/shop\/unkategorisiert\/kit-1-18-bis-55-cm-neu\/"},"modified":"2026-04-01T09:20:26","modified_gmt":"2026-04-01T07:20:26","slug":"kit-1-18-tot-55-cm-neu","status":"publish","type":"product","link":"https:\/\/turschwellenrampe.de\/de\/turschwellenrampen\/turschwellenrampen-gestaffelt-modular\/kit-1-18-tot-55-cm-neu\/","title":{"rendered":"Kit 1 | 1,8 bis 5,5 cm &#8211; Neu"},"content":{"rendered":"<p>Die neuen KIT-Schwellenrampen sind teilweise gebrauchsfertige Schwellenrampen, die sowohl f\u00fcr den Innen- als auch f\u00fcr den Au\u00dfenbereich geeignet sind und eine gute L\u00f6sung f\u00fcr mittlere bis hohe Schwellen bis zu einer H\u00f6he von 19,9 cm darstellen. Dank des neuen innovativen Ramp Adjuster Systems lassen sich die Schwellenrampen ganz einfach in der H\u00f6he verstellen. Diese Schwellenrampen sind nur in hellgrau erh\u00e4ltlich. Dieses Kit-system ist f\u00fcr die Verwendung im Innen- und Au\u00dfenbereich konzipiert. Bei Bedarf k\u00f6nnen die Schwellenleisten mit dem Slip-Stop-Element f\u00fcr maximale Rutschfestigkeit ausgestattet werden.<\/p>\n<p><strong>Vorteile:<\/strong><\/p>\n<ul>\n<li>Ger\u00e4uscharm<\/li>\n<li>Optimale Wasserversorgung<\/li>\n<li>Robuste<\/li>\n<li>Feuerfest<\/li>\n<li>Einfach zu installieren<\/li>\n<li>100% giftfrei und PVC-frei<\/li>\n<\/ul>\n<p><strong>Gr\u00f6\u00dfen:<\/strong><\/p>\n<ul>\n<li>Breite: 75 cm<\/li>\n<li>Tiefe: 25 cm<\/li>\n<li>H\u00f6he: 1,8-5,5 cm<\/li>\n<\/ul>\n<p><strong>Eigenschaften:<\/strong><\/p>\n<ul>\n<li>Polyethylen<\/li>\n<li>Brandsicherheit: bis zu +300 Grad<\/li>\n<li>Rutschfestigkeit: bis zu 27,4 Grad (52%)<\/li>\n<li>Temperatur: -40 Grad<\/li>\n<li>Oberfl\u00e4chenbelastung: 18.677 kg\/m2<\/li>\n<\/ul>\n","protected":false},"excerpt":{"rendered":"<p>Die neuen KIT-Schwellenrampen sind teilweise gebrauchsfertige Schwellenrampen, die sowohl f\u00fcr den Innen- als auch f\u00fcr den Au\u00dfenbereich geeignet sind und eine gute L\u00f6sung f\u00fcr mittlere bis hohe Schwellen bis zu einer H\u00f6he von 19,9 cm darstellen.<\/p>\n<p><strong>Vorteile: <\/strong><\/p>\n<ul>\n<li>Robuste<\/li>\n<li>Feuerfest<\/li>\n<li>Einfach zu installieren<\/li>\n<li>Breite: 75 cm<\/li>\n<li>Tiefe: 25 cm<\/li>\n<li>H\u00f6he: 1,8 bis 5,5 cm<\/li>\n<\/ul>\n","protected":false},"featured_media":11852,"comment_status":"open","ping_status":"closed","template":"","meta":[],"product_brand":[],"product_cat":[516],"product_tag":[554,555,556],"class_list":{"0":"post-12690","1":"product","2":"type-product","3":"status-publish","4":"has-post-thumbnail","6":"product_cat-turschwellenrampen-gestaffelt-modular","7":"product_tag-hohe-0-bis-2-cm","8":"product_tag-hohe-2-bis-4-cm","9":"product_tag-hohe-4-bis-6-cm","10":"pa_kenmerk-1-fur-den-auseneinsatz","11":"pa_kenmerk-1-fur-den-innenbereich","12":"pa_kenmerk-2-100-cm-de","13":"pa_kenmerk-2-75-cm-de","14":"pa_kenmerk-2-875-cm-de","15":"pa_kleur-variant-wielstoppers-lichtgrau","17":"first","18":"instock","19":"taxable","20":"shipping-taxable","21":"purchasable","22":"product-type-variable","23":"has-default-attributes"},"yoast_head":"<!-- This site is optimized with the Yoast SEO plugin v27.3 - https:\/\/yoast.com\/product\/yoast-seo-wordpress\/ -->\n<title>Kit 1 | 1,8 bis 5,5 cm - Neu - Turschwellenrampe.de<\/title>\n<meta name=\"robots\" content=\"index, follow, max-snippet:-1, max-image-preview:large, max-video-preview:-1\" \/>\n<link rel=\"canonical\" href=\"https:\/\/turschwellenrampe.de\/de\/turschwellenrampen\/turschwellenrampen-gestaffelt-modular\/kit-1-18-tot-55-cm-neu\/\" \/>\n<meta property=\"og:locale\" content=\"de_DE\" \/>\n<meta property=\"og:type\" content=\"article\" \/>\n<meta property=\"og:title\" content=\"Kit 1 | 1,8 bis 5,5 cm - Neu - Turschwellenrampe.de\" \/>\n<meta property=\"og:description\" content=\"Die neuen KIT-Schwellenrampen sind teilweise gebrauchsfertige Schwellenrampen, die sowohl f\u00fcr den Innen- als auch f\u00fcr den Au\u00dfenbereich geeignet sind und eine gute L\u00f6sung f\u00fcr mittlere bis hohe Schwellen bis zu einer H\u00f6he von 19,9 cm darstellen. Vorteile:   Robuste  Feuerfest  Einfach zu installieren  Breite: 75 cm  Tiefe: 25 cm  H\u00f6he: 1,8 bis 5,5 cm\" \/>\n<meta property=\"og:url\" content=\"https:\/\/turschwellenrampe.de\/de\/turschwellenrampen\/turschwellenrampen-gestaffelt-modular\/kit-1-18-tot-55-cm-neu\/\" \/>\n<meta property=\"og:site_name\" content=\"Turschwellenrampe.de\" \/>\n<meta property=\"article:publisher\" content=\"https:\/\/www.facebook.com\/Drempelhulp\/\" \/>\n<meta property=\"article:modified_time\" content=\"2026-04-01T07:20:26+00:00\" \/>\n<meta property=\"og:image\" content=\"https:\/\/turschwellenrampe.de\/wp-content\/uploads\/2020\/03\/kit1_packaging_design_1.png\" \/>\n\t<meta property=\"og:image:width\" content=\"800\" \/>\n\t<meta property=\"og:image:height\" content=\"800\" \/>\n\t<meta property=\"og:image:type\" content=\"image\/png\" \/>\n<meta name=\"twitter:card\" content=\"summary_large_image\" \/>\n<meta name=\"twitter:label1\" content=\"Gesch\u00e4tzte Lesezeit\" \/>\n\t<meta name=\"twitter:data1\" content=\"1\u00a0Minute\" \/>\n<script type=\"application\/ld+json\" class=\"yoast-schema-graph\">{\"@context\":\"https:\\\/\\\/schema.org\",\"@graph\":[{\"@type\":\"WebPage\",\"@id\":\"https:\\\/\\\/turschwellenrampe.de\\\/de\\\/turschwellenrampen\\\/turschwellenrampen-gestaffelt-modular\\\/kit-1-18-tot-55-cm-neu\\\/\",\"url\":\"https:\\\/\\\/turschwellenrampe.de\\\/de\\\/turschwellenrampen\\\/turschwellenrampen-gestaffelt-modular\\\/kit-1-18-tot-55-cm-neu\\\/\",\"name\":\"Kit 1 | 1,8 bis 5,5 cm - Neu - Turschwellenrampe.de\",\"isPartOf\":{\"@id\":\"https:\\\/\\\/turschwellenrampe.de\\\/de\\\/#website\"},\"primaryImageOfPage\":{\"@id\":\"https:\\\/\\\/turschwellenrampe.de\\\/de\\\/turschwellenrampen\\\/turschwellenrampen-gestaffelt-modular\\\/kit-1-18-tot-55-cm-neu\\\/#primaryimage\"},\"image\":{\"@id\":\"https:\\\/\\\/turschwellenrampe.de\\\/de\\\/turschwellenrampen\\\/turschwellenrampen-gestaffelt-modular\\\/kit-1-18-tot-55-cm-neu\\\/#primaryimage\"},\"thumbnailUrl\":\"https:\\\/\\\/turschwellenrampe.de\\\/wp-content\\\/uploads\\\/2020\\\/03\\\/kit1_packaging_design_1.png\",\"datePublished\":\"2020-03-20T07:45:47+00:00\",\"dateModified\":\"2026-04-01T07:20:26+00:00\",\"breadcrumb\":{\"@id\":\"https:\\\/\\\/turschwellenrampe.de\\\/de\\\/turschwellenrampen\\\/turschwellenrampen-gestaffelt-modular\\\/kit-1-18-tot-55-cm-neu\\\/#breadcrumb\"},\"inLanguage\":\"de\",\"potentialAction\":[{\"@type\":\"ReadAction\",\"target\":[\"https:\\\/\\\/turschwellenrampe.de\\\/de\\\/turschwellenrampen\\\/turschwellenrampen-gestaffelt-modular\\\/kit-1-18-tot-55-cm-neu\\\/\"]}]},{\"@type\":\"ImageObject\",\"inLanguage\":\"de\",\"@id\":\"https:\\\/\\\/turschwellenrampe.de\\\/de\\\/turschwellenrampen\\\/turschwellenrampen-gestaffelt-modular\\\/kit-1-18-tot-55-cm-neu\\\/#primaryimage\",\"url\":\"https:\\\/\\\/turschwellenrampe.de\\\/wp-content\\\/uploads\\\/2020\\\/03\\\/kit1_packaging_design_1.png\",\"contentUrl\":\"https:\\\/\\\/turschwellenrampe.de\\\/wp-content\\\/uploads\\\/2020\\\/03\\\/kit1_packaging_design_1.png\",\"width\":800,\"height\":800},{\"@type\":\"BreadcrumbList\",\"@id\":\"https:\\\/\\\/turschwellenrampe.de\\\/de\\\/turschwellenrampen\\\/turschwellenrampen-gestaffelt-modular\\\/kit-1-18-tot-55-cm-neu\\\/#breadcrumb\",\"itemListElement\":[{\"@type\":\"ListItem\",\"position\":1,\"name\":\"Home\",\"item\":\"https:\\\/\\\/turschwellenrampe.de\\\/de\\\/\"},{\"@type\":\"ListItem\",\"position\":2,\"name\":\"Shop\",\"item\":\"https:\\\/\\\/turschwellenrampe.de\\\/de\\\/geschaft\\\/\"},{\"@type\":\"ListItem\",\"position\":3,\"name\":\"Kit 1 | 1,8 bis 5,5 cm &#8211; Neu\"}]},{\"@type\":\"WebSite\",\"@id\":\"https:\\\/\\\/turschwellenrampe.de\\\/de\\\/#website\",\"url\":\"https:\\\/\\\/turschwellenrampe.de\\\/de\\\/\",\"name\":\"Turschwellenrampe.de\",\"description\":\"De Specialist in Toegankelijkheid\",\"potentialAction\":[{\"@type\":\"SearchAction\",\"target\":{\"@type\":\"EntryPoint\",\"urlTemplate\":\"https:\\\/\\\/turschwellenrampe.de\\\/de\\\/?s={search_term_string}\"},\"query-input\":{\"@type\":\"PropertyValueSpecification\",\"valueRequired\":true,\"valueName\":\"search_term_string\"}}],\"inLanguage\":\"de\"}]}<\/script>\n<!-- \/ Yoast SEO plugin. -->","yoast_head_json":{"title":"Kit 1 | 1,8 bis 5,5 cm - Neu - Turschwellenrampe.de","robots":{"index":"index","follow":"follow","max-snippet":"max-snippet:-1","max-image-preview":"max-image-preview:large","max-video-preview":"max-video-preview:-1"},"canonical":"https:\/\/turschwellenrampe.de\/de\/turschwellenrampen\/turschwellenrampen-gestaffelt-modular\/kit-1-18-tot-55-cm-neu\/","og_locale":"de_DE","og_type":"article","og_title":"Kit 1 | 1,8 bis 5,5 cm - Neu - Turschwellenrampe.de","og_description":"Die neuen KIT-Schwellenrampen sind teilweise gebrauchsfertige Schwellenrampen, die sowohl f\u00fcr den Innen- als auch f\u00fcr den Au\u00dfenbereich geeignet sind und eine gute L\u00f6sung f\u00fcr mittlere bis hohe Schwellen bis zu einer H\u00f6he von 19,9 cm darstellen. Vorteile:   Robuste  Feuerfest  Einfach zu installieren  Breite: 75 cm  Tiefe: 25 cm  H\u00f6he: 1,8 bis 5,5 cm","og_url":"https:\/\/turschwellenrampe.de\/de\/turschwellenrampen\/turschwellenrampen-gestaffelt-modular\/kit-1-18-tot-55-cm-neu\/","og_site_name":"Turschwellenrampe.de","article_publisher":"https:\/\/www.facebook.com\/Drempelhulp\/","article_modified_time":"2026-04-01T07:20:26+00:00","og_image":[{"width":800,"height":800,"url":"https:\/\/turschwellenrampe.de\/wp-content\/uploads\/2020\/03\/kit1_packaging_design_1.png","type":"image\/png"}],"twitter_card":"summary_large_image","twitter_misc":{"Gesch\u00e4tzte Lesezeit":"1\u00a0Minute"},"schema":{"@context":"https:\/\/schema.org","@graph":[{"@type":"WebPage","@id":"https:\/\/turschwellenrampe.de\/de\/turschwellenrampen\/turschwellenrampen-gestaffelt-modular\/kit-1-18-tot-55-cm-neu\/","url":"https:\/\/turschwellenrampe.de\/de\/turschwellenrampen\/turschwellenrampen-gestaffelt-modular\/kit-1-18-tot-55-cm-neu\/","name":"Kit 1 | 1,8 bis 5,5 cm - Neu - Turschwellenrampe.de","isPartOf":{"@id":"https:\/\/turschwellenrampe.de\/de\/#website"},"primaryImageOfPage":{"@id":"https:\/\/turschwellenrampe.de\/de\/turschwellenrampen\/turschwellenrampen-gestaffelt-modular\/kit-1-18-tot-55-cm-neu\/#primaryimage"},"image":{"@id":"https:\/\/turschwellenrampe.de\/de\/turschwellenrampen\/turschwellenrampen-gestaffelt-modular\/kit-1-18-tot-55-cm-neu\/#primaryimage"},"thumbnailUrl":"https:\/\/turschwellenrampe.de\/wp-content\/uploads\/2020\/03\/kit1_packaging_design_1.png","datePublished":"2020-03-20T07:45:47+00:00","dateModified":"2026-04-01T07:20:26+00:00","breadcrumb":{"@id":"https:\/\/turschwellenrampe.de\/de\/turschwellenrampen\/turschwellenrampen-gestaffelt-modular\/kit-1-18-tot-55-cm-neu\/#breadcrumb"},"inLanguage":"de","potentialAction":[{"@type":"ReadAction","target":["https:\/\/turschwellenrampe.de\/de\/turschwellenrampen\/turschwellenrampen-gestaffelt-modular\/kit-1-18-tot-55-cm-neu\/"]}]},{"@type":"ImageObject","inLanguage":"de","@id":"https:\/\/turschwellenrampe.de\/de\/turschwellenrampen\/turschwellenrampen-gestaffelt-modular\/kit-1-18-tot-55-cm-neu\/#primaryimage","url":"https:\/\/turschwellenrampe.de\/wp-content\/uploads\/2020\/03\/kit1_packaging_design_1.png","contentUrl":"https:\/\/turschwellenrampe.de\/wp-content\/uploads\/2020\/03\/kit1_packaging_design_1.png","width":800,"height":800},{"@type":"BreadcrumbList","@id":"https:\/\/turschwellenrampe.de\/de\/turschwellenrampen\/turschwellenrampen-gestaffelt-modular\/kit-1-18-tot-55-cm-neu\/#breadcrumb","itemListElement":[{"@type":"ListItem","position":1,"name":"Home","item":"https:\/\/turschwellenrampe.de\/de\/"},{"@type":"ListItem","position":2,"name":"Shop","item":"https:\/\/turschwellenrampe.de\/de\/geschaft\/"},{"@type":"ListItem","position":3,"name":"Kit 1 | 1,8 bis 5,5 cm &#8211; Neu"}]},{"@type":"WebSite","@id":"https:\/\/turschwellenrampe.de\/de\/#website","url":"https:\/\/turschwellenrampe.de\/de\/","name":"Turschwellenrampe.de","description":"De Specialist in Toegankelijkheid","potentialAction":[{"@type":"SearchAction","target":{"@type":"EntryPoint","urlTemplate":"https:\/\/turschwellenrampe.de\/de\/?s={search_term_string}"},"query-input":{"@type":"PropertyValueSpecification","valueRequired":true,"valueName":"search_term_string"}}],"inLanguage":"de"}]}},"_links":{"self":[{"href":"https:\/\/turschwellenrampe.de\/de\/wp-json\/wp\/v2\/product\/12690","targetHints":{"allow":["GET"]}}],"collection":[{"href":"https:\/\/turschwellenrampe.de\/de\/wp-json\/wp\/v2\/product"}],"about":[{"href":"https:\/\/turschwellenrampe.de\/de\/wp-json\/wp\/v2\/types\/product"}],"replies":[{"embeddable":true,"href":"https:\/\/turschwellenrampe.de\/de\/wp-json\/wp\/v2\/comments?post=12690"}],"wp:featuredmedia":[{"embeddable":true,"href":"https:\/\/turschwellenrampe.de\/de\/wp-json\/wp\/v2\/media\/11852"}],"wp:attachment":[{"href":"https:\/\/turschwellenrampe.de\/de\/wp-json\/wp\/v2\/media?parent=12690"}],"wp:term":[{"taxonomy":"product_brand","embeddable":true,"href":"https:\/\/turschwellenrampe.de\/de\/wp-json\/wp\/v2\/product_brand?post=12690"},{"taxonomy":"product_cat","embeddable":true,"href":"https:\/\/turschwellenrampe.de\/de\/wp-json\/wp\/v2\/product_cat?post=12690"},{"taxonomy":"product_tag","embeddable":true,"href":"https:\/\/turschwellenrampe.de\/de\/wp-json\/wp\/v2\/product_tag?post=12690"}],"curies":[{"name":"wp","href":"https:\/\/api.w.org\/{rel}","templated":true}]}}