{"id":12648,"date":"2020-03-20T08:53:43","date_gmt":"2020-03-20T07:53:43","guid":{"rendered":"https:\/\/turschwellenrampe.de\/shop\/unkategorisiert\/schwellenrampe-fuer-zweiraeder-74-bis-9-cm-hoch\/"},"modified":"2024-01-18T18:18:14","modified_gmt":"2024-01-18T17:18:14","slug":"schwellenrampe-fur-zweirader-74-bis-9-cm-hoch","status":"publish","type":"product","link":"https:\/\/turschwellenrampe.de\/de\/turschwellenrampen\/schwellenrampen-fur-zweiradrige-fahrzeuge\/schwellenrampe-fur-zweirader-74-bis-9-cm-hoch\/","title":{"rendered":"Schwellenrampe f\u00fcr Zweir\u00e4der &#8211; 7,4 bis 9 cm hoch"},"content":{"rendered":"<p>Diese Schwellenrampe wurde speziell entwickelt, um ein zweir\u00e4driges Fahrzeug wie ein Fahrrad, ein Motorrad oder einen Motorroller problemlos in Ihrem Schuppen unterzubringen. Die Click &amp; Go Schwellenst\u00fctze ist die ideale L\u00f6sung zur \u00dcberbr\u00fcckung von niedrigen bis mittleren Hindernissen. Dieser Schwellenrampe ist komplett einsatzbereit, einschlie\u00dflich Befestigungsmaterial. Ein patentiertes System erm\u00f6glicht es Ihnen, die H\u00f6he in 8 Schritten von 2 mm einzustellen.<\/p>\n<p>Im Gegensatz zu anderen T\u00fcrschwellenrampen aus unserem Sortiment hat diese T\u00fcrschwelle eine <strong>Breite von 25 cm<\/strong>. Dieser ist im Vergleich zu unseren anderen T\u00fcrschwellenrampen deutlich schmaler, aber auch mehr als ausreichend f\u00fcr ein zweir\u00e4driges Fahrzeug.<\/p>\n<p><strong>Vorteile f\u00fcr den Benutzer: <\/strong><\/p>\n<ul>\n<li>Ger\u00e4uscharm<\/li>\n<li>Optimale Wasserableitung<\/li>\n<li>Robust bis zu 8000 kg\/m2<\/li>\n<li>Feuerfest bis +300 Grad<\/li>\n<li>Einfach zu installieren<\/li>\n<li>Polyethylen, 100% giftig und PVC-frei<\/li>\n<li>Farbe: Hellgrau<\/li>\n<li>5 Jahre Garantie!<\/li>\n<li>Einschlie\u00dflich Befestigungsmaterial, <a href=\"\/wp-content\/uploads\/2020\/07\/kit100zonderrampajds.pdf\" target=\"_blank\" rel=\"noopener noreferrer\">siehe Handbuch<\/a><\/li>\n<\/ul>\n<p><strong>Gr\u00f6\u00dfen:<\/strong><\/p>\n<div class=\"content\">\n<ul>\n<li>Breite: 25 cm<\/li>\n<li>Tiefe: 50 cm<\/li>\n<\/ul>\n<p><strong>H\u00f6henverstellbar bis:<\/strong><\/p>\n<div class=\"description\">\n<div class=\"description-content content\">\n<p> 7,4 cm \/ 7,6 cm \/ 7,8 cm \/ 8 cm \/ 8,2 cm \/ 8,4 cm \/ 8,6 cm \/ 8,8 cm \/ 9 cm<\/p>\n<\/div>\n<\/div>\n<p><a href=\"\/wp-content\/uploads\/2020\/07\/Ramp-Adjuster-GBZD.pdf\" target=\"_blank\" rel=\"noopener noreferrer\" data-href=\"#FILE-LINK:2976#\">Lesen Sie mehr dar\u00fcber, wie Sie die H\u00f6he dieser Schwellenrampen dank des im Lieferumfang enthaltenen Rampeneinstellers selbst einstellen k\u00f6nnen. &gt;<\/a><\/p>\n<p>Oder schauen Sie sich das Video \u00fcber die h\u00f6henverstellbare Schwellenrampe <strong>am Ende dieser Seite<\/strong> an, um eine detaillierte Installationsanleitung zu erhalten!<\/p>\n<\/div>\n","protected":false},"excerpt":{"rendered":"<p>Im Gegensatz zu anderen T\u00fcrschwellenrampen aus unserem Sortiment hat diese T\u00fcrschwelle eine <strong>Breite von 25 cm<\/strong>. Dieser ist im Vergleich zu unseren anderen T\u00fcrschwellenrampen deutlich schmaler, aber auch mehr als ausreichend f\u00fcr ein zweir\u00e4driges Fahrzeug.<\/p>\n<ul>\n<li>Dieser Schwellenrampe ist komplett einsatzbereit, einschlie\u00dflich Befestigungsmaterial.<\/li>\n<li>Breite: 25 cm<\/li>\n<li>Tiefe: 50 cm<\/li>\n<li>H\u00f6he: 7,4 bis 9 cm<\/li>\n<li>5 Jahre Garantie!<\/li>\n<\/ul>\n","protected":false},"featured_media":11826,"comment_status":"open","ping_status":"closed","template":"","meta":[],"product_brand":[],"product_cat":[520],"product_tag":[557,558],"class_list":{"0":"post-12648","1":"product","2":"type-product","3":"status-publish","4":"has-post-thumbnail","6":"product_cat-schwellenrampen-fur-zweiradrige-fahrzeuge","7":"product_tag-hohe-6-bis-8-cm","8":"product_tag-hohe-8-bis-10-cm","9":"pa_kenmerk-1-fur-den-auseneinsatz","10":"pa_kenmerk-1-fur-den-innenbereich","11":"pa_kleur-variant-wielstoppers-lichtgrau","13":"first","14":"instock","15":"taxable","16":"shipping-taxable","17":"purchasable","18":"product-type-variable","19":"has-default-attributes"},"yoast_head":"<!-- This site is optimized with the Yoast SEO plugin v27.3 - https:\/\/yoast.com\/product\/yoast-seo-wordpress\/ -->\n<title>Schwellenrampe f\u00fcr Zweir\u00e4der - 7,4 bis 9 cm hoch - Turschwellenrampe.de<\/title>\n<meta name=\"robots\" content=\"index, follow, max-snippet:-1, max-image-preview:large, max-video-preview:-1\" \/>\n<link rel=\"canonical\" href=\"https:\/\/turschwellenrampe.de\/de\/turschwellenrampen\/schwellenrampen-fur-zweiradrige-fahrzeuge\/schwellenrampe-fur-zweirader-74-bis-9-cm-hoch\/\" \/>\n<meta property=\"og:locale\" content=\"de_DE\" \/>\n<meta property=\"og:type\" content=\"article\" \/>\n<meta property=\"og:title\" content=\"Schwellenrampe f\u00fcr Zweir\u00e4der - 7,4 bis 9 cm hoch - Turschwellenrampe.de\" \/>\n<meta property=\"og:description\" content=\"Im Gegensatz zu anderen T\u00fcrschwellenrampen aus unserem Sortiment hat diese T\u00fcrschwelle eine Breite von 25 cm. Dieser ist im Vergleich zu unseren anderen T\u00fcrschwellenrampen deutlich schmaler, aber auch mehr als ausreichend f\u00fcr ein zweir\u00e4driges Fahrzeug.  Dieser Schwellenrampe ist komplett einsatzbereit, einschlie\u00dflich Befestigungsmaterial.  Breite: 25 cm  Tiefe: 50 cm  H\u00f6he: 7,4 bis 9 cm  5 Jahre Garantie!\" \/>\n<meta property=\"og:url\" content=\"https:\/\/turschwellenrampe.de\/de\/turschwellenrampen\/schwellenrampen-fur-zweiradrige-fahrzeuge\/schwellenrampe-fur-zweirader-74-bis-9-cm-hoch\/\" \/>\n<meta property=\"og:site_name\" content=\"Turschwellenrampe.de\" \/>\n<meta property=\"article:publisher\" content=\"https:\/\/www.facebook.com\/Drempelhulp\/\" \/>\n<meta property=\"article:modified_time\" content=\"2024-01-18T17:18:14+00:00\" \/>\n<meta property=\"og:image\" content=\"https:\/\/turschwellenrampe.de\/wp-content\/uploads\/2020\/03\/tweewieler-drempelhulp-hoofdfoto-scaled-compressor-1.jpg\" \/>\n\t<meta property=\"og:image:width\" content=\"1200\" \/>\n\t<meta property=\"og:image:height\" content=\"1104\" \/>\n\t<meta property=\"og:image:type\" content=\"image\/jpeg\" \/>\n<meta name=\"twitter:card\" content=\"summary_large_image\" \/>\n<meta name=\"twitter:label1\" content=\"Gesch\u00e4tzte Lesezeit\" \/>\n\t<meta name=\"twitter:data1\" content=\"1\u00a0Minute\" \/>\n<script type=\"application\/ld+json\" class=\"yoast-schema-graph\">{\"@context\":\"https:\\\/\\\/schema.org\",\"@graph\":[{\"@type\":\"WebPage\",\"@id\":\"https:\\\/\\\/turschwellenrampe.de\\\/de\\\/turschwellenrampen\\\/schwellenrampen-fur-zweiradrige-fahrzeuge\\\/schwellenrampe-fur-zweirader-74-bis-9-cm-hoch\\\/\",\"url\":\"https:\\\/\\\/turschwellenrampe.de\\\/de\\\/turschwellenrampen\\\/schwellenrampen-fur-zweiradrige-fahrzeuge\\\/schwellenrampe-fur-zweirader-74-bis-9-cm-hoch\\\/\",\"name\":\"Schwellenrampe f\u00fcr Zweir\u00e4der - 7,4 bis 9 cm hoch - Turschwellenrampe.de\",\"isPartOf\":{\"@id\":\"https:\\\/\\\/turschwellenrampe.de\\\/de\\\/#website\"},\"primaryImageOfPage\":{\"@id\":\"https:\\\/\\\/turschwellenrampe.de\\\/de\\\/turschwellenrampen\\\/schwellenrampen-fur-zweiradrige-fahrzeuge\\\/schwellenrampe-fur-zweirader-74-bis-9-cm-hoch\\\/#primaryimage\"},\"image\":{\"@id\":\"https:\\\/\\\/turschwellenrampe.de\\\/de\\\/turschwellenrampen\\\/schwellenrampen-fur-zweiradrige-fahrzeuge\\\/schwellenrampe-fur-zweirader-74-bis-9-cm-hoch\\\/#primaryimage\"},\"thumbnailUrl\":\"https:\\\/\\\/turschwellenrampe.de\\\/wp-content\\\/uploads\\\/2020\\\/03\\\/tweewieler-drempelhulp-hoofdfoto-scaled-compressor-1.jpg\",\"datePublished\":\"2020-03-20T07:53:43+00:00\",\"dateModified\":\"2024-01-18T17:18:14+00:00\",\"breadcrumb\":{\"@id\":\"https:\\\/\\\/turschwellenrampe.de\\\/de\\\/turschwellenrampen\\\/schwellenrampen-fur-zweiradrige-fahrzeuge\\\/schwellenrampe-fur-zweirader-74-bis-9-cm-hoch\\\/#breadcrumb\"},\"inLanguage\":\"de\",\"potentialAction\":[{\"@type\":\"ReadAction\",\"target\":[\"https:\\\/\\\/turschwellenrampe.de\\\/de\\\/turschwellenrampen\\\/schwellenrampen-fur-zweiradrige-fahrzeuge\\\/schwellenrampe-fur-zweirader-74-bis-9-cm-hoch\\\/\"]}]},{\"@type\":\"ImageObject\",\"inLanguage\":\"de\",\"@id\":\"https:\\\/\\\/turschwellenrampe.de\\\/de\\\/turschwellenrampen\\\/schwellenrampen-fur-zweiradrige-fahrzeuge\\\/schwellenrampe-fur-zweirader-74-bis-9-cm-hoch\\\/#primaryimage\",\"url\":\"https:\\\/\\\/turschwellenrampe.de\\\/wp-content\\\/uploads\\\/2020\\\/03\\\/tweewieler-drempelhulp-hoofdfoto-scaled-compressor-1.jpg\",\"contentUrl\":\"https:\\\/\\\/turschwellenrampe.de\\\/wp-content\\\/uploads\\\/2020\\\/03\\\/tweewieler-drempelhulp-hoofdfoto-scaled-compressor-1.jpg\",\"width\":1200,\"height\":1104},{\"@type\":\"BreadcrumbList\",\"@id\":\"https:\\\/\\\/turschwellenrampe.de\\\/de\\\/turschwellenrampen\\\/schwellenrampen-fur-zweiradrige-fahrzeuge\\\/schwellenrampe-fur-zweirader-74-bis-9-cm-hoch\\\/#breadcrumb\",\"itemListElement\":[{\"@type\":\"ListItem\",\"position\":1,\"name\":\"Home\",\"item\":\"https:\\\/\\\/turschwellenrampe.de\\\/de\\\/\"},{\"@type\":\"ListItem\",\"position\":2,\"name\":\"Shop\",\"item\":\"https:\\\/\\\/turschwellenrampe.de\\\/de\\\/geschaft\\\/\"},{\"@type\":\"ListItem\",\"position\":3,\"name\":\"Schwellenrampe f\u00fcr Zweir\u00e4der &#8211; 7,4 bis 9 cm hoch\"}]},{\"@type\":\"WebSite\",\"@id\":\"https:\\\/\\\/turschwellenrampe.de\\\/de\\\/#website\",\"url\":\"https:\\\/\\\/turschwellenrampe.de\\\/de\\\/\",\"name\":\"Turschwellenrampe.de\",\"description\":\"De Specialist in Toegankelijkheid\",\"potentialAction\":[{\"@type\":\"SearchAction\",\"target\":{\"@type\":\"EntryPoint\",\"urlTemplate\":\"https:\\\/\\\/turschwellenrampe.de\\\/de\\\/?s={search_term_string}\"},\"query-input\":{\"@type\":\"PropertyValueSpecification\",\"valueRequired\":true,\"valueName\":\"search_term_string\"}}],\"inLanguage\":\"de\"}]}<\/script>\n<!-- \/ Yoast SEO plugin. -->","yoast_head_json":{"title":"Schwellenrampe f\u00fcr Zweir\u00e4der - 7,4 bis 9 cm hoch - Turschwellenrampe.de","robots":{"index":"index","follow":"follow","max-snippet":"max-snippet:-1","max-image-preview":"max-image-preview:large","max-video-preview":"max-video-preview:-1"},"canonical":"https:\/\/turschwellenrampe.de\/de\/turschwellenrampen\/schwellenrampen-fur-zweiradrige-fahrzeuge\/schwellenrampe-fur-zweirader-74-bis-9-cm-hoch\/","og_locale":"de_DE","og_type":"article","og_title":"Schwellenrampe f\u00fcr Zweir\u00e4der - 7,4 bis 9 cm hoch - Turschwellenrampe.de","og_description":"Im Gegensatz zu anderen T\u00fcrschwellenrampen aus unserem Sortiment hat diese T\u00fcrschwelle eine Breite von 25 cm. Dieser ist im Vergleich zu unseren anderen T\u00fcrschwellenrampen deutlich schmaler, aber auch mehr als ausreichend f\u00fcr ein zweir\u00e4driges Fahrzeug.  Dieser Schwellenrampe ist komplett einsatzbereit, einschlie\u00dflich Befestigungsmaterial.  Breite: 25 cm  Tiefe: 50 cm  H\u00f6he: 7,4 bis 9 cm  5 Jahre Garantie!","og_url":"https:\/\/turschwellenrampe.de\/de\/turschwellenrampen\/schwellenrampen-fur-zweiradrige-fahrzeuge\/schwellenrampe-fur-zweirader-74-bis-9-cm-hoch\/","og_site_name":"Turschwellenrampe.de","article_publisher":"https:\/\/www.facebook.com\/Drempelhulp\/","article_modified_time":"2024-01-18T17:18:14+00:00","og_image":[{"width":1200,"height":1104,"url":"https:\/\/turschwellenrampe.de\/wp-content\/uploads\/2020\/03\/tweewieler-drempelhulp-hoofdfoto-scaled-compressor-1.jpg","type":"image\/jpeg"}],"twitter_card":"summary_large_image","twitter_misc":{"Gesch\u00e4tzte Lesezeit":"1\u00a0Minute"},"schema":{"@context":"https:\/\/schema.org","@graph":[{"@type":"WebPage","@id":"https:\/\/turschwellenrampe.de\/de\/turschwellenrampen\/schwellenrampen-fur-zweiradrige-fahrzeuge\/schwellenrampe-fur-zweirader-74-bis-9-cm-hoch\/","url":"https:\/\/turschwellenrampe.de\/de\/turschwellenrampen\/schwellenrampen-fur-zweiradrige-fahrzeuge\/schwellenrampe-fur-zweirader-74-bis-9-cm-hoch\/","name":"Schwellenrampe f\u00fcr Zweir\u00e4der - 7,4 bis 9 cm hoch - Turschwellenrampe.de","isPartOf":{"@id":"https:\/\/turschwellenrampe.de\/de\/#website"},"primaryImageOfPage":{"@id":"https:\/\/turschwellenrampe.de\/de\/turschwellenrampen\/schwellenrampen-fur-zweiradrige-fahrzeuge\/schwellenrampe-fur-zweirader-74-bis-9-cm-hoch\/#primaryimage"},"image":{"@id":"https:\/\/turschwellenrampe.de\/de\/turschwellenrampen\/schwellenrampen-fur-zweiradrige-fahrzeuge\/schwellenrampe-fur-zweirader-74-bis-9-cm-hoch\/#primaryimage"},"thumbnailUrl":"https:\/\/turschwellenrampe.de\/wp-content\/uploads\/2020\/03\/tweewieler-drempelhulp-hoofdfoto-scaled-compressor-1.jpg","datePublished":"2020-03-20T07:53:43+00:00","dateModified":"2024-01-18T17:18:14+00:00","breadcrumb":{"@id":"https:\/\/turschwellenrampe.de\/de\/turschwellenrampen\/schwellenrampen-fur-zweiradrige-fahrzeuge\/schwellenrampe-fur-zweirader-74-bis-9-cm-hoch\/#breadcrumb"},"inLanguage":"de","potentialAction":[{"@type":"ReadAction","target":["https:\/\/turschwellenrampe.de\/de\/turschwellenrampen\/schwellenrampen-fur-zweiradrige-fahrzeuge\/schwellenrampe-fur-zweirader-74-bis-9-cm-hoch\/"]}]},{"@type":"ImageObject","inLanguage":"de","@id":"https:\/\/turschwellenrampe.de\/de\/turschwellenrampen\/schwellenrampen-fur-zweiradrige-fahrzeuge\/schwellenrampe-fur-zweirader-74-bis-9-cm-hoch\/#primaryimage","url":"https:\/\/turschwellenrampe.de\/wp-content\/uploads\/2020\/03\/tweewieler-drempelhulp-hoofdfoto-scaled-compressor-1.jpg","contentUrl":"https:\/\/turschwellenrampe.de\/wp-content\/uploads\/2020\/03\/tweewieler-drempelhulp-hoofdfoto-scaled-compressor-1.jpg","width":1200,"height":1104},{"@type":"BreadcrumbList","@id":"https:\/\/turschwellenrampe.de\/de\/turschwellenrampen\/schwellenrampen-fur-zweiradrige-fahrzeuge\/schwellenrampe-fur-zweirader-74-bis-9-cm-hoch\/#breadcrumb","itemListElement":[{"@type":"ListItem","position":1,"name":"Home","item":"https:\/\/turschwellenrampe.de\/de\/"},{"@type":"ListItem","position":2,"name":"Shop","item":"https:\/\/turschwellenrampe.de\/de\/geschaft\/"},{"@type":"ListItem","position":3,"name":"Schwellenrampe f\u00fcr Zweir\u00e4der &#8211; 7,4 bis 9 cm hoch"}]},{"@type":"WebSite","@id":"https:\/\/turschwellenrampe.de\/de\/#website","url":"https:\/\/turschwellenrampe.de\/de\/","name":"Turschwellenrampe.de","description":"De Specialist in Toegankelijkheid","potentialAction":[{"@type":"SearchAction","target":{"@type":"EntryPoint","urlTemplate":"https:\/\/turschwellenrampe.de\/de\/?s={search_term_string}"},"query-input":{"@type":"PropertyValueSpecification","valueRequired":true,"valueName":"search_term_string"}}],"inLanguage":"de"}]}},"_links":{"self":[{"href":"https:\/\/turschwellenrampe.de\/de\/wp-json\/wp\/v2\/product\/12648","targetHints":{"allow":["GET"]}}],"collection":[{"href":"https:\/\/turschwellenrampe.de\/de\/wp-json\/wp\/v2\/product"}],"about":[{"href":"https:\/\/turschwellenrampe.de\/de\/wp-json\/wp\/v2\/types\/product"}],"replies":[{"embeddable":true,"href":"https:\/\/turschwellenrampe.de\/de\/wp-json\/wp\/v2\/comments?post=12648"}],"wp:featuredmedia":[{"embeddable":true,"href":"https:\/\/turschwellenrampe.de\/de\/wp-json\/wp\/v2\/media\/11826"}],"wp:attachment":[{"href":"https:\/\/turschwellenrampe.de\/de\/wp-json\/wp\/v2\/media?parent=12648"}],"wp:term":[{"taxonomy":"product_brand","embeddable":true,"href":"https:\/\/turschwellenrampe.de\/de\/wp-json\/wp\/v2\/product_brand?post=12648"},{"taxonomy":"product_cat","embeddable":true,"href":"https:\/\/turschwellenrampe.de\/de\/wp-json\/wp\/v2\/product_cat?post=12648"},{"taxonomy":"product_tag","embeddable":true,"href":"https:\/\/turschwellenrampe.de\/de\/wp-json\/wp\/v2\/product_tag?post=12648"}],"curies":[{"name":"wp","href":"https:\/\/api.w.org\/{rel}","templated":true}]}}