{"id":12625,"date":"2020-07-10T15:32:35","date_gmt":"2020-07-10T13:32:35","guid":{"rendered":"https:\/\/turschwellenrampe.de\/shop\/unkategorisiert\/bodenschwelle-535-m-50-mm-hoch-ohne-reflektoren\/"},"modified":"2024-01-18T18:44:01","modified_gmt":"2024-01-18T17:44:01","slug":"bodenschwelle-535-meter-50-mm-hoch-ohne-reflektoren","status":"publish","type":"product","link":"https:\/\/turschwellenrampe.de\/de\/bodenschwellen\/fahrbahnschwellen-de\/bodenschwellen-ohne-reflektoren-50-mm\/bodenschwelle-535-meter-50-mm-hoch-ohne-reflektoren\/","title":{"rendered":"Bodenschwelle 5,35 m &#8211; 50 mm hoch &#8211; ohne Reflektoren"},"content":{"rendered":"<p>Diese modulare Geschwindigkeitsrampe ist 5 cm hoch und hat eine empfohlene Geschwindigkeit von 10 km\/h. Diese Bodenschwelle ist in verschiedenen Konfigurationen erh\u00e4ltlich, so dass f\u00fcr jede Situation eine passende Bodenschwelle aus schwarzen und gelben Teilen hergestellt werden kann. Die Bodenschwelle wird inklusive Befestigungsmaterial geliefert, hat aber leider keine Reflektoren, so dass sie im Dunkeln weniger gut zu sehen ist.<\/p>\n<p><strong>Wird mit diesem Produkt geliefert:<\/strong><\/p>\n<ul>\n<li>5 Mittelst\u00fccke (5x 1000 mm)<\/li>\n<li>2 Endkappen (2x 170 mm)<\/li>\n<li>Universalbefestigung f\u00fcr Asphalt oder Beton. (Wird kostenlos mitgeliefert)<\/li>\n<\/ul>\n<p><strong>Spezifikationen:<\/strong><\/p>\n<ul>\n<li>Mit Anti-Rutsch-Profil<\/li>\n<li>F\u00fcr einfache tempor\u00e4re oder permanente Installation<\/li>\n<li>H\u00f6he: 50 mm<\/li>\n<li>L\u00e4nge: 5350 mm<\/li>\n<li>Tiefe: 350 mm<\/li>\n<li>Gewichtskapazit\u00e4t: 20000 kg<\/li>\n<li>Empfohlene Geschwindigkeit: <strong>10 km\/h<\/strong><\/li>\n<\/ul>\n<p><strong>Video:<\/strong><\/p>\n<p><iframe src=\"https:\/\/www.youtube.com\/embed\/qkp1zCYzoo0\" width=\"560\" height=\"315\" frameborder=\"0\" allowfullscreen=\"allowfullscreen\" data-mce-fragment=\"1\"><\/iframe><\/p>\n","protected":false},"excerpt":{"rendered":"<p>Diese modulare Geschwindigkeitsrampe ist 5 cm hoch und hat eine empfohlene Geschwindigkeit von 10 km\/h. Diese Bodenschwelle ist in verschiedenen Konfigurationen erh\u00e4ltlich, so dass f\u00fcr jede Situation eine passende Bodenschwelle aus schwarzen und gelben Teilen hergestellt werden kann. Die Bodenschwelle wird inklusive Befestigungsmaterial geliefert, hat aber leider keine Reflektoren, so dass sie im Dunkeln weniger gut zu sehen ist.<\/p>\n<p><strong>Wird mit diesem Produkt geliefert:<\/strong><\/p>\n<ul>\n<li>5 Mittelst\u00fccke (5x 1000 mm)<\/li>\n<li>2 Endkappen (2x 170 mm)<\/li>\n<li>Universalbefestigung f\u00fcr Asphalt oder Beton. (Wird kostenlos mitgeliefert)<\/li>\n<\/ul>\n<p><strong>Spezifikationen:<\/strong><\/p>\n<ul>\n<li>Mit Anti-Rutsch-Profil<\/li>\n<li>F\u00fcr einfache tempor\u00e4re oder permanente Installation<\/li>\n<li>H\u00f6he: 50 mm<\/li>\n<li>L\u00e4nge: 5350 mm<\/li>\n<li>Tiefe: 350 mm<\/li>\n<li>Gewichtskapazit\u00e4t: 20000 kg<\/li>\n<li>Empfohlene Geschwindigkeit: <strong>10 km\/h<\/strong><\/li>\n<\/ul>\n","protected":false},"featured_media":12049,"comment_status":"open","ping_status":"closed","template":"","meta":[],"product_brand":[],"product_cat":[551],"product_tag":[],"class_list":{"0":"post-12625","1":"product","2":"type-product","3":"status-publish","4":"has-post-thumbnail","6":"product_cat-bodenschwellen-ohne-reflektoren-50-mm","8":"first","9":"instock","10":"taxable","11":"shipping-taxable","12":"purchasable","13":"product-type-simple"},"yoast_head":"<!-- This site is optimized with the Yoast SEO plugin v27.3 - https:\/\/yoast.com\/product\/yoast-seo-wordpress\/ -->\n<title>Bodenschwelle 5,35 m - 50 mm hoch - ohne Reflektoren - Turschwellenrampe.de<\/title>\n<meta name=\"robots\" content=\"index, follow, max-snippet:-1, max-image-preview:large, max-video-preview:-1\" \/>\n<link rel=\"canonical\" href=\"https:\/\/turschwellenrampe.de\/de\/bodenschwellen\/fahrbahnschwellen-de\/bodenschwellen-ohne-reflektoren-50-mm\/bodenschwelle-535-meter-50-mm-hoch-ohne-reflektoren\/\" \/>\n<meta property=\"og:locale\" content=\"de_DE\" \/>\n<meta property=\"og:type\" content=\"article\" \/>\n<meta property=\"og:title\" content=\"Bodenschwelle 5,35 m - 50 mm hoch - ohne Reflektoren - Turschwellenrampe.de\" \/>\n<meta property=\"og:description\" content=\"Diese modulare Geschwindigkeitsrampe ist 5 cm hoch und hat eine empfohlene Geschwindigkeit von 10 km\/h. Diese Bodenschwelle ist in verschiedenen Konfigurationen erh\u00e4ltlich, so dass f\u00fcr jede Situation eine passende Bodenschwelle aus schwarzen und gelben Teilen hergestellt werden kann. Die Bodenschwelle wird inklusive Befestigungsmaterial geliefert, hat aber leider keine Reflektoren, so dass sie im Dunkeln weniger gut zu sehen ist. Wird mit diesem Produkt geliefert:  5 Mittelst\u00fccke (5x 1000 mm)  2 Endkappen (2x 170 mm)  Universalbefestigung f\u00fcr Asphalt oder Beton. (Wird kostenlos mitgeliefert) Spezifikationen:  Mit Anti-Rutsch-Profil  F\u00fcr einfache tempor\u00e4re oder permanente Installation  H\u00f6he: 50 mm  L\u00e4nge: 5350 mm  Tiefe: 350 mm  Gewichtskapazit\u00e4t: 20000 kg  Empfohlene Geschwindigkeit: 10 km\/h\" \/>\n<meta property=\"og:url\" content=\"https:\/\/turschwellenrampe.de\/de\/bodenschwellen\/fahrbahnschwellen-de\/bodenschwellen-ohne-reflektoren-50-mm\/bodenschwelle-535-meter-50-mm-hoch-ohne-reflektoren\/\" \/>\n<meta property=\"og:site_name\" content=\"Turschwellenrampe.de\" \/>\n<meta property=\"article:publisher\" content=\"https:\/\/www.facebook.com\/Drempelhulp\/\" \/>\n<meta property=\"article:modified_time\" content=\"2024-01-18T17:44:01+00:00\" \/>\n<meta property=\"og:image\" content=\"https:\/\/turschwellenrampe.de\/wp-content\/uploads\/2020\/07\/DSC_0920-compressor-scaled.jpg\" \/>\n\t<meta property=\"og:image:width\" content=\"2560\" \/>\n\t<meta property=\"og:image:height\" content=\"1702\" \/>\n\t<meta property=\"og:image:type\" content=\"image\/jpeg\" \/>\n<meta name=\"twitter:card\" content=\"summary_large_image\" \/>\n<meta name=\"twitter:label1\" content=\"Gesch\u00e4tzte Lesezeit\" \/>\n\t<meta name=\"twitter:data1\" content=\"1\u00a0Minute\" \/>\n<script type=\"application\/ld+json\" class=\"yoast-schema-graph\">{\"@context\":\"https:\\\/\\\/schema.org\",\"@graph\":[{\"@type\":\"WebPage\",\"@id\":\"https:\\\/\\\/turschwellenrampe.de\\\/de\\\/bodenschwellen\\\/fahrbahnschwellen-de\\\/bodenschwellen-ohne-reflektoren-50-mm\\\/bodenschwelle-535-meter-50-mm-hoch-ohne-reflektoren\\\/\",\"url\":\"https:\\\/\\\/turschwellenrampe.de\\\/de\\\/bodenschwellen\\\/fahrbahnschwellen-de\\\/bodenschwellen-ohne-reflektoren-50-mm\\\/bodenschwelle-535-meter-50-mm-hoch-ohne-reflektoren\\\/\",\"name\":\"Bodenschwelle 5,35 m - 50 mm hoch - ohne Reflektoren - Turschwellenrampe.de\",\"isPartOf\":{\"@id\":\"https:\\\/\\\/turschwellenrampe.de\\\/de\\\/#website\"},\"primaryImageOfPage\":{\"@id\":\"https:\\\/\\\/turschwellenrampe.de\\\/de\\\/bodenschwellen\\\/fahrbahnschwellen-de\\\/bodenschwellen-ohne-reflektoren-50-mm\\\/bodenschwelle-535-meter-50-mm-hoch-ohne-reflektoren\\\/#primaryimage\"},\"image\":{\"@id\":\"https:\\\/\\\/turschwellenrampe.de\\\/de\\\/bodenschwellen\\\/fahrbahnschwellen-de\\\/bodenschwellen-ohne-reflektoren-50-mm\\\/bodenschwelle-535-meter-50-mm-hoch-ohne-reflektoren\\\/#primaryimage\"},\"thumbnailUrl\":\"https:\\\/\\\/turschwellenrampe.de\\\/wp-content\\\/uploads\\\/2020\\\/07\\\/DSC_0920-compressor-scaled.jpg\",\"datePublished\":\"2020-07-10T13:32:35+00:00\",\"dateModified\":\"2024-01-18T17:44:01+00:00\",\"breadcrumb\":{\"@id\":\"https:\\\/\\\/turschwellenrampe.de\\\/de\\\/bodenschwellen\\\/fahrbahnschwellen-de\\\/bodenschwellen-ohne-reflektoren-50-mm\\\/bodenschwelle-535-meter-50-mm-hoch-ohne-reflektoren\\\/#breadcrumb\"},\"inLanguage\":\"de\",\"potentialAction\":[{\"@type\":\"ReadAction\",\"target\":[\"https:\\\/\\\/turschwellenrampe.de\\\/de\\\/bodenschwellen\\\/fahrbahnschwellen-de\\\/bodenschwellen-ohne-reflektoren-50-mm\\\/bodenschwelle-535-meter-50-mm-hoch-ohne-reflektoren\\\/\"]}]},{\"@type\":\"ImageObject\",\"inLanguage\":\"de\",\"@id\":\"https:\\\/\\\/turschwellenrampe.de\\\/de\\\/bodenschwellen\\\/fahrbahnschwellen-de\\\/bodenschwellen-ohne-reflektoren-50-mm\\\/bodenschwelle-535-meter-50-mm-hoch-ohne-reflektoren\\\/#primaryimage\",\"url\":\"https:\\\/\\\/turschwellenrampe.de\\\/wp-content\\\/uploads\\\/2020\\\/07\\\/DSC_0920-compressor-scaled.jpg\",\"contentUrl\":\"https:\\\/\\\/turschwellenrampe.de\\\/wp-content\\\/uploads\\\/2020\\\/07\\\/DSC_0920-compressor-scaled.jpg\",\"width\":2560,\"height\":1702},{\"@type\":\"BreadcrumbList\",\"@id\":\"https:\\\/\\\/turschwellenrampe.de\\\/de\\\/bodenschwellen\\\/fahrbahnschwellen-de\\\/bodenschwellen-ohne-reflektoren-50-mm\\\/bodenschwelle-535-meter-50-mm-hoch-ohne-reflektoren\\\/#breadcrumb\",\"itemListElement\":[{\"@type\":\"ListItem\",\"position\":1,\"name\":\"Home\",\"item\":\"https:\\\/\\\/turschwellenrampe.de\\\/de\\\/\"},{\"@type\":\"ListItem\",\"position\":2,\"name\":\"Shop\",\"item\":\"https:\\\/\\\/turschwellenrampe.de\\\/de\\\/geschaft\\\/\"},{\"@type\":\"ListItem\",\"position\":3,\"name\":\"Bodenschwelle 5,35 m &#8211; 50 mm hoch &#8211; ohne Reflektoren\"}]},{\"@type\":\"WebSite\",\"@id\":\"https:\\\/\\\/turschwellenrampe.de\\\/de\\\/#website\",\"url\":\"https:\\\/\\\/turschwellenrampe.de\\\/de\\\/\",\"name\":\"Turschwellenrampe.de\",\"description\":\"De Specialist in Toegankelijkheid\",\"potentialAction\":[{\"@type\":\"SearchAction\",\"target\":{\"@type\":\"EntryPoint\",\"urlTemplate\":\"https:\\\/\\\/turschwellenrampe.de\\\/de\\\/?s={search_term_string}\"},\"query-input\":{\"@type\":\"PropertyValueSpecification\",\"valueRequired\":true,\"valueName\":\"search_term_string\"}}],\"inLanguage\":\"de\"}]}<\/script>\n<!-- \/ Yoast SEO plugin. -->","yoast_head_json":{"title":"Bodenschwelle 5,35 m - 50 mm hoch - ohne Reflektoren - Turschwellenrampe.de","robots":{"index":"index","follow":"follow","max-snippet":"max-snippet:-1","max-image-preview":"max-image-preview:large","max-video-preview":"max-video-preview:-1"},"canonical":"https:\/\/turschwellenrampe.de\/de\/bodenschwellen\/fahrbahnschwellen-de\/bodenschwellen-ohne-reflektoren-50-mm\/bodenschwelle-535-meter-50-mm-hoch-ohne-reflektoren\/","og_locale":"de_DE","og_type":"article","og_title":"Bodenschwelle 5,35 m - 50 mm hoch - ohne Reflektoren - Turschwellenrampe.de","og_description":"Diese modulare Geschwindigkeitsrampe ist 5 cm hoch und hat eine empfohlene Geschwindigkeit von 10 km\/h. Diese Bodenschwelle ist in verschiedenen Konfigurationen erh\u00e4ltlich, so dass f\u00fcr jede Situation eine passende Bodenschwelle aus schwarzen und gelben Teilen hergestellt werden kann. Die Bodenschwelle wird inklusive Befestigungsmaterial geliefert, hat aber leider keine Reflektoren, so dass sie im Dunkeln weniger gut zu sehen ist. Wird mit diesem Produkt geliefert:  5 Mittelst\u00fccke (5x 1000 mm)  2 Endkappen (2x 170 mm)  Universalbefestigung f\u00fcr Asphalt oder Beton. (Wird kostenlos mitgeliefert) Spezifikationen:  Mit Anti-Rutsch-Profil  F\u00fcr einfache tempor\u00e4re oder permanente Installation  H\u00f6he: 50 mm  L\u00e4nge: 5350 mm  Tiefe: 350 mm  Gewichtskapazit\u00e4t: 20000 kg  Empfohlene Geschwindigkeit: 10 km\/h","og_url":"https:\/\/turschwellenrampe.de\/de\/bodenschwellen\/fahrbahnschwellen-de\/bodenschwellen-ohne-reflektoren-50-mm\/bodenschwelle-535-meter-50-mm-hoch-ohne-reflektoren\/","og_site_name":"Turschwellenrampe.de","article_publisher":"https:\/\/www.facebook.com\/Drempelhulp\/","article_modified_time":"2024-01-18T17:44:01+00:00","og_image":[{"width":2560,"height":1702,"url":"https:\/\/turschwellenrampe.de\/wp-content\/uploads\/2020\/07\/DSC_0920-compressor-scaled.jpg","type":"image\/jpeg"}],"twitter_card":"summary_large_image","twitter_misc":{"Gesch\u00e4tzte Lesezeit":"1\u00a0Minute"},"schema":{"@context":"https:\/\/schema.org","@graph":[{"@type":"WebPage","@id":"https:\/\/turschwellenrampe.de\/de\/bodenschwellen\/fahrbahnschwellen-de\/bodenschwellen-ohne-reflektoren-50-mm\/bodenschwelle-535-meter-50-mm-hoch-ohne-reflektoren\/","url":"https:\/\/turschwellenrampe.de\/de\/bodenschwellen\/fahrbahnschwellen-de\/bodenschwellen-ohne-reflektoren-50-mm\/bodenschwelle-535-meter-50-mm-hoch-ohne-reflektoren\/","name":"Bodenschwelle 5,35 m - 50 mm hoch - ohne Reflektoren - Turschwellenrampe.de","isPartOf":{"@id":"https:\/\/turschwellenrampe.de\/de\/#website"},"primaryImageOfPage":{"@id":"https:\/\/turschwellenrampe.de\/de\/bodenschwellen\/fahrbahnschwellen-de\/bodenschwellen-ohne-reflektoren-50-mm\/bodenschwelle-535-meter-50-mm-hoch-ohne-reflektoren\/#primaryimage"},"image":{"@id":"https:\/\/turschwellenrampe.de\/de\/bodenschwellen\/fahrbahnschwellen-de\/bodenschwellen-ohne-reflektoren-50-mm\/bodenschwelle-535-meter-50-mm-hoch-ohne-reflektoren\/#primaryimage"},"thumbnailUrl":"https:\/\/turschwellenrampe.de\/wp-content\/uploads\/2020\/07\/DSC_0920-compressor-scaled.jpg","datePublished":"2020-07-10T13:32:35+00:00","dateModified":"2024-01-18T17:44:01+00:00","breadcrumb":{"@id":"https:\/\/turschwellenrampe.de\/de\/bodenschwellen\/fahrbahnschwellen-de\/bodenschwellen-ohne-reflektoren-50-mm\/bodenschwelle-535-meter-50-mm-hoch-ohne-reflektoren\/#breadcrumb"},"inLanguage":"de","potentialAction":[{"@type":"ReadAction","target":["https:\/\/turschwellenrampe.de\/de\/bodenschwellen\/fahrbahnschwellen-de\/bodenschwellen-ohne-reflektoren-50-mm\/bodenschwelle-535-meter-50-mm-hoch-ohne-reflektoren\/"]}]},{"@type":"ImageObject","inLanguage":"de","@id":"https:\/\/turschwellenrampe.de\/de\/bodenschwellen\/fahrbahnschwellen-de\/bodenschwellen-ohne-reflektoren-50-mm\/bodenschwelle-535-meter-50-mm-hoch-ohne-reflektoren\/#primaryimage","url":"https:\/\/turschwellenrampe.de\/wp-content\/uploads\/2020\/07\/DSC_0920-compressor-scaled.jpg","contentUrl":"https:\/\/turschwellenrampe.de\/wp-content\/uploads\/2020\/07\/DSC_0920-compressor-scaled.jpg","width":2560,"height":1702},{"@type":"BreadcrumbList","@id":"https:\/\/turschwellenrampe.de\/de\/bodenschwellen\/fahrbahnschwellen-de\/bodenschwellen-ohne-reflektoren-50-mm\/bodenschwelle-535-meter-50-mm-hoch-ohne-reflektoren\/#breadcrumb","itemListElement":[{"@type":"ListItem","position":1,"name":"Home","item":"https:\/\/turschwellenrampe.de\/de\/"},{"@type":"ListItem","position":2,"name":"Shop","item":"https:\/\/turschwellenrampe.de\/de\/geschaft\/"},{"@type":"ListItem","position":3,"name":"Bodenschwelle 5,35 m &#8211; 50 mm hoch &#8211; ohne Reflektoren"}]},{"@type":"WebSite","@id":"https:\/\/turschwellenrampe.de\/de\/#website","url":"https:\/\/turschwellenrampe.de\/de\/","name":"Turschwellenrampe.de","description":"De Specialist in Toegankelijkheid","potentialAction":[{"@type":"SearchAction","target":{"@type":"EntryPoint","urlTemplate":"https:\/\/turschwellenrampe.de\/de\/?s={search_term_string}"},"query-input":{"@type":"PropertyValueSpecification","valueRequired":true,"valueName":"search_term_string"}}],"inLanguage":"de"}]}},"_links":{"self":[{"href":"https:\/\/turschwellenrampe.de\/de\/wp-json\/wp\/v2\/product\/12625","targetHints":{"allow":["GET"]}}],"collection":[{"href":"https:\/\/turschwellenrampe.de\/de\/wp-json\/wp\/v2\/product"}],"about":[{"href":"https:\/\/turschwellenrampe.de\/de\/wp-json\/wp\/v2\/types\/product"}],"replies":[{"embeddable":true,"href":"https:\/\/turschwellenrampe.de\/de\/wp-json\/wp\/v2\/comments?post=12625"}],"wp:featuredmedia":[{"embeddable":true,"href":"https:\/\/turschwellenrampe.de\/de\/wp-json\/wp\/v2\/media\/12049"}],"wp:attachment":[{"href":"https:\/\/turschwellenrampe.de\/de\/wp-json\/wp\/v2\/media?parent=12625"}],"wp:term":[{"taxonomy":"product_brand","embeddable":true,"href":"https:\/\/turschwellenrampe.de\/de\/wp-json\/wp\/v2\/product_brand?post=12625"},{"taxonomy":"product_cat","embeddable":true,"href":"https:\/\/turschwellenrampe.de\/de\/wp-json\/wp\/v2\/product_cat?post=12625"},{"taxonomy":"product_tag","embeddable":true,"href":"https:\/\/turschwellenrampe.de\/de\/wp-json\/wp\/v2\/product_tag?post=12625"}],"curies":[{"name":"wp","href":"https:\/\/api.w.org\/{rel}","templated":true}]}}