{"id":12620,"date":"2020-09-05T13:43:31","date_gmt":"2020-09-05T11:43:31","guid":{"rendered":"https:\/\/turschwellenrampe.de\/shop\/unkategorisiert\/geschlossene-antirutschmatten-sonderanfertigung\/"},"modified":"2024-01-18T18:52:32","modified_gmt":"2024-01-18T17:52:32","slug":"geschlossene-antirutschmatten-kundenspezifisch","status":"publish","type":"product","link":"https:\/\/turschwellenrampe.de\/de\/industriell\/anti-rutsch\/geschlossene-antirutschmatten-kundenspezifisch\/","title":{"rendered":"Geschlossene Antirutschmatten &#8211; Sonderanfertigung"},"content":{"rendered":"<p>Regenwetter oder Schwimmb\u00e4der k\u00f6nnen B\u00f6den sehr rutschig machen, was zu St\u00fcrzen f\u00fchren kann, die schwere Verletzungen verursachen k\u00f6nnen. Beispiele f\u00fcr glatte Oberfl\u00e4chen sind h\u00f6lzerne Br\u00fccken, Decks entlang der Wasserkante, seitliche Anlegestellen in H\u00e4fen, aber auch glatte Fliesenb\u00f6den in Einkaufszentren und Bahnh\u00f6fen.<\/p>\n<p>Unsere geschlossenen Antirutschmatten sind in den Farben anthrazit-schwarz und grau erh\u00e4ltlich. Die Antirutschmatten bestehen aus drei Schichten, einer Unterschicht aus Weich-PVC-Gummi, einer Zwischenschicht aus Polyester-Glasfasern und einer Deckschicht aus PVC-Kunststoff-Antirutschgranulat.<\/p>\n<p><strong>Eigenschaften:<\/strong><\/p>\n<ul>\n<li>Dicke: 4 mm<\/li>\n<li>Abmessungen: 1,2 x 10 Meter. Erh\u00e4ltlich pro Rolle<\/li>\n<li>Antirutsch-Norm: R13<\/li>\n<li>Schalld\u00e4mmung<\/li>\n<li>Isolierung<\/li>\n<li>Leicht mit Wasser oder einem Besen zu reinigen<\/li>\n<li>Europ\u00e4ische Brandklasse: Bfl-S1<\/li>\n<li>UV-best\u00e4ndig<\/li>\n<li>Wetterbest\u00e4ndig<\/li>\n<li>F\u00e4ulnis- und schimmelresistent<\/li>\n<li>2 kg\/m2<\/li>\n<\/ul>\n<p>Sie suchen eine ma\u00dfgeschneiderte L\u00f6sung einschlie\u00dflich Installation? Bitte z\u00f6gern Sie nicht, uns per<a href=\"http:\/\/TEL:\/\/0102420914\">E-Mail<\/a>zu kontaktieren: <a href=\"mailto:info@drempelhulp.nl\">info@turschwellenrampe.de<\/a>. Wir helfen Ihnen gerne weiter!<\/p>\n<p><strong><a href=\"mailto:info@drempelhulp.nl\">Preis auf Anfrage<\/a><\/strong><\/p>\n","protected":false},"excerpt":{"rendered":"<p>Regenwetter oder Schwimmb\u00e4der k\u00f6nnen B\u00f6den sehr rutschig machen, was zu St\u00fcrzen f\u00fchren kann, die schwere Verletzungen verursachen k\u00f6nnen. Beispiele f\u00fcr glatte Oberfl\u00e4chen sind h\u00f6lzerne Br\u00fccken, Decks entlang der Wasserkante, seitliche Anlegestellen in H\u00e4fen, aber auch glatte Fliesenb\u00f6den in Einkaufszentren und Bahnh\u00f6fen.<\/p>\n<p>Unsere geschlossenen Antirutschmatten sind in den Farben anthrazit-schwarz und grau erh\u00e4ltlich. Die Antirutschmatten bestehen aus drei Schichten, einer Unterschicht aus Weich-PVC-Gummi, einer Zwischenschicht aus Polyester-Glasfasern und einer Deckschicht aus PVC-Kunststoff-Antirutschgranulat.<\/p>\n<p><strong>Eigenschaften:<\/strong><\/p>\n<ul>\n<li>Dicke: 4 mm<\/li>\n<li>Abmessungen: 1,2 x 10 Meter. Erh\u00e4ltlich pro Rolle<\/li>\n<li>Schalld\u00e4mmung und Isolierung<\/li>\n<li>Leicht mit Wasser oder einem Besen zu reinigen<\/li>\n<li>Europ\u00e4ische Brandklasse: Bfl-S1<\/li>\n<li>UV- und witterungsbest\u00e4ndig<\/li>\n<li>F\u00e4ulnis- und schimmelresistent<\/li>\n<li>2 kg\/m2<\/li>\n<\/ul>\n<p>Sie suchen eine ma\u00dfgeschneiderte L\u00f6sung einschlie\u00dflich Installation? Bitte z\u00f6gern Sie nicht, uns per <a href=\"http:\/\/TEL:\/\/0102420914\">E-Mail<\/a> zu kontaktieren: <a href=\"mailto:info@drempelhulp.nl\">info@turschwellenrampe.de<\/a>. Wir helfen Ihnen gerne weiter!<\/p>\n<p><strong><a href=\"mailto:info@drempelhulp.nl\">Preis auf Anfrage<\/a><\/strong><\/p>\n","protected":false},"featured_media":12056,"comment_status":"open","ping_status":"closed","template":"","meta":[],"product_brand":[],"product_cat":[501,553],"product_tag":[],"class_list":{"0":"post-12620","1":"product","2":"type-product","3":"status-publish","4":"has-post-thumbnail","6":"product_cat-anti-rutsch","7":"product_cat-anti-rutsch-fuer-terrassendielen","9":"first","10":"instock","11":"taxable","12":"shipping-taxable","13":"product-type-simple"},"yoast_head":"<!-- This site is optimized with the Yoast SEO plugin v27.5 - https:\/\/yoast.com\/product\/yoast-seo-wordpress\/ -->\n<title>Geschlossene Antirutschmatten - Sonderanfertigung - Turschwellenrampe.de<\/title>\n<meta name=\"robots\" content=\"index, follow, max-snippet:-1, max-image-preview:large, max-video-preview:-1\" \/>\n<link rel=\"canonical\" href=\"https:\/\/turschwellenrampe.de\/de\/industriell\/anti-rutsch\/geschlossene-antirutschmatten-kundenspezifisch\/\" \/>\n<meta property=\"og:locale\" content=\"de_DE\" \/>\n<meta property=\"og:type\" content=\"article\" \/>\n<meta property=\"og:title\" content=\"Geschlossene Antirutschmatten - Sonderanfertigung - Turschwellenrampe.de\" \/>\n<meta property=\"og:description\" content=\"Regenwetter oder Schwimmb\u00e4der k\u00f6nnen B\u00f6den sehr rutschig machen, was zu St\u00fcrzen f\u00fchren kann, die schwere Verletzungen verursachen k\u00f6nnen. Beispiele f\u00fcr glatte Oberfl\u00e4chen sind h\u00f6lzerne Br\u00fccken, Decks entlang der Wasserkante, seitliche Anlegestellen in H\u00e4fen, aber auch glatte Fliesenb\u00f6den in Einkaufszentren und Bahnh\u00f6fen. Unsere geschlossenen Antirutschmatten sind in den Farben anthrazit-schwarz und grau erh\u00e4ltlich. Die Antirutschmatten bestehen aus drei Schichten, einer Unterschicht aus Weich-PVC-Gummi, einer Zwischenschicht aus Polyester-Glasfasern und einer Deckschicht aus PVC-Kunststoff-Antirutschgranulat. Eigenschaften:  Dicke: 4 mm  Abmessungen: 1,2 x 10 Meter. Erh\u00e4ltlich pro Rolle  Schalld\u00e4mmung und Isolierung  Leicht mit Wasser oder einem Besen zu reinigen  Europ\u00e4ische Brandklasse: Bfl-S1  UV- und witterungsbest\u00e4ndig  F\u00e4ulnis- und schimmelresistent  2 kg\/m2 Sie suchen eine ma\u00dfgeschneiderte L\u00f6sung einschlie\u00dflich Installation? Bitte z\u00f6gern Sie nicht, uns per E-Mail zu kontaktieren: info@turschwellenrampe.de. Wir helfen Ihnen gerne weiter! Preis auf Anfrage\" \/>\n<meta property=\"og:url\" content=\"https:\/\/turschwellenrampe.de\/de\/industriell\/anti-rutsch\/geschlossene-antirutschmatten-kundenspezifisch\/\" \/>\n<meta property=\"og:site_name\" content=\"Turschwellenrampe.de\" \/>\n<meta property=\"article:publisher\" content=\"https:\/\/www.facebook.com\/Drempelhulp\/\" \/>\n<meta property=\"article:modified_time\" content=\"2024-01-18T17:52:32+00:00\" \/>\n<meta property=\"og:image\" content=\"https:\/\/turschwellenrampe.de\/wp-content\/uploads\/2020\/09\/Entree-antislip-mat.jpg\" \/>\n\t<meta property=\"og:image:width\" content=\"470\" \/>\n\t<meta property=\"og:image:height\" content=\"470\" \/>\n\t<meta property=\"og:image:type\" content=\"image\/jpeg\" \/>\n<meta name=\"twitter:card\" content=\"summary_large_image\" \/>\n<meta name=\"twitter:label1\" content=\"Gesch\u00e4tzte Lesezeit\" \/>\n\t<meta name=\"twitter:data1\" content=\"1\u00a0Minute\" \/>\n<script type=\"application\/ld+json\" class=\"yoast-schema-graph\">{\"@context\":\"https:\\\/\\\/schema.org\",\"@graph\":[{\"@type\":\"WebPage\",\"@id\":\"https:\\\/\\\/turschwellenrampe.de\\\/de\\\/industriell\\\/anti-rutsch\\\/geschlossene-antirutschmatten-kundenspezifisch\\\/\",\"url\":\"https:\\\/\\\/turschwellenrampe.de\\\/de\\\/industriell\\\/anti-rutsch\\\/geschlossene-antirutschmatten-kundenspezifisch\\\/\",\"name\":\"Geschlossene Antirutschmatten - Sonderanfertigung - Turschwellenrampe.de\",\"isPartOf\":{\"@id\":\"https:\\\/\\\/turschwellenrampe.de\\\/de\\\/#website\"},\"primaryImageOfPage\":{\"@id\":\"https:\\\/\\\/turschwellenrampe.de\\\/de\\\/industriell\\\/anti-rutsch\\\/geschlossene-antirutschmatten-kundenspezifisch\\\/#primaryimage\"},\"image\":{\"@id\":\"https:\\\/\\\/turschwellenrampe.de\\\/de\\\/industriell\\\/anti-rutsch\\\/geschlossene-antirutschmatten-kundenspezifisch\\\/#primaryimage\"},\"thumbnailUrl\":\"https:\\\/\\\/turschwellenrampe.de\\\/wp-content\\\/uploads\\\/2020\\\/09\\\/Entree-antislip-mat.jpg\",\"datePublished\":\"2020-09-05T11:43:31+00:00\",\"dateModified\":\"2024-01-18T17:52:32+00:00\",\"breadcrumb\":{\"@id\":\"https:\\\/\\\/turschwellenrampe.de\\\/de\\\/industriell\\\/anti-rutsch\\\/geschlossene-antirutschmatten-kundenspezifisch\\\/#breadcrumb\"},\"inLanguage\":\"de\",\"potentialAction\":[{\"@type\":\"ReadAction\",\"target\":[\"https:\\\/\\\/turschwellenrampe.de\\\/de\\\/industriell\\\/anti-rutsch\\\/geschlossene-antirutschmatten-kundenspezifisch\\\/\"]}]},{\"@type\":\"ImageObject\",\"inLanguage\":\"de\",\"@id\":\"https:\\\/\\\/turschwellenrampe.de\\\/de\\\/industriell\\\/anti-rutsch\\\/geschlossene-antirutschmatten-kundenspezifisch\\\/#primaryimage\",\"url\":\"https:\\\/\\\/turschwellenrampe.de\\\/wp-content\\\/uploads\\\/2020\\\/09\\\/Entree-antislip-mat.jpg\",\"contentUrl\":\"https:\\\/\\\/turschwellenrampe.de\\\/wp-content\\\/uploads\\\/2020\\\/09\\\/Entree-antislip-mat.jpg\",\"width\":470,\"height\":470},{\"@type\":\"BreadcrumbList\",\"@id\":\"https:\\\/\\\/turschwellenrampe.de\\\/de\\\/industriell\\\/anti-rutsch\\\/geschlossene-antirutschmatten-kundenspezifisch\\\/#breadcrumb\",\"itemListElement\":[{\"@type\":\"ListItem\",\"position\":1,\"name\":\"Home\",\"item\":\"https:\\\/\\\/turschwellenrampe.de\\\/de\\\/\"},{\"@type\":\"ListItem\",\"position\":2,\"name\":\"Shop\",\"item\":\"https:\\\/\\\/turschwellenrampe.de\\\/de\\\/geschaft\\\/\"},{\"@type\":\"ListItem\",\"position\":3,\"name\":\"Geschlossene Antirutschmatten &#8211; Sonderanfertigung\"}]},{\"@type\":\"WebSite\",\"@id\":\"https:\\\/\\\/turschwellenrampe.de\\\/de\\\/#website\",\"url\":\"https:\\\/\\\/turschwellenrampe.de\\\/de\\\/\",\"name\":\"Turschwellenrampe.de\",\"description\":\"De Specialist in Toegankelijkheid\",\"potentialAction\":[{\"@type\":\"SearchAction\",\"target\":{\"@type\":\"EntryPoint\",\"urlTemplate\":\"https:\\\/\\\/turschwellenrampe.de\\\/de\\\/?s={search_term_string}\"},\"query-input\":{\"@type\":\"PropertyValueSpecification\",\"valueRequired\":true,\"valueName\":\"search_term_string\"}}],\"inLanguage\":\"de\"}]}<\/script>\n<!-- \/ Yoast SEO plugin. -->","yoast_head_json":{"title":"Geschlossene Antirutschmatten - Sonderanfertigung - Turschwellenrampe.de","robots":{"index":"index","follow":"follow","max-snippet":"max-snippet:-1","max-image-preview":"max-image-preview:large","max-video-preview":"max-video-preview:-1"},"canonical":"https:\/\/turschwellenrampe.de\/de\/industriell\/anti-rutsch\/geschlossene-antirutschmatten-kundenspezifisch\/","og_locale":"de_DE","og_type":"article","og_title":"Geschlossene Antirutschmatten - Sonderanfertigung - Turschwellenrampe.de","og_description":"Regenwetter oder Schwimmb\u00e4der k\u00f6nnen B\u00f6den sehr rutschig machen, was zu St\u00fcrzen f\u00fchren kann, die schwere Verletzungen verursachen k\u00f6nnen. Beispiele f\u00fcr glatte Oberfl\u00e4chen sind h\u00f6lzerne Br\u00fccken, Decks entlang der Wasserkante, seitliche Anlegestellen in H\u00e4fen, aber auch glatte Fliesenb\u00f6den in Einkaufszentren und Bahnh\u00f6fen. Unsere geschlossenen Antirutschmatten sind in den Farben anthrazit-schwarz und grau erh\u00e4ltlich. Die Antirutschmatten bestehen aus drei Schichten, einer Unterschicht aus Weich-PVC-Gummi, einer Zwischenschicht aus Polyester-Glasfasern und einer Deckschicht aus PVC-Kunststoff-Antirutschgranulat. Eigenschaften:  Dicke: 4 mm  Abmessungen: 1,2 x 10 Meter. Erh\u00e4ltlich pro Rolle  Schalld\u00e4mmung und Isolierung  Leicht mit Wasser oder einem Besen zu reinigen  Europ\u00e4ische Brandklasse: Bfl-S1  UV- und witterungsbest\u00e4ndig  F\u00e4ulnis- und schimmelresistent  2 kg\/m2 Sie suchen eine ma\u00dfgeschneiderte L\u00f6sung einschlie\u00dflich Installation? Bitte z\u00f6gern Sie nicht, uns per E-Mail zu kontaktieren: info@turschwellenrampe.de. Wir helfen Ihnen gerne weiter! Preis auf Anfrage","og_url":"https:\/\/turschwellenrampe.de\/de\/industriell\/anti-rutsch\/geschlossene-antirutschmatten-kundenspezifisch\/","og_site_name":"Turschwellenrampe.de","article_publisher":"https:\/\/www.facebook.com\/Drempelhulp\/","article_modified_time":"2024-01-18T17:52:32+00:00","og_image":[{"width":470,"height":470,"url":"https:\/\/turschwellenrampe.de\/wp-content\/uploads\/2020\/09\/Entree-antislip-mat.jpg","type":"image\/jpeg"}],"twitter_card":"summary_large_image","twitter_misc":{"Gesch\u00e4tzte Lesezeit":"1\u00a0Minute"},"schema":{"@context":"https:\/\/schema.org","@graph":[{"@type":"WebPage","@id":"https:\/\/turschwellenrampe.de\/de\/industriell\/anti-rutsch\/geschlossene-antirutschmatten-kundenspezifisch\/","url":"https:\/\/turschwellenrampe.de\/de\/industriell\/anti-rutsch\/geschlossene-antirutschmatten-kundenspezifisch\/","name":"Geschlossene Antirutschmatten - Sonderanfertigung - Turschwellenrampe.de","isPartOf":{"@id":"https:\/\/turschwellenrampe.de\/de\/#website"},"primaryImageOfPage":{"@id":"https:\/\/turschwellenrampe.de\/de\/industriell\/anti-rutsch\/geschlossene-antirutschmatten-kundenspezifisch\/#primaryimage"},"image":{"@id":"https:\/\/turschwellenrampe.de\/de\/industriell\/anti-rutsch\/geschlossene-antirutschmatten-kundenspezifisch\/#primaryimage"},"thumbnailUrl":"https:\/\/turschwellenrampe.de\/wp-content\/uploads\/2020\/09\/Entree-antislip-mat.jpg","datePublished":"2020-09-05T11:43:31+00:00","dateModified":"2024-01-18T17:52:32+00:00","breadcrumb":{"@id":"https:\/\/turschwellenrampe.de\/de\/industriell\/anti-rutsch\/geschlossene-antirutschmatten-kundenspezifisch\/#breadcrumb"},"inLanguage":"de","potentialAction":[{"@type":"ReadAction","target":["https:\/\/turschwellenrampe.de\/de\/industriell\/anti-rutsch\/geschlossene-antirutschmatten-kundenspezifisch\/"]}]},{"@type":"ImageObject","inLanguage":"de","@id":"https:\/\/turschwellenrampe.de\/de\/industriell\/anti-rutsch\/geschlossene-antirutschmatten-kundenspezifisch\/#primaryimage","url":"https:\/\/turschwellenrampe.de\/wp-content\/uploads\/2020\/09\/Entree-antislip-mat.jpg","contentUrl":"https:\/\/turschwellenrampe.de\/wp-content\/uploads\/2020\/09\/Entree-antislip-mat.jpg","width":470,"height":470},{"@type":"BreadcrumbList","@id":"https:\/\/turschwellenrampe.de\/de\/industriell\/anti-rutsch\/geschlossene-antirutschmatten-kundenspezifisch\/#breadcrumb","itemListElement":[{"@type":"ListItem","position":1,"name":"Home","item":"https:\/\/turschwellenrampe.de\/de\/"},{"@type":"ListItem","position":2,"name":"Shop","item":"https:\/\/turschwellenrampe.de\/de\/geschaft\/"},{"@type":"ListItem","position":3,"name":"Geschlossene Antirutschmatten &#8211; Sonderanfertigung"}]},{"@type":"WebSite","@id":"https:\/\/turschwellenrampe.de\/de\/#website","url":"https:\/\/turschwellenrampe.de\/de\/","name":"Turschwellenrampe.de","description":"De Specialist in Toegankelijkheid","potentialAction":[{"@type":"SearchAction","target":{"@type":"EntryPoint","urlTemplate":"https:\/\/turschwellenrampe.de\/de\/?s={search_term_string}"},"query-input":{"@type":"PropertyValueSpecification","valueRequired":true,"valueName":"search_term_string"}}],"inLanguage":"de"}]}},"_links":{"self":[{"href":"https:\/\/turschwellenrampe.de\/de\/wp-json\/wp\/v2\/product\/12620","targetHints":{"allow":["GET"]}}],"collection":[{"href":"https:\/\/turschwellenrampe.de\/de\/wp-json\/wp\/v2\/product"}],"about":[{"href":"https:\/\/turschwellenrampe.de\/de\/wp-json\/wp\/v2\/types\/product"}],"replies":[{"embeddable":true,"href":"https:\/\/turschwellenrampe.de\/de\/wp-json\/wp\/v2\/comments?post=12620"}],"wp:featuredmedia":[{"embeddable":true,"href":"https:\/\/turschwellenrampe.de\/de\/wp-json\/wp\/v2\/media\/12056"}],"wp:attachment":[{"href":"https:\/\/turschwellenrampe.de\/de\/wp-json\/wp\/v2\/media?parent=12620"}],"wp:term":[{"taxonomy":"product_brand","embeddable":true,"href":"https:\/\/turschwellenrampe.de\/de\/wp-json\/wp\/v2\/product_brand?post=12620"},{"taxonomy":"product_cat","embeddable":true,"href":"https:\/\/turschwellenrampe.de\/de\/wp-json\/wp\/v2\/product_cat?post=12620"},{"taxonomy":"product_tag","embeddable":true,"href":"https:\/\/turschwellenrampe.de\/de\/wp-json\/wp\/v2\/product_tag?post=12620"}],"curies":[{"name":"wp","href":"https:\/\/api.w.org\/{rel}","templated":true}]}}