{"id":12619,"date":"2021-02-10T14:27:26","date_gmt":"2021-02-10T13:27:26","guid":{"rendered":"https:\/\/turschwellenrampe.de\/shop\/unkategorisiert\/bodenhoehe-der-dusche\/"},"modified":"2024-01-18T16:29:15","modified_gmt":"2024-01-18T15:29:15","slug":"hohe-des-duschbodens","status":"publish","type":"product","link":"https:\/\/turschwellenrampe.de\/de\/masgeschneidert\/bodenhohe-der-dusche\/hohe-des-duschbodens\/","title":{"rendered":"Bodenh\u00f6he der Dusche"},"content":{"rendered":"<p>Die Neigungswinkel Typ I und II k\u00f6nnen auf mehreren Seiten (Schr\u00e4gseiten) montiert werden, der Neigungswinkel Typ III nur auf einer Seite (geradeaus, Schr\u00e4gseiten). Abh\u00e4ngig von der H\u00f6he der Schwelle und dem verf\u00fcgbaren Platz wird ein bestimmter Gradient gew\u00e4hlt. Wir stehen Ihnen selbstverst\u00e4ndlich mit Rat und Tat zur Seite.<\/p>\n<p>Die Schwellenrampen un L\u00f6sungen von Excellent Systems k\u00f6nnen mit drei verschiedenen Neigungswinkeln gebaut werden:<\/p>\n<ul>\n<li>Neigungswinkel Typ I = 1:6,7<\/li>\n<li>Neigungswinkel Typ II = 1:13,3<\/li>\n<li>Neigungswinkel Typ III = 1:20<\/li>\n<\/ul>\n<p><a class=\"fw_button\" href=\"mailto:\/\/info@drempelhulp.nl\">Preis auf Anfrage<\/a><\/p>\n","protected":false},"excerpt":{"rendered":"<p>Die Neigungswinkel Typ I und II k\u00f6nnen auf mehreren Seiten (Schr\u00e4gseiten) montiert werden, der Neigungswinkel Typ III nur auf einer Seite (geradeaus, Schr\u00e4gseiten). Abh\u00e4ngig von der H\u00f6he der Schwelle und dem verf\u00fcgbaren Platz wird ein bestimmter Gradient gew\u00e4hlt. Wir stehen Ihnen selbstverst\u00e4ndlich mit Rat und Tat zur Seite.<\/p>\n<p>Die Schwellenrampen un L\u00f6sungen von Excellent Systems k\u00f6nnen mit drei verschiedenen Neigungswinkeln gebaut werden:<\/p>\n<ul>\n<li>Neigungswinkel Typ I = 1:6,7<\/li>\n<li>Neigungswinkel Typ II = 1:13,3<\/li>\n<li>Neigungswinkel Typ III = 1:20<\/li>\n<\/ul>\n<p><a class=\"fw_button\" href=\"mailto:\/\/info@drempelhulp.nl\">Preis auf Anfrage<\/a><\/p>\n","protected":false},"featured_media":12150,"comment_status":"open","ping_status":"closed","template":"","meta":[],"product_brand":[],"product_cat":[525,526],"product_tag":[],"class_list":{"0":"post-12619","1":"product","2":"type-product","3":"status-publish","4":"has-post-thumbnail","6":"product_cat-bodenhohe-der-dusche","7":"product_cat-masgeschneiderte-turschwellenrampen","9":"first","10":"instock","11":"taxable","12":"shipping-taxable","13":"product-type-simple"},"yoast_head":"<!-- This site is optimized with the Yoast SEO plugin v27.3 - https:\/\/yoast.com\/product\/yoast-seo-wordpress\/ -->\n<title>Bodenh\u00f6he der Dusche - Turschwellenrampe.de<\/title>\n<meta name=\"robots\" content=\"index, follow, max-snippet:-1, max-image-preview:large, max-video-preview:-1\" \/>\n<link rel=\"canonical\" href=\"https:\/\/turschwellenrampe.de\/de\/masgeschneidert\/bodenhohe-der-dusche\/hohe-des-duschbodens\/\" \/>\n<meta property=\"og:locale\" content=\"de_DE\" \/>\n<meta property=\"og:type\" content=\"article\" \/>\n<meta property=\"og:title\" content=\"Bodenh\u00f6he der Dusche - Turschwellenrampe.de\" \/>\n<meta property=\"og:description\" content=\"Die Neigungswinkel Typ I und II k\u00f6nnen auf mehreren Seiten (Schr\u00e4gseiten) montiert werden, der Neigungswinkel Typ III nur auf einer Seite (geradeaus, Schr\u00e4gseiten). Abh\u00e4ngig von der H\u00f6he der Schwelle und dem verf\u00fcgbaren Platz wird ein bestimmter Gradient gew\u00e4hlt. Wir stehen Ihnen selbstverst\u00e4ndlich mit Rat und Tat zur Seite. Die Schwellenrampen un L\u00f6sungen von Excellent Systems k\u00f6nnen mit drei verschiedenen Neigungswinkeln gebaut werden:  Neigungswinkel Typ I = 1:6,7  Neigungswinkel Typ II = 1:13,3  Neigungswinkel Typ III = 1:20 Preis auf Anfrage\" \/>\n<meta property=\"og:url\" content=\"https:\/\/turschwellenrampe.de\/de\/masgeschneidert\/bodenhohe-der-dusche\/hohe-des-duschbodens\/\" \/>\n<meta property=\"og:site_name\" content=\"Turschwellenrampe.de\" \/>\n<meta property=\"article:publisher\" content=\"https:\/\/www.facebook.com\/Drempelhulp\/\" \/>\n<meta property=\"article:modified_time\" content=\"2024-01-18T15:29:15+00:00\" \/>\n<meta property=\"og:image\" content=\"https:\/\/turschwellenrampe.de\/wp-content\/uploads\/2021\/02\/doucheverhoging.jpg\" \/>\n\t<meta property=\"og:image:width\" content=\"400\" \/>\n\t<meta property=\"og:image:height\" content=\"245\" \/>\n\t<meta property=\"og:image:type\" content=\"image\/jpeg\" \/>\n<meta name=\"twitter:card\" content=\"summary_large_image\" \/>\n<script type=\"application\/ld+json\" class=\"yoast-schema-graph\">{\"@context\":\"https:\\\/\\\/schema.org\",\"@graph\":[{\"@type\":\"WebPage\",\"@id\":\"https:\\\/\\\/turschwellenrampe.de\\\/de\\\/masgeschneidert\\\/bodenhohe-der-dusche\\\/hohe-des-duschbodens\\\/\",\"url\":\"https:\\\/\\\/turschwellenrampe.de\\\/de\\\/masgeschneidert\\\/bodenhohe-der-dusche\\\/hohe-des-duschbodens\\\/\",\"name\":\"Bodenh\u00f6he der Dusche - Turschwellenrampe.de\",\"isPartOf\":{\"@id\":\"https:\\\/\\\/turschwellenrampe.de\\\/de\\\/#website\"},\"primaryImageOfPage\":{\"@id\":\"https:\\\/\\\/turschwellenrampe.de\\\/de\\\/masgeschneidert\\\/bodenhohe-der-dusche\\\/hohe-des-duschbodens\\\/#primaryimage\"},\"image\":{\"@id\":\"https:\\\/\\\/turschwellenrampe.de\\\/de\\\/masgeschneidert\\\/bodenhohe-der-dusche\\\/hohe-des-duschbodens\\\/#primaryimage\"},\"thumbnailUrl\":\"https:\\\/\\\/turschwellenrampe.de\\\/wp-content\\\/uploads\\\/2021\\\/02\\\/doucheverhoging.jpg\",\"datePublished\":\"2021-02-10T13:27:26+00:00\",\"dateModified\":\"2024-01-18T15:29:15+00:00\",\"breadcrumb\":{\"@id\":\"https:\\\/\\\/turschwellenrampe.de\\\/de\\\/masgeschneidert\\\/bodenhohe-der-dusche\\\/hohe-des-duschbodens\\\/#breadcrumb\"},\"inLanguage\":\"de\",\"potentialAction\":[{\"@type\":\"ReadAction\",\"target\":[\"https:\\\/\\\/turschwellenrampe.de\\\/de\\\/masgeschneidert\\\/bodenhohe-der-dusche\\\/hohe-des-duschbodens\\\/\"]}]},{\"@type\":\"ImageObject\",\"inLanguage\":\"de\",\"@id\":\"https:\\\/\\\/turschwellenrampe.de\\\/de\\\/masgeschneidert\\\/bodenhohe-der-dusche\\\/hohe-des-duschbodens\\\/#primaryimage\",\"url\":\"https:\\\/\\\/turschwellenrampe.de\\\/wp-content\\\/uploads\\\/2021\\\/02\\\/doucheverhoging.jpg\",\"contentUrl\":\"https:\\\/\\\/turschwellenrampe.de\\\/wp-content\\\/uploads\\\/2021\\\/02\\\/doucheverhoging.jpg\",\"width\":400,\"height\":245},{\"@type\":\"BreadcrumbList\",\"@id\":\"https:\\\/\\\/turschwellenrampe.de\\\/de\\\/masgeschneidert\\\/bodenhohe-der-dusche\\\/hohe-des-duschbodens\\\/#breadcrumb\",\"itemListElement\":[{\"@type\":\"ListItem\",\"position\":1,\"name\":\"Home\",\"item\":\"https:\\\/\\\/turschwellenrampe.de\\\/de\\\/\"},{\"@type\":\"ListItem\",\"position\":2,\"name\":\"Shop\",\"item\":\"https:\\\/\\\/turschwellenrampe.de\\\/de\\\/geschaft\\\/\"},{\"@type\":\"ListItem\",\"position\":3,\"name\":\"Bodenh\u00f6he der Dusche\"}]},{\"@type\":\"WebSite\",\"@id\":\"https:\\\/\\\/turschwellenrampe.de\\\/de\\\/#website\",\"url\":\"https:\\\/\\\/turschwellenrampe.de\\\/de\\\/\",\"name\":\"Turschwellenrampe.de\",\"description\":\"De Specialist in Toegankelijkheid\",\"potentialAction\":[{\"@type\":\"SearchAction\",\"target\":{\"@type\":\"EntryPoint\",\"urlTemplate\":\"https:\\\/\\\/turschwellenrampe.de\\\/de\\\/?s={search_term_string}\"},\"query-input\":{\"@type\":\"PropertyValueSpecification\",\"valueRequired\":true,\"valueName\":\"search_term_string\"}}],\"inLanguage\":\"de\"}]}<\/script>\n<!-- \/ Yoast SEO plugin. -->","yoast_head_json":{"title":"Bodenh\u00f6he der Dusche - Turschwellenrampe.de","robots":{"index":"index","follow":"follow","max-snippet":"max-snippet:-1","max-image-preview":"max-image-preview:large","max-video-preview":"max-video-preview:-1"},"canonical":"https:\/\/turschwellenrampe.de\/de\/masgeschneidert\/bodenhohe-der-dusche\/hohe-des-duschbodens\/","og_locale":"de_DE","og_type":"article","og_title":"Bodenh\u00f6he der Dusche - Turschwellenrampe.de","og_description":"Die Neigungswinkel Typ I und II k\u00f6nnen auf mehreren Seiten (Schr\u00e4gseiten) montiert werden, der Neigungswinkel Typ III nur auf einer Seite (geradeaus, Schr\u00e4gseiten). Abh\u00e4ngig von der H\u00f6he der Schwelle und dem verf\u00fcgbaren Platz wird ein bestimmter Gradient gew\u00e4hlt. Wir stehen Ihnen selbstverst\u00e4ndlich mit Rat und Tat zur Seite. Die Schwellenrampen un L\u00f6sungen von Excellent Systems k\u00f6nnen mit drei verschiedenen Neigungswinkeln gebaut werden:  Neigungswinkel Typ I = 1:6,7  Neigungswinkel Typ II = 1:13,3  Neigungswinkel Typ III = 1:20 Preis auf Anfrage","og_url":"https:\/\/turschwellenrampe.de\/de\/masgeschneidert\/bodenhohe-der-dusche\/hohe-des-duschbodens\/","og_site_name":"Turschwellenrampe.de","article_publisher":"https:\/\/www.facebook.com\/Drempelhulp\/","article_modified_time":"2024-01-18T15:29:15+00:00","og_image":[{"width":400,"height":245,"url":"https:\/\/turschwellenrampe.de\/wp-content\/uploads\/2021\/02\/doucheverhoging.jpg","type":"image\/jpeg"}],"twitter_card":"summary_large_image","schema":{"@context":"https:\/\/schema.org","@graph":[{"@type":"WebPage","@id":"https:\/\/turschwellenrampe.de\/de\/masgeschneidert\/bodenhohe-der-dusche\/hohe-des-duschbodens\/","url":"https:\/\/turschwellenrampe.de\/de\/masgeschneidert\/bodenhohe-der-dusche\/hohe-des-duschbodens\/","name":"Bodenh\u00f6he der Dusche - Turschwellenrampe.de","isPartOf":{"@id":"https:\/\/turschwellenrampe.de\/de\/#website"},"primaryImageOfPage":{"@id":"https:\/\/turschwellenrampe.de\/de\/masgeschneidert\/bodenhohe-der-dusche\/hohe-des-duschbodens\/#primaryimage"},"image":{"@id":"https:\/\/turschwellenrampe.de\/de\/masgeschneidert\/bodenhohe-der-dusche\/hohe-des-duschbodens\/#primaryimage"},"thumbnailUrl":"https:\/\/turschwellenrampe.de\/wp-content\/uploads\/2021\/02\/doucheverhoging.jpg","datePublished":"2021-02-10T13:27:26+00:00","dateModified":"2024-01-18T15:29:15+00:00","breadcrumb":{"@id":"https:\/\/turschwellenrampe.de\/de\/masgeschneidert\/bodenhohe-der-dusche\/hohe-des-duschbodens\/#breadcrumb"},"inLanguage":"de","potentialAction":[{"@type":"ReadAction","target":["https:\/\/turschwellenrampe.de\/de\/masgeschneidert\/bodenhohe-der-dusche\/hohe-des-duschbodens\/"]}]},{"@type":"ImageObject","inLanguage":"de","@id":"https:\/\/turschwellenrampe.de\/de\/masgeschneidert\/bodenhohe-der-dusche\/hohe-des-duschbodens\/#primaryimage","url":"https:\/\/turschwellenrampe.de\/wp-content\/uploads\/2021\/02\/doucheverhoging.jpg","contentUrl":"https:\/\/turschwellenrampe.de\/wp-content\/uploads\/2021\/02\/doucheverhoging.jpg","width":400,"height":245},{"@type":"BreadcrumbList","@id":"https:\/\/turschwellenrampe.de\/de\/masgeschneidert\/bodenhohe-der-dusche\/hohe-des-duschbodens\/#breadcrumb","itemListElement":[{"@type":"ListItem","position":1,"name":"Home","item":"https:\/\/turschwellenrampe.de\/de\/"},{"@type":"ListItem","position":2,"name":"Shop","item":"https:\/\/turschwellenrampe.de\/de\/geschaft\/"},{"@type":"ListItem","position":3,"name":"Bodenh\u00f6he der Dusche"}]},{"@type":"WebSite","@id":"https:\/\/turschwellenrampe.de\/de\/#website","url":"https:\/\/turschwellenrampe.de\/de\/","name":"Turschwellenrampe.de","description":"De Specialist in Toegankelijkheid","potentialAction":[{"@type":"SearchAction","target":{"@type":"EntryPoint","urlTemplate":"https:\/\/turschwellenrampe.de\/de\/?s={search_term_string}"},"query-input":{"@type":"PropertyValueSpecification","valueRequired":true,"valueName":"search_term_string"}}],"inLanguage":"de"}]}},"_links":{"self":[{"href":"https:\/\/turschwellenrampe.de\/de\/wp-json\/wp\/v2\/product\/12619","targetHints":{"allow":["GET"]}}],"collection":[{"href":"https:\/\/turschwellenrampe.de\/de\/wp-json\/wp\/v2\/product"}],"about":[{"href":"https:\/\/turschwellenrampe.de\/de\/wp-json\/wp\/v2\/types\/product"}],"replies":[{"embeddable":true,"href":"https:\/\/turschwellenrampe.de\/de\/wp-json\/wp\/v2\/comments?post=12619"}],"wp:featuredmedia":[{"embeddable":true,"href":"https:\/\/turschwellenrampe.de\/de\/wp-json\/wp\/v2\/media\/12150"}],"wp:attachment":[{"href":"https:\/\/turschwellenrampe.de\/de\/wp-json\/wp\/v2\/media?parent=12619"}],"wp:term":[{"taxonomy":"product_brand","embeddable":true,"href":"https:\/\/turschwellenrampe.de\/de\/wp-json\/wp\/v2\/product_brand?post=12619"},{"taxonomy":"product_cat","embeddable":true,"href":"https:\/\/turschwellenrampe.de\/de\/wp-json\/wp\/v2\/product_cat?post=12619"},{"taxonomy":"product_tag","embeddable":true,"href":"https:\/\/turschwellenrampe.de\/de\/wp-json\/wp\/v2\/product_tag?post=12619"}],"curies":[{"name":"wp","href":"https:\/\/api.w.org\/{rel}","templated":true}]}}