{"id":12587,"date":"2021-01-21T13:26:58","date_gmt":"2021-01-21T12:26:58","guid":{"rendered":"https:\/\/turschwellenrampe.de\/shop\/unkategorisiert\/116-cm-rollstuhlrampe-klappbar-extra-stark\/"},"modified":"2024-12-21T12:50:24","modified_gmt":"2024-12-21T11:50:24","slug":"116-cm-rollstuhlrampe-zusammenklappbar-extra-stark","status":"publish","type":"product","link":"https:\/\/turschwellenrampe.de\/de\/rollstuhlrampen\/extra-starke-rollstuhlrampen\/116-cm-rollstuhlrampe-zusammenklappbar-extra-stark\/","title":{"rendered":"116 cm &#8211; Rollstuhlrampe klappbar extra stark"},"content":{"rendered":"<p>Diese extrastarke Rollstuhlrampe ist eine neue tragbare Rampe, die in der L\u00e4nge zusammengeklappt werden kann. Die Rampe bietet eine Oberfl\u00e4che, die sehr gut f\u00fcr elektrische Rollst\u00fchle und dreir\u00e4drige Scooter geeignet ist. Die Rollstuhlrampe ist sehr leicht, aus strapazierf\u00e4higem Material und hat eine maximale Belastbarkeit von 400 kg!<\/p>\n<p><strong>Spezifikationen:<\/strong><\/p>\n<ul>\n<li>L\u00e4nge: 116 cm<\/li>\n<li>Gewicht: 8,7 kg<\/li>\n<li>Max. Tragf\u00e4higkeit: 400 kg<\/li>\n<li>Innere Breite: 76 cm<\/li>\n<li>Breite zusammengeklappt: 39 cm<\/li>\n<li>Empfohlene maximale H\u00f6he: 25 cm<\/li>\n<\/ul>\n","protected":false},"excerpt":{"rendered":"<p>Diese extrastarke Rollstuhlrampe ist eine neue tragbare Rampe, die in der L\u00e4nge zusammengeklappt werden kann. Die Rampe bietet eine Oberfl\u00e4che, die sehr gut f\u00fcr elektrische Rollst\u00fchle und dreir\u00e4drige Scooter geeignet ist. Die Rollstuhlrampe ist sehr leicht, aus strapazierf\u00e4higem Material und hat eine maximale Belastbarkeit von 400 kg!<\/p>\n<p><strong>Spezifikationen:<\/strong><\/p>\n<ul>\n<li>L\u00e4nge: 116 cm<\/li>\n<li>Gewicht: 8,7 kg<\/li>\n<li>Max. Tragf\u00e4higkeit: 400 kg<\/li>\n<li>Innere Breite: 76 cm<\/li>\n<li>Breite zusammengeklappt: 39 cm<\/li>\n<li>Empfohlene maximale H\u00f6he: 25 cm<\/li>\n<\/ul>\n","protected":false},"featured_media":12109,"comment_status":"open","ping_status":"closed","template":"","meta":[],"product_brand":[],"product_cat":[539],"product_tag":[],"class_list":{"0":"post-12587","1":"product","2":"type-product","3":"status-publish","4":"has-post-thumbnail","6":"product_cat-extra-starke-rollstuhlrampen","8":"first","9":"instock","10":"taxable","11":"shipping-taxable","12":"purchasable","13":"product-type-simple"},"yoast_head":"<!-- This site is optimized with the Yoast SEO plugin v27.5 - https:\/\/yoast.com\/product\/yoast-seo-wordpress\/ -->\n<title>116 cm - Rollstuhlrampe klappbar extra stark - Turschwellenrampe.de<\/title>\n<meta name=\"robots\" content=\"index, follow, max-snippet:-1, max-image-preview:large, max-video-preview:-1\" \/>\n<link rel=\"canonical\" href=\"https:\/\/turschwellenrampe.de\/de\/rollstuhlrampen\/extra-starke-rollstuhlrampen\/116-cm-rollstuhlrampe-zusammenklappbar-extra-stark\/\" \/>\n<meta property=\"og:locale\" content=\"de_DE\" \/>\n<meta property=\"og:type\" content=\"article\" \/>\n<meta property=\"og:title\" content=\"116 cm - Rollstuhlrampe klappbar extra stark - Turschwellenrampe.de\" \/>\n<meta property=\"og:description\" content=\"Diese extrastarke Rollstuhlrampe ist eine neue tragbare Rampe, die in der L\u00e4nge zusammengeklappt werden kann. Die Rampe bietet eine Oberfl\u00e4che, die sehr gut f\u00fcr elektrische Rollst\u00fchle und dreir\u00e4drige Scooter geeignet ist. Die Rollstuhlrampe ist sehr leicht, aus strapazierf\u00e4higem Material und hat eine maximale Belastbarkeit von 400 kg! Spezifikationen:  L\u00e4nge: 116 cm  Gewicht: 8,7 kg  Max. Tragf\u00e4higkeit: 400 kg  Innere Breite: 76 cm  Breite zusammengeklappt: 39 cm  Empfohlene maximale H\u00f6he: 25 cm\" \/>\n<meta property=\"og:url\" content=\"https:\/\/turschwellenrampe.de\/de\/rollstuhlrampen\/extra-starke-rollstuhlrampen\/116-cm-rollstuhlrampe-zusammenklappbar-extra-stark\/\" \/>\n<meta property=\"og:site_name\" content=\"Turschwellenrampe.de\" \/>\n<meta property=\"article:publisher\" content=\"https:\/\/www.facebook.com\/Drempelhulp\/\" \/>\n<meta property=\"article:modified_time\" content=\"2024-12-21T11:50:24+00:00\" \/>\n<meta property=\"og:image\" content=\"https:\/\/turschwellenrampe.de\/wp-content\/uploads\/2021\/01\/1160_d01b21ca.png\" \/>\n\t<meta property=\"og:image:width\" content=\"1370\" \/>\n\t<meta property=\"og:image:height\" content=\"1370\" \/>\n\t<meta property=\"og:image:type\" content=\"image\/png\" \/>\n<meta name=\"twitter:card\" content=\"summary_large_image\" \/>\n<script type=\"application\/ld+json\" class=\"yoast-schema-graph\">{\"@context\":\"https:\\\/\\\/schema.org\",\"@graph\":[{\"@type\":\"WebPage\",\"@id\":\"https:\\\/\\\/turschwellenrampe.de\\\/de\\\/rollstuhlrampen\\\/extra-starke-rollstuhlrampen\\\/116-cm-rollstuhlrampe-zusammenklappbar-extra-stark\\\/\",\"url\":\"https:\\\/\\\/turschwellenrampe.de\\\/de\\\/rollstuhlrampen\\\/extra-starke-rollstuhlrampen\\\/116-cm-rollstuhlrampe-zusammenklappbar-extra-stark\\\/\",\"name\":\"116 cm - Rollstuhlrampe klappbar extra stark - Turschwellenrampe.de\",\"isPartOf\":{\"@id\":\"https:\\\/\\\/turschwellenrampe.de\\\/de\\\/#website\"},\"primaryImageOfPage\":{\"@id\":\"https:\\\/\\\/turschwellenrampe.de\\\/de\\\/rollstuhlrampen\\\/extra-starke-rollstuhlrampen\\\/116-cm-rollstuhlrampe-zusammenklappbar-extra-stark\\\/#primaryimage\"},\"image\":{\"@id\":\"https:\\\/\\\/turschwellenrampe.de\\\/de\\\/rollstuhlrampen\\\/extra-starke-rollstuhlrampen\\\/116-cm-rollstuhlrampe-zusammenklappbar-extra-stark\\\/#primaryimage\"},\"thumbnailUrl\":\"https:\\\/\\\/turschwellenrampe.de\\\/wp-content\\\/uploads\\\/2021\\\/01\\\/1160_d01b21ca.png\",\"datePublished\":\"2021-01-21T12:26:58+00:00\",\"dateModified\":\"2024-12-21T11:50:24+00:00\",\"breadcrumb\":{\"@id\":\"https:\\\/\\\/turschwellenrampe.de\\\/de\\\/rollstuhlrampen\\\/extra-starke-rollstuhlrampen\\\/116-cm-rollstuhlrampe-zusammenklappbar-extra-stark\\\/#breadcrumb\"},\"inLanguage\":\"de\",\"potentialAction\":[{\"@type\":\"ReadAction\",\"target\":[\"https:\\\/\\\/turschwellenrampe.de\\\/de\\\/rollstuhlrampen\\\/extra-starke-rollstuhlrampen\\\/116-cm-rollstuhlrampe-zusammenklappbar-extra-stark\\\/\"]}]},{\"@type\":\"ImageObject\",\"inLanguage\":\"de\",\"@id\":\"https:\\\/\\\/turschwellenrampe.de\\\/de\\\/rollstuhlrampen\\\/extra-starke-rollstuhlrampen\\\/116-cm-rollstuhlrampe-zusammenklappbar-extra-stark\\\/#primaryimage\",\"url\":\"https:\\\/\\\/turschwellenrampe.de\\\/wp-content\\\/uploads\\\/2021\\\/01\\\/1160_d01b21ca.png\",\"contentUrl\":\"https:\\\/\\\/turschwellenrampe.de\\\/wp-content\\\/uploads\\\/2021\\\/01\\\/1160_d01b21ca.png\",\"width\":1370,\"height\":1370},{\"@type\":\"BreadcrumbList\",\"@id\":\"https:\\\/\\\/turschwellenrampe.de\\\/de\\\/rollstuhlrampen\\\/extra-starke-rollstuhlrampen\\\/116-cm-rollstuhlrampe-zusammenklappbar-extra-stark\\\/#breadcrumb\",\"itemListElement\":[{\"@type\":\"ListItem\",\"position\":1,\"name\":\"Home\",\"item\":\"https:\\\/\\\/turschwellenrampe.de\\\/de\\\/\"},{\"@type\":\"ListItem\",\"position\":2,\"name\":\"Shop\",\"item\":\"https:\\\/\\\/turschwellenrampe.de\\\/de\\\/geschaft\\\/\"},{\"@type\":\"ListItem\",\"position\":3,\"name\":\"116 cm &#8211; Rollstuhlrampe klappbar extra stark\"}]},{\"@type\":\"WebSite\",\"@id\":\"https:\\\/\\\/turschwellenrampe.de\\\/de\\\/#website\",\"url\":\"https:\\\/\\\/turschwellenrampe.de\\\/de\\\/\",\"name\":\"Turschwellenrampe.de\",\"description\":\"De Specialist in Toegankelijkheid\",\"potentialAction\":[{\"@type\":\"SearchAction\",\"target\":{\"@type\":\"EntryPoint\",\"urlTemplate\":\"https:\\\/\\\/turschwellenrampe.de\\\/de\\\/?s={search_term_string}\"},\"query-input\":{\"@type\":\"PropertyValueSpecification\",\"valueRequired\":true,\"valueName\":\"search_term_string\"}}],\"inLanguage\":\"de\"}]}<\/script>\n<!-- \/ Yoast SEO plugin. -->","yoast_head_json":{"title":"116 cm - Rollstuhlrampe klappbar extra stark - Turschwellenrampe.de","robots":{"index":"index","follow":"follow","max-snippet":"max-snippet:-1","max-image-preview":"max-image-preview:large","max-video-preview":"max-video-preview:-1"},"canonical":"https:\/\/turschwellenrampe.de\/de\/rollstuhlrampen\/extra-starke-rollstuhlrampen\/116-cm-rollstuhlrampe-zusammenklappbar-extra-stark\/","og_locale":"de_DE","og_type":"article","og_title":"116 cm - Rollstuhlrampe klappbar extra stark - Turschwellenrampe.de","og_description":"Diese extrastarke Rollstuhlrampe ist eine neue tragbare Rampe, die in der L\u00e4nge zusammengeklappt werden kann. Die Rampe bietet eine Oberfl\u00e4che, die sehr gut f\u00fcr elektrische Rollst\u00fchle und dreir\u00e4drige Scooter geeignet ist. Die Rollstuhlrampe ist sehr leicht, aus strapazierf\u00e4higem Material und hat eine maximale Belastbarkeit von 400 kg! Spezifikationen:  L\u00e4nge: 116 cm  Gewicht: 8,7 kg  Max. Tragf\u00e4higkeit: 400 kg  Innere Breite: 76 cm  Breite zusammengeklappt: 39 cm  Empfohlene maximale H\u00f6he: 25 cm","og_url":"https:\/\/turschwellenrampe.de\/de\/rollstuhlrampen\/extra-starke-rollstuhlrampen\/116-cm-rollstuhlrampe-zusammenklappbar-extra-stark\/","og_site_name":"Turschwellenrampe.de","article_publisher":"https:\/\/www.facebook.com\/Drempelhulp\/","article_modified_time":"2024-12-21T11:50:24+00:00","og_image":[{"width":1370,"height":1370,"url":"https:\/\/turschwellenrampe.de\/wp-content\/uploads\/2021\/01\/1160_d01b21ca.png","type":"image\/png"}],"twitter_card":"summary_large_image","schema":{"@context":"https:\/\/schema.org","@graph":[{"@type":"WebPage","@id":"https:\/\/turschwellenrampe.de\/de\/rollstuhlrampen\/extra-starke-rollstuhlrampen\/116-cm-rollstuhlrampe-zusammenklappbar-extra-stark\/","url":"https:\/\/turschwellenrampe.de\/de\/rollstuhlrampen\/extra-starke-rollstuhlrampen\/116-cm-rollstuhlrampe-zusammenklappbar-extra-stark\/","name":"116 cm - Rollstuhlrampe klappbar extra stark - Turschwellenrampe.de","isPartOf":{"@id":"https:\/\/turschwellenrampe.de\/de\/#website"},"primaryImageOfPage":{"@id":"https:\/\/turschwellenrampe.de\/de\/rollstuhlrampen\/extra-starke-rollstuhlrampen\/116-cm-rollstuhlrampe-zusammenklappbar-extra-stark\/#primaryimage"},"image":{"@id":"https:\/\/turschwellenrampe.de\/de\/rollstuhlrampen\/extra-starke-rollstuhlrampen\/116-cm-rollstuhlrampe-zusammenklappbar-extra-stark\/#primaryimage"},"thumbnailUrl":"https:\/\/turschwellenrampe.de\/wp-content\/uploads\/2021\/01\/1160_d01b21ca.png","datePublished":"2021-01-21T12:26:58+00:00","dateModified":"2024-12-21T11:50:24+00:00","breadcrumb":{"@id":"https:\/\/turschwellenrampe.de\/de\/rollstuhlrampen\/extra-starke-rollstuhlrampen\/116-cm-rollstuhlrampe-zusammenklappbar-extra-stark\/#breadcrumb"},"inLanguage":"de","potentialAction":[{"@type":"ReadAction","target":["https:\/\/turschwellenrampe.de\/de\/rollstuhlrampen\/extra-starke-rollstuhlrampen\/116-cm-rollstuhlrampe-zusammenklappbar-extra-stark\/"]}]},{"@type":"ImageObject","inLanguage":"de","@id":"https:\/\/turschwellenrampe.de\/de\/rollstuhlrampen\/extra-starke-rollstuhlrampen\/116-cm-rollstuhlrampe-zusammenklappbar-extra-stark\/#primaryimage","url":"https:\/\/turschwellenrampe.de\/wp-content\/uploads\/2021\/01\/1160_d01b21ca.png","contentUrl":"https:\/\/turschwellenrampe.de\/wp-content\/uploads\/2021\/01\/1160_d01b21ca.png","width":1370,"height":1370},{"@type":"BreadcrumbList","@id":"https:\/\/turschwellenrampe.de\/de\/rollstuhlrampen\/extra-starke-rollstuhlrampen\/116-cm-rollstuhlrampe-zusammenklappbar-extra-stark\/#breadcrumb","itemListElement":[{"@type":"ListItem","position":1,"name":"Home","item":"https:\/\/turschwellenrampe.de\/de\/"},{"@type":"ListItem","position":2,"name":"Shop","item":"https:\/\/turschwellenrampe.de\/de\/geschaft\/"},{"@type":"ListItem","position":3,"name":"116 cm &#8211; Rollstuhlrampe klappbar extra stark"}]},{"@type":"WebSite","@id":"https:\/\/turschwellenrampe.de\/de\/#website","url":"https:\/\/turschwellenrampe.de\/de\/","name":"Turschwellenrampe.de","description":"De Specialist in Toegankelijkheid","potentialAction":[{"@type":"SearchAction","target":{"@type":"EntryPoint","urlTemplate":"https:\/\/turschwellenrampe.de\/de\/?s={search_term_string}"},"query-input":{"@type":"PropertyValueSpecification","valueRequired":true,"valueName":"search_term_string"}}],"inLanguage":"de"}]}},"_links":{"self":[{"href":"https:\/\/turschwellenrampe.de\/de\/wp-json\/wp\/v2\/product\/12587","targetHints":{"allow":["GET"]}}],"collection":[{"href":"https:\/\/turschwellenrampe.de\/de\/wp-json\/wp\/v2\/product"}],"about":[{"href":"https:\/\/turschwellenrampe.de\/de\/wp-json\/wp\/v2\/types\/product"}],"replies":[{"embeddable":true,"href":"https:\/\/turschwellenrampe.de\/de\/wp-json\/wp\/v2\/comments?post=12587"}],"wp:featuredmedia":[{"embeddable":true,"href":"https:\/\/turschwellenrampe.de\/de\/wp-json\/wp\/v2\/media\/12109"}],"wp:attachment":[{"href":"https:\/\/turschwellenrampe.de\/de\/wp-json\/wp\/v2\/media?parent=12587"}],"wp:term":[{"taxonomy":"product_brand","embeddable":true,"href":"https:\/\/turschwellenrampe.de\/de\/wp-json\/wp\/v2\/product_brand?post=12587"},{"taxonomy":"product_cat","embeddable":true,"href":"https:\/\/turschwellenrampe.de\/de\/wp-json\/wp\/v2\/product_cat?post=12587"},{"taxonomy":"product_tag","embeddable":true,"href":"https:\/\/turschwellenrampe.de\/de\/wp-json\/wp\/v2\/product_tag?post=12587"}],"curies":[{"name":"wp","href":"https:\/\/api.w.org\/{rel}","templated":true}]}}