{"id":12553,"date":"2021-02-10T13:17:20","date_gmt":"2021-02-10T12:17:20","guid":{"rendered":"https:\/\/turschwellenrampe.de\/shop\/unkategorisiert\/modulare-rampe-gerade\/"},"modified":"2024-01-18T16:29:03","modified_gmt":"2024-01-18T15:29:03","slug":"modulare-rampe-gerade","status":"publish","type":"product","link":"https:\/\/turschwellenrampe.de\/de\/masgeschneidert\/masgeschneiderte-turschwellenrampen\/modulare-rampe-gerade\/","title":{"rendered":"Modulare Rampe &#8211; gerade"},"content":{"rendered":"<p>Mit dem Schwellwertsystem von Excellent Systems lassen sich die Schwellenrampen auf einfache Weise einstellen.<\/p>\n<p>Das System kann sowohl in Innenr\u00e4umen als auch im Freien installiert werden. Die kleinere T\u00fcrschwellenrampen kann abnehmbar installiert werden, so dass die Einfahrt bei Reinigung oder vor\u00fcbergehender Nichtbenutzung beiseite gelegt werden kann.<\/p>\n<p>Da sich das System aus verschiedenen Elementen zusammensetzt, eignet es sich hervorragend f\u00fcr den wiederholten Einsatz.<\/p>\n<p>Durch das Aufeinanderstapeln und Befestigen mehrerer Lagen von Materialien wird die erforderliche H\u00f6he \u00fcberbr\u00fcckt. Das System verf\u00fcgt \u00fcber eine solide Struktur, die Schall unterdr\u00fccken kann und sehr schweren Lasten standh\u00e4lt.<\/p>\n<p><strong>Eigenschaften:<\/strong><\/p>\n<ul>\n<li>Drei Steigungen zur Auswahl (1:6,7 \/ 1:13,3 \/ 1:20)<\/li>\n<li>Sie sind in verschiedenen Breiten und H\u00f6hen erh\u00e4ltlich und k\u00f6nnen vor Ort passgenau montiert werden.<\/li>\n<li>Farbe hellgrau (-2), m\u00f6glicherweise mit gelber Markierung am Anfang der Rampe.<\/li>\n<\/ul>\n<p><strong>Kontakt:<\/strong><\/p>\n<p>Wenn Sie eine besonders hohe Schwelle von mehr als 16 cm haben oder nur wenig Platz f\u00fcr eine Schwellenhilfe vorhanden ist, k\u00f6nnen Sie jederzeit unverbindlich eine individuelle Schwellenhilfe per E-Mail an <a href=\"mailto:info@drempelhulp.nl\">info@turschwellenrampe.de<\/a> anfordern.<\/p>\n<p>Es ist wichtig, die erforderlichen Abmessungen zu nennen; sehr wichtig sind die H\u00f6he der Schwelle, die Breite und vielleicht weitere Details.<\/p>\n<p>Anhand Ihrer Beschreibung k\u00f6nnen wir Ihnen einen Preis nennen.<\/p>\n<p><iframe src=\"https:\/\/www.youtube.com\/embed\/zb5wijbhVdI\" width=\"560\" height=\"315\" frameborder=\"0\" allowfullscreen=\"allowfullscreen\" data-mce-fragment=\"1\"><\/iframe><\/p>\n<p><a class=\"fw_button\" href=\"mailto:info@drempelhulp.nl\">Preis auf Anfrage<\/a><\/p>\n","protected":false},"excerpt":{"rendered":"<p>Mit dem Schwellwertsystem von Excellent Systems lassen sich die Schwellenrampen auf einfache Weise einstellen.<\/p>\n<p>Das System kann sowohl in Innenr\u00e4umen als auch im Freien installiert werden. Die kleinere T\u00fcrschwellenrampen kann abnehmbar installiert werden, so dass die Einfahrt bei Reinigung oder vor\u00fcbergehender Nichtbenutzung beiseite gelegt werden kann.<\/p>\n<p>Da sich das System aus verschiedenen Elementen zusammensetzt, eignet es sich hervorragend f\u00fcr den wiederholten Einsatz.<\/p>\n<p>Durch das Aufeinanderstapeln und Befestigen mehrerer Lagen von Materialien wird die erforderliche H\u00f6he \u00fcberbr\u00fcckt. Das System verf\u00fcgt \u00fcber eine solide Struktur, die Schall unterdr\u00fccken kann und sehr schweren Lasten standh\u00e4lt.<\/p>\n<p><strong>Eigenschaften:<\/strong><\/p>\n<ul>\n<li>Drei Steigungen zur Auswahl (1:6,7 \/ 1:13,3 \/ 1:20)<\/li>\n<li>Sie sind in verschiedenen Breiten und H\u00f6hen erh\u00e4ltlich und k\u00f6nnen vor Ort passgenau montiert werden.<\/li>\n<li>Farbe hellgrau (-2), m\u00f6glicherweise mit gelber Markierung am Anfang der Rampe.<\/li>\n<\/ul>\n<p><strong>Kontakt:<\/strong><\/p>\n<p>Wenn Sie eine besonders hohe Schwelle von mehr als 16 cm haben oder nur wenig Platz f\u00fcr eine Schwellenhilfe vorhanden ist, k\u00f6nnen Sie jederzeit unverbindlich eine individuelle Schwellenhilfe per E-Mail an <a href=\"mailto:info@drempelhulp.nl\">info@turschwellenrampe.de<\/a> anfordern.<\/p>\n<p>Es ist wichtig, die erforderlichen Abmessungen zu nennen; sehr wichtig sind die H\u00f6he der Schwelle, die Breite und vielleicht weitere Details.<\/p>\n<p>Anhand Ihrer Beschreibung k\u00f6nnen wir Ihnen einen Preis nennen.<\/p>\n<p><iframe src=\"https:\/\/www.youtube.com\/embed\/zb5wijbhVdI\" width=\"560\" height=\"315\" frameborder=\"0\" allowfullscreen=\"allowfullscreen\" data-mce-fragment=\"1\"><\/iframe><\/p>\n<p><a class=\"fw_button\" href=\"mailto:info@drempelhulp.nl\">Preis auf Anfrage<\/a><\/p>\n","protected":false},"featured_media":12138,"comment_status":"open","ping_status":"closed","template":"","meta":[],"product_brand":[],"product_cat":[526],"product_tag":[],"class_list":{"0":"post-12553","1":"product","2":"type-product","3":"status-publish","4":"has-post-thumbnail","6":"product_cat-masgeschneiderte-turschwellenrampen","8":"first","9":"instock","10":"taxable","11":"shipping-taxable","12":"product-type-simple"},"yoast_head":"<!-- This site is optimized with the Yoast SEO plugin v27.3 - https:\/\/yoast.com\/product\/yoast-seo-wordpress\/ -->\n<title>Modulare Rampe - gerade - Turschwellenrampe.de<\/title>\n<meta name=\"robots\" content=\"index, follow, max-snippet:-1, max-image-preview:large, max-video-preview:-1\" \/>\n<link rel=\"canonical\" href=\"https:\/\/turschwellenrampe.de\/de\/masgeschneidert\/masgeschneiderte-turschwellenrampen\/modulare-rampe-gerade\/\" \/>\n<meta property=\"og:locale\" content=\"de_DE\" \/>\n<meta property=\"og:type\" content=\"article\" \/>\n<meta property=\"og:title\" content=\"Modulare Rampe - gerade - Turschwellenrampe.de\" \/>\n<meta property=\"og:description\" content=\"Mit dem Schwellwertsystem von Excellent Systems lassen sich die Schwellenrampen auf einfache Weise einstellen. Das System kann sowohl in Innenr\u00e4umen als auch im Freien installiert werden. Die kleinere T\u00fcrschwellenrampen kann abnehmbar installiert werden, so dass die Einfahrt bei Reinigung oder vor\u00fcbergehender Nichtbenutzung beiseite gelegt werden kann. Da sich das System aus verschiedenen Elementen zusammensetzt, eignet es sich hervorragend f\u00fcr den wiederholten Einsatz. Durch das Aufeinanderstapeln und Befestigen mehrerer Lagen von Materialien wird die erforderliche H\u00f6he \u00fcberbr\u00fcckt. Das System verf\u00fcgt \u00fcber eine solide Struktur, die Schall unterdr\u00fccken kann und sehr schweren Lasten standh\u00e4lt. Eigenschaften:  Drei Steigungen zur Auswahl (1:6,7 \/ 1:13,3 \/ 1:20)  Sie sind in verschiedenen Breiten und H\u00f6hen erh\u00e4ltlich und k\u00f6nnen vor Ort passgenau montiert werden.  Farbe hellgrau (-2), m\u00f6glicherweise mit gelber Markierung am Anfang der Rampe. Kontakt: Wenn Sie eine besonders hohe Schwelle von mehr als 16 cm haben oder nur wenig Platz f\u00fcr eine Schwellenhilfe vorhanden ist, k\u00f6nnen Sie jederzeit unverbindlich eine individuelle Schwellenhilfe per E-Mail an info@turschwellenrampe.de anfordern. Es ist wichtig, die erforderlichen Abmessungen zu nennen; sehr wichtig sind die H\u00f6he der Schwelle, die Breite und vielleicht weitere Details. Anhand Ihrer Beschreibung k\u00f6nnen wir Ihnen einen Preis nennen.  Preis auf Anfrage\" \/>\n<meta property=\"og:url\" content=\"https:\/\/turschwellenrampe.de\/de\/masgeschneidert\/masgeschneiderte-turschwellenrampen\/modulare-rampe-gerade\/\" \/>\n<meta property=\"og:site_name\" content=\"Turschwellenrampe.de\" \/>\n<meta property=\"article:publisher\" content=\"https:\/\/www.facebook.com\/Drempelhulp\/\" \/>\n<meta property=\"article:modified_time\" content=\"2024-01-18T15:29:03+00:00\" \/>\n<meta property=\"og:image\" content=\"https:\/\/turschwellenrampe.de\/wp-content\/uploads\/2021\/02\/drempel-big-1.jpg\" \/>\n\t<meta property=\"og:image:width\" content=\"300\" \/>\n\t<meta property=\"og:image:height\" content=\"237\" \/>\n\t<meta property=\"og:image:type\" content=\"image\/jpeg\" \/>\n<meta name=\"twitter:card\" content=\"summary_large_image\" \/>\n<meta name=\"twitter:label1\" content=\"Gesch\u00e4tzte Lesezeit\" \/>\n\t<meta name=\"twitter:data1\" content=\"1\u00a0Minute\" \/>\n<script type=\"application\/ld+json\" class=\"yoast-schema-graph\">{\"@context\":\"https:\\\/\\\/schema.org\",\"@graph\":[{\"@type\":\"WebPage\",\"@id\":\"https:\\\/\\\/turschwellenrampe.de\\\/de\\\/masgeschneidert\\\/masgeschneiderte-turschwellenrampen\\\/modulare-rampe-gerade\\\/\",\"url\":\"https:\\\/\\\/turschwellenrampe.de\\\/de\\\/masgeschneidert\\\/masgeschneiderte-turschwellenrampen\\\/modulare-rampe-gerade\\\/\",\"name\":\"Modulare Rampe - gerade - Turschwellenrampe.de\",\"isPartOf\":{\"@id\":\"https:\\\/\\\/turschwellenrampe.de\\\/de\\\/#website\"},\"primaryImageOfPage\":{\"@id\":\"https:\\\/\\\/turschwellenrampe.de\\\/de\\\/masgeschneidert\\\/masgeschneiderte-turschwellenrampen\\\/modulare-rampe-gerade\\\/#primaryimage\"},\"image\":{\"@id\":\"https:\\\/\\\/turschwellenrampe.de\\\/de\\\/masgeschneidert\\\/masgeschneiderte-turschwellenrampen\\\/modulare-rampe-gerade\\\/#primaryimage\"},\"thumbnailUrl\":\"https:\\\/\\\/turschwellenrampe.de\\\/wp-content\\\/uploads\\\/2021\\\/02\\\/drempel-big-1.jpg\",\"datePublished\":\"2021-02-10T12:17:20+00:00\",\"dateModified\":\"2024-01-18T15:29:03+00:00\",\"breadcrumb\":{\"@id\":\"https:\\\/\\\/turschwellenrampe.de\\\/de\\\/masgeschneidert\\\/masgeschneiderte-turschwellenrampen\\\/modulare-rampe-gerade\\\/#breadcrumb\"},\"inLanguage\":\"de\",\"potentialAction\":[{\"@type\":\"ReadAction\",\"target\":[\"https:\\\/\\\/turschwellenrampe.de\\\/de\\\/masgeschneidert\\\/masgeschneiderte-turschwellenrampen\\\/modulare-rampe-gerade\\\/\"]}]},{\"@type\":\"ImageObject\",\"inLanguage\":\"de\",\"@id\":\"https:\\\/\\\/turschwellenrampe.de\\\/de\\\/masgeschneidert\\\/masgeschneiderte-turschwellenrampen\\\/modulare-rampe-gerade\\\/#primaryimage\",\"url\":\"https:\\\/\\\/turschwellenrampe.de\\\/wp-content\\\/uploads\\\/2021\\\/02\\\/drempel-big-1.jpg\",\"contentUrl\":\"https:\\\/\\\/turschwellenrampe.de\\\/wp-content\\\/uploads\\\/2021\\\/02\\\/drempel-big-1.jpg\",\"width\":300,\"height\":237},{\"@type\":\"BreadcrumbList\",\"@id\":\"https:\\\/\\\/turschwellenrampe.de\\\/de\\\/masgeschneidert\\\/masgeschneiderte-turschwellenrampen\\\/modulare-rampe-gerade\\\/#breadcrumb\",\"itemListElement\":[{\"@type\":\"ListItem\",\"position\":1,\"name\":\"Home\",\"item\":\"https:\\\/\\\/turschwellenrampe.de\\\/de\\\/\"},{\"@type\":\"ListItem\",\"position\":2,\"name\":\"Shop\",\"item\":\"https:\\\/\\\/turschwellenrampe.de\\\/de\\\/geschaft\\\/\"},{\"@type\":\"ListItem\",\"position\":3,\"name\":\"Modulare Rampe &#8211; gerade\"}]},{\"@type\":\"WebSite\",\"@id\":\"https:\\\/\\\/turschwellenrampe.de\\\/de\\\/#website\",\"url\":\"https:\\\/\\\/turschwellenrampe.de\\\/de\\\/\",\"name\":\"Turschwellenrampe.de\",\"description\":\"De Specialist in Toegankelijkheid\",\"potentialAction\":[{\"@type\":\"SearchAction\",\"target\":{\"@type\":\"EntryPoint\",\"urlTemplate\":\"https:\\\/\\\/turschwellenrampe.de\\\/de\\\/?s={search_term_string}\"},\"query-input\":{\"@type\":\"PropertyValueSpecification\",\"valueRequired\":true,\"valueName\":\"search_term_string\"}}],\"inLanguage\":\"de\"}]}<\/script>\n<!-- \/ Yoast SEO plugin. -->","yoast_head_json":{"title":"Modulare Rampe - gerade - Turschwellenrampe.de","robots":{"index":"index","follow":"follow","max-snippet":"max-snippet:-1","max-image-preview":"max-image-preview:large","max-video-preview":"max-video-preview:-1"},"canonical":"https:\/\/turschwellenrampe.de\/de\/masgeschneidert\/masgeschneiderte-turschwellenrampen\/modulare-rampe-gerade\/","og_locale":"de_DE","og_type":"article","og_title":"Modulare Rampe - gerade - Turschwellenrampe.de","og_description":"Mit dem Schwellwertsystem von Excellent Systems lassen sich die Schwellenrampen auf einfache Weise einstellen. Das System kann sowohl in Innenr\u00e4umen als auch im Freien installiert werden. Die kleinere T\u00fcrschwellenrampen kann abnehmbar installiert werden, so dass die Einfahrt bei Reinigung oder vor\u00fcbergehender Nichtbenutzung beiseite gelegt werden kann. Da sich das System aus verschiedenen Elementen zusammensetzt, eignet es sich hervorragend f\u00fcr den wiederholten Einsatz. Durch das Aufeinanderstapeln und Befestigen mehrerer Lagen von Materialien wird die erforderliche H\u00f6he \u00fcberbr\u00fcckt. Das System verf\u00fcgt \u00fcber eine solide Struktur, die Schall unterdr\u00fccken kann und sehr schweren Lasten standh\u00e4lt. Eigenschaften:  Drei Steigungen zur Auswahl (1:6,7 \/ 1:13,3 \/ 1:20)  Sie sind in verschiedenen Breiten und H\u00f6hen erh\u00e4ltlich und k\u00f6nnen vor Ort passgenau montiert werden.  Farbe hellgrau (-2), m\u00f6glicherweise mit gelber Markierung am Anfang der Rampe. Kontakt: Wenn Sie eine besonders hohe Schwelle von mehr als 16 cm haben oder nur wenig Platz f\u00fcr eine Schwellenhilfe vorhanden ist, k\u00f6nnen Sie jederzeit unverbindlich eine individuelle Schwellenhilfe per E-Mail an info@turschwellenrampe.de anfordern. Es ist wichtig, die erforderlichen Abmessungen zu nennen; sehr wichtig sind die H\u00f6he der Schwelle, die Breite und vielleicht weitere Details. Anhand Ihrer Beschreibung k\u00f6nnen wir Ihnen einen Preis nennen.  Preis auf Anfrage","og_url":"https:\/\/turschwellenrampe.de\/de\/masgeschneidert\/masgeschneiderte-turschwellenrampen\/modulare-rampe-gerade\/","og_site_name":"Turschwellenrampe.de","article_publisher":"https:\/\/www.facebook.com\/Drempelhulp\/","article_modified_time":"2024-01-18T15:29:03+00:00","og_image":[{"width":300,"height":237,"url":"https:\/\/turschwellenrampe.de\/wp-content\/uploads\/2021\/02\/drempel-big-1.jpg","type":"image\/jpeg"}],"twitter_card":"summary_large_image","twitter_misc":{"Gesch\u00e4tzte Lesezeit":"1\u00a0Minute"},"schema":{"@context":"https:\/\/schema.org","@graph":[{"@type":"WebPage","@id":"https:\/\/turschwellenrampe.de\/de\/masgeschneidert\/masgeschneiderte-turschwellenrampen\/modulare-rampe-gerade\/","url":"https:\/\/turschwellenrampe.de\/de\/masgeschneidert\/masgeschneiderte-turschwellenrampen\/modulare-rampe-gerade\/","name":"Modulare Rampe - gerade - Turschwellenrampe.de","isPartOf":{"@id":"https:\/\/turschwellenrampe.de\/de\/#website"},"primaryImageOfPage":{"@id":"https:\/\/turschwellenrampe.de\/de\/masgeschneidert\/masgeschneiderte-turschwellenrampen\/modulare-rampe-gerade\/#primaryimage"},"image":{"@id":"https:\/\/turschwellenrampe.de\/de\/masgeschneidert\/masgeschneiderte-turschwellenrampen\/modulare-rampe-gerade\/#primaryimage"},"thumbnailUrl":"https:\/\/turschwellenrampe.de\/wp-content\/uploads\/2021\/02\/drempel-big-1.jpg","datePublished":"2021-02-10T12:17:20+00:00","dateModified":"2024-01-18T15:29:03+00:00","breadcrumb":{"@id":"https:\/\/turschwellenrampe.de\/de\/masgeschneidert\/masgeschneiderte-turschwellenrampen\/modulare-rampe-gerade\/#breadcrumb"},"inLanguage":"de","potentialAction":[{"@type":"ReadAction","target":["https:\/\/turschwellenrampe.de\/de\/masgeschneidert\/masgeschneiderte-turschwellenrampen\/modulare-rampe-gerade\/"]}]},{"@type":"ImageObject","inLanguage":"de","@id":"https:\/\/turschwellenrampe.de\/de\/masgeschneidert\/masgeschneiderte-turschwellenrampen\/modulare-rampe-gerade\/#primaryimage","url":"https:\/\/turschwellenrampe.de\/wp-content\/uploads\/2021\/02\/drempel-big-1.jpg","contentUrl":"https:\/\/turschwellenrampe.de\/wp-content\/uploads\/2021\/02\/drempel-big-1.jpg","width":300,"height":237},{"@type":"BreadcrumbList","@id":"https:\/\/turschwellenrampe.de\/de\/masgeschneidert\/masgeschneiderte-turschwellenrampen\/modulare-rampe-gerade\/#breadcrumb","itemListElement":[{"@type":"ListItem","position":1,"name":"Home","item":"https:\/\/turschwellenrampe.de\/de\/"},{"@type":"ListItem","position":2,"name":"Shop","item":"https:\/\/turschwellenrampe.de\/de\/geschaft\/"},{"@type":"ListItem","position":3,"name":"Modulare Rampe &#8211; gerade"}]},{"@type":"WebSite","@id":"https:\/\/turschwellenrampe.de\/de\/#website","url":"https:\/\/turschwellenrampe.de\/de\/","name":"Turschwellenrampe.de","description":"De Specialist in Toegankelijkheid","potentialAction":[{"@type":"SearchAction","target":{"@type":"EntryPoint","urlTemplate":"https:\/\/turschwellenrampe.de\/de\/?s={search_term_string}"},"query-input":{"@type":"PropertyValueSpecification","valueRequired":true,"valueName":"search_term_string"}}],"inLanguage":"de"}]}},"_links":{"self":[{"href":"https:\/\/turschwellenrampe.de\/de\/wp-json\/wp\/v2\/product\/12553","targetHints":{"allow":["GET"]}}],"collection":[{"href":"https:\/\/turschwellenrampe.de\/de\/wp-json\/wp\/v2\/product"}],"about":[{"href":"https:\/\/turschwellenrampe.de\/de\/wp-json\/wp\/v2\/types\/product"}],"replies":[{"embeddable":true,"href":"https:\/\/turschwellenrampe.de\/de\/wp-json\/wp\/v2\/comments?post=12553"}],"wp:featuredmedia":[{"embeddable":true,"href":"https:\/\/turschwellenrampe.de\/de\/wp-json\/wp\/v2\/media\/12138"}],"wp:attachment":[{"href":"https:\/\/turschwellenrampe.de\/de\/wp-json\/wp\/v2\/media?parent=12553"}],"wp:term":[{"taxonomy":"product_brand","embeddable":true,"href":"https:\/\/turschwellenrampe.de\/de\/wp-json\/wp\/v2\/product_brand?post=12553"},{"taxonomy":"product_cat","embeddable":true,"href":"https:\/\/turschwellenrampe.de\/de\/wp-json\/wp\/v2\/product_cat?post=12553"},{"taxonomy":"product_tag","embeddable":true,"href":"https:\/\/turschwellenrampe.de\/de\/wp-json\/wp\/v2\/product_tag?post=12553"}],"curies":[{"name":"wp","href":"https:\/\/api.w.org\/{rel}","templated":true}]}}