{"id":12544,"date":"2021-06-15T12:11:18","date_gmt":"2021-06-15T10:11:18","guid":{"rendered":"https:\/\/turschwellenrampe.de\/shop\/unkategorisiert\/213-cm-teleskopische-schienenrampen\/"},"modified":"2025-04-23T04:03:22","modified_gmt":"2025-04-23T02:03:22","slug":"213-cm-teleskopische-schienenrampen","status":"publish","type":"product","link":"https:\/\/turschwellenrampe.de\/de\/rollstuhlrampen\/teleskop-schienenrampen\/213-cm-teleskopische-schienenrampen\/","title":{"rendered":"213 cm &#8211; Teleskopische Schienenrampen"},"content":{"rendered":"<p>Die Teleskoprampen mit schwarzer rutschfester Oberfl\u00e4che eignen sich f\u00fcr Personen, die eine in der L\u00e4nge verstellbare Schwellenl\u00f6sung ben\u00f6tigen, die leicht zu verstauen sein muss. Erh\u00e4ltlich in L\u00e4ngen von 120, 150, 180 und 210 cm. Der angegebene Preis und die Kapazit\u00e4t beziehen sich auf die Schienenrampen, die als Paar berechnet werden.<\/p>\n<p>Wird mit Tragetasche geliefert.<\/p>\n<p>Bitte beachten Sie, dass die Auffahrten nicht f\u00fcr den langfristigen Einsatz im Freien geeignet sind. Bei nassem Wetter kann sich die rutschfeste Oberfl\u00e4che der Schienenrampen l\u00f6sen.<\/p>\n<p><strong>Spezifikationen:<\/strong><\/p>\n<ul>\n<li>Maximale L\u00e4nge: 213 cm<\/li>\n<li>Minimale L\u00e4nge: 120 cm<\/li>\n<li>Gewicht pro Rampe: 4 kg<\/li>\n<li>Gewichtskapazit\u00e4t: 275 kg<\/li>\n<li>Breite: 19 cm<\/li>\n<li>Maximale Ladeh\u00f6he: 35,5 cm<\/li>\n<li>Abflussschutz: 4,6 cm hohe Aufkantungen auf beiden Seiten der Schienenrampe<\/li>\n<\/ul>\n","protected":false},"excerpt":{"rendered":"<p>Die Teleskoprampen mit schwarzer rutschfester Oberfl\u00e4che eignen sich f\u00fcr Personen, die eine in der L\u00e4nge verstellbare Schwellenl\u00f6sung ben\u00f6tigen, die leicht zu verstauen sein muss. Erh\u00e4ltlich in L\u00e4ngen von 120, 150, 180 und 210 cm. Der angegebene Preis und die Kapazit\u00e4t beziehen sich auf die Schienenrampen, die als Paar berechnet werden.<\/p>\n<p>Wird mit Tragetasche geliefert.<\/p>\n<p>Bitte beachten Sie, dass die Auffahrten nicht f\u00fcr den langfristigen Einsatz im Freien geeignet sind. Bei nassem Wetter kann sich die rutschfeste Oberfl\u00e4che der Schienenrampen l\u00f6sen.<\/p>\n<p><strong>Spezifikationen:<\/strong><\/p>\n<ul>\n<li>Maximale L\u00e4nge: 213 cm<\/li>\n<li>Minimale L\u00e4nge: 120 cm<\/li>\n<li>Gewicht pro Rampe: 4 kg<\/li>\n<li>Gewichtskapazit\u00e4t: 275 kg<\/li>\n<li>Breite: 19 cm<\/li>\n<li>Maximale Ladeh\u00f6he: 35,5 cm<\/li>\n<li>Abflussschutz: 4,6 cm hohe Aufkantungen auf beiden Seiten der Schienenrampe<\/li>\n<\/ul>\n","protected":false},"featured_media":14676,"comment_status":"open","ping_status":"closed","template":"","meta":[],"product_brand":[],"product_cat":[530],"product_tag":[],"class_list":{"0":"post-12544","1":"product","2":"type-product","3":"status-publish","4":"has-post-thumbnail","6":"product_cat-teleskop-schienenrampen","8":"first","9":"instock","10":"taxable","11":"shipping-taxable","12":"purchasable","13":"product-type-simple"},"yoast_head":"<!-- This site is optimized with the Yoast SEO plugin v27.5 - https:\/\/yoast.com\/product\/yoast-seo-wordpress\/ -->\n<title>213 cm - Teleskopische Schienenrampen - Turschwellenrampe.de<\/title>\n<meta name=\"robots\" content=\"index, follow, max-snippet:-1, max-image-preview:large, max-video-preview:-1\" \/>\n<link rel=\"canonical\" href=\"https:\/\/turschwellenrampe.de\/de\/rollstuhlrampen\/teleskop-schienenrampen\/213-cm-teleskopische-schienenrampen\/\" \/>\n<meta property=\"og:locale\" content=\"de_DE\" \/>\n<meta property=\"og:type\" content=\"article\" \/>\n<meta property=\"og:title\" content=\"213 cm - Teleskopische Schienenrampen - Turschwellenrampe.de\" \/>\n<meta property=\"og:description\" content=\"Die Teleskoprampen mit schwarzer rutschfester Oberfl\u00e4che eignen sich f\u00fcr Personen, die eine in der L\u00e4nge verstellbare Schwellenl\u00f6sung ben\u00f6tigen, die leicht zu verstauen sein muss. Erh\u00e4ltlich in L\u00e4ngen von 120, 150, 180 und 210 cm. Der angegebene Preis und die Kapazit\u00e4t beziehen sich auf die Schienenrampen, die als Paar berechnet werden. Wird mit Tragetasche geliefert. Bitte beachten Sie, dass die Auffahrten nicht f\u00fcr den langfristigen Einsatz im Freien geeignet sind. Bei nassem Wetter kann sich die rutschfeste Oberfl\u00e4che der Schienenrampen l\u00f6sen. Spezifikationen:  Maximale L\u00e4nge: 213 cm  Minimale L\u00e4nge: 120 cm  Gewicht pro Rampe: 4 kg  Gewichtskapazit\u00e4t: 275 kg  Breite: 19 cm  Maximale Ladeh\u00f6he: 35,5 cm  Abflussschutz: 4,6 cm hohe Aufkantungen auf beiden Seiten der Schienenrampe\" \/>\n<meta property=\"og:url\" content=\"https:\/\/turschwellenrampe.de\/de\/rollstuhlrampen\/teleskop-schienenrampen\/213-cm-teleskopische-schienenrampen\/\" \/>\n<meta property=\"og:site_name\" content=\"Turschwellenrampe.de\" \/>\n<meta property=\"article:publisher\" content=\"https:\/\/www.facebook.com\/Drempelhulp\/\" \/>\n<meta property=\"article:modified_time\" content=\"2025-04-23T02:03:22+00:00\" \/>\n<meta property=\"og:image\" content=\"https:\/\/turschwellenrampe.de\/wp-content\/uploads\/2021\/06\/Teleskop-Schienenrampen-grip-main.jpg\" \/>\n\t<meta property=\"og:image:width\" content=\"600\" \/>\n\t<meta property=\"og:image:height\" content=\"600\" \/>\n\t<meta property=\"og:image:type\" content=\"image\/jpeg\" \/>\n<meta name=\"twitter:card\" content=\"summary_large_image\" \/>\n<meta name=\"twitter:label1\" content=\"Gesch\u00e4tzte Lesezeit\" \/>\n\t<meta name=\"twitter:data1\" content=\"1\u00a0Minute\" \/>\n<script type=\"application\/ld+json\" class=\"yoast-schema-graph\">{\"@context\":\"https:\\\/\\\/schema.org\",\"@graph\":[{\"@type\":\"WebPage\",\"@id\":\"https:\\\/\\\/turschwellenrampe.de\\\/de\\\/rollstuhlrampen\\\/teleskop-schienenrampen\\\/213-cm-teleskopische-schienenrampen\\\/\",\"url\":\"https:\\\/\\\/turschwellenrampe.de\\\/de\\\/rollstuhlrampen\\\/teleskop-schienenrampen\\\/213-cm-teleskopische-schienenrampen\\\/\",\"name\":\"213 cm - Teleskopische Schienenrampen - Turschwellenrampe.de\",\"isPartOf\":{\"@id\":\"https:\\\/\\\/turschwellenrampe.de\\\/de\\\/#website\"},\"primaryImageOfPage\":{\"@id\":\"https:\\\/\\\/turschwellenrampe.de\\\/de\\\/rollstuhlrampen\\\/teleskop-schienenrampen\\\/213-cm-teleskopische-schienenrampen\\\/#primaryimage\"},\"image\":{\"@id\":\"https:\\\/\\\/turschwellenrampe.de\\\/de\\\/rollstuhlrampen\\\/teleskop-schienenrampen\\\/213-cm-teleskopische-schienenrampen\\\/#primaryimage\"},\"thumbnailUrl\":\"https:\\\/\\\/turschwellenrampe.de\\\/wp-content\\\/uploads\\\/2021\\\/06\\\/Teleskop-Schienenrampen-grip-main.jpg\",\"datePublished\":\"2021-06-15T10:11:18+00:00\",\"dateModified\":\"2025-04-23T02:03:22+00:00\",\"breadcrumb\":{\"@id\":\"https:\\\/\\\/turschwellenrampe.de\\\/de\\\/rollstuhlrampen\\\/teleskop-schienenrampen\\\/213-cm-teleskopische-schienenrampen\\\/#breadcrumb\"},\"inLanguage\":\"de\",\"potentialAction\":[{\"@type\":\"ReadAction\",\"target\":[\"https:\\\/\\\/turschwellenrampe.de\\\/de\\\/rollstuhlrampen\\\/teleskop-schienenrampen\\\/213-cm-teleskopische-schienenrampen\\\/\"]}]},{\"@type\":\"ImageObject\",\"inLanguage\":\"de\",\"@id\":\"https:\\\/\\\/turschwellenrampe.de\\\/de\\\/rollstuhlrampen\\\/teleskop-schienenrampen\\\/213-cm-teleskopische-schienenrampen\\\/#primaryimage\",\"url\":\"https:\\\/\\\/turschwellenrampe.de\\\/wp-content\\\/uploads\\\/2021\\\/06\\\/Teleskop-Schienenrampen-grip-main.jpg\",\"contentUrl\":\"https:\\\/\\\/turschwellenrampe.de\\\/wp-content\\\/uploads\\\/2021\\\/06\\\/Teleskop-Schienenrampen-grip-main.jpg\",\"width\":600,\"height\":600},{\"@type\":\"BreadcrumbList\",\"@id\":\"https:\\\/\\\/turschwellenrampe.de\\\/de\\\/rollstuhlrampen\\\/teleskop-schienenrampen\\\/213-cm-teleskopische-schienenrampen\\\/#breadcrumb\",\"itemListElement\":[{\"@type\":\"ListItem\",\"position\":1,\"name\":\"Home\",\"item\":\"https:\\\/\\\/turschwellenrampe.de\\\/de\\\/\"},{\"@type\":\"ListItem\",\"position\":2,\"name\":\"Shop\",\"item\":\"https:\\\/\\\/turschwellenrampe.de\\\/de\\\/geschaft\\\/\"},{\"@type\":\"ListItem\",\"position\":3,\"name\":\"213 cm &#8211; Teleskopische Schienenrampen\"}]},{\"@type\":\"WebSite\",\"@id\":\"https:\\\/\\\/turschwellenrampe.de\\\/de\\\/#website\",\"url\":\"https:\\\/\\\/turschwellenrampe.de\\\/de\\\/\",\"name\":\"Turschwellenrampe.de\",\"description\":\"De Specialist in Toegankelijkheid\",\"potentialAction\":[{\"@type\":\"SearchAction\",\"target\":{\"@type\":\"EntryPoint\",\"urlTemplate\":\"https:\\\/\\\/turschwellenrampe.de\\\/de\\\/?s={search_term_string}\"},\"query-input\":{\"@type\":\"PropertyValueSpecification\",\"valueRequired\":true,\"valueName\":\"search_term_string\"}}],\"inLanguage\":\"de\"}]}<\/script>\n<!-- \/ Yoast SEO plugin. -->","yoast_head_json":{"title":"213 cm - Teleskopische Schienenrampen - Turschwellenrampe.de","robots":{"index":"index","follow":"follow","max-snippet":"max-snippet:-1","max-image-preview":"max-image-preview:large","max-video-preview":"max-video-preview:-1"},"canonical":"https:\/\/turschwellenrampe.de\/de\/rollstuhlrampen\/teleskop-schienenrampen\/213-cm-teleskopische-schienenrampen\/","og_locale":"de_DE","og_type":"article","og_title":"213 cm - Teleskopische Schienenrampen - Turschwellenrampe.de","og_description":"Die Teleskoprampen mit schwarzer rutschfester Oberfl\u00e4che eignen sich f\u00fcr Personen, die eine in der L\u00e4nge verstellbare Schwellenl\u00f6sung ben\u00f6tigen, die leicht zu verstauen sein muss. Erh\u00e4ltlich in L\u00e4ngen von 120, 150, 180 und 210 cm. Der angegebene Preis und die Kapazit\u00e4t beziehen sich auf die Schienenrampen, die als Paar berechnet werden. Wird mit Tragetasche geliefert. Bitte beachten Sie, dass die Auffahrten nicht f\u00fcr den langfristigen Einsatz im Freien geeignet sind. Bei nassem Wetter kann sich die rutschfeste Oberfl\u00e4che der Schienenrampen l\u00f6sen. Spezifikationen:  Maximale L\u00e4nge: 213 cm  Minimale L\u00e4nge: 120 cm  Gewicht pro Rampe: 4 kg  Gewichtskapazit\u00e4t: 275 kg  Breite: 19 cm  Maximale Ladeh\u00f6he: 35,5 cm  Abflussschutz: 4,6 cm hohe Aufkantungen auf beiden Seiten der Schienenrampe","og_url":"https:\/\/turschwellenrampe.de\/de\/rollstuhlrampen\/teleskop-schienenrampen\/213-cm-teleskopische-schienenrampen\/","og_site_name":"Turschwellenrampe.de","article_publisher":"https:\/\/www.facebook.com\/Drempelhulp\/","article_modified_time":"2025-04-23T02:03:22+00:00","og_image":[{"width":600,"height":600,"url":"https:\/\/turschwellenrampe.de\/wp-content\/uploads\/2021\/06\/Teleskop-Schienenrampen-grip-main.jpg","type":"image\/jpeg"}],"twitter_card":"summary_large_image","twitter_misc":{"Gesch\u00e4tzte Lesezeit":"1\u00a0Minute"},"schema":{"@context":"https:\/\/schema.org","@graph":[{"@type":"WebPage","@id":"https:\/\/turschwellenrampe.de\/de\/rollstuhlrampen\/teleskop-schienenrampen\/213-cm-teleskopische-schienenrampen\/","url":"https:\/\/turschwellenrampe.de\/de\/rollstuhlrampen\/teleskop-schienenrampen\/213-cm-teleskopische-schienenrampen\/","name":"213 cm - Teleskopische Schienenrampen - Turschwellenrampe.de","isPartOf":{"@id":"https:\/\/turschwellenrampe.de\/de\/#website"},"primaryImageOfPage":{"@id":"https:\/\/turschwellenrampe.de\/de\/rollstuhlrampen\/teleskop-schienenrampen\/213-cm-teleskopische-schienenrampen\/#primaryimage"},"image":{"@id":"https:\/\/turschwellenrampe.de\/de\/rollstuhlrampen\/teleskop-schienenrampen\/213-cm-teleskopische-schienenrampen\/#primaryimage"},"thumbnailUrl":"https:\/\/turschwellenrampe.de\/wp-content\/uploads\/2021\/06\/Teleskop-Schienenrampen-grip-main.jpg","datePublished":"2021-06-15T10:11:18+00:00","dateModified":"2025-04-23T02:03:22+00:00","breadcrumb":{"@id":"https:\/\/turschwellenrampe.de\/de\/rollstuhlrampen\/teleskop-schienenrampen\/213-cm-teleskopische-schienenrampen\/#breadcrumb"},"inLanguage":"de","potentialAction":[{"@type":"ReadAction","target":["https:\/\/turschwellenrampe.de\/de\/rollstuhlrampen\/teleskop-schienenrampen\/213-cm-teleskopische-schienenrampen\/"]}]},{"@type":"ImageObject","inLanguage":"de","@id":"https:\/\/turschwellenrampe.de\/de\/rollstuhlrampen\/teleskop-schienenrampen\/213-cm-teleskopische-schienenrampen\/#primaryimage","url":"https:\/\/turschwellenrampe.de\/wp-content\/uploads\/2021\/06\/Teleskop-Schienenrampen-grip-main.jpg","contentUrl":"https:\/\/turschwellenrampe.de\/wp-content\/uploads\/2021\/06\/Teleskop-Schienenrampen-grip-main.jpg","width":600,"height":600},{"@type":"BreadcrumbList","@id":"https:\/\/turschwellenrampe.de\/de\/rollstuhlrampen\/teleskop-schienenrampen\/213-cm-teleskopische-schienenrampen\/#breadcrumb","itemListElement":[{"@type":"ListItem","position":1,"name":"Home","item":"https:\/\/turschwellenrampe.de\/de\/"},{"@type":"ListItem","position":2,"name":"Shop","item":"https:\/\/turschwellenrampe.de\/de\/geschaft\/"},{"@type":"ListItem","position":3,"name":"213 cm &#8211; Teleskopische Schienenrampen"}]},{"@type":"WebSite","@id":"https:\/\/turschwellenrampe.de\/de\/#website","url":"https:\/\/turschwellenrampe.de\/de\/","name":"Turschwellenrampe.de","description":"De Specialist in Toegankelijkheid","potentialAction":[{"@type":"SearchAction","target":{"@type":"EntryPoint","urlTemplate":"https:\/\/turschwellenrampe.de\/de\/?s={search_term_string}"},"query-input":{"@type":"PropertyValueSpecification","valueRequired":true,"valueName":"search_term_string"}}],"inLanguage":"de"}]}},"_links":{"self":[{"href":"https:\/\/turschwellenrampe.de\/de\/wp-json\/wp\/v2\/product\/12544","targetHints":{"allow":["GET"]}}],"collection":[{"href":"https:\/\/turschwellenrampe.de\/de\/wp-json\/wp\/v2\/product"}],"about":[{"href":"https:\/\/turschwellenrampe.de\/de\/wp-json\/wp\/v2\/types\/product"}],"replies":[{"embeddable":true,"href":"https:\/\/turschwellenrampe.de\/de\/wp-json\/wp\/v2\/comments?post=12544"}],"wp:featuredmedia":[{"embeddable":true,"href":"https:\/\/turschwellenrampe.de\/de\/wp-json\/wp\/v2\/media\/14676"}],"wp:attachment":[{"href":"https:\/\/turschwellenrampe.de\/de\/wp-json\/wp\/v2\/media?parent=12544"}],"wp:term":[{"taxonomy":"product_brand","embeddable":true,"href":"https:\/\/turschwellenrampe.de\/de\/wp-json\/wp\/v2\/product_brand?post=12544"},{"taxonomy":"product_cat","embeddable":true,"href":"https:\/\/turschwellenrampe.de\/de\/wp-json\/wp\/v2\/product_cat?post=12544"},{"taxonomy":"product_tag","embeddable":true,"href":"https:\/\/turschwellenrampe.de\/de\/wp-json\/wp\/v2\/product_tag?post=12544"}],"curies":[{"name":"wp","href":"https:\/\/api.w.org\/{rel}","templated":true}]}}