{"id":12543,"date":"2021-08-27T10:41:16","date_gmt":"2021-08-27T08:41:16","guid":{"rendered":"https:\/\/turschwellenrampe.de\/shop\/unkategorisiert\/duschschwelle-18-cm-bausatz-1\/"},"modified":"2024-01-18T17:06:47","modified_gmt":"2024-01-18T16:06:47","slug":"duschschwellen-bausatz-1","status":"publish","type":"product","link":"https:\/\/turschwellenrampe.de\/de\/turschwellenrampen\/dusche-schwellenrampen\/duschschwellen-bausatz-1\/","title":{"rendered":"Duschschwelle &#8211; 1,8 cm &#8211; Bausatz 1"},"content":{"rendered":"<p>Das Duschschwellen-Hilfs-Set 1 ist die perfekte Plattforml\u00f6sung, wenn Sie einen Duschraum haben, in dem die Aussparung der H\u00f6he einer Fliese entspricht, d.h. ca. 2 cm. Andere H\u00f6hen sind ebenfalls m\u00f6glich, bitte <a href=\"tel:\/\/0102420914\">kontaktieren<\/a>Sie uns per Mail unter: <a href=\"mailto:info@drempelhulp.nl\">info@turschwellenrampe.de<\/a>. Dieses langlebige Dusch-KIT f\u00fcllt die Aussparung mit Fliesen und schafft so eine Plattform, die die Dusche auf Bodenniveau anhebt. Weitere Informationen finden Sie in unseren Handb\u00fcchern und Anleitungen, oder fragen Sie uns nach den Preisen.<\/p>\n<p>F\u00fcllen Sie immer den gesamten Duschbereich mit dem Duschschwellen-KIT aus, um Unf\u00e4lle zu vermeiden.<\/p>\n<p><strong>Duschschwellen-Bausatz 1:<\/strong><\/p>\n<ul>\n<li>16 Fliesen von 25 x 25 cm<\/li>\n<li>H\u00f6he: 1,8 cm<\/li>\n<\/ul>\n<p><strong>Handb\u00fccher:<\/strong><\/p>\n<ul>\n<li><a href=\"https:\/\/turschwellenrampe.de\/wp-content\/uploads\/2021\/08\/Douchedrempel_KIT_1_instructie.pdf\">Duschschwellen-Bausatz 1<\/a><\/li>\n<li><a href=\"https:\/\/turschwellenrampe.de\/wp-content\/uploads\/2021\/08\/Douchedrempelhulp-algemene-informatie.pdf\">Allgemeiner Leitfaden f\u00fcr Duschschwellen<\/a><\/li>\n<\/ul>\n<p><iframe title=\"YouTube video player\" src=\"https:\/\/www.youtube.com\/embed\/fo7ZDmTCC0U\" width=\"560\" height=\"315\" frameborder=\"0\" allowfullscreen=\"allowfullscreen\"><\/iframe><\/p>\n","protected":false},"excerpt":{"rendered":"<p>Das Duschschwellen-Hilfs-Set 1 ist die perfekte Plattforml\u00f6sung, wenn Sie einen Duschraum haben, in dem die Aussparung der H\u00f6he einer Fliese entspricht, d.h. ca. 2 cm. Andere H\u00f6hen sind ebenfalls m\u00f6glich, bitte <a href=\"tel:\/\/0102420914\">kontaktieren<\/a>Sie uns per Mail unter: <a href=\"mailto:info@drempelhulp.nl\">info@turschwellenrampe.de<\/a>. Dieses langlebige Dusch-KIT f\u00fcllt die Aussparung mit Fliesen und schafft so eine Plattform, die die Dusche auf Bodenniveau anhebt. Weitere Informationen finden Sie in unseren Handb\u00fcchern und Anleitungen, oder fragen Sie uns nach den Preisen.<\/p>\n<p>F\u00fcllen Sie immer den gesamten Duschbereich mit dem Duschschwellen-KIT aus, um Unf\u00e4lle zu vermeiden.<\/p>\n<p><strong>Duschschwellen-Bausatz 1<\/strong><\/p>\n<ul>\n<li>16 Fliesen von 25 x 25 cm<\/li>\n<li>H\u00f6he: 1,8 cm<\/li>\n<\/ul>\n<p><strong>Handb\u00fccher:<\/strong><\/p>\n<ul>\n<li><a href=\"https:\/\/turschwellenrampe.de\/wp-content\/uploads\/2021\/08\/Douchedrempel_KIT_1_instructie.pdf\">Duschschwellen-Bausatz 1<\/a><\/li>\n<li><a href=\"https:\/\/turschwellenrampe.de\/wp-content\/uploads\/2021\/08\/Douchedrempelhulp-algemene-informatie.pdf\">Allgemeiner Leitfaden f\u00fcr Duschschwellen<\/a><\/li>\n<\/ul>\n<p><iframe title=\"YouTube video player\" src=\"https:\/\/www.youtube.com\/embed\/fo7ZDmTCC0U\" width=\"560\" height=\"315\" frameborder=\"0\" allowfullscreen=\"allowfullscreen\" data-mce-fragment=\"1\"><\/iframe><\/p>\n","protected":false},"featured_media":12253,"comment_status":"open","ping_status":"closed","template":"","meta":[],"product_brand":[],"product_cat":[525,507],"product_tag":[],"class_list":{"0":"post-12543","1":"product","2":"type-product","3":"status-publish","4":"has-post-thumbnail","6":"product_cat-bodenhohe-der-dusche","7":"product_cat-dusche-schwellenrampen","9":"first","10":"instock","11":"taxable","12":"shipping-taxable","13":"product-type-simple"},"yoast_head":"<!-- This site is optimized with the Yoast SEO plugin v27.5 - https:\/\/yoast.com\/product\/yoast-seo-wordpress\/ -->\n<title>Duschschwelle - 1,8 cm - Bausatz 1 - Turschwellenrampe.de<\/title>\n<meta name=\"robots\" content=\"index, follow, max-snippet:-1, max-image-preview:large, max-video-preview:-1\" \/>\n<link rel=\"canonical\" href=\"https:\/\/turschwellenrampe.de\/de\/turschwellenrampen\/dusche-schwellenrampen\/duschschwellen-bausatz-1\/\" \/>\n<meta property=\"og:locale\" content=\"de_DE\" \/>\n<meta property=\"og:type\" content=\"article\" \/>\n<meta property=\"og:title\" content=\"Duschschwelle - 1,8 cm - Bausatz 1 - Turschwellenrampe.de\" \/>\n<meta property=\"og:description\" content=\"Das Duschschwellen-Hilfs-Set 1 ist die perfekte Plattforml\u00f6sung, wenn Sie einen Duschraum haben, in dem die Aussparung der H\u00f6he einer Fliese entspricht, d.h. ca. 2 cm. Andere H\u00f6hen sind ebenfalls m\u00f6glich, bitte kontaktierenSie uns per Mail unter: info@turschwellenrampe.de. Dieses langlebige Dusch-KIT f\u00fcllt die Aussparung mit Fliesen und schafft so eine Plattform, die die Dusche auf Bodenniveau anhebt. Weitere Informationen finden Sie in unseren Handb\u00fcchern und Anleitungen, oder fragen Sie uns nach den Preisen. F\u00fcllen Sie immer den gesamten Duschbereich mit dem Duschschwellen-KIT aus, um Unf\u00e4lle zu vermeiden. Duschschwellen-Bausatz 1  16 Fliesen von 25 x 25 cm  H\u00f6he: 1,8 cm Handb\u00fccher:  Duschschwellen-Bausatz 1  Allgemeiner Leitfaden f\u00fcr Duschschwellen\" \/>\n<meta property=\"og:url\" content=\"https:\/\/turschwellenrampe.de\/de\/turschwellenrampen\/dusche-schwellenrampen\/duschschwellen-bausatz-1\/\" \/>\n<meta property=\"og:site_name\" content=\"Turschwellenrampe.de\" \/>\n<meta property=\"article:publisher\" content=\"https:\/\/www.facebook.com\/Drempelhulp\/\" \/>\n<meta property=\"article:modified_time\" content=\"2024-01-18T16:06:47+00:00\" \/>\n<meta property=\"og:image\" content=\"https:\/\/turschwellenrampe.de\/wp-content\/uploads\/2021\/08\/shower_forside_lysere.png\" \/>\n\t<meta property=\"og:image:width\" content=\"800\" \/>\n\t<meta property=\"og:image:height\" content=\"530\" \/>\n\t<meta property=\"og:image:type\" content=\"image\/png\" \/>\n<meta name=\"twitter:card\" content=\"summary_large_image\" \/>\n<meta name=\"twitter:label1\" content=\"Gesch\u00e4tzte Lesezeit\" \/>\n\t<meta name=\"twitter:data1\" content=\"1\u00a0Minute\" \/>\n<script type=\"application\/ld+json\" class=\"yoast-schema-graph\">{\"@context\":\"https:\\\/\\\/schema.org\",\"@graph\":[{\"@type\":\"WebPage\",\"@id\":\"https:\\\/\\\/turschwellenrampe.de\\\/de\\\/turschwellenrampen\\\/dusche-schwellenrampen\\\/duschschwellen-bausatz-1\\\/\",\"url\":\"https:\\\/\\\/turschwellenrampe.de\\\/de\\\/turschwellenrampen\\\/dusche-schwellenrampen\\\/duschschwellen-bausatz-1\\\/\",\"name\":\"Duschschwelle - 1,8 cm - Bausatz 1 - Turschwellenrampe.de\",\"isPartOf\":{\"@id\":\"https:\\\/\\\/turschwellenrampe.de\\\/de\\\/#website\"},\"primaryImageOfPage\":{\"@id\":\"https:\\\/\\\/turschwellenrampe.de\\\/de\\\/turschwellenrampen\\\/dusche-schwellenrampen\\\/duschschwellen-bausatz-1\\\/#primaryimage\"},\"image\":{\"@id\":\"https:\\\/\\\/turschwellenrampe.de\\\/de\\\/turschwellenrampen\\\/dusche-schwellenrampen\\\/duschschwellen-bausatz-1\\\/#primaryimage\"},\"thumbnailUrl\":\"https:\\\/\\\/turschwellenrampe.de\\\/wp-content\\\/uploads\\\/2021\\\/08\\\/shower_forside_lysere.png\",\"datePublished\":\"2021-08-27T08:41:16+00:00\",\"dateModified\":\"2024-01-18T16:06:47+00:00\",\"breadcrumb\":{\"@id\":\"https:\\\/\\\/turschwellenrampe.de\\\/de\\\/turschwellenrampen\\\/dusche-schwellenrampen\\\/duschschwellen-bausatz-1\\\/#breadcrumb\"},\"inLanguage\":\"de\",\"potentialAction\":[{\"@type\":\"ReadAction\",\"target\":[\"https:\\\/\\\/turschwellenrampe.de\\\/de\\\/turschwellenrampen\\\/dusche-schwellenrampen\\\/duschschwellen-bausatz-1\\\/\"]}]},{\"@type\":\"ImageObject\",\"inLanguage\":\"de\",\"@id\":\"https:\\\/\\\/turschwellenrampe.de\\\/de\\\/turschwellenrampen\\\/dusche-schwellenrampen\\\/duschschwellen-bausatz-1\\\/#primaryimage\",\"url\":\"https:\\\/\\\/turschwellenrampe.de\\\/wp-content\\\/uploads\\\/2021\\\/08\\\/shower_forside_lysere.png\",\"contentUrl\":\"https:\\\/\\\/turschwellenrampe.de\\\/wp-content\\\/uploads\\\/2021\\\/08\\\/shower_forside_lysere.png\",\"width\":800,\"height\":530},{\"@type\":\"BreadcrumbList\",\"@id\":\"https:\\\/\\\/turschwellenrampe.de\\\/de\\\/turschwellenrampen\\\/dusche-schwellenrampen\\\/duschschwellen-bausatz-1\\\/#breadcrumb\",\"itemListElement\":[{\"@type\":\"ListItem\",\"position\":1,\"name\":\"Home\",\"item\":\"https:\\\/\\\/turschwellenrampe.de\\\/de\\\/\"},{\"@type\":\"ListItem\",\"position\":2,\"name\":\"Shop\",\"item\":\"https:\\\/\\\/turschwellenrampe.de\\\/de\\\/geschaft\\\/\"},{\"@type\":\"ListItem\",\"position\":3,\"name\":\"Duschschwelle &#8211; 1,8 cm &#8211; Bausatz 1\"}]},{\"@type\":\"WebSite\",\"@id\":\"https:\\\/\\\/turschwellenrampe.de\\\/de\\\/#website\",\"url\":\"https:\\\/\\\/turschwellenrampe.de\\\/de\\\/\",\"name\":\"Turschwellenrampe.de\",\"description\":\"De Specialist in Toegankelijkheid\",\"potentialAction\":[{\"@type\":\"SearchAction\",\"target\":{\"@type\":\"EntryPoint\",\"urlTemplate\":\"https:\\\/\\\/turschwellenrampe.de\\\/de\\\/?s={search_term_string}\"},\"query-input\":{\"@type\":\"PropertyValueSpecification\",\"valueRequired\":true,\"valueName\":\"search_term_string\"}}],\"inLanguage\":\"de\"}]}<\/script>\n<!-- \/ Yoast SEO plugin. -->","yoast_head_json":{"title":"Duschschwelle - 1,8 cm - Bausatz 1 - Turschwellenrampe.de","robots":{"index":"index","follow":"follow","max-snippet":"max-snippet:-1","max-image-preview":"max-image-preview:large","max-video-preview":"max-video-preview:-1"},"canonical":"https:\/\/turschwellenrampe.de\/de\/turschwellenrampen\/dusche-schwellenrampen\/duschschwellen-bausatz-1\/","og_locale":"de_DE","og_type":"article","og_title":"Duschschwelle - 1,8 cm - Bausatz 1 - Turschwellenrampe.de","og_description":"Das Duschschwellen-Hilfs-Set 1 ist die perfekte Plattforml\u00f6sung, wenn Sie einen Duschraum haben, in dem die Aussparung der H\u00f6he einer Fliese entspricht, d.h. ca. 2 cm. Andere H\u00f6hen sind ebenfalls m\u00f6glich, bitte kontaktierenSie uns per Mail unter: info@turschwellenrampe.de. Dieses langlebige Dusch-KIT f\u00fcllt die Aussparung mit Fliesen und schafft so eine Plattform, die die Dusche auf Bodenniveau anhebt. Weitere Informationen finden Sie in unseren Handb\u00fcchern und Anleitungen, oder fragen Sie uns nach den Preisen. F\u00fcllen Sie immer den gesamten Duschbereich mit dem Duschschwellen-KIT aus, um Unf\u00e4lle zu vermeiden. Duschschwellen-Bausatz 1  16 Fliesen von 25 x 25 cm  H\u00f6he: 1,8 cm Handb\u00fccher:  Duschschwellen-Bausatz 1  Allgemeiner Leitfaden f\u00fcr Duschschwellen","og_url":"https:\/\/turschwellenrampe.de\/de\/turschwellenrampen\/dusche-schwellenrampen\/duschschwellen-bausatz-1\/","og_site_name":"Turschwellenrampe.de","article_publisher":"https:\/\/www.facebook.com\/Drempelhulp\/","article_modified_time":"2024-01-18T16:06:47+00:00","og_image":[{"width":800,"height":530,"url":"https:\/\/turschwellenrampe.de\/wp-content\/uploads\/2021\/08\/shower_forside_lysere.png","type":"image\/png"}],"twitter_card":"summary_large_image","twitter_misc":{"Gesch\u00e4tzte Lesezeit":"1\u00a0Minute"},"schema":{"@context":"https:\/\/schema.org","@graph":[{"@type":"WebPage","@id":"https:\/\/turschwellenrampe.de\/de\/turschwellenrampen\/dusche-schwellenrampen\/duschschwellen-bausatz-1\/","url":"https:\/\/turschwellenrampe.de\/de\/turschwellenrampen\/dusche-schwellenrampen\/duschschwellen-bausatz-1\/","name":"Duschschwelle - 1,8 cm - Bausatz 1 - Turschwellenrampe.de","isPartOf":{"@id":"https:\/\/turschwellenrampe.de\/de\/#website"},"primaryImageOfPage":{"@id":"https:\/\/turschwellenrampe.de\/de\/turschwellenrampen\/dusche-schwellenrampen\/duschschwellen-bausatz-1\/#primaryimage"},"image":{"@id":"https:\/\/turschwellenrampe.de\/de\/turschwellenrampen\/dusche-schwellenrampen\/duschschwellen-bausatz-1\/#primaryimage"},"thumbnailUrl":"https:\/\/turschwellenrampe.de\/wp-content\/uploads\/2021\/08\/shower_forside_lysere.png","datePublished":"2021-08-27T08:41:16+00:00","dateModified":"2024-01-18T16:06:47+00:00","breadcrumb":{"@id":"https:\/\/turschwellenrampe.de\/de\/turschwellenrampen\/dusche-schwellenrampen\/duschschwellen-bausatz-1\/#breadcrumb"},"inLanguage":"de","potentialAction":[{"@type":"ReadAction","target":["https:\/\/turschwellenrampe.de\/de\/turschwellenrampen\/dusche-schwellenrampen\/duschschwellen-bausatz-1\/"]}]},{"@type":"ImageObject","inLanguage":"de","@id":"https:\/\/turschwellenrampe.de\/de\/turschwellenrampen\/dusche-schwellenrampen\/duschschwellen-bausatz-1\/#primaryimage","url":"https:\/\/turschwellenrampe.de\/wp-content\/uploads\/2021\/08\/shower_forside_lysere.png","contentUrl":"https:\/\/turschwellenrampe.de\/wp-content\/uploads\/2021\/08\/shower_forside_lysere.png","width":800,"height":530},{"@type":"BreadcrumbList","@id":"https:\/\/turschwellenrampe.de\/de\/turschwellenrampen\/dusche-schwellenrampen\/duschschwellen-bausatz-1\/#breadcrumb","itemListElement":[{"@type":"ListItem","position":1,"name":"Home","item":"https:\/\/turschwellenrampe.de\/de\/"},{"@type":"ListItem","position":2,"name":"Shop","item":"https:\/\/turschwellenrampe.de\/de\/geschaft\/"},{"@type":"ListItem","position":3,"name":"Duschschwelle &#8211; 1,8 cm &#8211; Bausatz 1"}]},{"@type":"WebSite","@id":"https:\/\/turschwellenrampe.de\/de\/#website","url":"https:\/\/turschwellenrampe.de\/de\/","name":"Turschwellenrampe.de","description":"De Specialist in Toegankelijkheid","potentialAction":[{"@type":"SearchAction","target":{"@type":"EntryPoint","urlTemplate":"https:\/\/turschwellenrampe.de\/de\/?s={search_term_string}"},"query-input":{"@type":"PropertyValueSpecification","valueRequired":true,"valueName":"search_term_string"}}],"inLanguage":"de"}]}},"_links":{"self":[{"href":"https:\/\/turschwellenrampe.de\/de\/wp-json\/wp\/v2\/product\/12543","targetHints":{"allow":["GET"]}}],"collection":[{"href":"https:\/\/turschwellenrampe.de\/de\/wp-json\/wp\/v2\/product"}],"about":[{"href":"https:\/\/turschwellenrampe.de\/de\/wp-json\/wp\/v2\/types\/product"}],"replies":[{"embeddable":true,"href":"https:\/\/turschwellenrampe.de\/de\/wp-json\/wp\/v2\/comments?post=12543"}],"wp:featuredmedia":[{"embeddable":true,"href":"https:\/\/turschwellenrampe.de\/de\/wp-json\/wp\/v2\/media\/12253"}],"wp:attachment":[{"href":"https:\/\/turschwellenrampe.de\/de\/wp-json\/wp\/v2\/media?parent=12543"}],"wp:term":[{"taxonomy":"product_brand","embeddable":true,"href":"https:\/\/turschwellenrampe.de\/de\/wp-json\/wp\/v2\/product_brand?post=12543"},{"taxonomy":"product_cat","embeddable":true,"href":"https:\/\/turschwellenrampe.de\/de\/wp-json\/wp\/v2\/product_cat?post=12543"},{"taxonomy":"product_tag","embeddable":true,"href":"https:\/\/turschwellenrampe.de\/de\/wp-json\/wp\/v2\/product_tag?post=12543"}],"curies":[{"name":"wp","href":"https:\/\/api.w.org\/{rel}","templated":true}]}}