{"id":12541,"date":"2021-08-27T11:13:09","date_gmt":"2021-08-27T09:13:09","guid":{"rendered":"https:\/\/turschwellenrampe.de\/shop\/unkategorisiert\/winkel-der-duschschwelle-0-bis-16-cm-kit-3\/"},"modified":"2024-01-18T16:30:06","modified_gmt":"2024-01-18T15:30:06","slug":"winkel-der-duschschwelle-0-bis-16-cm-kit-3","status":"publish","type":"product","link":"https:\/\/turschwellenrampe.de\/de\/turschwellenrampen\/dusche-schwellenrampen\/winkel-der-duschschwelle-0-bis-16-cm-kit-3\/","title":{"rendered":"Winkel der Duschschwelle &#8211; 0 bis 1,6 cm &#8211; Kit 3"},"content":{"rendered":"<p>Das Duschschwellenrampe-Set 1 ist die perfekte L\u00f6sung f\u00fcr einen beidseitig zug\u00e4nglichen Duschbereich mit einer Schwellenh\u00f6he von 1,6 cm oder weniger. Haben Sie eine Duschschwelle von 1,8 cm oder h\u00f6her? Bitte <a href=\"tel:\/\/0102420914\">kontaktieren<\/a>Sie uns per E-Mail an: <a href=\"mailto:info@drempelhulp.nl\">info@turschwellenrampe.de<\/a>. Dieses langlebige Dusch-KIT f\u00fcllt die Aussparung mit Fliesen und schafft so eine Plattform, die die Dusche auf Bodenniveau anhebt. Weitere Informationen finden Sie in unseren Handb\u00fcchern und Anleitungen, oder fragen Sie uns nach den Preisen.<\/p>\n<p>F\u00fcllen Sie immer den gesamten Duschbereich mit dem Duschschwellen-KIT aus, um Unf\u00e4lle zu vermeiden.<\/p>\n<p><strong>Duschschwellen-Bausatz 3:<\/strong><\/p>\n<ul>\n<li>16 Fliesen von 25 x 25 cm<\/li>\n<li>8 Rampen von 13,7 x 25 cm<\/li>\n<li>1 Eckrampe von 13,7 x 13,7 cm<\/li>\n<li>H\u00f6he: 1,6 cm und darunter<\/li>\n<\/ul>\n<p><strong>Handb\u00fccher:<\/strong><\/p>\n<ul>\n<li><a href=\"https:\/\/turschwellenrampe.de\/wp-content\/uploads\/2021\/08\/Douchedrempel_KIT_3_instructie.pdf\">Duschschwellen-Bausatz 3<\/a><\/li>\n<li><a href=\"https:\/\/turschwellenrampe.de\/wp-content\/uploads\/2021\/08\/Douchedrempelhulp-algemene-informatie.pdf\">Allgemeiner Leitfaden f\u00fcr Duschschwellen<\/a><\/li>\n<\/ul>\n<p><iframe title=\"YouTube video player\" src=\"https:\/\/www.youtube.com\/embed\/dD6-SghRm0g\" width=\"560\" height=\"315\" frameborder=\"0\" allowfullscreen=\"allowfullscreen\"><\/iframe><\/p>\n","protected":false},"excerpt":{"rendered":"<p>Das Duschschwellenrampe-Set 1 ist die perfekte L\u00f6sung f\u00fcr einen beidseitig zug\u00e4nglichen Duschbereich mit einer Schwellenh\u00f6he von 1,6 cm oder weniger. Haben Sie eine Duschschwelle von 1,8 cm oder h\u00f6her? Bitte <a href=\"tel:\/\/0102420914\">kontaktieren<\/a>Sie uns per E-Mail an: <a href=\"mailto:info@drempelhulp.nl\">info@turschwellenrampe.de<\/a>. Dieses langlebige Dusch-KIT f\u00fcllt die Aussparung mit Fliesen und schafft so eine Plattform, die die Dusche auf Bodenniveau anhebt. Weitere Informationen finden Sie in unseren Handb\u00fcchern und Anleitungen, oder fragen Sie uns nach den Preisen.<\/p>\n<p>F\u00fcllen Sie immer den gesamten Duschbereich mit dem Duschschwellen-KIT aus, um Unf\u00e4lle zu vermeiden.<\/p>\n<p><strong>Duschschwellen-Bausatz 3:<\/strong><\/p>\n<ul>\n<li>16 Fliesen von 25 x 25 cm<\/li>\n<li>8 Rampen von 13,7 x 25 cm<\/li>\n<li>1 Eckrampe von 13,7 x 13,7 cm<\/li>\n<li>H\u00f6he: 1,6 cm und darunter<\/li>\n<\/ul>\n<p><strong>Handb\u00fccher:<\/strong><\/p>\n<ul>\n<li><a href=\"https:\/\/turschwellenrampe.de\/wp-content\/uploads\/2021\/08\/Douchedrempel_KIT_3_instructie.pdf\">Duschschwellen-Bausatz 3<\/a><\/li>\n<li><a href=\"https:\/\/turschwellenrampe.de\/wp-content\/uploads\/2021\/08\/Douchedrempelhulp-algemene-informatie.pdf\">Allgemeiner Leitfaden f\u00fcr Duschschwellen<\/a><\/li>\n<\/ul>\n<p><iframe title=\"YouTube video player\" src=\"https:\/\/www.youtube.com\/embed\/dD6-SghRm0g\" width=\"560\" height=\"315\" frameborder=\"0\" allowfullscreen=\"allowfullscreen\" data-mce-fragment=\"1\"><\/iframe><\/p>\n","protected":false},"featured_media":12256,"comment_status":"open","ping_status":"closed","template":"","meta":[],"product_brand":[],"product_cat":[525,507],"product_tag":[],"class_list":{"0":"post-12541","1":"product","2":"type-product","3":"status-publish","4":"has-post-thumbnail","6":"product_cat-bodenhohe-der-dusche","7":"product_cat-dusche-schwellenrampen","9":"first","10":"instock","11":"taxable","12":"shipping-taxable","13":"product-type-simple"},"yoast_head":"<!-- This site is optimized with the Yoast SEO plugin v27.5 - https:\/\/yoast.com\/product\/yoast-seo-wordpress\/ -->\n<title>Winkel der Duschschwelle - 0 bis 1,6 cm - Kit 3 - Turschwellenrampe.de<\/title>\n<meta name=\"robots\" content=\"index, follow, max-snippet:-1, max-image-preview:large, max-video-preview:-1\" \/>\n<link rel=\"canonical\" href=\"https:\/\/turschwellenrampe.de\/de\/turschwellenrampen\/dusche-schwellenrampen\/winkel-der-duschschwelle-0-bis-16-cm-kit-3\/\" \/>\n<meta property=\"og:locale\" content=\"de_DE\" \/>\n<meta property=\"og:type\" content=\"article\" \/>\n<meta property=\"og:title\" content=\"Winkel der Duschschwelle - 0 bis 1,6 cm - Kit 3 - Turschwellenrampe.de\" \/>\n<meta property=\"og:description\" content=\"Das Duschschwellenrampe-Set 1 ist die perfekte L\u00f6sung f\u00fcr einen beidseitig zug\u00e4nglichen Duschbereich mit einer Schwellenh\u00f6he von 1,6 cm oder weniger. Haben Sie eine Duschschwelle von 1,8 cm oder h\u00f6her? Bitte kontaktierenSie uns per E-Mail an: info@turschwellenrampe.de. Dieses langlebige Dusch-KIT f\u00fcllt die Aussparung mit Fliesen und schafft so eine Plattform, die die Dusche auf Bodenniveau anhebt. Weitere Informationen finden Sie in unseren Handb\u00fcchern und Anleitungen, oder fragen Sie uns nach den Preisen.  F\u00fcllen Sie immer den gesamten Duschbereich mit dem Duschschwellen-KIT aus, um Unf\u00e4lle zu vermeiden.  Duschschwellen-Bausatz 3:   16 Fliesen von 25 x 25 cm  8 Rampen von 13,7 x 25 cm  1 Eckrampe von 13,7 x 13,7 cm  H\u00f6he: 1,6 cm und darunter  Handb\u00fccher:   Duschschwellen-Bausatz 3  Allgemeiner Leitfaden f\u00fcr Duschschwellen\" \/>\n<meta property=\"og:url\" content=\"https:\/\/turschwellenrampe.de\/de\/turschwellenrampen\/dusche-schwellenrampen\/winkel-der-duschschwelle-0-bis-16-cm-kit-3\/\" \/>\n<meta property=\"og:site_name\" content=\"Turschwellenrampe.de\" \/>\n<meta property=\"article:publisher\" content=\"https:\/\/www.facebook.com\/Drempelhulp\/\" \/>\n<meta property=\"article:modified_time\" content=\"2024-01-18T15:30:06+00:00\" \/>\n<meta property=\"og:image\" content=\"https:\/\/turschwellenrampe.de\/wp-content\/uploads\/2021\/08\/shower_forside3.png\" \/>\n\t<meta property=\"og:image:width\" content=\"800\" \/>\n\t<meta property=\"og:image:height\" content=\"530\" \/>\n\t<meta property=\"og:image:type\" content=\"image\/png\" \/>\n<meta name=\"twitter:card\" content=\"summary_large_image\" \/>\n<meta name=\"twitter:label1\" content=\"Gesch\u00e4tzte Lesezeit\" \/>\n\t<meta name=\"twitter:data1\" content=\"1\u00a0Minute\" \/>\n<script type=\"application\/ld+json\" class=\"yoast-schema-graph\">{\"@context\":\"https:\\\/\\\/schema.org\",\"@graph\":[{\"@type\":\"WebPage\",\"@id\":\"https:\\\/\\\/turschwellenrampe.de\\\/de\\\/turschwellenrampen\\\/dusche-schwellenrampen\\\/winkel-der-duschschwelle-0-bis-16-cm-kit-3\\\/\",\"url\":\"https:\\\/\\\/turschwellenrampe.de\\\/de\\\/turschwellenrampen\\\/dusche-schwellenrampen\\\/winkel-der-duschschwelle-0-bis-16-cm-kit-3\\\/\",\"name\":\"Winkel der Duschschwelle - 0 bis 1,6 cm - Kit 3 - Turschwellenrampe.de\",\"isPartOf\":{\"@id\":\"https:\\\/\\\/turschwellenrampe.de\\\/de\\\/#website\"},\"primaryImageOfPage\":{\"@id\":\"https:\\\/\\\/turschwellenrampe.de\\\/de\\\/turschwellenrampen\\\/dusche-schwellenrampen\\\/winkel-der-duschschwelle-0-bis-16-cm-kit-3\\\/#primaryimage\"},\"image\":{\"@id\":\"https:\\\/\\\/turschwellenrampe.de\\\/de\\\/turschwellenrampen\\\/dusche-schwellenrampen\\\/winkel-der-duschschwelle-0-bis-16-cm-kit-3\\\/#primaryimage\"},\"thumbnailUrl\":\"https:\\\/\\\/turschwellenrampe.de\\\/wp-content\\\/uploads\\\/2021\\\/08\\\/shower_forside3.png\",\"datePublished\":\"2021-08-27T09:13:09+00:00\",\"dateModified\":\"2024-01-18T15:30:06+00:00\",\"breadcrumb\":{\"@id\":\"https:\\\/\\\/turschwellenrampe.de\\\/de\\\/turschwellenrampen\\\/dusche-schwellenrampen\\\/winkel-der-duschschwelle-0-bis-16-cm-kit-3\\\/#breadcrumb\"},\"inLanguage\":\"de\",\"potentialAction\":[{\"@type\":\"ReadAction\",\"target\":[\"https:\\\/\\\/turschwellenrampe.de\\\/de\\\/turschwellenrampen\\\/dusche-schwellenrampen\\\/winkel-der-duschschwelle-0-bis-16-cm-kit-3\\\/\"]}]},{\"@type\":\"ImageObject\",\"inLanguage\":\"de\",\"@id\":\"https:\\\/\\\/turschwellenrampe.de\\\/de\\\/turschwellenrampen\\\/dusche-schwellenrampen\\\/winkel-der-duschschwelle-0-bis-16-cm-kit-3\\\/#primaryimage\",\"url\":\"https:\\\/\\\/turschwellenrampe.de\\\/wp-content\\\/uploads\\\/2021\\\/08\\\/shower_forside3.png\",\"contentUrl\":\"https:\\\/\\\/turschwellenrampe.de\\\/wp-content\\\/uploads\\\/2021\\\/08\\\/shower_forside3.png\",\"width\":800,\"height\":530},{\"@type\":\"BreadcrumbList\",\"@id\":\"https:\\\/\\\/turschwellenrampe.de\\\/de\\\/turschwellenrampen\\\/dusche-schwellenrampen\\\/winkel-der-duschschwelle-0-bis-16-cm-kit-3\\\/#breadcrumb\",\"itemListElement\":[{\"@type\":\"ListItem\",\"position\":1,\"name\":\"Home\",\"item\":\"https:\\\/\\\/turschwellenrampe.de\\\/de\\\/\"},{\"@type\":\"ListItem\",\"position\":2,\"name\":\"Shop\",\"item\":\"https:\\\/\\\/turschwellenrampe.de\\\/de\\\/geschaft\\\/\"},{\"@type\":\"ListItem\",\"position\":3,\"name\":\"Winkel der Duschschwelle &#8211; 0 bis 1,6 cm &#8211; Kit 3\"}]},{\"@type\":\"WebSite\",\"@id\":\"https:\\\/\\\/turschwellenrampe.de\\\/de\\\/#website\",\"url\":\"https:\\\/\\\/turschwellenrampe.de\\\/de\\\/\",\"name\":\"Turschwellenrampe.de\",\"description\":\"De Specialist in Toegankelijkheid\",\"potentialAction\":[{\"@type\":\"SearchAction\",\"target\":{\"@type\":\"EntryPoint\",\"urlTemplate\":\"https:\\\/\\\/turschwellenrampe.de\\\/de\\\/?s={search_term_string}\"},\"query-input\":{\"@type\":\"PropertyValueSpecification\",\"valueRequired\":true,\"valueName\":\"search_term_string\"}}],\"inLanguage\":\"de\"}]}<\/script>\n<!-- \/ Yoast SEO plugin. -->","yoast_head_json":{"title":"Winkel der Duschschwelle - 0 bis 1,6 cm - Kit 3 - Turschwellenrampe.de","robots":{"index":"index","follow":"follow","max-snippet":"max-snippet:-1","max-image-preview":"max-image-preview:large","max-video-preview":"max-video-preview:-1"},"canonical":"https:\/\/turschwellenrampe.de\/de\/turschwellenrampen\/dusche-schwellenrampen\/winkel-der-duschschwelle-0-bis-16-cm-kit-3\/","og_locale":"de_DE","og_type":"article","og_title":"Winkel der Duschschwelle - 0 bis 1,6 cm - Kit 3 - Turschwellenrampe.de","og_description":"Das Duschschwellenrampe-Set 1 ist die perfekte L\u00f6sung f\u00fcr einen beidseitig zug\u00e4nglichen Duschbereich mit einer Schwellenh\u00f6he von 1,6 cm oder weniger. Haben Sie eine Duschschwelle von 1,8 cm oder h\u00f6her? Bitte kontaktierenSie uns per E-Mail an: info@turschwellenrampe.de. Dieses langlebige Dusch-KIT f\u00fcllt die Aussparung mit Fliesen und schafft so eine Plattform, die die Dusche auf Bodenniveau anhebt. Weitere Informationen finden Sie in unseren Handb\u00fcchern und Anleitungen, oder fragen Sie uns nach den Preisen.  F\u00fcllen Sie immer den gesamten Duschbereich mit dem Duschschwellen-KIT aus, um Unf\u00e4lle zu vermeiden.  Duschschwellen-Bausatz 3:   16 Fliesen von 25 x 25 cm  8 Rampen von 13,7 x 25 cm  1 Eckrampe von 13,7 x 13,7 cm  H\u00f6he: 1,6 cm und darunter  Handb\u00fccher:   Duschschwellen-Bausatz 3  Allgemeiner Leitfaden f\u00fcr Duschschwellen","og_url":"https:\/\/turschwellenrampe.de\/de\/turschwellenrampen\/dusche-schwellenrampen\/winkel-der-duschschwelle-0-bis-16-cm-kit-3\/","og_site_name":"Turschwellenrampe.de","article_publisher":"https:\/\/www.facebook.com\/Drempelhulp\/","article_modified_time":"2024-01-18T15:30:06+00:00","og_image":[{"width":800,"height":530,"url":"https:\/\/turschwellenrampe.de\/wp-content\/uploads\/2021\/08\/shower_forside3.png","type":"image\/png"}],"twitter_card":"summary_large_image","twitter_misc":{"Gesch\u00e4tzte Lesezeit":"1\u00a0Minute"},"schema":{"@context":"https:\/\/schema.org","@graph":[{"@type":"WebPage","@id":"https:\/\/turschwellenrampe.de\/de\/turschwellenrampen\/dusche-schwellenrampen\/winkel-der-duschschwelle-0-bis-16-cm-kit-3\/","url":"https:\/\/turschwellenrampe.de\/de\/turschwellenrampen\/dusche-schwellenrampen\/winkel-der-duschschwelle-0-bis-16-cm-kit-3\/","name":"Winkel der Duschschwelle - 0 bis 1,6 cm - Kit 3 - Turschwellenrampe.de","isPartOf":{"@id":"https:\/\/turschwellenrampe.de\/de\/#website"},"primaryImageOfPage":{"@id":"https:\/\/turschwellenrampe.de\/de\/turschwellenrampen\/dusche-schwellenrampen\/winkel-der-duschschwelle-0-bis-16-cm-kit-3\/#primaryimage"},"image":{"@id":"https:\/\/turschwellenrampe.de\/de\/turschwellenrampen\/dusche-schwellenrampen\/winkel-der-duschschwelle-0-bis-16-cm-kit-3\/#primaryimage"},"thumbnailUrl":"https:\/\/turschwellenrampe.de\/wp-content\/uploads\/2021\/08\/shower_forside3.png","datePublished":"2021-08-27T09:13:09+00:00","dateModified":"2024-01-18T15:30:06+00:00","breadcrumb":{"@id":"https:\/\/turschwellenrampe.de\/de\/turschwellenrampen\/dusche-schwellenrampen\/winkel-der-duschschwelle-0-bis-16-cm-kit-3\/#breadcrumb"},"inLanguage":"de","potentialAction":[{"@type":"ReadAction","target":["https:\/\/turschwellenrampe.de\/de\/turschwellenrampen\/dusche-schwellenrampen\/winkel-der-duschschwelle-0-bis-16-cm-kit-3\/"]}]},{"@type":"ImageObject","inLanguage":"de","@id":"https:\/\/turschwellenrampe.de\/de\/turschwellenrampen\/dusche-schwellenrampen\/winkel-der-duschschwelle-0-bis-16-cm-kit-3\/#primaryimage","url":"https:\/\/turschwellenrampe.de\/wp-content\/uploads\/2021\/08\/shower_forside3.png","contentUrl":"https:\/\/turschwellenrampe.de\/wp-content\/uploads\/2021\/08\/shower_forside3.png","width":800,"height":530},{"@type":"BreadcrumbList","@id":"https:\/\/turschwellenrampe.de\/de\/turschwellenrampen\/dusche-schwellenrampen\/winkel-der-duschschwelle-0-bis-16-cm-kit-3\/#breadcrumb","itemListElement":[{"@type":"ListItem","position":1,"name":"Home","item":"https:\/\/turschwellenrampe.de\/de\/"},{"@type":"ListItem","position":2,"name":"Shop","item":"https:\/\/turschwellenrampe.de\/de\/geschaft\/"},{"@type":"ListItem","position":3,"name":"Winkel der Duschschwelle &#8211; 0 bis 1,6 cm &#8211; Kit 3"}]},{"@type":"WebSite","@id":"https:\/\/turschwellenrampe.de\/de\/#website","url":"https:\/\/turschwellenrampe.de\/de\/","name":"Turschwellenrampe.de","description":"De Specialist in Toegankelijkheid","potentialAction":[{"@type":"SearchAction","target":{"@type":"EntryPoint","urlTemplate":"https:\/\/turschwellenrampe.de\/de\/?s={search_term_string}"},"query-input":{"@type":"PropertyValueSpecification","valueRequired":true,"valueName":"search_term_string"}}],"inLanguage":"de"}]}},"_links":{"self":[{"href":"https:\/\/turschwellenrampe.de\/de\/wp-json\/wp\/v2\/product\/12541","targetHints":{"allow":["GET"]}}],"collection":[{"href":"https:\/\/turschwellenrampe.de\/de\/wp-json\/wp\/v2\/product"}],"about":[{"href":"https:\/\/turschwellenrampe.de\/de\/wp-json\/wp\/v2\/types\/product"}],"replies":[{"embeddable":true,"href":"https:\/\/turschwellenrampe.de\/de\/wp-json\/wp\/v2\/comments?post=12541"}],"wp:featuredmedia":[{"embeddable":true,"href":"https:\/\/turschwellenrampe.de\/de\/wp-json\/wp\/v2\/media\/12256"}],"wp:attachment":[{"href":"https:\/\/turschwellenrampe.de\/de\/wp-json\/wp\/v2\/media?parent=12541"}],"wp:term":[{"taxonomy":"product_brand","embeddable":true,"href":"https:\/\/turschwellenrampe.de\/de\/wp-json\/wp\/v2\/product_brand?post=12541"},{"taxonomy":"product_cat","embeddable":true,"href":"https:\/\/turschwellenrampe.de\/de\/wp-json\/wp\/v2\/product_cat?post=12541"},{"taxonomy":"product_tag","embeddable":true,"href":"https:\/\/turschwellenrampe.de\/de\/wp-json\/wp\/v2\/product_tag?post=12541"}],"curies":[{"name":"wp","href":"https:\/\/api.w.org\/{rel}","templated":true}]}}