{"id":12540,"date":"2021-09-01T13:47:51","date_gmt":"2021-09-01T11:47:51","guid":{"rendered":"https:\/\/turschwellenrampe.de\/shop\/unkategorisiert\/gummi-radstopper-183-cm\/"},"modified":"2026-05-01T15:06:46","modified_gmt":"2026-05-01T13:06:46","slug":"gummi-radstopper-183-cm","status":"publish","type":"product","link":"https:\/\/turschwellenrampe.de\/de\/bodenschwellen\/rad-stopper\/gummi-radstopper-183-cm\/","title":{"rendered":"Gummi-Radstopper &#8211; 183 cm"},"content":{"rendered":"<p>Die Gummi-Radstopper sind aus hochwertigem Gummi gefertigt und leicht zu montieren. Ideal f\u00fcr die eindeutige Markierung von Parkpl\u00e4tzen und um zu verhindern, dass Autos mit Strukturen im Parkhaus oder auf dem Parkplatz kollidieren. Mit diesen Radstoppern k\u00f6nnen tempor\u00e4re und permanente Installationen realisiert werden; das Befestigungsmaterial ist im Lieferumfang kostenlos enthalten.<\/p>\n<p><strong>Technische Spezifikationen:<\/strong><\/p>\n<ul>\n<li>L\u00e4nge: 183 cm<\/li>\n<li>Breite: 15 cm<\/li>\n<li>H\u00f6he: 10 cm<\/li>\n<li>Gewicht: 16 kg pro St\u00fcck<\/li>\n<li>Material: Gummi<\/li>\n<\/ul>\n<p><strong>Eigenschaften:<\/strong><\/p>\n<ul>\n<li>Einfache, tempor\u00e4re oder permanente Installation<\/li>\n<li>Inklusive Befestigungsmaterial f\u00fcr Asphalt oder Beton<\/li>\n<li>100% recycelter Gummi<\/li>\n<li>Auff\u00e4llige gelbe Reflektoren<\/li>\n<li>Hilft Autofahrern beim Einparken in die Parkbucht<\/li>\n<li>Sehr robust<\/li>\n<\/ul>\n","protected":false},"excerpt":{"rendered":"<p>Die Gummi-Radstopper sind aus hochwertigem Gummi gefertigt und leicht zu montieren. Ideal f\u00fcr die eindeutige Markierung von Parkpl\u00e4tzen und um zu verhindern, dass Autos mit Strukturen im Parkhaus oder auf dem Parkplatz kollidieren. Mit diesen Radstoppern k\u00f6nnen tempor\u00e4re und permanente Installationen realisiert werden; das Befestigungsmaterial ist im Lieferumfang kostenlos enthalten.<\/p>\n<p><strong>Technische Spezifikationen:<\/strong><\/p>\n<ul>\n<li>L\u00e4nge: 183 cm<\/li>\n<li>Breite: 15 cm<\/li>\n<li>H\u00f6he: 10 cm<\/li>\n<li>Gewicht: 16 kg pro St\u00fcck<\/li>\n<li>Material: Gummi<\/li>\n<\/ul>\n<p><strong>Eigenschaften:<\/strong><\/p>\n<ul>\n<li>Einfache, tempor\u00e4re oder permanente Installation<\/li>\n<li>100% recycelter Gummi<\/li>\n<li>Auff\u00e4llige gelbe Reflektoren<\/li>\n<li>Hilft Autofahrern beim Einparken in die Parkbucht<\/li>\n<li>Sehr robust<\/li>\n<\/ul>\n","protected":false},"featured_media":12277,"comment_status":"open","ping_status":"closed","template":"","meta":[],"product_brand":[],"product_cat":[552],"product_tag":[],"class_list":{"0":"post-12540","1":"product","2":"type-product","3":"status-publish","4":"has-post-thumbnail","6":"product_cat-rad-stopper","8":"first","9":"outofstock","10":"taxable","11":"shipping-taxable","12":"purchasable","13":"product-type-simple"},"yoast_head":"<!-- This site is optimized with the Yoast SEO plugin v27.5 - https:\/\/yoast.com\/product\/yoast-seo-wordpress\/ -->\n<title>Gummi-Radstopper - 183 cm - Turschwellenrampe.de<\/title>\n<meta name=\"robots\" content=\"index, follow, max-snippet:-1, max-image-preview:large, max-video-preview:-1\" \/>\n<link rel=\"canonical\" href=\"https:\/\/turschwellenrampe.de\/de\/bodenschwellen\/rad-stopper\/gummi-radstopper-183-cm\/\" \/>\n<meta property=\"og:locale\" content=\"de_DE\" \/>\n<meta property=\"og:type\" content=\"article\" \/>\n<meta property=\"og:title\" content=\"Gummi-Radstopper - 183 cm - Turschwellenrampe.de\" \/>\n<meta property=\"og:description\" content=\"Die Gummi-Radstopper sind aus hochwertigem Gummi gefertigt und leicht zu montieren. Ideal f\u00fcr die eindeutige Markierung von Parkpl\u00e4tzen und um zu verhindern, dass Autos mit Strukturen im Parkhaus oder auf dem Parkplatz kollidieren. Mit diesen Radstoppern k\u00f6nnen tempor\u00e4re und permanente Installationen realisiert werden; das Befestigungsmaterial ist im Lieferumfang kostenlos enthalten. Technische Spezifikationen:  L\u00e4nge: 183 cm  Breite: 15 cm  H\u00f6he: 10 cm  Gewicht: 16 kg pro St\u00fcck  Material: Gummi Eigenschaften:  Einfache, tempor\u00e4re oder permanente Installation  100% recycelter Gummi  Auff\u00e4llige gelbe Reflektoren  Hilft Autofahrern beim Einparken in die Parkbucht  Sehr robust\" \/>\n<meta property=\"og:url\" content=\"https:\/\/turschwellenrampe.de\/de\/bodenschwellen\/rad-stopper\/gummi-radstopper-183-cm\/\" \/>\n<meta property=\"og:site_name\" content=\"Turschwellenrampe.de\" \/>\n<meta property=\"article:publisher\" content=\"https:\/\/www.facebook.com\/Drempelhulp\/\" \/>\n<meta property=\"article:modified_time\" content=\"2026-05-01T13:06:46+00:00\" \/>\n<meta property=\"og:image\" content=\"https:\/\/turschwellenrampe.de\/wp-content\/uploads\/2021\/09\/WS-06-1.jpg\" \/>\n\t<meta property=\"og:image:width\" content=\"827\" \/>\n\t<meta property=\"og:image:height\" content=\"689\" \/>\n\t<meta property=\"og:image:type\" content=\"image\/jpeg\" \/>\n<meta name=\"twitter:card\" content=\"summary_large_image\" \/>\n<meta name=\"twitter:label1\" content=\"Gesch\u00e4tzte Lesezeit\" \/>\n\t<meta name=\"twitter:data1\" content=\"1\u00a0Minute\" \/>\n<script type=\"application\/ld+json\" class=\"yoast-schema-graph\">{\"@context\":\"https:\\\/\\\/schema.org\",\"@graph\":[{\"@type\":\"WebPage\",\"@id\":\"https:\\\/\\\/turschwellenrampe.de\\\/de\\\/bodenschwellen\\\/rad-stopper\\\/gummi-radstopper-183-cm\\\/\",\"url\":\"https:\\\/\\\/turschwellenrampe.de\\\/de\\\/bodenschwellen\\\/rad-stopper\\\/gummi-radstopper-183-cm\\\/\",\"name\":\"Gummi-Radstopper - 183 cm - Turschwellenrampe.de\",\"isPartOf\":{\"@id\":\"https:\\\/\\\/turschwellenrampe.de\\\/de\\\/#website\"},\"primaryImageOfPage\":{\"@id\":\"https:\\\/\\\/turschwellenrampe.de\\\/de\\\/bodenschwellen\\\/rad-stopper\\\/gummi-radstopper-183-cm\\\/#primaryimage\"},\"image\":{\"@id\":\"https:\\\/\\\/turschwellenrampe.de\\\/de\\\/bodenschwellen\\\/rad-stopper\\\/gummi-radstopper-183-cm\\\/#primaryimage\"},\"thumbnailUrl\":\"https:\\\/\\\/turschwellenrampe.de\\\/wp-content\\\/uploads\\\/2021\\\/09\\\/WS-06-1.jpg\",\"datePublished\":\"2021-09-01T11:47:51+00:00\",\"dateModified\":\"2026-05-01T13:06:46+00:00\",\"breadcrumb\":{\"@id\":\"https:\\\/\\\/turschwellenrampe.de\\\/de\\\/bodenschwellen\\\/rad-stopper\\\/gummi-radstopper-183-cm\\\/#breadcrumb\"},\"inLanguage\":\"de\",\"potentialAction\":[{\"@type\":\"ReadAction\",\"target\":[\"https:\\\/\\\/turschwellenrampe.de\\\/de\\\/bodenschwellen\\\/rad-stopper\\\/gummi-radstopper-183-cm\\\/\"]}]},{\"@type\":\"ImageObject\",\"inLanguage\":\"de\",\"@id\":\"https:\\\/\\\/turschwellenrampe.de\\\/de\\\/bodenschwellen\\\/rad-stopper\\\/gummi-radstopper-183-cm\\\/#primaryimage\",\"url\":\"https:\\\/\\\/turschwellenrampe.de\\\/wp-content\\\/uploads\\\/2021\\\/09\\\/WS-06-1.jpg\",\"contentUrl\":\"https:\\\/\\\/turschwellenrampe.de\\\/wp-content\\\/uploads\\\/2021\\\/09\\\/WS-06-1.jpg\",\"width\":827,\"height\":689},{\"@type\":\"BreadcrumbList\",\"@id\":\"https:\\\/\\\/turschwellenrampe.de\\\/de\\\/bodenschwellen\\\/rad-stopper\\\/gummi-radstopper-183-cm\\\/#breadcrumb\",\"itemListElement\":[{\"@type\":\"ListItem\",\"position\":1,\"name\":\"Home\",\"item\":\"https:\\\/\\\/turschwellenrampe.de\\\/de\\\/\"},{\"@type\":\"ListItem\",\"position\":2,\"name\":\"Shop\",\"item\":\"https:\\\/\\\/turschwellenrampe.de\\\/de\\\/geschaft\\\/\"},{\"@type\":\"ListItem\",\"position\":3,\"name\":\"Gummi-Radstopper &#8211; 183 cm\"}]},{\"@type\":\"WebSite\",\"@id\":\"https:\\\/\\\/turschwellenrampe.de\\\/de\\\/#website\",\"url\":\"https:\\\/\\\/turschwellenrampe.de\\\/de\\\/\",\"name\":\"Turschwellenrampe.de\",\"description\":\"De Specialist in Toegankelijkheid\",\"potentialAction\":[{\"@type\":\"SearchAction\",\"target\":{\"@type\":\"EntryPoint\",\"urlTemplate\":\"https:\\\/\\\/turschwellenrampe.de\\\/de\\\/?s={search_term_string}\"},\"query-input\":{\"@type\":\"PropertyValueSpecification\",\"valueRequired\":true,\"valueName\":\"search_term_string\"}}],\"inLanguage\":\"de\"}]}<\/script>\n<!-- \/ Yoast SEO plugin. -->","yoast_head_json":{"title":"Gummi-Radstopper - 183 cm - Turschwellenrampe.de","robots":{"index":"index","follow":"follow","max-snippet":"max-snippet:-1","max-image-preview":"max-image-preview:large","max-video-preview":"max-video-preview:-1"},"canonical":"https:\/\/turschwellenrampe.de\/de\/bodenschwellen\/rad-stopper\/gummi-radstopper-183-cm\/","og_locale":"de_DE","og_type":"article","og_title":"Gummi-Radstopper - 183 cm - Turschwellenrampe.de","og_description":"Die Gummi-Radstopper sind aus hochwertigem Gummi gefertigt und leicht zu montieren. Ideal f\u00fcr die eindeutige Markierung von Parkpl\u00e4tzen und um zu verhindern, dass Autos mit Strukturen im Parkhaus oder auf dem Parkplatz kollidieren. Mit diesen Radstoppern k\u00f6nnen tempor\u00e4re und permanente Installationen realisiert werden; das Befestigungsmaterial ist im Lieferumfang kostenlos enthalten. Technische Spezifikationen:  L\u00e4nge: 183 cm  Breite: 15 cm  H\u00f6he: 10 cm  Gewicht: 16 kg pro St\u00fcck  Material: Gummi Eigenschaften:  Einfache, tempor\u00e4re oder permanente Installation  100% recycelter Gummi  Auff\u00e4llige gelbe Reflektoren  Hilft Autofahrern beim Einparken in die Parkbucht  Sehr robust","og_url":"https:\/\/turschwellenrampe.de\/de\/bodenschwellen\/rad-stopper\/gummi-radstopper-183-cm\/","og_site_name":"Turschwellenrampe.de","article_publisher":"https:\/\/www.facebook.com\/Drempelhulp\/","article_modified_time":"2026-05-01T13:06:46+00:00","og_image":[{"width":827,"height":689,"url":"https:\/\/turschwellenrampe.de\/wp-content\/uploads\/2021\/09\/WS-06-1.jpg","type":"image\/jpeg"}],"twitter_card":"summary_large_image","twitter_misc":{"Gesch\u00e4tzte Lesezeit":"1\u00a0Minute"},"schema":{"@context":"https:\/\/schema.org","@graph":[{"@type":"WebPage","@id":"https:\/\/turschwellenrampe.de\/de\/bodenschwellen\/rad-stopper\/gummi-radstopper-183-cm\/","url":"https:\/\/turschwellenrampe.de\/de\/bodenschwellen\/rad-stopper\/gummi-radstopper-183-cm\/","name":"Gummi-Radstopper - 183 cm - Turschwellenrampe.de","isPartOf":{"@id":"https:\/\/turschwellenrampe.de\/de\/#website"},"primaryImageOfPage":{"@id":"https:\/\/turschwellenrampe.de\/de\/bodenschwellen\/rad-stopper\/gummi-radstopper-183-cm\/#primaryimage"},"image":{"@id":"https:\/\/turschwellenrampe.de\/de\/bodenschwellen\/rad-stopper\/gummi-radstopper-183-cm\/#primaryimage"},"thumbnailUrl":"https:\/\/turschwellenrampe.de\/wp-content\/uploads\/2021\/09\/WS-06-1.jpg","datePublished":"2021-09-01T11:47:51+00:00","dateModified":"2026-05-01T13:06:46+00:00","breadcrumb":{"@id":"https:\/\/turschwellenrampe.de\/de\/bodenschwellen\/rad-stopper\/gummi-radstopper-183-cm\/#breadcrumb"},"inLanguage":"de","potentialAction":[{"@type":"ReadAction","target":["https:\/\/turschwellenrampe.de\/de\/bodenschwellen\/rad-stopper\/gummi-radstopper-183-cm\/"]}]},{"@type":"ImageObject","inLanguage":"de","@id":"https:\/\/turschwellenrampe.de\/de\/bodenschwellen\/rad-stopper\/gummi-radstopper-183-cm\/#primaryimage","url":"https:\/\/turschwellenrampe.de\/wp-content\/uploads\/2021\/09\/WS-06-1.jpg","contentUrl":"https:\/\/turschwellenrampe.de\/wp-content\/uploads\/2021\/09\/WS-06-1.jpg","width":827,"height":689},{"@type":"BreadcrumbList","@id":"https:\/\/turschwellenrampe.de\/de\/bodenschwellen\/rad-stopper\/gummi-radstopper-183-cm\/#breadcrumb","itemListElement":[{"@type":"ListItem","position":1,"name":"Home","item":"https:\/\/turschwellenrampe.de\/de\/"},{"@type":"ListItem","position":2,"name":"Shop","item":"https:\/\/turschwellenrampe.de\/de\/geschaft\/"},{"@type":"ListItem","position":3,"name":"Gummi-Radstopper &#8211; 183 cm"}]},{"@type":"WebSite","@id":"https:\/\/turschwellenrampe.de\/de\/#website","url":"https:\/\/turschwellenrampe.de\/de\/","name":"Turschwellenrampe.de","description":"De Specialist in Toegankelijkheid","potentialAction":[{"@type":"SearchAction","target":{"@type":"EntryPoint","urlTemplate":"https:\/\/turschwellenrampe.de\/de\/?s={search_term_string}"},"query-input":{"@type":"PropertyValueSpecification","valueRequired":true,"valueName":"search_term_string"}}],"inLanguage":"de"}]}},"_links":{"self":[{"href":"https:\/\/turschwellenrampe.de\/de\/wp-json\/wp\/v2\/product\/12540","targetHints":{"allow":["GET"]}}],"collection":[{"href":"https:\/\/turschwellenrampe.de\/de\/wp-json\/wp\/v2\/product"}],"about":[{"href":"https:\/\/turschwellenrampe.de\/de\/wp-json\/wp\/v2\/types\/product"}],"replies":[{"embeddable":true,"href":"https:\/\/turschwellenrampe.de\/de\/wp-json\/wp\/v2\/comments?post=12540"}],"wp:featuredmedia":[{"embeddable":true,"href":"https:\/\/turschwellenrampe.de\/de\/wp-json\/wp\/v2\/media\/12277"}],"wp:attachment":[{"href":"https:\/\/turschwellenrampe.de\/de\/wp-json\/wp\/v2\/media?parent=12540"}],"wp:term":[{"taxonomy":"product_brand","embeddable":true,"href":"https:\/\/turschwellenrampe.de\/de\/wp-json\/wp\/v2\/product_brand?post=12540"},{"taxonomy":"product_cat","embeddable":true,"href":"https:\/\/turschwellenrampe.de\/de\/wp-json\/wp\/v2\/product_cat?post=12540"},{"taxonomy":"product_tag","embeddable":true,"href":"https:\/\/turschwellenrampe.de\/de\/wp-json\/wp\/v2\/product_tag?post=12540"}],"curies":[{"name":"wp","href":"https:\/\/api.w.org\/{rel}","templated":true}]}}