{"id":12530,"date":"2021-12-03T09:40:09","date_gmt":"2021-12-03T08:40:09","guid":{"rendered":"https:\/\/turschwellenrampe.de\/shop\/unkategorisiert\/schienenrampe-116-cm\/"},"modified":"2024-01-18T16:45:59","modified_gmt":"2024-01-18T15:45:59","slug":"schienenrampe-116-cm","status":"publish","type":"product","link":"https:\/\/turschwellenrampe.de\/de\/rollstuhlrampen\/schienenrampen\/schienenrampe-116-cm\/","title":{"rendered":"Schienenrampe &#8211; 116 cm"},"content":{"rendered":"<p>Diese neuen Schienenrampen sind nicht einziehbar oder faltbar. Die Rampen sind in verschiedenen L\u00e4ngen erh\u00e4ltlich. Mit den neuen Profilen und der perforierten Oberfl\u00e4che wurden die Schienenrampen so leicht wie m\u00f6glich gemacht. Durch die klappbaren Griffe an der Seite der Rampe ist sie sehr leicht zu tragen. Au\u00dferdem lassen sich die Griffe leicht abnehmen und auf der anderen Seite der Schienenrampe anbringen.<\/p>\n<p>Die einzigartigen Grifffl\u00e4chen dieser tragbaren Schienenrampen sind so konzipiert, dass sie eine rutschfeste Rampe bilden.<\/p>\n<p><strong>Spezifikationen:<\/strong><\/p>\n<ul>\n<li>L\u00e4nge: 116 cm<\/li>\n<li>Gewicht: 3,1 kg<\/li>\n<li>Max. Gewichtsbelastung: 200 kg<\/li>\n<li>Innere Breite: 21 cm<\/li>\n<li>Empfohlene maximale H\u00f6he: 20 cm<\/li>\n<\/ul>\n","protected":false},"excerpt":{"rendered":"<p>Diese neuen Schienenrampen sind nicht einziehbar oder faltbar. Die Rampen sind in verschiedenen L\u00e4ngen erh\u00e4ltlich. Mit den neuen Profilen und der perforierten Oberfl\u00e4che wurden die Schienenrampen so leicht wie m\u00f6glich gemacht. Durch die klappbaren Griffe an der Seite der Rampe ist sie sehr leicht zu tragen. Au\u00dferdem lassen sich die Griffe leicht abnehmen und auf der anderen Seite der Schienenrampe anbringen.<\/p>\n<p>Die einzigartigen Grifffl\u00e4chen dieser tragbaren Schienenrampen sind so konzipiert, dass sie eine rutschfeste Rampe bilden.<\/p>\n<p><strong>Spezifikationen:<\/strong><\/p>\n<ul>\n<li>L\u00e4nge: 116 cm<\/li>\n<li>Gewicht: 3,1 kg<\/li>\n<li>Max. Gewichtsbelastung: 200 kg<\/li>\n<li>Innere Breite: 21 cm<\/li>\n<li>Empfohlene maximale H\u00f6he: 20 cm<\/li>\n<\/ul>\n","protected":false},"featured_media":12315,"comment_status":"open","ping_status":"closed","template":"","meta":[],"product_brand":[],"product_cat":[529],"product_tag":[],"class_list":{"0":"post-12530","1":"product","2":"type-product","3":"status-publish","4":"has-post-thumbnail","6":"product_cat-schienenrampen","8":"first","9":"instock","10":"taxable","11":"shipping-taxable","12":"purchasable","13":"product-type-simple"},"yoast_head":"<!-- This site is optimized with the Yoast SEO plugin v27.3 - https:\/\/yoast.com\/product\/yoast-seo-wordpress\/ -->\n<title>Schienenrampe - 116 cm - Turschwellenrampe.de<\/title>\n<meta name=\"robots\" content=\"index, follow, max-snippet:-1, max-image-preview:large, max-video-preview:-1\" \/>\n<link rel=\"canonical\" href=\"https:\/\/turschwellenrampe.de\/de\/rollstuhlrampen\/schienenrampen\/schienenrampe-116-cm\/\" \/>\n<meta property=\"og:locale\" content=\"de_DE\" \/>\n<meta property=\"og:type\" content=\"article\" \/>\n<meta property=\"og:title\" content=\"Schienenrampe - 116 cm - Turschwellenrampe.de\" \/>\n<meta property=\"og:description\" content=\"Diese neuen Schienenrampen sind nicht einziehbar oder faltbar. Die Rampen sind in verschiedenen L\u00e4ngen erh\u00e4ltlich. Mit den neuen Profilen und der perforierten Oberfl\u00e4che wurden die Schienenrampen so leicht wie m\u00f6glich gemacht. Durch die klappbaren Griffe an der Seite der Rampe ist sie sehr leicht zu tragen. Au\u00dferdem lassen sich die Griffe leicht abnehmen und auf der anderen Seite der Schienenrampe anbringen. Die einzigartigen Grifffl\u00e4chen dieser tragbaren Schienenrampen sind so konzipiert, dass sie eine rutschfeste Rampe bilden. Spezifikationen:  L\u00e4nge: 116 cm  Gewicht: 3,1 kg  Max. Gewichtsbelastung: 200 kg  Innere Breite: 21 cm  Empfohlene maximale H\u00f6he: 20 cm\" \/>\n<meta property=\"og:url\" content=\"https:\/\/turschwellenrampe.de\/de\/rollstuhlrampen\/schienenrampen\/schienenrampe-116-cm\/\" \/>\n<meta property=\"og:site_name\" content=\"Turschwellenrampe.de\" \/>\n<meta property=\"article:publisher\" content=\"https:\/\/www.facebook.com\/Drempelhulp\/\" \/>\n<meta property=\"article:modified_time\" content=\"2024-01-18T15:45:59+00:00\" \/>\n<meta property=\"og:image\" content=\"https:\/\/turschwellenrampe.de\/wp-content\/uploads\/2021\/12\/1153_dbf6459c67706f784e43cbe9701c051b.jpg\" \/>\n\t<meta property=\"og:image:width\" content=\"1000\" \/>\n\t<meta property=\"og:image:height\" content=\"1000\" \/>\n\t<meta property=\"og:image:type\" content=\"image\/jpeg\" \/>\n<meta name=\"twitter:card\" content=\"summary_large_image\" \/>\n<script type=\"application\/ld+json\" class=\"yoast-schema-graph\">{\"@context\":\"https:\\\/\\\/schema.org\",\"@graph\":[{\"@type\":\"WebPage\",\"@id\":\"https:\\\/\\\/turschwellenrampe.de\\\/de\\\/rollstuhlrampen\\\/schienenrampen\\\/schienenrampe-116-cm\\\/\",\"url\":\"https:\\\/\\\/turschwellenrampe.de\\\/de\\\/rollstuhlrampen\\\/schienenrampen\\\/schienenrampe-116-cm\\\/\",\"name\":\"Schienenrampe - 116 cm - Turschwellenrampe.de\",\"isPartOf\":{\"@id\":\"https:\\\/\\\/turschwellenrampe.de\\\/de\\\/#website\"},\"primaryImageOfPage\":{\"@id\":\"https:\\\/\\\/turschwellenrampe.de\\\/de\\\/rollstuhlrampen\\\/schienenrampen\\\/schienenrampe-116-cm\\\/#primaryimage\"},\"image\":{\"@id\":\"https:\\\/\\\/turschwellenrampe.de\\\/de\\\/rollstuhlrampen\\\/schienenrampen\\\/schienenrampe-116-cm\\\/#primaryimage\"},\"thumbnailUrl\":\"https:\\\/\\\/turschwellenrampe.de\\\/wp-content\\\/uploads\\\/2021\\\/12\\\/1153_dbf6459c67706f784e43cbe9701c051b.jpg\",\"datePublished\":\"2021-12-03T08:40:09+00:00\",\"dateModified\":\"2024-01-18T15:45:59+00:00\",\"breadcrumb\":{\"@id\":\"https:\\\/\\\/turschwellenrampe.de\\\/de\\\/rollstuhlrampen\\\/schienenrampen\\\/schienenrampe-116-cm\\\/#breadcrumb\"},\"inLanguage\":\"de\",\"potentialAction\":[{\"@type\":\"ReadAction\",\"target\":[\"https:\\\/\\\/turschwellenrampe.de\\\/de\\\/rollstuhlrampen\\\/schienenrampen\\\/schienenrampe-116-cm\\\/\"]}]},{\"@type\":\"ImageObject\",\"inLanguage\":\"de\",\"@id\":\"https:\\\/\\\/turschwellenrampe.de\\\/de\\\/rollstuhlrampen\\\/schienenrampen\\\/schienenrampe-116-cm\\\/#primaryimage\",\"url\":\"https:\\\/\\\/turschwellenrampe.de\\\/wp-content\\\/uploads\\\/2021\\\/12\\\/1153_dbf6459c67706f784e43cbe9701c051b.jpg\",\"contentUrl\":\"https:\\\/\\\/turschwellenrampe.de\\\/wp-content\\\/uploads\\\/2021\\\/12\\\/1153_dbf6459c67706f784e43cbe9701c051b.jpg\",\"width\":1000,\"height\":1000},{\"@type\":\"BreadcrumbList\",\"@id\":\"https:\\\/\\\/turschwellenrampe.de\\\/de\\\/rollstuhlrampen\\\/schienenrampen\\\/schienenrampe-116-cm\\\/#breadcrumb\",\"itemListElement\":[{\"@type\":\"ListItem\",\"position\":1,\"name\":\"Home\",\"item\":\"https:\\\/\\\/turschwellenrampe.de\\\/de\\\/\"},{\"@type\":\"ListItem\",\"position\":2,\"name\":\"Shop\",\"item\":\"https:\\\/\\\/turschwellenrampe.de\\\/de\\\/geschaft\\\/\"},{\"@type\":\"ListItem\",\"position\":3,\"name\":\"Schienenrampe &#8211; 116 cm\"}]},{\"@type\":\"WebSite\",\"@id\":\"https:\\\/\\\/turschwellenrampe.de\\\/de\\\/#website\",\"url\":\"https:\\\/\\\/turschwellenrampe.de\\\/de\\\/\",\"name\":\"Turschwellenrampe.de\",\"description\":\"De Specialist in Toegankelijkheid\",\"potentialAction\":[{\"@type\":\"SearchAction\",\"target\":{\"@type\":\"EntryPoint\",\"urlTemplate\":\"https:\\\/\\\/turschwellenrampe.de\\\/de\\\/?s={search_term_string}\"},\"query-input\":{\"@type\":\"PropertyValueSpecification\",\"valueRequired\":true,\"valueName\":\"search_term_string\"}}],\"inLanguage\":\"de\"}]}<\/script>\n<!-- \/ Yoast SEO plugin. -->","yoast_head_json":{"title":"Schienenrampe - 116 cm - Turschwellenrampe.de","robots":{"index":"index","follow":"follow","max-snippet":"max-snippet:-1","max-image-preview":"max-image-preview:large","max-video-preview":"max-video-preview:-1"},"canonical":"https:\/\/turschwellenrampe.de\/de\/rollstuhlrampen\/schienenrampen\/schienenrampe-116-cm\/","og_locale":"de_DE","og_type":"article","og_title":"Schienenrampe - 116 cm - Turschwellenrampe.de","og_description":"Diese neuen Schienenrampen sind nicht einziehbar oder faltbar. Die Rampen sind in verschiedenen L\u00e4ngen erh\u00e4ltlich. Mit den neuen Profilen und der perforierten Oberfl\u00e4che wurden die Schienenrampen so leicht wie m\u00f6glich gemacht. Durch die klappbaren Griffe an der Seite der Rampe ist sie sehr leicht zu tragen. Au\u00dferdem lassen sich die Griffe leicht abnehmen und auf der anderen Seite der Schienenrampe anbringen. Die einzigartigen Grifffl\u00e4chen dieser tragbaren Schienenrampen sind so konzipiert, dass sie eine rutschfeste Rampe bilden. Spezifikationen:  L\u00e4nge: 116 cm  Gewicht: 3,1 kg  Max. Gewichtsbelastung: 200 kg  Innere Breite: 21 cm  Empfohlene maximale H\u00f6he: 20 cm","og_url":"https:\/\/turschwellenrampe.de\/de\/rollstuhlrampen\/schienenrampen\/schienenrampe-116-cm\/","og_site_name":"Turschwellenrampe.de","article_publisher":"https:\/\/www.facebook.com\/Drempelhulp\/","article_modified_time":"2024-01-18T15:45:59+00:00","og_image":[{"width":1000,"height":1000,"url":"https:\/\/turschwellenrampe.de\/wp-content\/uploads\/2021\/12\/1153_dbf6459c67706f784e43cbe9701c051b.jpg","type":"image\/jpeg"}],"twitter_card":"summary_large_image","schema":{"@context":"https:\/\/schema.org","@graph":[{"@type":"WebPage","@id":"https:\/\/turschwellenrampe.de\/de\/rollstuhlrampen\/schienenrampen\/schienenrampe-116-cm\/","url":"https:\/\/turschwellenrampe.de\/de\/rollstuhlrampen\/schienenrampen\/schienenrampe-116-cm\/","name":"Schienenrampe - 116 cm - Turschwellenrampe.de","isPartOf":{"@id":"https:\/\/turschwellenrampe.de\/de\/#website"},"primaryImageOfPage":{"@id":"https:\/\/turschwellenrampe.de\/de\/rollstuhlrampen\/schienenrampen\/schienenrampe-116-cm\/#primaryimage"},"image":{"@id":"https:\/\/turschwellenrampe.de\/de\/rollstuhlrampen\/schienenrampen\/schienenrampe-116-cm\/#primaryimage"},"thumbnailUrl":"https:\/\/turschwellenrampe.de\/wp-content\/uploads\/2021\/12\/1153_dbf6459c67706f784e43cbe9701c051b.jpg","datePublished":"2021-12-03T08:40:09+00:00","dateModified":"2024-01-18T15:45:59+00:00","breadcrumb":{"@id":"https:\/\/turschwellenrampe.de\/de\/rollstuhlrampen\/schienenrampen\/schienenrampe-116-cm\/#breadcrumb"},"inLanguage":"de","potentialAction":[{"@type":"ReadAction","target":["https:\/\/turschwellenrampe.de\/de\/rollstuhlrampen\/schienenrampen\/schienenrampe-116-cm\/"]}]},{"@type":"ImageObject","inLanguage":"de","@id":"https:\/\/turschwellenrampe.de\/de\/rollstuhlrampen\/schienenrampen\/schienenrampe-116-cm\/#primaryimage","url":"https:\/\/turschwellenrampe.de\/wp-content\/uploads\/2021\/12\/1153_dbf6459c67706f784e43cbe9701c051b.jpg","contentUrl":"https:\/\/turschwellenrampe.de\/wp-content\/uploads\/2021\/12\/1153_dbf6459c67706f784e43cbe9701c051b.jpg","width":1000,"height":1000},{"@type":"BreadcrumbList","@id":"https:\/\/turschwellenrampe.de\/de\/rollstuhlrampen\/schienenrampen\/schienenrampe-116-cm\/#breadcrumb","itemListElement":[{"@type":"ListItem","position":1,"name":"Home","item":"https:\/\/turschwellenrampe.de\/de\/"},{"@type":"ListItem","position":2,"name":"Shop","item":"https:\/\/turschwellenrampe.de\/de\/geschaft\/"},{"@type":"ListItem","position":3,"name":"Schienenrampe &#8211; 116 cm"}]},{"@type":"WebSite","@id":"https:\/\/turschwellenrampe.de\/de\/#website","url":"https:\/\/turschwellenrampe.de\/de\/","name":"Turschwellenrampe.de","description":"De Specialist in Toegankelijkheid","potentialAction":[{"@type":"SearchAction","target":{"@type":"EntryPoint","urlTemplate":"https:\/\/turschwellenrampe.de\/de\/?s={search_term_string}"},"query-input":{"@type":"PropertyValueSpecification","valueRequired":true,"valueName":"search_term_string"}}],"inLanguage":"de"}]}},"_links":{"self":[{"href":"https:\/\/turschwellenrampe.de\/de\/wp-json\/wp\/v2\/product\/12530","targetHints":{"allow":["GET"]}}],"collection":[{"href":"https:\/\/turschwellenrampe.de\/de\/wp-json\/wp\/v2\/product"}],"about":[{"href":"https:\/\/turschwellenrampe.de\/de\/wp-json\/wp\/v2\/types\/product"}],"replies":[{"embeddable":true,"href":"https:\/\/turschwellenrampe.de\/de\/wp-json\/wp\/v2\/comments?post=12530"}],"wp:featuredmedia":[{"embeddable":true,"href":"https:\/\/turschwellenrampe.de\/de\/wp-json\/wp\/v2\/media\/12315"}],"wp:attachment":[{"href":"https:\/\/turschwellenrampe.de\/de\/wp-json\/wp\/v2\/media?parent=12530"}],"wp:term":[{"taxonomy":"product_brand","embeddable":true,"href":"https:\/\/turschwellenrampe.de\/de\/wp-json\/wp\/v2\/product_brand?post=12530"},{"taxonomy":"product_cat","embeddable":true,"href":"https:\/\/turschwellenrampe.de\/de\/wp-json\/wp\/v2\/product_cat?post=12530"},{"taxonomy":"product_tag","embeddable":true,"href":"https:\/\/turschwellenrampe.de\/de\/wp-json\/wp\/v2\/product_tag?post=12530"}],"curies":[{"name":"wp","href":"https:\/\/api.w.org\/{rel}","templated":true}]}}