{"id":12526,"date":"2021-12-03T10:26:32","date_gmt":"2021-12-03T09:26:32","guid":{"rendered":"https:\/\/turschwellenrampe.de\/shop\/unkategorisiert\/teleskop-schienenrampe-202-cm\/"},"modified":"2024-01-18T16:46:19","modified_gmt":"2024-01-18T15:46:19","slug":"teleskop-schienenrampe-202-cm","status":"publish","type":"product","link":"https:\/\/turschwellenrampe.de\/de\/rollstuhlrampen\/teleskop-schienenrampen\/teleskop-schienenrampe-202-cm\/","title":{"rendered":"Teleskop-Schienenrampe &#8211; 202 cm"},"content":{"rendered":"<p>Die Teleskop-Schienenrampen lassen sich dank der Clips an der Seite der Rampe leicht und m\u00fchelos einfahren. Dadurch verringert sich die L\u00e4nge der einziehbaren Schienenrampe um etwa 40 %. Unsere Teleskoprampen sind in verschiedenen L\u00e4ngen erh\u00e4ltlich, so dass sie in vielen verschiedenen Situationen eingesetzt werden k\u00f6nnen. Die einzigartigen Griffbereiche der tragbaren Rampen wurden entwickelt, um eine rutschfeste Rampe zu schaffen.<\/p>\n<p>Alle Teleskop-Schienenrampen sind mit einer Transportsicherung ausgestattet, die ein Auseinanderrutschen der Rampen beim Transport oder beim Tragen der Rampen verhindert. Mit den neuen Profilen und der gelochten Oberfl\u00e4che wurde die leichteste Aluminiumrampe erreicht.<\/p>\n<p><strong>Spezifikationen:<\/strong><\/p>\n<ul>\n<li>L\u00e4nge: 202 cm<\/li>\n<li>Gewicht: 5,6 kg<\/li>\n<li>Max. Belastung: 150 kg<\/li>\n<li>Innere Breite: 19 cm<\/li>\n<li>Empfohlene maximale H\u00f6he: 40 cm<\/li>\n<li>L\u00e4nge zusammengeklappt: 116 cm<\/li>\n<\/ul>\n","protected":false},"excerpt":{"rendered":"<p>Die Teleskop-Schienenrampen lassen sich dank der Clips an der Seite der Rampe leicht und m\u00fchelos einfahren. Dadurch verringert sich die L\u00e4nge der einziehbaren Schienenrampe um etwa 40 %. Unsere Teleskoprampen sind in verschiedenen L\u00e4ngen erh\u00e4ltlich, so dass sie in vielen verschiedenen Situationen eingesetzt werden k\u00f6nnen. Die einzigartigen Griffbereiche der tragbaren Rampen wurden entwickelt, um eine rutschfeste Rampe zu schaffen.<\/p>\n<p>Alle Teleskop-Schienenrampen sind mit einer Transportsicherung ausgestattet, die ein Auseinanderrutschen der Rampen beim Transport oder beim Tragen der Rampen verhindert. Mit den neuen Profilen und der gelochten Oberfl\u00e4che wurde die leichteste Aluminiumrampe erreicht.<\/p>\n<p><strong>Spezifikationen:<\/strong><\/p>\n<ul>\n<li>L\u00e4nge: 202 cm<\/li>\n<li>Gewicht: 5,6 kg<\/li>\n<li>Max. Belastung: 150 kg<\/li>\n<li>Innere Breite: 19 cm<\/li>\n<li>Empfohlene maximale H\u00f6he: 40 cm<\/li>\n<li>L\u00e4nge zusammengeklappt: 116 cm<\/li>\n<\/ul>\n","protected":false},"featured_media":12317,"comment_status":"open","ping_status":"closed","template":"","meta":[],"product_brand":[],"product_cat":[530],"product_tag":[],"class_list":{"0":"post-12526","1":"product","2":"type-product","3":"status-publish","4":"has-post-thumbnail","6":"product_cat-teleskop-schienenrampen","8":"first","9":"instock","10":"taxable","11":"shipping-taxable","12":"purchasable","13":"product-type-simple"},"yoast_head":"<!-- This site is optimized with the Yoast SEO plugin v27.3 - https:\/\/yoast.com\/product\/yoast-seo-wordpress\/ -->\n<title>Teleskop-Schienenrampe - 202 cm - Turschwellenrampe.de<\/title>\n<meta name=\"robots\" content=\"index, follow, max-snippet:-1, max-image-preview:large, max-video-preview:-1\" \/>\n<link rel=\"canonical\" href=\"https:\/\/turschwellenrampe.de\/de\/rollstuhlrampen\/teleskop-schienenrampen\/teleskop-schienenrampe-202-cm\/\" \/>\n<meta property=\"og:locale\" content=\"de_DE\" \/>\n<meta property=\"og:type\" content=\"article\" \/>\n<meta property=\"og:title\" content=\"Teleskop-Schienenrampe - 202 cm - Turschwellenrampe.de\" \/>\n<meta property=\"og:description\" content=\"Die Teleskop-Schienenrampen lassen sich dank der Clips an der Seite der Rampe leicht und m\u00fchelos einfahren. Dadurch verringert sich die L\u00e4nge der einziehbaren Schienenrampe um etwa 40 %. Unsere Teleskoprampen sind in verschiedenen L\u00e4ngen erh\u00e4ltlich, so dass sie in vielen verschiedenen Situationen eingesetzt werden k\u00f6nnen. Die einzigartigen Griffbereiche der tragbaren Rampen wurden entwickelt, um eine rutschfeste Rampe zu schaffen. Alle Teleskop-Schienenrampen sind mit einer Transportsicherung ausgestattet, die ein Auseinanderrutschen der Rampen beim Transport oder beim Tragen der Rampen verhindert. Mit den neuen Profilen und der gelochten Oberfl\u00e4che wurde die leichteste Aluminiumrampe erreicht. Spezifikationen:  L\u00e4nge: 202 cm  Gewicht: 5,6 kg  Max. Belastung: 150 kg  Innere Breite: 19 cm  Empfohlene maximale H\u00f6he: 40 cm  L\u00e4nge zusammengeklappt: 116 cm\" \/>\n<meta property=\"og:url\" content=\"https:\/\/turschwellenrampe.de\/de\/rollstuhlrampen\/teleskop-schienenrampen\/teleskop-schienenrampe-202-cm\/\" \/>\n<meta property=\"og:site_name\" content=\"Turschwellenrampe.de\" \/>\n<meta property=\"article:publisher\" content=\"https:\/\/www.facebook.com\/Drempelhulp\/\" \/>\n<meta property=\"article:modified_time\" content=\"2024-01-18T15:46:19+00:00\" \/>\n<meta property=\"og:image\" content=\"https:\/\/turschwellenrampe.de\/wp-content\/uploads\/2021\/12\/580_f1c8a1e04a962b8d733b2023806f123f.jpg\" \/>\n\t<meta property=\"og:image:width\" content=\"1000\" \/>\n\t<meta property=\"og:image:height\" content=\"1000\" \/>\n\t<meta property=\"og:image:type\" content=\"image\/jpeg\" \/>\n<meta name=\"twitter:card\" content=\"summary_large_image\" \/>\n<meta name=\"twitter:label1\" content=\"Gesch\u00e4tzte Lesezeit\" \/>\n\t<meta name=\"twitter:data1\" content=\"1\u00a0Minute\" \/>\n<script type=\"application\/ld+json\" class=\"yoast-schema-graph\">{\"@context\":\"https:\\\/\\\/schema.org\",\"@graph\":[{\"@type\":\"WebPage\",\"@id\":\"https:\\\/\\\/turschwellenrampe.de\\\/de\\\/rollstuhlrampen\\\/teleskop-schienenrampen\\\/teleskop-schienenrampe-202-cm\\\/\",\"url\":\"https:\\\/\\\/turschwellenrampe.de\\\/de\\\/rollstuhlrampen\\\/teleskop-schienenrampen\\\/teleskop-schienenrampe-202-cm\\\/\",\"name\":\"Teleskop-Schienenrampe - 202 cm - Turschwellenrampe.de\",\"isPartOf\":{\"@id\":\"https:\\\/\\\/turschwellenrampe.de\\\/de\\\/#website\"},\"primaryImageOfPage\":{\"@id\":\"https:\\\/\\\/turschwellenrampe.de\\\/de\\\/rollstuhlrampen\\\/teleskop-schienenrampen\\\/teleskop-schienenrampe-202-cm\\\/#primaryimage\"},\"image\":{\"@id\":\"https:\\\/\\\/turschwellenrampe.de\\\/de\\\/rollstuhlrampen\\\/teleskop-schienenrampen\\\/teleskop-schienenrampe-202-cm\\\/#primaryimage\"},\"thumbnailUrl\":\"https:\\\/\\\/turschwellenrampe.de\\\/wp-content\\\/uploads\\\/2021\\\/12\\\/580_f1c8a1e04a962b8d733b2023806f123f.jpg\",\"datePublished\":\"2021-12-03T09:26:32+00:00\",\"dateModified\":\"2024-01-18T15:46:19+00:00\",\"breadcrumb\":{\"@id\":\"https:\\\/\\\/turschwellenrampe.de\\\/de\\\/rollstuhlrampen\\\/teleskop-schienenrampen\\\/teleskop-schienenrampe-202-cm\\\/#breadcrumb\"},\"inLanguage\":\"de\",\"potentialAction\":[{\"@type\":\"ReadAction\",\"target\":[\"https:\\\/\\\/turschwellenrampe.de\\\/de\\\/rollstuhlrampen\\\/teleskop-schienenrampen\\\/teleskop-schienenrampe-202-cm\\\/\"]}]},{\"@type\":\"ImageObject\",\"inLanguage\":\"de\",\"@id\":\"https:\\\/\\\/turschwellenrampe.de\\\/de\\\/rollstuhlrampen\\\/teleskop-schienenrampen\\\/teleskop-schienenrampe-202-cm\\\/#primaryimage\",\"url\":\"https:\\\/\\\/turschwellenrampe.de\\\/wp-content\\\/uploads\\\/2021\\\/12\\\/580_f1c8a1e04a962b8d733b2023806f123f.jpg\",\"contentUrl\":\"https:\\\/\\\/turschwellenrampe.de\\\/wp-content\\\/uploads\\\/2021\\\/12\\\/580_f1c8a1e04a962b8d733b2023806f123f.jpg\",\"width\":1000,\"height\":1000},{\"@type\":\"BreadcrumbList\",\"@id\":\"https:\\\/\\\/turschwellenrampe.de\\\/de\\\/rollstuhlrampen\\\/teleskop-schienenrampen\\\/teleskop-schienenrampe-202-cm\\\/#breadcrumb\",\"itemListElement\":[{\"@type\":\"ListItem\",\"position\":1,\"name\":\"Home\",\"item\":\"https:\\\/\\\/turschwellenrampe.de\\\/de\\\/\"},{\"@type\":\"ListItem\",\"position\":2,\"name\":\"Shop\",\"item\":\"https:\\\/\\\/turschwellenrampe.de\\\/de\\\/geschaft\\\/\"},{\"@type\":\"ListItem\",\"position\":3,\"name\":\"Teleskop-Schienenrampe &#8211; 202 cm\"}]},{\"@type\":\"WebSite\",\"@id\":\"https:\\\/\\\/turschwellenrampe.de\\\/de\\\/#website\",\"url\":\"https:\\\/\\\/turschwellenrampe.de\\\/de\\\/\",\"name\":\"Turschwellenrampe.de\",\"description\":\"De Specialist in Toegankelijkheid\",\"potentialAction\":[{\"@type\":\"SearchAction\",\"target\":{\"@type\":\"EntryPoint\",\"urlTemplate\":\"https:\\\/\\\/turschwellenrampe.de\\\/de\\\/?s={search_term_string}\"},\"query-input\":{\"@type\":\"PropertyValueSpecification\",\"valueRequired\":true,\"valueName\":\"search_term_string\"}}],\"inLanguage\":\"de\"}]}<\/script>\n<!-- \/ Yoast SEO plugin. -->","yoast_head_json":{"title":"Teleskop-Schienenrampe - 202 cm - Turschwellenrampe.de","robots":{"index":"index","follow":"follow","max-snippet":"max-snippet:-1","max-image-preview":"max-image-preview:large","max-video-preview":"max-video-preview:-1"},"canonical":"https:\/\/turschwellenrampe.de\/de\/rollstuhlrampen\/teleskop-schienenrampen\/teleskop-schienenrampe-202-cm\/","og_locale":"de_DE","og_type":"article","og_title":"Teleskop-Schienenrampe - 202 cm - Turschwellenrampe.de","og_description":"Die Teleskop-Schienenrampen lassen sich dank der Clips an der Seite der Rampe leicht und m\u00fchelos einfahren. Dadurch verringert sich die L\u00e4nge der einziehbaren Schienenrampe um etwa 40 %. Unsere Teleskoprampen sind in verschiedenen L\u00e4ngen erh\u00e4ltlich, so dass sie in vielen verschiedenen Situationen eingesetzt werden k\u00f6nnen. Die einzigartigen Griffbereiche der tragbaren Rampen wurden entwickelt, um eine rutschfeste Rampe zu schaffen. Alle Teleskop-Schienenrampen sind mit einer Transportsicherung ausgestattet, die ein Auseinanderrutschen der Rampen beim Transport oder beim Tragen der Rampen verhindert. Mit den neuen Profilen und der gelochten Oberfl\u00e4che wurde die leichteste Aluminiumrampe erreicht. Spezifikationen:  L\u00e4nge: 202 cm  Gewicht: 5,6 kg  Max. Belastung: 150 kg  Innere Breite: 19 cm  Empfohlene maximale H\u00f6he: 40 cm  L\u00e4nge zusammengeklappt: 116 cm","og_url":"https:\/\/turschwellenrampe.de\/de\/rollstuhlrampen\/teleskop-schienenrampen\/teleskop-schienenrampe-202-cm\/","og_site_name":"Turschwellenrampe.de","article_publisher":"https:\/\/www.facebook.com\/Drempelhulp\/","article_modified_time":"2024-01-18T15:46:19+00:00","og_image":[{"width":1000,"height":1000,"url":"https:\/\/turschwellenrampe.de\/wp-content\/uploads\/2021\/12\/580_f1c8a1e04a962b8d733b2023806f123f.jpg","type":"image\/jpeg"}],"twitter_card":"summary_large_image","twitter_misc":{"Gesch\u00e4tzte Lesezeit":"1\u00a0Minute"},"schema":{"@context":"https:\/\/schema.org","@graph":[{"@type":"WebPage","@id":"https:\/\/turschwellenrampe.de\/de\/rollstuhlrampen\/teleskop-schienenrampen\/teleskop-schienenrampe-202-cm\/","url":"https:\/\/turschwellenrampe.de\/de\/rollstuhlrampen\/teleskop-schienenrampen\/teleskop-schienenrampe-202-cm\/","name":"Teleskop-Schienenrampe - 202 cm - Turschwellenrampe.de","isPartOf":{"@id":"https:\/\/turschwellenrampe.de\/de\/#website"},"primaryImageOfPage":{"@id":"https:\/\/turschwellenrampe.de\/de\/rollstuhlrampen\/teleskop-schienenrampen\/teleskop-schienenrampe-202-cm\/#primaryimage"},"image":{"@id":"https:\/\/turschwellenrampe.de\/de\/rollstuhlrampen\/teleskop-schienenrampen\/teleskop-schienenrampe-202-cm\/#primaryimage"},"thumbnailUrl":"https:\/\/turschwellenrampe.de\/wp-content\/uploads\/2021\/12\/580_f1c8a1e04a962b8d733b2023806f123f.jpg","datePublished":"2021-12-03T09:26:32+00:00","dateModified":"2024-01-18T15:46:19+00:00","breadcrumb":{"@id":"https:\/\/turschwellenrampe.de\/de\/rollstuhlrampen\/teleskop-schienenrampen\/teleskop-schienenrampe-202-cm\/#breadcrumb"},"inLanguage":"de","potentialAction":[{"@type":"ReadAction","target":["https:\/\/turschwellenrampe.de\/de\/rollstuhlrampen\/teleskop-schienenrampen\/teleskop-schienenrampe-202-cm\/"]}]},{"@type":"ImageObject","inLanguage":"de","@id":"https:\/\/turschwellenrampe.de\/de\/rollstuhlrampen\/teleskop-schienenrampen\/teleskop-schienenrampe-202-cm\/#primaryimage","url":"https:\/\/turschwellenrampe.de\/wp-content\/uploads\/2021\/12\/580_f1c8a1e04a962b8d733b2023806f123f.jpg","contentUrl":"https:\/\/turschwellenrampe.de\/wp-content\/uploads\/2021\/12\/580_f1c8a1e04a962b8d733b2023806f123f.jpg","width":1000,"height":1000},{"@type":"BreadcrumbList","@id":"https:\/\/turschwellenrampe.de\/de\/rollstuhlrampen\/teleskop-schienenrampen\/teleskop-schienenrampe-202-cm\/#breadcrumb","itemListElement":[{"@type":"ListItem","position":1,"name":"Home","item":"https:\/\/turschwellenrampe.de\/de\/"},{"@type":"ListItem","position":2,"name":"Shop","item":"https:\/\/turschwellenrampe.de\/de\/geschaft\/"},{"@type":"ListItem","position":3,"name":"Teleskop-Schienenrampe &#8211; 202 cm"}]},{"@type":"WebSite","@id":"https:\/\/turschwellenrampe.de\/de\/#website","url":"https:\/\/turschwellenrampe.de\/de\/","name":"Turschwellenrampe.de","description":"De Specialist in Toegankelijkheid","potentialAction":[{"@type":"SearchAction","target":{"@type":"EntryPoint","urlTemplate":"https:\/\/turschwellenrampe.de\/de\/?s={search_term_string}"},"query-input":{"@type":"PropertyValueSpecification","valueRequired":true,"valueName":"search_term_string"}}],"inLanguage":"de"}]}},"_links":{"self":[{"href":"https:\/\/turschwellenrampe.de\/de\/wp-json\/wp\/v2\/product\/12526","targetHints":{"allow":["GET"]}}],"collection":[{"href":"https:\/\/turschwellenrampe.de\/de\/wp-json\/wp\/v2\/product"}],"about":[{"href":"https:\/\/turschwellenrampe.de\/de\/wp-json\/wp\/v2\/types\/product"}],"replies":[{"embeddable":true,"href":"https:\/\/turschwellenrampe.de\/de\/wp-json\/wp\/v2\/comments?post=12526"}],"wp:featuredmedia":[{"embeddable":true,"href":"https:\/\/turschwellenrampe.de\/de\/wp-json\/wp\/v2\/media\/12317"}],"wp:attachment":[{"href":"https:\/\/turschwellenrampe.de\/de\/wp-json\/wp\/v2\/media?parent=12526"}],"wp:term":[{"taxonomy":"product_brand","embeddable":true,"href":"https:\/\/turschwellenrampe.de\/de\/wp-json\/wp\/v2\/product_brand?post=12526"},{"taxonomy":"product_cat","embeddable":true,"href":"https:\/\/turschwellenrampe.de\/de\/wp-json\/wp\/v2\/product_cat?post=12526"},{"taxonomy":"product_tag","embeddable":true,"href":"https:\/\/turschwellenrampe.de\/de\/wp-json\/wp\/v2\/product_tag?post=12526"}],"curies":[{"name":"wp","href":"https:\/\/api.w.org\/{rel}","templated":true}]}}