{"id":12515,"date":"2021-12-03T15:54:43","date_gmt":"2021-12-03T14:54:43","guid":{"rendered":"https:\/\/turschwellenrampe.de\/shop\/unkategorisiert\/zusammenklappbare-einfahrbare-schienenrampen-276-cm\/"},"modified":"2024-01-18T16:44:33","modified_gmt":"2024-01-18T15:44:33","slug":"zusammenklappbare-einfahrbare-schienenrampen-276-cm","status":"publish","type":"product","link":"https:\/\/turschwellenrampe.de\/de\/rollstuhlrampen\/faltbare-schienenrampen\/zusammenklappbare-einfahrbare-schienenrampen-276-cm\/","title":{"rendered":"Zusammenklappbare &amp; einfahrbare Schienenrampen &#8211; 276 cm"},"content":{"rendered":"<p>Die Schienenrampen sind leicht einziehbar und m\u00fchelos faltbar. Die Schienenrampen sind in verschiedenen L\u00e4ngen erh\u00e4ltlich und immer mit Griffen ausgestattet, die das Tragen der Rampe erleichtern. Au\u00dferdem sind die Schienenrampen im zusammengeklappten Zustand besonders kompakt, da sie sowohl faltbar als auch einziehbar sind. Die einzigartige Anti-Rutsch-Oberfl\u00e4che der tragbaren Rampen wurde entwickelt, um eine rutschfeste Rampe zu schaffen. Mit den neuen Profilen und der gelochten Oberfl\u00e4che ist die leichteste Aluminiumrampe entstanden.<\/p>\n<p>Diese Schienenrampe hat eine innere Breite von mindestens 19 cm.<\/p>\n<p><strong>Spezifikationen:<\/strong><\/p>\n<ul>\n<li>L\u00e4nge: 276 cm<\/li>\n<li>Gewicht: 8,6 kg<\/li>\n<li>Max. Belastung: 125 kg<\/li>\n<li>Innere Breite: 19 cm<\/li>\n<li>Empfohlene maximale H\u00f6he: 60 cm<\/li>\n<li>L\u00e4nge zusammengeklappt: 101 cm<\/li>\n<\/ul>\n","protected":false},"excerpt":{"rendered":"<p>Die Schienenrampen sind leicht einziehbar und m\u00fchelos faltbar. Die Schienenrampen sind in verschiedenen L\u00e4ngen erh\u00e4ltlich und immer mit Griffen ausgestattet, die das Tragen der Rampe erleichtern. Au\u00dferdem sind die Schienenrampen im zusammengeklappten Zustand besonders kompakt, da sie sowohl faltbar als auch einziehbar sind. Die einzigartige Anti-Rutsch-Oberfl\u00e4che der tragbaren Rampen wurde entwickelt, um eine rutschfeste Rampe zu schaffen. Mit den neuen Profilen und der gelochten Oberfl\u00e4che ist die leichteste Aluminiumrampe entstanden.<\/p>\n<p>Diese Schienenrampe hat eine innere Breite von mindestens 19 cm.<\/p>\n<p><strong>Spezifikationen:<\/strong><\/p>\n<ul>\n<li>L\u00e4nge: 276 cm<\/li>\n<li>Gewicht: 8,6 kg<\/li>\n<li>Max. Belastung: 125 kg<\/li>\n<li>Innere Breite: 19 cm<\/li>\n<li>Empfohlene maximale H\u00f6he: 60 cm<\/li>\n<li>L\u00e4nge zusammengeklappt: 101 cm<\/li>\n<\/ul>\n","protected":false},"featured_media":12332,"comment_status":"open","ping_status":"closed","template":"","meta":[],"product_brand":[],"product_cat":[531,529],"product_tag":[],"class_list":{"0":"post-12515","1":"product","2":"type-product","3":"status-publish","4":"has-post-thumbnail","6":"product_cat-faltbare-schienenrampen","7":"product_cat-schienenrampen","9":"first","10":"instock","11":"taxable","12":"shipping-taxable","13":"purchasable","14":"product-type-simple"},"yoast_head":"<!-- This site is optimized with the Yoast SEO plugin v27.3 - https:\/\/yoast.com\/product\/yoast-seo-wordpress\/ -->\n<title>Zusammenklappbare &amp; einfahrbare Schienenrampen - 276 cm - Turschwellenrampe.de<\/title>\n<meta name=\"robots\" content=\"index, follow, max-snippet:-1, max-image-preview:large, max-video-preview:-1\" \/>\n<link rel=\"canonical\" href=\"https:\/\/turschwellenrampe.de\/de\/rollstuhlrampen\/faltbare-schienenrampen\/zusammenklappbare-einfahrbare-schienenrampen-276-cm\/\" \/>\n<meta property=\"og:locale\" content=\"de_DE\" \/>\n<meta property=\"og:type\" content=\"article\" \/>\n<meta property=\"og:title\" content=\"Zusammenklappbare &amp; einfahrbare Schienenrampen - 276 cm - Turschwellenrampe.de\" \/>\n<meta property=\"og:description\" content=\"Die Schienenrampen sind leicht einziehbar und m\u00fchelos faltbar. Die Schienenrampen sind in verschiedenen L\u00e4ngen erh\u00e4ltlich und immer mit Griffen ausgestattet, die das Tragen der Rampe erleichtern. Au\u00dferdem sind die Schienenrampen im zusammengeklappten Zustand besonders kompakt, da sie sowohl faltbar als auch einziehbar sind. Die einzigartige Anti-Rutsch-Oberfl\u00e4che der tragbaren Rampen wurde entwickelt, um eine rutschfeste Rampe zu schaffen. Mit den neuen Profilen und der gelochten Oberfl\u00e4che ist die leichteste Aluminiumrampe entstanden. Diese Schienenrampe hat eine innere Breite von mindestens 19 cm. Spezifikationen:  L\u00e4nge: 276 cm  Gewicht: 8,6 kg  Max. Belastung: 125 kg  Innere Breite: 19 cm  Empfohlene maximale H\u00f6he: 60 cm  L\u00e4nge zusammengeklappt: 101 cm\" \/>\n<meta property=\"og:url\" content=\"https:\/\/turschwellenrampe.de\/de\/rollstuhlrampen\/faltbare-schienenrampen\/zusammenklappbare-einfahrbare-schienenrampen-276-cm\/\" \/>\n<meta property=\"og:site_name\" content=\"Turschwellenrampe.de\" \/>\n<meta property=\"article:publisher\" content=\"https:\/\/www.facebook.com\/Drempelhulp\/\" \/>\n<meta property=\"article:modified_time\" content=\"2024-01-18T15:44:33+00:00\" \/>\n<meta property=\"og:image\" content=\"https:\/\/turschwellenrampe.de\/wp-content\/uploads\/2021\/12\/1157_d01b21ca.png\" \/>\n\t<meta property=\"og:image:width\" content=\"1368\" \/>\n\t<meta property=\"og:image:height\" content=\"1368\" \/>\n\t<meta property=\"og:image:type\" content=\"image\/png\" \/>\n<meta name=\"twitter:card\" content=\"summary_large_image\" \/>\n<meta name=\"twitter:label1\" content=\"Gesch\u00e4tzte Lesezeit\" \/>\n\t<meta name=\"twitter:data1\" content=\"1\u00a0Minute\" \/>\n<script type=\"application\/ld+json\" class=\"yoast-schema-graph\">{\"@context\":\"https:\\\/\\\/schema.org\",\"@graph\":[{\"@type\":\"WebPage\",\"@id\":\"https:\\\/\\\/turschwellenrampe.de\\\/de\\\/rollstuhlrampen\\\/faltbare-schienenrampen\\\/zusammenklappbare-einfahrbare-schienenrampen-276-cm\\\/\",\"url\":\"https:\\\/\\\/turschwellenrampe.de\\\/de\\\/rollstuhlrampen\\\/faltbare-schienenrampen\\\/zusammenklappbare-einfahrbare-schienenrampen-276-cm\\\/\",\"name\":\"Zusammenklappbare &amp; einfahrbare Schienenrampen - 276 cm - Turschwellenrampe.de\",\"isPartOf\":{\"@id\":\"https:\\\/\\\/turschwellenrampe.de\\\/de\\\/#website\"},\"primaryImageOfPage\":{\"@id\":\"https:\\\/\\\/turschwellenrampe.de\\\/de\\\/rollstuhlrampen\\\/faltbare-schienenrampen\\\/zusammenklappbare-einfahrbare-schienenrampen-276-cm\\\/#primaryimage\"},\"image\":{\"@id\":\"https:\\\/\\\/turschwellenrampe.de\\\/de\\\/rollstuhlrampen\\\/faltbare-schienenrampen\\\/zusammenklappbare-einfahrbare-schienenrampen-276-cm\\\/#primaryimage\"},\"thumbnailUrl\":\"https:\\\/\\\/turschwellenrampe.de\\\/wp-content\\\/uploads\\\/2021\\\/12\\\/1157_d01b21ca.png\",\"datePublished\":\"2021-12-03T14:54:43+00:00\",\"dateModified\":\"2024-01-18T15:44:33+00:00\",\"breadcrumb\":{\"@id\":\"https:\\\/\\\/turschwellenrampe.de\\\/de\\\/rollstuhlrampen\\\/faltbare-schienenrampen\\\/zusammenklappbare-einfahrbare-schienenrampen-276-cm\\\/#breadcrumb\"},\"inLanguage\":\"de\",\"potentialAction\":[{\"@type\":\"ReadAction\",\"target\":[\"https:\\\/\\\/turschwellenrampe.de\\\/de\\\/rollstuhlrampen\\\/faltbare-schienenrampen\\\/zusammenklappbare-einfahrbare-schienenrampen-276-cm\\\/\"]}]},{\"@type\":\"ImageObject\",\"inLanguage\":\"de\",\"@id\":\"https:\\\/\\\/turschwellenrampe.de\\\/de\\\/rollstuhlrampen\\\/faltbare-schienenrampen\\\/zusammenklappbare-einfahrbare-schienenrampen-276-cm\\\/#primaryimage\",\"url\":\"https:\\\/\\\/turschwellenrampe.de\\\/wp-content\\\/uploads\\\/2021\\\/12\\\/1157_d01b21ca.png\",\"contentUrl\":\"https:\\\/\\\/turschwellenrampe.de\\\/wp-content\\\/uploads\\\/2021\\\/12\\\/1157_d01b21ca.png\",\"width\":1368,\"height\":1368},{\"@type\":\"BreadcrumbList\",\"@id\":\"https:\\\/\\\/turschwellenrampe.de\\\/de\\\/rollstuhlrampen\\\/faltbare-schienenrampen\\\/zusammenklappbare-einfahrbare-schienenrampen-276-cm\\\/#breadcrumb\",\"itemListElement\":[{\"@type\":\"ListItem\",\"position\":1,\"name\":\"Home\",\"item\":\"https:\\\/\\\/turschwellenrampe.de\\\/de\\\/\"},{\"@type\":\"ListItem\",\"position\":2,\"name\":\"Shop\",\"item\":\"https:\\\/\\\/turschwellenrampe.de\\\/de\\\/geschaft\\\/\"},{\"@type\":\"ListItem\",\"position\":3,\"name\":\"Zusammenklappbare &amp; einfahrbare Schienenrampen &#8211; 276 cm\"}]},{\"@type\":\"WebSite\",\"@id\":\"https:\\\/\\\/turschwellenrampe.de\\\/de\\\/#website\",\"url\":\"https:\\\/\\\/turschwellenrampe.de\\\/de\\\/\",\"name\":\"Turschwellenrampe.de\",\"description\":\"De Specialist in Toegankelijkheid\",\"potentialAction\":[{\"@type\":\"SearchAction\",\"target\":{\"@type\":\"EntryPoint\",\"urlTemplate\":\"https:\\\/\\\/turschwellenrampe.de\\\/de\\\/?s={search_term_string}\"},\"query-input\":{\"@type\":\"PropertyValueSpecification\",\"valueRequired\":true,\"valueName\":\"search_term_string\"}}],\"inLanguage\":\"de\"}]}<\/script>\n<!-- \/ Yoast SEO plugin. -->","yoast_head_json":{"title":"Zusammenklappbare &amp; einfahrbare Schienenrampen - 276 cm - Turschwellenrampe.de","robots":{"index":"index","follow":"follow","max-snippet":"max-snippet:-1","max-image-preview":"max-image-preview:large","max-video-preview":"max-video-preview:-1"},"canonical":"https:\/\/turschwellenrampe.de\/de\/rollstuhlrampen\/faltbare-schienenrampen\/zusammenklappbare-einfahrbare-schienenrampen-276-cm\/","og_locale":"de_DE","og_type":"article","og_title":"Zusammenklappbare &amp; einfahrbare Schienenrampen - 276 cm - Turschwellenrampe.de","og_description":"Die Schienenrampen sind leicht einziehbar und m\u00fchelos faltbar. Die Schienenrampen sind in verschiedenen L\u00e4ngen erh\u00e4ltlich und immer mit Griffen ausgestattet, die das Tragen der Rampe erleichtern. Au\u00dferdem sind die Schienenrampen im zusammengeklappten Zustand besonders kompakt, da sie sowohl faltbar als auch einziehbar sind. Die einzigartige Anti-Rutsch-Oberfl\u00e4che der tragbaren Rampen wurde entwickelt, um eine rutschfeste Rampe zu schaffen. Mit den neuen Profilen und der gelochten Oberfl\u00e4che ist die leichteste Aluminiumrampe entstanden. Diese Schienenrampe hat eine innere Breite von mindestens 19 cm. Spezifikationen:  L\u00e4nge: 276 cm  Gewicht: 8,6 kg  Max. Belastung: 125 kg  Innere Breite: 19 cm  Empfohlene maximale H\u00f6he: 60 cm  L\u00e4nge zusammengeklappt: 101 cm","og_url":"https:\/\/turschwellenrampe.de\/de\/rollstuhlrampen\/faltbare-schienenrampen\/zusammenklappbare-einfahrbare-schienenrampen-276-cm\/","og_site_name":"Turschwellenrampe.de","article_publisher":"https:\/\/www.facebook.com\/Drempelhulp\/","article_modified_time":"2024-01-18T15:44:33+00:00","og_image":[{"width":1368,"height":1368,"url":"https:\/\/turschwellenrampe.de\/wp-content\/uploads\/2021\/12\/1157_d01b21ca.png","type":"image\/png"}],"twitter_card":"summary_large_image","twitter_misc":{"Gesch\u00e4tzte Lesezeit":"1\u00a0Minute"},"schema":{"@context":"https:\/\/schema.org","@graph":[{"@type":"WebPage","@id":"https:\/\/turschwellenrampe.de\/de\/rollstuhlrampen\/faltbare-schienenrampen\/zusammenklappbare-einfahrbare-schienenrampen-276-cm\/","url":"https:\/\/turschwellenrampe.de\/de\/rollstuhlrampen\/faltbare-schienenrampen\/zusammenklappbare-einfahrbare-schienenrampen-276-cm\/","name":"Zusammenklappbare &amp; einfahrbare Schienenrampen - 276 cm - Turschwellenrampe.de","isPartOf":{"@id":"https:\/\/turschwellenrampe.de\/de\/#website"},"primaryImageOfPage":{"@id":"https:\/\/turschwellenrampe.de\/de\/rollstuhlrampen\/faltbare-schienenrampen\/zusammenklappbare-einfahrbare-schienenrampen-276-cm\/#primaryimage"},"image":{"@id":"https:\/\/turschwellenrampe.de\/de\/rollstuhlrampen\/faltbare-schienenrampen\/zusammenklappbare-einfahrbare-schienenrampen-276-cm\/#primaryimage"},"thumbnailUrl":"https:\/\/turschwellenrampe.de\/wp-content\/uploads\/2021\/12\/1157_d01b21ca.png","datePublished":"2021-12-03T14:54:43+00:00","dateModified":"2024-01-18T15:44:33+00:00","breadcrumb":{"@id":"https:\/\/turschwellenrampe.de\/de\/rollstuhlrampen\/faltbare-schienenrampen\/zusammenklappbare-einfahrbare-schienenrampen-276-cm\/#breadcrumb"},"inLanguage":"de","potentialAction":[{"@type":"ReadAction","target":["https:\/\/turschwellenrampe.de\/de\/rollstuhlrampen\/faltbare-schienenrampen\/zusammenklappbare-einfahrbare-schienenrampen-276-cm\/"]}]},{"@type":"ImageObject","inLanguage":"de","@id":"https:\/\/turschwellenrampe.de\/de\/rollstuhlrampen\/faltbare-schienenrampen\/zusammenklappbare-einfahrbare-schienenrampen-276-cm\/#primaryimage","url":"https:\/\/turschwellenrampe.de\/wp-content\/uploads\/2021\/12\/1157_d01b21ca.png","contentUrl":"https:\/\/turschwellenrampe.de\/wp-content\/uploads\/2021\/12\/1157_d01b21ca.png","width":1368,"height":1368},{"@type":"BreadcrumbList","@id":"https:\/\/turschwellenrampe.de\/de\/rollstuhlrampen\/faltbare-schienenrampen\/zusammenklappbare-einfahrbare-schienenrampen-276-cm\/#breadcrumb","itemListElement":[{"@type":"ListItem","position":1,"name":"Home","item":"https:\/\/turschwellenrampe.de\/de\/"},{"@type":"ListItem","position":2,"name":"Shop","item":"https:\/\/turschwellenrampe.de\/de\/geschaft\/"},{"@type":"ListItem","position":3,"name":"Zusammenklappbare &amp; einfahrbare Schienenrampen &#8211; 276 cm"}]},{"@type":"WebSite","@id":"https:\/\/turschwellenrampe.de\/de\/#website","url":"https:\/\/turschwellenrampe.de\/de\/","name":"Turschwellenrampe.de","description":"De Specialist in Toegankelijkheid","potentialAction":[{"@type":"SearchAction","target":{"@type":"EntryPoint","urlTemplate":"https:\/\/turschwellenrampe.de\/de\/?s={search_term_string}"},"query-input":{"@type":"PropertyValueSpecification","valueRequired":true,"valueName":"search_term_string"}}],"inLanguage":"de"}]}},"_links":{"self":[{"href":"https:\/\/turschwellenrampe.de\/de\/wp-json\/wp\/v2\/product\/12515","targetHints":{"allow":["GET"]}}],"collection":[{"href":"https:\/\/turschwellenrampe.de\/de\/wp-json\/wp\/v2\/product"}],"about":[{"href":"https:\/\/turschwellenrampe.de\/de\/wp-json\/wp\/v2\/types\/product"}],"replies":[{"embeddable":true,"href":"https:\/\/turschwellenrampe.de\/de\/wp-json\/wp\/v2\/comments?post=12515"}],"wp:featuredmedia":[{"embeddable":true,"href":"https:\/\/turschwellenrampe.de\/de\/wp-json\/wp\/v2\/media\/12332"}],"wp:attachment":[{"href":"https:\/\/turschwellenrampe.de\/de\/wp-json\/wp\/v2\/media?parent=12515"}],"wp:term":[{"taxonomy":"product_brand","embeddable":true,"href":"https:\/\/turschwellenrampe.de\/de\/wp-json\/wp\/v2\/product_brand?post=12515"},{"taxonomy":"product_cat","embeddable":true,"href":"https:\/\/turschwellenrampe.de\/de\/wp-json\/wp\/v2\/product_cat?post=12515"},{"taxonomy":"product_tag","embeddable":true,"href":"https:\/\/turschwellenrampe.de\/de\/wp-json\/wp\/v2\/product_tag?post=12515"}],"curies":[{"name":"wp","href":"https:\/\/api.w.org\/{rel}","templated":true}]}}