{"id":12510,"date":"2021-12-03T16:47:25","date_gmt":"2021-12-03T15:47:25","guid":{"rendered":"https:\/\/turschwellenrampe.de\/shop\/unkategorisiert\/ladeschiene-250-cm-400-kg-kapazitaet\/"},"modified":"2024-01-18T16:45:21","modified_gmt":"2024-01-18T15:45:21","slug":"ladeschiene-250-cm-400-kg-kapazitat","status":"publish","type":"product","link":"https:\/\/turschwellenrampe.de\/de\/industriell\/ladeschienen\/ladeschiene-250-cm-400-kg-kapazitat\/","title":{"rendered":"Ladeschiene &#8211; 250 cm (400 kg Kapazit\u00e4t)"},"content":{"rendered":"<p>Zusammenklappbare Ladeschienen in verschiedenen Gr\u00f6\u00dfen erh\u00e4ltlich. Leicht zu tragen und zu benutzen. Auf Anfrage ist es auch m\u00f6glich, eine individuelle Gr\u00f6\u00dfe anzufertigen.<\/p>\n<p>Die einzigartigen Grifffl\u00e4chen dieser tragbaren Rampen wurden entwickelt, um eine rutschfeste Rampe zu schaffen. Perfekt f\u00fcr das Beladen von vierr\u00e4drigen Motorr\u00e4dern, Rasenm\u00e4hern oder bei Verwendung eines Trolleys.<\/p>\n<p>Die Verladeschienen sind auch in einer klappbaren Version erh\u00e4ltlich.<\/p>\n<p><strong>Spezifikationen:<\/strong><\/p>\n<ul>\n<li>L\u00e4nge: 250 cm<\/li>\n<li>Gewicht: 11 kg<\/li>\n<li>Max. Belastung: 400 kg<\/li>\n<li>Breite: 27 cm<\/li>\n<\/ul>\n","protected":false},"excerpt":{"rendered":"<p>Zusammenklappbare Ladeschienen in verschiedenen Gr\u00f6\u00dfen erh\u00e4ltlich. Leicht zu tragen und zu benutzen. Auf Anfrage ist es auch m\u00f6glich, eine individuelle Gr\u00f6\u00dfe anzufertigen.<\/p>\n<p>Die einzigartigen Grifffl\u00e4chen dieser tragbaren Rampen wurden entwickelt, um eine rutschfeste Rampe zu schaffen. Perfekt f\u00fcr das Beladen von vierr\u00e4drigen Motorr\u00e4dern, Rasenm\u00e4hern oder bei Verwendung eines Trolleys.<\/p>\n<p>Die Verladeschienen sind auch in einer klappbaren Version erh\u00e4ltlich.<\/p>\n<p><strong>Spezifikationen:<\/strong><\/p>\n<ul>\n<li>L\u00e4nge: 250 cm<\/li>\n<li>Gewicht: 11 kg<\/li>\n<li>Max. Belastung: 400 kg<\/li>\n<li>Breite: 27 cm<\/li>\n<\/ul>\n","protected":false},"featured_media":12333,"comment_status":"open","ping_status":"closed","template":"","meta":[],"product_brand":[],"product_cat":[504],"product_tag":[],"class_list":{"0":"post-12510","1":"product","2":"type-product","3":"status-publish","4":"has-post-thumbnail","6":"product_cat-ladeschienen","8":"first","9":"instock","10":"taxable","11":"shipping-taxable","12":"purchasable","13":"product-type-simple"},"yoast_head":"<!-- This site is optimized with the Yoast SEO plugin v27.3 - https:\/\/yoast.com\/product\/yoast-seo-wordpress\/ -->\n<title>Ladeschiene - 250 cm (400 kg Kapazit\u00e4t) - Turschwellenrampe.de<\/title>\n<meta name=\"robots\" content=\"index, follow, max-snippet:-1, max-image-preview:large, max-video-preview:-1\" \/>\n<link rel=\"canonical\" href=\"https:\/\/turschwellenrampe.de\/de\/industriell\/ladeschienen\/ladeschiene-250-cm-400-kg-kapazitat\/\" \/>\n<meta property=\"og:locale\" content=\"de_DE\" \/>\n<meta property=\"og:type\" content=\"article\" \/>\n<meta property=\"og:title\" content=\"Ladeschiene - 250 cm (400 kg Kapazit\u00e4t) - Turschwellenrampe.de\" \/>\n<meta property=\"og:description\" content=\"Zusammenklappbare Ladeschienen in verschiedenen Gr\u00f6\u00dfen erh\u00e4ltlich. Leicht zu tragen und zu benutzen. Auf Anfrage ist es auch m\u00f6glich, eine individuelle Gr\u00f6\u00dfe anzufertigen. Die einzigartigen Grifffl\u00e4chen dieser tragbaren Rampen wurden entwickelt, um eine rutschfeste Rampe zu schaffen. Perfekt f\u00fcr das Beladen von vierr\u00e4drigen Motorr\u00e4dern, Rasenm\u00e4hern oder bei Verwendung eines Trolleys. Die Verladeschienen sind auch in einer klappbaren Version erh\u00e4ltlich. Spezifikationen:  L\u00e4nge: 250 cm  Gewicht: 11 kg  Max. Belastung: 400 kg  Breite: 27 cm\" \/>\n<meta property=\"og:url\" content=\"https:\/\/turschwellenrampe.de\/de\/industriell\/ladeschienen\/ladeschiene-250-cm-400-kg-kapazitat\/\" \/>\n<meta property=\"og:site_name\" content=\"Turschwellenrampe.de\" \/>\n<meta property=\"article:publisher\" content=\"https:\/\/www.facebook.com\/Drempelhulp\/\" \/>\n<meta property=\"article:modified_time\" content=\"2024-01-18T15:45:21+00:00\" \/>\n<meta property=\"og:image\" content=\"https:\/\/turschwellenrampe.de\/wp-content\/uploads\/2021\/12\/1158_d01b21ca.png\" \/>\n\t<meta property=\"og:image:width\" content=\"1368\" \/>\n\t<meta property=\"og:image:height\" content=\"1368\" \/>\n\t<meta property=\"og:image:type\" content=\"image\/png\" \/>\n<meta name=\"twitter:card\" content=\"summary_large_image\" \/>\n<script type=\"application\/ld+json\" class=\"yoast-schema-graph\">{\"@context\":\"https:\\\/\\\/schema.org\",\"@graph\":[{\"@type\":\"WebPage\",\"@id\":\"https:\\\/\\\/turschwellenrampe.de\\\/de\\\/industriell\\\/ladeschienen\\\/ladeschiene-250-cm-400-kg-kapazitat\\\/\",\"url\":\"https:\\\/\\\/turschwellenrampe.de\\\/de\\\/industriell\\\/ladeschienen\\\/ladeschiene-250-cm-400-kg-kapazitat\\\/\",\"name\":\"Ladeschiene - 250 cm (400 kg Kapazit\u00e4t) - Turschwellenrampe.de\",\"isPartOf\":{\"@id\":\"https:\\\/\\\/turschwellenrampe.de\\\/de\\\/#website\"},\"primaryImageOfPage\":{\"@id\":\"https:\\\/\\\/turschwellenrampe.de\\\/de\\\/industriell\\\/ladeschienen\\\/ladeschiene-250-cm-400-kg-kapazitat\\\/#primaryimage\"},\"image\":{\"@id\":\"https:\\\/\\\/turschwellenrampe.de\\\/de\\\/industriell\\\/ladeschienen\\\/ladeschiene-250-cm-400-kg-kapazitat\\\/#primaryimage\"},\"thumbnailUrl\":\"https:\\\/\\\/turschwellenrampe.de\\\/wp-content\\\/uploads\\\/2021\\\/12\\\/1158_d01b21ca.png\",\"datePublished\":\"2021-12-03T15:47:25+00:00\",\"dateModified\":\"2024-01-18T15:45:21+00:00\",\"breadcrumb\":{\"@id\":\"https:\\\/\\\/turschwellenrampe.de\\\/de\\\/industriell\\\/ladeschienen\\\/ladeschiene-250-cm-400-kg-kapazitat\\\/#breadcrumb\"},\"inLanguage\":\"de\",\"potentialAction\":[{\"@type\":\"ReadAction\",\"target\":[\"https:\\\/\\\/turschwellenrampe.de\\\/de\\\/industriell\\\/ladeschienen\\\/ladeschiene-250-cm-400-kg-kapazitat\\\/\"]}]},{\"@type\":\"ImageObject\",\"inLanguage\":\"de\",\"@id\":\"https:\\\/\\\/turschwellenrampe.de\\\/de\\\/industriell\\\/ladeschienen\\\/ladeschiene-250-cm-400-kg-kapazitat\\\/#primaryimage\",\"url\":\"https:\\\/\\\/turschwellenrampe.de\\\/wp-content\\\/uploads\\\/2021\\\/12\\\/1158_d01b21ca.png\",\"contentUrl\":\"https:\\\/\\\/turschwellenrampe.de\\\/wp-content\\\/uploads\\\/2021\\\/12\\\/1158_d01b21ca.png\",\"width\":1368,\"height\":1368},{\"@type\":\"BreadcrumbList\",\"@id\":\"https:\\\/\\\/turschwellenrampe.de\\\/de\\\/industriell\\\/ladeschienen\\\/ladeschiene-250-cm-400-kg-kapazitat\\\/#breadcrumb\",\"itemListElement\":[{\"@type\":\"ListItem\",\"position\":1,\"name\":\"Home\",\"item\":\"https:\\\/\\\/turschwellenrampe.de\\\/de\\\/\"},{\"@type\":\"ListItem\",\"position\":2,\"name\":\"Shop\",\"item\":\"https:\\\/\\\/turschwellenrampe.de\\\/de\\\/geschaft\\\/\"},{\"@type\":\"ListItem\",\"position\":3,\"name\":\"Ladeschiene &#8211; 250 cm (400 kg Kapazit\u00e4t)\"}]},{\"@type\":\"WebSite\",\"@id\":\"https:\\\/\\\/turschwellenrampe.de\\\/de\\\/#website\",\"url\":\"https:\\\/\\\/turschwellenrampe.de\\\/de\\\/\",\"name\":\"Turschwellenrampe.de\",\"description\":\"De Specialist in Toegankelijkheid\",\"potentialAction\":[{\"@type\":\"SearchAction\",\"target\":{\"@type\":\"EntryPoint\",\"urlTemplate\":\"https:\\\/\\\/turschwellenrampe.de\\\/de\\\/?s={search_term_string}\"},\"query-input\":{\"@type\":\"PropertyValueSpecification\",\"valueRequired\":true,\"valueName\":\"search_term_string\"}}],\"inLanguage\":\"de\"}]}<\/script>\n<!-- \/ Yoast SEO plugin. -->","yoast_head_json":{"title":"Ladeschiene - 250 cm (400 kg Kapazit\u00e4t) - Turschwellenrampe.de","robots":{"index":"index","follow":"follow","max-snippet":"max-snippet:-1","max-image-preview":"max-image-preview:large","max-video-preview":"max-video-preview:-1"},"canonical":"https:\/\/turschwellenrampe.de\/de\/industriell\/ladeschienen\/ladeschiene-250-cm-400-kg-kapazitat\/","og_locale":"de_DE","og_type":"article","og_title":"Ladeschiene - 250 cm (400 kg Kapazit\u00e4t) - Turschwellenrampe.de","og_description":"Zusammenklappbare Ladeschienen in verschiedenen Gr\u00f6\u00dfen erh\u00e4ltlich. Leicht zu tragen und zu benutzen. Auf Anfrage ist es auch m\u00f6glich, eine individuelle Gr\u00f6\u00dfe anzufertigen. Die einzigartigen Grifffl\u00e4chen dieser tragbaren Rampen wurden entwickelt, um eine rutschfeste Rampe zu schaffen. Perfekt f\u00fcr das Beladen von vierr\u00e4drigen Motorr\u00e4dern, Rasenm\u00e4hern oder bei Verwendung eines Trolleys. Die Verladeschienen sind auch in einer klappbaren Version erh\u00e4ltlich. Spezifikationen:  L\u00e4nge: 250 cm  Gewicht: 11 kg  Max. Belastung: 400 kg  Breite: 27 cm","og_url":"https:\/\/turschwellenrampe.de\/de\/industriell\/ladeschienen\/ladeschiene-250-cm-400-kg-kapazitat\/","og_site_name":"Turschwellenrampe.de","article_publisher":"https:\/\/www.facebook.com\/Drempelhulp\/","article_modified_time":"2024-01-18T15:45:21+00:00","og_image":[{"width":1368,"height":1368,"url":"https:\/\/turschwellenrampe.de\/wp-content\/uploads\/2021\/12\/1158_d01b21ca.png","type":"image\/png"}],"twitter_card":"summary_large_image","schema":{"@context":"https:\/\/schema.org","@graph":[{"@type":"WebPage","@id":"https:\/\/turschwellenrampe.de\/de\/industriell\/ladeschienen\/ladeschiene-250-cm-400-kg-kapazitat\/","url":"https:\/\/turschwellenrampe.de\/de\/industriell\/ladeschienen\/ladeschiene-250-cm-400-kg-kapazitat\/","name":"Ladeschiene - 250 cm (400 kg Kapazit\u00e4t) - Turschwellenrampe.de","isPartOf":{"@id":"https:\/\/turschwellenrampe.de\/de\/#website"},"primaryImageOfPage":{"@id":"https:\/\/turschwellenrampe.de\/de\/industriell\/ladeschienen\/ladeschiene-250-cm-400-kg-kapazitat\/#primaryimage"},"image":{"@id":"https:\/\/turschwellenrampe.de\/de\/industriell\/ladeschienen\/ladeschiene-250-cm-400-kg-kapazitat\/#primaryimage"},"thumbnailUrl":"https:\/\/turschwellenrampe.de\/wp-content\/uploads\/2021\/12\/1158_d01b21ca.png","datePublished":"2021-12-03T15:47:25+00:00","dateModified":"2024-01-18T15:45:21+00:00","breadcrumb":{"@id":"https:\/\/turschwellenrampe.de\/de\/industriell\/ladeschienen\/ladeschiene-250-cm-400-kg-kapazitat\/#breadcrumb"},"inLanguage":"de","potentialAction":[{"@type":"ReadAction","target":["https:\/\/turschwellenrampe.de\/de\/industriell\/ladeschienen\/ladeschiene-250-cm-400-kg-kapazitat\/"]}]},{"@type":"ImageObject","inLanguage":"de","@id":"https:\/\/turschwellenrampe.de\/de\/industriell\/ladeschienen\/ladeschiene-250-cm-400-kg-kapazitat\/#primaryimage","url":"https:\/\/turschwellenrampe.de\/wp-content\/uploads\/2021\/12\/1158_d01b21ca.png","contentUrl":"https:\/\/turschwellenrampe.de\/wp-content\/uploads\/2021\/12\/1158_d01b21ca.png","width":1368,"height":1368},{"@type":"BreadcrumbList","@id":"https:\/\/turschwellenrampe.de\/de\/industriell\/ladeschienen\/ladeschiene-250-cm-400-kg-kapazitat\/#breadcrumb","itemListElement":[{"@type":"ListItem","position":1,"name":"Home","item":"https:\/\/turschwellenrampe.de\/de\/"},{"@type":"ListItem","position":2,"name":"Shop","item":"https:\/\/turschwellenrampe.de\/de\/geschaft\/"},{"@type":"ListItem","position":3,"name":"Ladeschiene &#8211; 250 cm (400 kg Kapazit\u00e4t)"}]},{"@type":"WebSite","@id":"https:\/\/turschwellenrampe.de\/de\/#website","url":"https:\/\/turschwellenrampe.de\/de\/","name":"Turschwellenrampe.de","description":"De Specialist in Toegankelijkheid","potentialAction":[{"@type":"SearchAction","target":{"@type":"EntryPoint","urlTemplate":"https:\/\/turschwellenrampe.de\/de\/?s={search_term_string}"},"query-input":{"@type":"PropertyValueSpecification","valueRequired":true,"valueName":"search_term_string"}}],"inLanguage":"de"}]}},"_links":{"self":[{"href":"https:\/\/turschwellenrampe.de\/de\/wp-json\/wp\/v2\/product\/12510","targetHints":{"allow":["GET"]}}],"collection":[{"href":"https:\/\/turschwellenrampe.de\/de\/wp-json\/wp\/v2\/product"}],"about":[{"href":"https:\/\/turschwellenrampe.de\/de\/wp-json\/wp\/v2\/types\/product"}],"replies":[{"embeddable":true,"href":"https:\/\/turschwellenrampe.de\/de\/wp-json\/wp\/v2\/comments?post=12510"}],"wp:featuredmedia":[{"embeddable":true,"href":"https:\/\/turschwellenrampe.de\/de\/wp-json\/wp\/v2\/media\/12333"}],"wp:attachment":[{"href":"https:\/\/turschwellenrampe.de\/de\/wp-json\/wp\/v2\/media?parent=12510"}],"wp:term":[{"taxonomy":"product_brand","embeddable":true,"href":"https:\/\/turschwellenrampe.de\/de\/wp-json\/wp\/v2\/product_brand?post=12510"},{"taxonomy":"product_cat","embeddable":true,"href":"https:\/\/turschwellenrampe.de\/de\/wp-json\/wp\/v2\/product_cat?post=12510"},{"taxonomy":"product_tag","embeddable":true,"href":"https:\/\/turschwellenrampe.de\/de\/wp-json\/wp\/v2\/product_tag?post=12510"}],"curies":[{"name":"wp","href":"https:\/\/api.w.org\/{rel}","templated":true}]}}