{"id":12503,"date":"2021-12-06T09:54:07","date_gmt":"2021-12-06T08:54:07","guid":{"rendered":"https:\/\/turschwellenrampe.de\/shop\/unkategorisiert\/anyramp-faltbare-rampe-200-cm-gitter\/"},"modified":"2025-04-11T10:57:11","modified_gmt":"2025-04-11T08:57:11","slug":"anyramp-faltbare-rampe-200-cm-gitter","status":"publish","type":"product","link":"https:\/\/turschwellenrampe.de\/de\/rollstuhlrampen\/faltbare-rollstuhlrampen\/anyramp-faltbare-rampe-200-cm-gitter\/","title":{"rendered":"Anyramp faltbare Rampe &#8211; 200 cm (Gitter)"},"content":{"rendered":"<p>Eine sehr leichte und rutschfeste mobile Rollstuhlrampe. Anyramp-Rampen sind 82 cm breiter als die durchschnittliche Rampe und eignen sich daher f\u00fcr eine Reihe von unterschiedlichen Anwendungen. Sie lassen sich mit einem einfachen Handgriff zusammenklappen und sind dank der extra gro\u00dfen Griffe leicht zu tragen.<\/p>\n<p><strong>Spezifikationen:<\/strong><\/p>\n<ul>\n<li>L\u00e4nge: 200 cm<\/li>\n<li>Gewicht: 21 kg<\/li>\n<li>Max. Belastung: 400 kg<\/li>\n<li>Innere Breite: 82 cm<\/li>\n<li>L\u00e4nge zusammengeklappt: 105 cm<\/li>\n<\/ul>\n","protected":false},"excerpt":{"rendered":"<p>Eine sehr leichte und rutschfeste mobile Rollstuhlrampe. Anyramp-Rampen sind 82 cm breiter als die durchschnittliche Rampe und eignen sich daher f\u00fcr eine Reihe von unterschiedlichen Anwendungen. Sie lassen sich mit einem einfachen Handgriff zusammenklappen und sind dank der extra gro\u00dfen Griffe leicht zu tragen.<\/p>\n<p><strong>Spezifikationen:<\/strong><\/p>\n<ul>\n<li>L\u00e4nge: 200 cm<\/li>\n<li>Gewicht: 21 kg<\/li>\n<li>Max. Belastung: 400 kg<\/li>\n<li>Innere Breite: 82 cm<\/li>\n<li>L\u00e4nge zusammengeklappt: 105 cm<\/li>\n<\/ul>\n","protected":false},"featured_media":12337,"comment_status":"open","ping_status":"closed","template":"","meta":[],"product_brand":[],"product_cat":[534],"product_tag":[],"class_list":{"0":"post-12503","1":"product","2":"type-product","3":"status-publish","4":"has-post-thumbnail","6":"product_cat-faltbare-rollstuhlrampen","8":"first","9":"instock","10":"taxable","11":"shipping-taxable","12":"purchasable","13":"product-type-simple"},"yoast_head":"<!-- This site is optimized with the Yoast SEO plugin v27.3 - https:\/\/yoast.com\/product\/yoast-seo-wordpress\/ -->\n<title>Anyramp faltbare Rampe - 200 cm (Gitter) - Turschwellenrampe.de<\/title>\n<meta name=\"robots\" content=\"index, follow, max-snippet:-1, max-image-preview:large, max-video-preview:-1\" \/>\n<link rel=\"canonical\" href=\"https:\/\/turschwellenrampe.de\/de\/rollstuhlrampen\/faltbare-rollstuhlrampen\/anyramp-faltbare-rampe-200-cm-gitter\/\" \/>\n<meta property=\"og:locale\" content=\"de_DE\" \/>\n<meta property=\"og:type\" content=\"article\" \/>\n<meta property=\"og:title\" content=\"Anyramp faltbare Rampe - 200 cm (Gitter) - Turschwellenrampe.de\" \/>\n<meta property=\"og:description\" content=\"Eine sehr leichte und rutschfeste mobile Rollstuhlrampe. Anyramp-Rampen sind 82 cm breiter als die durchschnittliche Rampe und eignen sich daher f\u00fcr eine Reihe von unterschiedlichen Anwendungen. Sie lassen sich mit einem einfachen Handgriff zusammenklappen und sind dank der extra gro\u00dfen Griffe leicht zu tragen. Spezifikationen:  L\u00e4nge: 200 cm  Gewicht: 21 kg  Max. Belastung: 400 kg  Innere Breite: 82 cm  L\u00e4nge zusammengeklappt: 105 cm\" \/>\n<meta property=\"og:url\" content=\"https:\/\/turschwellenrampe.de\/de\/rollstuhlrampen\/faltbare-rollstuhlrampen\/anyramp-faltbare-rampe-200-cm-gitter\/\" \/>\n<meta property=\"og:site_name\" content=\"Turschwellenrampe.de\" \/>\n<meta property=\"article:publisher\" content=\"https:\/\/www.facebook.com\/Drempelhulp\/\" \/>\n<meta property=\"article:modified_time\" content=\"2025-04-11T08:57:11+00:00\" \/>\n<meta property=\"og:image\" content=\"https:\/\/turschwellenrampe.de\/wp-content\/uploads\/2021\/12\/1159_d01b21ca.png\" \/>\n\t<meta property=\"og:image:width\" content=\"1368\" \/>\n\t<meta property=\"og:image:height\" content=\"1368\" \/>\n\t<meta property=\"og:image:type\" content=\"image\/png\" \/>\n<meta name=\"twitter:card\" content=\"summary_large_image\" \/>\n<script type=\"application\/ld+json\" class=\"yoast-schema-graph\">{\"@context\":\"https:\\\/\\\/schema.org\",\"@graph\":[{\"@type\":\"WebPage\",\"@id\":\"https:\\\/\\\/turschwellenrampe.de\\\/de\\\/rollstuhlrampen\\\/faltbare-rollstuhlrampen\\\/anyramp-faltbare-rampe-200-cm-gitter\\\/\",\"url\":\"https:\\\/\\\/turschwellenrampe.de\\\/de\\\/rollstuhlrampen\\\/faltbare-rollstuhlrampen\\\/anyramp-faltbare-rampe-200-cm-gitter\\\/\",\"name\":\"Anyramp faltbare Rampe - 200 cm (Gitter) - Turschwellenrampe.de\",\"isPartOf\":{\"@id\":\"https:\\\/\\\/turschwellenrampe.de\\\/de\\\/#website\"},\"primaryImageOfPage\":{\"@id\":\"https:\\\/\\\/turschwellenrampe.de\\\/de\\\/rollstuhlrampen\\\/faltbare-rollstuhlrampen\\\/anyramp-faltbare-rampe-200-cm-gitter\\\/#primaryimage\"},\"image\":{\"@id\":\"https:\\\/\\\/turschwellenrampe.de\\\/de\\\/rollstuhlrampen\\\/faltbare-rollstuhlrampen\\\/anyramp-faltbare-rampe-200-cm-gitter\\\/#primaryimage\"},\"thumbnailUrl\":\"https:\\\/\\\/turschwellenrampe.de\\\/wp-content\\\/uploads\\\/2021\\\/12\\\/1159_d01b21ca.png\",\"datePublished\":\"2021-12-06T08:54:07+00:00\",\"dateModified\":\"2025-04-11T08:57:11+00:00\",\"breadcrumb\":{\"@id\":\"https:\\\/\\\/turschwellenrampe.de\\\/de\\\/rollstuhlrampen\\\/faltbare-rollstuhlrampen\\\/anyramp-faltbare-rampe-200-cm-gitter\\\/#breadcrumb\"},\"inLanguage\":\"de\",\"potentialAction\":[{\"@type\":\"ReadAction\",\"target\":[\"https:\\\/\\\/turschwellenrampe.de\\\/de\\\/rollstuhlrampen\\\/faltbare-rollstuhlrampen\\\/anyramp-faltbare-rampe-200-cm-gitter\\\/\"]}]},{\"@type\":\"ImageObject\",\"inLanguage\":\"de\",\"@id\":\"https:\\\/\\\/turschwellenrampe.de\\\/de\\\/rollstuhlrampen\\\/faltbare-rollstuhlrampen\\\/anyramp-faltbare-rampe-200-cm-gitter\\\/#primaryimage\",\"url\":\"https:\\\/\\\/turschwellenrampe.de\\\/wp-content\\\/uploads\\\/2021\\\/12\\\/1159_d01b21ca.png\",\"contentUrl\":\"https:\\\/\\\/turschwellenrampe.de\\\/wp-content\\\/uploads\\\/2021\\\/12\\\/1159_d01b21ca.png\",\"width\":1368,\"height\":1368},{\"@type\":\"BreadcrumbList\",\"@id\":\"https:\\\/\\\/turschwellenrampe.de\\\/de\\\/rollstuhlrampen\\\/faltbare-rollstuhlrampen\\\/anyramp-faltbare-rampe-200-cm-gitter\\\/#breadcrumb\",\"itemListElement\":[{\"@type\":\"ListItem\",\"position\":1,\"name\":\"Home\",\"item\":\"https:\\\/\\\/turschwellenrampe.de\\\/de\\\/\"},{\"@type\":\"ListItem\",\"position\":2,\"name\":\"Shop\",\"item\":\"https:\\\/\\\/turschwellenrampe.de\\\/de\\\/geschaft\\\/\"},{\"@type\":\"ListItem\",\"position\":3,\"name\":\"Anyramp faltbare Rampe &#8211; 200 cm (Gitter)\"}]},{\"@type\":\"WebSite\",\"@id\":\"https:\\\/\\\/turschwellenrampe.de\\\/de\\\/#website\",\"url\":\"https:\\\/\\\/turschwellenrampe.de\\\/de\\\/\",\"name\":\"Turschwellenrampe.de\",\"description\":\"De Specialist in Toegankelijkheid\",\"potentialAction\":[{\"@type\":\"SearchAction\",\"target\":{\"@type\":\"EntryPoint\",\"urlTemplate\":\"https:\\\/\\\/turschwellenrampe.de\\\/de\\\/?s={search_term_string}\"},\"query-input\":{\"@type\":\"PropertyValueSpecification\",\"valueRequired\":true,\"valueName\":\"search_term_string\"}}],\"inLanguage\":\"de\"}]}<\/script>\n<!-- \/ Yoast SEO plugin. -->","yoast_head_json":{"title":"Anyramp faltbare Rampe - 200 cm (Gitter) - Turschwellenrampe.de","robots":{"index":"index","follow":"follow","max-snippet":"max-snippet:-1","max-image-preview":"max-image-preview:large","max-video-preview":"max-video-preview:-1"},"canonical":"https:\/\/turschwellenrampe.de\/de\/rollstuhlrampen\/faltbare-rollstuhlrampen\/anyramp-faltbare-rampe-200-cm-gitter\/","og_locale":"de_DE","og_type":"article","og_title":"Anyramp faltbare Rampe - 200 cm (Gitter) - Turschwellenrampe.de","og_description":"Eine sehr leichte und rutschfeste mobile Rollstuhlrampe. Anyramp-Rampen sind 82 cm breiter als die durchschnittliche Rampe und eignen sich daher f\u00fcr eine Reihe von unterschiedlichen Anwendungen. Sie lassen sich mit einem einfachen Handgriff zusammenklappen und sind dank der extra gro\u00dfen Griffe leicht zu tragen. Spezifikationen:  L\u00e4nge: 200 cm  Gewicht: 21 kg  Max. Belastung: 400 kg  Innere Breite: 82 cm  L\u00e4nge zusammengeklappt: 105 cm","og_url":"https:\/\/turschwellenrampe.de\/de\/rollstuhlrampen\/faltbare-rollstuhlrampen\/anyramp-faltbare-rampe-200-cm-gitter\/","og_site_name":"Turschwellenrampe.de","article_publisher":"https:\/\/www.facebook.com\/Drempelhulp\/","article_modified_time":"2025-04-11T08:57:11+00:00","og_image":[{"width":1368,"height":1368,"url":"https:\/\/turschwellenrampe.de\/wp-content\/uploads\/2021\/12\/1159_d01b21ca.png","type":"image\/png"}],"twitter_card":"summary_large_image","schema":{"@context":"https:\/\/schema.org","@graph":[{"@type":"WebPage","@id":"https:\/\/turschwellenrampe.de\/de\/rollstuhlrampen\/faltbare-rollstuhlrampen\/anyramp-faltbare-rampe-200-cm-gitter\/","url":"https:\/\/turschwellenrampe.de\/de\/rollstuhlrampen\/faltbare-rollstuhlrampen\/anyramp-faltbare-rampe-200-cm-gitter\/","name":"Anyramp faltbare Rampe - 200 cm (Gitter) - Turschwellenrampe.de","isPartOf":{"@id":"https:\/\/turschwellenrampe.de\/de\/#website"},"primaryImageOfPage":{"@id":"https:\/\/turschwellenrampe.de\/de\/rollstuhlrampen\/faltbare-rollstuhlrampen\/anyramp-faltbare-rampe-200-cm-gitter\/#primaryimage"},"image":{"@id":"https:\/\/turschwellenrampe.de\/de\/rollstuhlrampen\/faltbare-rollstuhlrampen\/anyramp-faltbare-rampe-200-cm-gitter\/#primaryimage"},"thumbnailUrl":"https:\/\/turschwellenrampe.de\/wp-content\/uploads\/2021\/12\/1159_d01b21ca.png","datePublished":"2021-12-06T08:54:07+00:00","dateModified":"2025-04-11T08:57:11+00:00","breadcrumb":{"@id":"https:\/\/turschwellenrampe.de\/de\/rollstuhlrampen\/faltbare-rollstuhlrampen\/anyramp-faltbare-rampe-200-cm-gitter\/#breadcrumb"},"inLanguage":"de","potentialAction":[{"@type":"ReadAction","target":["https:\/\/turschwellenrampe.de\/de\/rollstuhlrampen\/faltbare-rollstuhlrampen\/anyramp-faltbare-rampe-200-cm-gitter\/"]}]},{"@type":"ImageObject","inLanguage":"de","@id":"https:\/\/turschwellenrampe.de\/de\/rollstuhlrampen\/faltbare-rollstuhlrampen\/anyramp-faltbare-rampe-200-cm-gitter\/#primaryimage","url":"https:\/\/turschwellenrampe.de\/wp-content\/uploads\/2021\/12\/1159_d01b21ca.png","contentUrl":"https:\/\/turschwellenrampe.de\/wp-content\/uploads\/2021\/12\/1159_d01b21ca.png","width":1368,"height":1368},{"@type":"BreadcrumbList","@id":"https:\/\/turschwellenrampe.de\/de\/rollstuhlrampen\/faltbare-rollstuhlrampen\/anyramp-faltbare-rampe-200-cm-gitter\/#breadcrumb","itemListElement":[{"@type":"ListItem","position":1,"name":"Home","item":"https:\/\/turschwellenrampe.de\/de\/"},{"@type":"ListItem","position":2,"name":"Shop","item":"https:\/\/turschwellenrampe.de\/de\/geschaft\/"},{"@type":"ListItem","position":3,"name":"Anyramp faltbare Rampe &#8211; 200 cm (Gitter)"}]},{"@type":"WebSite","@id":"https:\/\/turschwellenrampe.de\/de\/#website","url":"https:\/\/turschwellenrampe.de\/de\/","name":"Turschwellenrampe.de","description":"De Specialist in Toegankelijkheid","potentialAction":[{"@type":"SearchAction","target":{"@type":"EntryPoint","urlTemplate":"https:\/\/turschwellenrampe.de\/de\/?s={search_term_string}"},"query-input":{"@type":"PropertyValueSpecification","valueRequired":true,"valueName":"search_term_string"}}],"inLanguage":"de"}]}},"_links":{"self":[{"href":"https:\/\/turschwellenrampe.de\/de\/wp-json\/wp\/v2\/product\/12503","targetHints":{"allow":["GET"]}}],"collection":[{"href":"https:\/\/turschwellenrampe.de\/de\/wp-json\/wp\/v2\/product"}],"about":[{"href":"https:\/\/turschwellenrampe.de\/de\/wp-json\/wp\/v2\/types\/product"}],"replies":[{"embeddable":true,"href":"https:\/\/turschwellenrampe.de\/de\/wp-json\/wp\/v2\/comments?post=12503"}],"wp:featuredmedia":[{"embeddable":true,"href":"https:\/\/turschwellenrampe.de\/de\/wp-json\/wp\/v2\/media\/12337"}],"wp:attachment":[{"href":"https:\/\/turschwellenrampe.de\/de\/wp-json\/wp\/v2\/media?parent=12503"}],"wp:term":[{"taxonomy":"product_brand","embeddable":true,"href":"https:\/\/turschwellenrampe.de\/de\/wp-json\/wp\/v2\/product_brand?post=12503"},{"taxonomy":"product_cat","embeddable":true,"href":"https:\/\/turschwellenrampe.de\/de\/wp-json\/wp\/v2\/product_cat?post=12503"},{"taxonomy":"product_tag","embeddable":true,"href":"https:\/\/turschwellenrampe.de\/de\/wp-json\/wp\/v2\/product_tag?post=12503"}],"curies":[{"name":"wp","href":"https:\/\/api.w.org\/{rel}","templated":true}]}}