{"id":12498,"date":"2021-12-10T16:35:29","date_gmt":"2021-12-10T15:35:29","guid":{"rendered":"https:\/\/turschwellenrampe.de\/shop\/unkategorisiert\/klappbare-einbaurampe-222-cm\/"},"modified":"2024-01-18T16:13:47","modified_gmt":"2024-01-18T15:13:47","slug":"klappbare-einbaurampe-222-cm","status":"publish","type":"product","link":"https:\/\/turschwellenrampe.de\/de\/rollstuhlrampen\/klappbare-einbaurampen\/klappbare-einbaurampe-222-cm\/","title":{"rendered":"Klappbare Einbaurampe &#8211; 222 cm"},"content":{"rendered":"<p>Diese zweiteiligen Einbaurampen sind leicht zu handhaben und lassen sich schnell zusammenklappen. Die einzigartige Oberfl\u00e4chenbeschichtung sorgt f\u00fcr einen sehr guten Halt und macht das Be- und Entladen einfach und sicher. Die perforierte Oberfl\u00e4che der Rampe erm\u00f6glicht es dem Fahrer, im R\u00fcckspiegel durch die erh\u00f6hte Rampe zu sehen. Mit der mitgelieferten Adapterplatte k\u00f6nnen Sie Ihre Einbaurampe einfach und schnell an Ihrem Fahrzeug montieren.<\/p>\n<p><strong>Spezifikationen:<\/strong><\/p>\n<ul>\n<li>Ausgefahrene L\u00e4nge: 222 cm<\/li>\n<li>Gewicht: 26 kg<\/li>\n<li>Max. Belastung: 400 kg<\/li>\n<li>Innere Breite: 82 cm<\/li>\n<li>H\u00f6he zusammengeklappt: 122 cm<\/li>\n<\/ul>\n<p><iframe title=\"YouTube video player\" src=\"https:\/\/www.youtube.com\/embed\/Hq3LTbmfwEQ\" width=\"560\" height=\"315\" frameborder=\"0\" allowfullscreen=\"allowfullscreen\"><\/iframe><\/p>\n","protected":false},"excerpt":{"rendered":"<p>Diese zweiteiligen Einbaurampen sind leicht zu handhaben und lassen sich schnell zusammenklappen. Die einzigartige Oberfl\u00e4chenbeschichtung sorgt f\u00fcr einen sehr guten Halt und macht das Be- und Entladen einfach und sicher. Die perforierte Oberfl\u00e4che der Rampe erm\u00f6glicht es dem Fahrer, im R\u00fcckspiegel durch die erh\u00f6hte Rampe zu sehen. Mit der mitgelieferten Adapterplatte k\u00f6nnen Sie Ihre Einbaurampe einfach und schnell an Ihrem Fahrzeug montieren.<\/p>\n<p><strong>Spezifikationen:<\/strong><\/p>\n<ul>\n<li>Ausgefahrene L\u00e4nge: 222 cm<\/li>\n<li>Gewicht: 26 kg<\/li>\n<li>Max. Belastung: 400 kg<\/li>\n<li>Innere Breite: 82 cm<\/li>\n<li>H\u00f6he zusammengeklappt: 122 cm<\/li>\n<\/ul>\n","protected":false},"featured_media":12338,"comment_status":"open","ping_status":"closed","template":"","meta":[],"product_brand":[],"product_cat":[537],"product_tag":[],"class_list":{"0":"post-12498","1":"product","2":"type-product","3":"status-publish","4":"has-post-thumbnail","6":"product_cat-klappbare-einbaurampen","8":"first","9":"instock","10":"taxable","11":"shipping-taxable","12":"product-type-simple"},"yoast_head":"<!-- This site is optimized with the Yoast SEO plugin v27.5 - https:\/\/yoast.com\/product\/yoast-seo-wordpress\/ -->\n<title>Klappbare Einbaurampe - 222 cm - Turschwellenrampe.de<\/title>\n<meta name=\"robots\" content=\"index, follow, max-snippet:-1, max-image-preview:large, max-video-preview:-1\" \/>\n<link rel=\"canonical\" href=\"https:\/\/turschwellenrampe.de\/de\/rollstuhlrampen\/klappbare-einbaurampen\/klappbare-einbaurampe-222-cm\/\" \/>\n<meta property=\"og:locale\" content=\"de_DE\" \/>\n<meta property=\"og:type\" content=\"article\" \/>\n<meta property=\"og:title\" content=\"Klappbare Einbaurampe - 222 cm - Turschwellenrampe.de\" \/>\n<meta property=\"og:description\" content=\"Diese zweiteiligen Einbaurampen sind leicht zu handhaben und lassen sich schnell zusammenklappen. Die einzigartige Oberfl\u00e4chenbeschichtung sorgt f\u00fcr einen sehr guten Halt und macht das Be- und Entladen einfach und sicher. Die perforierte Oberfl\u00e4che der Rampe erm\u00f6glicht es dem Fahrer, im R\u00fcckspiegel durch die erh\u00f6hte Rampe zu sehen. Mit der mitgelieferten Adapterplatte k\u00f6nnen Sie Ihre Einbaurampe einfach und schnell an Ihrem Fahrzeug montieren. Spezifikationen:  Ausgefahrene L\u00e4nge: 222 cm  Gewicht: 26 kg  Max. Belastung: 400 kg  Innere Breite: 82 cm  H\u00f6he zusammengeklappt: 122 cm\" \/>\n<meta property=\"og:url\" content=\"https:\/\/turschwellenrampe.de\/de\/rollstuhlrampen\/klappbare-einbaurampen\/klappbare-einbaurampe-222-cm\/\" \/>\n<meta property=\"og:site_name\" content=\"Turschwellenrampe.de\" \/>\n<meta property=\"article:publisher\" content=\"https:\/\/www.facebook.com\/Drempelhulp\/\" \/>\n<meta property=\"article:modified_time\" content=\"2024-01-18T15:13:47+00:00\" \/>\n<meta property=\"og:image\" content=\"https:\/\/turschwellenrampe.de\/wp-content\/uploads\/2021\/12\/EEN-EN1.jpg\" \/>\n\t<meta property=\"og:image:width\" content=\"1370\" \/>\n\t<meta property=\"og:image:height\" content=\"1370\" \/>\n\t<meta property=\"og:image:type\" content=\"image\/jpeg\" \/>\n<meta name=\"twitter:card\" content=\"summary_large_image\" \/>\n<script type=\"application\/ld+json\" class=\"yoast-schema-graph\">{\"@context\":\"https:\\\/\\\/schema.org\",\"@graph\":[{\"@type\":\"WebPage\",\"@id\":\"https:\\\/\\\/turschwellenrampe.de\\\/de\\\/rollstuhlrampen\\\/klappbare-einbaurampen\\\/klappbare-einbaurampe-222-cm\\\/\",\"url\":\"https:\\\/\\\/turschwellenrampe.de\\\/de\\\/rollstuhlrampen\\\/klappbare-einbaurampen\\\/klappbare-einbaurampe-222-cm\\\/\",\"name\":\"Klappbare Einbaurampe - 222 cm - Turschwellenrampe.de\",\"isPartOf\":{\"@id\":\"https:\\\/\\\/turschwellenrampe.de\\\/de\\\/#website\"},\"primaryImageOfPage\":{\"@id\":\"https:\\\/\\\/turschwellenrampe.de\\\/de\\\/rollstuhlrampen\\\/klappbare-einbaurampen\\\/klappbare-einbaurampe-222-cm\\\/#primaryimage\"},\"image\":{\"@id\":\"https:\\\/\\\/turschwellenrampe.de\\\/de\\\/rollstuhlrampen\\\/klappbare-einbaurampen\\\/klappbare-einbaurampe-222-cm\\\/#primaryimage\"},\"thumbnailUrl\":\"https:\\\/\\\/turschwellenrampe.de\\\/wp-content\\\/uploads\\\/2021\\\/12\\\/EEN-EN1.jpg\",\"datePublished\":\"2021-12-10T15:35:29+00:00\",\"dateModified\":\"2024-01-18T15:13:47+00:00\",\"breadcrumb\":{\"@id\":\"https:\\\/\\\/turschwellenrampe.de\\\/de\\\/rollstuhlrampen\\\/klappbare-einbaurampen\\\/klappbare-einbaurampe-222-cm\\\/#breadcrumb\"},\"inLanguage\":\"de\",\"potentialAction\":[{\"@type\":\"ReadAction\",\"target\":[\"https:\\\/\\\/turschwellenrampe.de\\\/de\\\/rollstuhlrampen\\\/klappbare-einbaurampen\\\/klappbare-einbaurampe-222-cm\\\/\"]}]},{\"@type\":\"ImageObject\",\"inLanguage\":\"de\",\"@id\":\"https:\\\/\\\/turschwellenrampe.de\\\/de\\\/rollstuhlrampen\\\/klappbare-einbaurampen\\\/klappbare-einbaurampe-222-cm\\\/#primaryimage\",\"url\":\"https:\\\/\\\/turschwellenrampe.de\\\/wp-content\\\/uploads\\\/2021\\\/12\\\/EEN-EN1.jpg\",\"contentUrl\":\"https:\\\/\\\/turschwellenrampe.de\\\/wp-content\\\/uploads\\\/2021\\\/12\\\/EEN-EN1.jpg\",\"width\":1370,\"height\":1370},{\"@type\":\"BreadcrumbList\",\"@id\":\"https:\\\/\\\/turschwellenrampe.de\\\/de\\\/rollstuhlrampen\\\/klappbare-einbaurampen\\\/klappbare-einbaurampe-222-cm\\\/#breadcrumb\",\"itemListElement\":[{\"@type\":\"ListItem\",\"position\":1,\"name\":\"Home\",\"item\":\"https:\\\/\\\/turschwellenrampe.de\\\/de\\\/\"},{\"@type\":\"ListItem\",\"position\":2,\"name\":\"Shop\",\"item\":\"https:\\\/\\\/turschwellenrampe.de\\\/de\\\/geschaft\\\/\"},{\"@type\":\"ListItem\",\"position\":3,\"name\":\"Klappbare Einbaurampe &#8211; 222 cm\"}]},{\"@type\":\"WebSite\",\"@id\":\"https:\\\/\\\/turschwellenrampe.de\\\/de\\\/#website\",\"url\":\"https:\\\/\\\/turschwellenrampe.de\\\/de\\\/\",\"name\":\"Turschwellenrampe.de\",\"description\":\"De Specialist in Toegankelijkheid\",\"potentialAction\":[{\"@type\":\"SearchAction\",\"target\":{\"@type\":\"EntryPoint\",\"urlTemplate\":\"https:\\\/\\\/turschwellenrampe.de\\\/de\\\/?s={search_term_string}\"},\"query-input\":{\"@type\":\"PropertyValueSpecification\",\"valueRequired\":true,\"valueName\":\"search_term_string\"}}],\"inLanguage\":\"de\"}]}<\/script>\n<!-- \/ Yoast SEO plugin. -->","yoast_head_json":{"title":"Klappbare Einbaurampe - 222 cm - Turschwellenrampe.de","robots":{"index":"index","follow":"follow","max-snippet":"max-snippet:-1","max-image-preview":"max-image-preview:large","max-video-preview":"max-video-preview:-1"},"canonical":"https:\/\/turschwellenrampe.de\/de\/rollstuhlrampen\/klappbare-einbaurampen\/klappbare-einbaurampe-222-cm\/","og_locale":"de_DE","og_type":"article","og_title":"Klappbare Einbaurampe - 222 cm - Turschwellenrampe.de","og_description":"Diese zweiteiligen Einbaurampen sind leicht zu handhaben und lassen sich schnell zusammenklappen. Die einzigartige Oberfl\u00e4chenbeschichtung sorgt f\u00fcr einen sehr guten Halt und macht das Be- und Entladen einfach und sicher. Die perforierte Oberfl\u00e4che der Rampe erm\u00f6glicht es dem Fahrer, im R\u00fcckspiegel durch die erh\u00f6hte Rampe zu sehen. Mit der mitgelieferten Adapterplatte k\u00f6nnen Sie Ihre Einbaurampe einfach und schnell an Ihrem Fahrzeug montieren. Spezifikationen:  Ausgefahrene L\u00e4nge: 222 cm  Gewicht: 26 kg  Max. Belastung: 400 kg  Innere Breite: 82 cm  H\u00f6he zusammengeklappt: 122 cm","og_url":"https:\/\/turschwellenrampe.de\/de\/rollstuhlrampen\/klappbare-einbaurampen\/klappbare-einbaurampe-222-cm\/","og_site_name":"Turschwellenrampe.de","article_publisher":"https:\/\/www.facebook.com\/Drempelhulp\/","article_modified_time":"2024-01-18T15:13:47+00:00","og_image":[{"width":1370,"height":1370,"url":"https:\/\/turschwellenrampe.de\/wp-content\/uploads\/2021\/12\/EEN-EN1.jpg","type":"image\/jpeg"}],"twitter_card":"summary_large_image","schema":{"@context":"https:\/\/schema.org","@graph":[{"@type":"WebPage","@id":"https:\/\/turschwellenrampe.de\/de\/rollstuhlrampen\/klappbare-einbaurampen\/klappbare-einbaurampe-222-cm\/","url":"https:\/\/turschwellenrampe.de\/de\/rollstuhlrampen\/klappbare-einbaurampen\/klappbare-einbaurampe-222-cm\/","name":"Klappbare Einbaurampe - 222 cm - Turschwellenrampe.de","isPartOf":{"@id":"https:\/\/turschwellenrampe.de\/de\/#website"},"primaryImageOfPage":{"@id":"https:\/\/turschwellenrampe.de\/de\/rollstuhlrampen\/klappbare-einbaurampen\/klappbare-einbaurampe-222-cm\/#primaryimage"},"image":{"@id":"https:\/\/turschwellenrampe.de\/de\/rollstuhlrampen\/klappbare-einbaurampen\/klappbare-einbaurampe-222-cm\/#primaryimage"},"thumbnailUrl":"https:\/\/turschwellenrampe.de\/wp-content\/uploads\/2021\/12\/EEN-EN1.jpg","datePublished":"2021-12-10T15:35:29+00:00","dateModified":"2024-01-18T15:13:47+00:00","breadcrumb":{"@id":"https:\/\/turschwellenrampe.de\/de\/rollstuhlrampen\/klappbare-einbaurampen\/klappbare-einbaurampe-222-cm\/#breadcrumb"},"inLanguage":"de","potentialAction":[{"@type":"ReadAction","target":["https:\/\/turschwellenrampe.de\/de\/rollstuhlrampen\/klappbare-einbaurampen\/klappbare-einbaurampe-222-cm\/"]}]},{"@type":"ImageObject","inLanguage":"de","@id":"https:\/\/turschwellenrampe.de\/de\/rollstuhlrampen\/klappbare-einbaurampen\/klappbare-einbaurampe-222-cm\/#primaryimage","url":"https:\/\/turschwellenrampe.de\/wp-content\/uploads\/2021\/12\/EEN-EN1.jpg","contentUrl":"https:\/\/turschwellenrampe.de\/wp-content\/uploads\/2021\/12\/EEN-EN1.jpg","width":1370,"height":1370},{"@type":"BreadcrumbList","@id":"https:\/\/turschwellenrampe.de\/de\/rollstuhlrampen\/klappbare-einbaurampen\/klappbare-einbaurampe-222-cm\/#breadcrumb","itemListElement":[{"@type":"ListItem","position":1,"name":"Home","item":"https:\/\/turschwellenrampe.de\/de\/"},{"@type":"ListItem","position":2,"name":"Shop","item":"https:\/\/turschwellenrampe.de\/de\/geschaft\/"},{"@type":"ListItem","position":3,"name":"Klappbare Einbaurampe &#8211; 222 cm"}]},{"@type":"WebSite","@id":"https:\/\/turschwellenrampe.de\/de\/#website","url":"https:\/\/turschwellenrampe.de\/de\/","name":"Turschwellenrampe.de","description":"De Specialist in Toegankelijkheid","potentialAction":[{"@type":"SearchAction","target":{"@type":"EntryPoint","urlTemplate":"https:\/\/turschwellenrampe.de\/de\/?s={search_term_string}"},"query-input":{"@type":"PropertyValueSpecification","valueRequired":true,"valueName":"search_term_string"}}],"inLanguage":"de"}]}},"_links":{"self":[{"href":"https:\/\/turschwellenrampe.de\/de\/wp-json\/wp\/v2\/product\/12498","targetHints":{"allow":["GET"]}}],"collection":[{"href":"https:\/\/turschwellenrampe.de\/de\/wp-json\/wp\/v2\/product"}],"about":[{"href":"https:\/\/turschwellenrampe.de\/de\/wp-json\/wp\/v2\/types\/product"}],"replies":[{"embeddable":true,"href":"https:\/\/turschwellenrampe.de\/de\/wp-json\/wp\/v2\/comments?post=12498"}],"wp:featuredmedia":[{"embeddable":true,"href":"https:\/\/turschwellenrampe.de\/de\/wp-json\/wp\/v2\/media\/12338"}],"wp:attachment":[{"href":"https:\/\/turschwellenrampe.de\/de\/wp-json\/wp\/v2\/media?parent=12498"}],"wp:term":[{"taxonomy":"product_brand","embeddable":true,"href":"https:\/\/turschwellenrampe.de\/de\/wp-json\/wp\/v2\/product_brand?post=12498"},{"taxonomy":"product_cat","embeddable":true,"href":"https:\/\/turschwellenrampe.de\/de\/wp-json\/wp\/v2\/product_cat?post=12498"},{"taxonomy":"product_tag","embeddable":true,"href":"https:\/\/turschwellenrampe.de\/de\/wp-json\/wp\/v2\/product_tag?post=12498"}],"curies":[{"name":"wp","href":"https:\/\/api.w.org\/{rel}","templated":true}]}}